{"id":3824,"date":"2024-07-16T07:43:04","date_gmt":"2024-07-16T07:43:04","guid":{"rendered":"https:\/\/ufec-mundial.com\/?page_id=3824"},"modified":"2025-05-23T09:42:27","modified_gmt":"2025-05-23T09:42:27","slug":"una-mirada-consoladora-a-la-depresion","status":"publish","type":"page","link":"https:\/\/nuevo-renacer.com\/fr\/una-mirada-consoladora-a-la-depresion\/","title":{"rendered":"Un regard r\u00e9confortant \u00e0 la d\u00e9pression"},"content":{"rendered":"<div class=\"wp-block-uagb-container uagb-block-6d2a2975 alignfull uagb-is-root-container\"><div class=\"uagb-container-inner-blocks-wrap\">\n<p class=\"has-black-color has-text-color has-link-color has-medium-font-size wp-elements-ff5d12c74633d9908723d4b0ce5d092b\"><strong>Un regard r\u00e9confortant \u00e0 la d\u00e9pression<\/strong><\/p>\n<\/div><\/div>\n\n\n\n<div class=\"wp-block-uagb-container uagb-block-a9fae335 alignfull uagb-is-root-container\"><div class=\"uagb-container-inner-blocks-wrap\">\n<figure class=\"wp-block-image size-full is-resized\"><img fetchpriority=\"high\" decoding=\"async\" width=\"626\" height=\"417\" src=\"https:\/\/nuevo-renacer.com\/wp-content\/uploads\/2024\/07\/depression-abstract-background_982005-26827.avif\" alt=\"\" class=\"wp-image-3825\" style=\"width:290px;height:auto\"\/><\/figure>\n<\/div><\/div>\n\n\n\n<div class=\"wp-block-uagb-container uagb-block-7c190c4b alignfull uagb-is-root-container\"><div class=\"uagb-container-inner-blocks-wrap\">\n<p class=\"has-black-color has-text-color has-link-color has-small-font-size wp-elements-07488a44c00cab4932efbb1a0cb06f68\">Il y a beaucoup de pr\u00e9jug\u00e9s \u00e0 l&#039;encontre des personnes qui souffrent de troubles mentaux. La d\u00e9pression est l&#039;un d&#039;entre eux. C&#039;est une maladie qui n\u00e9cessite un traitement m\u00e9dical et ne se gu\u00e9rit pas. Une personne d\u00e9prim\u00e9e a des p\u00e9riodes de hauts et des bas dans votre vie quotidienne. L&#039;id\u00e9al est que le traitement est effectu\u00e9 dans un cadre pluridisciplinaire. Une th\u00e9rapie avec un psychologue, un suivi avec un psychiatre car il existe des cas de m\u00e9dicaments, l&#039;activit\u00e9 physique r\u00e9guli\u00e8re, une alimentation saine, et d&#039;un g\u00e9n\u00e9reux r\u00e9seau de soutien. Cependant, pas tout le monde a acc\u00e8s. Parfois, la personne a les moyens financiers, d&#039;assurance sant\u00e9, mais le contexte de la famille n&#039;aide pas. Il y a des cas dans lesquels la personne est un adulte, et la d\u00e9pression peut incapacitarla, l&#039;origine d&#039;une absence de travail et en la laissant incapable d&#039;offrir un traitement appropri\u00e9.<\/p>\n\n\n\n<p class=\"has-black-color has-text-color has-link-color has-small-font-size wp-elements-960bc9ac4e8b6414b1c3aae3b88d59d2\"><strong>Comment la Doctrine Spirite de confort une personne souffrant de d\u00e9pression?<\/strong><\/p>\n\n\n\n<p class=\"has-black-color has-text-color has-link-color has-small-font-size wp-elements-e4e789dc4fb14725670b5f3c97336fdd\">En premier lieu, il est important de mentionner qu&#039;\u00e0 aller dans un Centre Spirite seulement de comprendre pourquoi ils sont d\u00e9prim\u00e9s peuvent conduire \u00e0 la frustration. Dans une situation dans laquelle nous sommes \u00e0 la souffrance et la douleur est dans l&#039;\u00e2me \u2013 le baume est diff\u00e9rent. Peut-\u00eatre que c&#039;est pourquoi les gens sont \u00e0 la recherche d&#039;un Centre Spirite. Cependant, la Doctrine Spirite cherche \u00e0 lever le voile de la victimisation et de l&#039;externalisation de la bl\u00e2mer. Les malheurs de la vie ne sont pas des p\u00e9nitences \u00e9ternelle. Quand on regarde la d\u00e9pression, avec un regard de mis\u00e9ricorde, nous le voyons comme un d\u00e9sert qui s&#039;ex\u00e9cute par le biais de notre \u00e2me. Et qui veut contempler le vide? Qui veut voir le dim reflet de l&#039;\u00e2me? Parfois, de fa\u00e7on m\u00e9taphorique, nous devons nous pr\u00e9parer pour la d\u00e9pression d&#039;un caf\u00e9 dans l&#039;apr\u00e8s-midi, prendre une chaise pour s&#039;asseoir, faire cuire un g\u00e2teau, mettre la table avec nos meilleurs chemin\u00e9e et le chat.<\/p>\n\n\n\n<p class=\"has-black-color has-text-color has-link-color has-small-font-size wp-elements-999cb4ff2cbb8ffddb56e05c611659a7\">La doctrina esp\u00edrita no fomenta la huida ni glorifica el problema. \u00bfCu\u00e1l es el camino del medio? El autoconocimiento a trav\u00e9s de la reforma \u00edntima. Si no puede hacerlo solo, el Centro Esp\u00edrita puede serle de gran ayuda. De hecho, un Centro Esp\u00edrita ofrece tratamiento espiritual. Pero antes, una conversaci\u00f3n fraterna y asesoramiento con el fin de disciplinar su asistencia para asistir a las conferencias y recibir el beneficio del pase. Se recomienda el estudio en grupo de las obras espiritistas. La literatura esp\u00edrita es vasta, con obras que tratan de la depresi\u00f3n. Sin embargo, est\u00e1 claro que es necesario un movimiento. Buscar la mejora. El papel del Espiritismo no es se\u00f1alar culpables o inocentes, v\u00edctimas o verdugos. No hay lugar para juicios. \u00abProponer una cura, o al menos ponerse a disposici\u00f3n del progreso, es tambi\u00e9n descubrirse de nuevo, conocer y desvelar territorios a\u00fan desconocidos dentro de uno mismo.<\/p>\n\n\n\n<p class=\"has-black-color has-text-color has-link-color has-small-font-size wp-elements-342d0f3d6005125239a43763ac21befe\"><strong>Que faire dans les moments de rechute, lorsque la d\u00e9pression semble \u00eatre plus forte que la volont\u00e9 de se battre?<\/strong><\/p>\n\n\n\n<p class=\"has-black-color has-text-color has-link-color has-small-font-size wp-elements-9d49ba19aa100c9b7b7f5d62081a2140\">Il est recommand\u00e9 de prier. La pri\u00e8re est l&#039;aide de l&#039;\u00e2me vers le Ciel. L&#039;\u00eatre humain a dans son int\u00e9rieur un r\u00e9seau invisible qui vous connecte avec le Cr\u00e9ateur. Cette communication est libre et direct. Et si vous ne vous sentez pas digne, vous pouvez recourir \u00e0 la Bonne humeur d&#039;interc\u00e9der pour vous. Personne n&#039;est laiss\u00e9 sans soutien.<\/p>\n\n\n\n<p class=\"has-black-color has-text-color has-link-color has-small-font-size wp-elements-33ea7d0c09d55207646106a8a24ccd89\">Les Lectures Esp\u00edritas sont \u00e9clairantes. L&#039;auteur Rossano Sobrinho, dans son livre Le Prisonnier des T\u00e9n\u00e8bres, traite de ce sujet. Si simple, il nous montre que, malheureusement, quand nous permettons \u00e0 l&#039;Esprit d&#039;\u00eatre domin\u00e9 par le corps, c&#039;est en descente, mais si nous permettons \u00e0 l&#039;organisme d&#039;\u00eatre conduit par l&#039;Esprit, realinearemos le chemin de l&#039;auto-illumination.<\/p>\n\n\n\n<div class=\"wp-block-group is-layout-constrained wp-block-group-is-layout-constrained\">\n<p class=\"has-black-color has-text-color has-link-color has-small-font-size wp-elements-6167cab77730af84b4427348dd9c1d36\">Toujours sur le th\u00e8me de la d\u00e9pression, l&#039;auteur enseigne:<\/p>\n\n\n\n<p class=\"has-black-color has-text-color has-link-color has-small-font-size wp-elements-466e6a0b99cce5b6f978e24c813d93c3\">\u00abDesde un punto de vista psicoespiritual, un depresivo es alguien atrapado en el pasado, en pensamientos tortuosos, a menudo repetitivos, en angustiosas dudas, inseguridades, fobias, traumas y apegos. Quien vive en el pasado pierde su conexi\u00f3n con la vida, que s\u00f3lo se realiza en el ahora, en el momento presente\u00bb<\/p>\n<\/div>\n\n\n\n<p class=\"has-black-color has-text-color has-link-color has-small-font-size wp-elements-d85be8859650a44b06a6fd2ed28407cd\">Il est difficile de traiter avec la d\u00e9pression, c&#039;est pourquoi la Doctrine Spirite n&#039;exclut pas les soins de sant\u00e9 ou les pratiques th\u00e9rapeutiques. La proposition consiste \u00e0 connecter avec Dieu, pour conna\u00eetre l&#039;\u00c9vangile de J\u00e9sus, qui est venu sur la Terre, en particulier pour les malades, les afflig\u00e9s et fatigu\u00e9. J\u00e9sus est le mod\u00e8le d&#039;un homme envoy\u00e9 par le Cr\u00e9ateur, et il a connu l&#039;amour, la charit\u00e9, l&#039;amiti\u00e9, la trahison et la mort de notre plan\u00e8te. Lorsque J\u00e9sus dit qu&#039;il a vaincu le monde, battre la mat\u00e9rialit\u00e9. S&#039;est av\u00e9r\u00e9 \u00eatre notre Esprit lib\u00e9r\u00e9 et \u00e9ternelle. Nous devons apprendre \u00e0 faire confiance au Ma\u00eetre.<\/p>\n\n\n\n<p class=\"has-black-color has-text-color has-link-color has-small-font-size wp-elements-e45afda9f69974e675589782aa1f7946\">Les leurs sont les mots de ramasser nos croix et marcher avec Lui. Le v\u00f4tre est l&#039;invitation du Sermon sur la montagne que nous allons trouver en Lui le point d&#039;appui dans les adversit\u00e9s de la vie. Prendre possession de la paix de l&#039;Enseignant de Nazareth.<\/p>\n<\/div><\/div>\n\n\n\n<div class=\"wp-block-uagb-container uagb-block-99711a6d alignfull uagb-is-root-container\"><div class=\"uagb-container-inner-blocks-wrap\"><\/div><\/div>\n\n\n\n<div class=\"wp-block-uagb-container uagb-block-e2122781 alignfull uagb-is-root-container\"><div class=\"uagb-container-inner-blocks-wrap\"><\/div><\/div>","protected":false},"excerpt":{"rendered":"<p>Una mirada consoladora a la depresi\u00f3n Hay muchos prejuicios contra las personas que sufren trastornos mentales. La depresi\u00f3n es uno de ellos. Es una enfermedad que requiere tratamiento m\u00e9dico y no tiene cura. Una persona deprimida tiene periodos de altibajos en su vida diaria. Lo ideal es que el tratamiento se lleve a cabo de [&hellip;]<\/p>","protected":false},"author":1,"featured_media":3825,"parent":0,"menu_order":0,"comment_status":"closed","ping_status":"closed","template":"","meta":{"_uag_custom_page_level_css":"","site-sidebar-layout":"default","site-content-layout":"","ast-site-content-layout":"default","site-content-style":"default","site-sidebar-style":"default","ast-global-header-display":"","ast-banner-title-visibility":"","ast-main-header-display":"","ast-hfb-above-header-display":"","ast-hfb-below-header-display":"","ast-hfb-mobile-header-display":"","site-post-title":"disabled","ast-breadcrumbs-content":"","ast-featured-img":"","footer-sml-layout":"","theme-transparent-header-meta":"","adv-header-id-meta":"","stick-header-meta":"","header-above-stick-meta":"","header-main-stick-meta":"","header-below-stick-meta":"","astra-migrate-meta-layouts":"set","ast-page-background-enabled":"default","ast-page-background-meta":{"desktop":{"background-color":"var(--ast-global-color-4)","background-image":"","background-repeat":"repeat","background-position":"center center","background-size":"auto","background-attachment":"scroll","background-type":"","background-media":"","overlay-type":"","overlay-color":"","overlay-opacity":"","overlay-gradient":""},"tablet":{"background-color":"","background-image":"","background-repeat":"repeat","background-position":"center center","background-size":"auto","background-attachment":"scroll","background-type":"","background-media":"","overlay-type":"","overlay-color":"","overlay-opacity":"","overlay-gradient":""},"mobile":{"background-color":"","background-image":"","background-repeat":"repeat","background-position":"center center","background-size":"auto","background-attachment":"scroll","background-type":"","background-media":"","overlay-type":"","overlay-color":"","overlay-opacity":"","overlay-gradient":""}},"ast-content-background-meta":{"desktop":{"background-color":"var(--ast-global-color-5)","background-image":"","background-repeat":"repeat","background-position":"center center","background-size":"auto","background-attachment":"scroll","background-type":"","background-media":"","overlay-type":"","overlay-color":"","overlay-opacity":"","overlay-gradient":""},"tablet":{"background-color":"var(--ast-global-color-5)","background-image":"","background-repeat":"repeat","background-position":"center center","background-size":"auto","background-attachment":"scroll","background-type":"","background-media":"","overlay-type":"","overlay-color":"","overlay-opacity":"","overlay-gradient":""},"mobile":{"background-color":"var(--ast-global-color-5)","background-image":"","background-repeat":"repeat","background-position":"center center","background-size":"auto","background-attachment":"scroll","background-type":"","background-media":"","overlay-type":"","overlay-color":"","overlay-opacity":"","overlay-gradient":""}},"footnotes":""},"class_list":["post-3824","page","type-page","status-publish","has-post-thumbnail","hentry"],"yoast_head":"<!-- This site is optimized with the Yoast SEO Premium plugin v24.2 (Yoast SEO v24.6) - https:\/\/yoast.com\/wordpress\/plugins\/seo\/ -->\n<title>Una mirada consoladora a la depresi\u00f3n - Uni\u00f3n Esp\u00edrita<\/title>\n<meta name=\"robots\" content=\"index, follow, max-snippet:-1, max-image-preview:large, max-video-preview:-1\" \/>\n<link rel=\"canonical\" href=\"https:\/\/nuevo-renacer.com\/fr\/una-mirada-consoladora-a-la-depresion\/\" \/>\n<meta property=\"og:locale\" content=\"fr_FR\" \/>\n<meta property=\"og:type\" content=\"article\" \/>\n<meta property=\"og:title\" content=\"Una mirada consoladora a la depresi\u00f3n\" \/>\n<meta property=\"og:description\" content=\"Una mirada consoladora a la depresi\u00f3n Hay muchos prejuicios contra las personas que sufren trastornos mentales. La depresi\u00f3n es uno de ellos. Es una enfermedad que requiere tratamiento m\u00e9dico y no tiene cura. Una persona deprimida tiene periodos de altibajos en su vida diaria. Lo ideal es que el tratamiento se lleve a cabo de [&hellip;]\" \/>\n<meta property=\"og:url\" content=\"https:\/\/nuevo-renacer.com\/fr\/una-mirada-consoladora-a-la-depresion\/\" \/>\n<meta property=\"og:site_name\" content=\"Uni\u00f3n Esp\u00edrita\" \/>\n<meta property=\"article:publisher\" content=\"https:\/\/www.facebook.com\/groups\/3431398063740829\" \/>\n<meta property=\"article:modified_time\" content=\"2025-05-23T09:42:27+00:00\" \/>\n<meta name=\"twitter:card\" content=\"summary_large_image\" \/>\n<meta name=\"twitter:label1\" content=\"Dur\u00e9e de lecture estim\u00e9e\" \/>\n\t<meta name=\"twitter:data1\" content=\"5 minutes\" \/>\n<script type=\"application\/ld+json\" class=\"yoast-schema-graph\">{\"@context\":\"https:\/\/schema.org\",\"@graph\":[{\"@type\":\"WebPage\",\"@id\":\"https:\/\/nuevo-renacer.com\/una-mirada-consoladora-a-la-depresion\/\",\"url\":\"https:\/\/nuevo-renacer.com\/una-mirada-consoladora-a-la-depresion\/\",\"name\":\"Una mirada consoladora a la depresi\u00f3n - Uni\u00f3n Esp\u00edrita\",\"isPartOf\":{\"@id\":\"https:\/\/nuevo-renacer.com\/#website\"},\"primaryImageOfPage\":{\"@id\":\"https:\/\/nuevo-renacer.com\/una-mirada-consoladora-a-la-depresion\/#primaryimage\"},\"image\":{\"@id\":\"https:\/\/nuevo-renacer.com\/una-mirada-consoladora-a-la-depresion\/#primaryimage\"},\"thumbnailUrl\":\"https:\/\/nuevo-renacer.com\/wp-content\/uploads\/2024\/07\/depression-abstract-background_982005-26827.avif\",\"datePublished\":\"2024-07-16T07:43:04+00:00\",\"dateModified\":\"2025-05-23T09:42:27+00:00\",\"breadcrumb\":{\"@id\":\"https:\/\/nuevo-renacer.com\/una-mirada-consoladora-a-la-depresion\/#breadcrumb\"},\"inLanguage\":\"fr-FR\",\"potentialAction\":[{\"@type\":\"ReadAction\",\"target\":[\"https:\/\/nuevo-renacer.com\/una-mirada-consoladora-a-la-depresion\/\"]}]},{\"@type\":\"ImageObject\",\"inLanguage\":\"fr-FR\",\"@id\":\"https:\/\/nuevo-renacer.com\/una-mirada-consoladora-a-la-depresion\/#primaryimage\",\"url\":\"https:\/\/nuevo-renacer.com\/wp-content\/uploads\/2024\/07\/depression-abstract-background_982005-26827.avif\",\"contentUrl\":\"https:\/\/nuevo-renacer.com\/wp-content\/uploads\/2024\/07\/depression-abstract-background_982005-26827.avif\",\"width\":626,\"height\":417},{\"@type\":\"BreadcrumbList\",\"@id\":\"https:\/\/nuevo-renacer.com\/una-mirada-consoladora-a-la-depresion\/#breadcrumb\",\"itemListElement\":[{\"@type\":\"ListItem\",\"position\":1,\"name\":\"Startseite\",\"item\":\"https:\/\/nuevo-renacer.com\/\"},{\"@type\":\"ListItem\",\"position\":2,\"name\":\"Una mirada consoladora a la depresi\u00f3n\"}]},{\"@type\":\"WebSite\",\"@id\":\"https:\/\/nuevo-renacer.com\/#website\",\"url\":\"https:\/\/nuevo-renacer.com\/\",\"name\":\"Uni\u00f3n Esp\u00edrita\",\"description\":\"Nuevo Renacer\",\"publisher\":{\"@id\":\"https:\/\/nuevo-renacer.com\/#organization\"},\"potentialAction\":[{\"@type\":\"SearchAction\",\"target\":{\"@type\":\"EntryPoint\",\"urlTemplate\":\"https:\/\/nuevo-renacer.com\/?s={search_term_string}\"},\"query-input\":{\"@type\":\"PropertyValueSpecification\",\"valueRequired\":true,\"valueName\":\"search_term_string\"}}],\"inLanguage\":\"fr-FR\"},{\"@type\":\"Organization\",\"@id\":\"https:\/\/nuevo-renacer.com\/#organization\",\"name\":\"UFEC\",\"url\":\"https:\/\/nuevo-renacer.com\/\",\"logo\":{\"@type\":\"ImageObject\",\"inLanguage\":\"fr-FR\",\"@id\":\"https:\/\/nuevo-renacer.com\/#\/schema\/logo\/image\/\",\"url\":\"https:\/\/nuevo-renacer.com\/wp-content\/uploads\/2024\/05\/cropped-LOGO-TERMINADO1-3-3.png\",\"contentUrl\":\"https:\/\/nuevo-renacer.com\/wp-content\/uploads\/2024\/05\/cropped-LOGO-TERMINADO1-3-3.png\",\"width\":512,\"height\":512,\"caption\":\"UFEC\"},\"image\":{\"@id\":\"https:\/\/nuevo-renacer.com\/#\/schema\/logo\/image\/\"},\"sameAs\":[\"https:\/\/www.facebook.com\/groups\/3431398063740829\"]}]}<\/script>\n<!-- \/ Yoast SEO Premium plugin. -->","yoast_head_json":{"title":"Una mirada consoladora a la depresi\u00f3n - Uni\u00f3n Esp\u00edrita","robots":{"index":"index","follow":"follow","max-snippet":"max-snippet:-1","max-image-preview":"max-image-preview:large","max-video-preview":"max-video-preview:-1"},"canonical":"https:\/\/nuevo-renacer.com\/fr\/una-mirada-consoladora-a-la-depresion\/","og_locale":"fr_FR","og_type":"article","og_title":"Una mirada consoladora a la depresi\u00f3n","og_description":"Una mirada consoladora a la depresi\u00f3n Hay muchos prejuicios contra las personas que sufren trastornos mentales. La depresi\u00f3n es uno de ellos. Es una enfermedad que requiere tratamiento m\u00e9dico y no tiene cura. Una persona deprimida tiene periodos de altibajos en su vida diaria. Lo ideal es que el tratamiento se lleve a cabo de [&hellip;]","og_url":"https:\/\/nuevo-renacer.com\/fr\/una-mirada-consoladora-a-la-depresion\/","og_site_name":"Uni\u00f3n Esp\u00edrita","article_publisher":"https:\/\/www.facebook.com\/groups\/3431398063740829","article_modified_time":"2025-05-23T09:42:27+00:00","twitter_card":"summary_large_image","twitter_misc":{"Dur\u00e9e de lecture estim\u00e9e":"5 minutes"},"schema":{"@context":"https:\/\/schema.org","@graph":[{"@type":"WebPage","@id":"https:\/\/nuevo-renacer.com\/una-mirada-consoladora-a-la-depresion\/","url":"https:\/\/nuevo-renacer.com\/una-mirada-consoladora-a-la-depresion\/","name":"Una mirada consoladora a la depresi\u00f3n - Uni\u00f3n Esp\u00edrita","isPartOf":{"@id":"https:\/\/nuevo-renacer.com\/#website"},"primaryImageOfPage":{"@id":"https:\/\/nuevo-renacer.com\/una-mirada-consoladora-a-la-depresion\/#primaryimage"},"image":{"@id":"https:\/\/nuevo-renacer.com\/una-mirada-consoladora-a-la-depresion\/#primaryimage"},"thumbnailUrl":"https:\/\/nuevo-renacer.com\/wp-content\/uploads\/2024\/07\/depression-abstract-background_982005-26827.avif","datePublished":"2024-07-16T07:43:04+00:00","dateModified":"2025-05-23T09:42:27+00:00","breadcrumb":{"@id":"https:\/\/nuevo-renacer.com\/una-mirada-consoladora-a-la-depresion\/#breadcrumb"},"inLanguage":"fr-FR","potentialAction":[{"@type":"ReadAction","target":["https:\/\/nuevo-renacer.com\/una-mirada-consoladora-a-la-depresion\/"]}]},{"@type":"ImageObject","inLanguage":"fr-FR","@id":"https:\/\/nuevo-renacer.com\/una-mirada-consoladora-a-la-depresion\/#primaryimage","url":"https:\/\/nuevo-renacer.com\/wp-content\/uploads\/2024\/07\/depression-abstract-background_982005-26827.avif","contentUrl":"https:\/\/nuevo-renacer.com\/wp-content\/uploads\/2024\/07\/depression-abstract-background_982005-26827.avif","width":626,"height":417},{"@type":"BreadcrumbList","@id":"https:\/\/nuevo-renacer.com\/una-mirada-consoladora-a-la-depresion\/#breadcrumb","itemListElement":[{"@type":"ListItem","position":1,"name":"Startseite","item":"https:\/\/nuevo-renacer.com\/"},{"@type":"ListItem","position":2,"name":"Una mirada consoladora a la depresi\u00f3n"}]},{"@type":"WebSite","@id":"https:\/\/nuevo-renacer.com\/#website","url":"https:\/\/nuevo-renacer.com\/","name":"Uni\u00f3n Esp\u00edrita","description":"Nuevo Renacer","publisher":{"@id":"https:\/\/nuevo-renacer.com\/#organization"},"potentialAction":[{"@type":"SearchAction","target":{"@type":"EntryPoint","urlTemplate":"https:\/\/nuevo-renacer.com\/?s={search_term_string}"},"query-input":{"@type":"PropertyValueSpecification","valueRequired":true,"valueName":"search_term_string"}}],"inLanguage":"fr-FR"},{"@type":"Organization","@id":"https:\/\/nuevo-renacer.com\/#organization","name":"UFEC","url":"https:\/\/nuevo-renacer.com\/","logo":{"@type":"ImageObject","inLanguage":"fr-FR","@id":"https:\/\/nuevo-renacer.com\/#\/schema\/logo\/image\/","url":"https:\/\/nuevo-renacer.com\/wp-content\/uploads\/2024\/05\/cropped-LOGO-TERMINADO1-3-3.png","contentUrl":"https:\/\/nuevo-renacer.com\/wp-content\/uploads\/2024\/05\/cropped-LOGO-TERMINADO1-3-3.png","width":512,"height":512,"caption":"UFEC"},"image":{"@id":"https:\/\/nuevo-renacer.com\/#\/schema\/logo\/image\/"},"sameAs":["https:\/\/www.facebook.com\/groups\/3431398063740829"]}]}},"uagb_featured_image_src":{"full":["https:\/\/nuevo-renacer.com\/wp-content\/uploads\/2024\/07\/depression-abstract-background_982005-26827.avif",626,417,false],"thumbnail":["https:\/\/nuevo-renacer.com\/wp-content\/uploads\/2024\/07\/depression-abstract-background_982005-26827.avif",150,100,false],"medium":["https:\/\/nuevo-renacer.com\/wp-content\/uploads\/2024\/07\/depression-abstract-background_982005-26827.avif",300,200,false],"medium_large":["https:\/\/nuevo-renacer.com\/wp-content\/uploads\/2024\/07\/depression-abstract-background_982005-26827.avif",626,417,false],"large":["https:\/\/nuevo-renacer.com\/wp-content\/uploads\/2024\/07\/depression-abstract-background_982005-26827.avif",626,417,false],"1536x1536":["https:\/\/nuevo-renacer.com\/wp-content\/uploads\/2024\/07\/depression-abstract-background_982005-26827.avif",626,417,false],"2048x2048":["https:\/\/nuevo-renacer.com\/wp-content\/uploads\/2024\/07\/depression-abstract-background_982005-26827.avif",626,417,false],"trp-custom-language-flag":["https:\/\/nuevo-renacer.com\/wp-content\/uploads\/2024\/07\/depression-abstract-background_982005-26827.avif",18,12,false]},"uagb_author_info":{"display_name":"adbv0","author_link":"https:\/\/nuevo-renacer.com\/fr\/author\/adbv0\/"},"uagb_comment_info":0,"uagb_excerpt":"Una mirada consoladora a la depresi\u00f3n Hay muchos prejuicios contra las personas que sufren trastornos mentales. La depresi\u00f3n es uno de ellos. Es una enfermedad que requiere tratamiento m\u00e9dico y no tiene cura. Una persona deprimida tiene periodos de altibajos en su vida diaria. Lo ideal es que el tratamiento se lleve a cabo de\u2026","jetpack_sharing_enabled":true,"_links":{"self":[{"href":"https:\/\/nuevo-renacer.com\/fr\/wp-json\/wp\/v2\/pages\/3824","targetHints":{"allow":["GET"]}}],"collection":[{"href":"https:\/\/nuevo-renacer.com\/fr\/wp-json\/wp\/v2\/pages"}],"about":[{"href":"https:\/\/nuevo-renacer.com\/fr\/wp-json\/wp\/v2\/types\/page"}],"author":[{"embeddable":true,"href":"https:\/\/nuevo-renacer.com\/fr\/wp-json\/wp\/v2\/users\/1"}],"replies":[{"embeddable":true,"href":"https:\/\/nuevo-renacer.com\/fr\/wp-json\/wp\/v2\/comments?post=3824"}],"version-history":[{"count":5,"href":"https:\/\/nuevo-renacer.com\/fr\/wp-json\/wp\/v2\/pages\/3824\/revisions"}],"predecessor-version":[{"id":8180,"href":"https:\/\/nuevo-renacer.com\/fr\/wp-json\/wp\/v2\/pages\/3824\/revisions\/8180"}],"wp:featuredmedia":[{"embeddable":true,"href":"https:\/\/nuevo-renacer.com\/fr\/wp-json\/wp\/v2\/media\/3825"}],"wp:attachment":[{"href":"https:\/\/nuevo-renacer.com\/fr\/wp-json\/wp\/v2\/media?parent=3824"}],"curies":[{"name":"wp","href":"https:\/\/api.w.org\/{rel}","templated":true}]}}