{"id":3786,"date":"2024-07-15T09:43:57","date_gmt":"2024-07-15T09:43:57","guid":{"rendered":"https:\/\/ufec-mundial.com\/?page_id=3786"},"modified":"2024-07-15T09:44:00","modified_gmt":"2024-07-15T09:44:00","slug":"en-que-momento-se-une-el-espiritu-al-nuevo-cuerpo","status":"publish","type":"page","link":"https:\/\/nuevo-renacer.com\/fr\/en-que-momento-se-une-el-espiritu-al-nuevo-cuerpo\/","title":{"rendered":"Ce qui lie l&#039;Esprit de la nouvelle structure?"},"content":{"rendered":"<div class=\"wp-block-uagb-container uagb-block-62951923 alignfull uagb-is-root-container\"><div class=\"uagb-container-inner-blocks-wrap\">\n<p class=\"has-black-color has-text-color has-link-color has-medium-font-size wp-elements-352d1aea6302a620728107492a3741a9\"><strong>Ce qui lie l&#039;Esprit de la nouvelle structure?<\/strong><\/p>\n<\/div><\/div>\n\n\n\n<div class=\"wp-block-uagb-container uagb-block-6c2c9f80 alignfull uagb-is-root-container\"><div class=\"uagb-container-inner-blocks-wrap\">\n<figure class=\"wp-block-image size-full is-resized\"><img fetchpriority=\"high\" decoding=\"async\" width=\"768\" height=\"505\" src=\"https:\/\/ufec-mundial.com\/wp-content\/uploads\/2024\/07\/parto-recien-nacido-2-768x505.jpg.webp\" alt=\"\" class=\"wp-image-3787\" style=\"width:502px;height:auto\" srcset=\"https:\/\/nuevo-renacer.com\/wp-content\/uploads\/2024\/07\/parto-recien-nacido-2-768x505.jpg.webp 768w, https:\/\/nuevo-renacer.com\/wp-content\/uploads\/2024\/07\/parto-recien-nacido-2-768x505.jpg-300x197.webp 300w, https:\/\/nuevo-renacer.com\/wp-content\/uploads\/2024\/07\/parto-recien-nacido-2-768x505.jpg-18x12.webp 18w\" sizes=\"(max-width: 768px) 100vw, 768px\" \/><\/figure>\n<\/div><\/div>\n\n\n\n<div class=\"wp-block-uagb-container uagb-block-8bf0f7ed alignfull uagb-is-root-container\"><div class=\"uagb-container-inner-blocks-wrap\">\n<p class=\"has-black-color has-text-color has-link-color has-small-font-size wp-elements-bc9ed531992edb06897681fc4895ad7c\">Au moment de la conception. C&#039;est \u00e0 ce moment pr\u00e9cis que l&#039;Esprit rejoint fluidiquement \u00e0 l&#039;organisme, et jusqu&#039;\u00e0 ce que l&#039;enfant est n\u00e9 ce lien fluidique se r\u00e9tr\u00e9cit de plus en plus.<\/p>\n\n\n\n<p class=\"has-black-color has-text-color has-link-color has-small-font-size wp-elements-7430826dc4027c2a5980e0c90f9864fd\">C&#039;est en d\u00e9finitive l&#039;union \u00e0 partir de l&#039;instant de la conception jusqu&#039;\u00e0 la cessation de la vie physique, et aucun autre Esprit peut habiter ce corps. Pendant cet intervalle entre la conception et la naissance de l&#039;agitation commence \u00e0 prendre possession de l&#039;Esprit, qu&#039;il serait dans le m\u00eame \u00e9tat que l&#039;Esprit d&#039;un \u00eatre incarn\u00e9 pendant le sommeil, et que c&#039;est sur le moment de la naissance, ses id\u00e9es sont dilu\u00e9s, comme la m\u00e9moire de son pass\u00e9. Vient dans un choc plus grand que celui du moment de la mort, et, par-dessus tout, plus prolong\u00e9e; avec la mort, l&#039;Esprit feuilles de l&#039;esclavage, avec la naissance d&#039;entrer en elle.<\/p>\n\n\n\n<p class=\"has-black-color has-text-color has-link-color has-small-font-size wp-elements-d3f05e769cedc2715251d88a982568e5\">Dans la perturbation de la vie d\u00e8s le premier instant de sa conception, est une grosse erreur. Selon les circonstances de chaque cas, avec leurs circonstances aggravantes et att\u00e9nuantes sont pr\u00e9sents, il sera plus ou moins \u00e0 bl\u00e2mer, mais les responsables du seront fournis, au minimum, de r\u00e9parer les dommages caus\u00e9s, dans le pr\u00e9sent ou dans le futur d&#039;existences. L&#039;avortement est une transgression de la loi divine, la responsable de commettre un crime de prendre la vie de l&#039;enfant avant la naissance, et emp\u00eacher l&#039;\u00e2me d&#039;affronter les \u00e9preuves que vous avez droit. Avant la loi divine n&#039;est pas justifiable avortement en raison de certaines maladies, les d\u00e9fauts de l&#039;incapacit\u00e9 physique ou mentale de l&#039;enfant qui va na\u00eetre, parce que, apr\u00e8s ces situations difficiles, il y a les tests et les sacrifices n\u00e9cessaires pour l&#039;Esprit de vous et de votre environnement familial. Seulement il serait justifi\u00e9 de l&#039;avortement dans les cas exceptionnels dans lesquels la vie de la m\u00e8re est en danger, et les Esprits rapport\u00e9 que, avant le cours, elle avait \u00e0 choisir de sauver une vie ou une autre, vous avez pour sauver la vie de la m\u00e8re.<\/p>\n<\/div><\/div>","protected":false},"excerpt":{"rendered":"<p>\u00bfEn qu\u00e9 momento se une el Esp\u00edritu al nuevo cuerpo? En el momento de la concepci\u00f3n. Es a partir de ese preciso instante que el Esp\u00edritu se une flu\u00eddicamente al cuerpo, y hasta que el ni\u00f1o nace ese lazo flu\u00eddico se va estrechando cada vez m\u00e1s. Es una uni\u00f3n definitiva desde el momento de la [&hellip;]<\/p>","protected":false},"author":1,"featured_media":3787,"parent":0,"menu_order":0,"comment_status":"closed","ping_status":"closed","template":"","meta":{"_uag_custom_page_level_css":"","site-sidebar-layout":"default","site-content-layout":"","ast-site-content-layout":"default","site-content-style":"default","site-sidebar-style":"default","ast-global-header-display":"","ast-banner-title-visibility":"","ast-main-header-display":"","ast-hfb-above-header-display":"","ast-hfb-below-header-display":"","ast-hfb-mobile-header-display":"","site-post-title":"disabled","ast-breadcrumbs-content":"","ast-featured-img":"","footer-sml-layout":"","theme-transparent-header-meta":"","adv-header-id-meta":"","stick-header-meta":"","header-above-stick-meta":"","header-main-stick-meta":"","header-below-stick-meta":"","astra-migrate-meta-layouts":"set","ast-page-background-enabled":"default","ast-page-background-meta":{"desktop":{"background-color":"var(--ast-global-color-4)","background-image":"","background-repeat":"repeat","background-position":"center center","background-size":"auto","background-attachment":"scroll","background-type":"","background-media":"","overlay-type":"","overlay-color":"","overlay-opacity":"","overlay-gradient":""},"tablet":{"background-color":"","background-image":"","background-repeat":"repeat","background-position":"center center","background-size":"auto","background-attachment":"scroll","background-type":"","background-media":"","overlay-type":"","overlay-color":"","overlay-opacity":"","overlay-gradient":""},"mobile":{"background-color":"","background-image":"","background-repeat":"repeat","background-position":"center center","background-size":"auto","background-attachment":"scroll","background-type":"","background-media":"","overlay-type":"","overlay-color":"","overlay-opacity":"","overlay-gradient":""}},"ast-content-background-meta":{"desktop":{"background-color":"var(--ast-global-color-5)","background-image":"","background-repeat":"repeat","background-position":"center center","background-size":"auto","background-attachment":"scroll","background-type":"","background-media":"","overlay-type":"","overlay-color":"","overlay-opacity":"","overlay-gradient":""},"tablet":{"background-color":"var(--ast-global-color-5)","background-image":"","background-repeat":"repeat","background-position":"center center","background-size":"auto","background-attachment":"scroll","background-type":"","background-media":"","overlay-type":"","overlay-color":"","overlay-opacity":"","overlay-gradient":""},"mobile":{"background-color":"var(--ast-global-color-5)","background-image":"","background-repeat":"repeat","background-position":"center center","background-size":"auto","background-attachment":"scroll","background-type":"","background-media":"","overlay-type":"","overlay-color":"","overlay-opacity":"","overlay-gradient":""}},"footnotes":""},"class_list":["post-3786","page","type-page","status-publish","has-post-thumbnail","hentry"],"yoast_head":"<!-- This site is optimized with the Yoast SEO Premium plugin v24.2 (Yoast SEO v24.6) - https:\/\/yoast.com\/wordpress\/plugins\/seo\/ -->\n<title>\u00bfEn qu\u00e9 momento se une el Esp\u00edritu al nuevo cuerpo? - Uni\u00f3n Esp\u00edrita<\/title>\n<meta name=\"robots\" content=\"index, follow, max-snippet:-1, max-image-preview:large, max-video-preview:-1\" \/>\n<link rel=\"canonical\" href=\"https:\/\/nuevo-renacer.com\/fr\/en-que-momento-se-une-el-espiritu-al-nuevo-cuerpo\/\" \/>\n<meta property=\"og:locale\" content=\"fr_FR\" \/>\n<meta property=\"og:type\" content=\"article\" \/>\n<meta property=\"og:title\" content=\"\u00bfEn qu\u00e9 momento se une el Esp\u00edritu al nuevo cuerpo?\" \/>\n<meta property=\"og:description\" content=\"\u00bfEn qu\u00e9 momento se une el Esp\u00edritu al nuevo cuerpo? En el momento de la concepci\u00f3n. Es a partir de ese preciso instante que el Esp\u00edritu se une flu\u00eddicamente al cuerpo, y hasta que el ni\u00f1o nace ese lazo flu\u00eddico se va estrechando cada vez m\u00e1s. Es una uni\u00f3n definitiva desde el momento de la [&hellip;]\" \/>\n<meta property=\"og:url\" content=\"https:\/\/nuevo-renacer.com\/fr\/en-que-momento-se-une-el-espiritu-al-nuevo-cuerpo\/\" \/>\n<meta property=\"og:site_name\" content=\"Uni\u00f3n Esp\u00edrita\" \/>\n<meta property=\"article:publisher\" content=\"https:\/\/www.facebook.com\/groups\/3431398063740829\" \/>\n<meta property=\"article:modified_time\" content=\"2024-07-15T09:44:00+00:00\" \/>\n<meta property=\"og:image\" content=\"https:\/\/nuevo-renacer.com\/wp-content\/uploads\/2024\/07\/parto-recien-nacido-2-768x505.jpg.webp\" \/>\n\t<meta property=\"og:image:width\" content=\"768\" \/>\n\t<meta property=\"og:image:height\" content=\"505\" \/>\n\t<meta property=\"og:image:type\" content=\"image\/webp\" \/>\n<meta name=\"twitter:card\" content=\"summary_large_image\" \/>\n<meta name=\"twitter:label1\" content=\"Dur\u00e9e de lecture estim\u00e9e\" \/>\n\t<meta name=\"twitter:data1\" content=\"2 minutes\" \/>\n<script type=\"application\/ld+json\" class=\"yoast-schema-graph\">{\"@context\":\"https:\/\/schema.org\",\"@graph\":[{\"@type\":\"WebPage\",\"@id\":\"https:\/\/nuevo-renacer.com\/en-que-momento-se-une-el-espiritu-al-nuevo-cuerpo\/\",\"url\":\"https:\/\/nuevo-renacer.com\/en-que-momento-se-une-el-espiritu-al-nuevo-cuerpo\/\",\"name\":\"\u00bfEn qu\u00e9 momento se une el Esp\u00edritu al nuevo cuerpo? - Uni\u00f3n Esp\u00edrita\",\"isPartOf\":{\"@id\":\"https:\/\/nuevo-renacer.com\/#website\"},\"primaryImageOfPage\":{\"@id\":\"https:\/\/nuevo-renacer.com\/en-que-momento-se-une-el-espiritu-al-nuevo-cuerpo\/#primaryimage\"},\"image\":{\"@id\":\"https:\/\/nuevo-renacer.com\/en-que-momento-se-une-el-espiritu-al-nuevo-cuerpo\/#primaryimage\"},\"thumbnailUrl\":\"https:\/\/nuevo-renacer.com\/wp-content\/uploads\/2024\/07\/parto-recien-nacido-2-768x505.jpg.webp\",\"datePublished\":\"2024-07-15T09:43:57+00:00\",\"dateModified\":\"2024-07-15T09:44:00+00:00\",\"breadcrumb\":{\"@id\":\"https:\/\/nuevo-renacer.com\/en-que-momento-se-une-el-espiritu-al-nuevo-cuerpo\/#breadcrumb\"},\"inLanguage\":\"fr-FR\",\"potentialAction\":[{\"@type\":\"ReadAction\",\"target\":[\"https:\/\/nuevo-renacer.com\/en-que-momento-se-une-el-espiritu-al-nuevo-cuerpo\/\"]}]},{\"@type\":\"ImageObject\",\"inLanguage\":\"fr-FR\",\"@id\":\"https:\/\/nuevo-renacer.com\/en-que-momento-se-une-el-espiritu-al-nuevo-cuerpo\/#primaryimage\",\"url\":\"https:\/\/nuevo-renacer.com\/wp-content\/uploads\/2024\/07\/parto-recien-nacido-2-768x505.jpg.webp\",\"contentUrl\":\"https:\/\/nuevo-renacer.com\/wp-content\/uploads\/2024\/07\/parto-recien-nacido-2-768x505.jpg.webp\",\"width\":768,\"height\":505},{\"@type\":\"BreadcrumbList\",\"@id\":\"https:\/\/nuevo-renacer.com\/en-que-momento-se-une-el-espiritu-al-nuevo-cuerpo\/#breadcrumb\",\"itemListElement\":[{\"@type\":\"ListItem\",\"position\":1,\"name\":\"Startseite\",\"item\":\"https:\/\/nuevo-renacer.com\/\"},{\"@type\":\"ListItem\",\"position\":2,\"name\":\"\u00bfEn qu\u00e9 momento se une el Esp\u00edritu al nuevo cuerpo?\"}]},{\"@type\":\"WebSite\",\"@id\":\"https:\/\/nuevo-renacer.com\/#website\",\"url\":\"https:\/\/nuevo-renacer.com\/\",\"name\":\"Uni\u00f3n Esp\u00edrita\",\"description\":\"Nuevo Renacer\",\"publisher\":{\"@id\":\"https:\/\/nuevo-renacer.com\/#organization\"},\"potentialAction\":[{\"@type\":\"SearchAction\",\"target\":{\"@type\":\"EntryPoint\",\"urlTemplate\":\"https:\/\/nuevo-renacer.com\/?s={search_term_string}\"},\"query-input\":{\"@type\":\"PropertyValueSpecification\",\"valueRequired\":true,\"valueName\":\"search_term_string\"}}],\"inLanguage\":\"fr-FR\"},{\"@type\":\"Organization\",\"@id\":\"https:\/\/nuevo-renacer.com\/#organization\",\"name\":\"UFEC\",\"url\":\"https:\/\/nuevo-renacer.com\/\",\"logo\":{\"@type\":\"ImageObject\",\"inLanguage\":\"fr-FR\",\"@id\":\"https:\/\/nuevo-renacer.com\/#\/schema\/logo\/image\/\",\"url\":\"https:\/\/nuevo-renacer.com\/wp-content\/uploads\/2024\/05\/cropped-LOGO-TERMINADO1-3-3.png\",\"contentUrl\":\"https:\/\/nuevo-renacer.com\/wp-content\/uploads\/2024\/05\/cropped-LOGO-TERMINADO1-3-3.png\",\"width\":512,\"height\":512,\"caption\":\"UFEC\"},\"image\":{\"@id\":\"https:\/\/nuevo-renacer.com\/#\/schema\/logo\/image\/\"},\"sameAs\":[\"https:\/\/www.facebook.com\/groups\/3431398063740829\"]}]}<\/script>\n<!-- \/ Yoast SEO Premium plugin. -->","yoast_head_json":{"title":"\u00bfEn qu\u00e9 momento se une el Esp\u00edritu al nuevo cuerpo? - Uni\u00f3n Esp\u00edrita","robots":{"index":"index","follow":"follow","max-snippet":"max-snippet:-1","max-image-preview":"max-image-preview:large","max-video-preview":"max-video-preview:-1"},"canonical":"https:\/\/nuevo-renacer.com\/fr\/en-que-momento-se-une-el-espiritu-al-nuevo-cuerpo\/","og_locale":"fr_FR","og_type":"article","og_title":"\u00bfEn qu\u00e9 momento se une el Esp\u00edritu al nuevo cuerpo?","og_description":"\u00bfEn qu\u00e9 momento se une el Esp\u00edritu al nuevo cuerpo? En el momento de la concepci\u00f3n. Es a partir de ese preciso instante que el Esp\u00edritu se une flu\u00eddicamente al cuerpo, y hasta que el ni\u00f1o nace ese lazo flu\u00eddico se va estrechando cada vez m\u00e1s. Es una uni\u00f3n definitiva desde el momento de la [&hellip;]","og_url":"https:\/\/nuevo-renacer.com\/fr\/en-que-momento-se-une-el-espiritu-al-nuevo-cuerpo\/","og_site_name":"Uni\u00f3n Esp\u00edrita","article_publisher":"https:\/\/www.facebook.com\/groups\/3431398063740829","article_modified_time":"2024-07-15T09:44:00+00:00","og_image":[{"width":768,"height":505,"url":"https:\/\/nuevo-renacer.com\/wp-content\/uploads\/2024\/07\/parto-recien-nacido-2-768x505.jpg.webp","type":"image\/webp"}],"twitter_card":"summary_large_image","twitter_misc":{"Dur\u00e9e de lecture estim\u00e9e":"2 minutes"},"schema":{"@context":"https:\/\/schema.org","@graph":[{"@type":"WebPage","@id":"https:\/\/nuevo-renacer.com\/en-que-momento-se-une-el-espiritu-al-nuevo-cuerpo\/","url":"https:\/\/nuevo-renacer.com\/en-que-momento-se-une-el-espiritu-al-nuevo-cuerpo\/","name":"\u00bfEn qu\u00e9 momento se une el Esp\u00edritu al nuevo cuerpo? - Uni\u00f3n Esp\u00edrita","isPartOf":{"@id":"https:\/\/nuevo-renacer.com\/#website"},"primaryImageOfPage":{"@id":"https:\/\/nuevo-renacer.com\/en-que-momento-se-une-el-espiritu-al-nuevo-cuerpo\/#primaryimage"},"image":{"@id":"https:\/\/nuevo-renacer.com\/en-que-momento-se-une-el-espiritu-al-nuevo-cuerpo\/#primaryimage"},"thumbnailUrl":"https:\/\/nuevo-renacer.com\/wp-content\/uploads\/2024\/07\/parto-recien-nacido-2-768x505.jpg.webp","datePublished":"2024-07-15T09:43:57+00:00","dateModified":"2024-07-15T09:44:00+00:00","breadcrumb":{"@id":"https:\/\/nuevo-renacer.com\/en-que-momento-se-une-el-espiritu-al-nuevo-cuerpo\/#breadcrumb"},"inLanguage":"fr-FR","potentialAction":[{"@type":"ReadAction","target":["https:\/\/nuevo-renacer.com\/en-que-momento-se-une-el-espiritu-al-nuevo-cuerpo\/"]}]},{"@type":"ImageObject","inLanguage":"fr-FR","@id":"https:\/\/nuevo-renacer.com\/en-que-momento-se-une-el-espiritu-al-nuevo-cuerpo\/#primaryimage","url":"https:\/\/nuevo-renacer.com\/wp-content\/uploads\/2024\/07\/parto-recien-nacido-2-768x505.jpg.webp","contentUrl":"https:\/\/nuevo-renacer.com\/wp-content\/uploads\/2024\/07\/parto-recien-nacido-2-768x505.jpg.webp","width":768,"height":505},{"@type":"BreadcrumbList","@id":"https:\/\/nuevo-renacer.com\/en-que-momento-se-une-el-espiritu-al-nuevo-cuerpo\/#breadcrumb","itemListElement":[{"@type":"ListItem","position":1,"name":"Startseite","item":"https:\/\/nuevo-renacer.com\/"},{"@type":"ListItem","position":2,"name":"\u00bfEn qu\u00e9 momento se une el Esp\u00edritu al nuevo cuerpo?"}]},{"@type":"WebSite","@id":"https:\/\/nuevo-renacer.com\/#website","url":"https:\/\/nuevo-renacer.com\/","name":"Uni\u00f3n Esp\u00edrita","description":"Nuevo Renacer","publisher":{"@id":"https:\/\/nuevo-renacer.com\/#organization"},"potentialAction":[{"@type":"SearchAction","target":{"@type":"EntryPoint","urlTemplate":"https:\/\/nuevo-renacer.com\/?s={search_term_string}"},"query-input":{"@type":"PropertyValueSpecification","valueRequired":true,"valueName":"search_term_string"}}],"inLanguage":"fr-FR"},{"@type":"Organization","@id":"https:\/\/nuevo-renacer.com\/#organization","name":"UFEC","url":"https:\/\/nuevo-renacer.com\/","logo":{"@type":"ImageObject","inLanguage":"fr-FR","@id":"https:\/\/nuevo-renacer.com\/#\/schema\/logo\/image\/","url":"https:\/\/nuevo-renacer.com\/wp-content\/uploads\/2024\/05\/cropped-LOGO-TERMINADO1-3-3.png","contentUrl":"https:\/\/nuevo-renacer.com\/wp-content\/uploads\/2024\/05\/cropped-LOGO-TERMINADO1-3-3.png","width":512,"height":512,"caption":"UFEC"},"image":{"@id":"https:\/\/nuevo-renacer.com\/#\/schema\/logo\/image\/"},"sameAs":["https:\/\/www.facebook.com\/groups\/3431398063740829"]}]}},"uagb_featured_image_src":{"full":["https:\/\/nuevo-renacer.com\/wp-content\/uploads\/2024\/07\/parto-recien-nacido-2-768x505.jpg.webp",768,505,false],"thumbnail":["https:\/\/nuevo-renacer.com\/wp-content\/uploads\/2024\/07\/parto-recien-nacido-2-768x505.jpg-150x150.webp",150,150,true],"medium":["https:\/\/nuevo-renacer.com\/wp-content\/uploads\/2024\/07\/parto-recien-nacido-2-768x505.jpg-300x197.webp",300,197,true],"medium_large":["https:\/\/nuevo-renacer.com\/wp-content\/uploads\/2024\/07\/parto-recien-nacido-2-768x505.jpg.webp",768,505,false],"large":["https:\/\/nuevo-renacer.com\/wp-content\/uploads\/2024\/07\/parto-recien-nacido-2-768x505.jpg.webp",768,505,false],"1536x1536":["https:\/\/nuevo-renacer.com\/wp-content\/uploads\/2024\/07\/parto-recien-nacido-2-768x505.jpg.webp",768,505,false],"2048x2048":["https:\/\/nuevo-renacer.com\/wp-content\/uploads\/2024\/07\/parto-recien-nacido-2-768x505.jpg.webp",768,505,false],"trp-custom-language-flag":["https:\/\/nuevo-renacer.com\/wp-content\/uploads\/2024\/07\/parto-recien-nacido-2-768x505.jpg-18x12.webp",18,12,true]},"uagb_author_info":{"display_name":"adbv0","author_link":"https:\/\/nuevo-renacer.com\/fr\/author\/adbv0\/"},"uagb_comment_info":0,"uagb_excerpt":"\u00bfEn qu\u00e9 momento se une el Esp\u00edritu al nuevo cuerpo? En el momento de la concepci\u00f3n. Es a partir de ese preciso instante que el Esp\u00edritu se une flu\u00eddicamente al cuerpo, y hasta que el ni\u00f1o nace ese lazo flu\u00eddico se va estrechando cada vez m\u00e1s. Es una uni\u00f3n definitiva desde el momento de la\u2026","jetpack_sharing_enabled":true,"_links":{"self":[{"href":"https:\/\/nuevo-renacer.com\/fr\/wp-json\/wp\/v2\/pages\/3786","targetHints":{"allow":["GET"]}}],"collection":[{"href":"https:\/\/nuevo-renacer.com\/fr\/wp-json\/wp\/v2\/pages"}],"about":[{"href":"https:\/\/nuevo-renacer.com\/fr\/wp-json\/wp\/v2\/types\/page"}],"author":[{"embeddable":true,"href":"https:\/\/nuevo-renacer.com\/fr\/wp-json\/wp\/v2\/users\/1"}],"replies":[{"embeddable":true,"href":"https:\/\/nuevo-renacer.com\/fr\/wp-json\/wp\/v2\/comments?post=3786"}],"version-history":[{"count":1,"href":"https:\/\/nuevo-renacer.com\/fr\/wp-json\/wp\/v2\/pages\/3786\/revisions"}],"predecessor-version":[{"id":3788,"href":"https:\/\/nuevo-renacer.com\/fr\/wp-json\/wp\/v2\/pages\/3786\/revisions\/3788"}],"wp:featuredmedia":[{"embeddable":true,"href":"https:\/\/nuevo-renacer.com\/fr\/wp-json\/wp\/v2\/media\/3787"}],"wp:attachment":[{"href":"https:\/\/nuevo-renacer.com\/fr\/wp-json\/wp\/v2\/media?parent=3786"}],"curies":[{"name":"wp","href":"https:\/\/api.w.org\/{rel}","templated":true}]}}