{"id":3763,"date":"2024-07-15T08:38:37","date_gmt":"2024-07-15T08:38:37","guid":{"rendered":"https:\/\/ufec-mundial.com\/?page_id=3763"},"modified":"2024-07-15T08:39:01","modified_gmt":"2024-07-15T08:39:01","slug":"que-finalidad-tiene-la-mediumnidad","status":"publish","type":"page","link":"https:\/\/nuevo-renacer.com\/fr\/que-finalidad-tiene-la-mediumnidad\/","title":{"rendered":"Quel est le but de la m\u00e9diumnit\u00e9?"},"content":{"rendered":"<div class=\"wp-block-uagb-container uagb-block-4128485a alignfull uagb-is-root-container\"><div class=\"uagb-container-inner-blocks-wrap\">\n<p class=\"has-black-color has-text-color has-link-color has-medium-font-size wp-elements-0ebf7015040ce9892b2a622b6434542a\"><strong>Quel est le but de la m\u00e9diumnit\u00e9?<\/strong><\/p>\n<\/div><\/div>\n\n\n\n<div class=\"wp-block-uagb-container uagb-block-3ce99bd0 alignfull uagb-is-root-container\"><div class=\"uagb-container-inner-blocks-wrap\">\n<figure class=\"wp-block-image size-large is-resized\"><img fetchpriority=\"high\" decoding=\"async\" width=\"1024\" height=\"691\" src=\"https:\/\/ufec-mundial.com\/wp-content\/uploads\/2024\/07\/mediunidade-espirita-1024x691.jpg\" alt=\"\" class=\"wp-image-3764\" style=\"width:384px;height:auto\" srcset=\"https:\/\/nuevo-renacer.com\/wp-content\/uploads\/2024\/07\/mediunidade-espirita-1024x691.jpg 1024w, https:\/\/nuevo-renacer.com\/wp-content\/uploads\/2024\/07\/mediunidade-espirita-300x202.jpg 300w, https:\/\/nuevo-renacer.com\/wp-content\/uploads\/2024\/07\/mediunidade-espirita-768x518.jpg 768w, https:\/\/nuevo-renacer.com\/wp-content\/uploads\/2024\/07\/mediunidade-espirita-18x12.jpg 18w, https:\/\/nuevo-renacer.com\/wp-content\/uploads\/2024\/07\/mediunidade-espirita.jpg 1273w\" sizes=\"(max-width: 1024px) 100vw, 1024px\" \/><\/figure>\n<\/div><\/div>\n\n\n\n<div class=\"wp-block-uagb-container uagb-block-1b924a30 alignfull uagb-is-root-container\"><div class=\"uagb-container-inner-blocks-wrap\">\n<p class=\"has-black-color has-text-color has-link-color has-small-font-size wp-elements-79d196fc88f28798e362fb9c730fdc97\">Pour montrer la possibilit\u00e9 de communiquer avec les \u00eatres du monde spirituel, et \u00e0 d\u00e9montrer de fa\u00e7on convaincante la preuve de l&#039;immortalit\u00e9. Le simple fait que l&#039;\u00eatre humain peut communiquer avec les \u00eatres du monde spirituel apporte des cons\u00e9quences incalculables de la plus haute gravit\u00e9, nous r\u00e9v\u00e8le un monde nouveau que nous passons tous, sans exception. La connaissance de ce fait ne peut pas arr\u00eater de halage, en cons\u00e9quence, une modification profonde dans les m\u0153urs, le caract\u00e8re, les habitudes et les croyances. C&#039;est une r\u00e9volution totale qui op\u00e8re dans les id\u00e9es de la r\u00e9volution, \u00e0 la fois plus grand et plus puissant qu&#039;il n&#039;est pas confin\u00e9 \u00e0 un village, ou d&#039;une caste, vu r\u00e9aliser simultan\u00e9ment toutes les classes, de toutes les nationalit\u00e9s et toutes les religions.<\/p>\n\n\n\n<p class=\"has-black-color has-text-color has-link-color has-small-font-size wp-elements-403712b1032a2d435c79a7809380cd10\">Bien que les ph\u00e9nom\u00e8nes medi\u00famnicos ont exist\u00e9 dans tous les \u00e2ges et des temps, est maintenant, avec le d\u00e9veloppement de la science que l&#039;on peut desembarazarlos de la superstition et les interpr\u00e9tations \u00e0 \u00eatre ridicule. Et pas d\u00e9j\u00e0 soumis \u00e0 sous le joug de la religion, qui pendant des si\u00e8cles a condamn\u00e9 et pers\u00e9cut\u00e9s inquisitorialmente la m\u00e9diumnit\u00e9, c&#039;est seulement une question de temps pour que ces faits sont montre de plus en plus.<\/p>\n\n\n\n<p class=\"has-black-color has-text-color has-link-color has-small-font-size wp-elements-d88b667c365b5313825833bb056c76b9\">Par la m\u00e9diumnit\u00e9, nous obtenons non seulement la preuve de l&#039;existence et de l&#039;individualit\u00e9 de l&#039;\u00e2me, mais nous comprenons aussi la solidarit\u00e9 qui lie les vivants avec les morts de ce monde, et de ce monde, avec les autres plan\u00e8tes. Nous savons que la situation dans le monde des Esprits; nous accompagner lors de leurs d\u00e9placements; nous sommes t\u00e9moins de leurs joies et de leurs peines; nous savons pourquoi ils sont heureux ou malheureux, et nous savons le sort qui nous sont r\u00e9serv\u00e9es, selon le bien ou le mal que nous avons fait. Cette communication nous introduit dans la vie future, que l&#039;on peut observer dans toutes ses phases, dans toutes ses vicissitudes; l&#039;avenir n&#039;est plus un espoir vague, mais un fait, une certitude math\u00e9matique. \u00c0 partir de l\u00e0, la mort n&#039;a plus rien d&#039;effrayant pour nous, car cela signifie la lib\u00e9ration, la porte de la vraie vie.<\/p>\n\n\n\n<p class=\"has-black-color has-text-color has-link-color has-small-font-size wp-elements-0c8c898a757e3f8dfeca40c2b95cf192\">\u00c0 travers l&#039;\u00e9tude de la situation des Esprits, nous savons que le bonheur et la mis\u00e8re dans la vie spirituelle sont inh\u00e9rentes \u00e0 l&#039;degr\u00e9 de perfection ou d&#039;imperfection; que chacun subit les cons\u00e9quences, directes et naturelles de leurs fautes, et ceux des cons\u00e9quences pr\u00e9judiciables cesser avec le repentir et la r\u00e9paration. L&#039;am\u00e9lioration d\u00e9pend uniquement sur soi-m\u00eame, et par le libre arbitre, on peut le prolonger ou d&#039;abr\u00e9ger les souffrances, de la m\u00eame mani\u00e8re que le patient souffre \u00e0 cause de leurs exc\u00e8s jusqu&#039;\u00e0 ce qu&#039;ils ont mis un terme.<\/p>\n\n\n\n<p class=\"has-black-color has-text-color has-link-color has-small-font-size wp-elements-62c9879c017a8821c555e9a1b8b40faa\">Mais les Esprits ne sont pas toujours en savoir plus que nous, ou ne nous disent pas tout ce qu&#039;ils savent, et souvent s&#039;abstenir de nous donner ce que nous pouvons obtenir par le travail; parce qu&#039;il y a des questions qu&#039;ils ne sont pas autoris\u00e9s \u00e0 r\u00e9v\u00e9ler \u00e0 nous. Si vous pouvez les d\u00e9marrer en ce qui concerne l&#039;avenir de la vie, un grand nombre de questions que nous ignorons et que nous ne pouvons pas apprendre dans le domaine dans lequel nous nous trouvons. Dans les questions qui autrement ne pourraient formuler des hypoth\u00e8ses, ou \u00e0 des erreurs d&#039;interpr\u00e9tation que le ciel et l&#039;enfer. Par la m\u00e9diumnit\u00e9 sont les t\u00e9moins oculaires, les protagonistes eux-m\u00eames dans l&#039;au-del\u00e0 qui viennent nous dire qu&#039;est-ce que cette vie si, et seulement ils pouvaient le faire. Par cons\u00e9quent, ses manifestations ont servi pour nous donner \u00e0 conna\u00eetre le monde invisible qui nous entoure et de ce qui ne soup\u00e7onnait m\u00eame; et que seule la connaissance serait d&#039;une importance capitale, au cours de laquelle les Esprits ne pouvaient pas nous apprennent rien de plus.<\/p>\n\n\n\n<p class=\"has-black-color has-text-color has-link-color has-small-font-size wp-elements-9cad1734e070439b949d0396564ea542\">La m\u00e9diumnit\u00e9 dans ses multiples manifestations et des types peut devenir un outil pour aider et faire du bien. Cette capacit\u00e9 est un pr\u00eat temporaire \u00e0 la moyenne, si vous souhaitez l&#039;utiliser, vous devez comprendre la n\u00e9cessit\u00e9 de l&#039;\u00e9tude et de la pratique dans les conditions les plus appropri\u00e9es, de l&#039;humilit\u00e9, de la compr\u00e9hension de la grande faillibilit\u00e9 qui a tous les moyens de communication. Alors que le meilleur moyen est le moins de temps est tromp\u00e9, pour nous le sommes tous \u00e0 un certain point, de m\u00eame que des essais et de l&#039;apprentissage, d&#039;o\u00f9 la n\u00e9cessit\u00e9 de travailler en groupe, avec l&#039;\u00e9tude et l&#039;analyse de la communication. La bonne moyenne n&#039;est pas celui qui est concern\u00e9 en donnant plus ou moins de communication, est celui qui sert d&#039;interm\u00e9diaire du puits, de la fabrication ou de la non-utilisation de la m\u00e9diumnit\u00e9; et \u00e0 chaque moment, voyants et non-voyants peuvent faire beaucoup de bien sans avoir besoin d&#039;aller dans un \u00e9tat de transe.<\/p>\n<\/div><\/div>","protected":false},"excerpt":{"rendered":"<p>\u00bfQu\u00e9 finalidad tiene la mediumnidad? Mostrar la posibilidad de comunicaci\u00f3n con los seres del mundo espiritual, demostrarnos fehacientemente la prueba de la inmortalidad. El simple hecho de que el ser humano se pueda comunicar con los seres del mundo espiritual trae consecuencias incalculables de la mayor gravedad, se nos revela un mundo nuevo al que [&hellip;]<\/p>","protected":false},"author":1,"featured_media":3764,"parent":0,"menu_order":0,"comment_status":"closed","ping_status":"closed","template":"","meta":{"_uag_custom_page_level_css":"","site-sidebar-layout":"default","site-content-layout":"","ast-site-content-layout":"default","site-content-style":"default","site-sidebar-style":"default","ast-global-header-display":"","ast-banner-title-visibility":"","ast-main-header-display":"","ast-hfb-above-header-display":"","ast-hfb-below-header-display":"","ast-hfb-mobile-header-display":"","site-post-title":"disabled","ast-breadcrumbs-content":"","ast-featured-img":"","footer-sml-layout":"","theme-transparent-header-meta":"","adv-header-id-meta":"","stick-header-meta":"","header-above-stick-meta":"","header-main-stick-meta":"","header-below-stick-meta":"","astra-migrate-meta-layouts":"set","ast-page-background-enabled":"default","ast-page-background-meta":{"desktop":{"background-color":"var(--ast-global-color-4)","background-image":"","background-repeat":"repeat","background-position":"center center","background-size":"auto","background-attachment":"scroll","background-type":"","background-media":"","overlay-type":"","overlay-color":"","overlay-opacity":"","overlay-gradient":""},"tablet":{"background-color":"","background-image":"","background-repeat":"repeat","background-position":"center center","background-size":"auto","background-attachment":"scroll","background-type":"","background-media":"","overlay-type":"","overlay-color":"","overlay-opacity":"","overlay-gradient":""},"mobile":{"background-color":"","background-image":"","background-repeat":"repeat","background-position":"center center","background-size":"auto","background-attachment":"scroll","background-type":"","background-media":"","overlay-type":"","overlay-color":"","overlay-opacity":"","overlay-gradient":""}},"ast-content-background-meta":{"desktop":{"background-color":"var(--ast-global-color-5)","background-image":"","background-repeat":"repeat","background-position":"center center","background-size":"auto","background-attachment":"scroll","background-type":"","background-media":"","overlay-type":"","overlay-color":"","overlay-opacity":"","overlay-gradient":""},"tablet":{"background-color":"var(--ast-global-color-5)","background-image":"","background-repeat":"repeat","background-position":"center center","background-size":"auto","background-attachment":"scroll","background-type":"","background-media":"","overlay-type":"","overlay-color":"","overlay-opacity":"","overlay-gradient":""},"mobile":{"background-color":"var(--ast-global-color-5)","background-image":"","background-repeat":"repeat","background-position":"center center","background-size":"auto","background-attachment":"scroll","background-type":"","background-media":"","overlay-type":"","overlay-color":"","overlay-opacity":"","overlay-gradient":""}},"footnotes":""},"class_list":["post-3763","page","type-page","status-publish","has-post-thumbnail","hentry"],"yoast_head":"<!-- This site is optimized with the Yoast SEO Premium plugin v24.2 (Yoast SEO v24.6) - https:\/\/yoast.com\/wordpress\/plugins\/seo\/ -->\n<title>\u00bfQu\u00e9 finalidad tiene la mediumnidad? - Uni\u00f3n Esp\u00edrita<\/title>\n<meta name=\"robots\" content=\"index, follow, max-snippet:-1, max-image-preview:large, max-video-preview:-1\" \/>\n<link rel=\"canonical\" href=\"https:\/\/nuevo-renacer.com\/fr\/que-finalidad-tiene-la-mediumnidad\/\" \/>\n<meta property=\"og:locale\" content=\"fr_FR\" \/>\n<meta property=\"og:type\" content=\"article\" \/>\n<meta property=\"og:title\" content=\"\u00bfQu\u00e9 finalidad tiene la mediumnidad?\" \/>\n<meta property=\"og:description\" content=\"\u00bfQu\u00e9 finalidad tiene la mediumnidad? Mostrar la posibilidad de comunicaci\u00f3n con los seres del mundo espiritual, demostrarnos fehacientemente la prueba de la inmortalidad. El simple hecho de que el ser humano se pueda comunicar con los seres del mundo espiritual trae consecuencias incalculables de la mayor gravedad, se nos revela un mundo nuevo al que [&hellip;]\" \/>\n<meta property=\"og:url\" content=\"https:\/\/nuevo-renacer.com\/fr\/que-finalidad-tiene-la-mediumnidad\/\" \/>\n<meta property=\"og:site_name\" content=\"Uni\u00f3n Esp\u00edrita\" \/>\n<meta property=\"article:publisher\" content=\"https:\/\/www.facebook.com\/groups\/3431398063740829\" \/>\n<meta property=\"article:modified_time\" content=\"2024-07-15T08:39:01+00:00\" \/>\n<meta property=\"og:image\" content=\"https:\/\/nuevo-renacer.com\/wp-content\/uploads\/2024\/07\/mediunidade-espirita.jpg\" \/>\n\t<meta property=\"og:image:width\" content=\"1273\" \/>\n\t<meta property=\"og:image:height\" content=\"859\" \/>\n\t<meta property=\"og:image:type\" content=\"image\/jpeg\" \/>\n<meta name=\"twitter:card\" content=\"summary_large_image\" \/>\n<meta name=\"twitter:label1\" content=\"Dur\u00e9e de lecture estim\u00e9e\" \/>\n\t<meta name=\"twitter:data1\" content=\"4 minutes\" \/>\n<script type=\"application\/ld+json\" class=\"yoast-schema-graph\">{\"@context\":\"https:\/\/schema.org\",\"@graph\":[{\"@type\":\"WebPage\",\"@id\":\"https:\/\/nuevo-renacer.com\/que-finalidad-tiene-la-mediumnidad\/\",\"url\":\"https:\/\/nuevo-renacer.com\/que-finalidad-tiene-la-mediumnidad\/\",\"name\":\"\u00bfQu\u00e9 finalidad tiene la mediumnidad? - Uni\u00f3n Esp\u00edrita\",\"isPartOf\":{\"@id\":\"https:\/\/nuevo-renacer.com\/#website\"},\"primaryImageOfPage\":{\"@id\":\"https:\/\/nuevo-renacer.com\/que-finalidad-tiene-la-mediumnidad\/#primaryimage\"},\"image\":{\"@id\":\"https:\/\/nuevo-renacer.com\/que-finalidad-tiene-la-mediumnidad\/#primaryimage\"},\"thumbnailUrl\":\"https:\/\/nuevo-renacer.com\/wp-content\/uploads\/2024\/07\/mediunidade-espirita.jpg\",\"datePublished\":\"2024-07-15T08:38:37+00:00\",\"dateModified\":\"2024-07-15T08:39:01+00:00\",\"breadcrumb\":{\"@id\":\"https:\/\/nuevo-renacer.com\/que-finalidad-tiene-la-mediumnidad\/#breadcrumb\"},\"inLanguage\":\"fr-FR\",\"potentialAction\":[{\"@type\":\"ReadAction\",\"target\":[\"https:\/\/nuevo-renacer.com\/que-finalidad-tiene-la-mediumnidad\/\"]}]},{\"@type\":\"ImageObject\",\"inLanguage\":\"fr-FR\",\"@id\":\"https:\/\/nuevo-renacer.com\/que-finalidad-tiene-la-mediumnidad\/#primaryimage\",\"url\":\"https:\/\/nuevo-renacer.com\/wp-content\/uploads\/2024\/07\/mediunidade-espirita.jpg\",\"contentUrl\":\"https:\/\/nuevo-renacer.com\/wp-content\/uploads\/2024\/07\/mediunidade-espirita.jpg\",\"width\":1273,\"height\":859},{\"@type\":\"BreadcrumbList\",\"@id\":\"https:\/\/nuevo-renacer.com\/que-finalidad-tiene-la-mediumnidad\/#breadcrumb\",\"itemListElement\":[{\"@type\":\"ListItem\",\"position\":1,\"name\":\"Startseite\",\"item\":\"https:\/\/nuevo-renacer.com\/\"},{\"@type\":\"ListItem\",\"position\":2,\"name\":\"\u00bfQu\u00e9 finalidad tiene la mediumnidad?\"}]},{\"@type\":\"WebSite\",\"@id\":\"https:\/\/nuevo-renacer.com\/#website\",\"url\":\"https:\/\/nuevo-renacer.com\/\",\"name\":\"Uni\u00f3n Esp\u00edrita\",\"description\":\"Nuevo Renacer\",\"publisher\":{\"@id\":\"https:\/\/nuevo-renacer.com\/#organization\"},\"potentialAction\":[{\"@type\":\"SearchAction\",\"target\":{\"@type\":\"EntryPoint\",\"urlTemplate\":\"https:\/\/nuevo-renacer.com\/?s={search_term_string}\"},\"query-input\":{\"@type\":\"PropertyValueSpecification\",\"valueRequired\":true,\"valueName\":\"search_term_string\"}}],\"inLanguage\":\"fr-FR\"},{\"@type\":\"Organization\",\"@id\":\"https:\/\/nuevo-renacer.com\/#organization\",\"name\":\"UFEC\",\"url\":\"https:\/\/nuevo-renacer.com\/\",\"logo\":{\"@type\":\"ImageObject\",\"inLanguage\":\"fr-FR\",\"@id\":\"https:\/\/nuevo-renacer.com\/#\/schema\/logo\/image\/\",\"url\":\"https:\/\/nuevo-renacer.com\/wp-content\/uploads\/2024\/05\/cropped-LOGO-TERMINADO1-3-3.png\",\"contentUrl\":\"https:\/\/nuevo-renacer.com\/wp-content\/uploads\/2024\/05\/cropped-LOGO-TERMINADO1-3-3.png\",\"width\":512,\"height\":512,\"caption\":\"UFEC\"},\"image\":{\"@id\":\"https:\/\/nuevo-renacer.com\/#\/schema\/logo\/image\/\"},\"sameAs\":[\"https:\/\/www.facebook.com\/groups\/3431398063740829\"]}]}<\/script>\n<!-- \/ Yoast SEO Premium plugin. -->","yoast_head_json":{"title":"\u00bfQu\u00e9 finalidad tiene la mediumnidad? - Uni\u00f3n Esp\u00edrita","robots":{"index":"index","follow":"follow","max-snippet":"max-snippet:-1","max-image-preview":"max-image-preview:large","max-video-preview":"max-video-preview:-1"},"canonical":"https:\/\/nuevo-renacer.com\/fr\/que-finalidad-tiene-la-mediumnidad\/","og_locale":"fr_FR","og_type":"article","og_title":"\u00bfQu\u00e9 finalidad tiene la mediumnidad?","og_description":"\u00bfQu\u00e9 finalidad tiene la mediumnidad? Mostrar la posibilidad de comunicaci\u00f3n con los seres del mundo espiritual, demostrarnos fehacientemente la prueba de la inmortalidad. El simple hecho de que el ser humano se pueda comunicar con los seres del mundo espiritual trae consecuencias incalculables de la mayor gravedad, se nos revela un mundo nuevo al que [&hellip;]","og_url":"https:\/\/nuevo-renacer.com\/fr\/que-finalidad-tiene-la-mediumnidad\/","og_site_name":"Uni\u00f3n Esp\u00edrita","article_publisher":"https:\/\/www.facebook.com\/groups\/3431398063740829","article_modified_time":"2024-07-15T08:39:01+00:00","og_image":[{"width":1273,"height":859,"url":"https:\/\/nuevo-renacer.com\/wp-content\/uploads\/2024\/07\/mediunidade-espirita.jpg","type":"image\/jpeg"}],"twitter_card":"summary_large_image","twitter_misc":{"Dur\u00e9e de lecture estim\u00e9e":"4 minutes"},"schema":{"@context":"https:\/\/schema.org","@graph":[{"@type":"WebPage","@id":"https:\/\/nuevo-renacer.com\/que-finalidad-tiene-la-mediumnidad\/","url":"https:\/\/nuevo-renacer.com\/que-finalidad-tiene-la-mediumnidad\/","name":"\u00bfQu\u00e9 finalidad tiene la mediumnidad? - Uni\u00f3n Esp\u00edrita","isPartOf":{"@id":"https:\/\/nuevo-renacer.com\/#website"},"primaryImageOfPage":{"@id":"https:\/\/nuevo-renacer.com\/que-finalidad-tiene-la-mediumnidad\/#primaryimage"},"image":{"@id":"https:\/\/nuevo-renacer.com\/que-finalidad-tiene-la-mediumnidad\/#primaryimage"},"thumbnailUrl":"https:\/\/nuevo-renacer.com\/wp-content\/uploads\/2024\/07\/mediunidade-espirita.jpg","datePublished":"2024-07-15T08:38:37+00:00","dateModified":"2024-07-15T08:39:01+00:00","breadcrumb":{"@id":"https:\/\/nuevo-renacer.com\/que-finalidad-tiene-la-mediumnidad\/#breadcrumb"},"inLanguage":"fr-FR","potentialAction":[{"@type":"ReadAction","target":["https:\/\/nuevo-renacer.com\/que-finalidad-tiene-la-mediumnidad\/"]}]},{"@type":"ImageObject","inLanguage":"fr-FR","@id":"https:\/\/nuevo-renacer.com\/que-finalidad-tiene-la-mediumnidad\/#primaryimage","url":"https:\/\/nuevo-renacer.com\/wp-content\/uploads\/2024\/07\/mediunidade-espirita.jpg","contentUrl":"https:\/\/nuevo-renacer.com\/wp-content\/uploads\/2024\/07\/mediunidade-espirita.jpg","width":1273,"height":859},{"@type":"BreadcrumbList","@id":"https:\/\/nuevo-renacer.com\/que-finalidad-tiene-la-mediumnidad\/#breadcrumb","itemListElement":[{"@type":"ListItem","position":1,"name":"Startseite","item":"https:\/\/nuevo-renacer.com\/"},{"@type":"ListItem","position":2,"name":"\u00bfQu\u00e9 finalidad tiene la mediumnidad?"}]},{"@type":"WebSite","@id":"https:\/\/nuevo-renacer.com\/#website","url":"https:\/\/nuevo-renacer.com\/","name":"Uni\u00f3n Esp\u00edrita","description":"Nuevo Renacer","publisher":{"@id":"https:\/\/nuevo-renacer.com\/#organization"},"potentialAction":[{"@type":"SearchAction","target":{"@type":"EntryPoint","urlTemplate":"https:\/\/nuevo-renacer.com\/?s={search_term_string}"},"query-input":{"@type":"PropertyValueSpecification","valueRequired":true,"valueName":"search_term_string"}}],"inLanguage":"fr-FR"},{"@type":"Organization","@id":"https:\/\/nuevo-renacer.com\/#organization","name":"UFEC","url":"https:\/\/nuevo-renacer.com\/","logo":{"@type":"ImageObject","inLanguage":"fr-FR","@id":"https:\/\/nuevo-renacer.com\/#\/schema\/logo\/image\/","url":"https:\/\/nuevo-renacer.com\/wp-content\/uploads\/2024\/05\/cropped-LOGO-TERMINADO1-3-3.png","contentUrl":"https:\/\/nuevo-renacer.com\/wp-content\/uploads\/2024\/05\/cropped-LOGO-TERMINADO1-3-3.png","width":512,"height":512,"caption":"UFEC"},"image":{"@id":"https:\/\/nuevo-renacer.com\/#\/schema\/logo\/image\/"},"sameAs":["https:\/\/www.facebook.com\/groups\/3431398063740829"]}]}},"uagb_featured_image_src":{"full":["https:\/\/nuevo-renacer.com\/wp-content\/uploads\/2024\/07\/mediunidade-espirita.jpg",1273,859,false],"thumbnail":["https:\/\/nuevo-renacer.com\/wp-content\/uploads\/2024\/07\/mediunidade-espirita-150x150.jpg",150,150,true],"medium":["https:\/\/nuevo-renacer.com\/wp-content\/uploads\/2024\/07\/mediunidade-espirita-300x202.jpg",300,202,true],"medium_large":["https:\/\/nuevo-renacer.com\/wp-content\/uploads\/2024\/07\/mediunidade-espirita-768x518.jpg",768,518,true],"large":["https:\/\/nuevo-renacer.com\/wp-content\/uploads\/2024\/07\/mediunidade-espirita-1024x691.jpg",1024,691,true],"1536x1536":["https:\/\/nuevo-renacer.com\/wp-content\/uploads\/2024\/07\/mediunidade-espirita.jpg",1273,859,false],"2048x2048":["https:\/\/nuevo-renacer.com\/wp-content\/uploads\/2024\/07\/mediunidade-espirita.jpg",1273,859,false],"trp-custom-language-flag":["https:\/\/nuevo-renacer.com\/wp-content\/uploads\/2024\/07\/mediunidade-espirita-18x12.jpg",18,12,true]},"uagb_author_info":{"display_name":"adbv0","author_link":"https:\/\/nuevo-renacer.com\/fr\/author\/adbv0\/"},"uagb_comment_info":0,"uagb_excerpt":"\u00bfQu\u00e9 finalidad tiene la mediumnidad? Mostrar la posibilidad de comunicaci\u00f3n con los seres del mundo espiritual, demostrarnos fehacientemente la prueba de la inmortalidad. El simple hecho de que el ser humano se pueda comunicar con los seres del mundo espiritual trae consecuencias incalculables de la mayor gravedad, se nos revela un mundo nuevo al que\u2026","jetpack_sharing_enabled":true,"_links":{"self":[{"href":"https:\/\/nuevo-renacer.com\/fr\/wp-json\/wp\/v2\/pages\/3763","targetHints":{"allow":["GET"]}}],"collection":[{"href":"https:\/\/nuevo-renacer.com\/fr\/wp-json\/wp\/v2\/pages"}],"about":[{"href":"https:\/\/nuevo-renacer.com\/fr\/wp-json\/wp\/v2\/types\/page"}],"author":[{"embeddable":true,"href":"https:\/\/nuevo-renacer.com\/fr\/wp-json\/wp\/v2\/users\/1"}],"replies":[{"embeddable":true,"href":"https:\/\/nuevo-renacer.com\/fr\/wp-json\/wp\/v2\/comments?post=3763"}],"version-history":[{"count":1,"href":"https:\/\/nuevo-renacer.com\/fr\/wp-json\/wp\/v2\/pages\/3763\/revisions"}],"predecessor-version":[{"id":3765,"href":"https:\/\/nuevo-renacer.com\/fr\/wp-json\/wp\/v2\/pages\/3763\/revisions\/3765"}],"wp:featuredmedia":[{"embeddable":true,"href":"https:\/\/nuevo-renacer.com\/fr\/wp-json\/wp\/v2\/media\/3764"}],"wp:attachment":[{"href":"https:\/\/nuevo-renacer.com\/fr\/wp-json\/wp\/v2\/media?parent=3763"}],"curies":[{"name":"wp","href":"https:\/\/api.w.org\/{rel}","templated":true}]}}