{"id":3745,"date":"2024-07-12T12:36:11","date_gmt":"2024-07-12T12:36:11","guid":{"rendered":"https:\/\/ufec-mundial.com\/?page_id=3745"},"modified":"2024-07-12T12:41:21","modified_gmt":"2024-07-12T12:41:21","slug":"inmigracion-y-emigracion-de-los-espiritus","status":"publish","type":"page","link":"https:\/\/nuevo-renacer.com\/fr\/inmigracion-y-emigracion-de-los-espiritus\/","title":{"rendered":"De l&#039;Immigration et de l&#039;\u00e9migration des esprits"},"content":{"rendered":"<div class=\"wp-block-uagb-container uagb-block-b22f4409 alignfull uagb-is-root-container\"><div class=\"uagb-container-inner-blocks-wrap\">\n<p class=\"has-medium-font-size\"><strong>De l&#039;Immigration et de l&#039;\u00e9migration des esprits<\/strong><\/p>\n<\/div><\/div>\n\n\n\n<div class=\"wp-block-uagb-container uagb-block-480b2666 alignfull uagb-is-root-container\"><div class=\"uagb-container-inner-blocks-wrap\">\n<figure class=\"wp-block-image size-large is-resized\"><img fetchpriority=\"high\" decoding=\"async\" width=\"1024\" height=\"858\" src=\"https:\/\/ufec-mundial.com\/wp-content\/uploads\/2024\/07\/Design-ohne-Titel-2-1024x858.png\" alt=\"\" class=\"wp-image-3746\" style=\"width:394px;height:auto\" srcset=\"https:\/\/nuevo-renacer.com\/wp-content\/uploads\/2024\/07\/Design-ohne-Titel-2-1024x858.png 1024w, https:\/\/nuevo-renacer.com\/wp-content\/uploads\/2024\/07\/Design-ohne-Titel-2-300x251.png 300w, https:\/\/nuevo-renacer.com\/wp-content\/uploads\/2024\/07\/Design-ohne-Titel-2-768x644.png 768w, https:\/\/nuevo-renacer.com\/wp-content\/uploads\/2024\/07\/Design-ohne-Titel-2-1536x1288.png 1536w, https:\/\/nuevo-renacer.com\/wp-content\/uploads\/2024\/07\/Design-ohne-Titel-2-2048x1717.png 2048w, https:\/\/nuevo-renacer.com\/wp-content\/uploads\/2024\/07\/Design-ohne-Titel-2-14x12.png 14w\" sizes=\"(max-width: 1024px) 100vw, 1024px\" \/><\/figure>\n<\/div><\/div>\n\n\n\n<div class=\"wp-block-uagb-container uagb-block-8486fd69 alignfull uagb-is-root-container\"><div class=\"uagb-container-inner-blocks-wrap\">\n<p class=\"has-black-color has-text-color has-link-color has-small-font-size wp-elements-17c46063961b9846404c2914e21e8752\">Dans le temps qui s&#039;\u00e9coule entre le stock physique, les esprits sont dans un \u00e9tat de l&#039;impermanence et de former la population spirituel de l&#039;environnement de la plan\u00e8te. \u00c0 travers la mort et la naissance, les deux populations se m\u00e9langent sans cesse. Donc, il y a une \u00e9migration tous les jours \u00e0 partir du monde physique au monde spirituel et les immigrations du monde spirituel au monde physique: c&#039;est l&#039;\u00e9tat normal des choses.<\/p>\n\n\n\n<p class=\"has-black-color has-text-color has-link-color has-small-font-size wp-elements-049c69cbefd641f88de544c34a112c5c\">\u00c0 certains moments, r\u00e9glement\u00e9 par la sagesse divine, ces \u00e9migrations et immigrations de se produire \u00e0 un nombre plus ou moins important qu&#039;\u00e0 la suite des grands chocs qui provoquent leur jeu simultan\u00e9 dans d&#039;immenses quantit\u00e9s, qui sont imm\u00e9diatement remplac\u00e9s par un nombre correspondant d&#039;incarnations. Les flagelles de destruction et de catastrophes doit, par cons\u00e9quent, \u00eatre consid\u00e9r\u00e9es comme des occasions, des entr\u00e9es et des sorties collectives, comme un moyen d&#039;ange de renouvellement de la population de la physique du globe, ce qui est renforc\u00e9 par l&#039;introduction d&#039;\u00e9l\u00e9ments spirituelle nouvelle et purifi\u00e9e. Bien que ces catastrophes d\u00e9truit un grand nombre d&#039;organes, il y a plus que le v\u00eatement d\u00e9chir\u00e9, qu&#039;aucun esprit ne p\u00e9rit; juste un changement de l&#039;environnement. La seule diff\u00e9rence est qu&#039;il ne s&#039;\u00e9loigne pas individuellement, mais en grand nombre, parce que, pour une raison ou une autre, doivent \u00eatre fond\u00e9es sur des, t\u00f4t ou tard.<\/p>\n\n\n\n<p class=\"has-black-color has-text-color has-link-color has-small-font-size wp-elements-2c276ea204fe2ab0d83d74df1696691d\">Renouvellement rapide, presque instantan\u00e9e, qui se produisent dans l&#039;\u00e9l\u00e9ment spirituel de la population suite \u00e0 des coups de fouet destroyers, d&#039;acc\u00e9l\u00e9rer le progr\u00e8s social; si ce n&#039;\u00e9taient les \u00e9migrations et immigrations qui viennent de temps en temps pour donner une impulsion violente, ce progr\u00e8s ne serait qu&#039;avec une extr\u00eame lenteur.<\/p>\n\n\n\n<p class=\"has-black-color has-text-color has-link-color has-small-font-size wp-elements-bbb2571b9dd52321049232e4d24ce30b\">Il convient de noter que les grandes catastrophes qui ont d\u00e9cim\u00e9 les peuples sont toujours suivies d&#039;un temps de progr\u00e8s dans la physique, intellectuel ou moral, et, par cons\u00e9quent, dans la condition sociale des pays dans lesquels ils se produisent. C&#039;est parce qu&#039;ils sont destin\u00e9s \u00e0 provoquer un changement dans la population spirituelle, qui est la population normale et active de la plan\u00e8te.<\/p>\n\n\n\n<p class=\"has-black-color has-text-color has-link-color has-small-font-size wp-elements-5dabc5a92dbd18a6001b149f9cdd8721\">La transfusion qui prend place entre les populations de la incarn\u00e9es et d\u00e9sincarn\u00e9es de la m\u00eame ballon se produit \u00e9galement entre les mondes, soit individuellement, dans des conditions normales ou sur une grande \u00e9chelle, dans des circonstances particuli\u00e8res. Il est, par cons\u00e9quent, \u00e9migrations et immigrations collective d&#039;un monde \u00e0 l&#039;autre, conduisant \u00e0 l&#039;introduction d&#039;\u00e9l\u00e9ments de compl\u00e8tement nouveau dans la population d&#039;un ballon. Les nouvelles races d&#039;esprits qui se m\u00e9langent avec la forme actuelle de nouvelles races humaines. Que les esprits ne jamais perdre ce qu&#039;ils ont conquis, ils portent avec eux l&#039;intelligence et l&#039;intuition de la connaissance qu&#039;ils poss\u00e8dent, de fa\u00e7onner votre personnage dans la course \u00e0 la physique que vous serez encourag\u00e9s. Pour ce faire, nous avons besoin de nouveaux organes cr\u00e9\u00e9s exclusivement pour eux. Les esp\u00e8ces du corporel, de sorte que vous trouverez toujours le corps pr\u00eat \u00e0 les recevoir. Par cons\u00e9quent, ils ne sont gu\u00e8re les nouveaux habitants. Quand ils arrivent \u00e0 la Terre, d&#039;abord int\u00e9grer la population, spirituelle, et ensuite l&#039;incarner comme les autres.<\/p>\n<\/div><\/div>","protected":false},"excerpt":{"rendered":"<p>Inmigraci\u00f3n y emigraci\u00f3n de los esp\u00edritus En el tiempo que transcurre entre sus existencias f\u00edsicas, los esp\u00edritus se encuentran en un estado de impermanencia y forman la poblaci\u00f3n espiritual del entorno del globo. A trav\u00e9s de la muerte y el nacimiento, las dos poblaciones se entremezclan incesantemente. Por lo tanto, hay emigraciones diarias del mundo [&hellip;]<\/p>","protected":false},"author":1,"featured_media":3746,"parent":0,"menu_order":0,"comment_status":"closed","ping_status":"closed","template":"","meta":{"_uag_custom_page_level_css":"","site-sidebar-layout":"default","site-content-layout":"","ast-site-content-layout":"default","site-content-style":"default","site-sidebar-style":"default","ast-global-header-display":"","ast-banner-title-visibility":"","ast-main-header-display":"","ast-hfb-above-header-display":"","ast-hfb-below-header-display":"","ast-hfb-mobile-header-display":"","site-post-title":"","ast-breadcrumbs-content":"","ast-featured-img":"","footer-sml-layout":"","theme-transparent-header-meta":"","adv-header-id-meta":"","stick-header-meta":"","header-above-stick-meta":"","header-main-stick-meta":"","header-below-stick-meta":"","astra-migrate-meta-layouts":"set","ast-page-background-enabled":"default","ast-page-background-meta":{"desktop":{"background-color":"var(--ast-global-color-4)","background-image":"","background-repeat":"repeat","background-position":"center center","background-size":"auto","background-attachment":"scroll","background-type":"","background-media":"","overlay-type":"","overlay-color":"","overlay-opacity":"","overlay-gradient":""},"tablet":{"background-color":"","background-image":"","background-repeat":"repeat","background-position":"center center","background-size":"auto","background-attachment":"scroll","background-type":"","background-media":"","overlay-type":"","overlay-color":"","overlay-opacity":"","overlay-gradient":""},"mobile":{"background-color":"","background-image":"","background-repeat":"repeat","background-position":"center center","background-size":"auto","background-attachment":"scroll","background-type":"","background-media":"","overlay-type":"","overlay-color":"","overlay-opacity":"","overlay-gradient":""}},"ast-content-background-meta":{"desktop":{"background-color":"var(--ast-global-color-5)","background-image":"","background-repeat":"repeat","background-position":"center center","background-size":"auto","background-attachment":"scroll","background-type":"","background-media":"","overlay-type":"","overlay-color":"","overlay-opacity":"","overlay-gradient":""},"tablet":{"background-color":"var(--ast-global-color-5)","background-image":"","background-repeat":"repeat","background-position":"center center","background-size":"auto","background-attachment":"scroll","background-type":"","background-media":"","overlay-type":"","overlay-color":"","overlay-opacity":"","overlay-gradient":""},"mobile":{"background-color":"var(--ast-global-color-5)","background-image":"","background-repeat":"repeat","background-position":"center center","background-size":"auto","background-attachment":"scroll","background-type":"","background-media":"","overlay-type":"","overlay-color":"","overlay-opacity":"","overlay-gradient":""}},"footnotes":""},"class_list":["post-3745","page","type-page","status-publish","has-post-thumbnail","hentry"],"yoast_head":"<!-- This site is optimized with the Yoast SEO Premium plugin v24.2 (Yoast SEO v24.6) - https:\/\/yoast.com\/wordpress\/plugins\/seo\/ -->\n<title>Inmigraci\u00f3n y emigraci\u00f3n de los esp\u00edritus - Uni\u00f3n Esp\u00edrita<\/title>\n<meta name=\"robots\" content=\"index, follow, max-snippet:-1, max-image-preview:large, max-video-preview:-1\" \/>\n<link rel=\"canonical\" href=\"https:\/\/nuevo-renacer.com\/fr\/inmigracion-y-emigracion-de-los-espiritus\/\" \/>\n<meta property=\"og:locale\" content=\"fr_FR\" \/>\n<meta property=\"og:type\" content=\"article\" \/>\n<meta property=\"og:title\" content=\"Inmigraci\u00f3n y emigraci\u00f3n de los esp\u00edritus\" \/>\n<meta property=\"og:description\" content=\"Inmigraci\u00f3n y emigraci\u00f3n de los esp\u00edritus En el tiempo que transcurre entre sus existencias f\u00edsicas, los esp\u00edritus se encuentran en un estado de impermanencia y forman la poblaci\u00f3n espiritual del entorno del globo. A trav\u00e9s de la muerte y el nacimiento, las dos poblaciones se entremezclan incesantemente. Por lo tanto, hay emigraciones diarias del mundo [&hellip;]\" \/>\n<meta property=\"og:url\" content=\"https:\/\/nuevo-renacer.com\/fr\/inmigracion-y-emigracion-de-los-espiritus\/\" \/>\n<meta property=\"og:site_name\" content=\"Uni\u00f3n Esp\u00edrita\" \/>\n<meta property=\"article:publisher\" content=\"https:\/\/www.facebook.com\/groups\/3431398063740829\" \/>\n<meta property=\"article:modified_time\" content=\"2024-07-12T12:41:21+00:00\" \/>\n<meta property=\"og:image\" content=\"https:\/\/nuevo-renacer.com\/wp-content\/uploads\/2024\/07\/Design-ohne-Titel-2-1024x858.png\" \/>\n\t<meta property=\"og:image:width\" content=\"1024\" \/>\n\t<meta property=\"og:image:height\" content=\"858\" \/>\n\t<meta property=\"og:image:type\" content=\"image\/png\" \/>\n<meta name=\"twitter:card\" content=\"summary_large_image\" \/>\n<meta name=\"twitter:label1\" content=\"Dur\u00e9e de lecture estim\u00e9e\" \/>\n\t<meta name=\"twitter:data1\" content=\"3 minutes\" \/>\n<script type=\"application\/ld+json\" class=\"yoast-schema-graph\">{\"@context\":\"https:\/\/schema.org\",\"@graph\":[{\"@type\":\"WebPage\",\"@id\":\"https:\/\/nuevo-renacer.com\/inmigracion-y-emigracion-de-los-espiritus\/\",\"url\":\"https:\/\/nuevo-renacer.com\/inmigracion-y-emigracion-de-los-espiritus\/\",\"name\":\"Inmigraci\u00f3n y emigraci\u00f3n de los esp\u00edritus - Uni\u00f3n Esp\u00edrita\",\"isPartOf\":{\"@id\":\"https:\/\/nuevo-renacer.com\/#website\"},\"primaryImageOfPage\":{\"@id\":\"https:\/\/nuevo-renacer.com\/inmigracion-y-emigracion-de-los-espiritus\/#primaryimage\"},\"image\":{\"@id\":\"https:\/\/nuevo-renacer.com\/inmigracion-y-emigracion-de-los-espiritus\/#primaryimage\"},\"thumbnailUrl\":\"https:\/\/nuevo-renacer.com\/wp-content\/uploads\/2024\/07\/Design-ohne-Titel-2.png\",\"datePublished\":\"2024-07-12T12:36:11+00:00\",\"dateModified\":\"2024-07-12T12:41:21+00:00\",\"breadcrumb\":{\"@id\":\"https:\/\/nuevo-renacer.com\/inmigracion-y-emigracion-de-los-espiritus\/#breadcrumb\"},\"inLanguage\":\"fr-FR\",\"potentialAction\":[{\"@type\":\"ReadAction\",\"target\":[\"https:\/\/nuevo-renacer.com\/inmigracion-y-emigracion-de-los-espiritus\/\"]}]},{\"@type\":\"ImageObject\",\"inLanguage\":\"fr-FR\",\"@id\":\"https:\/\/nuevo-renacer.com\/inmigracion-y-emigracion-de-los-espiritus\/#primaryimage\",\"url\":\"https:\/\/nuevo-renacer.com\/wp-content\/uploads\/2024\/07\/Design-ohne-Titel-2.png\",\"contentUrl\":\"https:\/\/nuevo-renacer.com\/wp-content\/uploads\/2024\/07\/Design-ohne-Titel-2.png\",\"width\":2115,\"height\":1773},{\"@type\":\"BreadcrumbList\",\"@id\":\"https:\/\/nuevo-renacer.com\/inmigracion-y-emigracion-de-los-espiritus\/#breadcrumb\",\"itemListElement\":[{\"@type\":\"ListItem\",\"position\":1,\"name\":\"Startseite\",\"item\":\"https:\/\/nuevo-renacer.com\/\"},{\"@type\":\"ListItem\",\"position\":2,\"name\":\"Inmigraci\u00f3n y emigraci\u00f3n de los esp\u00edritus\"}]},{\"@type\":\"WebSite\",\"@id\":\"https:\/\/nuevo-renacer.com\/#website\",\"url\":\"https:\/\/nuevo-renacer.com\/\",\"name\":\"Uni\u00f3n Esp\u00edrita\",\"description\":\"Nuevo Renacer\",\"publisher\":{\"@id\":\"https:\/\/nuevo-renacer.com\/#organization\"},\"potentialAction\":[{\"@type\":\"SearchAction\",\"target\":{\"@type\":\"EntryPoint\",\"urlTemplate\":\"https:\/\/nuevo-renacer.com\/?s={search_term_string}\"},\"query-input\":{\"@type\":\"PropertyValueSpecification\",\"valueRequired\":true,\"valueName\":\"search_term_string\"}}],\"inLanguage\":\"fr-FR\"},{\"@type\":\"Organization\",\"@id\":\"https:\/\/nuevo-renacer.com\/#organization\",\"name\":\"UFEC\",\"url\":\"https:\/\/nuevo-renacer.com\/\",\"logo\":{\"@type\":\"ImageObject\",\"inLanguage\":\"fr-FR\",\"@id\":\"https:\/\/nuevo-renacer.com\/#\/schema\/logo\/image\/\",\"url\":\"https:\/\/nuevo-renacer.com\/wp-content\/uploads\/2024\/05\/cropped-LOGO-TERMINADO1-3-3.png\",\"contentUrl\":\"https:\/\/nuevo-renacer.com\/wp-content\/uploads\/2024\/05\/cropped-LOGO-TERMINADO1-3-3.png\",\"width\":512,\"height\":512,\"caption\":\"UFEC\"},\"image\":{\"@id\":\"https:\/\/nuevo-renacer.com\/#\/schema\/logo\/image\/\"},\"sameAs\":[\"https:\/\/www.facebook.com\/groups\/3431398063740829\"]}]}<\/script>\n<!-- \/ Yoast SEO Premium plugin. -->","yoast_head_json":{"title":"Inmigraci\u00f3n y emigraci\u00f3n de los esp\u00edritus - Uni\u00f3n Esp\u00edrita","robots":{"index":"index","follow":"follow","max-snippet":"max-snippet:-1","max-image-preview":"max-image-preview:large","max-video-preview":"max-video-preview:-1"},"canonical":"https:\/\/nuevo-renacer.com\/fr\/inmigracion-y-emigracion-de-los-espiritus\/","og_locale":"fr_FR","og_type":"article","og_title":"Inmigraci\u00f3n y emigraci\u00f3n de los esp\u00edritus","og_description":"Inmigraci\u00f3n y emigraci\u00f3n de los esp\u00edritus En el tiempo que transcurre entre sus existencias f\u00edsicas, los esp\u00edritus se encuentran en un estado de impermanencia y forman la poblaci\u00f3n espiritual del entorno del globo. A trav\u00e9s de la muerte y el nacimiento, las dos poblaciones se entremezclan incesantemente. Por lo tanto, hay emigraciones diarias del mundo [&hellip;]","og_url":"https:\/\/nuevo-renacer.com\/fr\/inmigracion-y-emigracion-de-los-espiritus\/","og_site_name":"Uni\u00f3n Esp\u00edrita","article_publisher":"https:\/\/www.facebook.com\/groups\/3431398063740829","article_modified_time":"2024-07-12T12:41:21+00:00","og_image":[{"width":1024,"height":858,"url":"https:\/\/nuevo-renacer.com\/wp-content\/uploads\/2024\/07\/Design-ohne-Titel-2-1024x858.png","type":"image\/png"}],"twitter_card":"summary_large_image","twitter_misc":{"Dur\u00e9e de lecture estim\u00e9e":"3 minutes"},"schema":{"@context":"https:\/\/schema.org","@graph":[{"@type":"WebPage","@id":"https:\/\/nuevo-renacer.com\/inmigracion-y-emigracion-de-los-espiritus\/","url":"https:\/\/nuevo-renacer.com\/inmigracion-y-emigracion-de-los-espiritus\/","name":"Inmigraci\u00f3n y emigraci\u00f3n de los esp\u00edritus - Uni\u00f3n Esp\u00edrita","isPartOf":{"@id":"https:\/\/nuevo-renacer.com\/#website"},"primaryImageOfPage":{"@id":"https:\/\/nuevo-renacer.com\/inmigracion-y-emigracion-de-los-espiritus\/#primaryimage"},"image":{"@id":"https:\/\/nuevo-renacer.com\/inmigracion-y-emigracion-de-los-espiritus\/#primaryimage"},"thumbnailUrl":"https:\/\/nuevo-renacer.com\/wp-content\/uploads\/2024\/07\/Design-ohne-Titel-2.png","datePublished":"2024-07-12T12:36:11+00:00","dateModified":"2024-07-12T12:41:21+00:00","breadcrumb":{"@id":"https:\/\/nuevo-renacer.com\/inmigracion-y-emigracion-de-los-espiritus\/#breadcrumb"},"inLanguage":"fr-FR","potentialAction":[{"@type":"ReadAction","target":["https:\/\/nuevo-renacer.com\/inmigracion-y-emigracion-de-los-espiritus\/"]}]},{"@type":"ImageObject","inLanguage":"fr-FR","@id":"https:\/\/nuevo-renacer.com\/inmigracion-y-emigracion-de-los-espiritus\/#primaryimage","url":"https:\/\/nuevo-renacer.com\/wp-content\/uploads\/2024\/07\/Design-ohne-Titel-2.png","contentUrl":"https:\/\/nuevo-renacer.com\/wp-content\/uploads\/2024\/07\/Design-ohne-Titel-2.png","width":2115,"height":1773},{"@type":"BreadcrumbList","@id":"https:\/\/nuevo-renacer.com\/inmigracion-y-emigracion-de-los-espiritus\/#breadcrumb","itemListElement":[{"@type":"ListItem","position":1,"name":"Startseite","item":"https:\/\/nuevo-renacer.com\/"},{"@type":"ListItem","position":2,"name":"Inmigraci\u00f3n y emigraci\u00f3n de los esp\u00edritus"}]},{"@type":"WebSite","@id":"https:\/\/nuevo-renacer.com\/#website","url":"https:\/\/nuevo-renacer.com\/","name":"Uni\u00f3n Esp\u00edrita","description":"Nuevo Renacer","publisher":{"@id":"https:\/\/nuevo-renacer.com\/#organization"},"potentialAction":[{"@type":"SearchAction","target":{"@type":"EntryPoint","urlTemplate":"https:\/\/nuevo-renacer.com\/?s={search_term_string}"},"query-input":{"@type":"PropertyValueSpecification","valueRequired":true,"valueName":"search_term_string"}}],"inLanguage":"fr-FR"},{"@type":"Organization","@id":"https:\/\/nuevo-renacer.com\/#organization","name":"UFEC","url":"https:\/\/nuevo-renacer.com\/","logo":{"@type":"ImageObject","inLanguage":"fr-FR","@id":"https:\/\/nuevo-renacer.com\/#\/schema\/logo\/image\/","url":"https:\/\/nuevo-renacer.com\/wp-content\/uploads\/2024\/05\/cropped-LOGO-TERMINADO1-3-3.png","contentUrl":"https:\/\/nuevo-renacer.com\/wp-content\/uploads\/2024\/05\/cropped-LOGO-TERMINADO1-3-3.png","width":512,"height":512,"caption":"UFEC"},"image":{"@id":"https:\/\/nuevo-renacer.com\/#\/schema\/logo\/image\/"},"sameAs":["https:\/\/www.facebook.com\/groups\/3431398063740829"]}]}},"uagb_featured_image_src":{"full":["https:\/\/nuevo-renacer.com\/wp-content\/uploads\/2024\/07\/Design-ohne-Titel-2.png",2115,1773,false],"thumbnail":["https:\/\/nuevo-renacer.com\/wp-content\/uploads\/2024\/07\/Design-ohne-Titel-2-150x150.png",150,150,true],"medium":["https:\/\/nuevo-renacer.com\/wp-content\/uploads\/2024\/07\/Design-ohne-Titel-2-300x251.png",300,251,true],"medium_large":["https:\/\/nuevo-renacer.com\/wp-content\/uploads\/2024\/07\/Design-ohne-Titel-2-768x644.png",768,644,true],"large":["https:\/\/nuevo-renacer.com\/wp-content\/uploads\/2024\/07\/Design-ohne-Titel-2-1024x858.png",1024,858,true],"1536x1536":["https:\/\/nuevo-renacer.com\/wp-content\/uploads\/2024\/07\/Design-ohne-Titel-2-1536x1288.png",1536,1288,true],"2048x2048":["https:\/\/nuevo-renacer.com\/wp-content\/uploads\/2024\/07\/Design-ohne-Titel-2-2048x1717.png",2048,1717,true],"trp-custom-language-flag":["https:\/\/nuevo-renacer.com\/wp-content\/uploads\/2024\/07\/Design-ohne-Titel-2-14x12.png",14,12,true]},"uagb_author_info":{"display_name":"adbv0","author_link":"https:\/\/nuevo-renacer.com\/fr\/author\/adbv0\/"},"uagb_comment_info":0,"uagb_excerpt":"Inmigraci\u00f3n y emigraci\u00f3n de los esp\u00edritus En el tiempo que transcurre entre sus existencias f\u00edsicas, los esp\u00edritus se encuentran en un estado de impermanencia y forman la poblaci\u00f3n espiritual del entorno del globo. A trav\u00e9s de la muerte y el nacimiento, las dos poblaciones se entremezclan incesantemente. Por lo tanto, hay emigraciones diarias del mundo\u2026","jetpack_sharing_enabled":true,"_links":{"self":[{"href":"https:\/\/nuevo-renacer.com\/fr\/wp-json\/wp\/v2\/pages\/3745","targetHints":{"allow":["GET"]}}],"collection":[{"href":"https:\/\/nuevo-renacer.com\/fr\/wp-json\/wp\/v2\/pages"}],"about":[{"href":"https:\/\/nuevo-renacer.com\/fr\/wp-json\/wp\/v2\/types\/page"}],"author":[{"embeddable":true,"href":"https:\/\/nuevo-renacer.com\/fr\/wp-json\/wp\/v2\/users\/1"}],"replies":[{"embeddable":true,"href":"https:\/\/nuevo-renacer.com\/fr\/wp-json\/wp\/v2\/comments?post=3745"}],"version-history":[{"count":2,"href":"https:\/\/nuevo-renacer.com\/fr\/wp-json\/wp\/v2\/pages\/3745\/revisions"}],"predecessor-version":[{"id":3750,"href":"https:\/\/nuevo-renacer.com\/fr\/wp-json\/wp\/v2\/pages\/3745\/revisions\/3750"}],"wp:featuredmedia":[{"embeddable":true,"href":"https:\/\/nuevo-renacer.com\/fr\/wp-json\/wp\/v2\/media\/3746"}],"wp:attachment":[{"href":"https:\/\/nuevo-renacer.com\/fr\/wp-json\/wp\/v2\/media?parent=3745"}],"curies":[{"name":"wp","href":"https:\/\/api.w.org\/{rel}","templated":true}]}}