{"id":3689,"date":"2024-07-12T06:03:48","date_gmt":"2024-07-12T06:03:48","guid":{"rendered":"https:\/\/ufec-mundial.com\/?page_id=3689"},"modified":"2025-05-23T09:44:16","modified_gmt":"2025-05-23T09:44:16","slug":"espiritus-obsesores","status":"publish","type":"page","link":"https:\/\/nuevo-renacer.com\/fr\/espiritus-obsesores\/","title":{"rendered":"Les esprits obsesores"},"content":{"rendered":"<div class=\"wp-block-uagb-container uagb-block-695bb8af alignfull uagb-is-root-container\"><div class=\"uagb-container-inner-blocks-wrap\">\n<p class=\"has-black-color has-text-color has-link-color has-medium-font-size wp-elements-dc18da99ff3fd4cffac9e72138c6e011\"><strong>Les esprits obsesores<\/strong><\/p>\n<\/div><\/div>\n\n\n\n<div class=\"wp-block-uagb-container uagb-block-bca80060 alignfull uagb-is-root-container\"><div class=\"uagb-container-inner-blocks-wrap\">\n<figure class=\"wp-block-image alignleft size-full is-resized\"><img fetchpriority=\"high\" decoding=\"async\" width=\"395\" height=\"263\" src=\"https:\/\/nuevo-renacer.com\/wp-content\/uploads\/2024\/07\/unnamed.jpg\" alt=\"\" class=\"wp-image-3690\" style=\"width:413px;height:auto\" srcset=\"https:\/\/nuevo-renacer.com\/wp-content\/uploads\/2024\/07\/unnamed.jpg 395w, https:\/\/nuevo-renacer.com\/wp-content\/uploads\/2024\/07\/unnamed-300x200.jpg 300w, https:\/\/nuevo-renacer.com\/wp-content\/uploads\/2024\/07\/unnamed-18x12.jpg 18w\" sizes=\"(max-width: 395px) 100vw, 395px\" \/><\/figure>\n<\/div><\/div>\n\n\n\n<div class=\"wp-block-uagb-container uagb-block-80a77c0c alignfull uagb-is-root-container\"><div class=\"uagb-container-inner-blocks-wrap\">\n<p class=\"has-black-color has-text-color has-link-color has-small-font-size wp-elements-c6a6459327986fd1d01b47ec52dbae26\">L&#039;obsession de l&#039;esprit se r\u00e9f\u00e8re \u00e0 une situation dans laquelle un esprit d\u00e9sincarn\u00e9, exerce une influence n\u00e9gative ou nuisibles sur une personne vivante sur le plan de la terre. Cette influence peut se manifester de diff\u00e9rentes fa\u00e7ons et \u00e0 des degr\u00e9s divers d&#039;intensit\u00e9, que je vais citer ci-dessous les types d&#039;obsession spirituelle: l&#039;obsession simple, de fascination et d&#039;subjugaci\u00f3n, selon la terminologie utilis\u00e9e dans la doctrine spirite.<\/p>\n\n\n\n<p class=\"has-black-color has-text-color has-link-color has-small-font-size wp-elements-5f1711fde3a349f8f6a39cebd9fe9db9\">En termes g\u00e9n\u00e9raux, l&#039;obsession spirituelle implique une ing\u00e9rence de l&#039;esprit, les pens\u00e9es, les \u00e9motions, ou des actions de la personne hant\u00e9e par un esprit d\u00e9sincarn\u00e9. Cette interf\u00e9rence peut \u00eatre conscient ou inconscient, en fonction de la situation. Les causes de l&#039;obsession spirituelle peuvent varier et peuvent \u00eatre li\u00e9es \u00e0 des liens karmiques affinit\u00e9s spirituelles ou m\u00eame l&#039;\u00e9tat mental et \u00e9motionnel de la personne dans la terre.<\/p>\n\n\n\n<p class=\"has-black-color has-text-color has-link-color has-small-font-size wp-elements-283864e0cb4d331f9c5a359ee03a854e\">L&#039;obsession spirituelle, vous pouvez avoir des effets n\u00e9fastes sur la vie de la personne affect\u00e9e, y compris des changements dans le comportement, les pens\u00e9es n\u00e9gatives, les pulsions destructrices, les \u00e9tats \u00e9motionnels, d\u00e9s\u00e9quilibr\u00e9e et, dans les cas graves, la perte de son libre arbitre.<\/p>\n\n\n\n<p class=\"has-black-color has-text-color has-link-color has-small-font-size wp-elements-6bedcc38a0fa695c3c96ae6c0996a162\">Il est important de noter que, selon la doctrine spirite, l&#039;obsession, le spirituel n&#039;est pas une punition divine, ou la possession d\u00e9moniaque, mais plut\u00f4t une manifestation spirituelle d\u00e9s\u00e9quilibre qui peut \u00eatre trait\u00e9e et de surmonter gr\u00e2ce \u00e0 l&#039;aide des m\u00e9diums, des th\u00e9rapeutes, spirituel, et l&#039;application des principes spirituels, tels que la charit\u00e9 et l&#039;\u00e9l\u00e9vation spirituelle. L&#039;obsession spirituelle est vu comme une occasion d&#039;apprentissage et de croissance spirituelle, \u00e0 la fois pour la personne concern\u00e9e ainsi que pour les esprits impliqu\u00e9s.<\/p>\n\n\n\n<p class=\"has-black-color has-text-color has-link-color wp-elements-c7afdfae22dff4c3966b0025d91ac19c\">Les trois degr\u00e9s de l&#039;obsession:<\/p>\n\n\n\n<div class=\"wp-block-group is-layout-constrained wp-block-group-is-layout-constrained\">\n<p class=\"has-black-color has-text-color has-link-color has-small-font-size wp-elements-17742953c9d5aef5a06d1321647279ac\"><strong>L&#039;Obsession Simple:<\/strong><\/p>\n\n\n\n<p class=\"has-black-color has-text-color has-link-color has-small-font-size wp-elements-b94f27f4f892c85b1f3bee9e76c33239\">L&#039;obsession est l&#039;influence ou ing\u00e9rence des esprits d\u00e9sincarn\u00e9s dans l&#039;esprit d&#039;une personne, qui peut \u00eatre plus ou moins intense. Dans ce type d&#039;obsession, les esprits peuvent influencer les pens\u00e9es, les \u00e9motions et les actions de l&#039;individu, sans en \u00eatre pleinement conscients. Peut \u00eatre des pens\u00e9es ou des impulsions n\u00e9gatives qui ne sont pas en ligne avec votre personnalit\u00e9 ou les valeurs de la personne. L&#039;obsession de la simple habitude n&#039;implique pas un contr\u00f4le complet sur l&#039;individu et peuvent varier en intensit\u00e9.<\/p>\n<\/div>\n\n\n\n<div class=\"wp-block-group is-layout-constrained wp-block-group-is-layout-constrained\">\n<p class=\"has-black-color has-text-color has-link-color has-small-font-size wp-elements-6ab05faa16694dbdc49154a5c15312bd\"><strong>Fascination:<\/strong><\/p>\n\n\n\n<p class=\"has-black-color has-text-color has-link-color has-small-font-size wp-elements-0426eddd6d4d7bdf91b6a681166a2143\">Le leurre est un type de l&#039;obsession de la spirituelle et la plus intense et dangereux. Dans ce cas, un esprit d\u00e9sincarn\u00e9, exerce un contr\u00f4le plus fort sur les esprits et les actions de la personne obs\u00e9d\u00e9e. La victime peut devenir compl\u00e8tement domin\u00e9 par l&#039;influence de l&#039;esprit obsesor, de perdre leur libre arbitre et la capacit\u00e9 de prendre des d\u00e9cisions. Cela peut provoquer une personne \u00e0 agir de mani\u00e8re impulsive et auto-destructeur, et il est souvent n\u00e9cessaire \u00e0 l&#039;appui d&#039;un m\u00e9dium ou d&#039;un sp\u00e9cialiste de la desobsesi\u00f3n de l&#039;aide spirituelle dans le communiqu\u00e9.<\/p>\n<\/div>\n\n\n\n<div class=\"wp-block-group is-layout-constrained wp-block-group-is-layout-constrained\">\n<p class=\"has-black-color has-text-color has-link-color has-small-font-size wp-elements-92a70b0ae0195bca5ad33d42a2525fef\"><strong>Subjugaci\u00f3n:<\/strong><\/p>\n\n\n\n<p class=\"has-black-color has-text-color has-link-color has-small-font-size wp-elements-8b46d29b56703d8757d09cb21ae8861f\">Le subjugaci\u00f3n est la forme la plus grave de l&#039;obsession spirituelle. Dans ce cas, un esprit d\u00e9sincarn\u00e9 exercer un contr\u00f4le total sur la victime, frapper compl\u00e8tement \u00e0 sa volont\u00e9 et de la personnalit\u00e9. La personne assujettie, agissant comme une marionnette dans les mains de l&#039;esprit obsesor, et peut effectuer des actes extr\u00eamement dangereux pour eux-m\u00eames et pour les autres. Le subjugaci\u00f3n est une situation dangereuse et n\u00e9cessite une intervention spirituelle sp\u00e9cialiste de la lib\u00e9ration de la personne de l&#039;influence de l&#039;esprit obsesor.<\/p>\n<\/div>\n\n\n\n<p class=\"has-black-color has-text-color has-link-color has-small-font-size wp-elements-b13d75557a9c03078d5fc67067ca245a\">Il est important de noter que, selon la doctrine spirite, le processus de l&#039;obsession spirituelle est consid\u00e9r\u00e9 comme r\u00e9versible, et vous pouvez demander de l&#039;aide spirituelle et de th\u00e9rapie pour se d\u00e9barrasser de l&#039;influence des esprits obsesores. La pratique de la charit\u00e9, de la pri\u00e8re et de l&#039;\u00e9l\u00e9vation spirituelle est consid\u00e9r\u00e9 comme outils efficaces de lutte contre l&#039;obsession de la spirituelle et de r\u00e9tablir l&#039;\u00e9quilibre mental et spirituel.<\/p>\n<\/div><\/div>\n\n\n\n<div class=\"wp-block-uagb-container uagb-block-eeedf684 alignfull uagb-is-root-container\"><div class=\"uagb-container-inner-blocks-wrap\"><\/div><\/div>\n\n\n\n<div class=\"wp-block-uagb-container uagb-block-76ce5bae alignfull uagb-is-root-container\"><div class=\"uagb-container-inner-blocks-wrap\"><\/div><\/div>","protected":false},"excerpt":{"rendered":"<p>Esp\u00edritus obsesores La obsesi\u00f3n de un esp\u00edritu se refiere a una situaci\u00f3n en la cual un esp\u00edritu desencarnado ejerce una influencia negativa o perjudicial sobre una persona viva en el plano terrenal. Esta influencia puede manifestarse de diferentes maneras y en distintos grados de intensidad, como te menciono m\u00e1s abajo en los tipos de obsesi\u00f3n [&hellip;]<\/p>","protected":false},"author":1,"featured_media":3690,"parent":0,"menu_order":0,"comment_status":"closed","ping_status":"closed","template":"","meta":{"_uag_custom_page_level_css":"","site-sidebar-layout":"default","site-content-layout":"","ast-site-content-layout":"default","site-content-style":"default","site-sidebar-style":"default","ast-global-header-display":"","ast-banner-title-visibility":"","ast-main-header-display":"","ast-hfb-above-header-display":"","ast-hfb-below-header-display":"","ast-hfb-mobile-header-display":"","site-post-title":"disabled","ast-breadcrumbs-content":"","ast-featured-img":"","footer-sml-layout":"","theme-transparent-header-meta":"","adv-header-id-meta":"","stick-header-meta":"","header-above-stick-meta":"","header-main-stick-meta":"","header-below-stick-meta":"","astra-migrate-meta-layouts":"set","ast-page-background-enabled":"default","ast-page-background-meta":{"desktop":{"background-color":"var(--ast-global-color-4)","background-image":"","background-repeat":"repeat","background-position":"center center","background-size":"auto","background-attachment":"scroll","background-type":"","background-media":"","overlay-type":"","overlay-color":"","overlay-opacity":"","overlay-gradient":""},"tablet":{"background-color":"","background-image":"","background-repeat":"repeat","background-position":"center center","background-size":"auto","background-attachment":"scroll","background-type":"","background-media":"","overlay-type":"","overlay-color":"","overlay-opacity":"","overlay-gradient":""},"mobile":{"background-color":"","background-image":"","background-repeat":"repeat","background-position":"center center","background-size":"auto","background-attachment":"scroll","background-type":"","background-media":"","overlay-type":"","overlay-color":"","overlay-opacity":"","overlay-gradient":""}},"ast-content-background-meta":{"desktop":{"background-color":"var(--ast-global-color-5)","background-image":"","background-repeat":"repeat","background-position":"center center","background-size":"auto","background-attachment":"scroll","background-type":"","background-media":"","overlay-type":"","overlay-color":"","overlay-opacity":"","overlay-gradient":""},"tablet":{"background-color":"var(--ast-global-color-5)","background-image":"","background-repeat":"repeat","background-position":"center center","background-size":"auto","background-attachment":"scroll","background-type":"","background-media":"","overlay-type":"","overlay-color":"","overlay-opacity":"","overlay-gradient":""},"mobile":{"background-color":"var(--ast-global-color-5)","background-image":"","background-repeat":"repeat","background-position":"center center","background-size":"auto","background-attachment":"scroll","background-type":"","background-media":"","overlay-type":"","overlay-color":"","overlay-opacity":"","overlay-gradient":""}},"footnotes":""},"class_list":["post-3689","page","type-page","status-publish","has-post-thumbnail","hentry"],"yoast_head":"<!-- This site is optimized with the Yoast SEO Premium plugin v24.2 (Yoast SEO v24.6) - https:\/\/yoast.com\/wordpress\/plugins\/seo\/ -->\n<title>Esp\u00edritus obsesores - Uni\u00f3n Esp\u00edrita<\/title>\n<meta name=\"robots\" content=\"index, follow, max-snippet:-1, max-image-preview:large, max-video-preview:-1\" \/>\n<link rel=\"canonical\" href=\"https:\/\/nuevo-renacer.com\/fr\/espiritus-obsesores\/\" \/>\n<meta property=\"og:locale\" content=\"fr_FR\" \/>\n<meta property=\"og:type\" content=\"article\" \/>\n<meta property=\"og:title\" content=\"Esp\u00edritus obsesores\" \/>\n<meta property=\"og:description\" content=\"Esp\u00edritus obsesores La obsesi\u00f3n de un esp\u00edritu se refiere a una situaci\u00f3n en la cual un esp\u00edritu desencarnado ejerce una influencia negativa o perjudicial sobre una persona viva en el plano terrenal. Esta influencia puede manifestarse de diferentes maneras y en distintos grados de intensidad, como te menciono m\u00e1s abajo en los tipos de obsesi\u00f3n [&hellip;]\" \/>\n<meta property=\"og:url\" content=\"https:\/\/nuevo-renacer.com\/fr\/espiritus-obsesores\/\" \/>\n<meta property=\"og:site_name\" content=\"Uni\u00f3n Esp\u00edrita\" \/>\n<meta property=\"article:publisher\" content=\"https:\/\/www.facebook.com\/groups\/3431398063740829\" \/>\n<meta property=\"article:modified_time\" content=\"2025-05-23T09:44:16+00:00\" \/>\n<meta property=\"og:image\" content=\"https:\/\/nuevo-renacer.com\/wp-content\/uploads\/2024\/07\/unnamed.jpg\" \/>\n\t<meta property=\"og:image:width\" content=\"395\" \/>\n\t<meta property=\"og:image:height\" content=\"263\" \/>\n\t<meta property=\"og:image:type\" content=\"image\/jpeg\" \/>\n<meta name=\"twitter:card\" content=\"summary_large_image\" \/>\n<meta name=\"twitter:label1\" content=\"Dur\u00e9e de lecture estim\u00e9e\" \/>\n\t<meta name=\"twitter:data1\" content=\"4 minutes\" \/>\n<script type=\"application\/ld+json\" class=\"yoast-schema-graph\">{\"@context\":\"https:\/\/schema.org\",\"@graph\":[{\"@type\":\"WebPage\",\"@id\":\"https:\/\/nuevo-renacer.com\/espiritus-obsesores\/\",\"url\":\"https:\/\/nuevo-renacer.com\/espiritus-obsesores\/\",\"name\":\"Esp\u00edritus obsesores - Uni\u00f3n Esp\u00edrita\",\"isPartOf\":{\"@id\":\"https:\/\/nuevo-renacer.com\/#website\"},\"primaryImageOfPage\":{\"@id\":\"https:\/\/nuevo-renacer.com\/espiritus-obsesores\/#primaryimage\"},\"image\":{\"@id\":\"https:\/\/nuevo-renacer.com\/espiritus-obsesores\/#primaryimage\"},\"thumbnailUrl\":\"https:\/\/nuevo-renacer.com\/wp-content\/uploads\/2024\/07\/unnamed.jpg\",\"datePublished\":\"2024-07-12T06:03:48+00:00\",\"dateModified\":\"2025-05-23T09:44:16+00:00\",\"breadcrumb\":{\"@id\":\"https:\/\/nuevo-renacer.com\/espiritus-obsesores\/#breadcrumb\"},\"inLanguage\":\"fr-FR\",\"potentialAction\":[{\"@type\":\"ReadAction\",\"target\":[\"https:\/\/nuevo-renacer.com\/espiritus-obsesores\/\"]}]},{\"@type\":\"ImageObject\",\"inLanguage\":\"fr-FR\",\"@id\":\"https:\/\/nuevo-renacer.com\/espiritus-obsesores\/#primaryimage\",\"url\":\"https:\/\/nuevo-renacer.com\/wp-content\/uploads\/2024\/07\/unnamed.jpg\",\"contentUrl\":\"https:\/\/nuevo-renacer.com\/wp-content\/uploads\/2024\/07\/unnamed.jpg\",\"width\":395,\"height\":263},{\"@type\":\"BreadcrumbList\",\"@id\":\"https:\/\/nuevo-renacer.com\/espiritus-obsesores\/#breadcrumb\",\"itemListElement\":[{\"@type\":\"ListItem\",\"position\":1,\"name\":\"Startseite\",\"item\":\"https:\/\/nuevo-renacer.com\/\"},{\"@type\":\"ListItem\",\"position\":2,\"name\":\"Esp\u00edritus obsesores\"}]},{\"@type\":\"WebSite\",\"@id\":\"https:\/\/nuevo-renacer.com\/#website\",\"url\":\"https:\/\/nuevo-renacer.com\/\",\"name\":\"Uni\u00f3n Esp\u00edrita\",\"description\":\"Nuevo Renacer\",\"publisher\":{\"@id\":\"https:\/\/nuevo-renacer.com\/#organization\"},\"potentialAction\":[{\"@type\":\"SearchAction\",\"target\":{\"@type\":\"EntryPoint\",\"urlTemplate\":\"https:\/\/nuevo-renacer.com\/?s={search_term_string}\"},\"query-input\":{\"@type\":\"PropertyValueSpecification\",\"valueRequired\":true,\"valueName\":\"search_term_string\"}}],\"inLanguage\":\"fr-FR\"},{\"@type\":\"Organization\",\"@id\":\"https:\/\/nuevo-renacer.com\/#organization\",\"name\":\"UFEC\",\"url\":\"https:\/\/nuevo-renacer.com\/\",\"logo\":{\"@type\":\"ImageObject\",\"inLanguage\":\"fr-FR\",\"@id\":\"https:\/\/nuevo-renacer.com\/#\/schema\/logo\/image\/\",\"url\":\"https:\/\/nuevo-renacer.com\/wp-content\/uploads\/2024\/05\/cropped-LOGO-TERMINADO1-3-3.png\",\"contentUrl\":\"https:\/\/nuevo-renacer.com\/wp-content\/uploads\/2024\/05\/cropped-LOGO-TERMINADO1-3-3.png\",\"width\":512,\"height\":512,\"caption\":\"UFEC\"},\"image\":{\"@id\":\"https:\/\/nuevo-renacer.com\/#\/schema\/logo\/image\/\"},\"sameAs\":[\"https:\/\/www.facebook.com\/groups\/3431398063740829\"]}]}<\/script>\n<!-- \/ Yoast SEO Premium plugin. -->","yoast_head_json":{"title":"Esp\u00edritus obsesores - Uni\u00f3n Esp\u00edrita","robots":{"index":"index","follow":"follow","max-snippet":"max-snippet:-1","max-image-preview":"max-image-preview:large","max-video-preview":"max-video-preview:-1"},"canonical":"https:\/\/nuevo-renacer.com\/fr\/espiritus-obsesores\/","og_locale":"fr_FR","og_type":"article","og_title":"Esp\u00edritus obsesores","og_description":"Esp\u00edritus obsesores La obsesi\u00f3n de un esp\u00edritu se refiere a una situaci\u00f3n en la cual un esp\u00edritu desencarnado ejerce una influencia negativa o perjudicial sobre una persona viva en el plano terrenal. Esta influencia puede manifestarse de diferentes maneras y en distintos grados de intensidad, como te menciono m\u00e1s abajo en los tipos de obsesi\u00f3n [&hellip;]","og_url":"https:\/\/nuevo-renacer.com\/fr\/espiritus-obsesores\/","og_site_name":"Uni\u00f3n Esp\u00edrita","article_publisher":"https:\/\/www.facebook.com\/groups\/3431398063740829","article_modified_time":"2025-05-23T09:44:16+00:00","og_image":[{"width":395,"height":263,"url":"https:\/\/nuevo-renacer.com\/wp-content\/uploads\/2024\/07\/unnamed.jpg","type":"image\/jpeg"}],"twitter_card":"summary_large_image","twitter_misc":{"Dur\u00e9e de lecture estim\u00e9e":"4 minutes"},"schema":{"@context":"https:\/\/schema.org","@graph":[{"@type":"WebPage","@id":"https:\/\/nuevo-renacer.com\/espiritus-obsesores\/","url":"https:\/\/nuevo-renacer.com\/espiritus-obsesores\/","name":"Esp\u00edritus obsesores - Uni\u00f3n Esp\u00edrita","isPartOf":{"@id":"https:\/\/nuevo-renacer.com\/#website"},"primaryImageOfPage":{"@id":"https:\/\/nuevo-renacer.com\/espiritus-obsesores\/#primaryimage"},"image":{"@id":"https:\/\/nuevo-renacer.com\/espiritus-obsesores\/#primaryimage"},"thumbnailUrl":"https:\/\/nuevo-renacer.com\/wp-content\/uploads\/2024\/07\/unnamed.jpg","datePublished":"2024-07-12T06:03:48+00:00","dateModified":"2025-05-23T09:44:16+00:00","breadcrumb":{"@id":"https:\/\/nuevo-renacer.com\/espiritus-obsesores\/#breadcrumb"},"inLanguage":"fr-FR","potentialAction":[{"@type":"ReadAction","target":["https:\/\/nuevo-renacer.com\/espiritus-obsesores\/"]}]},{"@type":"ImageObject","inLanguage":"fr-FR","@id":"https:\/\/nuevo-renacer.com\/espiritus-obsesores\/#primaryimage","url":"https:\/\/nuevo-renacer.com\/wp-content\/uploads\/2024\/07\/unnamed.jpg","contentUrl":"https:\/\/nuevo-renacer.com\/wp-content\/uploads\/2024\/07\/unnamed.jpg","width":395,"height":263},{"@type":"BreadcrumbList","@id":"https:\/\/nuevo-renacer.com\/espiritus-obsesores\/#breadcrumb","itemListElement":[{"@type":"ListItem","position":1,"name":"Startseite","item":"https:\/\/nuevo-renacer.com\/"},{"@type":"ListItem","position":2,"name":"Esp\u00edritus obsesores"}]},{"@type":"WebSite","@id":"https:\/\/nuevo-renacer.com\/#website","url":"https:\/\/nuevo-renacer.com\/","name":"Uni\u00f3n Esp\u00edrita","description":"Nuevo Renacer","publisher":{"@id":"https:\/\/nuevo-renacer.com\/#organization"},"potentialAction":[{"@type":"SearchAction","target":{"@type":"EntryPoint","urlTemplate":"https:\/\/nuevo-renacer.com\/?s={search_term_string}"},"query-input":{"@type":"PropertyValueSpecification","valueRequired":true,"valueName":"search_term_string"}}],"inLanguage":"fr-FR"},{"@type":"Organization","@id":"https:\/\/nuevo-renacer.com\/#organization","name":"UFEC","url":"https:\/\/nuevo-renacer.com\/","logo":{"@type":"ImageObject","inLanguage":"fr-FR","@id":"https:\/\/nuevo-renacer.com\/#\/schema\/logo\/image\/","url":"https:\/\/nuevo-renacer.com\/wp-content\/uploads\/2024\/05\/cropped-LOGO-TERMINADO1-3-3.png","contentUrl":"https:\/\/nuevo-renacer.com\/wp-content\/uploads\/2024\/05\/cropped-LOGO-TERMINADO1-3-3.png","width":512,"height":512,"caption":"UFEC"},"image":{"@id":"https:\/\/nuevo-renacer.com\/#\/schema\/logo\/image\/"},"sameAs":["https:\/\/www.facebook.com\/groups\/3431398063740829"]}]}},"uagb_featured_image_src":{"full":["https:\/\/nuevo-renacer.com\/wp-content\/uploads\/2024\/07\/unnamed.jpg",395,263,false],"thumbnail":["https:\/\/nuevo-renacer.com\/wp-content\/uploads\/2024\/07\/unnamed-150x150.jpg",150,150,true],"medium":["https:\/\/nuevo-renacer.com\/wp-content\/uploads\/2024\/07\/unnamed-300x200.jpg",300,200,true],"medium_large":["https:\/\/nuevo-renacer.com\/wp-content\/uploads\/2024\/07\/unnamed.jpg",395,263,false],"large":["https:\/\/nuevo-renacer.com\/wp-content\/uploads\/2024\/07\/unnamed.jpg",395,263,false],"1536x1536":["https:\/\/nuevo-renacer.com\/wp-content\/uploads\/2024\/07\/unnamed.jpg",395,263,false],"2048x2048":["https:\/\/nuevo-renacer.com\/wp-content\/uploads\/2024\/07\/unnamed.jpg",395,263,false],"trp-custom-language-flag":["https:\/\/nuevo-renacer.com\/wp-content\/uploads\/2024\/07\/unnamed-18x12.jpg",18,12,true]},"uagb_author_info":{"display_name":"adbv0","author_link":"https:\/\/nuevo-renacer.com\/fr\/author\/adbv0\/"},"uagb_comment_info":0,"uagb_excerpt":"Esp\u00edritus obsesores La obsesi\u00f3n de un esp\u00edritu se refiere a una situaci\u00f3n en la cual un esp\u00edritu desencarnado ejerce una influencia negativa o perjudicial sobre una persona viva en el plano terrenal. Esta influencia puede manifestarse de diferentes maneras y en distintos grados de intensidad, como te menciono m\u00e1s abajo en los tipos de obsesi\u00f3n\u2026","jetpack_sharing_enabled":true,"_links":{"self":[{"href":"https:\/\/nuevo-renacer.com\/fr\/wp-json\/wp\/v2\/pages\/3689","targetHints":{"allow":["GET"]}}],"collection":[{"href":"https:\/\/nuevo-renacer.com\/fr\/wp-json\/wp\/v2\/pages"}],"about":[{"href":"https:\/\/nuevo-renacer.com\/fr\/wp-json\/wp\/v2\/types\/page"}],"author":[{"embeddable":true,"href":"https:\/\/nuevo-renacer.com\/fr\/wp-json\/wp\/v2\/users\/1"}],"replies":[{"embeddable":true,"href":"https:\/\/nuevo-renacer.com\/fr\/wp-json\/wp\/v2\/comments?post=3689"}],"version-history":[{"count":3,"href":"https:\/\/nuevo-renacer.com\/fr\/wp-json\/wp\/v2\/pages\/3689\/revisions"}],"predecessor-version":[{"id":8182,"href":"https:\/\/nuevo-renacer.com\/fr\/wp-json\/wp\/v2\/pages\/3689\/revisions\/8182"}],"wp:featuredmedia":[{"embeddable":true,"href":"https:\/\/nuevo-renacer.com\/fr\/wp-json\/wp\/v2\/media\/3690"}],"wp:attachment":[{"href":"https:\/\/nuevo-renacer.com\/fr\/wp-json\/wp\/v2\/media?parent=3689"}],"curies":[{"name":"wp","href":"https:\/\/api.w.org\/{rel}","templated":true}]}}