{"id":3658,"date":"2024-07-11T10:41:33","date_gmt":"2024-07-11T10:41:33","guid":{"rendered":"https:\/\/ufec-mundial.com\/?page_id=3658"},"modified":"2025-05-23T09:27:33","modified_gmt":"2025-05-23T09:27:33","slug":"el-sentido-de-la-vida","status":"publish","type":"page","link":"https:\/\/nuevo-renacer.com\/fr\/el-sentido-de-la-vida\/","title":{"rendered":"Le sens de la vie"},"content":{"rendered":"<div class=\"wp-block-uagb-container uagb-block-ca0d25dc alignfull uagb-is-root-container\"><div class=\"uagb-container-inner-blocks-wrap\">\n<p class=\"has-black-color has-text-color has-link-color has-medium-font-size wp-elements-6c5c7cc04b22ce4d37937a7f13d90495\"><strong>Le sens de la vie<\/strong><\/p>\n<\/div><\/div>\n\n\n\n<div class=\"wp-block-uagb-container uagb-block-c75c8710 alignfull uagb-is-root-container\"><div class=\"uagb-container-inner-blocks-wrap\">\n<div class=\"wp-block-uagb-image alignleft uagb-block-87ec8ef0 wp-block-uagb-image--layout-default wp-block-uagb-image--effect-static wp-block-uagb-image--align-left\"><figure class=\"wp-block-uagb-image__figure\"><img loading=\"lazy\" decoding=\"async\" srcset=\"https:\/\/nuevo-renacer.com\/wp-content\/uploads\/2024\/07\/448152407_7983270555026690_6711918801825949372_n.jpg ,https:\/\/ufec-mundial.com\/wp-content\/uploads\/2024\/07\/448152407_7983270555026690_6711918801825949372_n.jpg 780w, https:\/\/nuevo-renacer.com\/wp-content\/uploads\/2024\/07\/448152407_7983270555026690_6711918801825949372_n.jpg 360w\" sizes=\"auto, (max-width: 480px) 150px\" src=\"https:\/\/nuevo-renacer.com\/wp-content\/uploads\/2024\/07\/448152407_7983270555026690_6711918801825949372_n.jpg\" alt=\"\" class=\"uag-image-3659\" width=\"464\" height=\"260\" title=\"\" role=\"img\"\/><\/figure><\/div>\n<\/div><\/div>\n\n\n\n<div class=\"wp-block-uagb-container uagb-block-d7284198 alignfull uagb-is-root-container\"><div class=\"uagb-container-inner-blocks-wrap\">\n<p class=\"has-black-color has-text-color has-link-color has-small-font-size wp-elements-25c8ab2470001e6c00b1940af4552818\">Pourquoi et pour quoi vivons-nous? La r\u00e9ponse \u00e0 cette question est d&#039;une grande importance pour comprendre le probl\u00e8me de l&#039;obsession. Selon le Spiritisme, nous vivons \u00e0 d\u00e9velopper les potentialit\u00e9s psychiques que nous sommes tous dou\u00e9s.<\/p>\n\n\n\n<p class=\"has-black-color has-text-color has-link-color has-small-font-size wp-elements-04227d75e0c3506067fd0e88899b3a30\">Notre existence terrestre est \u00e0 la transcendance, c&#039;est-\u00e0-dire, la constante am\u00e9lioration de notre condition humaine. De la naissance jusqu&#039;\u00e0 notre dernier jour sur Terre est all\u00e9 \u00e0 travers les exp\u00e9riences que renforcer nos comp\u00e9tences, inn\u00e9e, dans tous les sens. Le nouveau-n\u00e9 b\u00e9b\u00e9 grandit de jour en jour, il d\u00e9veloppe son corps, apprend \u00e0 communiquer avec les autres, \u00e0 parler et \u00e0 la raison, \u00e0 vouloir et \u00e0 agir pour obtenir ce qu&#039;il veut.<\/p>\n\n\n\n<p class=\"has-black-color has-text-color has-link-color has-small-font-size wp-elements-e84b9bc2ec34fb9aee0a3269c50310b6\">Transcende l&#039;\u00e9tat dans lequel il \u00e9tait n\u00e9, et passe \u00e0 la partie sup\u00e9rieure des \u00e9tapes de l&#039;enfance, \u00e0 venir plus tard dans l&#039;adolescence et plus tard dans la jeunesse, \u00e0 l&#039;\u00e2ge m\u00fbr et la vieillesse. Pour aller tout ce voyage a \u00e9t\u00e9 le d\u00e9veloppement de ses organique des forces et psychique, leurs \u00e9motions, leur capacit\u00e9 \u00e0 comprendre ce qui se passe autour de vous et de son pouvoir de dominer les circonstances. C&#039;est \u00e0 transcender, s&#039;\u00e9lever au-dessus de la condition dans laquelle il est n\u00e9. Et pour ce que nous vivons. Cela nous montre que le sens de la vie est \u00e0 la transcendance.<\/p>\n\n\n\n<p class=\"has-black-color has-text-color has-link-color has-small-font-size wp-elements-23afc194142721f66d02bb751fe4926c\">Aujourd&#039;hui, la Philosophie Existentielle d\u00e9tient le m\u00eame principe dans le champ de la philosophie. Les existentialistes consid\u00e9rer l&#039;homme comme un projet, c&#039;est une projection dans l&#039;existence comme une fl\u00e8che en direction d&#039;une cible, qui est la transcendance. Mais selon le Spiritisme stocks sont multiples, successives, de sorte que chaque existence terrestre, nous avons atteint un nouveau degr\u00e9 de signification. Les \u00e9tudes parapsychologiques sur le courant de la r\u00e9incarnation confirmer ce principe. Le fait que nous vivons de nombreuses vies sur Terre, et pas seulement un, indique que nous avons dans l&#039;inconscient d&#039;un r\u00e9servoir de m\u00e9moires stock\u00e9es et les connaissances, les aspirations, les frustrations et les traumatismes beaucoup plus \u00e9lev\u00e9 que celui d\u00e9couvert par Freud.<\/p>\n\n\n\n<p class=\"has-black-color has-text-color has-link-color has-small-font-size wp-elements-939812b181bd2a28bcfef739aae5b62d\">Il est bon d&#039;\u00e9crire dans la m\u00e9moire de cet \u00e9l\u00e9ment d&#039;information important: lorsque Kardec d\u00e9couvert les manifestations de l&#039;inconscient, par le biais de leurs recherches sur les ph\u00e9nom\u00e8nes de l&#039;esprit, Freud avait seulement un an de l&#039;\u00e2ge. Cela n&#039;enl\u00e8ve rien \u00e0 Freud, qui ne connaissait pas les demandes de Kardec, mais il nous montre aussi la s\u00e9curit\u00e9 de la recherche esp\u00edritas trottoir de la psych\u00e9 humaine. La conception spirite de la vie de l&#039;homme sur la Terre n&#039;est pas imaginaire, mais d&#039;un r\u00e9el, bas\u00e9 sur des \u00e9tudes scientifiques. Pour ceux qui estiment que le Spiritisme doctrine superstitieux, cr\u00e9\u00e9 par l&#039;ignorance, se r\u00e9v\u00e8le \u00eatre plus ignorants qu&#039;ils pensent d&#039;eux-m\u00eames.<\/p>\n\n\n\n<p class=\"has-black-color has-text-color has-link-color has-small-font-size wp-elements-a03c8a62f246adb2eb65d15bcee598e2\">La Doctrine Spirite est maintenant scientifiquement prouv\u00e9 par les scientifiques les plus avanc\u00e9s. Ce que nous disons pour montrer aux lecteurs le sens de la vie \u00e0 laquelle nous nous r\u00e9f\u00e9rons, n&#039;est pas une hypoth\u00e8se, mais une r\u00e9alit\u00e9. Si nous ne comprenons pas que la vie est la transcendance, de la croissance, de l&#039;\u00e9l\u00e9vation et de la constante de d\u00e9veloppement, et de v\u00e9rifier l&#039;\u00eatre spirituel que nous sommes, nous ne serons pas en mesure de r\u00e9pondre avec aisance le probl\u00e8me de l&#039;obsession et de la lutte pour le r\u00e9soudre.<\/p>\n<\/div><\/div>","protected":false},"excerpt":{"rendered":"<p>El sentido de la vida \u00bfPor qu\u00e9 y para qu\u00e9 vivimos? La respuesta a esta pregunta es de gran importancia para comprender el problema de la obsesi\u00f3n. Seg\u00fan el Espiritismo, vivimos para desarrollar las potencialidades ps\u00edquicas de que todos estamos dotados. Nuestra existencia terrena tiene por fin la trascendencia, es decir, la superaci\u00f3n constante de [&hellip;]<\/p>","protected":false},"author":1,"featured_media":3659,"parent":0,"menu_order":0,"comment_status":"closed","ping_status":"closed","template":"","meta":{"_uag_custom_page_level_css":"","site-sidebar-layout":"default","site-content-layout":"","ast-site-content-layout":"default","site-content-style":"default","site-sidebar-style":"default","ast-global-header-display":"","ast-banner-title-visibility":"","ast-main-header-display":"","ast-hfb-above-header-display":"","ast-hfb-below-header-display":"","ast-hfb-mobile-header-display":"","site-post-title":"disabled","ast-breadcrumbs-content":"","ast-featured-img":"","footer-sml-layout":"","theme-transparent-header-meta":"","adv-header-id-meta":"","stick-header-meta":"","header-above-stick-meta":"","header-main-stick-meta":"","header-below-stick-meta":"","astra-migrate-meta-layouts":"set","ast-page-background-enabled":"default","ast-page-background-meta":{"desktop":{"background-color":"var(--ast-global-color-4)","background-image":"","background-repeat":"repeat","background-position":"center center","background-size":"auto","background-attachment":"scroll","background-type":"","background-media":"","overlay-type":"","overlay-color":"","overlay-opacity":"","overlay-gradient":""},"tablet":{"background-color":"","background-image":"","background-repeat":"repeat","background-position":"center center","background-size":"auto","background-attachment":"scroll","background-type":"","background-media":"","overlay-type":"","overlay-color":"","overlay-opacity":"","overlay-gradient":""},"mobile":{"background-color":"","background-image":"","background-repeat":"repeat","background-position":"center center","background-size":"auto","background-attachment":"scroll","background-type":"","background-media":"","overlay-type":"","overlay-color":"","overlay-opacity":"","overlay-gradient":""}},"ast-content-background-meta":{"desktop":{"background-color":"var(--ast-global-color-5)","background-image":"","background-repeat":"repeat","background-position":"center center","background-size":"auto","background-attachment":"scroll","background-type":"","background-media":"","overlay-type":"","overlay-color":"","overlay-opacity":"","overlay-gradient":""},"tablet":{"background-color":"var(--ast-global-color-5)","background-image":"","background-repeat":"repeat","background-position":"center center","background-size":"auto","background-attachment":"scroll","background-type":"","background-media":"","overlay-type":"","overlay-color":"","overlay-opacity":"","overlay-gradient":""},"mobile":{"background-color":"var(--ast-global-color-5)","background-image":"","background-repeat":"repeat","background-position":"center center","background-size":"auto","background-attachment":"scroll","background-type":"","background-media":"","overlay-type":"","overlay-color":"","overlay-opacity":"","overlay-gradient":""}},"footnotes":""},"class_list":["post-3658","page","type-page","status-publish","has-post-thumbnail","hentry"],"yoast_head":"<!-- This site is optimized with the Yoast SEO Premium plugin v24.2 (Yoast SEO v24.6) - https:\/\/yoast.com\/wordpress\/plugins\/seo\/ -->\n<title>El sentido de la vida - Uni\u00f3n Esp\u00edrita<\/title>\n<meta name=\"robots\" content=\"index, follow, max-snippet:-1, max-image-preview:large, max-video-preview:-1\" \/>\n<link rel=\"canonical\" href=\"https:\/\/nuevo-renacer.com\/fr\/el-sentido-de-la-vida\/\" \/>\n<meta property=\"og:locale\" content=\"fr_FR\" \/>\n<meta property=\"og:type\" content=\"article\" \/>\n<meta property=\"og:title\" content=\"El sentido de la vida\" \/>\n<meta property=\"og:description\" content=\"El sentido de la vida \u00bfPor qu\u00e9 y para qu\u00e9 vivimos? La respuesta a esta pregunta es de gran importancia para comprender el problema de la obsesi\u00f3n. Seg\u00fan el Espiritismo, vivimos para desarrollar las potencialidades ps\u00edquicas de que todos estamos dotados. Nuestra existencia terrena tiene por fin la trascendencia, es decir, la superaci\u00f3n constante de [&hellip;]\" \/>\n<meta property=\"og:url\" content=\"https:\/\/nuevo-renacer.com\/fr\/el-sentido-de-la-vida\/\" \/>\n<meta property=\"og:site_name\" content=\"Uni\u00f3n Esp\u00edrita\" \/>\n<meta property=\"article:publisher\" content=\"https:\/\/www.facebook.com\/groups\/3431398063740829\" \/>\n<meta property=\"article:modified_time\" content=\"2025-05-23T09:27:33+00:00\" \/>\n<meta property=\"og:image\" content=\"https:\/\/nuevo-renacer.com\/wp-content\/uploads\/2024\/07\/448152407_7983270555026690_6711918801825949372_n.jpg\" \/>\n\t<meta property=\"og:image:width\" content=\"640\" \/>\n\t<meta property=\"og:image:height\" content=\"359\" \/>\n\t<meta property=\"og:image:type\" content=\"image\/jpeg\" \/>\n<meta name=\"twitter:card\" content=\"summary_large_image\" \/>\n<meta name=\"twitter:label1\" content=\"Dur\u00e9e de lecture estim\u00e9e\" \/>\n\t<meta name=\"twitter:data1\" content=\"4 minutes\" \/>\n<script type=\"application\/ld+json\" class=\"yoast-schema-graph\">{\"@context\":\"https:\/\/schema.org\",\"@graph\":[{\"@type\":\"WebPage\",\"@id\":\"https:\/\/nuevo-renacer.com\/el-sentido-de-la-vida\/\",\"url\":\"https:\/\/nuevo-renacer.com\/el-sentido-de-la-vida\/\",\"name\":\"El sentido de la vida - Uni\u00f3n Esp\u00edrita\",\"isPartOf\":{\"@id\":\"https:\/\/nuevo-renacer.com\/#website\"},\"primaryImageOfPage\":{\"@id\":\"https:\/\/nuevo-renacer.com\/el-sentido-de-la-vida\/#primaryimage\"},\"image\":{\"@id\":\"https:\/\/nuevo-renacer.com\/el-sentido-de-la-vida\/#primaryimage\"},\"thumbnailUrl\":\"https:\/\/nuevo-renacer.com\/wp-content\/uploads\/2024\/07\/448152407_7983270555026690_6711918801825949372_n.jpg\",\"datePublished\":\"2024-07-11T10:41:33+00:00\",\"dateModified\":\"2025-05-23T09:27:33+00:00\",\"breadcrumb\":{\"@id\":\"https:\/\/nuevo-renacer.com\/el-sentido-de-la-vida\/#breadcrumb\"},\"inLanguage\":\"fr-FR\",\"potentialAction\":[{\"@type\":\"ReadAction\",\"target\":[\"https:\/\/nuevo-renacer.com\/el-sentido-de-la-vida\/\"]}]},{\"@type\":\"ImageObject\",\"inLanguage\":\"fr-FR\",\"@id\":\"https:\/\/nuevo-renacer.com\/el-sentido-de-la-vida\/#primaryimage\",\"url\":\"https:\/\/nuevo-renacer.com\/wp-content\/uploads\/2024\/07\/448152407_7983270555026690_6711918801825949372_n.jpg\",\"contentUrl\":\"https:\/\/nuevo-renacer.com\/wp-content\/uploads\/2024\/07\/448152407_7983270555026690_6711918801825949372_n.jpg\",\"width\":640,\"height\":359},{\"@type\":\"BreadcrumbList\",\"@id\":\"https:\/\/nuevo-renacer.com\/el-sentido-de-la-vida\/#breadcrumb\",\"itemListElement\":[{\"@type\":\"ListItem\",\"position\":1,\"name\":\"Startseite\",\"item\":\"https:\/\/nuevo-renacer.com\/\"},{\"@type\":\"ListItem\",\"position\":2,\"name\":\"El sentido de la vida\"}]},{\"@type\":\"WebSite\",\"@id\":\"https:\/\/nuevo-renacer.com\/#website\",\"url\":\"https:\/\/nuevo-renacer.com\/\",\"name\":\"Uni\u00f3n Esp\u00edrita\",\"description\":\"Nuevo Renacer\",\"publisher\":{\"@id\":\"https:\/\/nuevo-renacer.com\/#organization\"},\"potentialAction\":[{\"@type\":\"SearchAction\",\"target\":{\"@type\":\"EntryPoint\",\"urlTemplate\":\"https:\/\/nuevo-renacer.com\/?s={search_term_string}\"},\"query-input\":{\"@type\":\"PropertyValueSpecification\",\"valueRequired\":true,\"valueName\":\"search_term_string\"}}],\"inLanguage\":\"fr-FR\"},{\"@type\":\"Organization\",\"@id\":\"https:\/\/nuevo-renacer.com\/#organization\",\"name\":\"UFEC\",\"url\":\"https:\/\/nuevo-renacer.com\/\",\"logo\":{\"@type\":\"ImageObject\",\"inLanguage\":\"fr-FR\",\"@id\":\"https:\/\/nuevo-renacer.com\/#\/schema\/logo\/image\/\",\"url\":\"https:\/\/nuevo-renacer.com\/wp-content\/uploads\/2024\/05\/cropped-LOGO-TERMINADO1-3-3.png\",\"contentUrl\":\"https:\/\/nuevo-renacer.com\/wp-content\/uploads\/2024\/05\/cropped-LOGO-TERMINADO1-3-3.png\",\"width\":512,\"height\":512,\"caption\":\"UFEC\"},\"image\":{\"@id\":\"https:\/\/nuevo-renacer.com\/#\/schema\/logo\/image\/\"},\"sameAs\":[\"https:\/\/www.facebook.com\/groups\/3431398063740829\"]}]}<\/script>\n<!-- \/ Yoast SEO Premium plugin. -->","yoast_head_json":{"title":"El sentido de la vida - Uni\u00f3n Esp\u00edrita","robots":{"index":"index","follow":"follow","max-snippet":"max-snippet:-1","max-image-preview":"max-image-preview:large","max-video-preview":"max-video-preview:-1"},"canonical":"https:\/\/nuevo-renacer.com\/fr\/el-sentido-de-la-vida\/","og_locale":"fr_FR","og_type":"article","og_title":"El sentido de la vida","og_description":"El sentido de la vida \u00bfPor qu\u00e9 y para qu\u00e9 vivimos? La respuesta a esta pregunta es de gran importancia para comprender el problema de la obsesi\u00f3n. Seg\u00fan el Espiritismo, vivimos para desarrollar las potencialidades ps\u00edquicas de que todos estamos dotados. Nuestra existencia terrena tiene por fin la trascendencia, es decir, la superaci\u00f3n constante de [&hellip;]","og_url":"https:\/\/nuevo-renacer.com\/fr\/el-sentido-de-la-vida\/","og_site_name":"Uni\u00f3n Esp\u00edrita","article_publisher":"https:\/\/www.facebook.com\/groups\/3431398063740829","article_modified_time":"2025-05-23T09:27:33+00:00","og_image":[{"width":640,"height":359,"url":"https:\/\/nuevo-renacer.com\/wp-content\/uploads\/2024\/07\/448152407_7983270555026690_6711918801825949372_n.jpg","type":"image\/jpeg"}],"twitter_card":"summary_large_image","twitter_misc":{"Dur\u00e9e de lecture estim\u00e9e":"4 minutes"},"schema":{"@context":"https:\/\/schema.org","@graph":[{"@type":"WebPage","@id":"https:\/\/nuevo-renacer.com\/el-sentido-de-la-vida\/","url":"https:\/\/nuevo-renacer.com\/el-sentido-de-la-vida\/","name":"El sentido de la vida - Uni\u00f3n Esp\u00edrita","isPartOf":{"@id":"https:\/\/nuevo-renacer.com\/#website"},"primaryImageOfPage":{"@id":"https:\/\/nuevo-renacer.com\/el-sentido-de-la-vida\/#primaryimage"},"image":{"@id":"https:\/\/nuevo-renacer.com\/el-sentido-de-la-vida\/#primaryimage"},"thumbnailUrl":"https:\/\/nuevo-renacer.com\/wp-content\/uploads\/2024\/07\/448152407_7983270555026690_6711918801825949372_n.jpg","datePublished":"2024-07-11T10:41:33+00:00","dateModified":"2025-05-23T09:27:33+00:00","breadcrumb":{"@id":"https:\/\/nuevo-renacer.com\/el-sentido-de-la-vida\/#breadcrumb"},"inLanguage":"fr-FR","potentialAction":[{"@type":"ReadAction","target":["https:\/\/nuevo-renacer.com\/el-sentido-de-la-vida\/"]}]},{"@type":"ImageObject","inLanguage":"fr-FR","@id":"https:\/\/nuevo-renacer.com\/el-sentido-de-la-vida\/#primaryimage","url":"https:\/\/nuevo-renacer.com\/wp-content\/uploads\/2024\/07\/448152407_7983270555026690_6711918801825949372_n.jpg","contentUrl":"https:\/\/nuevo-renacer.com\/wp-content\/uploads\/2024\/07\/448152407_7983270555026690_6711918801825949372_n.jpg","width":640,"height":359},{"@type":"BreadcrumbList","@id":"https:\/\/nuevo-renacer.com\/el-sentido-de-la-vida\/#breadcrumb","itemListElement":[{"@type":"ListItem","position":1,"name":"Startseite","item":"https:\/\/nuevo-renacer.com\/"},{"@type":"ListItem","position":2,"name":"El sentido de la vida"}]},{"@type":"WebSite","@id":"https:\/\/nuevo-renacer.com\/#website","url":"https:\/\/nuevo-renacer.com\/","name":"Uni\u00f3n Esp\u00edrita","description":"Nuevo Renacer","publisher":{"@id":"https:\/\/nuevo-renacer.com\/#organization"},"potentialAction":[{"@type":"SearchAction","target":{"@type":"EntryPoint","urlTemplate":"https:\/\/nuevo-renacer.com\/?s={search_term_string}"},"query-input":{"@type":"PropertyValueSpecification","valueRequired":true,"valueName":"search_term_string"}}],"inLanguage":"fr-FR"},{"@type":"Organization","@id":"https:\/\/nuevo-renacer.com\/#organization","name":"UFEC","url":"https:\/\/nuevo-renacer.com\/","logo":{"@type":"ImageObject","inLanguage":"fr-FR","@id":"https:\/\/nuevo-renacer.com\/#\/schema\/logo\/image\/","url":"https:\/\/nuevo-renacer.com\/wp-content\/uploads\/2024\/05\/cropped-LOGO-TERMINADO1-3-3.png","contentUrl":"https:\/\/nuevo-renacer.com\/wp-content\/uploads\/2024\/05\/cropped-LOGO-TERMINADO1-3-3.png","width":512,"height":512,"caption":"UFEC"},"image":{"@id":"https:\/\/nuevo-renacer.com\/#\/schema\/logo\/image\/"},"sameAs":["https:\/\/www.facebook.com\/groups\/3431398063740829"]}]}},"uagb_featured_image_src":{"full":["https:\/\/nuevo-renacer.com\/wp-content\/uploads\/2024\/07\/448152407_7983270555026690_6711918801825949372_n.jpg",640,359,false],"thumbnail":["https:\/\/nuevo-renacer.com\/wp-content\/uploads\/2024\/07\/448152407_7983270555026690_6711918801825949372_n-150x150.jpg",150,150,true],"medium":["https:\/\/nuevo-renacer.com\/wp-content\/uploads\/2024\/07\/448152407_7983270555026690_6711918801825949372_n-300x168.jpg",300,168,true],"medium_large":["https:\/\/nuevo-renacer.com\/wp-content\/uploads\/2024\/07\/448152407_7983270555026690_6711918801825949372_n.jpg",640,359,false],"large":["https:\/\/nuevo-renacer.com\/wp-content\/uploads\/2024\/07\/448152407_7983270555026690_6711918801825949372_n.jpg",640,359,false],"1536x1536":["https:\/\/nuevo-renacer.com\/wp-content\/uploads\/2024\/07\/448152407_7983270555026690_6711918801825949372_n.jpg",640,359,false],"2048x2048":["https:\/\/nuevo-renacer.com\/wp-content\/uploads\/2024\/07\/448152407_7983270555026690_6711918801825949372_n.jpg",640,359,false],"trp-custom-language-flag":["https:\/\/nuevo-renacer.com\/wp-content\/uploads\/2024\/07\/448152407_7983270555026690_6711918801825949372_n-18x10.jpg",18,10,true]},"uagb_author_info":{"display_name":"adbv0","author_link":"https:\/\/nuevo-renacer.com\/fr\/author\/adbv0\/"},"uagb_comment_info":0,"uagb_excerpt":"El sentido de la vida \u00bfPor qu\u00e9 y para qu\u00e9 vivimos? La respuesta a esta pregunta es de gran importancia para comprender el problema de la obsesi\u00f3n. Seg\u00fan el Espiritismo, vivimos para desarrollar las potencialidades ps\u00edquicas de que todos estamos dotados. Nuestra existencia terrena tiene por fin la trascendencia, es decir, la superaci\u00f3n constante de\u2026","jetpack_sharing_enabled":true,"_links":{"self":[{"href":"https:\/\/nuevo-renacer.com\/fr\/wp-json\/wp\/v2\/pages\/3658","targetHints":{"allow":["GET"]}}],"collection":[{"href":"https:\/\/nuevo-renacer.com\/fr\/wp-json\/wp\/v2\/pages"}],"about":[{"href":"https:\/\/nuevo-renacer.com\/fr\/wp-json\/wp\/v2\/types\/page"}],"author":[{"embeddable":true,"href":"https:\/\/nuevo-renacer.com\/fr\/wp-json\/wp\/v2\/users\/1"}],"replies":[{"embeddable":true,"href":"https:\/\/nuevo-renacer.com\/fr\/wp-json\/wp\/v2\/comments?post=3658"}],"version-history":[{"count":3,"href":"https:\/\/nuevo-renacer.com\/fr\/wp-json\/wp\/v2\/pages\/3658\/revisions"}],"predecessor-version":[{"id":8171,"href":"https:\/\/nuevo-renacer.com\/fr\/wp-json\/wp\/v2\/pages\/3658\/revisions\/8171"}],"wp:featuredmedia":[{"embeddable":true,"href":"https:\/\/nuevo-renacer.com\/fr\/wp-json\/wp\/v2\/media\/3659"}],"wp:attachment":[{"href":"https:\/\/nuevo-renacer.com\/fr\/wp-json\/wp\/v2\/media?parent=3658"}],"curies":[{"name":"wp","href":"https:\/\/api.w.org\/{rel}","templated":true}]}}