{"id":3643,"date":"2024-07-10T14:28:55","date_gmt":"2024-07-10T14:28:55","guid":{"rendered":"https:\/\/ufec-mundial.com\/?page_id=3643"},"modified":"2025-05-23T09:47:12","modified_gmt":"2025-05-23T09:47:12","slug":"por-que-los-espiritas-no-temen-a-la-muerte","status":"publish","type":"page","link":"https:\/\/nuevo-renacer.com\/fr\/por-que-los-espiritas-no-temen-a-la-muerte\/","title":{"rendered":"Pourquoi esp\u00edritas n&#039;avez pas peur de la mort"},"content":{"rendered":"<div class=\"wp-block-uagb-container uagb-block-266ec40a alignfull uagb-is-root-container\"><div class=\"uagb-container-inner-blocks-wrap\">\n<p class=\"has-black-color has-text-color has-link-color has-medium-font-size wp-elements-ad8de132c25d8ffed7065972a9d29908\"><strong>Pourquoi esp\u00edritas n&#039;avez pas peur de la mort<\/strong><\/p>\n\n\n\n<p class=\"has-black-color has-text-color has-link-color has-medium-font-size wp-elements-f2a87306748dd808a53754cf8923cba9\"><strong>\u00c0 partir du livre: &#034;le Ciel et l&#039;Enfer \u2013 Allan Kardec&nbsp;<\/strong><\/p>\n<\/div><\/div>\n\n\n\n<div class=\"wp-block-uagb-container uagb-block-a86c1c45 alignfull uagb-is-root-container\"><div class=\"uagb-container-inner-blocks-wrap\">\n<div class=\"wp-block-uagb-image alignleft uagb-block-cea64196 wp-block-uagb-image--layout-default wp-block-uagb-image--effect-static wp-block-uagb-image--align-left\"><figure class=\"wp-block-uagb-image__figure\"><img loading=\"lazy\" decoding=\"async\" srcset=\"https:\/\/nuevo-renacer.com\/wp-content\/uploads\/2024\/07\/33259436-schon-blumen-im-ein-sarg-beim-ein-beerdigung-ai-generiert-foto.jpg ,https:\/\/ufec-mundial.com\/wp-content\/uploads\/2024\/07\/33259436-schon-blumen-im-ein-sarg-beim-ein-beerdigung-ai-generiert-foto.jpg 780w, https:\/\/nuevo-renacer.com\/wp-content\/uploads\/2024\/07\/33259436-schon-blumen-im-ein-sarg-beim-ein-beerdigung-ai-generiert-foto.jpg 360w\" sizes=\"auto, (max-width: 480px) 150px\" src=\"https:\/\/nuevo-renacer.com\/wp-content\/uploads\/2024\/07\/33259436-schon-blumen-im-ein-sarg-beim-ein-beerdigung-ai-generiert-foto.jpg\" alt=\"\" class=\"uag-image-3644\" width=\"470\" height=\"313\" title=\"33259436-schon-blumen-gi-ein-sarg-beim-ein-beerdigung-ai-generiert-photo\" role=\"img\"\/><\/figure><\/div>\n<\/div><\/div>\n\n\n\n<div class=\"wp-block-uagb-container uagb-block-2e05586e alignfull uagb-is-root-container\"><div class=\"uagb-container-inner-blocks-wrap\">\n<p class=\"has-black-color has-text-color has-link-color has-small-font-size wp-elements-0bbcfde3fc49fbd0a8c991f9fb605d20\">La doctrine spirite modifie compl\u00e8tement la fa\u00e7on de faire face \u00e0 l&#039;avenir. L&#039;avenir de la vie n&#039;est plus une hypoth\u00e8se, mais une r\u00e9alit\u00e9. L&#039;\u00e9tat des \u00e2mes apr\u00e8s la mort, comme il n&#039;est pas un syst\u00e8me, mais le r\u00e9sultat de l&#039;observation. Le voile a descorrido: le monde spirituel qui nous appara\u00eet dans la pl\u00e9nitude de sa r\u00e9alit\u00e9 dans la pratique. N&#039;\u00e9taient pas les hommes qui l&#039;ont d\u00e9couvert gr\u00e2ce aux efforts d&#039;une conception ing\u00e9nieuse, mais les habitants de ce monde, qui viennent pour d\u00e9crire votre situation. C&#039;est de cette fa\u00e7on que nous voyons dans tous les degr\u00e9s de l&#039;\u00e9chelle spirituelle, dans toutes les phases du bonheur ou de mis\u00e8re; et nous avons assist\u00e9 \u00e0 tous les hauts et les bas de la vie au-del\u00e0 de la tombe. &nbsp;<\/p>\n\n\n\n<p class=\"has-black-color has-text-color has-link-color has-small-font-size wp-elements-6ce9cf2da52fcf47ce9084133aaa1aed\">Pour cette cause, le esp\u00edritas affront\u00e9 la mort avec le calme et l&#039;affiche serein dans leurs derniers moments sur Terre. Parce que non seulement r\u00e9confort\u00e9e par l&#039;espoir, mais la certitude. Savoir que la vie future est rien de plus que la continuation de la vie actuelle, bien que dans une meilleure position, et attendent avec la m\u00eame confiance avec qui vous attend le lever du soleil apr\u00e8s une nuit de temp\u00eate. Les raisons de cette chute de la confiance de l&#039;ensemble des \u00e9v\u00e9nements qu&#039;ils ont \u00e9t\u00e9 les t\u00e9moins, et de la corr\u00e9lation de ces \u00e9v\u00e9nements avec la logique, avec la justice et la bont\u00e9 de Dieu, ainsi qu&#039;avec les aspirations de l&#039;homme priv\u00e9. Pour le esp\u00edritas, l&#039;\u00e2me n&#039;est pas une abstraction: vous avez un corps \u00e9th\u00e9rique qui fait d&#039;elle un \u00eatre d\u00e9finie, pu \u00eatre con\u00e7ues et couvert avec la pens\u00e9e, ce qui est d\u00e9j\u00e0 beaucoup pour fixer les id\u00e9es sur leur individualit\u00e9, leurs comp\u00e9tences et leurs perceptions.&nbsp;<\/p>\n\n\n\n<p class=\"has-black-color has-text-color has-link-color has-small-font-size wp-elements-11c6de22ea73b2e22a51d037cc632830\">La m\u00e9moire de ceux qui nous sont chers bas\u00e9 sur quelque chose de r\u00e9el. Pas plus ne nous repr\u00e9sentent comme des flammes de prise de vue que tout ce que vous dites \u00e0 la pens\u00e9e, mais d&#039;une mani\u00e8re sp\u00e9cifique qui nous les montre comme des \u00eatres vivants. D&#039;autre part, au lieu d&#039;\u00eatre perdu dans les profondeurs de l&#039;espace, sont tout autour de nous, que le monde corporel et le monde spirituel se rapportent de mani\u00e8re perp\u00e9tuelle et d&#039;aider les uns les autres. Ne pas pris en charge le doute sur l&#039;avenir, la peur de la mort perd sa raison d&#039;\u00eatre. Le spirite face \u00e0 la mort de sang-froid. Voir venir comme une lib\u00e9ration, car il est la porte de la vie, et non pas de rien.<\/p>\n<\/div><\/div>\n\n\n\n<div class=\"wp-block-uagb-container uagb-block-3a33abb2 alignfull uagb-is-root-container\"><div class=\"uagb-container-inner-blocks-wrap\"><\/div><\/div>\n\n\n\n<div class=\"wp-block-uagb-container uagb-block-40a2f6a5 alignfull uagb-is-root-container\"><div class=\"uagb-container-inner-blocks-wrap\"><\/div><\/div>","protected":false},"excerpt":{"rendered":"<p>Por qu\u00e9 los esp\u00edritas no temen a la muerte Del libro: El Cielo y el Infierno \u2013 Allan Kardec&nbsp; La doctrina esp\u00edrita modifica por completo la manera de encarar el porvenir. La vida futura ya no es una hip\u00f3tesis, sino una realidad. El estado de las almas despu\u00e9s de la muerte ya no es un [&hellip;]<\/p>","protected":false},"author":1,"featured_media":3644,"parent":0,"menu_order":0,"comment_status":"closed","ping_status":"closed","template":"","meta":{"_uag_custom_page_level_css":"","site-sidebar-layout":"default","site-content-layout":"","ast-site-content-layout":"default","site-content-style":"default","site-sidebar-style":"default","ast-global-header-display":"","ast-banner-title-visibility":"","ast-main-header-display":"","ast-hfb-above-header-display":"","ast-hfb-below-header-display":"","ast-hfb-mobile-header-display":"","site-post-title":"disabled","ast-breadcrumbs-content":"","ast-featured-img":"","footer-sml-layout":"","theme-transparent-header-meta":"","adv-header-id-meta":"","stick-header-meta":"","header-above-stick-meta":"","header-main-stick-meta":"","header-below-stick-meta":"","astra-migrate-meta-layouts":"set","ast-page-background-enabled":"default","ast-page-background-meta":{"desktop":{"background-color":"var(--ast-global-color-4)","background-image":"","background-repeat":"repeat","background-position":"center center","background-size":"auto","background-attachment":"scroll","background-type":"","background-media":"","overlay-type":"","overlay-color":"","overlay-opacity":"","overlay-gradient":""},"tablet":{"background-color":"","background-image":"","background-repeat":"repeat","background-position":"center center","background-size":"auto","background-attachment":"scroll","background-type":"","background-media":"","overlay-type":"","overlay-color":"","overlay-opacity":"","overlay-gradient":""},"mobile":{"background-color":"","background-image":"","background-repeat":"repeat","background-position":"center center","background-size":"auto","background-attachment":"scroll","background-type":"","background-media":"","overlay-type":"","overlay-color":"","overlay-opacity":"","overlay-gradient":""}},"ast-content-background-meta":{"desktop":{"background-color":"var(--ast-global-color-5)","background-image":"","background-repeat":"repeat","background-position":"center center","background-size":"auto","background-attachment":"scroll","background-type":"","background-media":"","overlay-type":"","overlay-color":"","overlay-opacity":"","overlay-gradient":""},"tablet":{"background-color":"var(--ast-global-color-5)","background-image":"","background-repeat":"repeat","background-position":"center center","background-size":"auto","background-attachment":"scroll","background-type":"","background-media":"","overlay-type":"","overlay-color":"","overlay-opacity":"","overlay-gradient":""},"mobile":{"background-color":"var(--ast-global-color-5)","background-image":"","background-repeat":"repeat","background-position":"center center","background-size":"auto","background-attachment":"scroll","background-type":"","background-media":"","overlay-type":"","overlay-color":"","overlay-opacity":"","overlay-gradient":""}},"footnotes":""},"class_list":["post-3643","page","type-page","status-publish","has-post-thumbnail","hentry"],"yoast_head":"<!-- This site is optimized with the Yoast SEO Premium plugin v24.2 (Yoast SEO v24.6) - https:\/\/yoast.com\/wordpress\/plugins\/seo\/ -->\n<title>Por qu\u00e9 los esp\u00edritas no temen a la muerte - Uni\u00f3n Esp\u00edrita<\/title>\n<meta name=\"robots\" content=\"index, follow, max-snippet:-1, max-image-preview:large, max-video-preview:-1\" \/>\n<link rel=\"canonical\" href=\"https:\/\/nuevo-renacer.com\/fr\/por-que-los-espiritas-no-temen-a-la-muerte\/\" \/>\n<meta property=\"og:locale\" content=\"fr_FR\" \/>\n<meta property=\"og:type\" content=\"article\" \/>\n<meta property=\"og:title\" content=\"Por qu\u00e9 los esp\u00edritas no temen a la muerte\" \/>\n<meta property=\"og:description\" content=\"Por qu\u00e9 los esp\u00edritas no temen a la muerte Del libro: El Cielo y el Infierno \u2013 Allan Kardec&nbsp; La doctrina esp\u00edrita modifica por completo la manera de encarar el porvenir. La vida futura ya no es una hip\u00f3tesis, sino una realidad. El estado de las almas despu\u00e9s de la muerte ya no es un [&hellip;]\" \/>\n<meta property=\"og:url\" content=\"https:\/\/nuevo-renacer.com\/fr\/por-que-los-espiritas-no-temen-a-la-muerte\/\" \/>\n<meta property=\"og:site_name\" content=\"Uni\u00f3n Esp\u00edrita\" \/>\n<meta property=\"article:publisher\" content=\"https:\/\/www.facebook.com\/groups\/3431398063740829\" \/>\n<meta property=\"article:modified_time\" content=\"2025-05-23T09:47:12+00:00\" \/>\n<meta property=\"og:image\" content=\"https:\/\/nuevo-renacer.com\/wp-content\/uploads\/2024\/07\/33259436-schon-blumen-im-ein-sarg-beim-ein-beerdigung-ai-generiert-foto.jpg\" \/>\n\t<meta property=\"og:image:width\" content=\"600\" \/>\n\t<meta property=\"og:image:height\" content=\"400\" \/>\n\t<meta property=\"og:image:type\" content=\"image\/jpeg\" \/>\n<meta name=\"twitter:card\" content=\"summary_large_image\" \/>\n<meta name=\"twitter:label1\" content=\"Dur\u00e9e de lecture estim\u00e9e\" \/>\n\t<meta name=\"twitter:data1\" content=\"3 minutes\" \/>\n<script type=\"application\/ld+json\" class=\"yoast-schema-graph\">{\"@context\":\"https:\/\/schema.org\",\"@graph\":[{\"@type\":\"WebPage\",\"@id\":\"https:\/\/nuevo-renacer.com\/por-que-los-espiritas-no-temen-a-la-muerte\/\",\"url\":\"https:\/\/nuevo-renacer.com\/por-que-los-espiritas-no-temen-a-la-muerte\/\",\"name\":\"Por qu\u00e9 los esp\u00edritas no temen a la muerte - Uni\u00f3n Esp\u00edrita\",\"isPartOf\":{\"@id\":\"https:\/\/nuevo-renacer.com\/#website\"},\"primaryImageOfPage\":{\"@id\":\"https:\/\/nuevo-renacer.com\/por-que-los-espiritas-no-temen-a-la-muerte\/#primaryimage\"},\"image\":{\"@id\":\"https:\/\/nuevo-renacer.com\/por-que-los-espiritas-no-temen-a-la-muerte\/#primaryimage\"},\"thumbnailUrl\":\"https:\/\/nuevo-renacer.com\/wp-content\/uploads\/2024\/07\/33259436-schon-blumen-im-ein-sarg-beim-ein-beerdigung-ai-generiert-foto.jpg\",\"datePublished\":\"2024-07-10T14:28:55+00:00\",\"dateModified\":\"2025-05-23T09:47:12+00:00\",\"breadcrumb\":{\"@id\":\"https:\/\/nuevo-renacer.com\/por-que-los-espiritas-no-temen-a-la-muerte\/#breadcrumb\"},\"inLanguage\":\"fr-FR\",\"potentialAction\":[{\"@type\":\"ReadAction\",\"target\":[\"https:\/\/nuevo-renacer.com\/por-que-los-espiritas-no-temen-a-la-muerte\/\"]}]},{\"@type\":\"ImageObject\",\"inLanguage\":\"fr-FR\",\"@id\":\"https:\/\/nuevo-renacer.com\/por-que-los-espiritas-no-temen-a-la-muerte\/#primaryimage\",\"url\":\"https:\/\/nuevo-renacer.com\/wp-content\/uploads\/2024\/07\/33259436-schon-blumen-im-ein-sarg-beim-ein-beerdigung-ai-generiert-foto.jpg\",\"contentUrl\":\"https:\/\/nuevo-renacer.com\/wp-content\/uploads\/2024\/07\/33259436-schon-blumen-im-ein-sarg-beim-ein-beerdigung-ai-generiert-foto.jpg\",\"width\":600,\"height\":400},{\"@type\":\"BreadcrumbList\",\"@id\":\"https:\/\/nuevo-renacer.com\/por-que-los-espiritas-no-temen-a-la-muerte\/#breadcrumb\",\"itemListElement\":[{\"@type\":\"ListItem\",\"position\":1,\"name\":\"Startseite\",\"item\":\"https:\/\/nuevo-renacer.com\/\"},{\"@type\":\"ListItem\",\"position\":2,\"name\":\"Por qu\u00e9 los esp\u00edritas no temen a la muerte\"}]},{\"@type\":\"WebSite\",\"@id\":\"https:\/\/nuevo-renacer.com\/#website\",\"url\":\"https:\/\/nuevo-renacer.com\/\",\"name\":\"Uni\u00f3n Esp\u00edrita\",\"description\":\"Nuevo Renacer\",\"publisher\":{\"@id\":\"https:\/\/nuevo-renacer.com\/#organization\"},\"potentialAction\":[{\"@type\":\"SearchAction\",\"target\":{\"@type\":\"EntryPoint\",\"urlTemplate\":\"https:\/\/nuevo-renacer.com\/?s={search_term_string}\"},\"query-input\":{\"@type\":\"PropertyValueSpecification\",\"valueRequired\":true,\"valueName\":\"search_term_string\"}}],\"inLanguage\":\"fr-FR\"},{\"@type\":\"Organization\",\"@id\":\"https:\/\/nuevo-renacer.com\/#organization\",\"name\":\"UFEC\",\"url\":\"https:\/\/nuevo-renacer.com\/\",\"logo\":{\"@type\":\"ImageObject\",\"inLanguage\":\"fr-FR\",\"@id\":\"https:\/\/nuevo-renacer.com\/#\/schema\/logo\/image\/\",\"url\":\"https:\/\/nuevo-renacer.com\/wp-content\/uploads\/2024\/05\/cropped-LOGO-TERMINADO1-3-3.png\",\"contentUrl\":\"https:\/\/nuevo-renacer.com\/wp-content\/uploads\/2024\/05\/cropped-LOGO-TERMINADO1-3-3.png\",\"width\":512,\"height\":512,\"caption\":\"UFEC\"},\"image\":{\"@id\":\"https:\/\/nuevo-renacer.com\/#\/schema\/logo\/image\/\"},\"sameAs\":[\"https:\/\/www.facebook.com\/groups\/3431398063740829\"]}]}<\/script>\n<!-- \/ Yoast SEO Premium plugin. -->","yoast_head_json":{"title":"Por qu\u00e9 los esp\u00edritas no temen a la muerte - Uni\u00f3n Esp\u00edrita","robots":{"index":"index","follow":"follow","max-snippet":"max-snippet:-1","max-image-preview":"max-image-preview:large","max-video-preview":"max-video-preview:-1"},"canonical":"https:\/\/nuevo-renacer.com\/fr\/por-que-los-espiritas-no-temen-a-la-muerte\/","og_locale":"fr_FR","og_type":"article","og_title":"Por qu\u00e9 los esp\u00edritas no temen a la muerte","og_description":"Por qu\u00e9 los esp\u00edritas no temen a la muerte Del libro: El Cielo y el Infierno \u2013 Allan Kardec&nbsp; La doctrina esp\u00edrita modifica por completo la manera de encarar el porvenir. La vida futura ya no es una hip\u00f3tesis, sino una realidad. El estado de las almas despu\u00e9s de la muerte ya no es un [&hellip;]","og_url":"https:\/\/nuevo-renacer.com\/fr\/por-que-los-espiritas-no-temen-a-la-muerte\/","og_site_name":"Uni\u00f3n Esp\u00edrita","article_publisher":"https:\/\/www.facebook.com\/groups\/3431398063740829","article_modified_time":"2025-05-23T09:47:12+00:00","og_image":[{"width":600,"height":400,"url":"https:\/\/nuevo-renacer.com\/wp-content\/uploads\/2024\/07\/33259436-schon-blumen-im-ein-sarg-beim-ein-beerdigung-ai-generiert-foto.jpg","type":"image\/jpeg"}],"twitter_card":"summary_large_image","twitter_misc":{"Dur\u00e9e de lecture estim\u00e9e":"3 minutes"},"schema":{"@context":"https:\/\/schema.org","@graph":[{"@type":"WebPage","@id":"https:\/\/nuevo-renacer.com\/por-que-los-espiritas-no-temen-a-la-muerte\/","url":"https:\/\/nuevo-renacer.com\/por-que-los-espiritas-no-temen-a-la-muerte\/","name":"Por qu\u00e9 los esp\u00edritas no temen a la muerte - Uni\u00f3n Esp\u00edrita","isPartOf":{"@id":"https:\/\/nuevo-renacer.com\/#website"},"primaryImageOfPage":{"@id":"https:\/\/nuevo-renacer.com\/por-que-los-espiritas-no-temen-a-la-muerte\/#primaryimage"},"image":{"@id":"https:\/\/nuevo-renacer.com\/por-que-los-espiritas-no-temen-a-la-muerte\/#primaryimage"},"thumbnailUrl":"https:\/\/nuevo-renacer.com\/wp-content\/uploads\/2024\/07\/33259436-schon-blumen-im-ein-sarg-beim-ein-beerdigung-ai-generiert-foto.jpg","datePublished":"2024-07-10T14:28:55+00:00","dateModified":"2025-05-23T09:47:12+00:00","breadcrumb":{"@id":"https:\/\/nuevo-renacer.com\/por-que-los-espiritas-no-temen-a-la-muerte\/#breadcrumb"},"inLanguage":"fr-FR","potentialAction":[{"@type":"ReadAction","target":["https:\/\/nuevo-renacer.com\/por-que-los-espiritas-no-temen-a-la-muerte\/"]}]},{"@type":"ImageObject","inLanguage":"fr-FR","@id":"https:\/\/nuevo-renacer.com\/por-que-los-espiritas-no-temen-a-la-muerte\/#primaryimage","url":"https:\/\/nuevo-renacer.com\/wp-content\/uploads\/2024\/07\/33259436-schon-blumen-im-ein-sarg-beim-ein-beerdigung-ai-generiert-foto.jpg","contentUrl":"https:\/\/nuevo-renacer.com\/wp-content\/uploads\/2024\/07\/33259436-schon-blumen-im-ein-sarg-beim-ein-beerdigung-ai-generiert-foto.jpg","width":600,"height":400},{"@type":"BreadcrumbList","@id":"https:\/\/nuevo-renacer.com\/por-que-los-espiritas-no-temen-a-la-muerte\/#breadcrumb","itemListElement":[{"@type":"ListItem","position":1,"name":"Startseite","item":"https:\/\/nuevo-renacer.com\/"},{"@type":"ListItem","position":2,"name":"Por qu\u00e9 los esp\u00edritas no temen a la muerte"}]},{"@type":"WebSite","@id":"https:\/\/nuevo-renacer.com\/#website","url":"https:\/\/nuevo-renacer.com\/","name":"Uni\u00f3n Esp\u00edrita","description":"Nuevo Renacer","publisher":{"@id":"https:\/\/nuevo-renacer.com\/#organization"},"potentialAction":[{"@type":"SearchAction","target":{"@type":"EntryPoint","urlTemplate":"https:\/\/nuevo-renacer.com\/?s={search_term_string}"},"query-input":{"@type":"PropertyValueSpecification","valueRequired":true,"valueName":"search_term_string"}}],"inLanguage":"fr-FR"},{"@type":"Organization","@id":"https:\/\/nuevo-renacer.com\/#organization","name":"UFEC","url":"https:\/\/nuevo-renacer.com\/","logo":{"@type":"ImageObject","inLanguage":"fr-FR","@id":"https:\/\/nuevo-renacer.com\/#\/schema\/logo\/image\/","url":"https:\/\/nuevo-renacer.com\/wp-content\/uploads\/2024\/05\/cropped-LOGO-TERMINADO1-3-3.png","contentUrl":"https:\/\/nuevo-renacer.com\/wp-content\/uploads\/2024\/05\/cropped-LOGO-TERMINADO1-3-3.png","width":512,"height":512,"caption":"UFEC"},"image":{"@id":"https:\/\/nuevo-renacer.com\/#\/schema\/logo\/image\/"},"sameAs":["https:\/\/www.facebook.com\/groups\/3431398063740829"]}]}},"uagb_featured_image_src":{"full":["https:\/\/nuevo-renacer.com\/wp-content\/uploads\/2024\/07\/33259436-schon-blumen-im-ein-sarg-beim-ein-beerdigung-ai-generiert-foto.jpg",600,400,false],"thumbnail":["https:\/\/nuevo-renacer.com\/wp-content\/uploads\/2024\/07\/33259436-schon-blumen-im-ein-sarg-beim-ein-beerdigung-ai-generiert-foto-150x150.jpg",150,150,true],"medium":["https:\/\/nuevo-renacer.com\/wp-content\/uploads\/2024\/07\/33259436-schon-blumen-im-ein-sarg-beim-ein-beerdigung-ai-generiert-foto-300x200.jpg",300,200,true],"medium_large":["https:\/\/nuevo-renacer.com\/wp-content\/uploads\/2024\/07\/33259436-schon-blumen-im-ein-sarg-beim-ein-beerdigung-ai-generiert-foto.jpg",600,400,false],"large":["https:\/\/nuevo-renacer.com\/wp-content\/uploads\/2024\/07\/33259436-schon-blumen-im-ein-sarg-beim-ein-beerdigung-ai-generiert-foto.jpg",600,400,false],"1536x1536":["https:\/\/nuevo-renacer.com\/wp-content\/uploads\/2024\/07\/33259436-schon-blumen-im-ein-sarg-beim-ein-beerdigung-ai-generiert-foto.jpg",600,400,false],"2048x2048":["https:\/\/nuevo-renacer.com\/wp-content\/uploads\/2024\/07\/33259436-schon-blumen-im-ein-sarg-beim-ein-beerdigung-ai-generiert-foto.jpg",600,400,false],"trp-custom-language-flag":["https:\/\/nuevo-renacer.com\/wp-content\/uploads\/2024\/07\/33259436-schon-blumen-im-ein-sarg-beim-ein-beerdigung-ai-generiert-foto-18x12.jpg",18,12,true]},"uagb_author_info":{"display_name":"adbv0","author_link":"https:\/\/nuevo-renacer.com\/fr\/author\/adbv0\/"},"uagb_comment_info":0,"uagb_excerpt":"Por qu\u00e9 los esp\u00edritas no temen a la muerte Del libro: El Cielo y el Infierno \u2013 Allan Kardec&nbsp; La doctrina esp\u00edrita modifica por completo la manera de encarar el porvenir. La vida futura ya no es una hip\u00f3tesis, sino una realidad. El estado de las almas despu\u00e9s de la muerte ya no es un\u2026","jetpack_sharing_enabled":true,"_links":{"self":[{"href":"https:\/\/nuevo-renacer.com\/fr\/wp-json\/wp\/v2\/pages\/3643","targetHints":{"allow":["GET"]}}],"collection":[{"href":"https:\/\/nuevo-renacer.com\/fr\/wp-json\/wp\/v2\/pages"}],"about":[{"href":"https:\/\/nuevo-renacer.com\/fr\/wp-json\/wp\/v2\/types\/page"}],"author":[{"embeddable":true,"href":"https:\/\/nuevo-renacer.com\/fr\/wp-json\/wp\/v2\/users\/1"}],"replies":[{"embeddable":true,"href":"https:\/\/nuevo-renacer.com\/fr\/wp-json\/wp\/v2\/comments?post=3643"}],"version-history":[{"count":3,"href":"https:\/\/nuevo-renacer.com\/fr\/wp-json\/wp\/v2\/pages\/3643\/revisions"}],"predecessor-version":[{"id":8184,"href":"https:\/\/nuevo-renacer.com\/fr\/wp-json\/wp\/v2\/pages\/3643\/revisions\/8184"}],"wp:featuredmedia":[{"embeddable":true,"href":"https:\/\/nuevo-renacer.com\/fr\/wp-json\/wp\/v2\/media\/3644"}],"wp:attachment":[{"href":"https:\/\/nuevo-renacer.com\/fr\/wp-json\/wp\/v2\/media?parent=3643"}],"curies":[{"name":"wp","href":"https:\/\/api.w.org\/{rel}","templated":true}]}}