{"id":3638,"date":"2024-07-10T13:18:40","date_gmt":"2024-07-10T13:18:40","guid":{"rendered":"https:\/\/ufec-mundial.com\/?page_id=3638"},"modified":"2025-05-23T09:50:19","modified_gmt":"2025-05-23T09:50:19","slug":"ley-humana-y-ley-divina","status":"publish","type":"page","link":"https:\/\/nuevo-renacer.com\/fr\/ley-humana-y-ley-divina\/","title":{"rendered":"La loi humaine et la loi divine"},"content":{"rendered":"<div class=\"wp-block-uagb-container uagb-block-4f4d123e alignfull uagb-is-root-container\"><div class=\"uagb-container-inner-blocks-wrap\">\n<p class=\"has-black-color has-text-color has-link-color has-medium-font-size wp-elements-f864ff6c1e285855c87008d55ea84629\"><strong>La loi humaine et la loi divine<\/strong><\/p>\n\n\n\n<p class=\"has-black-color has-text-color has-link-color has-medium-font-size wp-elements-37d3320206a9b8afa52629819a26401a\"><strong>Extrait du livre: L&#039;Evangile selon le spiritisme \u2013 Allan Kardec<\/strong><\/p>\n<\/div><\/div>\n\n\n\n<div class=\"wp-block-uagb-container uagb-block-c23f10c3 alignfull uagb-is-root-container\"><div class=\"uagb-container-inner-blocks-wrap\">\n<figure class=\"wp-block-image size-full\"><img fetchpriority=\"high\" decoding=\"async\" width=\"626\" height=\"417\" src=\"https:\/\/nuevo-renacer.com\/wp-content\/uploads\/2024\/07\/still-life-with-scales-justice_23-2149776027.avif\" alt=\"\" class=\"wp-image-3639\"\/><\/figure>\n<\/div><\/div>\n\n\n\n<div class=\"wp-block-uagb-container uagb-block-e04f0926 alignfull uagb-is-root-container\"><div class=\"uagb-container-inner-blocks-wrap\">\n<p class=\"has-black-color has-text-color has-link-color has-small-font-size wp-elements-c401ed17a4c22548ac717aa84cb2db7d\">L&#039;homme de loi pr\u00e9voit pour certaines fautes, et criminalis\u00e9e. Le condamn\u00e9 peut, par cons\u00e9quent, de reconna\u00eetre que subit la cons\u00e9quence de ce qu&#039;il a fait. Dans l&#039;ensemble, la loi ne couvre pas, et il ne peut couvrir tous les d\u00e9fauts. R\u00e9prime, plus particuli\u00e8rement, de ceux qui causent un pr\u00e9judice \u00e0 la soci\u00e9t\u00e9, mais pas seulement de nuire \u00e0 ceux qui les commettent. Cependant, Dieu veut le progr\u00e8s de toutes ses cr\u00e9atures, et donc de ne pas laisser impunie une des d\u00e9viations du droit chemin. Il n&#039;y a pas une seule faute, cependant il est petit, pas une seule violation de la loi de Dieu, que vous n&#039;avez pas les cons\u00e9quences de forc\u00e9 et in\u00e9vitable, plus ou moins g\u00eanantes. D&#039;o\u00f9 il suit que, dans les choses de moindre importance, comme dans les grandes, l&#039;homme est toujours puni par o\u00f9 p\u00e9ch\u00e9. Les souffrances qui r\u00e9sultent de leur manque constituent pour lui un avertissement qu&#039;il a fait de mal. Nous servir de l&#039;exp\u00e9rience, de lui faire sentir la diff\u00e9rence entre le bien et le mal, ainsi que la n\u00e9cessit\u00e9 d&#039;am\u00e9liorer, afin d&#039;\u00e9viter, \u00e0 l&#039;avenir, ce qui est devenu pour lui une source de mis\u00e8re. Si elle n&#039;\u00e9tait pas, il n&#039;y aurait aucune raison de la modifier. De confiance \u00e0 l&#039;impunit\u00e9, le ralentissement de leur progression et, par cons\u00e9quent, leur bonheur futur.<\/p>\n\n\n\n<p class=\"has-black-color has-text-color has-link-color has-small-font-size wp-elements-055918c7cacf7d79125488d3c080026e\">Mais parfois, l&#039;exp\u00e9rience est un peu tard. Quand la vie a \u00e9t\u00e9 perdu et en col\u00e8re quand les forces sont affaiblies et le mal n&#039;est pas susceptible de recours, l&#039;homme s&#039;exclame: \u201cSi, au d\u00e9but de la vie j&#039;avais su ce que je sais maintenant, combien d&#039;\u00e9tapes en faux aurait \u00e9t\u00e9 \u00e9vit\u00e9e! Si j&#039;avais \u00e0 recommencer, je m\u00e8ne une mani\u00e8re tr\u00e8s diff\u00e9rente. Mais il n&#039;y a pas de temps!\u201d Ainsi que le travailleur paresseux dit: \u201cj&#039;ai Perdu le jour\u201d, il dit aussi: \u201cj&#039;ai perdu ma vie.\u201d Cependant, de la m\u00eame mani\u00e8re que pour le travailleur, le soleil se l\u00e8ve le lendemain, et commence un nouveau voyage qui vous permet de r\u00e9cup\u00e9rer le temps perdu, \u00e9galement pour l&#039;homme, apr\u00e8s la nuit de la tombe, brillera le soleil une nouvelle vie, dans laquelle vous pouvez tirer parti de l&#039;exp\u00e9rience du pass\u00e9, et les r\u00e9solutions de succ\u00e8s qu&#039;il a fallu pour l&#039;avenir.<\/p>\n<\/div><\/div>\n\n\n\n<div class=\"wp-block-uagb-container uagb-block-366ee4d6 alignfull uagb-is-root-container\"><div class=\"uagb-container-inner-blocks-wrap\"><\/div><\/div>\n\n\n\n<div class=\"wp-block-uagb-container uagb-block-3f8b9803 alignfull uagb-is-root-container\"><div class=\"uagb-container-inner-blocks-wrap\"><\/div><\/div>","protected":false},"excerpt":{"rendered":"<p>Ley humana y ley divina Del libro: El Evangelio seg\u00fan el espiritismo \u2013 Allan Kardec La ley humana contempla ciertas faltas y las penaliza. El condenado puede, pues, reconocer que sufre la consecuencia de lo que ha hecho. Con todo, la ley no abarca, ni puede abarcar, todas las faltas. Reprime m\u00e1s especialmente a las [&hellip;]<\/p>","protected":false},"author":1,"featured_media":3639,"parent":0,"menu_order":0,"comment_status":"closed","ping_status":"closed","template":"","meta":{"_uag_custom_page_level_css":"","site-sidebar-layout":"default","site-content-layout":"","ast-site-content-layout":"default","site-content-style":"default","site-sidebar-style":"default","ast-global-header-display":"","ast-banner-title-visibility":"","ast-main-header-display":"","ast-hfb-above-header-display":"","ast-hfb-below-header-display":"","ast-hfb-mobile-header-display":"","site-post-title":"disabled","ast-breadcrumbs-content":"","ast-featured-img":"","footer-sml-layout":"","theme-transparent-header-meta":"","adv-header-id-meta":"","stick-header-meta":"","header-above-stick-meta":"","header-main-stick-meta":"","header-below-stick-meta":"","astra-migrate-meta-layouts":"set","ast-page-background-enabled":"default","ast-page-background-meta":{"desktop":{"background-color":"var(--ast-global-color-4)","background-image":"","background-repeat":"repeat","background-position":"center center","background-size":"auto","background-attachment":"scroll","background-type":"","background-media":"","overlay-type":"","overlay-color":"","overlay-opacity":"","overlay-gradient":""},"tablet":{"background-color":"","background-image":"","background-repeat":"repeat","background-position":"center center","background-size":"auto","background-attachment":"scroll","background-type":"","background-media":"","overlay-type":"","overlay-color":"","overlay-opacity":"","overlay-gradient":""},"mobile":{"background-color":"","background-image":"","background-repeat":"repeat","background-position":"center center","background-size":"auto","background-attachment":"scroll","background-type":"","background-media":"","overlay-type":"","overlay-color":"","overlay-opacity":"","overlay-gradient":""}},"ast-content-background-meta":{"desktop":{"background-color":"var(--ast-global-color-5)","background-image":"","background-repeat":"repeat","background-position":"center center","background-size":"auto","background-attachment":"scroll","background-type":"","background-media":"","overlay-type":"","overlay-color":"","overlay-opacity":"","overlay-gradient":""},"tablet":{"background-color":"var(--ast-global-color-5)","background-image":"","background-repeat":"repeat","background-position":"center center","background-size":"auto","background-attachment":"scroll","background-type":"","background-media":"","overlay-type":"","overlay-color":"","overlay-opacity":"","overlay-gradient":""},"mobile":{"background-color":"var(--ast-global-color-5)","background-image":"","background-repeat":"repeat","background-position":"center center","background-size":"auto","background-attachment":"scroll","background-type":"","background-media":"","overlay-type":"","overlay-color":"","overlay-opacity":"","overlay-gradient":""}},"footnotes":""},"class_list":["post-3638","page","type-page","status-publish","has-post-thumbnail","hentry"],"yoast_head":"<!-- This site is optimized with the Yoast SEO Premium plugin v24.2 (Yoast SEO v24.6) - https:\/\/yoast.com\/wordpress\/plugins\/seo\/ -->\n<title>Ley humana y ley divina - Uni\u00f3n Esp\u00edrita<\/title>\n<meta name=\"robots\" content=\"index, follow, max-snippet:-1, max-image-preview:large, max-video-preview:-1\" \/>\n<link rel=\"canonical\" href=\"https:\/\/nuevo-renacer.com\/fr\/ley-humana-y-ley-divina\/\" \/>\n<meta property=\"og:locale\" content=\"fr_FR\" \/>\n<meta property=\"og:type\" content=\"article\" \/>\n<meta property=\"og:title\" content=\"Ley humana y ley divina\" \/>\n<meta property=\"og:description\" content=\"Ley humana y ley divina Del libro: El Evangelio seg\u00fan el espiritismo \u2013 Allan Kardec La ley humana contempla ciertas faltas y las penaliza. El condenado puede, pues, reconocer que sufre la consecuencia de lo que ha hecho. Con todo, la ley no abarca, ni puede abarcar, todas las faltas. Reprime m\u00e1s especialmente a las [&hellip;]\" \/>\n<meta property=\"og:url\" content=\"https:\/\/nuevo-renacer.com\/fr\/ley-humana-y-ley-divina\/\" \/>\n<meta property=\"og:site_name\" content=\"Uni\u00f3n Esp\u00edrita\" \/>\n<meta property=\"article:publisher\" content=\"https:\/\/www.facebook.com\/groups\/3431398063740829\" \/>\n<meta property=\"article:modified_time\" content=\"2025-05-23T09:50:19+00:00\" \/>\n<meta name=\"twitter:card\" content=\"summary_large_image\" \/>\n<meta name=\"twitter:label1\" content=\"Dur\u00e9e de lecture estim\u00e9e\" \/>\n\t<meta name=\"twitter:data1\" content=\"3 minutes\" \/>\n<script type=\"application\/ld+json\" class=\"yoast-schema-graph\">{\"@context\":\"https:\/\/schema.org\",\"@graph\":[{\"@type\":\"WebPage\",\"@id\":\"https:\/\/nuevo-renacer.com\/ley-humana-y-ley-divina\/\",\"url\":\"https:\/\/nuevo-renacer.com\/ley-humana-y-ley-divina\/\",\"name\":\"Ley humana y ley divina - Uni\u00f3n Esp\u00edrita\",\"isPartOf\":{\"@id\":\"https:\/\/nuevo-renacer.com\/#website\"},\"primaryImageOfPage\":{\"@id\":\"https:\/\/nuevo-renacer.com\/ley-humana-y-ley-divina\/#primaryimage\"},\"image\":{\"@id\":\"https:\/\/nuevo-renacer.com\/ley-humana-y-ley-divina\/#primaryimage\"},\"thumbnailUrl\":\"https:\/\/nuevo-renacer.com\/wp-content\/uploads\/2024\/07\/still-life-with-scales-justice_23-2149776027.avif\",\"datePublished\":\"2024-07-10T13:18:40+00:00\",\"dateModified\":\"2025-05-23T09:50:19+00:00\",\"breadcrumb\":{\"@id\":\"https:\/\/nuevo-renacer.com\/ley-humana-y-ley-divina\/#breadcrumb\"},\"inLanguage\":\"fr-FR\",\"potentialAction\":[{\"@type\":\"ReadAction\",\"target\":[\"https:\/\/nuevo-renacer.com\/ley-humana-y-ley-divina\/\"]}]},{\"@type\":\"ImageObject\",\"inLanguage\":\"fr-FR\",\"@id\":\"https:\/\/nuevo-renacer.com\/ley-humana-y-ley-divina\/#primaryimage\",\"url\":\"https:\/\/nuevo-renacer.com\/wp-content\/uploads\/2024\/07\/still-life-with-scales-justice_23-2149776027.avif\",\"contentUrl\":\"https:\/\/nuevo-renacer.com\/wp-content\/uploads\/2024\/07\/still-life-with-scales-justice_23-2149776027.avif\",\"width\":626,\"height\":417},{\"@type\":\"BreadcrumbList\",\"@id\":\"https:\/\/nuevo-renacer.com\/ley-humana-y-ley-divina\/#breadcrumb\",\"itemListElement\":[{\"@type\":\"ListItem\",\"position\":1,\"name\":\"Startseite\",\"item\":\"https:\/\/nuevo-renacer.com\/\"},{\"@type\":\"ListItem\",\"position\":2,\"name\":\"Ley humana y ley divina\"}]},{\"@type\":\"WebSite\",\"@id\":\"https:\/\/nuevo-renacer.com\/#website\",\"url\":\"https:\/\/nuevo-renacer.com\/\",\"name\":\"Uni\u00f3n Esp\u00edrita\",\"description\":\"Nuevo Renacer\",\"publisher\":{\"@id\":\"https:\/\/nuevo-renacer.com\/#organization\"},\"potentialAction\":[{\"@type\":\"SearchAction\",\"target\":{\"@type\":\"EntryPoint\",\"urlTemplate\":\"https:\/\/nuevo-renacer.com\/?s={search_term_string}\"},\"query-input\":{\"@type\":\"PropertyValueSpecification\",\"valueRequired\":true,\"valueName\":\"search_term_string\"}}],\"inLanguage\":\"fr-FR\"},{\"@type\":\"Organization\",\"@id\":\"https:\/\/nuevo-renacer.com\/#organization\",\"name\":\"UFEC\",\"url\":\"https:\/\/nuevo-renacer.com\/\",\"logo\":{\"@type\":\"ImageObject\",\"inLanguage\":\"fr-FR\",\"@id\":\"https:\/\/nuevo-renacer.com\/#\/schema\/logo\/image\/\",\"url\":\"https:\/\/nuevo-renacer.com\/wp-content\/uploads\/2024\/05\/cropped-LOGO-TERMINADO1-3-3.png\",\"contentUrl\":\"https:\/\/nuevo-renacer.com\/wp-content\/uploads\/2024\/05\/cropped-LOGO-TERMINADO1-3-3.png\",\"width\":512,\"height\":512,\"caption\":\"UFEC\"},\"image\":{\"@id\":\"https:\/\/nuevo-renacer.com\/#\/schema\/logo\/image\/\"},\"sameAs\":[\"https:\/\/www.facebook.com\/groups\/3431398063740829\"]}]}<\/script>\n<!-- \/ Yoast SEO Premium plugin. -->","yoast_head_json":{"title":"Ley humana y ley divina - Uni\u00f3n Esp\u00edrita","robots":{"index":"index","follow":"follow","max-snippet":"max-snippet:-1","max-image-preview":"max-image-preview:large","max-video-preview":"max-video-preview:-1"},"canonical":"https:\/\/nuevo-renacer.com\/fr\/ley-humana-y-ley-divina\/","og_locale":"fr_FR","og_type":"article","og_title":"Ley humana y ley divina","og_description":"Ley humana y ley divina Del libro: El Evangelio seg\u00fan el espiritismo \u2013 Allan Kardec La ley humana contempla ciertas faltas y las penaliza. El condenado puede, pues, reconocer que sufre la consecuencia de lo que ha hecho. Con todo, la ley no abarca, ni puede abarcar, todas las faltas. Reprime m\u00e1s especialmente a las [&hellip;]","og_url":"https:\/\/nuevo-renacer.com\/fr\/ley-humana-y-ley-divina\/","og_site_name":"Uni\u00f3n Esp\u00edrita","article_publisher":"https:\/\/www.facebook.com\/groups\/3431398063740829","article_modified_time":"2025-05-23T09:50:19+00:00","twitter_card":"summary_large_image","twitter_misc":{"Dur\u00e9e de lecture estim\u00e9e":"3 minutes"},"schema":{"@context":"https:\/\/schema.org","@graph":[{"@type":"WebPage","@id":"https:\/\/nuevo-renacer.com\/ley-humana-y-ley-divina\/","url":"https:\/\/nuevo-renacer.com\/ley-humana-y-ley-divina\/","name":"Ley humana y ley divina - Uni\u00f3n Esp\u00edrita","isPartOf":{"@id":"https:\/\/nuevo-renacer.com\/#website"},"primaryImageOfPage":{"@id":"https:\/\/nuevo-renacer.com\/ley-humana-y-ley-divina\/#primaryimage"},"image":{"@id":"https:\/\/nuevo-renacer.com\/ley-humana-y-ley-divina\/#primaryimage"},"thumbnailUrl":"https:\/\/nuevo-renacer.com\/wp-content\/uploads\/2024\/07\/still-life-with-scales-justice_23-2149776027.avif","datePublished":"2024-07-10T13:18:40+00:00","dateModified":"2025-05-23T09:50:19+00:00","breadcrumb":{"@id":"https:\/\/nuevo-renacer.com\/ley-humana-y-ley-divina\/#breadcrumb"},"inLanguage":"fr-FR","potentialAction":[{"@type":"ReadAction","target":["https:\/\/nuevo-renacer.com\/ley-humana-y-ley-divina\/"]}]},{"@type":"ImageObject","inLanguage":"fr-FR","@id":"https:\/\/nuevo-renacer.com\/ley-humana-y-ley-divina\/#primaryimage","url":"https:\/\/nuevo-renacer.com\/wp-content\/uploads\/2024\/07\/still-life-with-scales-justice_23-2149776027.avif","contentUrl":"https:\/\/nuevo-renacer.com\/wp-content\/uploads\/2024\/07\/still-life-with-scales-justice_23-2149776027.avif","width":626,"height":417},{"@type":"BreadcrumbList","@id":"https:\/\/nuevo-renacer.com\/ley-humana-y-ley-divina\/#breadcrumb","itemListElement":[{"@type":"ListItem","position":1,"name":"Startseite","item":"https:\/\/nuevo-renacer.com\/"},{"@type":"ListItem","position":2,"name":"Ley humana y ley divina"}]},{"@type":"WebSite","@id":"https:\/\/nuevo-renacer.com\/#website","url":"https:\/\/nuevo-renacer.com\/","name":"Uni\u00f3n Esp\u00edrita","description":"Nuevo Renacer","publisher":{"@id":"https:\/\/nuevo-renacer.com\/#organization"},"potentialAction":[{"@type":"SearchAction","target":{"@type":"EntryPoint","urlTemplate":"https:\/\/nuevo-renacer.com\/?s={search_term_string}"},"query-input":{"@type":"PropertyValueSpecification","valueRequired":true,"valueName":"search_term_string"}}],"inLanguage":"fr-FR"},{"@type":"Organization","@id":"https:\/\/nuevo-renacer.com\/#organization","name":"UFEC","url":"https:\/\/nuevo-renacer.com\/","logo":{"@type":"ImageObject","inLanguage":"fr-FR","@id":"https:\/\/nuevo-renacer.com\/#\/schema\/logo\/image\/","url":"https:\/\/nuevo-renacer.com\/wp-content\/uploads\/2024\/05\/cropped-LOGO-TERMINADO1-3-3.png","contentUrl":"https:\/\/nuevo-renacer.com\/wp-content\/uploads\/2024\/05\/cropped-LOGO-TERMINADO1-3-3.png","width":512,"height":512,"caption":"UFEC"},"image":{"@id":"https:\/\/nuevo-renacer.com\/#\/schema\/logo\/image\/"},"sameAs":["https:\/\/www.facebook.com\/groups\/3431398063740829"]}]}},"uagb_featured_image_src":{"full":["https:\/\/nuevo-renacer.com\/wp-content\/uploads\/2024\/07\/still-life-with-scales-justice_23-2149776027.avif",626,417,false],"thumbnail":["https:\/\/nuevo-renacer.com\/wp-content\/uploads\/2024\/07\/still-life-with-scales-justice_23-2149776027.avif",150,100,false],"medium":["https:\/\/nuevo-renacer.com\/wp-content\/uploads\/2024\/07\/still-life-with-scales-justice_23-2149776027.avif",300,200,false],"medium_large":["https:\/\/nuevo-renacer.com\/wp-content\/uploads\/2024\/07\/still-life-with-scales-justice_23-2149776027.avif",626,417,false],"large":["https:\/\/nuevo-renacer.com\/wp-content\/uploads\/2024\/07\/still-life-with-scales-justice_23-2149776027.avif",626,417,false],"1536x1536":["https:\/\/nuevo-renacer.com\/wp-content\/uploads\/2024\/07\/still-life-with-scales-justice_23-2149776027.avif",626,417,false],"2048x2048":["https:\/\/nuevo-renacer.com\/wp-content\/uploads\/2024\/07\/still-life-with-scales-justice_23-2149776027.avif",626,417,false],"trp-custom-language-flag":["https:\/\/nuevo-renacer.com\/wp-content\/uploads\/2024\/07\/still-life-with-scales-justice_23-2149776027.avif",18,12,false]},"uagb_author_info":{"display_name":"adbv0","author_link":"https:\/\/nuevo-renacer.com\/fr\/author\/adbv0\/"},"uagb_comment_info":0,"uagb_excerpt":"Ley humana y ley divina Del libro: El Evangelio seg\u00fan el espiritismo \u2013 Allan Kardec La ley humana contempla ciertas faltas y las penaliza. El condenado puede, pues, reconocer que sufre la consecuencia de lo que ha hecho. Con todo, la ley no abarca, ni puede abarcar, todas las faltas. Reprime m\u00e1s especialmente a las\u2026","jetpack_sharing_enabled":true,"_links":{"self":[{"href":"https:\/\/nuevo-renacer.com\/fr\/wp-json\/wp\/v2\/pages\/3638","targetHints":{"allow":["GET"]}}],"collection":[{"href":"https:\/\/nuevo-renacer.com\/fr\/wp-json\/wp\/v2\/pages"}],"about":[{"href":"https:\/\/nuevo-renacer.com\/fr\/wp-json\/wp\/v2\/types\/page"}],"author":[{"embeddable":true,"href":"https:\/\/nuevo-renacer.com\/fr\/wp-json\/wp\/v2\/users\/1"}],"replies":[{"embeddable":true,"href":"https:\/\/nuevo-renacer.com\/fr\/wp-json\/wp\/v2\/comments?post=3638"}],"version-history":[{"count":3,"href":"https:\/\/nuevo-renacer.com\/fr\/wp-json\/wp\/v2\/pages\/3638\/revisions"}],"predecessor-version":[{"id":8186,"href":"https:\/\/nuevo-renacer.com\/fr\/wp-json\/wp\/v2\/pages\/3638\/revisions\/8186"}],"wp:featuredmedia":[{"embeddable":true,"href":"https:\/\/nuevo-renacer.com\/fr\/wp-json\/wp\/v2\/media\/3639"}],"wp:attachment":[{"href":"https:\/\/nuevo-renacer.com\/fr\/wp-json\/wp\/v2\/media?parent=3638"}],"curies":[{"name":"wp","href":"https:\/\/api.w.org\/{rel}","templated":true}]}}