{"id":3612,"date":"2024-07-10T11:59:20","date_gmt":"2024-07-10T11:59:20","guid":{"rendered":"https:\/\/ufec-mundial.com\/?page_id=3612"},"modified":"2024-12-18T10:26:22","modified_gmt":"2024-12-18T10:26:22","slug":"espiritismo-consecuencia-de-la-doctrina-cristiana","status":"publish","type":"page","link":"https:\/\/nuevo-renacer.com\/fr\/espiritismo-consecuencia-de-la-doctrina-cristiana\/","title":{"rendered":"Spiritisme: la Cons\u00e9quence de la doctrine chr\u00e9tienne"},"content":{"rendered":"<div class=\"wp-block-uagb-container uagb-block-41ec24e1 alignfull uagb-is-root-container\"><div class=\"uagb-container-inner-blocks-wrap\">\n<p class=\"has-black-color has-text-color has-link-color has-medium-font-size wp-elements-539c6a4f831ccd87f5fa61452e784fdb\"><strong>Spiritisme: la Cons\u00e9quence de la doctrine chr\u00e9tienne<\/strong><\/p>\n\n\n\n<p class=\"has-black-color has-text-color has-link-color has-medium-font-size wp-elements-23de0497bcae6613bfa86f5fce97e098\"><strong>Extrait du livre: La Gen\u00e8se \u2013 Allan Kardec<\/strong><\/p>\n<\/div><\/div>\n\n\n\n<div class=\"wp-block-uagb-container uagb-block-7ac946fe alignfull uagb-is-root-container\"><div class=\"uagb-container-inner-blocks-wrap\">\n<figure class=\"wp-block-image size-large is-resized\"><img fetchpriority=\"high\" decoding=\"async\" width=\"1024\" height=\"585\" src=\"https:\/\/ufec-mundial.com\/wp-content\/uploads\/2024\/07\/ai-generated-8448318_1280-1024x585.webp\" alt=\"\" class=\"wp-image-3613\" style=\"width:466px;height:auto\" srcset=\"https:\/\/nuevo-renacer.com\/wp-content\/uploads\/2024\/07\/ai-generated-8448318_1280-1024x585.webp 1024w, https:\/\/nuevo-renacer.com\/wp-content\/uploads\/2024\/07\/ai-generated-8448318_1280-300x171.webp 300w, https:\/\/nuevo-renacer.com\/wp-content\/uploads\/2024\/07\/ai-generated-8448318_1280-768x439.webp 768w, https:\/\/nuevo-renacer.com\/wp-content\/uploads\/2024\/07\/ai-generated-8448318_1280-18x10.webp 18w, https:\/\/nuevo-renacer.com\/wp-content\/uploads\/2024\/07\/ai-generated-8448318_1280.webp 1280w\" sizes=\"(max-width: 1024px) 100vw, 1024px\" \/><\/figure>\n<\/div><\/div>\n\n\n\n<div class=\"wp-block-uagb-container uagb-block-5b37d649 alignfull uagb-is-root-container\"><div class=\"uagb-container-inner-blocks-wrap\">\n<p class=\"has-black-color has-text-color has-link-color has-small-font-size wp-elements-9b55e280c6dd5f5f98b887226666db48\">Le spiritisme, la partie de la parole de j\u00e9sus-Christ, \u00e0 l&#039;instar de ce partirent de Mo\u00efse, est une cons\u00e9quence directe de la doctrine chr\u00e9tienne.<\/p>\n\n\n\n<p class=\"has-black-color has-text-color has-link-color has-small-font-size wp-elements-c5fd77af2c6a9309a122fd2305c90e79\">La vague id\u00e9e de la vie future ajoute la r\u00e9v\u00e9lation de l&#039;existence du monde invisible qui nous entoure et de puebla de l&#039;espace, et avec celle d\u00e9termin\u00e9e pr\u00e9cis\u00e9ment dans la croyance; il vous donne un corps, une consistance, une r\u00e9alit\u00e9 dans la pens\u00e9e.<\/p>\n\n\n\n<p class=\"has-black-color has-text-color has-link-color has-small-font-size wp-elements-577455e1c7c7b70e72b8ee2aa8ec2005\">D\u00e9finit les liens qui unissent l&#039;\u00e2me au corps, et l\u00e8ve le voile qui cachait les hommes les myst\u00e8res de la naissance et de la mort.<\/p>\n\n\n\n<p class=\"has-black-color has-text-color has-link-color has-small-font-size wp-elements-169f3b986618349ad865b307b9420019\">\u00c0 travers le spiritisme, l&#039;homme sait d&#039;o\u00f9 il vient, o\u00f9 il va, pourquoi il est sur Terre, pour ce qu&#039;il souffre de mani\u00e8re transitoire, et ressemble \u00e0 toutes les parties dans la justice de Dieu. Sachez que l&#039;\u00e2me progresse sans rel\u00e2che, \u00e0 travers une s\u00e9rie de r\u00e9incarnations successives jusqu&#039;\u00e0 ce qu&#039;il ait atteint le degr\u00e9 de perfection que le rapprocher de Dieu. Vous savez que toutes les \u00e2mes, comme ils ont le m\u00eame point d&#039;origine, sont cr\u00e9\u00e9s \u00e9gaux, avec la m\u00eame aptitude \u00e0 progresser, en vertu de son libre arbitre; que tous sont de la m\u00eame essence, et qu&#039;il n&#039;y a aucune diff\u00e9rence entre eux, sauf en ce qui concerne les progr\u00e8s accomplis; ils ont tous le m\u00eame objectif et d&#039;atteindre le m\u00eame objectif, plus ou moins rapidement, en fonction de son travail et de bonne volont\u00e9.<\/p>\n\n\n\n<p class=\"has-black-color has-text-color has-link-color has-small-font-size wp-elements-1f1422258989c3bb765bfafca45d222d\">Il sait qu&#039;il n&#039;y a pas de cr\u00e9atures desheredadas, ni plus favoris\u00e9es que d&#039;autres; que Dieu n&#039;a pas privil\u00e9gi\u00e9 la cr\u00e9ation de l&#039;un d&#039;eux, ou toute personne, \u00e0 condition que le travail de l&#039;autre pour progresser; il n&#039;y a pas d&#039;\u00eatres perp\u00e9tuellement consacr\u00e9e au mal et \u00e0 la souffrance; que ceux qui sont d\u00e9sign\u00e9s par le nom de d\u00e9mons sont des Esprits imparfaits et sont toujours en retard, qui pratique le mal dans l&#039;\u00e9tat des Esprits comme ils la pratiquent quand ils \u00e9taient des hommes, mais \u00e0 l&#039;avance et sera d\u00e9velopp\u00e9; des anges ou des Esprits purs ne sont pas des \u00eatres \u00e0 part dans la Cr\u00e9ation, mais les Esprits qui sont venus \u00e0 la ligne d&#039;arriv\u00e9e, apr\u00e8s avoir parcouru chaque pouce de la voie du progr\u00e8s; que donc, il y a des cr\u00e9ations multiples ou des diff\u00e9rentes cat\u00e9gories d&#039;\u00eatres intelligents, mais que toute la cr\u00e9ation est le r\u00e9sultat de la grande loi de l&#039;unit\u00e9 qui r\u00e9git l&#039;univers; il sait, enfin, que tous les \u00eatres sont attir\u00e9s vers un but commun, qui est la perfection, sans laquelle quelques-uns sont favoris\u00e9s au d\u00e9triment des autres, parce que vous \u00eates tous les enfants de ses propres \u0153uvres.<\/p>\n\n\n\n<p class=\"has-black-color has-text-color has-link-color has-small-font-size wp-elements-d10c4413c108cbda0e03702c0a361656\">Par les relations que vous pouvez maintenant r\u00e9gler avec ceux qui ont quitt\u00e9 la Terre, l&#039;homme n&#039;a pas seulement la preuve de l&#039;existence et de l&#039;individualit\u00e9 de l&#039;\u00e2me, mais comprend \u00e9galement la solidarit\u00e9 qui lie les vivants avec les morts de ce monde, et de ce monde, avec les autres plan\u00e8tes. Vous connaissez la situation dans le monde des esprits, en les accompagnant dans leurs migrations; c&#039;est un t\u00e9moignage de leurs joies et de leurs peines; vous savez pourquoi vous \u00eates heureux ou malheureux, et il sait le sort qui lui est r\u00e9serv\u00e9, selon le bien ou le mal que vous avez fait. Ces relations commencent \u00e0 la vie future, qui peut \u00eatre vu dans toutes ses phases, dans toutes ses vicissitudes; l&#039;avenir n&#039;est plus un espoir vague, mais un fait, une certitude math\u00e9matique. \u00c0 partir de l\u00e0, la mort n&#039;est pas effrayante pour lui, parce qu&#039;il signifie la lib\u00e9ration, la porte de la vraie vie.<\/p>\n<\/div><\/div>\n\n\n\n<div class=\"wp-block-uagb-container uagb-block-73d5d64d alignfull uagb-is-root-container\"><div class=\"uagb-container-inner-blocks-wrap\"><\/div><\/div>\n\n\n\n<div class=\"wp-block-uagb-container uagb-block-8159e061 alignfull uagb-is-root-container\"><div class=\"uagb-container-inner-blocks-wrap\"><\/div><\/div>","protected":false},"excerpt":{"rendered":"<p>Espiritismo: Consecuencia de la doctrina cristiana Del libro: La G\u00e9nesis \u2013 Allan Kardec El espiritismo, que parte de las propias palabras de Cristo, como este parti\u00f3 de las de Mois\u00e9s, es una consecuencia directa de la doctrina cristiana. A la idea vaga de la vida futura agrega la revelaci\u00f3n de la existencia del mundo invisible [&hellip;]<\/p>","protected":false},"author":1,"featured_media":3613,"parent":0,"menu_order":0,"comment_status":"closed","ping_status":"closed","template":"","meta":{"_uag_custom_page_level_css":"","site-sidebar-layout":"default","site-content-layout":"","ast-site-content-layout":"default","site-content-style":"default","site-sidebar-style":"default","ast-global-header-display":"","ast-banner-title-visibility":"","ast-main-header-display":"","ast-hfb-above-header-display":"","ast-hfb-below-header-display":"","ast-hfb-mobile-header-display":"","site-post-title":"disabled","ast-breadcrumbs-content":"","ast-featured-img":"","footer-sml-layout":"","theme-transparent-header-meta":"","adv-header-id-meta":"","stick-header-meta":"","header-above-stick-meta":"","header-main-stick-meta":"","header-below-stick-meta":"","astra-migrate-meta-layouts":"set","ast-page-background-enabled":"default","ast-page-background-meta":{"desktop":{"background-color":"var(--ast-global-color-4)","background-image":"","background-repeat":"repeat","background-position":"center center","background-size":"auto","background-attachment":"scroll","background-type":"","background-media":"","overlay-type":"","overlay-color":"","overlay-opacity":"","overlay-gradient":""},"tablet":{"background-color":"","background-image":"","background-repeat":"repeat","background-position":"center center","background-size":"auto","background-attachment":"scroll","background-type":"","background-media":"","overlay-type":"","overlay-color":"","overlay-opacity":"","overlay-gradient":""},"mobile":{"background-color":"","background-image":"","background-repeat":"repeat","background-position":"center center","background-size":"auto","background-attachment":"scroll","background-type":"","background-media":"","overlay-type":"","overlay-color":"","overlay-opacity":"","overlay-gradient":""}},"ast-content-background-meta":{"desktop":{"background-color":"var(--ast-global-color-5)","background-image":"","background-repeat":"repeat","background-position":"center center","background-size":"auto","background-attachment":"scroll","background-type":"","background-media":"","overlay-type":"","overlay-color":"","overlay-opacity":"","overlay-gradient":""},"tablet":{"background-color":"var(--ast-global-color-5)","background-image":"","background-repeat":"repeat","background-position":"center center","background-size":"auto","background-attachment":"scroll","background-type":"","background-media":"","overlay-type":"","overlay-color":"","overlay-opacity":"","overlay-gradient":""},"mobile":{"background-color":"var(--ast-global-color-5)","background-image":"","background-repeat":"repeat","background-position":"center center","background-size":"auto","background-attachment":"scroll","background-type":"","background-media":"","overlay-type":"","overlay-color":"","overlay-opacity":"","overlay-gradient":""}},"footnotes":""},"class_list":["post-3612","page","type-page","status-publish","has-post-thumbnail","hentry"],"yoast_head":"<!-- This site is optimized with the Yoast SEO Premium plugin v24.2 (Yoast SEO v24.6) - https:\/\/yoast.com\/wordpress\/plugins\/seo\/ -->\n<title>Espiritismo: Consecuencia de la doctrina cristiana - Uni\u00f3n Esp\u00edrita<\/title>\n<meta name=\"robots\" content=\"index, follow, max-snippet:-1, max-image-preview:large, max-video-preview:-1\" \/>\n<link rel=\"canonical\" href=\"https:\/\/nuevo-renacer.com\/fr\/espiritismo-consecuencia-de-la-doctrina-cristiana\/\" \/>\n<meta property=\"og:locale\" content=\"fr_FR\" \/>\n<meta property=\"og:type\" content=\"article\" \/>\n<meta property=\"og:title\" content=\"Espiritismo: Consecuencia de la doctrina cristiana\" \/>\n<meta property=\"og:description\" content=\"Espiritismo: Consecuencia de la doctrina cristiana Del libro: La G\u00e9nesis \u2013 Allan Kardec El espiritismo, que parte de las propias palabras de Cristo, como este parti\u00f3 de las de Mois\u00e9s, es una consecuencia directa de la doctrina cristiana. A la idea vaga de la vida futura agrega la revelaci\u00f3n de la existencia del mundo invisible [&hellip;]\" \/>\n<meta property=\"og:url\" content=\"https:\/\/nuevo-renacer.com\/fr\/espiritismo-consecuencia-de-la-doctrina-cristiana\/\" \/>\n<meta property=\"og:site_name\" content=\"Uni\u00f3n Esp\u00edrita\" \/>\n<meta property=\"article:publisher\" content=\"https:\/\/www.facebook.com\/groups\/3431398063740829\" \/>\n<meta property=\"article:modified_time\" content=\"2024-12-18T10:26:22+00:00\" \/>\n<meta property=\"og:image\" content=\"https:\/\/nuevo-renacer.com\/wp-content\/uploads\/2024\/07\/ai-generated-8448318_1280.webp\" \/>\n\t<meta property=\"og:image:width\" content=\"1280\" \/>\n\t<meta property=\"og:image:height\" content=\"731\" \/>\n\t<meta property=\"og:image:type\" content=\"image\/webp\" \/>\n<meta name=\"twitter:card\" content=\"summary_large_image\" \/>\n<meta name=\"twitter:label1\" content=\"Dur\u00e9e de lecture estim\u00e9e\" \/>\n\t<meta name=\"twitter:data1\" content=\"3 minutes\" \/>\n<script type=\"application\/ld+json\" class=\"yoast-schema-graph\">{\"@context\":\"https:\/\/schema.org\",\"@graph\":[{\"@type\":\"WebPage\",\"@id\":\"https:\/\/nuevo-renacer.com\/espiritismo-consecuencia-de-la-doctrina-cristiana\/\",\"url\":\"https:\/\/nuevo-renacer.com\/espiritismo-consecuencia-de-la-doctrina-cristiana\/\",\"name\":\"Espiritismo: Consecuencia de la doctrina cristiana - Uni\u00f3n Esp\u00edrita\",\"isPartOf\":{\"@id\":\"https:\/\/nuevo-renacer.com\/#website\"},\"primaryImageOfPage\":{\"@id\":\"https:\/\/nuevo-renacer.com\/espiritismo-consecuencia-de-la-doctrina-cristiana\/#primaryimage\"},\"image\":{\"@id\":\"https:\/\/nuevo-renacer.com\/espiritismo-consecuencia-de-la-doctrina-cristiana\/#primaryimage\"},\"thumbnailUrl\":\"https:\/\/nuevo-renacer.com\/wp-content\/uploads\/2024\/07\/ai-generated-8448318_1280.webp\",\"datePublished\":\"2024-07-10T11:59:20+00:00\",\"dateModified\":\"2024-12-18T10:26:22+00:00\",\"breadcrumb\":{\"@id\":\"https:\/\/nuevo-renacer.com\/espiritismo-consecuencia-de-la-doctrina-cristiana\/#breadcrumb\"},\"inLanguage\":\"fr-FR\",\"potentialAction\":[{\"@type\":\"ReadAction\",\"target\":[\"https:\/\/nuevo-renacer.com\/espiritismo-consecuencia-de-la-doctrina-cristiana\/\"]}]},{\"@type\":\"ImageObject\",\"inLanguage\":\"fr-FR\",\"@id\":\"https:\/\/nuevo-renacer.com\/espiritismo-consecuencia-de-la-doctrina-cristiana\/#primaryimage\",\"url\":\"https:\/\/nuevo-renacer.com\/wp-content\/uploads\/2024\/07\/ai-generated-8448318_1280.webp\",\"contentUrl\":\"https:\/\/nuevo-renacer.com\/wp-content\/uploads\/2024\/07\/ai-generated-8448318_1280.webp\",\"width\":1280,\"height\":731},{\"@type\":\"BreadcrumbList\",\"@id\":\"https:\/\/nuevo-renacer.com\/espiritismo-consecuencia-de-la-doctrina-cristiana\/#breadcrumb\",\"itemListElement\":[{\"@type\":\"ListItem\",\"position\":1,\"name\":\"Startseite\",\"item\":\"https:\/\/nuevo-renacer.com\/\"},{\"@type\":\"ListItem\",\"position\":2,\"name\":\"Espiritismo: Consecuencia de la doctrina cristiana\"}]},{\"@type\":\"WebSite\",\"@id\":\"https:\/\/nuevo-renacer.com\/#website\",\"url\":\"https:\/\/nuevo-renacer.com\/\",\"name\":\"Uni\u00f3n Esp\u00edrita\",\"description\":\"Nuevo Renacer\",\"publisher\":{\"@id\":\"https:\/\/nuevo-renacer.com\/#organization\"},\"potentialAction\":[{\"@type\":\"SearchAction\",\"target\":{\"@type\":\"EntryPoint\",\"urlTemplate\":\"https:\/\/nuevo-renacer.com\/?s={search_term_string}\"},\"query-input\":{\"@type\":\"PropertyValueSpecification\",\"valueRequired\":true,\"valueName\":\"search_term_string\"}}],\"inLanguage\":\"fr-FR\"},{\"@type\":\"Organization\",\"@id\":\"https:\/\/nuevo-renacer.com\/#organization\",\"name\":\"UFEC\",\"url\":\"https:\/\/nuevo-renacer.com\/\",\"logo\":{\"@type\":\"ImageObject\",\"inLanguage\":\"fr-FR\",\"@id\":\"https:\/\/nuevo-renacer.com\/#\/schema\/logo\/image\/\",\"url\":\"https:\/\/nuevo-renacer.com\/wp-content\/uploads\/2024\/05\/cropped-LOGO-TERMINADO1-3-3.png\",\"contentUrl\":\"https:\/\/nuevo-renacer.com\/wp-content\/uploads\/2024\/05\/cropped-LOGO-TERMINADO1-3-3.png\",\"width\":512,\"height\":512,\"caption\":\"UFEC\"},\"image\":{\"@id\":\"https:\/\/nuevo-renacer.com\/#\/schema\/logo\/image\/\"},\"sameAs\":[\"https:\/\/www.facebook.com\/groups\/3431398063740829\"]}]}<\/script>\n<!-- \/ Yoast SEO Premium plugin. -->","yoast_head_json":{"title":"Espiritismo: Consecuencia de la doctrina cristiana - Uni\u00f3n Esp\u00edrita","robots":{"index":"index","follow":"follow","max-snippet":"max-snippet:-1","max-image-preview":"max-image-preview:large","max-video-preview":"max-video-preview:-1"},"canonical":"https:\/\/nuevo-renacer.com\/fr\/espiritismo-consecuencia-de-la-doctrina-cristiana\/","og_locale":"fr_FR","og_type":"article","og_title":"Espiritismo: Consecuencia de la doctrina cristiana","og_description":"Espiritismo: Consecuencia de la doctrina cristiana Del libro: La G\u00e9nesis \u2013 Allan Kardec El espiritismo, que parte de las propias palabras de Cristo, como este parti\u00f3 de las de Mois\u00e9s, es una consecuencia directa de la doctrina cristiana. A la idea vaga de la vida futura agrega la revelaci\u00f3n de la existencia del mundo invisible [&hellip;]","og_url":"https:\/\/nuevo-renacer.com\/fr\/espiritismo-consecuencia-de-la-doctrina-cristiana\/","og_site_name":"Uni\u00f3n Esp\u00edrita","article_publisher":"https:\/\/www.facebook.com\/groups\/3431398063740829","article_modified_time":"2024-12-18T10:26:22+00:00","og_image":[{"width":1280,"height":731,"url":"https:\/\/nuevo-renacer.com\/wp-content\/uploads\/2024\/07\/ai-generated-8448318_1280.webp","type":"image\/webp"}],"twitter_card":"summary_large_image","twitter_misc":{"Dur\u00e9e de lecture estim\u00e9e":"3 minutes"},"schema":{"@context":"https:\/\/schema.org","@graph":[{"@type":"WebPage","@id":"https:\/\/nuevo-renacer.com\/espiritismo-consecuencia-de-la-doctrina-cristiana\/","url":"https:\/\/nuevo-renacer.com\/espiritismo-consecuencia-de-la-doctrina-cristiana\/","name":"Espiritismo: Consecuencia de la doctrina cristiana - Uni\u00f3n Esp\u00edrita","isPartOf":{"@id":"https:\/\/nuevo-renacer.com\/#website"},"primaryImageOfPage":{"@id":"https:\/\/nuevo-renacer.com\/espiritismo-consecuencia-de-la-doctrina-cristiana\/#primaryimage"},"image":{"@id":"https:\/\/nuevo-renacer.com\/espiritismo-consecuencia-de-la-doctrina-cristiana\/#primaryimage"},"thumbnailUrl":"https:\/\/nuevo-renacer.com\/wp-content\/uploads\/2024\/07\/ai-generated-8448318_1280.webp","datePublished":"2024-07-10T11:59:20+00:00","dateModified":"2024-12-18T10:26:22+00:00","breadcrumb":{"@id":"https:\/\/nuevo-renacer.com\/espiritismo-consecuencia-de-la-doctrina-cristiana\/#breadcrumb"},"inLanguage":"fr-FR","potentialAction":[{"@type":"ReadAction","target":["https:\/\/nuevo-renacer.com\/espiritismo-consecuencia-de-la-doctrina-cristiana\/"]}]},{"@type":"ImageObject","inLanguage":"fr-FR","@id":"https:\/\/nuevo-renacer.com\/espiritismo-consecuencia-de-la-doctrina-cristiana\/#primaryimage","url":"https:\/\/nuevo-renacer.com\/wp-content\/uploads\/2024\/07\/ai-generated-8448318_1280.webp","contentUrl":"https:\/\/nuevo-renacer.com\/wp-content\/uploads\/2024\/07\/ai-generated-8448318_1280.webp","width":1280,"height":731},{"@type":"BreadcrumbList","@id":"https:\/\/nuevo-renacer.com\/espiritismo-consecuencia-de-la-doctrina-cristiana\/#breadcrumb","itemListElement":[{"@type":"ListItem","position":1,"name":"Startseite","item":"https:\/\/nuevo-renacer.com\/"},{"@type":"ListItem","position":2,"name":"Espiritismo: Consecuencia de la doctrina cristiana"}]},{"@type":"WebSite","@id":"https:\/\/nuevo-renacer.com\/#website","url":"https:\/\/nuevo-renacer.com\/","name":"Uni\u00f3n Esp\u00edrita","description":"Nuevo Renacer","publisher":{"@id":"https:\/\/nuevo-renacer.com\/#organization"},"potentialAction":[{"@type":"SearchAction","target":{"@type":"EntryPoint","urlTemplate":"https:\/\/nuevo-renacer.com\/?s={search_term_string}"},"query-input":{"@type":"PropertyValueSpecification","valueRequired":true,"valueName":"search_term_string"}}],"inLanguage":"fr-FR"},{"@type":"Organization","@id":"https:\/\/nuevo-renacer.com\/#organization","name":"UFEC","url":"https:\/\/nuevo-renacer.com\/","logo":{"@type":"ImageObject","inLanguage":"fr-FR","@id":"https:\/\/nuevo-renacer.com\/#\/schema\/logo\/image\/","url":"https:\/\/nuevo-renacer.com\/wp-content\/uploads\/2024\/05\/cropped-LOGO-TERMINADO1-3-3.png","contentUrl":"https:\/\/nuevo-renacer.com\/wp-content\/uploads\/2024\/05\/cropped-LOGO-TERMINADO1-3-3.png","width":512,"height":512,"caption":"UFEC"},"image":{"@id":"https:\/\/nuevo-renacer.com\/#\/schema\/logo\/image\/"},"sameAs":["https:\/\/www.facebook.com\/groups\/3431398063740829"]}]}},"uagb_featured_image_src":{"full":["https:\/\/nuevo-renacer.com\/wp-content\/uploads\/2024\/07\/ai-generated-8448318_1280.webp",1280,731,false],"thumbnail":["https:\/\/nuevo-renacer.com\/wp-content\/uploads\/2024\/07\/ai-generated-8448318_1280-150x150.webp",150,150,true],"medium":["https:\/\/nuevo-renacer.com\/wp-content\/uploads\/2024\/07\/ai-generated-8448318_1280-300x171.webp",300,171,true],"medium_large":["https:\/\/nuevo-renacer.com\/wp-content\/uploads\/2024\/07\/ai-generated-8448318_1280-768x439.webp",768,439,true],"large":["https:\/\/nuevo-renacer.com\/wp-content\/uploads\/2024\/07\/ai-generated-8448318_1280-1024x585.webp",1024,585,true],"1536x1536":["https:\/\/nuevo-renacer.com\/wp-content\/uploads\/2024\/07\/ai-generated-8448318_1280.webp",1280,731,false],"2048x2048":["https:\/\/nuevo-renacer.com\/wp-content\/uploads\/2024\/07\/ai-generated-8448318_1280.webp",1280,731,false],"trp-custom-language-flag":["https:\/\/nuevo-renacer.com\/wp-content\/uploads\/2024\/07\/ai-generated-8448318_1280-18x10.webp",18,10,true]},"uagb_author_info":{"display_name":"adbv0","author_link":"https:\/\/nuevo-renacer.com\/fr\/author\/adbv0\/"},"uagb_comment_info":0,"uagb_excerpt":"Espiritismo: Consecuencia de la doctrina cristiana Del libro: La G\u00e9nesis \u2013 Allan Kardec El espiritismo, que parte de las propias palabras de Cristo, como este parti\u00f3 de las de Mois\u00e9s, es una consecuencia directa de la doctrina cristiana. A la idea vaga de la vida futura agrega la revelaci\u00f3n de la existencia del mundo invisible\u2026","jetpack_sharing_enabled":true,"_links":{"self":[{"href":"https:\/\/nuevo-renacer.com\/fr\/wp-json\/wp\/v2\/pages\/3612","targetHints":{"allow":["GET"]}}],"collection":[{"href":"https:\/\/nuevo-renacer.com\/fr\/wp-json\/wp\/v2\/pages"}],"about":[{"href":"https:\/\/nuevo-renacer.com\/fr\/wp-json\/wp\/v2\/types\/page"}],"author":[{"embeddable":true,"href":"https:\/\/nuevo-renacer.com\/fr\/wp-json\/wp\/v2\/users\/1"}],"replies":[{"embeddable":true,"href":"https:\/\/nuevo-renacer.com\/fr\/wp-json\/wp\/v2\/comments?post=3612"}],"version-history":[{"count":4,"href":"https:\/\/nuevo-renacer.com\/fr\/wp-json\/wp\/v2\/pages\/3612\/revisions"}],"predecessor-version":[{"id":6555,"href":"https:\/\/nuevo-renacer.com\/fr\/wp-json\/wp\/v2\/pages\/3612\/revisions\/6555"}],"wp:featuredmedia":[{"embeddable":true,"href":"https:\/\/nuevo-renacer.com\/fr\/wp-json\/wp\/v2\/media\/3613"}],"wp:attachment":[{"href":"https:\/\/nuevo-renacer.com\/fr\/wp-json\/wp\/v2\/media?parent=3612"}],"curies":[{"name":"wp","href":"https:\/\/api.w.org\/{rel}","templated":true}]}}