{"id":3597,"date":"2024-07-10T11:33:01","date_gmt":"2024-07-10T11:33:01","guid":{"rendered":"https:\/\/ufec-mundial.com\/?page_id=3597"},"modified":"2025-01-02T12:02:16","modified_gmt":"2025-01-02T12:02:16","slug":"la-imposibilidad-de-las-penas-eternas","status":"publish","type":"page","link":"https:\/\/nuevo-renacer.com\/fr\/la-imposibilidad-de-las-penas-eternas\/","title":{"rendered":"L&#039;incapacit\u00e9 de la peine \u00e9ternelle"},"content":{"rendered":"<div class=\"wp-block-uagb-container uagb-block-7677c792 alignfull uagb-is-root-container\"><div class=\"uagb-container-inner-blocks-wrap\">\n<p class=\"has-black-color has-text-color has-link-color has-medium-font-size wp-elements-9195b4a20927720ac56b2ea6c5a5b13e\"><strong>L&#039;incapacit\u00e9 de la peine \u00e9ternelle<\/strong><\/p>\n\n\n\n<p class=\"has-black-color has-text-color has-link-color has-medium-font-size wp-elements-7bec66d66c94fadeb07f12b26b31d5cf\"><strong>\u00c0 partir du livre: &#034;le Ciel et l&#039;Enfer \u2013 Allan Kardec<\/strong><\/p>\n<\/div><\/div>\n\n\n\n<div class=\"wp-block-uagb-container uagb-block-aac6b1bc alignfull uagb-is-root-container\"><div class=\"uagb-container-inner-blocks-wrap\">\n<figure class=\"wp-block-image size-full is-resized\"><img fetchpriority=\"high\" decoding=\"async\" width=\"643\" height=\"360\" src=\"https:\/\/ufec-mundial.com\/wp-content\/uploads\/2024\/07\/360_F_645413602_YysGA8ncTRgh5L4KRa64IFqytK4Jo1KQ.jpg\" alt=\"\" class=\"wp-image-3598\" style=\"width:441px;height:auto\" srcset=\"https:\/\/nuevo-renacer.com\/wp-content\/uploads\/2024\/07\/360_F_645413602_YysGA8ncTRgh5L4KRa64IFqytK4Jo1KQ.jpg 643w, https:\/\/nuevo-renacer.com\/wp-content\/uploads\/2024\/07\/360_F_645413602_YysGA8ncTRgh5L4KRa64IFqytK4Jo1KQ-300x168.jpg 300w, https:\/\/nuevo-renacer.com\/wp-content\/uploads\/2024\/07\/360_F_645413602_YysGA8ncTRgh5L4KRa64IFqytK4Jo1KQ-18x10.jpg 18w\" sizes=\"(max-width: 643px) 100vw, 643px\" \/><\/figure>\n<\/div><\/div>\n\n\n\n<div class=\"wp-block-uagb-container uagb-block-d7d712cb alignfull uagb-is-root-container\"><div class=\"uagb-container-inner-blocks-wrap\">\n<p class=\"has-black-color has-text-color has-link-color has-small-font-size wp-elements-af00adf2684d89abf1fa78cb00614076\">Imaginez un jeune homme de vingt ans, comme beaucoup qui existent actuellement, des ignorants, des instincts vicieux, qui nie l&#039;existence de son \u00e2me et de Dieu, livr\u00e9 \u00e0 l&#039;absence de contr\u00f4le et de commettre toutes sortes de mal. Par la suite, dans un environnement favorable, ce jeune homme travaille, il instruit, corrige progressivement jusqu&#039;\u00e0 devenir un croyant, pieux. N&#039;est-ce pas un exemple palpable de la progression de l&#039;\u00e2me pendant la vie, par exemple, pour rappeler tous les jours? L&#039;homme meurt \u00e0 un \u00e2ge avanc\u00e9, comme un saint, et par la fa\u00e7on dont votre salut est assur\u00e9. Dans l&#039;ensemble, ce qui aurait \u00e9t\u00e9 son sort si un accident aurait caus\u00e9 la mort de quarante ou cinquante ans avant? <\/p>\n\n\n\n<p class=\"has-black-color has-text-color has-link-color has-small-font-size wp-elements-cb6827a140410aa1b8be6674e0b1aa60\">\u00c0 l&#039;\u00e9poque, s&#039;est r\u00e9uni toutes les conditions n\u00e9cessaires pour que, pour \u00eatre condamn\u00e9; en sorte que, une fois condamn\u00e9s, toute forme de progr\u00e8s, je serais banni. Nous sommes, par cons\u00e9quent, face \u00e0 un homme qui ne fut sauv\u00e9 que parce qu&#039;il a v\u00e9cu plus longtemps, et que, selon la doctrine des peines \u00e9ternelles, seraient perdus \u00e0 jamais si il avait v\u00e9cu, peut-\u00eatre un r\u00e9sultat d&#039;un accident fortuit. \u00c9tant donn\u00e9 que son \u00e2me a \u00e9t\u00e9 en mesure de progresser \u00e0 un moment donn\u00e9, pour quelle raison n&#039;aurait pas \u00e9t\u00e9 en mesure de progresser, m\u00eame apr\u00e8s sa mort, dans le cas d&#039;une cause hors de son contr\u00f4le qui aurait emp\u00each\u00e9 dans la vie? Pourquoi Dieu aurait ni\u00e9 aux m\u00e9dias? La Repentance, bien que tardive, n&#039;aurait pas manqu\u00e9 de les atteindre. Si, au contraire, \u00e0 partir du moment de sa mort, il aurait impos\u00e9 une peine de m\u00e9pris, de son repentir, aurait \u00e9t\u00e9 inutile pour l&#039;\u00e9ternit\u00e9, et sa capacit\u00e9 de progr\u00e8s ont \u00e9t\u00e9 annul\u00e9es \u00e0 tout jamais.<\/p>\n\n\n\n<p class=\"has-black-color has-text-color has-link-color has-small-font-size wp-elements-861e1179a7b63db070fd89528ff479c2\">Le dogme de l&#039;\u00e9ternit\u00e9 absolue des sanctions est, par cons\u00e9quent, incompatible avec le progr\u00e8s des \u00e2mes, qui s&#039;oppose \u00e0 un obstacle insurmontable. Les deux principes sont annul\u00e9s les uns des autres, parce que l&#039;existence de l&#039;un implique n\u00e9cessairement l&#039;an\u00e9antissement de l&#039;autre. Lequel des deux est le vrai? La loi du progr\u00e8s existent r\u00e9ellement: ce n&#039;est pas une th\u00e9orie, mais un fait confirm\u00e9 par l&#039;exp\u00e9rience; c&#039;est une loi de la nature, la loi divine, imprescriptibles. Si, si cela existe et ne peut pas \u00eatre concili\u00e9e avec l&#039;autre, puis l&#039;autre n&#039;existe pas. Si le dogme de l&#039;\u00e9ternit\u00e9 des peines \u00e9tait r\u00e9el, san Augustin, san Pablo, et beaucoup d&#039;autres n&#039;auraient jamais vu le Ciel dans le cas o\u00f9 ils sont morts avant de faire les progr\u00e8s qui ont conduit \u00e0 la conversion.<\/p>\n\n\n\n<p class=\"has-black-color has-text-color has-link-color has-small-font-size wp-elements-676185e6b8f02dc45603f5789867d1b3\">Ce dernier argument ne r\u00e9pondre que la conversion de ces saints personnages n&#039;\u00e9tait pas le r\u00e9sultat du progr\u00e8s de l&#039;\u00e2me, mais de la gr\u00e2ce qui leur a \u00e9t\u00e9 donn\u00e9 et ils ont \u00e9t\u00e9 touch\u00e9s.<\/p>\n\n\n\n<p class=\"has-black-color has-text-color has-link-color has-small-font-size wp-elements-c2d0a4ceadc02a56e49e805ee95e8d56\">Dans l&#039;ensemble, c&#039;est un jeu de mots. Si les saints ont fait du mal, et plus tard, la bonne, cela signifie que vous am\u00e9lior\u00e9es. Par cons\u00e9quent, ils ont progress\u00e9. Pourquoi Dieu aurait accord\u00e9 comme une faveur sp\u00e9ciale pour la gr\u00e2ce qui est correcte? Pourquoi eux et pas les autres? Nous sommes r\u00e9pond toujours avec la doctrine de l&#039;privil\u00e8ges, incompatible avec la justice de Dieu et de l&#039;amour que la renonciation \u00e0 toutes les cr\u00e9atures.<\/p>\n\n\n\n<p class=\"has-black-color has-text-color has-link-color has-small-font-size wp-elements-8db242bfeb2082cdb3705d87ba24e059\">Selon la doctrine spirite, selon la parole de l&#039;\u00c9vangile, avec la logique et la loi plus rigoureuse, l&#039;homme est le fils de ses \u0153uvres, \u00e0 la fois dans cette vie et apr\u00e8s la mort. Elle ne devait rien \u00e0 la gr\u00e2ce. Dieu quelle r\u00e9compense pour les efforts et puni pour sa n\u00e9gligence pendant tout le temps qu&#039;il insiste sur elle.<\/p>\n<\/div><\/div>\n\n\n\n<div class=\"wp-block-uagb-container uagb-block-e5389069 alignfull uagb-is-root-container\"><div class=\"uagb-container-inner-blocks-wrap\"><\/div><\/div>\n\n\n\n<div class=\"wp-block-uagb-container uagb-block-72414764 alignfull uagb-is-root-container\"><div class=\"uagb-container-inner-blocks-wrap\"><\/div><\/div>","protected":false},"excerpt":{"rendered":"<p>La imposibilidad de las penas eternas Del libro: El Cielo y el Infierno \u2013 Allan Kardec Imaginemos un joven de veinte a\u00f1os, como tantos que existen actualmente, ignorante, de instintos viciosos, que niega la existencia de su alma y la de Dios, entregado al descontrol y a cometer toda clase de perversidades. Posteriormente, en un [&hellip;]<\/p>","protected":false},"author":1,"featured_media":3598,"parent":0,"menu_order":0,"comment_status":"closed","ping_status":"closed","template":"","meta":{"_uag_custom_page_level_css":"","site-sidebar-layout":"default","site-content-layout":"","ast-site-content-layout":"default","site-content-style":"default","site-sidebar-style":"default","ast-global-header-display":"","ast-banner-title-visibility":"","ast-main-header-display":"","ast-hfb-above-header-display":"","ast-hfb-below-header-display":"","ast-hfb-mobile-header-display":"","site-post-title":"disabled","ast-breadcrumbs-content":"","ast-featured-img":"","footer-sml-layout":"","theme-transparent-header-meta":"","adv-header-id-meta":"","stick-header-meta":"","header-above-stick-meta":"","header-main-stick-meta":"","header-below-stick-meta":"","astra-migrate-meta-layouts":"set","ast-page-background-enabled":"default","ast-page-background-meta":{"desktop":{"background-color":"var(--ast-global-color-4)","background-image":"","background-repeat":"repeat","background-position":"center center","background-size":"auto","background-attachment":"scroll","background-type":"","background-media":"","overlay-type":"","overlay-color":"","overlay-opacity":"","overlay-gradient":""},"tablet":{"background-color":"","background-image":"","background-repeat":"repeat","background-position":"center center","background-size":"auto","background-attachment":"scroll","background-type":"","background-media":"","overlay-type":"","overlay-color":"","overlay-opacity":"","overlay-gradient":""},"mobile":{"background-color":"","background-image":"","background-repeat":"repeat","background-position":"center center","background-size":"auto","background-attachment":"scroll","background-type":"","background-media":"","overlay-type":"","overlay-color":"","overlay-opacity":"","overlay-gradient":""}},"ast-content-background-meta":{"desktop":{"background-color":"var(--ast-global-color-5)","background-image":"","background-repeat":"repeat","background-position":"center center","background-size":"auto","background-attachment":"scroll","background-type":"","background-media":"","overlay-type":"","overlay-color":"","overlay-opacity":"","overlay-gradient":""},"tablet":{"background-color":"var(--ast-global-color-5)","background-image":"","background-repeat":"repeat","background-position":"center center","background-size":"auto","background-attachment":"scroll","background-type":"","background-media":"","overlay-type":"","overlay-color":"","overlay-opacity":"","overlay-gradient":""},"mobile":{"background-color":"var(--ast-global-color-5)","background-image":"","background-repeat":"repeat","background-position":"center center","background-size":"auto","background-attachment":"scroll","background-type":"","background-media":"","overlay-type":"","overlay-color":"","overlay-opacity":"","overlay-gradient":""}},"footnotes":""},"class_list":["post-3597","page","type-page","status-publish","has-post-thumbnail","hentry"],"yoast_head":"<!-- This site is optimized with the Yoast SEO Premium plugin v24.2 (Yoast SEO v24.6) - https:\/\/yoast.com\/wordpress\/plugins\/seo\/ -->\n<title>La imposibilidad de las penas eternas - Uni\u00f3n Esp\u00edrita<\/title>\n<meta name=\"robots\" content=\"index, follow, max-snippet:-1, max-image-preview:large, max-video-preview:-1\" \/>\n<link rel=\"canonical\" href=\"https:\/\/nuevo-renacer.com\/fr\/la-imposibilidad-de-las-penas-eternas\/\" \/>\n<meta property=\"og:locale\" content=\"fr_FR\" \/>\n<meta property=\"og:type\" content=\"article\" \/>\n<meta property=\"og:title\" content=\"La imposibilidad de las penas eternas\" \/>\n<meta property=\"og:description\" content=\"La imposibilidad de las penas eternas Del libro: El Cielo y el Infierno \u2013 Allan Kardec Imaginemos un joven de veinte a\u00f1os, como tantos que existen actualmente, ignorante, de instintos viciosos, que niega la existencia de su alma y la de Dios, entregado al descontrol y a cometer toda clase de perversidades. Posteriormente, en un [&hellip;]\" \/>\n<meta property=\"og:url\" content=\"https:\/\/nuevo-renacer.com\/fr\/la-imposibilidad-de-las-penas-eternas\/\" \/>\n<meta property=\"og:site_name\" content=\"Uni\u00f3n Esp\u00edrita\" \/>\n<meta property=\"article:publisher\" content=\"https:\/\/www.facebook.com\/groups\/3431398063740829\" \/>\n<meta property=\"article:modified_time\" content=\"2025-01-02T12:02:16+00:00\" \/>\n<meta property=\"og:image\" content=\"https:\/\/nuevo-renacer.com\/wp-content\/uploads\/2024\/07\/360_F_645413602_YysGA8ncTRgh5L4KRa64IFqytK4Jo1KQ.jpg\" \/>\n\t<meta property=\"og:image:width\" content=\"643\" \/>\n\t<meta property=\"og:image:height\" content=\"360\" \/>\n\t<meta property=\"og:image:type\" content=\"image\/jpeg\" \/>\n<meta name=\"twitter:card\" content=\"summary_large_image\" \/>\n<meta name=\"twitter:label1\" content=\"Dur\u00e9e de lecture estim\u00e9e\" \/>\n\t<meta name=\"twitter:data1\" content=\"3 minutes\" \/>\n<script type=\"application\/ld+json\" class=\"yoast-schema-graph\">{\"@context\":\"https:\/\/schema.org\",\"@graph\":[{\"@type\":\"WebPage\",\"@id\":\"https:\/\/nuevo-renacer.com\/la-imposibilidad-de-las-penas-eternas\/\",\"url\":\"https:\/\/nuevo-renacer.com\/la-imposibilidad-de-las-penas-eternas\/\",\"name\":\"La imposibilidad de las penas eternas - Uni\u00f3n Esp\u00edrita\",\"isPartOf\":{\"@id\":\"https:\/\/nuevo-renacer.com\/#website\"},\"primaryImageOfPage\":{\"@id\":\"https:\/\/nuevo-renacer.com\/la-imposibilidad-de-las-penas-eternas\/#primaryimage\"},\"image\":{\"@id\":\"https:\/\/nuevo-renacer.com\/la-imposibilidad-de-las-penas-eternas\/#primaryimage\"},\"thumbnailUrl\":\"https:\/\/nuevo-renacer.com\/wp-content\/uploads\/2024\/07\/360_F_645413602_YysGA8ncTRgh5L4KRa64IFqytK4Jo1KQ.jpg\",\"datePublished\":\"2024-07-10T11:33:01+00:00\",\"dateModified\":\"2025-01-02T12:02:16+00:00\",\"breadcrumb\":{\"@id\":\"https:\/\/nuevo-renacer.com\/la-imposibilidad-de-las-penas-eternas\/#breadcrumb\"},\"inLanguage\":\"fr-FR\",\"potentialAction\":[{\"@type\":\"ReadAction\",\"target\":[\"https:\/\/nuevo-renacer.com\/la-imposibilidad-de-las-penas-eternas\/\"]}]},{\"@type\":\"ImageObject\",\"inLanguage\":\"fr-FR\",\"@id\":\"https:\/\/nuevo-renacer.com\/la-imposibilidad-de-las-penas-eternas\/#primaryimage\",\"url\":\"https:\/\/nuevo-renacer.com\/wp-content\/uploads\/2024\/07\/360_F_645413602_YysGA8ncTRgh5L4KRa64IFqytK4Jo1KQ.jpg\",\"contentUrl\":\"https:\/\/nuevo-renacer.com\/wp-content\/uploads\/2024\/07\/360_F_645413602_YysGA8ncTRgh5L4KRa64IFqytK4Jo1KQ.jpg\",\"width\":643,\"height\":360},{\"@type\":\"BreadcrumbList\",\"@id\":\"https:\/\/nuevo-renacer.com\/la-imposibilidad-de-las-penas-eternas\/#breadcrumb\",\"itemListElement\":[{\"@type\":\"ListItem\",\"position\":1,\"name\":\"Startseite\",\"item\":\"https:\/\/nuevo-renacer.com\/\"},{\"@type\":\"ListItem\",\"position\":2,\"name\":\"La imposibilidad de las penas eternas\"}]},{\"@type\":\"WebSite\",\"@id\":\"https:\/\/nuevo-renacer.com\/#website\",\"url\":\"https:\/\/nuevo-renacer.com\/\",\"name\":\"Uni\u00f3n Esp\u00edrita\",\"description\":\"Nuevo Renacer\",\"publisher\":{\"@id\":\"https:\/\/nuevo-renacer.com\/#organization\"},\"potentialAction\":[{\"@type\":\"SearchAction\",\"target\":{\"@type\":\"EntryPoint\",\"urlTemplate\":\"https:\/\/nuevo-renacer.com\/?s={search_term_string}\"},\"query-input\":{\"@type\":\"PropertyValueSpecification\",\"valueRequired\":true,\"valueName\":\"search_term_string\"}}],\"inLanguage\":\"fr-FR\"},{\"@type\":\"Organization\",\"@id\":\"https:\/\/nuevo-renacer.com\/#organization\",\"name\":\"UFEC\",\"url\":\"https:\/\/nuevo-renacer.com\/\",\"logo\":{\"@type\":\"ImageObject\",\"inLanguage\":\"fr-FR\",\"@id\":\"https:\/\/nuevo-renacer.com\/#\/schema\/logo\/image\/\",\"url\":\"https:\/\/nuevo-renacer.com\/wp-content\/uploads\/2024\/05\/cropped-LOGO-TERMINADO1-3-3.png\",\"contentUrl\":\"https:\/\/nuevo-renacer.com\/wp-content\/uploads\/2024\/05\/cropped-LOGO-TERMINADO1-3-3.png\",\"width\":512,\"height\":512,\"caption\":\"UFEC\"},\"image\":{\"@id\":\"https:\/\/nuevo-renacer.com\/#\/schema\/logo\/image\/\"},\"sameAs\":[\"https:\/\/www.facebook.com\/groups\/3431398063740829\"]}]}<\/script>\n<!-- \/ Yoast SEO Premium plugin. -->","yoast_head_json":{"title":"La imposibilidad de las penas eternas - Uni\u00f3n Esp\u00edrita","robots":{"index":"index","follow":"follow","max-snippet":"max-snippet:-1","max-image-preview":"max-image-preview:large","max-video-preview":"max-video-preview:-1"},"canonical":"https:\/\/nuevo-renacer.com\/fr\/la-imposibilidad-de-las-penas-eternas\/","og_locale":"fr_FR","og_type":"article","og_title":"La imposibilidad de las penas eternas","og_description":"La imposibilidad de las penas eternas Del libro: El Cielo y el Infierno \u2013 Allan Kardec Imaginemos un joven de veinte a\u00f1os, como tantos que existen actualmente, ignorante, de instintos viciosos, que niega la existencia de su alma y la de Dios, entregado al descontrol y a cometer toda clase de perversidades. Posteriormente, en un [&hellip;]","og_url":"https:\/\/nuevo-renacer.com\/fr\/la-imposibilidad-de-las-penas-eternas\/","og_site_name":"Uni\u00f3n Esp\u00edrita","article_publisher":"https:\/\/www.facebook.com\/groups\/3431398063740829","article_modified_time":"2025-01-02T12:02:16+00:00","og_image":[{"width":643,"height":360,"url":"https:\/\/nuevo-renacer.com\/wp-content\/uploads\/2024\/07\/360_F_645413602_YysGA8ncTRgh5L4KRa64IFqytK4Jo1KQ.jpg","type":"image\/jpeg"}],"twitter_card":"summary_large_image","twitter_misc":{"Dur\u00e9e de lecture estim\u00e9e":"3 minutes"},"schema":{"@context":"https:\/\/schema.org","@graph":[{"@type":"WebPage","@id":"https:\/\/nuevo-renacer.com\/la-imposibilidad-de-las-penas-eternas\/","url":"https:\/\/nuevo-renacer.com\/la-imposibilidad-de-las-penas-eternas\/","name":"La imposibilidad de las penas eternas - Uni\u00f3n Esp\u00edrita","isPartOf":{"@id":"https:\/\/nuevo-renacer.com\/#website"},"primaryImageOfPage":{"@id":"https:\/\/nuevo-renacer.com\/la-imposibilidad-de-las-penas-eternas\/#primaryimage"},"image":{"@id":"https:\/\/nuevo-renacer.com\/la-imposibilidad-de-las-penas-eternas\/#primaryimage"},"thumbnailUrl":"https:\/\/nuevo-renacer.com\/wp-content\/uploads\/2024\/07\/360_F_645413602_YysGA8ncTRgh5L4KRa64IFqytK4Jo1KQ.jpg","datePublished":"2024-07-10T11:33:01+00:00","dateModified":"2025-01-02T12:02:16+00:00","breadcrumb":{"@id":"https:\/\/nuevo-renacer.com\/la-imposibilidad-de-las-penas-eternas\/#breadcrumb"},"inLanguage":"fr-FR","potentialAction":[{"@type":"ReadAction","target":["https:\/\/nuevo-renacer.com\/la-imposibilidad-de-las-penas-eternas\/"]}]},{"@type":"ImageObject","inLanguage":"fr-FR","@id":"https:\/\/nuevo-renacer.com\/la-imposibilidad-de-las-penas-eternas\/#primaryimage","url":"https:\/\/nuevo-renacer.com\/wp-content\/uploads\/2024\/07\/360_F_645413602_YysGA8ncTRgh5L4KRa64IFqytK4Jo1KQ.jpg","contentUrl":"https:\/\/nuevo-renacer.com\/wp-content\/uploads\/2024\/07\/360_F_645413602_YysGA8ncTRgh5L4KRa64IFqytK4Jo1KQ.jpg","width":643,"height":360},{"@type":"BreadcrumbList","@id":"https:\/\/nuevo-renacer.com\/la-imposibilidad-de-las-penas-eternas\/#breadcrumb","itemListElement":[{"@type":"ListItem","position":1,"name":"Startseite","item":"https:\/\/nuevo-renacer.com\/"},{"@type":"ListItem","position":2,"name":"La imposibilidad de las penas eternas"}]},{"@type":"WebSite","@id":"https:\/\/nuevo-renacer.com\/#website","url":"https:\/\/nuevo-renacer.com\/","name":"Uni\u00f3n Esp\u00edrita","description":"Nuevo Renacer","publisher":{"@id":"https:\/\/nuevo-renacer.com\/#organization"},"potentialAction":[{"@type":"SearchAction","target":{"@type":"EntryPoint","urlTemplate":"https:\/\/nuevo-renacer.com\/?s={search_term_string}"},"query-input":{"@type":"PropertyValueSpecification","valueRequired":true,"valueName":"search_term_string"}}],"inLanguage":"fr-FR"},{"@type":"Organization","@id":"https:\/\/nuevo-renacer.com\/#organization","name":"UFEC","url":"https:\/\/nuevo-renacer.com\/","logo":{"@type":"ImageObject","inLanguage":"fr-FR","@id":"https:\/\/nuevo-renacer.com\/#\/schema\/logo\/image\/","url":"https:\/\/nuevo-renacer.com\/wp-content\/uploads\/2024\/05\/cropped-LOGO-TERMINADO1-3-3.png","contentUrl":"https:\/\/nuevo-renacer.com\/wp-content\/uploads\/2024\/05\/cropped-LOGO-TERMINADO1-3-3.png","width":512,"height":512,"caption":"UFEC"},"image":{"@id":"https:\/\/nuevo-renacer.com\/#\/schema\/logo\/image\/"},"sameAs":["https:\/\/www.facebook.com\/groups\/3431398063740829"]}]}},"uagb_featured_image_src":{"full":["https:\/\/nuevo-renacer.com\/wp-content\/uploads\/2024\/07\/360_F_645413602_YysGA8ncTRgh5L4KRa64IFqytK4Jo1KQ.jpg",643,360,false],"thumbnail":["https:\/\/nuevo-renacer.com\/wp-content\/uploads\/2024\/07\/360_F_645413602_YysGA8ncTRgh5L4KRa64IFqytK4Jo1KQ-150x150.jpg",150,150,true],"medium":["https:\/\/nuevo-renacer.com\/wp-content\/uploads\/2024\/07\/360_F_645413602_YysGA8ncTRgh5L4KRa64IFqytK4Jo1KQ-300x168.jpg",300,168,true],"medium_large":["https:\/\/nuevo-renacer.com\/wp-content\/uploads\/2024\/07\/360_F_645413602_YysGA8ncTRgh5L4KRa64IFqytK4Jo1KQ.jpg",643,360,false],"large":["https:\/\/nuevo-renacer.com\/wp-content\/uploads\/2024\/07\/360_F_645413602_YysGA8ncTRgh5L4KRa64IFqytK4Jo1KQ.jpg",643,360,false],"1536x1536":["https:\/\/nuevo-renacer.com\/wp-content\/uploads\/2024\/07\/360_F_645413602_YysGA8ncTRgh5L4KRa64IFqytK4Jo1KQ.jpg",643,360,false],"2048x2048":["https:\/\/nuevo-renacer.com\/wp-content\/uploads\/2024\/07\/360_F_645413602_YysGA8ncTRgh5L4KRa64IFqytK4Jo1KQ.jpg",643,360,false],"trp-custom-language-flag":["https:\/\/nuevo-renacer.com\/wp-content\/uploads\/2024\/07\/360_F_645413602_YysGA8ncTRgh5L4KRa64IFqytK4Jo1KQ-18x10.jpg",18,10,true]},"uagb_author_info":{"display_name":"adbv0","author_link":"https:\/\/nuevo-renacer.com\/fr\/author\/adbv0\/"},"uagb_comment_info":0,"uagb_excerpt":"La imposibilidad de las penas eternas Del libro: El Cielo y el Infierno \u2013 Allan Kardec Imaginemos un joven de veinte a\u00f1os, como tantos que existen actualmente, ignorante, de instintos viciosos, que niega la existencia de su alma y la de Dios, entregado al descontrol y a cometer toda clase de perversidades. Posteriormente, en un\u2026","jetpack_sharing_enabled":true,"_links":{"self":[{"href":"https:\/\/nuevo-renacer.com\/fr\/wp-json\/wp\/v2\/pages\/3597","targetHints":{"allow":["GET"]}}],"collection":[{"href":"https:\/\/nuevo-renacer.com\/fr\/wp-json\/wp\/v2\/pages"}],"about":[{"href":"https:\/\/nuevo-renacer.com\/fr\/wp-json\/wp\/v2\/types\/page"}],"author":[{"embeddable":true,"href":"https:\/\/nuevo-renacer.com\/fr\/wp-json\/wp\/v2\/users\/1"}],"replies":[{"embeddable":true,"href":"https:\/\/nuevo-renacer.com\/fr\/wp-json\/wp\/v2\/comments?post=3597"}],"version-history":[{"count":3,"href":"https:\/\/nuevo-renacer.com\/fr\/wp-json\/wp\/v2\/pages\/3597\/revisions"}],"predecessor-version":[{"id":6652,"href":"https:\/\/nuevo-renacer.com\/fr\/wp-json\/wp\/v2\/pages\/3597\/revisions\/6652"}],"wp:featuredmedia":[{"embeddable":true,"href":"https:\/\/nuevo-renacer.com\/fr\/wp-json\/wp\/v2\/media\/3598"}],"wp:attachment":[{"href":"https:\/\/nuevo-renacer.com\/fr\/wp-json\/wp\/v2\/media?parent=3597"}],"curies":[{"name":"wp","href":"https:\/\/api.w.org\/{rel}","templated":true}]}}