{"id":3585,"date":"2024-07-10T11:02:07","date_gmt":"2024-07-10T11:02:07","guid":{"rendered":"https:\/\/ufec-mundial.com\/?page_id=3585"},"modified":"2024-12-21T09:52:17","modified_gmt":"2024-12-21T09:52:17","slug":"causas-actuales-de-las-aflicciones","status":"publish","type":"page","link":"https:\/\/nuevo-renacer.com\/fr\/causas-actuales-de-las-aflicciones\/","title":{"rendered":"Causes r\u00e9elles de la afflictions"},"content":{"rendered":"<div class=\"wp-block-uagb-container uagb-block-1f464a69 alignfull uagb-is-root-container\"><div class=\"uagb-container-inner-blocks-wrap\">\n<p class=\"has-black-color has-text-color has-link-color has-medium-font-size wp-elements-fd9e1d3b3193a03120a3fc58cb6f41d7\"><strong>Causes r\u00e9elles de la afflictions<\/strong><\/p>\n\n\n\n<p class=\"has-black-color has-text-color has-link-color has-medium-font-size wp-elements-37d3320206a9b8afa52629819a26401a\"><strong>Extrait du livre: L&#039;Evangile selon le spiritisme \u2013 Allan Kardec<\/strong><\/p>\n<\/div><\/div>\n\n\n\n<div class=\"wp-block-uagb-container uagb-block-4a1168ba alignfull uagb-is-root-container\"><div class=\"uagb-container-inner-blocks-wrap\">\n<figure class=\"wp-block-image size-large is-resized\"><img fetchpriority=\"high\" decoding=\"async\" width=\"1024\" height=\"576\" src=\"https:\/\/ufec-mundial.com\/wp-content\/uploads\/2024\/07\/depression-gesundheit-1024x576.webp\" alt=\"\" class=\"wp-image-3586\" style=\"width:489px;height:auto\" srcset=\"https:\/\/nuevo-renacer.com\/wp-content\/uploads\/2024\/07\/depression-gesundheit-1024x576.webp 1024w, https:\/\/nuevo-renacer.com\/wp-content\/uploads\/2024\/07\/depression-gesundheit-300x169.webp 300w, https:\/\/nuevo-renacer.com\/wp-content\/uploads\/2024\/07\/depression-gesundheit-768x432.webp 768w, https:\/\/nuevo-renacer.com\/wp-content\/uploads\/2024\/07\/depression-gesundheit-1536x864.webp 1536w, https:\/\/nuevo-renacer.com\/wp-content\/uploads\/2024\/07\/depression-gesundheit-2048x1152.webp 2048w, https:\/\/nuevo-renacer.com\/wp-content\/uploads\/2024\/07\/depression-gesundheit-18x10.webp 18w\" sizes=\"(max-width: 1024px) 100vw, 1024px\" \/><\/figure>\n<\/div><\/div>\n\n\n\n<div class=\"wp-block-uagb-container uagb-block-4477eb87 alignfull uagb-is-root-container\"><div class=\"uagb-container-inner-blocks-wrap\">\n<p class=\"has-black-color has-text-color has-link-color has-small-font-size wp-elements-8b883c0049fa8415354217b3fe739178\"><em>\u201cHeureux ceux qui pleurent, car ils seront consol\u00e9s. Bienheureux ceux qui ont faim et soif de justice, car ils seront rassasi\u00e9s. Heureux ceux qui souffrent pers\u00e9cution pour la justice, pour eux est le royaume des Cieux.\u201d <\/em><em>(Matthieu, 5:5, 6, et 10.)<\/em><\/p>\n\n\n\n<p class=\"has-black-color has-text-color has-link-color has-small-font-size wp-elements-c302ca9f644a1e0451562721bf8680de\">Les vicissitudes de la vie sont de deux classes ou, si vous pr\u00e9f\u00e9rez, ils ont deux milieux tr\u00e8s diff\u00e9rents qui doivent \u00eatre distingu\u00e9s. Il y a ceux dont la cause est dans la vie pr\u00e9sente; d&#039;autres ont \u00e0 l&#039;ext\u00e9rieur de cette vie. Si nous remontons \u00e0 l&#039;origine de la vie terrestre malheurs, il sera reconnu que beaucoup d&#039;entre eux sont une cons\u00e9quence naturelle de son caract\u00e8re et la conduite de ceux qui en souffrent.<\/p>\n\n\n\n<p class=\"has-black-color has-text-color has-link-color has-small-font-size wp-elements-054527b6bf0e7e10821e9b67362f8ca5\">Combien d&#039;hommes tombent par leur propre faute! Combien sont victimes de leur impr\u00e9visibilit\u00e9, son orgueil et son ambition! Combien de finir en ruine par manque d&#039;ordre, de la pers\u00e9v\u00e9rance, car ils n&#039;ont pas de comportement, ou parce qu&#039;ils n&#039;ont pas r\u00e9ussi \u00e0 mettre une limite \u00e0 vos envies!<\/p>\n\n\n\n<p class=\"has-black-color has-text-color has-link-color has-small-font-size wp-elements-0d3e2a130e72ad07fe1c845bf127aaca\">Combien de syndicats sont malheureux, parce qu&#039;ils sont le r\u00e9sultat d&#039;un calcul d&#039;int\u00e9r\u00eat ou de vanit\u00e9, et dont le c\u0153ur n&#039;a pas particip\u00e9 en aucune fa\u00e7on! Comment beaucoup de dissensions et querelles terribles aurait pu \u00eatre \u00e9vit\u00e9 avec plus de mod\u00e9ration et moins de sensibilit\u00e9!<\/p>\n\n\n\n<p class=\"has-black-color has-text-color has-link-color has-small-font-size wp-elements-d5b418b967d5fd3a34469ae0ec11827a\">Combien de maux et de maladies sont la cons\u00e9quence de l&#039;intemp\u00e9rance et les exc\u00e8s de toutes sortes! Combien de parents sont malheureux \u00e0 cause de leurs enfants, car il n&#039;a pas combattu dans les mauvaises tendances depuis le d\u00e9but! Pour de la faiblesse ou de l&#039;indiff\u00e9rence, de le laisser se d\u00e9velopper en eux les germes de l&#039;orgueil, de l&#039;\u00e9go\u00efsme et de l&#039;maladroit de vanit\u00e9, ils deviennent insensibles \u00e0 c\u0153ur. Puis, plus tard, quand vous prenez ce que vous semez, ils sont surpris et se plaignent du manque de respect, et de l&#039;ingratitude de leurs enfants.<\/p>\n\n\n\n<p class=\"has-black-color has-text-color has-link-color has-small-font-size wp-elements-ef8d7993d9965f3834e89ba692d2aef2\">Tous ceux dont le c\u0153ur a \u00e9t\u00e9 bless\u00e9 par les vicissitudes et les d\u00e9ceptions de la vie, s&#039;interroge avec un sentiment de s\u00e9r\u00e9nit\u00e9 \u00e0 votre conscience; rem\u00f3ntense, \u00e9tape par \u00e9tape, jusqu&#039;\u00e0 la source des maux qui l&#039;affligent, et vous trouverez que la plupart du temps, ils peuvent dire: Si vous avez eu ou si vous n&#039;aviez pas \u00e0 faire une telle chose, je ne serais pas dans cette situation.<\/p>\n\n\n\n<p class=\"has-black-color has-text-color has-link-color has-small-font-size wp-elements-a04fd77625a60c81bd7d4a960719a81e\">Qui, alors, nous devons demander des comptes \u00e0 tous ces afflictions, mais \u00e0 nous-m\u00eames? Par cons\u00e9quent, l&#039;homme est, dans un grand nombre de cas, l&#039;artisan de son propre malheur. Cependant, au lieu de le reconna\u00eetre, est plus facile et moins humiliante pour sa vanit\u00e9 d&#039;accuser de il \u00e0 de la chance, de la Providence, \u00e0 l&#039;absence d&#039;opportunit\u00e9s, leur mauvaise \u00e9toile, alors qu&#039;en r\u00e9alit\u00e9, votre mauvaise \u00e9toile r\u00e9side dans sa propre n\u00e9gligence.<\/p>\n\n\n\n<p class=\"has-black-color has-text-color has-link-color has-small-font-size wp-elements-2a4f512e497711eb8ae5a18259b1d8f8\">Les maux de cette nature \u00e0 contribuer, avec tous les services de s\u00e9curit\u00e9, une contribution significative aux vicissitudes de la vie. L&#039;homme ne peut les \u00e9viter lorsque l&#039;on travaille \u00e0 am\u00e9liorer la moralit\u00e9 autant comme il le fait pour son am\u00e9lioration intellectuelle.<\/p>\n<\/div><\/div>\n\n\n\n<div class=\"wp-block-uagb-container uagb-block-05aadd28 alignfull uagb-is-root-container\"><div class=\"uagb-container-inner-blocks-wrap\"><\/div><\/div>\n\n\n\n<div class=\"wp-block-uagb-container uagb-block-aba3b8dc alignfull uagb-is-root-container\"><div class=\"uagb-container-inner-blocks-wrap\"><\/div><\/div>","protected":false},"excerpt":{"rendered":"<p>Causas actuales de las aflicciones Del libro: El Evangelio seg\u00fan el espiritismo \u2013 Allan Kardec \u201cBienaventurados los que lloran, porque ellos ser\u00e1n consolados. Bienaventurados los que tienen hambre y sed de justicia, porque ellos ser\u00e1n saciados. Bienaventurados los que padecen persecuciones por la justicia, porque de ellos es el reino de los Cielos.\u201d (San Mateo, [&hellip;]<\/p>","protected":false},"author":1,"featured_media":3586,"parent":0,"menu_order":0,"comment_status":"closed","ping_status":"closed","template":"","meta":{"_uag_custom_page_level_css":"","site-sidebar-layout":"default","site-content-layout":"","ast-site-content-layout":"default","site-content-style":"default","site-sidebar-style":"default","ast-global-header-display":"","ast-banner-title-visibility":"","ast-main-header-display":"","ast-hfb-above-header-display":"","ast-hfb-below-header-display":"","ast-hfb-mobile-header-display":"","site-post-title":"disabled","ast-breadcrumbs-content":"","ast-featured-img":"","footer-sml-layout":"","theme-transparent-header-meta":"","adv-header-id-meta":"","stick-header-meta":"","header-above-stick-meta":"","header-main-stick-meta":"","header-below-stick-meta":"","astra-migrate-meta-layouts":"set","ast-page-background-enabled":"default","ast-page-background-meta":{"desktop":{"background-color":"var(--ast-global-color-4)","background-image":"","background-repeat":"repeat","background-position":"center center","background-size":"auto","background-attachment":"scroll","background-type":"","background-media":"","overlay-type":"","overlay-color":"","overlay-opacity":"","overlay-gradient":""},"tablet":{"background-color":"","background-image":"","background-repeat":"repeat","background-position":"center center","background-size":"auto","background-attachment":"scroll","background-type":"","background-media":"","overlay-type":"","overlay-color":"","overlay-opacity":"","overlay-gradient":""},"mobile":{"background-color":"","background-image":"","background-repeat":"repeat","background-position":"center center","background-size":"auto","background-attachment":"scroll","background-type":"","background-media":"","overlay-type":"","overlay-color":"","overlay-opacity":"","overlay-gradient":""}},"ast-content-background-meta":{"desktop":{"background-color":"var(--ast-global-color-5)","background-image":"","background-repeat":"repeat","background-position":"center center","background-size":"auto","background-attachment":"scroll","background-type":"","background-media":"","overlay-type":"","overlay-color":"","overlay-opacity":"","overlay-gradient":""},"tablet":{"background-color":"var(--ast-global-color-5)","background-image":"","background-repeat":"repeat","background-position":"center center","background-size":"auto","background-attachment":"scroll","background-type":"","background-media":"","overlay-type":"","overlay-color":"","overlay-opacity":"","overlay-gradient":""},"mobile":{"background-color":"var(--ast-global-color-5)","background-image":"","background-repeat":"repeat","background-position":"center center","background-size":"auto","background-attachment":"scroll","background-type":"","background-media":"","overlay-type":"","overlay-color":"","overlay-opacity":"","overlay-gradient":""}},"footnotes":""},"class_list":["post-3585","page","type-page","status-publish","has-post-thumbnail","hentry"],"yoast_head":"<!-- This site is optimized with the Yoast SEO Premium plugin v24.2 (Yoast SEO v24.6) - https:\/\/yoast.com\/wordpress\/plugins\/seo\/ -->\n<title>Causas actuales de las aflicciones - Uni\u00f3n Esp\u00edrita<\/title>\n<meta name=\"robots\" content=\"index, follow, max-snippet:-1, max-image-preview:large, max-video-preview:-1\" \/>\n<link rel=\"canonical\" href=\"https:\/\/nuevo-renacer.com\/fr\/causas-actuales-de-las-aflicciones\/\" \/>\n<meta property=\"og:locale\" content=\"fr_FR\" \/>\n<meta property=\"og:type\" content=\"article\" \/>\n<meta property=\"og:title\" content=\"Causas actuales de las aflicciones\" \/>\n<meta property=\"og:description\" content=\"Causas actuales de las aflicciones Del libro: El Evangelio seg\u00fan el espiritismo \u2013 Allan Kardec \u201cBienaventurados los que lloran, porque ellos ser\u00e1n consolados. Bienaventurados los que tienen hambre y sed de justicia, porque ellos ser\u00e1n saciados. Bienaventurados los que padecen persecuciones por la justicia, porque de ellos es el reino de los Cielos.\u201d (San Mateo, [&hellip;]\" \/>\n<meta property=\"og:url\" content=\"https:\/\/nuevo-renacer.com\/fr\/causas-actuales-de-las-aflicciones\/\" \/>\n<meta property=\"og:site_name\" content=\"Uni\u00f3n Esp\u00edrita\" \/>\n<meta property=\"article:publisher\" content=\"https:\/\/www.facebook.com\/groups\/3431398063740829\" \/>\n<meta property=\"article:modified_time\" content=\"2024-12-21T09:52:17+00:00\" \/>\n<meta property=\"og:image\" content=\"https:\/\/nuevo-renacer.com\/wp-content\/uploads\/2024\/07\/depression-gesundheit.webp\" \/>\n\t<meta property=\"og:image:width\" content=\"2560\" \/>\n\t<meta property=\"og:image:height\" content=\"1440\" \/>\n\t<meta property=\"og:image:type\" content=\"image\/webp\" \/>\n<meta name=\"twitter:card\" content=\"summary_large_image\" \/>\n<meta name=\"twitter:label1\" content=\"Dur\u00e9e de lecture estim\u00e9e\" \/>\n\t<meta name=\"twitter:data1\" content=\"3 minutes\" \/>\n<script type=\"application\/ld+json\" class=\"yoast-schema-graph\">{\"@context\":\"https:\/\/schema.org\",\"@graph\":[{\"@type\":\"WebPage\",\"@id\":\"https:\/\/nuevo-renacer.com\/causas-actuales-de-las-aflicciones\/\",\"url\":\"https:\/\/nuevo-renacer.com\/causas-actuales-de-las-aflicciones\/\",\"name\":\"Causas actuales de las aflicciones - Uni\u00f3n Esp\u00edrita\",\"isPartOf\":{\"@id\":\"https:\/\/nuevo-renacer.com\/#website\"},\"primaryImageOfPage\":{\"@id\":\"https:\/\/nuevo-renacer.com\/causas-actuales-de-las-aflicciones\/#primaryimage\"},\"image\":{\"@id\":\"https:\/\/nuevo-renacer.com\/causas-actuales-de-las-aflicciones\/#primaryimage\"},\"thumbnailUrl\":\"https:\/\/nuevo-renacer.com\/wp-content\/uploads\/2024\/07\/depression-gesundheit.webp\",\"datePublished\":\"2024-07-10T11:02:07+00:00\",\"dateModified\":\"2024-12-21T09:52:17+00:00\",\"breadcrumb\":{\"@id\":\"https:\/\/nuevo-renacer.com\/causas-actuales-de-las-aflicciones\/#breadcrumb\"},\"inLanguage\":\"fr-FR\",\"potentialAction\":[{\"@type\":\"ReadAction\",\"target\":[\"https:\/\/nuevo-renacer.com\/causas-actuales-de-las-aflicciones\/\"]}]},{\"@type\":\"ImageObject\",\"inLanguage\":\"fr-FR\",\"@id\":\"https:\/\/nuevo-renacer.com\/causas-actuales-de-las-aflicciones\/#primaryimage\",\"url\":\"https:\/\/nuevo-renacer.com\/wp-content\/uploads\/2024\/07\/depression-gesundheit.webp\",\"contentUrl\":\"https:\/\/nuevo-renacer.com\/wp-content\/uploads\/2024\/07\/depression-gesundheit.webp\",\"width\":2560,\"height\":1440},{\"@type\":\"BreadcrumbList\",\"@id\":\"https:\/\/nuevo-renacer.com\/causas-actuales-de-las-aflicciones\/#breadcrumb\",\"itemListElement\":[{\"@type\":\"ListItem\",\"position\":1,\"name\":\"Startseite\",\"item\":\"https:\/\/nuevo-renacer.com\/\"},{\"@type\":\"ListItem\",\"position\":2,\"name\":\"Causas actuales de las aflicciones\"}]},{\"@type\":\"WebSite\",\"@id\":\"https:\/\/nuevo-renacer.com\/#website\",\"url\":\"https:\/\/nuevo-renacer.com\/\",\"name\":\"Uni\u00f3n Esp\u00edrita\",\"description\":\"Nuevo Renacer\",\"publisher\":{\"@id\":\"https:\/\/nuevo-renacer.com\/#organization\"},\"potentialAction\":[{\"@type\":\"SearchAction\",\"target\":{\"@type\":\"EntryPoint\",\"urlTemplate\":\"https:\/\/nuevo-renacer.com\/?s={search_term_string}\"},\"query-input\":{\"@type\":\"PropertyValueSpecification\",\"valueRequired\":true,\"valueName\":\"search_term_string\"}}],\"inLanguage\":\"fr-FR\"},{\"@type\":\"Organization\",\"@id\":\"https:\/\/nuevo-renacer.com\/#organization\",\"name\":\"UFEC\",\"url\":\"https:\/\/nuevo-renacer.com\/\",\"logo\":{\"@type\":\"ImageObject\",\"inLanguage\":\"fr-FR\",\"@id\":\"https:\/\/nuevo-renacer.com\/#\/schema\/logo\/image\/\",\"url\":\"https:\/\/nuevo-renacer.com\/wp-content\/uploads\/2024\/05\/cropped-LOGO-TERMINADO1-3-3.png\",\"contentUrl\":\"https:\/\/nuevo-renacer.com\/wp-content\/uploads\/2024\/05\/cropped-LOGO-TERMINADO1-3-3.png\",\"width\":512,\"height\":512,\"caption\":\"UFEC\"},\"image\":{\"@id\":\"https:\/\/nuevo-renacer.com\/#\/schema\/logo\/image\/\"},\"sameAs\":[\"https:\/\/www.facebook.com\/groups\/3431398063740829\"]}]}<\/script>\n<!-- \/ Yoast SEO Premium plugin. -->","yoast_head_json":{"title":"Causas actuales de las aflicciones - Uni\u00f3n Esp\u00edrita","robots":{"index":"index","follow":"follow","max-snippet":"max-snippet:-1","max-image-preview":"max-image-preview:large","max-video-preview":"max-video-preview:-1"},"canonical":"https:\/\/nuevo-renacer.com\/fr\/causas-actuales-de-las-aflicciones\/","og_locale":"fr_FR","og_type":"article","og_title":"Causas actuales de las aflicciones","og_description":"Causas actuales de las aflicciones Del libro: El Evangelio seg\u00fan el espiritismo \u2013 Allan Kardec \u201cBienaventurados los que lloran, porque ellos ser\u00e1n consolados. Bienaventurados los que tienen hambre y sed de justicia, porque ellos ser\u00e1n saciados. Bienaventurados los que padecen persecuciones por la justicia, porque de ellos es el reino de los Cielos.\u201d (San Mateo, [&hellip;]","og_url":"https:\/\/nuevo-renacer.com\/fr\/causas-actuales-de-las-aflicciones\/","og_site_name":"Uni\u00f3n Esp\u00edrita","article_publisher":"https:\/\/www.facebook.com\/groups\/3431398063740829","article_modified_time":"2024-12-21T09:52:17+00:00","og_image":[{"width":2560,"height":1440,"url":"https:\/\/nuevo-renacer.com\/wp-content\/uploads\/2024\/07\/depression-gesundheit.webp","type":"image\/webp"}],"twitter_card":"summary_large_image","twitter_misc":{"Dur\u00e9e de lecture estim\u00e9e":"3 minutes"},"schema":{"@context":"https:\/\/schema.org","@graph":[{"@type":"WebPage","@id":"https:\/\/nuevo-renacer.com\/causas-actuales-de-las-aflicciones\/","url":"https:\/\/nuevo-renacer.com\/causas-actuales-de-las-aflicciones\/","name":"Causas actuales de las aflicciones - Uni\u00f3n Esp\u00edrita","isPartOf":{"@id":"https:\/\/nuevo-renacer.com\/#website"},"primaryImageOfPage":{"@id":"https:\/\/nuevo-renacer.com\/causas-actuales-de-las-aflicciones\/#primaryimage"},"image":{"@id":"https:\/\/nuevo-renacer.com\/causas-actuales-de-las-aflicciones\/#primaryimage"},"thumbnailUrl":"https:\/\/nuevo-renacer.com\/wp-content\/uploads\/2024\/07\/depression-gesundheit.webp","datePublished":"2024-07-10T11:02:07+00:00","dateModified":"2024-12-21T09:52:17+00:00","breadcrumb":{"@id":"https:\/\/nuevo-renacer.com\/causas-actuales-de-las-aflicciones\/#breadcrumb"},"inLanguage":"fr-FR","potentialAction":[{"@type":"ReadAction","target":["https:\/\/nuevo-renacer.com\/causas-actuales-de-las-aflicciones\/"]}]},{"@type":"ImageObject","inLanguage":"fr-FR","@id":"https:\/\/nuevo-renacer.com\/causas-actuales-de-las-aflicciones\/#primaryimage","url":"https:\/\/nuevo-renacer.com\/wp-content\/uploads\/2024\/07\/depression-gesundheit.webp","contentUrl":"https:\/\/nuevo-renacer.com\/wp-content\/uploads\/2024\/07\/depression-gesundheit.webp","width":2560,"height":1440},{"@type":"BreadcrumbList","@id":"https:\/\/nuevo-renacer.com\/causas-actuales-de-las-aflicciones\/#breadcrumb","itemListElement":[{"@type":"ListItem","position":1,"name":"Startseite","item":"https:\/\/nuevo-renacer.com\/"},{"@type":"ListItem","position":2,"name":"Causas actuales de las aflicciones"}]},{"@type":"WebSite","@id":"https:\/\/nuevo-renacer.com\/#website","url":"https:\/\/nuevo-renacer.com\/","name":"Uni\u00f3n Esp\u00edrita","description":"Nuevo Renacer","publisher":{"@id":"https:\/\/nuevo-renacer.com\/#organization"},"potentialAction":[{"@type":"SearchAction","target":{"@type":"EntryPoint","urlTemplate":"https:\/\/nuevo-renacer.com\/?s={search_term_string}"},"query-input":{"@type":"PropertyValueSpecification","valueRequired":true,"valueName":"search_term_string"}}],"inLanguage":"fr-FR"},{"@type":"Organization","@id":"https:\/\/nuevo-renacer.com\/#organization","name":"UFEC","url":"https:\/\/nuevo-renacer.com\/","logo":{"@type":"ImageObject","inLanguage":"fr-FR","@id":"https:\/\/nuevo-renacer.com\/#\/schema\/logo\/image\/","url":"https:\/\/nuevo-renacer.com\/wp-content\/uploads\/2024\/05\/cropped-LOGO-TERMINADO1-3-3.png","contentUrl":"https:\/\/nuevo-renacer.com\/wp-content\/uploads\/2024\/05\/cropped-LOGO-TERMINADO1-3-3.png","width":512,"height":512,"caption":"UFEC"},"image":{"@id":"https:\/\/nuevo-renacer.com\/#\/schema\/logo\/image\/"},"sameAs":["https:\/\/www.facebook.com\/groups\/3431398063740829"]}]}},"uagb_featured_image_src":{"full":["https:\/\/nuevo-renacer.com\/wp-content\/uploads\/2024\/07\/depression-gesundheit.webp",2560,1440,false],"thumbnail":["https:\/\/nuevo-renacer.com\/wp-content\/uploads\/2024\/07\/depression-gesundheit-150x150.webp",150,150,true],"medium":["https:\/\/nuevo-renacer.com\/wp-content\/uploads\/2024\/07\/depression-gesundheit-300x169.webp",300,169,true],"medium_large":["https:\/\/nuevo-renacer.com\/wp-content\/uploads\/2024\/07\/depression-gesundheit-768x432.webp",768,432,true],"large":["https:\/\/nuevo-renacer.com\/wp-content\/uploads\/2024\/07\/depression-gesundheit-1024x576.webp",1024,576,true],"1536x1536":["https:\/\/nuevo-renacer.com\/wp-content\/uploads\/2024\/07\/depression-gesundheit-1536x864.webp",1536,864,true],"2048x2048":["https:\/\/nuevo-renacer.com\/wp-content\/uploads\/2024\/07\/depression-gesundheit-2048x1152.webp",2048,1152,true],"trp-custom-language-flag":["https:\/\/nuevo-renacer.com\/wp-content\/uploads\/2024\/07\/depression-gesundheit-18x10.webp",18,10,true]},"uagb_author_info":{"display_name":"adbv0","author_link":"https:\/\/nuevo-renacer.com\/fr\/author\/adbv0\/"},"uagb_comment_info":0,"uagb_excerpt":"Causas actuales de las aflicciones Del libro: El Evangelio seg\u00fan el espiritismo \u2013 Allan Kardec \u201cBienaventurados los que lloran, porque ellos ser\u00e1n consolados. Bienaventurados los que tienen hambre y sed de justicia, porque ellos ser\u00e1n saciados. Bienaventurados los que padecen persecuciones por la justicia, porque de ellos es el reino de los Cielos.\u201d (San Mateo,\u2026","jetpack_sharing_enabled":true,"_links":{"self":[{"href":"https:\/\/nuevo-renacer.com\/fr\/wp-json\/wp\/v2\/pages\/3585","targetHints":{"allow":["GET"]}}],"collection":[{"href":"https:\/\/nuevo-renacer.com\/fr\/wp-json\/wp\/v2\/pages"}],"about":[{"href":"https:\/\/nuevo-renacer.com\/fr\/wp-json\/wp\/v2\/types\/page"}],"author":[{"embeddable":true,"href":"https:\/\/nuevo-renacer.com\/fr\/wp-json\/wp\/v2\/users\/1"}],"replies":[{"embeddable":true,"href":"https:\/\/nuevo-renacer.com\/fr\/wp-json\/wp\/v2\/comments?post=3585"}],"version-history":[{"count":3,"href":"https:\/\/nuevo-renacer.com\/fr\/wp-json\/wp\/v2\/pages\/3585\/revisions"}],"predecessor-version":[{"id":6594,"href":"https:\/\/nuevo-renacer.com\/fr\/wp-json\/wp\/v2\/pages\/3585\/revisions\/6594"}],"wp:featuredmedia":[{"embeddable":true,"href":"https:\/\/nuevo-renacer.com\/fr\/wp-json\/wp\/v2\/media\/3586"}],"wp:attachment":[{"href":"https:\/\/nuevo-renacer.com\/fr\/wp-json\/wp\/v2\/media?parent=3585"}],"curies":[{"name":"wp","href":"https:\/\/api.w.org\/{rel}","templated":true}]}}