{"id":3580,"date":"2024-07-10T10:50:57","date_gmt":"2024-07-10T10:50:57","guid":{"rendered":"https:\/\/ufec-mundial.com\/?page_id=3580"},"modified":"2024-12-21T09:49:04","modified_gmt":"2024-12-21T09:49:04","slug":"causas-anteriores-de-las-aflicciones","status":"publish","type":"page","link":"https:\/\/nuevo-renacer.com\/fr\/causas-anteriores-de-las-aflicciones\/","title":{"rendered":"Pr\u00e9c\u00e9dant les causes de la mis\u00e8re"},"content":{"rendered":"<div class=\"wp-block-uagb-container uagb-block-1891464a alignfull uagb-is-root-container\"><div class=\"uagb-container-inner-blocks-wrap\">\n<p class=\"has-black-color has-text-color has-link-color has-medium-font-size wp-elements-1717e4c89416566c023da20750552a13\"><strong>Pr\u00e9c\u00e9dant les causes de la mis\u00e8re<\/strong><\/p>\n\n\n\n<p class=\"has-black-color has-text-color has-link-color has-medium-font-size wp-elements-37d3320206a9b8afa52629819a26401a\"><strong>Extrait du livre: L&#039;Evangile selon le spiritisme \u2013 Allan Kardec<\/strong><\/p>\n<\/div><\/div>\n\n\n\n<div class=\"wp-block-uagb-container uagb-block-559478b3 alignfull uagb-is-root-container\"><div class=\"uagb-container-inner-blocks-wrap\">\n<figure class=\"wp-block-image size-full is-resized\"><img fetchpriority=\"high\" decoding=\"async\" width=\"770\" height=\"452\" src=\"https:\/\/ufec-mundial.com\/wp-content\/uploads\/2024\/07\/que-se-siente-al-morir-770x452-1.jpg\" alt=\"\" class=\"wp-image-3581\" style=\"width:397px;height:auto\" srcset=\"https:\/\/nuevo-renacer.com\/wp-content\/uploads\/2024\/07\/que-se-siente-al-morir-770x452-1.jpg 770w, https:\/\/nuevo-renacer.com\/wp-content\/uploads\/2024\/07\/que-se-siente-al-morir-770x452-1-300x176.jpg 300w, https:\/\/nuevo-renacer.com\/wp-content\/uploads\/2024\/07\/que-se-siente-al-morir-770x452-1-768x451.jpg 768w, https:\/\/nuevo-renacer.com\/wp-content\/uploads\/2024\/07\/que-se-siente-al-morir-770x452-1-18x12.jpg 18w\" sizes=\"(max-width: 770px) 100vw, 770px\" \/><\/figure>\n<\/div><\/div>\n\n\n\n<div class=\"wp-block-uagb-container uagb-block-096875d6 alignfull uagb-is-root-container\"><div class=\"uagb-container-inner-blocks-wrap\">\n<p class=\"has-black-color has-text-color has-link-color has-small-font-size wp-elements-4091fb8828b690bb9cb5bcad53c0ba41\">Bien que dans cette vie, il y a des maux dont la principale cause est l&#039;homme, il y a d&#039;autres pour qui c&#039;est alien complet, au moins en apparence, et semblent avoir des r\u00e9percussions par l&#039;\u0153uvre du destin. Ils sont, par exemple, la perte d&#039;un \u00eatre cher et est le gagne-pain de la famille. Ils sont aussi les accidents qu&#039;aucune pr\u00e9vision ne peut \u00eatre \u00e9vit\u00e9; les revers de la fortune, qui, frustr\u00e9 de toutes les mesures de prudence; les naturels des ravageurs, des maladies, de la naissance, en particulier de ceux qui vous prennent \u00e0 tant de malheureux le moyen de gagner leur vie de leur travail: les d\u00e9formations, l&#039;idiotie, le cr\u00e9tinisme, etc<\/p>\n\n\n\n<p class=\"has-black-color has-text-color has-link-color has-small-font-size wp-elements-49102740a2c57afddfd2ce3b0a7d8051\">Ceux qui sont n\u00e9s dans de telles conditions, vous avez s\u00fbrement rien fait dans cette vie pour m\u00e9riter, sans compensation pour vous, une chance si triste, qu&#039;ils ne pouvaient pas \u00e9viter, qui sont dans l&#039;impossibilit\u00e9 de modifier par eux-m\u00eames, et qui les laisse \u00e0 la merci de la sympathie du public. Pourquoi, alors, il y a de ces \u00eatres malheureux, tandis qu&#039;\u00e0 ses c\u00f4t\u00e9s, sous le m\u00eame toit ou dans la m\u00eame famille, il y a d&#039;autres favoris\u00e9e dans tous les sens?<\/p>\n\n\n\n<p class=\"has-black-color has-text-color has-link-color has-small-font-size wp-elements-3c5d3afdec79cd42f9c63419bc2a5c62\">Que dirons-nous, enfin, de ces enfants qui meurent \u00e0 un \u00e2ge pr\u00e9coce, qui ne connaissait pas la vie plus que les souffrances? Ce sont des probl\u00e8mes qu&#039;aucune philosophie n&#039;a pas pu r\u00e9soudre les anomalies qu&#039;aucune religion n&#039;a \u00e9t\u00e9 en mesure de justifier, et qui serait la n\u00e9gation de la bont\u00e9, de la justice et de la providence de Dieu, dans l&#039;hypoth\u00e8se que l&#039;\u00e2me est cr\u00e9\u00e9e en m\u00eame temps que le corps, et que son sort est fix\u00e9 irr\u00e9vocablement apr\u00e8s un s\u00e9jour de quelques instants sur Terre. Qu&#039;avons-nous fait de ces \u00e2mes, qui sont juste sorti des mains du Cr\u00e9ateur, \u00e0 souffrir tant de mis\u00e8re dans ce monde, de mani\u00e8re \u00e0 m\u00e9riter dans l&#039;avenir pour une r\u00e9compense ou une punition, soit, lorsque vous n&#039;avez pas \u00e9t\u00e9 en mesure de le faire ni bien ni mal?<\/p>\n\n\n\n<p class=\"has-black-color has-text-color has-link-color has-small-font-size wp-elements-d0615d06185b189f7eed6420d6b71104\">Dans l&#039;ensemble, en vertu de l&#039;axiome selon lequel tout effet a une cause, de ces mis\u00e8res sont tout effet doit avoir une cause; et \u00e0 partir du moment o\u00f9 l&#039;on admet l&#039;existence d&#039;un Dieu juste, que la cause doit aussi \u00eatre \u00e9quitable. Maintenant, que la cause pr\u00e9c\u00e8de toujours l&#039;effet, si ce n&#039;est pas dans la vie pr\u00e9sente, doit \u00eatre ant\u00e9rieure de plus de cette vie, c&#039;est-\u00e0-dire, vous devez \u00eatre un membre \u00e0 un pr\u00e9c\u00e9dent.<\/p>\n\n\n\n<p class=\"has-black-color has-text-color has-link-color has-small-font-size wp-elements-47bee048b6bfcaa4c89bde7a794ac2b7\">D&#039;autre part, comme il n&#039;est pas possible pour Dieu de punir quelqu&#039;un pour le bien qu&#039;il a fait, ou pour le mal qu&#039;il a fait, si nous sommes punis, c&#039;est parce que nous avons fait de mal. Si nous n&#039;avons pas fait de mal dans cette vie, nous l&#039;avons fait dans un autre. Nul ne peut \u00e9chapper \u00e0 cette alternative, dans laquelle la logique d\u00e9termine de quel c\u00f4t\u00e9 est la justice de Dieu.<\/p>\n\n\n\n<p class=\"has-black-color has-text-color has-link-color has-small-font-size wp-elements-7261f7bceb71d378b4ad34a9ae194a70\">Par cons\u00e9quent, l&#039;homme n&#039;est pas puni, \u00e0 condition, ou enti\u00e8rement puni, dans leur existence pr\u00e9sente, mais n&#039;\u00e9chappe pas aux cons\u00e9quences de ses erreurs. La prosp\u00e9rit\u00e9 des m\u00e9chants n&#039;est que momentan\u00e9, car si vous ne r\u00e9pare aujourd&#039;hui, pour faire l&#039;expiation pour le matin, tandis que celui qui souffre est l&#039;expiation pour son pass\u00e9. Le malheur qui au premier abord semble imm\u00e9rit\u00e9e, par cons\u00e9quent, sa raison d&#039;\u00eatre, et la victime peut dire dans tous les cas: \u201cPardonne-moi, Seigneur, car j&#039;ai p\u00e9ch\u00e9\u201d.<\/p>\n<\/div><\/div>\n\n\n\n<div class=\"wp-block-uagb-container uagb-block-61d1aca5 alignfull uagb-is-root-container\"><div class=\"uagb-container-inner-blocks-wrap\"><\/div><\/div>\n\n\n\n<div class=\"wp-block-uagb-container uagb-block-b6ed6ada alignfull uagb-is-root-container\"><div class=\"uagb-container-inner-blocks-wrap\"><\/div><\/div>","protected":false},"excerpt":{"rendered":"<p>Causas anteriores de las aflicciones Del libro: El Evangelio seg\u00fan el espiritismo \u2013 Allan Kardec Si bien en esta vida existen males cuya causa principal es el hombre, hay otros a los que es ajeno por completo, al menos en apariencia, y que parecen afectarlo como por obra de la fatalidad. Son ellos, por ejemplo, [&hellip;]<\/p>","protected":false},"author":1,"featured_media":3581,"parent":0,"menu_order":0,"comment_status":"closed","ping_status":"closed","template":"","meta":{"_uag_custom_page_level_css":"","site-sidebar-layout":"default","site-content-layout":"","ast-site-content-layout":"default","site-content-style":"default","site-sidebar-style":"default","ast-global-header-display":"","ast-banner-title-visibility":"","ast-main-header-display":"","ast-hfb-above-header-display":"","ast-hfb-below-header-display":"","ast-hfb-mobile-header-display":"","site-post-title":"disabled","ast-breadcrumbs-content":"","ast-featured-img":"","footer-sml-layout":"","theme-transparent-header-meta":"","adv-header-id-meta":"","stick-header-meta":"","header-above-stick-meta":"","header-main-stick-meta":"","header-below-stick-meta":"","astra-migrate-meta-layouts":"set","ast-page-background-enabled":"default","ast-page-background-meta":{"desktop":{"background-color":"var(--ast-global-color-4)","background-image":"","background-repeat":"repeat","background-position":"center center","background-size":"auto","background-attachment":"scroll","background-type":"","background-media":"","overlay-type":"","overlay-color":"","overlay-opacity":"","overlay-gradient":""},"tablet":{"background-color":"","background-image":"","background-repeat":"repeat","background-position":"center center","background-size":"auto","background-attachment":"scroll","background-type":"","background-media":"","overlay-type":"","overlay-color":"","overlay-opacity":"","overlay-gradient":""},"mobile":{"background-color":"","background-image":"","background-repeat":"repeat","background-position":"center center","background-size":"auto","background-attachment":"scroll","background-type":"","background-media":"","overlay-type":"","overlay-color":"","overlay-opacity":"","overlay-gradient":""}},"ast-content-background-meta":{"desktop":{"background-color":"var(--ast-global-color-5)","background-image":"","background-repeat":"repeat","background-position":"center center","background-size":"auto","background-attachment":"scroll","background-type":"","background-media":"","overlay-type":"","overlay-color":"","overlay-opacity":"","overlay-gradient":""},"tablet":{"background-color":"var(--ast-global-color-5)","background-image":"","background-repeat":"repeat","background-position":"center center","background-size":"auto","background-attachment":"scroll","background-type":"","background-media":"","overlay-type":"","overlay-color":"","overlay-opacity":"","overlay-gradient":""},"mobile":{"background-color":"var(--ast-global-color-5)","background-image":"","background-repeat":"repeat","background-position":"center center","background-size":"auto","background-attachment":"scroll","background-type":"","background-media":"","overlay-type":"","overlay-color":"","overlay-opacity":"","overlay-gradient":""}},"footnotes":""},"class_list":["post-3580","page","type-page","status-publish","has-post-thumbnail","hentry"],"yoast_head":"<!-- This site is optimized with the Yoast SEO Premium plugin v24.2 (Yoast SEO v24.6) - https:\/\/yoast.com\/wordpress\/plugins\/seo\/ -->\n<title>Causas anteriores de las aflicciones - Uni\u00f3n Esp\u00edrita<\/title>\n<meta name=\"robots\" content=\"index, follow, max-snippet:-1, max-image-preview:large, max-video-preview:-1\" \/>\n<link rel=\"canonical\" href=\"https:\/\/nuevo-renacer.com\/fr\/causas-anteriores-de-las-aflicciones\/\" \/>\n<meta property=\"og:locale\" content=\"fr_FR\" \/>\n<meta property=\"og:type\" content=\"article\" \/>\n<meta property=\"og:title\" content=\"Causas anteriores de las aflicciones\" \/>\n<meta property=\"og:description\" content=\"Causas anteriores de las aflicciones Del libro: El Evangelio seg\u00fan el espiritismo \u2013 Allan Kardec Si bien en esta vida existen males cuya causa principal es el hombre, hay otros a los que es ajeno por completo, al menos en apariencia, y que parecen afectarlo como por obra de la fatalidad. Son ellos, por ejemplo, [&hellip;]\" \/>\n<meta property=\"og:url\" content=\"https:\/\/nuevo-renacer.com\/fr\/causas-anteriores-de-las-aflicciones\/\" \/>\n<meta property=\"og:site_name\" content=\"Uni\u00f3n Esp\u00edrita\" \/>\n<meta property=\"article:publisher\" content=\"https:\/\/www.facebook.com\/groups\/3431398063740829\" \/>\n<meta property=\"article:modified_time\" content=\"2024-12-21T09:49:04+00:00\" \/>\n<meta property=\"og:image\" content=\"https:\/\/nuevo-renacer.com\/wp-content\/uploads\/2024\/07\/que-se-siente-al-morir-770x452-1.jpg\" \/>\n\t<meta property=\"og:image:width\" content=\"770\" \/>\n\t<meta property=\"og:image:height\" content=\"452\" \/>\n\t<meta property=\"og:image:type\" content=\"image\/jpeg\" \/>\n<meta name=\"twitter:card\" content=\"summary_large_image\" \/>\n<meta name=\"twitter:label1\" content=\"Dur\u00e9e de lecture estim\u00e9e\" \/>\n\t<meta name=\"twitter:data1\" content=\"3 minutes\" \/>\n<script type=\"application\/ld+json\" class=\"yoast-schema-graph\">{\"@context\":\"https:\/\/schema.org\",\"@graph\":[{\"@type\":\"WebPage\",\"@id\":\"https:\/\/nuevo-renacer.com\/causas-anteriores-de-las-aflicciones\/\",\"url\":\"https:\/\/nuevo-renacer.com\/causas-anteriores-de-las-aflicciones\/\",\"name\":\"Causas anteriores de las aflicciones - Uni\u00f3n Esp\u00edrita\",\"isPartOf\":{\"@id\":\"https:\/\/nuevo-renacer.com\/#website\"},\"primaryImageOfPage\":{\"@id\":\"https:\/\/nuevo-renacer.com\/causas-anteriores-de-las-aflicciones\/#primaryimage\"},\"image\":{\"@id\":\"https:\/\/nuevo-renacer.com\/causas-anteriores-de-las-aflicciones\/#primaryimage\"},\"thumbnailUrl\":\"https:\/\/nuevo-renacer.com\/wp-content\/uploads\/2024\/07\/que-se-siente-al-morir-770x452-1.jpg\",\"datePublished\":\"2024-07-10T10:50:57+00:00\",\"dateModified\":\"2024-12-21T09:49:04+00:00\",\"breadcrumb\":{\"@id\":\"https:\/\/nuevo-renacer.com\/causas-anteriores-de-las-aflicciones\/#breadcrumb\"},\"inLanguage\":\"fr-FR\",\"potentialAction\":[{\"@type\":\"ReadAction\",\"target\":[\"https:\/\/nuevo-renacer.com\/causas-anteriores-de-las-aflicciones\/\"]}]},{\"@type\":\"ImageObject\",\"inLanguage\":\"fr-FR\",\"@id\":\"https:\/\/nuevo-renacer.com\/causas-anteriores-de-las-aflicciones\/#primaryimage\",\"url\":\"https:\/\/nuevo-renacer.com\/wp-content\/uploads\/2024\/07\/que-se-siente-al-morir-770x452-1.jpg\",\"contentUrl\":\"https:\/\/nuevo-renacer.com\/wp-content\/uploads\/2024\/07\/que-se-siente-al-morir-770x452-1.jpg\",\"width\":770,\"height\":452},{\"@type\":\"BreadcrumbList\",\"@id\":\"https:\/\/nuevo-renacer.com\/causas-anteriores-de-las-aflicciones\/#breadcrumb\",\"itemListElement\":[{\"@type\":\"ListItem\",\"position\":1,\"name\":\"Startseite\",\"item\":\"https:\/\/nuevo-renacer.com\/\"},{\"@type\":\"ListItem\",\"position\":2,\"name\":\"Causas anteriores de las aflicciones\"}]},{\"@type\":\"WebSite\",\"@id\":\"https:\/\/nuevo-renacer.com\/#website\",\"url\":\"https:\/\/nuevo-renacer.com\/\",\"name\":\"Uni\u00f3n Esp\u00edrita\",\"description\":\"Nuevo Renacer\",\"publisher\":{\"@id\":\"https:\/\/nuevo-renacer.com\/#organization\"},\"potentialAction\":[{\"@type\":\"SearchAction\",\"target\":{\"@type\":\"EntryPoint\",\"urlTemplate\":\"https:\/\/nuevo-renacer.com\/?s={search_term_string}\"},\"query-input\":{\"@type\":\"PropertyValueSpecification\",\"valueRequired\":true,\"valueName\":\"search_term_string\"}}],\"inLanguage\":\"fr-FR\"},{\"@type\":\"Organization\",\"@id\":\"https:\/\/nuevo-renacer.com\/#organization\",\"name\":\"UFEC\",\"url\":\"https:\/\/nuevo-renacer.com\/\",\"logo\":{\"@type\":\"ImageObject\",\"inLanguage\":\"fr-FR\",\"@id\":\"https:\/\/nuevo-renacer.com\/#\/schema\/logo\/image\/\",\"url\":\"https:\/\/nuevo-renacer.com\/wp-content\/uploads\/2024\/05\/cropped-LOGO-TERMINADO1-3-3.png\",\"contentUrl\":\"https:\/\/nuevo-renacer.com\/wp-content\/uploads\/2024\/05\/cropped-LOGO-TERMINADO1-3-3.png\",\"width\":512,\"height\":512,\"caption\":\"UFEC\"},\"image\":{\"@id\":\"https:\/\/nuevo-renacer.com\/#\/schema\/logo\/image\/\"},\"sameAs\":[\"https:\/\/www.facebook.com\/groups\/3431398063740829\"]}]}<\/script>\n<!-- \/ Yoast SEO Premium plugin. -->","yoast_head_json":{"title":"Causas anteriores de las aflicciones - Uni\u00f3n Esp\u00edrita","robots":{"index":"index","follow":"follow","max-snippet":"max-snippet:-1","max-image-preview":"max-image-preview:large","max-video-preview":"max-video-preview:-1"},"canonical":"https:\/\/nuevo-renacer.com\/fr\/causas-anteriores-de-las-aflicciones\/","og_locale":"fr_FR","og_type":"article","og_title":"Causas anteriores de las aflicciones","og_description":"Causas anteriores de las aflicciones Del libro: El Evangelio seg\u00fan el espiritismo \u2013 Allan Kardec Si bien en esta vida existen males cuya causa principal es el hombre, hay otros a los que es ajeno por completo, al menos en apariencia, y que parecen afectarlo como por obra de la fatalidad. Son ellos, por ejemplo, [&hellip;]","og_url":"https:\/\/nuevo-renacer.com\/fr\/causas-anteriores-de-las-aflicciones\/","og_site_name":"Uni\u00f3n Esp\u00edrita","article_publisher":"https:\/\/www.facebook.com\/groups\/3431398063740829","article_modified_time":"2024-12-21T09:49:04+00:00","og_image":[{"width":770,"height":452,"url":"https:\/\/nuevo-renacer.com\/wp-content\/uploads\/2024\/07\/que-se-siente-al-morir-770x452-1.jpg","type":"image\/jpeg"}],"twitter_card":"summary_large_image","twitter_misc":{"Dur\u00e9e de lecture estim\u00e9e":"3 minutes"},"schema":{"@context":"https:\/\/schema.org","@graph":[{"@type":"WebPage","@id":"https:\/\/nuevo-renacer.com\/causas-anteriores-de-las-aflicciones\/","url":"https:\/\/nuevo-renacer.com\/causas-anteriores-de-las-aflicciones\/","name":"Causas anteriores de las aflicciones - Uni\u00f3n Esp\u00edrita","isPartOf":{"@id":"https:\/\/nuevo-renacer.com\/#website"},"primaryImageOfPage":{"@id":"https:\/\/nuevo-renacer.com\/causas-anteriores-de-las-aflicciones\/#primaryimage"},"image":{"@id":"https:\/\/nuevo-renacer.com\/causas-anteriores-de-las-aflicciones\/#primaryimage"},"thumbnailUrl":"https:\/\/nuevo-renacer.com\/wp-content\/uploads\/2024\/07\/que-se-siente-al-morir-770x452-1.jpg","datePublished":"2024-07-10T10:50:57+00:00","dateModified":"2024-12-21T09:49:04+00:00","breadcrumb":{"@id":"https:\/\/nuevo-renacer.com\/causas-anteriores-de-las-aflicciones\/#breadcrumb"},"inLanguage":"fr-FR","potentialAction":[{"@type":"ReadAction","target":["https:\/\/nuevo-renacer.com\/causas-anteriores-de-las-aflicciones\/"]}]},{"@type":"ImageObject","inLanguage":"fr-FR","@id":"https:\/\/nuevo-renacer.com\/causas-anteriores-de-las-aflicciones\/#primaryimage","url":"https:\/\/nuevo-renacer.com\/wp-content\/uploads\/2024\/07\/que-se-siente-al-morir-770x452-1.jpg","contentUrl":"https:\/\/nuevo-renacer.com\/wp-content\/uploads\/2024\/07\/que-se-siente-al-morir-770x452-1.jpg","width":770,"height":452},{"@type":"BreadcrumbList","@id":"https:\/\/nuevo-renacer.com\/causas-anteriores-de-las-aflicciones\/#breadcrumb","itemListElement":[{"@type":"ListItem","position":1,"name":"Startseite","item":"https:\/\/nuevo-renacer.com\/"},{"@type":"ListItem","position":2,"name":"Causas anteriores de las aflicciones"}]},{"@type":"WebSite","@id":"https:\/\/nuevo-renacer.com\/#website","url":"https:\/\/nuevo-renacer.com\/","name":"Uni\u00f3n Esp\u00edrita","description":"Nuevo Renacer","publisher":{"@id":"https:\/\/nuevo-renacer.com\/#organization"},"potentialAction":[{"@type":"SearchAction","target":{"@type":"EntryPoint","urlTemplate":"https:\/\/nuevo-renacer.com\/?s={search_term_string}"},"query-input":{"@type":"PropertyValueSpecification","valueRequired":true,"valueName":"search_term_string"}}],"inLanguage":"fr-FR"},{"@type":"Organization","@id":"https:\/\/nuevo-renacer.com\/#organization","name":"UFEC","url":"https:\/\/nuevo-renacer.com\/","logo":{"@type":"ImageObject","inLanguage":"fr-FR","@id":"https:\/\/nuevo-renacer.com\/#\/schema\/logo\/image\/","url":"https:\/\/nuevo-renacer.com\/wp-content\/uploads\/2024\/05\/cropped-LOGO-TERMINADO1-3-3.png","contentUrl":"https:\/\/nuevo-renacer.com\/wp-content\/uploads\/2024\/05\/cropped-LOGO-TERMINADO1-3-3.png","width":512,"height":512,"caption":"UFEC"},"image":{"@id":"https:\/\/nuevo-renacer.com\/#\/schema\/logo\/image\/"},"sameAs":["https:\/\/www.facebook.com\/groups\/3431398063740829"]}]}},"uagb_featured_image_src":{"full":["https:\/\/nuevo-renacer.com\/wp-content\/uploads\/2024\/07\/que-se-siente-al-morir-770x452-1.jpg",770,452,false],"thumbnail":["https:\/\/nuevo-renacer.com\/wp-content\/uploads\/2024\/07\/que-se-siente-al-morir-770x452-1-150x150.jpg",150,150,true],"medium":["https:\/\/nuevo-renacer.com\/wp-content\/uploads\/2024\/07\/que-se-siente-al-morir-770x452-1-300x176.jpg",300,176,true],"medium_large":["https:\/\/nuevo-renacer.com\/wp-content\/uploads\/2024\/07\/que-se-siente-al-morir-770x452-1-768x451.jpg",768,451,true],"large":["https:\/\/nuevo-renacer.com\/wp-content\/uploads\/2024\/07\/que-se-siente-al-morir-770x452-1.jpg",770,452,false],"1536x1536":["https:\/\/nuevo-renacer.com\/wp-content\/uploads\/2024\/07\/que-se-siente-al-morir-770x452-1.jpg",770,452,false],"2048x2048":["https:\/\/nuevo-renacer.com\/wp-content\/uploads\/2024\/07\/que-se-siente-al-morir-770x452-1.jpg",770,452,false],"trp-custom-language-flag":["https:\/\/nuevo-renacer.com\/wp-content\/uploads\/2024\/07\/que-se-siente-al-morir-770x452-1-18x12.jpg",18,12,true]},"uagb_author_info":{"display_name":"adbv0","author_link":"https:\/\/nuevo-renacer.com\/fr\/author\/adbv0\/"},"uagb_comment_info":0,"uagb_excerpt":"Causas anteriores de las aflicciones Del libro: El Evangelio seg\u00fan el espiritismo \u2013 Allan Kardec Si bien en esta vida existen males cuya causa principal es el hombre, hay otros a los que es ajeno por completo, al menos en apariencia, y que parecen afectarlo como por obra de la fatalidad. Son ellos, por ejemplo,\u2026","jetpack_sharing_enabled":true,"_links":{"self":[{"href":"https:\/\/nuevo-renacer.com\/fr\/wp-json\/wp\/v2\/pages\/3580","targetHints":{"allow":["GET"]}}],"collection":[{"href":"https:\/\/nuevo-renacer.com\/fr\/wp-json\/wp\/v2\/pages"}],"about":[{"href":"https:\/\/nuevo-renacer.com\/fr\/wp-json\/wp\/v2\/types\/page"}],"author":[{"embeddable":true,"href":"https:\/\/nuevo-renacer.com\/fr\/wp-json\/wp\/v2\/users\/1"}],"replies":[{"embeddable":true,"href":"https:\/\/nuevo-renacer.com\/fr\/wp-json\/wp\/v2\/comments?post=3580"}],"version-history":[{"count":3,"href":"https:\/\/nuevo-renacer.com\/fr\/wp-json\/wp\/v2\/pages\/3580\/revisions"}],"predecessor-version":[{"id":6593,"href":"https:\/\/nuevo-renacer.com\/fr\/wp-json\/wp\/v2\/pages\/3580\/revisions\/6593"}],"wp:featuredmedia":[{"embeddable":true,"href":"https:\/\/nuevo-renacer.com\/fr\/wp-json\/wp\/v2\/media\/3581"}],"wp:attachment":[{"href":"https:\/\/nuevo-renacer.com\/fr\/wp-json\/wp\/v2\/media?parent=3580"}],"curies":[{"name":"wp","href":"https:\/\/api.w.org\/{rel}","templated":true}]}}