{"id":3556,"date":"2024-07-10T08:56:11","date_gmt":"2024-07-10T08:56:11","guid":{"rendered":"https:\/\/ufec-mundial.com\/?page_id=3556"},"modified":"2024-12-21T09:19:18","modified_gmt":"2024-12-21T09:19:18","slug":"la-vida-en-los-mundos-superiores","status":"publish","type":"page","link":"https:\/\/nuevo-renacer.com\/fr\/la-vida-en-los-mundos-superiores\/","title":{"rendered":"La vie dans les mondes sup\u00e9rieurs"},"content":{"rendered":"<div class=\"wp-block-uagb-container uagb-block-5d18f1df alignfull uagb-is-root-container\"><div class=\"uagb-container-inner-blocks-wrap\">\n<p class=\"has-black-color has-text-color has-link-color has-medium-font-size wp-elements-08cfc34772b47115443a6ad2041579e3\"><strong>La vie dans les mondes sup\u00e9rieurs<\/strong><\/p>\n\n\n\n<p class=\"has-black-color has-text-color has-link-color has-medium-font-size wp-elements-37d3320206a9b8afa52629819a26401a\"><strong>Extrait du livre: L&#039;Evangile selon le spiritisme \u2013 Allan Kardec<\/strong><\/p>\n<\/div><\/div>\n\n\n\n<div class=\"wp-block-uagb-container uagb-block-fe8d5d7f alignfull uagb-is-root-container\"><div class=\"uagb-container-inner-blocks-wrap\">\n<figure class=\"wp-block-image size-large is-resized\"><img fetchpriority=\"high\" decoding=\"async\" width=\"1024\" height=\"796\" src=\"https:\/\/ufec-mundial.com\/wp-content\/uploads\/2024\/07\/l7JSnggJxUgMtsBMM0J8-4-y5alv-1024x796.webp\" alt=\"\" class=\"wp-image-3557\" style=\"width:395px;height:auto\" srcset=\"https:\/\/nuevo-renacer.com\/wp-content\/uploads\/2024\/07\/l7JSnggJxUgMtsBMM0J8-4-y5alv-1024x796.webp 1024w, https:\/\/nuevo-renacer.com\/wp-content\/uploads\/2024\/07\/l7JSnggJxUgMtsBMM0J8-4-y5alv-300x233.webp 300w, https:\/\/nuevo-renacer.com\/wp-content\/uploads\/2024\/07\/l7JSnggJxUgMtsBMM0J8-4-y5alv-768x597.webp 768w, https:\/\/nuevo-renacer.com\/wp-content\/uploads\/2024\/07\/l7JSnggJxUgMtsBMM0J8-4-y5alv-15x12.webp 15w, https:\/\/nuevo-renacer.com\/wp-content\/uploads\/2024\/07\/l7JSnggJxUgMtsBMM0J8-4-y5alv.webp 1152w\" sizes=\"(max-width: 1024px) 100vw, 1024px\" \/><\/figure>\n<\/div><\/div>\n\n\n\n<div class=\"wp-block-uagb-container uagb-block-b2e2d189 alignfull uagb-is-root-container\"><div class=\"uagb-container-inner-blocks-wrap\">\n<p class=\"has-black-color has-text-color has-link-color has-small-font-size wp-elements-702213341c618d67ac4726352ceca8bc\">Dans les mondes qu&#039;ils ont atteint un degr\u00e9 plus \u00e9lev\u00e9, les conditions de vie, le moral et le mat\u00e9riel sont tr\u00e8s diff\u00e9rents de ceux des mondes inf\u00e9rieurs. M\u00eame diff\u00e9rer de la caract\u00e9ristique des conditions de la Terre. Si la forme du corps est, invariablement, et comme partout, la forme humaine, c&#039;est beau, sophistiqu\u00e9 et, par-dessus tout, purifi\u00e9. Le corps est compl\u00e8tement d\u00e9pourvu de mat\u00e9rialit\u00e9 des terres et, par cons\u00e9quent, n&#039;est pas soumis \u00e0 des exigences ou \u00e0 des maladies ou des dommages r\u00e9sultant de la pr\u00e9dominance de la mati\u00e8re. Les sens, le plus raffin\u00e9, ont la perception que la nature de notre corps embotan. La l\u00e9g\u00e8ret\u00e9 sp\u00e9cifique du corps rend la locomotion est rapide et n&#039;offre pas de difficult\u00e9s: au lieu de ramper p\u00e9niblement le long de la terre, de la glisse, pour ainsi dire, sur la surface, ou de rester en suspension dans l&#039;atmosph\u00e8re, sans un effort de la volont\u00e9, de la m\u00eame mani\u00e8re qu&#039;il repr\u00e9sente les anges, ou comme les anciens l&#039;avaient consid\u00e9r\u00e9 les m\u00e2nes de l&#039;avenue des Champs-\u00c9lys\u00e9es. Les hommes conserv\u00e9 dans une bonne mesure, les caract\u00e9ristiques de leur migration vers le pass\u00e9, et ils apparaissent \u00e0 leurs amis qu&#039;ils se sont rencontr\u00e9s, mais \u00e9clair\u00e9e par une lumi\u00e8re divine, transfigur\u00e9 par les impressions int\u00e9rieures, qui sont toujours \u00e9lev\u00e9s. Au lieu de visages ternes, \u00e9maci\u00e9 par les souffrances et les passions, de l&#039;intelligence et de la vie rayonnant qui brillent que les peintres ont \u00e9t\u00e9 traduits sur le bandeau ou aur\u00e9ole des saints.<\/p>\n\n\n\n<p class=\"has-black-color has-text-color has-link-color has-small-font-size wp-elements-693baa2478c5b2d009877b284321b5de\">Le peu de r\u00e9sistance que le sujet offre aux Esprits d\u00e9j\u00e0 tr\u00e8s d\u00e9velopp\u00e9, il provoque le corps \u00e0 se d\u00e9velopper rapidement et que l&#039;enfance est courte ou presque inexistante. La vie, libre de soucis et de difficult\u00e9s, il est proportionnellement beaucoup plus long que sur la Terre. En principe, la long\u00e9vit\u00e9 est li\u00e9e au degr\u00e9 d&#039;avancement de l&#039;univers. La mort n&#039;a rien de l&#039;horreur de la d\u00e9composition, et loin d&#039;\u00eatre une raison de la terreur, est consid\u00e9r\u00e9 comme une transformation heureux, parce que dans ces mondes doute sur l&#039;avenir n&#039;existe pas. Au cours de la vie, que l&#039;\u00e2me n&#039;est pas emprisonn\u00e9 dans une mati\u00e8re compacte, rayonne et b\u00e9n\u00e9ficie d&#039;une clart\u00e9 qui la place dans un \u00e9tat quasi permanent de l&#039;\u00e9mancipation, qui permet la libre circulation de la pens\u00e9e.<\/p>\n\n\n\n<p class=\"has-black-color has-text-color has-link-color has-small-font-size wp-elements-43cbd9ec8bb7493bd3fffd2bc181ab3c\">Dans ces mondes heureux, les relations entre les gens, toujours amical, jamais troubl\u00e9e par l&#039;ambition de devenir le ma\u00eetre du voisin, ni par la guerre, qui en est le r\u00e9sultat. Il n&#039;y a pas de ma\u00eetres ou esclaves, ou privil\u00e9gi\u00e9e par la naissance. Seulement, la sup\u00e9riorit\u00e9 morale et intellectuelle \u00e9tablit la diff\u00e9rence des conditions, et qui conf\u00e8re la supr\u00e9matie. L&#039;autorit\u00e9 est toujours respect\u00e9e, car elle n&#039;est accord\u00e9e pour le m\u00e9rite et parce qu&#039;il est toujours exerc\u00e9e avec la justice. L&#039;homme n&#039;a pas essay\u00e9 de hausse sur l&#039;homme, mais sur lui-m\u00eame, \u00e0 \u00eatre affin\u00e9. Votre objectif est d&#039;atteindre la cat\u00e9gorie de purs Esprits, et de la poursuite du d\u00e9sir n&#039;est pas un ch\u00e2timent, mais une noble ambition qui rend l&#039;\u00e9tude de la gravure pour arriver \u00e0 les rattraper. Tous les tendres sentiments et une \u00e9l\u00e9vation de la nature humaine sont l\u00e0 accrue et purifi\u00e9e. De la haine, de la jalousie, de la petite et faible avidit\u00e9 et la jalousie ne sont pas connus. Un lien d&#039;amour et de fraternit\u00e9 qui unit tous les hommes, et les plus forts aident les plus faibles. Poss\u00e9der une propri\u00e9t\u00e9 dans une plus ou moins de la quantit\u00e9, en fonction de ce qu&#039;ils ont acquis par leur intelligence, mais personne ne souffre de manque de ce qui est n\u00e9cessaire, parce que personne n&#039;est l\u00e0, dans le processus de l&#039;expiation. En un mot, dans ces mondes il n&#039;y a pas de mal.<\/p>\n\n\n\n<p class=\"has-black-color has-text-color has-link-color has-small-font-size wp-elements-7e0e736f8c2c1e82365429f929f8d445\">Dans votre monde, vous avez besoin du mal pour se sentir bien; la nuit, pour admirer la lumi\u00e8re; de la maladie, afin d&#039;\u00e9valuer l&#039;\u00e9tat de sant\u00e9. En revanche, dans les mondes heureux ces contrastes ne sont pas n\u00e9cessaires. La lumi\u00e8re \u00e9ternelle, la beaut\u00e9 \u00e9ternelle, l&#039;\u00e9ternelle s\u00e9r\u00e9nit\u00e9 de l&#039;\u00e2me fournir une b\u00e9atitude \u00e9ternelle, qui n&#039;est pas troubl\u00e9 par les soucis de la vie mat\u00e9rielle, ou par le contact avec le mal, il n&#039;ont pas acc\u00e8s. Est-ce que l&#039;esprit humain a le plus de difficult\u00e9 dans la compr\u00e9hension. A \u00e9t\u00e9 habile \u00e0 peindre les tourments de l&#039;Enfer, mais ne pourrait jamais imaginer la jouissance du Ciel. Pourquoi? Parce que le soi inf\u00e9rieur, il a seulement souffert de douleurs et de mis\u00e8res, et n&#039;a jamais vu les clart\u00e9s du ciel. Ne peux parler que de ce que vous savez. Cependant, \u00e0 mesure qu&#039;il monte, et doit \u00eatre nettoy\u00e9, votre horizon s&#039;\u00e9largit et comprendre le bien qui est en face de lui-m\u00eame, comme l&#039;a compris le mal qu&#039;ils ont laiss\u00e9 derri\u00e8re.<\/p>\n<\/div><\/div>\n\n\n\n<div class=\"wp-block-uagb-container uagb-block-33c7faee alignfull uagb-is-root-container\"><div class=\"uagb-container-inner-blocks-wrap\"><\/div><\/div>\n\n\n\n<div class=\"wp-block-uagb-container uagb-block-86483d83 alignfull uagb-is-root-container\"><div class=\"uagb-container-inner-blocks-wrap\"><\/div><\/div>","protected":false},"excerpt":{"rendered":"<p>La vida en los mundos superiores Del libro: El Evangelio seg\u00fan el espiritismo \u2013 Allan Kardec En los mundos que han llegado a un grado superior, las condiciones de la vida moral y material son muy distintas a las de los mundos inferiores. Incluso difieren de las condiciones propias de la Tierra. Si bien la [&hellip;]<\/p>","protected":false},"author":1,"featured_media":3557,"parent":0,"menu_order":0,"comment_status":"closed","ping_status":"closed","template":"","meta":{"_uag_custom_page_level_css":"","site-sidebar-layout":"default","site-content-layout":"","ast-site-content-layout":"default","site-content-style":"default","site-sidebar-style":"default","ast-global-header-display":"","ast-banner-title-visibility":"","ast-main-header-display":"","ast-hfb-above-header-display":"","ast-hfb-below-header-display":"","ast-hfb-mobile-header-display":"","site-post-title":"disabled","ast-breadcrumbs-content":"","ast-featured-img":"","footer-sml-layout":"","theme-transparent-header-meta":"","adv-header-id-meta":"","stick-header-meta":"","header-above-stick-meta":"","header-main-stick-meta":"","header-below-stick-meta":"","astra-migrate-meta-layouts":"set","ast-page-background-enabled":"default","ast-page-background-meta":{"desktop":{"background-color":"var(--ast-global-color-4)","background-image":"","background-repeat":"repeat","background-position":"center center","background-size":"auto","background-attachment":"scroll","background-type":"","background-media":"","overlay-type":"","overlay-color":"","overlay-opacity":"","overlay-gradient":""},"tablet":{"background-color":"","background-image":"","background-repeat":"repeat","background-position":"center center","background-size":"auto","background-attachment":"scroll","background-type":"","background-media":"","overlay-type":"","overlay-color":"","overlay-opacity":"","overlay-gradient":""},"mobile":{"background-color":"","background-image":"","background-repeat":"repeat","background-position":"center center","background-size":"auto","background-attachment":"scroll","background-type":"","background-media":"","overlay-type":"","overlay-color":"","overlay-opacity":"","overlay-gradient":""}},"ast-content-background-meta":{"desktop":{"background-color":"var(--ast-global-color-5)","background-image":"","background-repeat":"repeat","background-position":"center center","background-size":"auto","background-attachment":"scroll","background-type":"","background-media":"","overlay-type":"","overlay-color":"","overlay-opacity":"","overlay-gradient":""},"tablet":{"background-color":"var(--ast-global-color-5)","background-image":"","background-repeat":"repeat","background-position":"center center","background-size":"auto","background-attachment":"scroll","background-type":"","background-media":"","overlay-type":"","overlay-color":"","overlay-opacity":"","overlay-gradient":""},"mobile":{"background-color":"var(--ast-global-color-5)","background-image":"","background-repeat":"repeat","background-position":"center center","background-size":"auto","background-attachment":"scroll","background-type":"","background-media":"","overlay-type":"","overlay-color":"","overlay-opacity":"","overlay-gradient":""}},"footnotes":""},"class_list":["post-3556","page","type-page","status-publish","has-post-thumbnail","hentry"],"yoast_head":"<!-- This site is optimized with the Yoast SEO Premium plugin v24.2 (Yoast SEO v24.6) - https:\/\/yoast.com\/wordpress\/plugins\/seo\/ -->\n<title>La vida en los mundos superiores - Uni\u00f3n Esp\u00edrita<\/title>\n<meta name=\"robots\" content=\"index, follow, max-snippet:-1, max-image-preview:large, max-video-preview:-1\" \/>\n<link rel=\"canonical\" href=\"https:\/\/nuevo-renacer.com\/fr\/la-vida-en-los-mundos-superiores\/\" \/>\n<meta property=\"og:locale\" content=\"fr_FR\" \/>\n<meta property=\"og:type\" content=\"article\" \/>\n<meta property=\"og:title\" content=\"La vida en los mundos superiores\" \/>\n<meta property=\"og:description\" content=\"La vida en los mundos superiores Del libro: El Evangelio seg\u00fan el espiritismo \u2013 Allan Kardec En los mundos que han llegado a un grado superior, las condiciones de la vida moral y material son muy distintas a las de los mundos inferiores. Incluso difieren de las condiciones propias de la Tierra. Si bien la [&hellip;]\" \/>\n<meta property=\"og:url\" content=\"https:\/\/nuevo-renacer.com\/fr\/la-vida-en-los-mundos-superiores\/\" \/>\n<meta property=\"og:site_name\" content=\"Uni\u00f3n Esp\u00edrita\" \/>\n<meta property=\"article:publisher\" content=\"https:\/\/www.facebook.com\/groups\/3431398063740829\" \/>\n<meta property=\"article:modified_time\" content=\"2024-12-21T09:19:18+00:00\" \/>\n<meta property=\"og:image\" content=\"https:\/\/nuevo-renacer.com\/wp-content\/uploads\/2024\/07\/l7JSnggJxUgMtsBMM0J8-4-y5alv.webp\" \/>\n\t<meta property=\"og:image:width\" content=\"1152\" \/>\n\t<meta property=\"og:image:height\" content=\"896\" \/>\n\t<meta property=\"og:image:type\" content=\"image\/webp\" \/>\n<meta name=\"twitter:card\" content=\"summary_large_image\" \/>\n<meta name=\"twitter:label1\" content=\"Dur\u00e9e de lecture estim\u00e9e\" \/>\n\t<meta name=\"twitter:data1\" content=\"4 minutes\" \/>\n<script type=\"application\/ld+json\" class=\"yoast-schema-graph\">{\"@context\":\"https:\/\/schema.org\",\"@graph\":[{\"@type\":\"WebPage\",\"@id\":\"https:\/\/nuevo-renacer.com\/la-vida-en-los-mundos-superiores\/\",\"url\":\"https:\/\/nuevo-renacer.com\/la-vida-en-los-mundos-superiores\/\",\"name\":\"La vida en los mundos superiores - Uni\u00f3n Esp\u00edrita\",\"isPartOf\":{\"@id\":\"https:\/\/nuevo-renacer.com\/#website\"},\"primaryImageOfPage\":{\"@id\":\"https:\/\/nuevo-renacer.com\/la-vida-en-los-mundos-superiores\/#primaryimage\"},\"image\":{\"@id\":\"https:\/\/nuevo-renacer.com\/la-vida-en-los-mundos-superiores\/#primaryimage\"},\"thumbnailUrl\":\"https:\/\/nuevo-renacer.com\/wp-content\/uploads\/2024\/07\/l7JSnggJxUgMtsBMM0J8-4-y5alv.webp\",\"datePublished\":\"2024-07-10T08:56:11+00:00\",\"dateModified\":\"2024-12-21T09:19:18+00:00\",\"breadcrumb\":{\"@id\":\"https:\/\/nuevo-renacer.com\/la-vida-en-los-mundos-superiores\/#breadcrumb\"},\"inLanguage\":\"fr-FR\",\"potentialAction\":[{\"@type\":\"ReadAction\",\"target\":[\"https:\/\/nuevo-renacer.com\/la-vida-en-los-mundos-superiores\/\"]}]},{\"@type\":\"ImageObject\",\"inLanguage\":\"fr-FR\",\"@id\":\"https:\/\/nuevo-renacer.com\/la-vida-en-los-mundos-superiores\/#primaryimage\",\"url\":\"https:\/\/nuevo-renacer.com\/wp-content\/uploads\/2024\/07\/l7JSnggJxUgMtsBMM0J8-4-y5alv.webp\",\"contentUrl\":\"https:\/\/nuevo-renacer.com\/wp-content\/uploads\/2024\/07\/l7JSnggJxUgMtsBMM0J8-4-y5alv.webp\",\"width\":1152,\"height\":896},{\"@type\":\"BreadcrumbList\",\"@id\":\"https:\/\/nuevo-renacer.com\/la-vida-en-los-mundos-superiores\/#breadcrumb\",\"itemListElement\":[{\"@type\":\"ListItem\",\"position\":1,\"name\":\"Startseite\",\"item\":\"https:\/\/nuevo-renacer.com\/\"},{\"@type\":\"ListItem\",\"position\":2,\"name\":\"La vida en los mundos superiores\"}]},{\"@type\":\"WebSite\",\"@id\":\"https:\/\/nuevo-renacer.com\/#website\",\"url\":\"https:\/\/nuevo-renacer.com\/\",\"name\":\"Uni\u00f3n Esp\u00edrita\",\"description\":\"Nuevo Renacer\",\"publisher\":{\"@id\":\"https:\/\/nuevo-renacer.com\/#organization\"},\"potentialAction\":[{\"@type\":\"SearchAction\",\"target\":{\"@type\":\"EntryPoint\",\"urlTemplate\":\"https:\/\/nuevo-renacer.com\/?s={search_term_string}\"},\"query-input\":{\"@type\":\"PropertyValueSpecification\",\"valueRequired\":true,\"valueName\":\"search_term_string\"}}],\"inLanguage\":\"fr-FR\"},{\"@type\":\"Organization\",\"@id\":\"https:\/\/nuevo-renacer.com\/#organization\",\"name\":\"UFEC\",\"url\":\"https:\/\/nuevo-renacer.com\/\",\"logo\":{\"@type\":\"ImageObject\",\"inLanguage\":\"fr-FR\",\"@id\":\"https:\/\/nuevo-renacer.com\/#\/schema\/logo\/image\/\",\"url\":\"https:\/\/nuevo-renacer.com\/wp-content\/uploads\/2024\/05\/cropped-LOGO-TERMINADO1-3-3.png\",\"contentUrl\":\"https:\/\/nuevo-renacer.com\/wp-content\/uploads\/2024\/05\/cropped-LOGO-TERMINADO1-3-3.png\",\"width\":512,\"height\":512,\"caption\":\"UFEC\"},\"image\":{\"@id\":\"https:\/\/nuevo-renacer.com\/#\/schema\/logo\/image\/\"},\"sameAs\":[\"https:\/\/www.facebook.com\/groups\/3431398063740829\"]}]}<\/script>\n<!-- \/ Yoast SEO Premium plugin. -->","yoast_head_json":{"title":"La vida en los mundos superiores - Uni\u00f3n Esp\u00edrita","robots":{"index":"index","follow":"follow","max-snippet":"max-snippet:-1","max-image-preview":"max-image-preview:large","max-video-preview":"max-video-preview:-1"},"canonical":"https:\/\/nuevo-renacer.com\/fr\/la-vida-en-los-mundos-superiores\/","og_locale":"fr_FR","og_type":"article","og_title":"La vida en los mundos superiores","og_description":"La vida en los mundos superiores Del libro: El Evangelio seg\u00fan el espiritismo \u2013 Allan Kardec En los mundos que han llegado a un grado superior, las condiciones de la vida moral y material son muy distintas a las de los mundos inferiores. Incluso difieren de las condiciones propias de la Tierra. Si bien la [&hellip;]","og_url":"https:\/\/nuevo-renacer.com\/fr\/la-vida-en-los-mundos-superiores\/","og_site_name":"Uni\u00f3n Esp\u00edrita","article_publisher":"https:\/\/www.facebook.com\/groups\/3431398063740829","article_modified_time":"2024-12-21T09:19:18+00:00","og_image":[{"width":1152,"height":896,"url":"https:\/\/nuevo-renacer.com\/wp-content\/uploads\/2024\/07\/l7JSnggJxUgMtsBMM0J8-4-y5alv.webp","type":"image\/webp"}],"twitter_card":"summary_large_image","twitter_misc":{"Dur\u00e9e de lecture estim\u00e9e":"4 minutes"},"schema":{"@context":"https:\/\/schema.org","@graph":[{"@type":"WebPage","@id":"https:\/\/nuevo-renacer.com\/la-vida-en-los-mundos-superiores\/","url":"https:\/\/nuevo-renacer.com\/la-vida-en-los-mundos-superiores\/","name":"La vida en los mundos superiores - Uni\u00f3n Esp\u00edrita","isPartOf":{"@id":"https:\/\/nuevo-renacer.com\/#website"},"primaryImageOfPage":{"@id":"https:\/\/nuevo-renacer.com\/la-vida-en-los-mundos-superiores\/#primaryimage"},"image":{"@id":"https:\/\/nuevo-renacer.com\/la-vida-en-los-mundos-superiores\/#primaryimage"},"thumbnailUrl":"https:\/\/nuevo-renacer.com\/wp-content\/uploads\/2024\/07\/l7JSnggJxUgMtsBMM0J8-4-y5alv.webp","datePublished":"2024-07-10T08:56:11+00:00","dateModified":"2024-12-21T09:19:18+00:00","breadcrumb":{"@id":"https:\/\/nuevo-renacer.com\/la-vida-en-los-mundos-superiores\/#breadcrumb"},"inLanguage":"fr-FR","potentialAction":[{"@type":"ReadAction","target":["https:\/\/nuevo-renacer.com\/la-vida-en-los-mundos-superiores\/"]}]},{"@type":"ImageObject","inLanguage":"fr-FR","@id":"https:\/\/nuevo-renacer.com\/la-vida-en-los-mundos-superiores\/#primaryimage","url":"https:\/\/nuevo-renacer.com\/wp-content\/uploads\/2024\/07\/l7JSnggJxUgMtsBMM0J8-4-y5alv.webp","contentUrl":"https:\/\/nuevo-renacer.com\/wp-content\/uploads\/2024\/07\/l7JSnggJxUgMtsBMM0J8-4-y5alv.webp","width":1152,"height":896},{"@type":"BreadcrumbList","@id":"https:\/\/nuevo-renacer.com\/la-vida-en-los-mundos-superiores\/#breadcrumb","itemListElement":[{"@type":"ListItem","position":1,"name":"Startseite","item":"https:\/\/nuevo-renacer.com\/"},{"@type":"ListItem","position":2,"name":"La vida en los mundos superiores"}]},{"@type":"WebSite","@id":"https:\/\/nuevo-renacer.com\/#website","url":"https:\/\/nuevo-renacer.com\/","name":"Uni\u00f3n Esp\u00edrita","description":"Nuevo Renacer","publisher":{"@id":"https:\/\/nuevo-renacer.com\/#organization"},"potentialAction":[{"@type":"SearchAction","target":{"@type":"EntryPoint","urlTemplate":"https:\/\/nuevo-renacer.com\/?s={search_term_string}"},"query-input":{"@type":"PropertyValueSpecification","valueRequired":true,"valueName":"search_term_string"}}],"inLanguage":"fr-FR"},{"@type":"Organization","@id":"https:\/\/nuevo-renacer.com\/#organization","name":"UFEC","url":"https:\/\/nuevo-renacer.com\/","logo":{"@type":"ImageObject","inLanguage":"fr-FR","@id":"https:\/\/nuevo-renacer.com\/#\/schema\/logo\/image\/","url":"https:\/\/nuevo-renacer.com\/wp-content\/uploads\/2024\/05\/cropped-LOGO-TERMINADO1-3-3.png","contentUrl":"https:\/\/nuevo-renacer.com\/wp-content\/uploads\/2024\/05\/cropped-LOGO-TERMINADO1-3-3.png","width":512,"height":512,"caption":"UFEC"},"image":{"@id":"https:\/\/nuevo-renacer.com\/#\/schema\/logo\/image\/"},"sameAs":["https:\/\/www.facebook.com\/groups\/3431398063740829"]}]}},"uagb_featured_image_src":{"full":["https:\/\/nuevo-renacer.com\/wp-content\/uploads\/2024\/07\/l7JSnggJxUgMtsBMM0J8-4-y5alv.webp",1152,896,false],"thumbnail":["https:\/\/nuevo-renacer.com\/wp-content\/uploads\/2024\/07\/l7JSnggJxUgMtsBMM0J8-4-y5alv-150x150.webp",150,150,true],"medium":["https:\/\/nuevo-renacer.com\/wp-content\/uploads\/2024\/07\/l7JSnggJxUgMtsBMM0J8-4-y5alv-300x233.webp",300,233,true],"medium_large":["https:\/\/nuevo-renacer.com\/wp-content\/uploads\/2024\/07\/l7JSnggJxUgMtsBMM0J8-4-y5alv-768x597.webp",768,597,true],"large":["https:\/\/nuevo-renacer.com\/wp-content\/uploads\/2024\/07\/l7JSnggJxUgMtsBMM0J8-4-y5alv-1024x796.webp",1024,796,true],"1536x1536":["https:\/\/nuevo-renacer.com\/wp-content\/uploads\/2024\/07\/l7JSnggJxUgMtsBMM0J8-4-y5alv.webp",1152,896,false],"2048x2048":["https:\/\/nuevo-renacer.com\/wp-content\/uploads\/2024\/07\/l7JSnggJxUgMtsBMM0J8-4-y5alv.webp",1152,896,false],"trp-custom-language-flag":["https:\/\/nuevo-renacer.com\/wp-content\/uploads\/2024\/07\/l7JSnggJxUgMtsBMM0J8-4-y5alv-15x12.webp",15,12,true]},"uagb_author_info":{"display_name":"adbv0","author_link":"https:\/\/nuevo-renacer.com\/fr\/author\/adbv0\/"},"uagb_comment_info":0,"uagb_excerpt":"La vida en los mundos superiores Del libro: El Evangelio seg\u00fan el espiritismo \u2013 Allan Kardec En los mundos que han llegado a un grado superior, las condiciones de la vida moral y material son muy distintas a las de los mundos inferiores. Incluso difieren de las condiciones propias de la Tierra. Si bien la\u2026","jetpack_sharing_enabled":true,"_links":{"self":[{"href":"https:\/\/nuevo-renacer.com\/fr\/wp-json\/wp\/v2\/pages\/3556","targetHints":{"allow":["GET"]}}],"collection":[{"href":"https:\/\/nuevo-renacer.com\/fr\/wp-json\/wp\/v2\/pages"}],"about":[{"href":"https:\/\/nuevo-renacer.com\/fr\/wp-json\/wp\/v2\/types\/page"}],"author":[{"embeddable":true,"href":"https:\/\/nuevo-renacer.com\/fr\/wp-json\/wp\/v2\/users\/1"}],"replies":[{"embeddable":true,"href":"https:\/\/nuevo-renacer.com\/fr\/wp-json\/wp\/v2\/comments?post=3556"}],"version-history":[{"count":3,"href":"https:\/\/nuevo-renacer.com\/fr\/wp-json\/wp\/v2\/pages\/3556\/revisions"}],"predecessor-version":[{"id":6591,"href":"https:\/\/nuevo-renacer.com\/fr\/wp-json\/wp\/v2\/pages\/3556\/revisions\/6591"}],"wp:featuredmedia":[{"embeddable":true,"href":"https:\/\/nuevo-renacer.com\/fr\/wp-json\/wp\/v2\/media\/3557"}],"wp:attachment":[{"href":"https:\/\/nuevo-renacer.com\/fr\/wp-json\/wp\/v2\/media?parent=3556"}],"curies":[{"name":"wp","href":"https:\/\/api.w.org\/{rel}","templated":true}]}}