{"id":3551,"date":"2024-07-10T08:30:04","date_gmt":"2024-07-10T08:30:04","guid":{"rendered":"https:\/\/ufec-mundial.com\/?page_id=3551"},"modified":"2025-01-08T08:46:30","modified_gmt":"2025-01-08T08:46:30","slug":"mundos-regeneradores","status":"publish","type":"page","link":"https:\/\/nuevo-renacer.com\/fr\/mundos-regeneradores\/","title":{"rendered":"Mondes r\u00e9g\u00e9n\u00e9rateurs"},"content":{"rendered":"<div class=\"wp-block-uagb-container uagb-block-dc9ed871 alignfull uagb-is-root-container\"><div class=\"uagb-container-inner-blocks-wrap\">\n<p class=\"has-black-color has-text-color has-link-color has-medium-font-size wp-elements-a08d5cad2d32bee110aa5a2209acf9b8\"><strong>Mondes r\u00e9g\u00e9n\u00e9rateurs<\/strong><\/p>\n\n\n\n<p class=\"has-black-color has-text-color has-link-color has-medium-font-size wp-elements-37d3320206a9b8afa52629819a26401a\"><strong>Extrait du livre: L&#039;Evangile selon le spiritisme \u2013 Allan Kardec<\/strong><\/p>\n<\/div><\/div>\n\n\n\n<div class=\"wp-block-uagb-container uagb-block-644002fc alignfull uagb-is-root-container\"><div class=\"uagb-container-inner-blocks-wrap\">\n<figure class=\"wp-block-image size-large is-resized\"><img fetchpriority=\"high\" decoding=\"async\" width=\"1024\" height=\"728\" src=\"https:\/\/ufec-mundial.com\/wp-content\/uploads\/2024\/07\/1-1-1024x728.jpg\" alt=\"\" class=\"wp-image-3552\" style=\"width:383px;height:auto\" srcset=\"https:\/\/nuevo-renacer.com\/wp-content\/uploads\/2024\/07\/1-1-1024x728.jpg 1024w, https:\/\/nuevo-renacer.com\/wp-content\/uploads\/2024\/07\/1-1-300x213.jpg 300w, https:\/\/nuevo-renacer.com\/wp-content\/uploads\/2024\/07\/1-1-768x546.jpg 768w, https:\/\/nuevo-renacer.com\/wp-content\/uploads\/2024\/07\/1-1-18x12.jpg 18w, https:\/\/nuevo-renacer.com\/wp-content\/uploads\/2024\/07\/1-1.jpg 1200w\" sizes=\"(max-width: 1024px) 100vw, 1024px\" \/><\/figure>\n<\/div><\/div>\n\n\n\n<div class=\"wp-block-uagb-container uagb-block-7bb63e44 alignfull uagb-is-root-container\"><div class=\"uagb-container-inner-blocks-wrap\">\n<p class=\"has-black-color has-text-color has-link-color has-small-font-size wp-elements-72e1223891d8665b6a54eed072c36d59\">Parmi ces \u00e9toiles qui brillent dans la vo\u00fbte bleue du ciel, combien de mondes, il y aura, comme la v\u00f4tre, destin\u00e9s par le Seigneur de l&#039;expiation et de la preuve! Dans l&#039;ensemble, il y a aussi plus mis\u00e9rable, et le meilleur, aussi bien qu&#039;il sont transitoires, et que nous pourrions appeler r\u00e9g\u00e9n\u00e9rateurs. Chaque tourbillon plan\u00e9taire, le d\u00e9placement dans l&#039;espace autour d&#039;un centre commun, porte avec elle ses mondes primitifs, de l&#039;exil, de proc\u00e8s, de r\u00e9g\u00e9n\u00e9ration et de bonheur. Il a parl\u00e9 de ces mondes dans lequel est situ\u00e9 l&#039;\u00e2me \u00e0 un nouveau-n\u00e9, quand il ignore encore aujourd&#039;hui le bien et le mal, mais avec la possibilit\u00e9 de marcher vers Dieu, propri\u00e9taire de lui-m\u00eame, dans la possession de son libre arbitre. Vous avez dit aussi comment large, ce sont les puissances qui ont \u00e9t\u00e9 rev\u00eatus de l&#039;\u00e2me \u00e0 faire le bien. Toutefois, malheureusement, il y a des \u00e2mes qui succombent, et que Dieu ne veut pas aniquilarlas, leur permet d&#039;aller \u00e0 ces mondes dans lesquels, \u00e0 partir de l&#039;incarnation de l&#039;incarnation, purifi\u00e9e et r\u00e9g\u00e9n\u00e9r\u00e9e, de retour digne de la gloire \u00e0 laquelle ils sont destin\u00e9s.<\/p>\n\n\n\n<p class=\"has-black-color has-text-color has-link-color has-small-font-size wp-elements-f8015b70d0e3134206a5a5dd49393f15\">Les mondes de r\u00e9g\u00e9n\u00e9ration servent de transition entre les mondes de l&#039;expiation et les mondes heureux. L&#039;\u00e2me qui se repent trouv\u00e9 le calme et le repos, comme il conclut sa purification. Il ne fait Aucun doute que, dans ces mondes, l&#039;homme est toujours soumis aux lois qui r\u00e9gissent la mati\u00e8re. L&#039;humanit\u00e9 des exp\u00e9riences des sensations et des d\u00e9sirs que la v\u00f4tre, mais est lib\u00e9r\u00e9 de le d\u00e9r\u00e8glement des passions de ceux qui sont esclaves. Il n&#039;existe pas d\u00e9j\u00e0, la fiert\u00e9 qui a ferm\u00e9 le coeur, l&#039;envie, la torture et la haine qui se noie lui. Le mot amour est \u00e9crit sur tous les fronts. L&#039;\u00e9quit\u00e9 en plein conseil des relations sociales. Tous les connaissance de Dieu et de chercher \u00e0 r\u00e9soudre par l&#039;application de ses lois.<\/p>\n\n\n\n<p class=\"has-black-color has-text-color has-link-color has-small-font-size wp-elements-40b80e606f087bdfa9aedcdcd087b91f\">Tous dans tous les, dans ces mondes il n&#039;y a toujours pas de bonheur parfait, mais l&#039;aube du bonheur. L&#039;homme est encore de la viande, et, par cons\u00e9quent, est sujette aux vicissitudes dont seuls sont exempt\u00e9s les \u00eatres compl\u00e8tement d\u00e9mat\u00e9rialis\u00e9. Encore subir des tests, mais sans la forte angoisse de l&#039;expiation. Ces mondes, par rapport \u00e0 la Terre, sont tr\u00e8s heureux, et beaucoup d&#039;entre vous, vous serait satisfait d&#039;y rester, car elles repr\u00e9sentent le calme apr\u00e8s la temp\u00eate, la convalescence apr\u00e8s une maladie cruelle. En eux, l&#039;homme, moins absorb\u00e9 par les choses mat\u00e9rielles, on entrevoit mieux que vous dans l&#039;avenir; elle comprend qu&#039;il y a d&#039;autres plaisirs que le Seigneur promet \u00e0 ceux qui se qualifient pour eux, quand la mort a r\u00e9duit leur corps pour leur donner la vraie vie. Puis, l&#039;\u00e2me, le libre arbitre voler au-dessus de tous les horizons. Vous n&#039;aurez pas de sens mat\u00e9riels et grossiers, mais le sens d&#039;un periesp\u00edritu pure et c\u00e9leste, qui aspire \u00e0 la \u00e9manations de Dieu dans les ar\u00f4mes de l&#039;amour et de la charit\u00e9, qui d\u00e9coulent de votre sein.<\/p>\n\n\n\n<p class=\"has-black-color has-text-color has-link-color has-small-font-size wp-elements-3b44c3c79e74978e58d9a9ada4f9eb1d\">Toutefois, malheureusement, dans les mondes que l&#039;homme est faillible, et l&#039;esprit du mal n&#039;a pas compl\u00e8tement perdu son domaine. Pas \u00e0 l&#039;avance est \u00e9quivalent \u00e0 reculer, et si l&#039;homme de ne pas tenir ferme sur le chemin de la bonne, vous pouvez revenir \u00e0 l&#039;automne dans les mondes de l&#039;expiation, o\u00f9 nous nous attendons \u00e0 de nouvelles et plus terribles \u00e9preuves.<\/p>\n\n\n\n<p class=\"has-black-color has-text-color has-link-color has-small-font-size wp-elements-9a9bd338573cf6c363fc1e2af78727b1\">Voici, alors, que la vo\u00fbte est bleu, la nuit, les heures de repos et de pri\u00e8re. Alors, face \u00e0 ces innombrables sph\u00e8res qui brillent sur vos t\u00eates, preguntaos ceux qui sont qui m\u00e8nent \u00e0 Dieu, et prie pour un monde r\u00e9g\u00e9n\u00e9r\u00e9 os ouvrir son ventre apr\u00e8s l&#039;expiation dans la Terre. (Saint-Augustin. Paris, 1862.)<\/p>\n<\/div><\/div>\n\n\n\n<div class=\"wp-block-uagb-container uagb-block-f0ad840c alignfull uagb-is-root-container\"><div class=\"uagb-container-inner-blocks-wrap\"><\/div><\/div>\n\n\n\n<div class=\"wp-block-uagb-container uagb-block-8fe8d16a alignfull uagb-is-root-container\"><div class=\"uagb-container-inner-blocks-wrap\"><\/div><\/div>","protected":false},"excerpt":{"rendered":"<p>Mundos regeneradores Del libro: El Evangelio seg\u00fan el espiritismo \u2013 Allan Kardec Entre esas estrellas que resplandecen en la b\u00f3veda azulada del firmamento, \u00a1cu\u00e1ntos mundos habr\u00e1, como el vuestro, destinados por el Se\u00f1or a la expiaci\u00f3n y la prueba! Con todo, tambi\u00e9n los hay m\u00e1s miserables, y mejores, as\u00ed como los hay transitorios, que podemos [&hellip;]<\/p>","protected":false},"author":1,"featured_media":3552,"parent":0,"menu_order":0,"comment_status":"closed","ping_status":"closed","template":"","meta":{"_uag_custom_page_level_css":"","site-sidebar-layout":"default","site-content-layout":"","ast-site-content-layout":"default","site-content-style":"default","site-sidebar-style":"default","ast-global-header-display":"","ast-banner-title-visibility":"","ast-main-header-display":"","ast-hfb-above-header-display":"","ast-hfb-below-header-display":"","ast-hfb-mobile-header-display":"","site-post-title":"disabled","ast-breadcrumbs-content":"","ast-featured-img":"","footer-sml-layout":"","theme-transparent-header-meta":"","adv-header-id-meta":"","stick-header-meta":"","header-above-stick-meta":"","header-main-stick-meta":"","header-below-stick-meta":"","astra-migrate-meta-layouts":"set","ast-page-background-enabled":"default","ast-page-background-meta":{"desktop":{"background-color":"var(--ast-global-color-4)","background-image":"","background-repeat":"repeat","background-position":"center center","background-size":"auto","background-attachment":"scroll","background-type":"","background-media":"","overlay-type":"","overlay-color":"","overlay-opacity":"","overlay-gradient":""},"tablet":{"background-color":"","background-image":"","background-repeat":"repeat","background-position":"center center","background-size":"auto","background-attachment":"scroll","background-type":"","background-media":"","overlay-type":"","overlay-color":"","overlay-opacity":"","overlay-gradient":""},"mobile":{"background-color":"","background-image":"","background-repeat":"repeat","background-position":"center center","background-size":"auto","background-attachment":"scroll","background-type":"","background-media":"","overlay-type":"","overlay-color":"","overlay-opacity":"","overlay-gradient":""}},"ast-content-background-meta":{"desktop":{"background-color":"var(--ast-global-color-5)","background-image":"","background-repeat":"repeat","background-position":"center center","background-size":"auto","background-attachment":"scroll","background-type":"","background-media":"","overlay-type":"","overlay-color":"","overlay-opacity":"","overlay-gradient":""},"tablet":{"background-color":"var(--ast-global-color-5)","background-image":"","background-repeat":"repeat","background-position":"center center","background-size":"auto","background-attachment":"scroll","background-type":"","background-media":"","overlay-type":"","overlay-color":"","overlay-opacity":"","overlay-gradient":""},"mobile":{"background-color":"var(--ast-global-color-5)","background-image":"","background-repeat":"repeat","background-position":"center center","background-size":"auto","background-attachment":"scroll","background-type":"","background-media":"","overlay-type":"","overlay-color":"","overlay-opacity":"","overlay-gradient":""}},"footnotes":""},"class_list":["post-3551","page","type-page","status-publish","has-post-thumbnail","hentry"],"yoast_head":"<!-- This site is optimized with the Yoast SEO Premium plugin v24.2 (Yoast SEO v24.6) - https:\/\/yoast.com\/wordpress\/plugins\/seo\/ -->\n<title>Mundos regeneradores - Uni\u00f3n Esp\u00edrita<\/title>\n<meta name=\"robots\" content=\"index, follow, max-snippet:-1, max-image-preview:large, max-video-preview:-1\" \/>\n<link rel=\"canonical\" href=\"https:\/\/nuevo-renacer.com\/fr\/mundos-regeneradores\/\" \/>\n<meta property=\"og:locale\" content=\"fr_FR\" \/>\n<meta property=\"og:type\" content=\"article\" \/>\n<meta property=\"og:title\" content=\"Mundos regeneradores\" \/>\n<meta property=\"og:description\" content=\"Mundos regeneradores Del libro: El Evangelio seg\u00fan el espiritismo \u2013 Allan Kardec Entre esas estrellas que resplandecen en la b\u00f3veda azulada del firmamento, \u00a1cu\u00e1ntos mundos habr\u00e1, como el vuestro, destinados por el Se\u00f1or a la expiaci\u00f3n y la prueba! Con todo, tambi\u00e9n los hay m\u00e1s miserables, y mejores, as\u00ed como los hay transitorios, que podemos [&hellip;]\" \/>\n<meta property=\"og:url\" content=\"https:\/\/nuevo-renacer.com\/fr\/mundos-regeneradores\/\" \/>\n<meta property=\"og:site_name\" content=\"Uni\u00f3n Esp\u00edrita\" \/>\n<meta property=\"article:publisher\" content=\"https:\/\/www.facebook.com\/groups\/3431398063740829\" \/>\n<meta property=\"article:modified_time\" content=\"2025-01-08T08:46:30+00:00\" \/>\n<meta property=\"og:image\" content=\"https:\/\/nuevo-renacer.com\/wp-content\/uploads\/2024\/07\/1-1.jpg\" \/>\n\t<meta property=\"og:image:width\" content=\"1200\" \/>\n\t<meta property=\"og:image:height\" content=\"853\" \/>\n\t<meta property=\"og:image:type\" content=\"image\/jpeg\" \/>\n<meta name=\"twitter:card\" content=\"summary_large_image\" \/>\n<meta name=\"twitter:label1\" content=\"Dur\u00e9e de lecture estim\u00e9e\" \/>\n\t<meta name=\"twitter:data1\" content=\"3 minutes\" \/>\n<script type=\"application\/ld+json\" class=\"yoast-schema-graph\">{\"@context\":\"https:\/\/schema.org\",\"@graph\":[{\"@type\":\"WebPage\",\"@id\":\"https:\/\/nuevo-renacer.com\/mundos-regeneradores\/\",\"url\":\"https:\/\/nuevo-renacer.com\/mundos-regeneradores\/\",\"name\":\"Mundos regeneradores - Uni\u00f3n Esp\u00edrita\",\"isPartOf\":{\"@id\":\"https:\/\/nuevo-renacer.com\/#website\"},\"primaryImageOfPage\":{\"@id\":\"https:\/\/nuevo-renacer.com\/mundos-regeneradores\/#primaryimage\"},\"image\":{\"@id\":\"https:\/\/nuevo-renacer.com\/mundos-regeneradores\/#primaryimage\"},\"thumbnailUrl\":\"https:\/\/nuevo-renacer.com\/wp-content\/uploads\/2024\/07\/1-1.jpg\",\"datePublished\":\"2024-07-10T08:30:04+00:00\",\"dateModified\":\"2025-01-08T08:46:30+00:00\",\"breadcrumb\":{\"@id\":\"https:\/\/nuevo-renacer.com\/mundos-regeneradores\/#breadcrumb\"},\"inLanguage\":\"fr-FR\",\"potentialAction\":[{\"@type\":\"ReadAction\",\"target\":[\"https:\/\/nuevo-renacer.com\/mundos-regeneradores\/\"]}]},{\"@type\":\"ImageObject\",\"inLanguage\":\"fr-FR\",\"@id\":\"https:\/\/nuevo-renacer.com\/mundos-regeneradores\/#primaryimage\",\"url\":\"https:\/\/nuevo-renacer.com\/wp-content\/uploads\/2024\/07\/1-1.jpg\",\"contentUrl\":\"https:\/\/nuevo-renacer.com\/wp-content\/uploads\/2024\/07\/1-1.jpg\",\"width\":1200,\"height\":853},{\"@type\":\"BreadcrumbList\",\"@id\":\"https:\/\/nuevo-renacer.com\/mundos-regeneradores\/#breadcrumb\",\"itemListElement\":[{\"@type\":\"ListItem\",\"position\":1,\"name\":\"Startseite\",\"item\":\"https:\/\/nuevo-renacer.com\/\"},{\"@type\":\"ListItem\",\"position\":2,\"name\":\"Mundos regeneradores\"}]},{\"@type\":\"WebSite\",\"@id\":\"https:\/\/nuevo-renacer.com\/#website\",\"url\":\"https:\/\/nuevo-renacer.com\/\",\"name\":\"Uni\u00f3n Esp\u00edrita\",\"description\":\"Nuevo Renacer\",\"publisher\":{\"@id\":\"https:\/\/nuevo-renacer.com\/#organization\"},\"potentialAction\":[{\"@type\":\"SearchAction\",\"target\":{\"@type\":\"EntryPoint\",\"urlTemplate\":\"https:\/\/nuevo-renacer.com\/?s={search_term_string}\"},\"query-input\":{\"@type\":\"PropertyValueSpecification\",\"valueRequired\":true,\"valueName\":\"search_term_string\"}}],\"inLanguage\":\"fr-FR\"},{\"@type\":\"Organization\",\"@id\":\"https:\/\/nuevo-renacer.com\/#organization\",\"name\":\"UFEC\",\"url\":\"https:\/\/nuevo-renacer.com\/\",\"logo\":{\"@type\":\"ImageObject\",\"inLanguage\":\"fr-FR\",\"@id\":\"https:\/\/nuevo-renacer.com\/#\/schema\/logo\/image\/\",\"url\":\"https:\/\/nuevo-renacer.com\/wp-content\/uploads\/2024\/05\/cropped-LOGO-TERMINADO1-3-3.png\",\"contentUrl\":\"https:\/\/nuevo-renacer.com\/wp-content\/uploads\/2024\/05\/cropped-LOGO-TERMINADO1-3-3.png\",\"width\":512,\"height\":512,\"caption\":\"UFEC\"},\"image\":{\"@id\":\"https:\/\/nuevo-renacer.com\/#\/schema\/logo\/image\/\"},\"sameAs\":[\"https:\/\/www.facebook.com\/groups\/3431398063740829\"]}]}<\/script>\n<!-- \/ Yoast SEO Premium plugin. -->","yoast_head_json":{"title":"Mundos regeneradores - Uni\u00f3n Esp\u00edrita","robots":{"index":"index","follow":"follow","max-snippet":"max-snippet:-1","max-image-preview":"max-image-preview:large","max-video-preview":"max-video-preview:-1"},"canonical":"https:\/\/nuevo-renacer.com\/fr\/mundos-regeneradores\/","og_locale":"fr_FR","og_type":"article","og_title":"Mundos regeneradores","og_description":"Mundos regeneradores Del libro: El Evangelio seg\u00fan el espiritismo \u2013 Allan Kardec Entre esas estrellas que resplandecen en la b\u00f3veda azulada del firmamento, \u00a1cu\u00e1ntos mundos habr\u00e1, como el vuestro, destinados por el Se\u00f1or a la expiaci\u00f3n y la prueba! Con todo, tambi\u00e9n los hay m\u00e1s miserables, y mejores, as\u00ed como los hay transitorios, que podemos [&hellip;]","og_url":"https:\/\/nuevo-renacer.com\/fr\/mundos-regeneradores\/","og_site_name":"Uni\u00f3n Esp\u00edrita","article_publisher":"https:\/\/www.facebook.com\/groups\/3431398063740829","article_modified_time":"2025-01-08T08:46:30+00:00","og_image":[{"width":1200,"height":853,"url":"https:\/\/nuevo-renacer.com\/wp-content\/uploads\/2024\/07\/1-1.jpg","type":"image\/jpeg"}],"twitter_card":"summary_large_image","twitter_misc":{"Dur\u00e9e de lecture estim\u00e9e":"3 minutes"},"schema":{"@context":"https:\/\/schema.org","@graph":[{"@type":"WebPage","@id":"https:\/\/nuevo-renacer.com\/mundos-regeneradores\/","url":"https:\/\/nuevo-renacer.com\/mundos-regeneradores\/","name":"Mundos regeneradores - Uni\u00f3n Esp\u00edrita","isPartOf":{"@id":"https:\/\/nuevo-renacer.com\/#website"},"primaryImageOfPage":{"@id":"https:\/\/nuevo-renacer.com\/mundos-regeneradores\/#primaryimage"},"image":{"@id":"https:\/\/nuevo-renacer.com\/mundos-regeneradores\/#primaryimage"},"thumbnailUrl":"https:\/\/nuevo-renacer.com\/wp-content\/uploads\/2024\/07\/1-1.jpg","datePublished":"2024-07-10T08:30:04+00:00","dateModified":"2025-01-08T08:46:30+00:00","breadcrumb":{"@id":"https:\/\/nuevo-renacer.com\/mundos-regeneradores\/#breadcrumb"},"inLanguage":"fr-FR","potentialAction":[{"@type":"ReadAction","target":["https:\/\/nuevo-renacer.com\/mundos-regeneradores\/"]}]},{"@type":"ImageObject","inLanguage":"fr-FR","@id":"https:\/\/nuevo-renacer.com\/mundos-regeneradores\/#primaryimage","url":"https:\/\/nuevo-renacer.com\/wp-content\/uploads\/2024\/07\/1-1.jpg","contentUrl":"https:\/\/nuevo-renacer.com\/wp-content\/uploads\/2024\/07\/1-1.jpg","width":1200,"height":853},{"@type":"BreadcrumbList","@id":"https:\/\/nuevo-renacer.com\/mundos-regeneradores\/#breadcrumb","itemListElement":[{"@type":"ListItem","position":1,"name":"Startseite","item":"https:\/\/nuevo-renacer.com\/"},{"@type":"ListItem","position":2,"name":"Mundos regeneradores"}]},{"@type":"WebSite","@id":"https:\/\/nuevo-renacer.com\/#website","url":"https:\/\/nuevo-renacer.com\/","name":"Uni\u00f3n Esp\u00edrita","description":"Nuevo Renacer","publisher":{"@id":"https:\/\/nuevo-renacer.com\/#organization"},"potentialAction":[{"@type":"SearchAction","target":{"@type":"EntryPoint","urlTemplate":"https:\/\/nuevo-renacer.com\/?s={search_term_string}"},"query-input":{"@type":"PropertyValueSpecification","valueRequired":true,"valueName":"search_term_string"}}],"inLanguage":"fr-FR"},{"@type":"Organization","@id":"https:\/\/nuevo-renacer.com\/#organization","name":"UFEC","url":"https:\/\/nuevo-renacer.com\/","logo":{"@type":"ImageObject","inLanguage":"fr-FR","@id":"https:\/\/nuevo-renacer.com\/#\/schema\/logo\/image\/","url":"https:\/\/nuevo-renacer.com\/wp-content\/uploads\/2024\/05\/cropped-LOGO-TERMINADO1-3-3.png","contentUrl":"https:\/\/nuevo-renacer.com\/wp-content\/uploads\/2024\/05\/cropped-LOGO-TERMINADO1-3-3.png","width":512,"height":512,"caption":"UFEC"},"image":{"@id":"https:\/\/nuevo-renacer.com\/#\/schema\/logo\/image\/"},"sameAs":["https:\/\/www.facebook.com\/groups\/3431398063740829"]}]}},"uagb_featured_image_src":{"full":["https:\/\/nuevo-renacer.com\/wp-content\/uploads\/2024\/07\/1-1.jpg",1200,853,false],"thumbnail":["https:\/\/nuevo-renacer.com\/wp-content\/uploads\/2024\/07\/1-1-150x150.jpg",150,150,true],"medium":["https:\/\/nuevo-renacer.com\/wp-content\/uploads\/2024\/07\/1-1-300x213.jpg",300,213,true],"medium_large":["https:\/\/nuevo-renacer.com\/wp-content\/uploads\/2024\/07\/1-1-768x546.jpg",768,546,true],"large":["https:\/\/nuevo-renacer.com\/wp-content\/uploads\/2024\/07\/1-1-1024x728.jpg",1024,728,true],"1536x1536":["https:\/\/nuevo-renacer.com\/wp-content\/uploads\/2024\/07\/1-1.jpg",1200,853,false],"2048x2048":["https:\/\/nuevo-renacer.com\/wp-content\/uploads\/2024\/07\/1-1.jpg",1200,853,false],"trp-custom-language-flag":["https:\/\/nuevo-renacer.com\/wp-content\/uploads\/2024\/07\/1-1-18x12.jpg",18,12,true]},"uagb_author_info":{"display_name":"adbv0","author_link":"https:\/\/nuevo-renacer.com\/fr\/author\/adbv0\/"},"uagb_comment_info":0,"uagb_excerpt":"Mundos regeneradores Del libro: El Evangelio seg\u00fan el espiritismo \u2013 Allan Kardec Entre esas estrellas que resplandecen en la b\u00f3veda azulada del firmamento, \u00a1cu\u00e1ntos mundos habr\u00e1, como el vuestro, destinados por el Se\u00f1or a la expiaci\u00f3n y la prueba! Con todo, tambi\u00e9n los hay m\u00e1s miserables, y mejores, as\u00ed como los hay transitorios, que podemos\u2026","jetpack_sharing_enabled":true,"_links":{"self":[{"href":"https:\/\/nuevo-renacer.com\/fr\/wp-json\/wp\/v2\/pages\/3551","targetHints":{"allow":["GET"]}}],"collection":[{"href":"https:\/\/nuevo-renacer.com\/fr\/wp-json\/wp\/v2\/pages"}],"about":[{"href":"https:\/\/nuevo-renacer.com\/fr\/wp-json\/wp\/v2\/types\/page"}],"author":[{"embeddable":true,"href":"https:\/\/nuevo-renacer.com\/fr\/wp-json\/wp\/v2\/users\/1"}],"replies":[{"embeddable":true,"href":"https:\/\/nuevo-renacer.com\/fr\/wp-json\/wp\/v2\/comments?post=3551"}],"version-history":[{"count":2,"href":"https:\/\/nuevo-renacer.com\/fr\/wp-json\/wp\/v2\/pages\/3551\/revisions"}],"predecessor-version":[{"id":6702,"href":"https:\/\/nuevo-renacer.com\/fr\/wp-json\/wp\/v2\/pages\/3551\/revisions\/6702"}],"wp:featuredmedia":[{"embeddable":true,"href":"https:\/\/nuevo-renacer.com\/fr\/wp-json\/wp\/v2\/media\/3552"}],"wp:attachment":[{"href":"https:\/\/nuevo-renacer.com\/fr\/wp-json\/wp\/v2\/media?parent=3551"}],"curies":[{"name":"wp","href":"https:\/\/api.w.org\/{rel}","templated":true}]}}