{"id":3520,"date":"2024-07-10T06:34:34","date_gmt":"2024-07-10T06:34:34","guid":{"rendered":"https:\/\/ufec-mundial.com\/?page_id=3520"},"modified":"2024-12-18T13:19:21","modified_gmt":"2024-12-18T13:19:21","slug":"el-progreso-de-los-espiritus","status":"publish","type":"page","link":"https:\/\/nuevo-renacer.com\/fr\/el-progreso-de-los-espiritus\/","title":{"rendered":"Le progr\u00e8s des Esprits"},"content":{"rendered":"<div class=\"wp-block-uagb-container uagb-block-3a885413 alignfull uagb-is-root-container\"><div class=\"uagb-container-inner-blocks-wrap\">\n<p class=\"has-vivid-cyan-blue-color has-text-color has-link-color has-medium-font-size wp-elements-a92066851ddb43f4221f7b909966f0c6\"><strong>Le progr\u00e8s des Esprits<\/strong><\/p>\n\n\n\n<p class=\"has-black-color has-text-color has-link-color has-medium-font-size wp-elements-770ef809e3b90d17d7d0c7368796b33f\"><strong>\u00e0 partir du livre: &#034;le Ciel et l&#039;Enfer \u2013 Allan Kardec<\/strong><\/p>\n<\/div><\/div>\n\n\n\n<div class=\"wp-block-uagb-container uagb-block-9f4ea667 alignfull uagb-is-root-container\"><div class=\"uagb-container-inner-blocks-wrap\">\n<figure class=\"wp-block-image size-full is-resized\"><img fetchpriority=\"high\" decoding=\"async\" width=\"800\" height=\"640\" src=\"https:\/\/ufec-mundial.com\/wp-content\/uploads\/2024\/07\/spiritual-cleansing-1.webp\" alt=\"\" class=\"wp-image-3525\" style=\"width:370px;height:auto\" srcset=\"https:\/\/nuevo-renacer.com\/wp-content\/uploads\/2024\/07\/spiritual-cleansing-1.webp 800w, https:\/\/nuevo-renacer.com\/wp-content\/uploads\/2024\/07\/spiritual-cleansing-1-300x240.webp 300w, https:\/\/nuevo-renacer.com\/wp-content\/uploads\/2024\/07\/spiritual-cleansing-1-768x614.webp 768w, https:\/\/nuevo-renacer.com\/wp-content\/uploads\/2024\/07\/spiritual-cleansing-1-15x12.webp 15w\" sizes=\"(max-width: 800px) 100vw, 800px\" \/><\/figure>\n<\/div><\/div>\n\n\n\n<div class=\"wp-block-uagb-container uagb-block-70b14122 alignfull uagb-is-root-container\"><div class=\"uagb-container-inner-blocks-wrap\">\n<p class=\"has-black-color has-text-color has-link-color has-small-font-size wp-elements-c536306e8a0c477e489daf41b94e1d50\">Les esprits sont cr\u00e9\u00e9s simples et ignorants, mais avec les comp\u00e9tences de progresser et d&#039;atteindre la perfection, en vertu de son libre arbitre. En utilisant les progr\u00e8s de la conqu\u00eate de nouveaux savoirs, de nouvelles comp\u00e9tences, de nouvelles perceptions et, par cons\u00e9quent, de nouveaux plaisirs qui sont ignor\u00e9s par les Esprits inf\u00e9rieurs. Voir, entendre, sentir et comprendre ce que les Esprits derri\u00e8re ne peut pas voir ou entendre, ce qu&#039;ils ne peuvent pas ressentir ou comprendre.<\/p>\n\n\n\n<p class=\"has-black-color has-text-color has-link-color has-small-font-size wp-elements-7eb68a4acc21a61b8795e60a5a3dfd9f\">Le bonheur est en relation avec les progr\u00e8s r\u00e9alis\u00e9s; en sorte que, de deux Esprits, l&#039;un d&#039;entre eux peut ne pas \u00eatre aussi heureux que les autres, juste pour le fait qu&#039;il ne s&#039;agit pas de la m\u00eame avance intellectuelle et morale, sans pour autant que n\u00e9cessaire pour \u00eatre de chacun dans un endroit diff\u00e9rent.<\/p>\n\n\n\n<p class=\"has-black-color has-text-color has-link-color has-small-font-size wp-elements-472b477966e9aab5fda3f639c062ea70\">M\u00eame si ils sont ensemble, on peut \u00eatre dans le milieu de l&#039;obscurit\u00e9, tandis qu&#039;autour de l&#039;autre, tout est brillant, ainsi qu&#039;une aveugle et quelqu&#039;un dou\u00e9 de la vue peut-\u00eatre pris la main, et la derni\u00e8re verra la lumi\u00e8re de laquelle la premi\u00e8re n&#039;a pas re\u00e7u le minimum de l&#039;impression.<\/p>\n\n\n\n<p class=\"has-black-color has-text-color has-link-color has-small-font-size wp-elements-05b5a8e8b5372bfd03466b62e582cc14\">\u00c9tant donn\u00e9 que le bonheur des Esprits est inh\u00e9rente \u00e0 leurs qualit\u00e9s, qu&#039;ils peuvent trouver l\u00e0 o\u00f9 ils sont, que ce soit sur la surface de la Terre, au milieu de l&#039;incarn\u00e9, ou dans l&#039;espace.<\/p>\n\n\n\n<p class=\"has-black-color has-text-color has-link-color has-small-font-size wp-elements-792c95918c754e5ced6ac0743a2831c6\">Une comparaison vulgaire va nous permettre de mieux comprendre cette situation. Supposons que le cas de deux hommes qui sont dans un concert. L&#039;un d&#039;eux est un bon musicien et a l&#039;oreille fine \u00e0 l&#039;\u00e9coute, et l&#039;autre ne dispose pas de formation musicale et leur audience est peu d\u00e9velopp\u00e9, c&#039;est pourquoi la premi\u00e8re chose que vous ferez l&#039;exp\u00e9rience d&#039;un sentiment de bonheur, tandis que le second restera insensible, puisque l&#039;on comprend et per\u00e7oit que les autres ne produit aucune impression. De la m\u00eame mani\u00e8re qu&#039;il se passe dans la connexion avec les jouissances de l&#039;esprit, qui d\u00e9pend de votre capacit\u00e9 \u00e0 obtenir un sentir pour eux. Le monde spirituel a splendeurs par toutes les parties, les harmonies et les sensations que les Esprits inf\u00e9rieurs, encore soumise \u00e0 l&#039;influence de la mati\u00e8re, ne pas voir, et qui ne sont accessibles que pour les Esprits purifi\u00e9s.<\/p>\n\n\n\n<p class=\"has-black-color has-text-color has-link-color has-small-font-size wp-elements-d8fc62cd8a2db3b369663aff790cdc50\">Le progr\u00e8s des Esprits est le r\u00e9sultat de son propre travail. Cependant, vous \u00eates libre, le travail au nom de leur avance, avec plus ou moins de la diligence, avec plus ou moins de la procrastination, selon sa volont\u00e9. De cette fa\u00e7on, la vitesse ou de ralentir sa progression, et, par cons\u00e9quent, de leur bonheur. Alors que certains se d\u00e9placer rapidement, d&#039;autres sont toujours en d\u00e9tention pendant de longs si\u00e8cles dans les cat\u00e9gories inf\u00e9rieures. Ils sont les architectes de leur propre situation, que ce soit heureux ou malheureux, en co\u00efncidence avec ces paroles du Christ: \u201c\u00c0 chacun selon ses \u0153uvres.\u201d L&#039;Esprit que le retard ne peut se plaindre de lui-m\u00eame, ainsi que les progr\u00e8s qu&#039;il a le m\u00e9rite exclusivement pour vos efforts, et c&#039;est pourquoi il appr\u00e9cie plus de bonheur conquis.<\/p>\n<\/div><\/div>\n\n\n\n<div class=\"wp-block-uagb-container uagb-block-affa294a alignfull uagb-is-root-container\"><div class=\"uagb-container-inner-blocks-wrap\"><\/div><\/div>\n\n\n\n<div class=\"wp-block-uagb-container uagb-block-0963d629 alignfull uagb-is-root-container\"><div class=\"uagb-container-inner-blocks-wrap\"><\/div><\/div>","protected":false},"excerpt":{"rendered":"<p>El progreso de los Esp\u00edritus del libro: El Cielo y el Infierno \u2013 Allan Kardec Los Esp\u00edritus son creados simples e ignorantes, pero con aptitudes para progresar y alcanzar la perfecci\u00f3n, en virtud de su libre albedr\u00edo. Mediante el progreso conquistan nuevos conocimientos, nuevas facultades, nuevas percepciones y, por consiguiente, nuevos goces que son ignorados [&hellip;]<\/p>","protected":false},"author":1,"featured_media":3544,"parent":0,"menu_order":0,"comment_status":"closed","ping_status":"closed","template":"","meta":{"_uag_custom_page_level_css":"","site-sidebar-layout":"default","site-content-layout":"","ast-site-content-layout":"default","site-content-style":"default","site-sidebar-style":"default","ast-global-header-display":"","ast-banner-title-visibility":"","ast-main-header-display":"","ast-hfb-above-header-display":"","ast-hfb-below-header-display":"","ast-hfb-mobile-header-display":"","site-post-title":"disabled","ast-breadcrumbs-content":"","ast-featured-img":"","footer-sml-layout":"","theme-transparent-header-meta":"","adv-header-id-meta":"","stick-header-meta":"","header-above-stick-meta":"","header-main-stick-meta":"","header-below-stick-meta":"","astra-migrate-meta-layouts":"set","ast-page-background-enabled":"default","ast-page-background-meta":{"desktop":{"background-color":"var(--ast-global-color-4)","background-image":"","background-repeat":"repeat","background-position":"center center","background-size":"auto","background-attachment":"scroll","background-type":"","background-media":"","overlay-type":"","overlay-color":"","overlay-opacity":"","overlay-gradient":""},"tablet":{"background-color":"","background-image":"","background-repeat":"repeat","background-position":"center center","background-size":"auto","background-attachment":"scroll","background-type":"","background-media":"","overlay-type":"","overlay-color":"","overlay-opacity":"","overlay-gradient":""},"mobile":{"background-color":"","background-image":"","background-repeat":"repeat","background-position":"center center","background-size":"auto","background-attachment":"scroll","background-type":"","background-media":"","overlay-type":"","overlay-color":"","overlay-opacity":"","overlay-gradient":""}},"ast-content-background-meta":{"desktop":{"background-color":"var(--ast-global-color-5)","background-image":"","background-repeat":"repeat","background-position":"center center","background-size":"auto","background-attachment":"scroll","background-type":"","background-media":"","overlay-type":"","overlay-color":"","overlay-opacity":"","overlay-gradient":""},"tablet":{"background-color":"var(--ast-global-color-5)","background-image":"","background-repeat":"repeat","background-position":"center center","background-size":"auto","background-attachment":"scroll","background-type":"","background-media":"","overlay-type":"","overlay-color":"","overlay-opacity":"","overlay-gradient":""},"mobile":{"background-color":"var(--ast-global-color-5)","background-image":"","background-repeat":"repeat","background-position":"center center","background-size":"auto","background-attachment":"scroll","background-type":"","background-media":"","overlay-type":"","overlay-color":"","overlay-opacity":"","overlay-gradient":""}},"footnotes":""},"class_list":["post-3520","page","type-page","status-publish","has-post-thumbnail","hentry"],"yoast_head":"<!-- This site is optimized with the Yoast SEO Premium plugin v24.2 (Yoast SEO v24.6) - https:\/\/yoast.com\/wordpress\/plugins\/seo\/ -->\n<title>El progreso de los Esp\u00edritus - Uni\u00f3n Esp\u00edrita<\/title>\n<meta name=\"robots\" content=\"index, follow, max-snippet:-1, max-image-preview:large, max-video-preview:-1\" \/>\n<link rel=\"canonical\" href=\"https:\/\/nuevo-renacer.com\/fr\/el-progreso-de-los-espiritus\/\" \/>\n<meta property=\"og:locale\" content=\"fr_FR\" \/>\n<meta property=\"og:type\" content=\"article\" \/>\n<meta property=\"og:title\" content=\"El progreso de los Esp\u00edritus\" \/>\n<meta property=\"og:description\" content=\"El progreso de los Esp\u00edritus del libro: El Cielo y el Infierno \u2013 Allan Kardec Los Esp\u00edritus son creados simples e ignorantes, pero con aptitudes para progresar y alcanzar la perfecci\u00f3n, en virtud de su libre albedr\u00edo. Mediante el progreso conquistan nuevos conocimientos, nuevas facultades, nuevas percepciones y, por consiguiente, nuevos goces que son ignorados [&hellip;]\" \/>\n<meta property=\"og:url\" content=\"https:\/\/nuevo-renacer.com\/fr\/el-progreso-de-los-espiritus\/\" \/>\n<meta property=\"og:site_name\" content=\"Uni\u00f3n Esp\u00edrita\" \/>\n<meta property=\"article:publisher\" content=\"https:\/\/www.facebook.com\/groups\/3431398063740829\" \/>\n<meta property=\"article:modified_time\" content=\"2024-12-18T13:19:21+00:00\" \/>\n<meta property=\"og:image\" content=\"https:\/\/nuevo-renacer.com\/wp-content\/uploads\/2024\/07\/spiritual-cleansing-2.webp\" \/>\n\t<meta property=\"og:image:width\" content=\"800\" \/>\n\t<meta property=\"og:image:height\" content=\"640\" \/>\n\t<meta property=\"og:image:type\" content=\"image\/webp\" \/>\n<meta name=\"twitter:card\" content=\"summary_large_image\" \/>\n<meta name=\"twitter:label1\" content=\"Dur\u00e9e de lecture estim\u00e9e\" \/>\n\t<meta name=\"twitter:data1\" content=\"3 minutes\" \/>\n<script type=\"application\/ld+json\" class=\"yoast-schema-graph\">{\"@context\":\"https:\/\/schema.org\",\"@graph\":[{\"@type\":\"WebPage\",\"@id\":\"https:\/\/nuevo-renacer.com\/el-progreso-de-los-espiritus\/\",\"url\":\"https:\/\/nuevo-renacer.com\/el-progreso-de-los-espiritus\/\",\"name\":\"El progreso de los Esp\u00edritus - Uni\u00f3n Esp\u00edrita\",\"isPartOf\":{\"@id\":\"https:\/\/nuevo-renacer.com\/#website\"},\"primaryImageOfPage\":{\"@id\":\"https:\/\/nuevo-renacer.com\/el-progreso-de-los-espiritus\/#primaryimage\"},\"image\":{\"@id\":\"https:\/\/nuevo-renacer.com\/el-progreso-de-los-espiritus\/#primaryimage\"},\"thumbnailUrl\":\"https:\/\/nuevo-renacer.com\/wp-content\/uploads\/2024\/07\/spiritual-cleansing-2.webp\",\"datePublished\":\"2024-07-10T06:34:34+00:00\",\"dateModified\":\"2024-12-18T13:19:21+00:00\",\"breadcrumb\":{\"@id\":\"https:\/\/nuevo-renacer.com\/el-progreso-de-los-espiritus\/#breadcrumb\"},\"inLanguage\":\"fr-FR\",\"potentialAction\":[{\"@type\":\"ReadAction\",\"target\":[\"https:\/\/nuevo-renacer.com\/el-progreso-de-los-espiritus\/\"]}]},{\"@type\":\"ImageObject\",\"inLanguage\":\"fr-FR\",\"@id\":\"https:\/\/nuevo-renacer.com\/el-progreso-de-los-espiritus\/#primaryimage\",\"url\":\"https:\/\/nuevo-renacer.com\/wp-content\/uploads\/2024\/07\/spiritual-cleansing-2.webp\",\"contentUrl\":\"https:\/\/nuevo-renacer.com\/wp-content\/uploads\/2024\/07\/spiritual-cleansing-2.webp\",\"width\":800,\"height\":640},{\"@type\":\"BreadcrumbList\",\"@id\":\"https:\/\/nuevo-renacer.com\/el-progreso-de-los-espiritus\/#breadcrumb\",\"itemListElement\":[{\"@type\":\"ListItem\",\"position\":1,\"name\":\"Startseite\",\"item\":\"https:\/\/nuevo-renacer.com\/\"},{\"@type\":\"ListItem\",\"position\":2,\"name\":\"El progreso de los Esp\u00edritus\"}]},{\"@type\":\"WebSite\",\"@id\":\"https:\/\/nuevo-renacer.com\/#website\",\"url\":\"https:\/\/nuevo-renacer.com\/\",\"name\":\"Uni\u00f3n Esp\u00edrita\",\"description\":\"Nuevo Renacer\",\"publisher\":{\"@id\":\"https:\/\/nuevo-renacer.com\/#organization\"},\"potentialAction\":[{\"@type\":\"SearchAction\",\"target\":{\"@type\":\"EntryPoint\",\"urlTemplate\":\"https:\/\/nuevo-renacer.com\/?s={search_term_string}\"},\"query-input\":{\"@type\":\"PropertyValueSpecification\",\"valueRequired\":true,\"valueName\":\"search_term_string\"}}],\"inLanguage\":\"fr-FR\"},{\"@type\":\"Organization\",\"@id\":\"https:\/\/nuevo-renacer.com\/#organization\",\"name\":\"UFEC\",\"url\":\"https:\/\/nuevo-renacer.com\/\",\"logo\":{\"@type\":\"ImageObject\",\"inLanguage\":\"fr-FR\",\"@id\":\"https:\/\/nuevo-renacer.com\/#\/schema\/logo\/image\/\",\"url\":\"https:\/\/nuevo-renacer.com\/wp-content\/uploads\/2024\/05\/cropped-LOGO-TERMINADO1-3-3.png\",\"contentUrl\":\"https:\/\/nuevo-renacer.com\/wp-content\/uploads\/2024\/05\/cropped-LOGO-TERMINADO1-3-3.png\",\"width\":512,\"height\":512,\"caption\":\"UFEC\"},\"image\":{\"@id\":\"https:\/\/nuevo-renacer.com\/#\/schema\/logo\/image\/\"},\"sameAs\":[\"https:\/\/www.facebook.com\/groups\/3431398063740829\"]}]}<\/script>\n<!-- \/ Yoast SEO Premium plugin. -->","yoast_head_json":{"title":"El progreso de los Esp\u00edritus - Uni\u00f3n Esp\u00edrita","robots":{"index":"index","follow":"follow","max-snippet":"max-snippet:-1","max-image-preview":"max-image-preview:large","max-video-preview":"max-video-preview:-1"},"canonical":"https:\/\/nuevo-renacer.com\/fr\/el-progreso-de-los-espiritus\/","og_locale":"fr_FR","og_type":"article","og_title":"El progreso de los Esp\u00edritus","og_description":"El progreso de los Esp\u00edritus del libro: El Cielo y el Infierno \u2013 Allan Kardec Los Esp\u00edritus son creados simples e ignorantes, pero con aptitudes para progresar y alcanzar la perfecci\u00f3n, en virtud de su libre albedr\u00edo. Mediante el progreso conquistan nuevos conocimientos, nuevas facultades, nuevas percepciones y, por consiguiente, nuevos goces que son ignorados [&hellip;]","og_url":"https:\/\/nuevo-renacer.com\/fr\/el-progreso-de-los-espiritus\/","og_site_name":"Uni\u00f3n Esp\u00edrita","article_publisher":"https:\/\/www.facebook.com\/groups\/3431398063740829","article_modified_time":"2024-12-18T13:19:21+00:00","og_image":[{"width":800,"height":640,"url":"https:\/\/nuevo-renacer.com\/wp-content\/uploads\/2024\/07\/spiritual-cleansing-2.webp","type":"image\/webp"}],"twitter_card":"summary_large_image","twitter_misc":{"Dur\u00e9e de lecture estim\u00e9e":"3 minutes"},"schema":{"@context":"https:\/\/schema.org","@graph":[{"@type":"WebPage","@id":"https:\/\/nuevo-renacer.com\/el-progreso-de-los-espiritus\/","url":"https:\/\/nuevo-renacer.com\/el-progreso-de-los-espiritus\/","name":"El progreso de los Esp\u00edritus - Uni\u00f3n Esp\u00edrita","isPartOf":{"@id":"https:\/\/nuevo-renacer.com\/#website"},"primaryImageOfPage":{"@id":"https:\/\/nuevo-renacer.com\/el-progreso-de-los-espiritus\/#primaryimage"},"image":{"@id":"https:\/\/nuevo-renacer.com\/el-progreso-de-los-espiritus\/#primaryimage"},"thumbnailUrl":"https:\/\/nuevo-renacer.com\/wp-content\/uploads\/2024\/07\/spiritual-cleansing-2.webp","datePublished":"2024-07-10T06:34:34+00:00","dateModified":"2024-12-18T13:19:21+00:00","breadcrumb":{"@id":"https:\/\/nuevo-renacer.com\/el-progreso-de-los-espiritus\/#breadcrumb"},"inLanguage":"fr-FR","potentialAction":[{"@type":"ReadAction","target":["https:\/\/nuevo-renacer.com\/el-progreso-de-los-espiritus\/"]}]},{"@type":"ImageObject","inLanguage":"fr-FR","@id":"https:\/\/nuevo-renacer.com\/el-progreso-de-los-espiritus\/#primaryimage","url":"https:\/\/nuevo-renacer.com\/wp-content\/uploads\/2024\/07\/spiritual-cleansing-2.webp","contentUrl":"https:\/\/nuevo-renacer.com\/wp-content\/uploads\/2024\/07\/spiritual-cleansing-2.webp","width":800,"height":640},{"@type":"BreadcrumbList","@id":"https:\/\/nuevo-renacer.com\/el-progreso-de-los-espiritus\/#breadcrumb","itemListElement":[{"@type":"ListItem","position":1,"name":"Startseite","item":"https:\/\/nuevo-renacer.com\/"},{"@type":"ListItem","position":2,"name":"El progreso de los Esp\u00edritus"}]},{"@type":"WebSite","@id":"https:\/\/nuevo-renacer.com\/#website","url":"https:\/\/nuevo-renacer.com\/","name":"Uni\u00f3n Esp\u00edrita","description":"Nuevo Renacer","publisher":{"@id":"https:\/\/nuevo-renacer.com\/#organization"},"potentialAction":[{"@type":"SearchAction","target":{"@type":"EntryPoint","urlTemplate":"https:\/\/nuevo-renacer.com\/?s={search_term_string}"},"query-input":{"@type":"PropertyValueSpecification","valueRequired":true,"valueName":"search_term_string"}}],"inLanguage":"fr-FR"},{"@type":"Organization","@id":"https:\/\/nuevo-renacer.com\/#organization","name":"UFEC","url":"https:\/\/nuevo-renacer.com\/","logo":{"@type":"ImageObject","inLanguage":"fr-FR","@id":"https:\/\/nuevo-renacer.com\/#\/schema\/logo\/image\/","url":"https:\/\/nuevo-renacer.com\/wp-content\/uploads\/2024\/05\/cropped-LOGO-TERMINADO1-3-3.png","contentUrl":"https:\/\/nuevo-renacer.com\/wp-content\/uploads\/2024\/05\/cropped-LOGO-TERMINADO1-3-3.png","width":512,"height":512,"caption":"UFEC"},"image":{"@id":"https:\/\/nuevo-renacer.com\/#\/schema\/logo\/image\/"},"sameAs":["https:\/\/www.facebook.com\/groups\/3431398063740829"]}]}},"uagb_featured_image_src":{"full":["https:\/\/nuevo-renacer.com\/wp-content\/uploads\/2024\/07\/spiritual-cleansing-2.webp",800,640,false],"thumbnail":["https:\/\/nuevo-renacer.com\/wp-content\/uploads\/2024\/07\/spiritual-cleansing-2-150x150.webp",150,150,true],"medium":["https:\/\/nuevo-renacer.com\/wp-content\/uploads\/2024\/07\/spiritual-cleansing-2-300x240.webp",300,240,true],"medium_large":["https:\/\/nuevo-renacer.com\/wp-content\/uploads\/2024\/07\/spiritual-cleansing-2-768x614.webp",768,614,true],"large":["https:\/\/nuevo-renacer.com\/wp-content\/uploads\/2024\/07\/spiritual-cleansing-2.webp",800,640,false],"1536x1536":["https:\/\/nuevo-renacer.com\/wp-content\/uploads\/2024\/07\/spiritual-cleansing-2.webp",800,640,false],"2048x2048":["https:\/\/nuevo-renacer.com\/wp-content\/uploads\/2024\/07\/spiritual-cleansing-2.webp",800,640,false],"trp-custom-language-flag":["https:\/\/nuevo-renacer.com\/wp-content\/uploads\/2024\/07\/spiritual-cleansing-2-15x12.webp",15,12,true]},"uagb_author_info":{"display_name":"adbv0","author_link":"https:\/\/nuevo-renacer.com\/fr\/author\/adbv0\/"},"uagb_comment_info":0,"uagb_excerpt":"El progreso de los Esp\u00edritus del libro: El Cielo y el Infierno \u2013 Allan Kardec Los Esp\u00edritus son creados simples e ignorantes, pero con aptitudes para progresar y alcanzar la perfecci\u00f3n, en virtud de su libre albedr\u00edo. Mediante el progreso conquistan nuevos conocimientos, nuevas facultades, nuevas percepciones y, por consiguiente, nuevos goces que son ignorados\u2026","jetpack_sharing_enabled":true,"_links":{"self":[{"href":"https:\/\/nuevo-renacer.com\/fr\/wp-json\/wp\/v2\/pages\/3520","targetHints":{"allow":["GET"]}}],"collection":[{"href":"https:\/\/nuevo-renacer.com\/fr\/wp-json\/wp\/v2\/pages"}],"about":[{"href":"https:\/\/nuevo-renacer.com\/fr\/wp-json\/wp\/v2\/types\/page"}],"author":[{"embeddable":true,"href":"https:\/\/nuevo-renacer.com\/fr\/wp-json\/wp\/v2\/users\/1"}],"replies":[{"embeddable":true,"href":"https:\/\/nuevo-renacer.com\/fr\/wp-json\/wp\/v2\/comments?post=3520"}],"version-history":[{"count":5,"href":"https:\/\/nuevo-renacer.com\/fr\/wp-json\/wp\/v2\/pages\/3520\/revisions"}],"predecessor-version":[{"id":6565,"href":"https:\/\/nuevo-renacer.com\/fr\/wp-json\/wp\/v2\/pages\/3520\/revisions\/6565"}],"wp:featuredmedia":[{"embeddable":true,"href":"https:\/\/nuevo-renacer.com\/fr\/wp-json\/wp\/v2\/media\/3544"}],"wp:attachment":[{"href":"https:\/\/nuevo-renacer.com\/fr\/wp-json\/wp\/v2\/media?parent=3520"}],"curies":[{"name":"wp","href":"https:\/\/api.w.org\/{rel}","templated":true}]}}