{"id":3434,"date":"2024-07-09T07:34:14","date_gmt":"2024-07-09T07:34:14","guid":{"rendered":"https:\/\/ufec-mundial.com\/?page_id=3434"},"modified":"2025-06-18T10:35:00","modified_gmt":"2025-06-18T10:35:00","slug":"william-crookes","status":"publish","type":"page","link":"https:\/\/nuevo-renacer.com\/fr\/william-crookes\/","title":{"rendered":"William Crookes"},"content":{"rendered":"<div class=\"wp-block-uagb-container uagb-block-8395d5fc alignfull uagb-is-root-container\"><div class=\"uagb-container-inner-blocks-wrap\">\n<p class=\"has-black-color has-text-color has-link-color has-medium-font-size wp-elements-ca9f45c1b1f642b1a3791dd358c841ad\"><strong>William Crookes<\/strong><\/p>\n<\/div><\/div>\n\n\n\n<div class=\"wp-block-uagb-container uagb-block-e23e0309 alignfull uagb-is-root-container\"><div class=\"uagb-container-inner-blocks-wrap\">\n<figure class=\"wp-block-image size-large is-resized\"><img fetchpriority=\"high\" decoding=\"async\" width=\"694\" height=\"1024\" src=\"https:\/\/nuevo-renacer.com\/wp-content\/uploads\/2024\/07\/Sir_William_Crookes-694x1024.jpg\" alt=\"\" class=\"wp-image-3435\" style=\"width:251px;height:auto\" srcset=\"https:\/\/nuevo-renacer.com\/wp-content\/uploads\/2024\/07\/Sir_William_Crookes-694x1024.jpg 694w, https:\/\/nuevo-renacer.com\/wp-content\/uploads\/2024\/07\/Sir_William_Crookes-203x300.jpg 203w, https:\/\/nuevo-renacer.com\/wp-content\/uploads\/2024\/07\/Sir_William_Crookes-768x1134.jpg 768w, https:\/\/nuevo-renacer.com\/wp-content\/uploads\/2024\/07\/Sir_William_Crookes-8x12.jpg 8w, https:\/\/nuevo-renacer.com\/wp-content\/uploads\/2024\/07\/Sir_William_Crookes.jpg 800w\" sizes=\"(max-width: 694px) 100vw, 694px\" \/><\/figure>\n<\/div><\/div>\n\n\n\n<div class=\"wp-block-uagb-container uagb-block-ab928b61 alignfull uagb-is-root-container\"><div class=\"uagb-container-inner-blocks-wrap\">\n<p class=\"has-black-color has-text-color has-link-color has-small-font-size wp-elements-e9838021f08f47b7883414d531863a2f\">William Crookes naci\u00f3 en Londres, Inglaterra, el 17 de junio de 1832. Fue el mayor qu\u00edmico de Inglaterra, seg\u00fan \u00abSir\u00bb Arthur Conan Doyle.Este ilustre hombre de ciencia desarroll\u00f3 en el campo cient\u00edfico. Mencionado como uno de los m\u00e1s persistentes y valientes investigadores de los fen\u00f3menos supranormales, desarroll\u00f3 importantes trabajos en el \u00e1rea de la fenomenolog\u00eda esp\u00edrita.&nbsp; En 1855, Willian Crookes ocup\u00f3 la c\u00e1tedra de qu\u00edmica en la Universidad de Chester. Como resultado de prolongados estudios, en 1861 descubri\u00f3 los rayos cat\u00f3dicos y aisl\u00f3 el talio, determinando rigurosamente sus propiedades f\u00edsicas. Tras persistentes estudios del espectro solar, en 1872 descubri\u00f3 la aparente acci\u00f3n repulsiva de los rayos luminosos, lo que le llev\u00f3 a construir el Radi\u00f3metro en 1874. Al a\u00f1o siguiente descubri\u00f3 un nuevo tratamiento para el oro. Sin embargo, la coronaci\u00f3n de su obra cient\u00edfica fue el descubrimiento del cuarto estado de la materia, el estado radiante, en 1879. Recibi\u00f3 varias medallas por sus importantes descubrimientos en el campo de la f\u00edsica y la qu\u00edmica.&nbsp; La Reina Victoria de Inglaterra le honr\u00f3 con el t\u00edtulo m\u00e1s alto de ese pa\u00eds: \u00abCaballero \u00ab.&nbsp; Adem\u00e1s de todas sus actividades, fue presidente de la Sociedad Qu\u00edmica, la Sociedad Brit\u00e1nica, la Sociedad para la Investigaci\u00f3n Ps\u00edquica y el Instituto de Ingenieros El\u00e9ctricos.<\/p>\n\n\n\n<p class=\"has-black-color has-text-color has-link-color has-small-font-size wp-elements-5c9005f86dd19a2bcfeeb9433820e169\">\u00c9quip\u00e9 avec une enviable en fibre de chercheur, il a termin\u00e9 enqu\u00eater sur les ph\u00e9nom\u00e8nes medi\u00famnicos, au d\u00e9but, avec le but de d\u00e9montrer l&#039;erreur de la soi-disant \u201cm\u00e9diums\u201d et tous ceux qui croyaient fermement dans votre m\u00e9diumnit\u00e9. En 1869, les m\u00e9diums J. J. Morse et Mme Marshall a servi en tant qu&#039;instruments de Crookes &#034; de r\u00e9aliser ses premi\u00e8res recherches. Les exp\u00e9riences medi\u00famnicos plus notables sont apport\u00e9es par cet illustre scientifique ont \u00e9t\u00e9 r\u00e9alis\u00e9es par l&#039;interm\u00e9diaire de Florence Cook, quand il a obtenu les mat\u00e9rialisations de l&#039;Esprit, qui r\u00e9pondait au nom de Katie King, un fait qui a choqu\u00e9 le monde scientifique de l&#039;\u00e9poque. La jeune Florence Cook avait que 15 ans quand elle a \u00e9t\u00e9 pr\u00e9sent\u00e9 \u00e0 Sir William Crookes d&#039;agir comme un support dans la recherche scientifique, il dirigeait. Elle a dit: \u201cje suis All\u00e9 \u00e0 la maison de l&#039;\u00e9ternel Crookes, sans le dire \u00e0 mes parents ou mes amis. Je me suis offert comme un sacrifice volontaire sur l&#039;autel de leur incr\u00e9dulit\u00e9.\u201d Il a demand\u00e9 la protection de la dame Crookes et soumis \u00e0 toutes sortes d&#039;exp\u00e9riences pour d\u00e9montrer votre m\u00e9diumnit\u00e9, comme un gentilhomme appel\u00e9 Volckmann a \u00e9t\u00e9 accus\u00e9 de fraude. Le 22 avril, 1872, l&#039;esprit de Katie King mat\u00e9rialis\u00e9 pour la premi\u00e8re fois. Sa m\u00e8re, plusieurs fr\u00e8res de la moyenne et sa femme de chambre, \u00e9taient pr\u00e9sents \u00e0 la session.<\/p>\n\n\n\n<p class=\"has-black-color has-text-color has-link-color has-small-font-size wp-elements-c2fca08928a7c445c338359c99cfdf0e\">Apr\u00e8s plusieurs s\u00e9ances spirites dans l&#039;Esprit de Katie King est apparu avec une \u00e9tonnante r\u00e9gularit\u00e9, miss Florence a dit \u00e0 William Crookes, qui \u00e9tait d\u00e9termin\u00e9 \u00e0 se soumettre \u00e0 toutes sortes de recherches. Dans son ouvrage \u201cSpirite Faits\u201d, il fait un compte-rendu complet de toutes les exp\u00e9riences r\u00e9alis\u00e9es avec l&#039;esprit mat\u00e9rialis\u00e9 Katie King, qui ne laisse aucun doute quant \u00e0 l&#039;extraordinaire puissance de l&#039;esprit pour donner la forme d\u00e9sir\u00e9e \u00e0 l&#039;aide de la mati\u00e8re physique. De nombreux scientifiques de renom, m\u00eame face \u00e0 des faits de plus en plus convaincants h\u00e9site pas \u00e0 proclamer la v\u00e9rit\u00e9, de peur des cons\u00e9quences que cela pourrait avoir dans les yeux des gens. Crookes, cependant, ne l&#039;a pas fait. Entr\u00e9 dans le champ de recherche avec l&#039;intention d&#039;exposer, pour rep\u00e9rer les fraudes, mais quand il a r\u00e9alis\u00e9 que l&#039;on racontait \u00e9tait vrai, elle se rendit \u00e0 l&#039;\u00e9vidence, s&#039;inclina devant la v\u00e9rit\u00e9, il est devenu un spirite convaincu et dit: \u2013 \u201cje ne dis Pas que cela soit possible, je dis: c&#039;est vrai!\u201d<\/p>\n\n\n\n<p class=\"has-black-color has-text-color has-link-color has-small-font-size wp-elements-b164b6b1986af3a1104d45f7ebe99cd5\">&nbsp;William Crookes est d\u00e9c\u00e9d\u00e9 le 4 avril 1919 \u00e0 Londres, en Angleterre.<\/p>\n<\/div><\/div>","protected":false},"excerpt":{"rendered":"<p>William Crookes William Crookes naci\u00f3 en Londres, Inglaterra, el 17 de junio de 1832. Fue el mayor qu\u00edmico de Inglaterra, seg\u00fan \u00abSir\u00bb Arthur Conan Doyle.Este ilustre hombre de ciencia desarroll\u00f3 en el campo cient\u00edfico. Mencionado como uno de los m\u00e1s persistentes y valientes investigadores de los fen\u00f3menos supranormales, desarroll\u00f3 importantes trabajos en el \u00e1rea de [&hellip;]<\/p>","protected":false},"author":1,"featured_media":0,"parent":0,"menu_order":0,"comment_status":"closed","ping_status":"closed","template":"","meta":{"_uag_custom_page_level_css":"","site-sidebar-layout":"default","site-content-layout":"","ast-site-content-layout":"default","site-content-style":"default","site-sidebar-style":"default","ast-global-header-display":"","ast-banner-title-visibility":"","ast-main-header-display":"","ast-hfb-above-header-display":"","ast-hfb-below-header-display":"","ast-hfb-mobile-header-display":"","site-post-title":"disabled","ast-breadcrumbs-content":"","ast-featured-img":"","footer-sml-layout":"","theme-transparent-header-meta":"","adv-header-id-meta":"","stick-header-meta":"","header-above-stick-meta":"","header-main-stick-meta":"","header-below-stick-meta":"","astra-migrate-meta-layouts":"set","ast-page-background-enabled":"default","ast-page-background-meta":{"desktop":{"background-color":"var(--ast-global-color-4)","background-image":"","background-repeat":"repeat","background-position":"center center","background-size":"auto","background-attachment":"scroll","background-type":"","background-media":"","overlay-type":"","overlay-color":"","overlay-opacity":"","overlay-gradient":""},"tablet":{"background-color":"","background-image":"","background-repeat":"repeat","background-position":"center center","background-size":"auto","background-attachment":"scroll","background-type":"","background-media":"","overlay-type":"","overlay-color":"","overlay-opacity":"","overlay-gradient":""},"mobile":{"background-color":"","background-image":"","background-repeat":"repeat","background-position":"center center","background-size":"auto","background-attachment":"scroll","background-type":"","background-media":"","overlay-type":"","overlay-color":"","overlay-opacity":"","overlay-gradient":""}},"ast-content-background-meta":{"desktop":{"background-color":"var(--ast-global-color-5)","background-image":"","background-repeat":"repeat","background-position":"center center","background-size":"auto","background-attachment":"scroll","background-type":"","background-media":"","overlay-type":"","overlay-color":"","overlay-opacity":"","overlay-gradient":""},"tablet":{"background-color":"var(--ast-global-color-5)","background-image":"","background-repeat":"repeat","background-position":"center center","background-size":"auto","background-attachment":"scroll","background-type":"","background-media":"","overlay-type":"","overlay-color":"","overlay-opacity":"","overlay-gradient":""},"mobile":{"background-color":"var(--ast-global-color-5)","background-image":"","background-repeat":"repeat","background-position":"center center","background-size":"auto","background-attachment":"scroll","background-type":"","background-media":"","overlay-type":"","overlay-color":"","overlay-opacity":"","overlay-gradient":""}},"footnotes":""},"class_list":["post-3434","page","type-page","status-publish","hentry"],"yoast_head":"<!-- This site is optimized with the Yoast SEO Premium plugin v24.2 (Yoast SEO v24.6) - https:\/\/yoast.com\/wordpress\/plugins\/seo\/ -->\n<title>William Crookes - Uni\u00f3n Esp\u00edrita<\/title>\n<meta name=\"robots\" content=\"index, follow, max-snippet:-1, max-image-preview:large, max-video-preview:-1\" \/>\n<link rel=\"canonical\" href=\"https:\/\/nuevo-renacer.com\/fr\/william-crookes\/\" \/>\n<meta property=\"og:locale\" content=\"fr_FR\" \/>\n<meta property=\"og:type\" content=\"article\" \/>\n<meta property=\"og:title\" content=\"William Crookes\" \/>\n<meta property=\"og:description\" content=\"William Crookes William Crookes naci\u00f3 en Londres, Inglaterra, el 17 de junio de 1832. Fue el mayor qu\u00edmico de Inglaterra, seg\u00fan \u00abSir\u00bb Arthur Conan Doyle.Este ilustre hombre de ciencia desarroll\u00f3 en el campo cient\u00edfico. Mencionado como uno de los m\u00e1s persistentes y valientes investigadores de los fen\u00f3menos supranormales, desarroll\u00f3 importantes trabajos en el \u00e1rea de [&hellip;]\" \/>\n<meta property=\"og:url\" content=\"https:\/\/nuevo-renacer.com\/fr\/william-crookes\/\" \/>\n<meta property=\"og:site_name\" content=\"Uni\u00f3n Esp\u00edrita\" \/>\n<meta property=\"article:publisher\" content=\"https:\/\/www.facebook.com\/groups\/3431398063740829\" \/>\n<meta property=\"article:modified_time\" content=\"2025-06-18T10:35:00+00:00\" \/>\n<meta property=\"og:image\" content=\"https:\/\/nuevo-renacer.com\/wp-content\/uploads\/2024\/07\/Sir_William_Crookes.jpg\" \/>\n\t<meta property=\"og:image:width\" content=\"800\" \/>\n\t<meta property=\"og:image:height\" content=\"1181\" \/>\n\t<meta property=\"og:image:type\" content=\"image\/jpeg\" \/>\n<meta name=\"twitter:card\" content=\"summary_large_image\" \/>\n<meta name=\"twitter:label1\" content=\"Dur\u00e9e de lecture estim\u00e9e\" \/>\n\t<meta name=\"twitter:data1\" content=\"4 minutes\" \/>\n<script type=\"application\/ld+json\" class=\"yoast-schema-graph\">{\"@context\":\"https:\/\/schema.org\",\"@graph\":[{\"@type\":\"WebPage\",\"@id\":\"https:\/\/nuevo-renacer.com\/william-crookes\/\",\"url\":\"https:\/\/nuevo-renacer.com\/william-crookes\/\",\"name\":\"William Crookes - Uni\u00f3n Esp\u00edrita\",\"isPartOf\":{\"@id\":\"https:\/\/nuevo-renacer.com\/#website\"},\"primaryImageOfPage\":{\"@id\":\"https:\/\/nuevo-renacer.com\/william-crookes\/#primaryimage\"},\"image\":{\"@id\":\"https:\/\/nuevo-renacer.com\/william-crookes\/#primaryimage\"},\"thumbnailUrl\":\"https:\/\/nuevo-renacer.com\/wp-content\/uploads\/2024\/07\/Sir_William_Crookes-694x1024.jpg\",\"datePublished\":\"2024-07-09T07:34:14+00:00\",\"dateModified\":\"2025-06-18T10:35:00+00:00\",\"breadcrumb\":{\"@id\":\"https:\/\/nuevo-renacer.com\/william-crookes\/#breadcrumb\"},\"inLanguage\":\"fr-FR\",\"potentialAction\":[{\"@type\":\"ReadAction\",\"target\":[\"https:\/\/nuevo-renacer.com\/william-crookes\/\"]}]},{\"@type\":\"ImageObject\",\"inLanguage\":\"fr-FR\",\"@id\":\"https:\/\/nuevo-renacer.com\/william-crookes\/#primaryimage\",\"url\":\"https:\/\/nuevo-renacer.com\/wp-content\/uploads\/2024\/07\/Sir_William_Crookes-694x1024.jpg\",\"contentUrl\":\"https:\/\/nuevo-renacer.com\/wp-content\/uploads\/2024\/07\/Sir_William_Crookes-694x1024.jpg\"},{\"@type\":\"BreadcrumbList\",\"@id\":\"https:\/\/nuevo-renacer.com\/william-crookes\/#breadcrumb\",\"itemListElement\":[{\"@type\":\"ListItem\",\"position\":1,\"name\":\"Startseite\",\"item\":\"https:\/\/nuevo-renacer.com\/\"},{\"@type\":\"ListItem\",\"position\":2,\"name\":\"William Crookes\"}]},{\"@type\":\"WebSite\",\"@id\":\"https:\/\/nuevo-renacer.com\/#website\",\"url\":\"https:\/\/nuevo-renacer.com\/\",\"name\":\"Uni\u00f3n Esp\u00edrita\",\"description\":\"Nuevo Renacer\",\"publisher\":{\"@id\":\"https:\/\/nuevo-renacer.com\/#organization\"},\"potentialAction\":[{\"@type\":\"SearchAction\",\"target\":{\"@type\":\"EntryPoint\",\"urlTemplate\":\"https:\/\/nuevo-renacer.com\/?s={search_term_string}\"},\"query-input\":{\"@type\":\"PropertyValueSpecification\",\"valueRequired\":true,\"valueName\":\"search_term_string\"}}],\"inLanguage\":\"fr-FR\"},{\"@type\":\"Organization\",\"@id\":\"https:\/\/nuevo-renacer.com\/#organization\",\"name\":\"UFEC\",\"url\":\"https:\/\/nuevo-renacer.com\/\",\"logo\":{\"@type\":\"ImageObject\",\"inLanguage\":\"fr-FR\",\"@id\":\"https:\/\/nuevo-renacer.com\/#\/schema\/logo\/image\/\",\"url\":\"https:\/\/nuevo-renacer.com\/wp-content\/uploads\/2024\/05\/cropped-LOGO-TERMINADO1-3-3.png\",\"contentUrl\":\"https:\/\/nuevo-renacer.com\/wp-content\/uploads\/2024\/05\/cropped-LOGO-TERMINADO1-3-3.png\",\"width\":512,\"height\":512,\"caption\":\"UFEC\"},\"image\":{\"@id\":\"https:\/\/nuevo-renacer.com\/#\/schema\/logo\/image\/\"},\"sameAs\":[\"https:\/\/www.facebook.com\/groups\/3431398063740829\"]}]}<\/script>\n<!-- \/ Yoast SEO Premium plugin. -->","yoast_head_json":{"title":"William Crookes - Uni\u00f3n Esp\u00edrita","robots":{"index":"index","follow":"follow","max-snippet":"max-snippet:-1","max-image-preview":"max-image-preview:large","max-video-preview":"max-video-preview:-1"},"canonical":"https:\/\/nuevo-renacer.com\/fr\/william-crookes\/","og_locale":"fr_FR","og_type":"article","og_title":"William Crookes","og_description":"William Crookes William Crookes naci\u00f3 en Londres, Inglaterra, el 17 de junio de 1832. Fue el mayor qu\u00edmico de Inglaterra, seg\u00fan \u00abSir\u00bb Arthur Conan Doyle.Este ilustre hombre de ciencia desarroll\u00f3 en el campo cient\u00edfico. Mencionado como uno de los m\u00e1s persistentes y valientes investigadores de los fen\u00f3menos supranormales, desarroll\u00f3 importantes trabajos en el \u00e1rea de [&hellip;]","og_url":"https:\/\/nuevo-renacer.com\/fr\/william-crookes\/","og_site_name":"Uni\u00f3n Esp\u00edrita","article_publisher":"https:\/\/www.facebook.com\/groups\/3431398063740829","article_modified_time":"2025-06-18T10:35:00+00:00","og_image":[{"width":800,"height":1181,"url":"https:\/\/nuevo-renacer.com\/wp-content\/uploads\/2024\/07\/Sir_William_Crookes.jpg","type":"image\/jpeg"}],"twitter_card":"summary_large_image","twitter_misc":{"Dur\u00e9e de lecture estim\u00e9e":"4 minutes"},"schema":{"@context":"https:\/\/schema.org","@graph":[{"@type":"WebPage","@id":"https:\/\/nuevo-renacer.com\/william-crookes\/","url":"https:\/\/nuevo-renacer.com\/william-crookes\/","name":"William Crookes - Uni\u00f3n Esp\u00edrita","isPartOf":{"@id":"https:\/\/nuevo-renacer.com\/#website"},"primaryImageOfPage":{"@id":"https:\/\/nuevo-renacer.com\/william-crookes\/#primaryimage"},"image":{"@id":"https:\/\/nuevo-renacer.com\/william-crookes\/#primaryimage"},"thumbnailUrl":"https:\/\/nuevo-renacer.com\/wp-content\/uploads\/2024\/07\/Sir_William_Crookes-694x1024.jpg","datePublished":"2024-07-09T07:34:14+00:00","dateModified":"2025-06-18T10:35:00+00:00","breadcrumb":{"@id":"https:\/\/nuevo-renacer.com\/william-crookes\/#breadcrumb"},"inLanguage":"fr-FR","potentialAction":[{"@type":"ReadAction","target":["https:\/\/nuevo-renacer.com\/william-crookes\/"]}]},{"@type":"ImageObject","inLanguage":"fr-FR","@id":"https:\/\/nuevo-renacer.com\/william-crookes\/#primaryimage","url":"https:\/\/nuevo-renacer.com\/wp-content\/uploads\/2024\/07\/Sir_William_Crookes-694x1024.jpg","contentUrl":"https:\/\/nuevo-renacer.com\/wp-content\/uploads\/2024\/07\/Sir_William_Crookes-694x1024.jpg"},{"@type":"BreadcrumbList","@id":"https:\/\/nuevo-renacer.com\/william-crookes\/#breadcrumb","itemListElement":[{"@type":"ListItem","position":1,"name":"Startseite","item":"https:\/\/nuevo-renacer.com\/"},{"@type":"ListItem","position":2,"name":"William Crookes"}]},{"@type":"WebSite","@id":"https:\/\/nuevo-renacer.com\/#website","url":"https:\/\/nuevo-renacer.com\/","name":"Uni\u00f3n Esp\u00edrita","description":"Nuevo Renacer","publisher":{"@id":"https:\/\/nuevo-renacer.com\/#organization"},"potentialAction":[{"@type":"SearchAction","target":{"@type":"EntryPoint","urlTemplate":"https:\/\/nuevo-renacer.com\/?s={search_term_string}"},"query-input":{"@type":"PropertyValueSpecification","valueRequired":true,"valueName":"search_term_string"}}],"inLanguage":"fr-FR"},{"@type":"Organization","@id":"https:\/\/nuevo-renacer.com\/#organization","name":"UFEC","url":"https:\/\/nuevo-renacer.com\/","logo":{"@type":"ImageObject","inLanguage":"fr-FR","@id":"https:\/\/nuevo-renacer.com\/#\/schema\/logo\/image\/","url":"https:\/\/nuevo-renacer.com\/wp-content\/uploads\/2024\/05\/cropped-LOGO-TERMINADO1-3-3.png","contentUrl":"https:\/\/nuevo-renacer.com\/wp-content\/uploads\/2024\/05\/cropped-LOGO-TERMINADO1-3-3.png","width":512,"height":512,"caption":"UFEC"},"image":{"@id":"https:\/\/nuevo-renacer.com\/#\/schema\/logo\/image\/"},"sameAs":["https:\/\/www.facebook.com\/groups\/3431398063740829"]}]}},"uagb_featured_image_src":{"full":false,"thumbnail":false,"medium":false,"medium_large":false,"large":false,"1536x1536":false,"2048x2048":false,"trp-custom-language-flag":false},"uagb_author_info":{"display_name":"adbv0","author_link":"https:\/\/nuevo-renacer.com\/fr\/author\/adbv0\/"},"uagb_comment_info":0,"uagb_excerpt":"William Crookes William Crookes naci\u00f3 en Londres, Inglaterra, el 17 de junio de 1832. Fue el mayor qu\u00edmico de Inglaterra, seg\u00fan \u00abSir\u00bb Arthur Conan Doyle.Este ilustre hombre de ciencia desarroll\u00f3 en el campo cient\u00edfico. Mencionado como uno de los m\u00e1s persistentes y valientes investigadores de los fen\u00f3menos supranormales, desarroll\u00f3 importantes trabajos en el \u00e1rea de\u2026","jetpack_sharing_enabled":true,"_links":{"self":[{"href":"https:\/\/nuevo-renacer.com\/fr\/wp-json\/wp\/v2\/pages\/3434","targetHints":{"allow":["GET"]}}],"collection":[{"href":"https:\/\/nuevo-renacer.com\/fr\/wp-json\/wp\/v2\/pages"}],"about":[{"href":"https:\/\/nuevo-renacer.com\/fr\/wp-json\/wp\/v2\/types\/page"}],"author":[{"embeddable":true,"href":"https:\/\/nuevo-renacer.com\/fr\/wp-json\/wp\/v2\/users\/1"}],"replies":[{"embeddable":true,"href":"https:\/\/nuevo-renacer.com\/fr\/wp-json\/wp\/v2\/comments?post=3434"}],"version-history":[{"count":3,"href":"https:\/\/nuevo-renacer.com\/fr\/wp-json\/wp\/v2\/pages\/3434\/revisions"}],"predecessor-version":[{"id":8343,"href":"https:\/\/nuevo-renacer.com\/fr\/wp-json\/wp\/v2\/pages\/3434\/revisions\/8343"}],"wp:attachment":[{"href":"https:\/\/nuevo-renacer.com\/fr\/wp-json\/wp\/v2\/media?parent=3434"}],"curies":[{"name":"wp","href":"https:\/\/api.w.org\/{rel}","templated":true}]}}