{"id":3424,"date":"2024-07-09T06:35:04","date_gmt":"2024-07-09T06:35:04","guid":{"rendered":"https:\/\/ufec-mundial.com\/?page_id=3424"},"modified":"2024-07-09T07:04:41","modified_gmt":"2024-07-09T07:04:41","slug":"conan-doyle","status":"publish","type":"page","link":"https:\/\/nuevo-renacer.com\/fr\/conan-doyle\/","title":{"rendered":"Conan Doyle"},"content":{"rendered":"<div class=\"wp-block-uagb-container uagb-block-8b7c1a47 alignfull uagb-is-root-container\"><div class=\"uagb-container-inner-blocks-wrap\">\n<p class=\"has-black-color has-text-color has-link-color has-medium-font-size wp-elements-1852c1cb84136f0dcbe28e93c126dc01\"><strong>Conan Doyle<\/strong><\/p>\n<\/div><\/div>\n\n\n\n<div class=\"wp-block-uagb-container uagb-block-2c15a145 alignfull uagb-is-root-container\"><div class=\"uagb-container-inner-blocks-wrap\">\n<figure class=\"wp-block-image size-full is-resized\"><img fetchpriority=\"high\" decoding=\"async\" width=\"800\" height=\"1055\" src=\"https:\/\/ufec-mundial.com\/wp-content\/uploads\/2024\/07\/Arthur_Conan_Doyle_by_Walter_Benington_1914.png\" alt=\"\" class=\"wp-image-3428\" style=\"width:249px;height:auto\" srcset=\"https:\/\/nuevo-renacer.com\/wp-content\/uploads\/2024\/07\/Arthur_Conan_Doyle_by_Walter_Benington_1914.png 800w, https:\/\/nuevo-renacer.com\/wp-content\/uploads\/2024\/07\/Arthur_Conan_Doyle_by_Walter_Benington_1914-227x300.png 227w, https:\/\/nuevo-renacer.com\/wp-content\/uploads\/2024\/07\/Arthur_Conan_Doyle_by_Walter_Benington_1914-768x1013.png 768w, https:\/\/nuevo-renacer.com\/wp-content\/uploads\/2024\/07\/Arthur_Conan_Doyle_by_Walter_Benington_1914-776x1024.png 776w, https:\/\/nuevo-renacer.com\/wp-content\/uploads\/2024\/07\/Arthur_Conan_Doyle_by_Walter_Benington_1914-9x12.png 9w\" sizes=\"(max-width: 800px) 100vw, 800px\" \/><\/figure>\n<\/div><\/div>\n\n\n\n<div class=\"wp-block-uagb-container uagb-block-b966a211 alignfull uagb-is-root-container\"><div class=\"uagb-container-inner-blocks-wrap\">\n<p class=\"has-black-color has-text-color has-link-color has-small-font-size wp-elements-f746d6a94eefb186260d88851a2c470f\">M\u00e9decin et \u00e9crivain anglais, c\u00e9l\u00e8bre pour la s\u00e9rie de la police de Sherlock Holmes. Il est n\u00e9 \u00e0 \u00c9dimbourg, en Angleterre, le 22 mai 1859 et desencarn\u00f3 le 7 juillet 1930.<\/p>\n\n\n\n<p class=\"has-black-color has-text-color has-link-color has-small-font-size wp-elements-dfd6a8cc490c4eb6ac9709968e54bd46\">Il \u00e9tait le fils d&#039;un po\u00e8te bien connu et sa m\u00e8re \u00e9tait une femme d&#039;une grande sensibilit\u00e9. Donc grandi entre l&#039;art, la po\u00e9sie, la litt\u00e9rature, et le d\u00e9sir de savoir. \u00c9tude en Angleterre et en Allemagne, obtention de son dipl\u00f4me de m\u00e9decin encore tr\u00e8s jeune. Avec le temps, il a laiss\u00e9 son int\u00e9r\u00eat en m\u00e9decine, et il se consacra aux lettres, et de la recherche scientifique.<\/p>\n\n\n\n<p class=\"has-black-color has-text-color has-link-color has-small-font-size wp-elements-bd04ce3f578af916b293c9fa57e6187f\">En 1882, est fond\u00e9e \u00e0 Londres, la c\u00e9l\u00e8bre Soci\u00e9t\u00e9 de Recherches Psychiques, qui a tent\u00e9 d&#039;\u00e9lever les faits medi\u00famnicos la nature de la science. Conan Doyle se rapporte \u00e0 cette soci\u00e9t\u00e9, de ce qui ont \u00e9t\u00e9 une partie de la fameuse scientifiques tels que Sir William Crookes, Charles Richet, Carl G. Jung, Gustave Geley, et d&#039;autres.<\/p>\n\n\n\n<p class=\"has-black-color has-text-color has-link-color has-small-font-size wp-elements-2969939a6f74eeb9f26c62449849bc76\">En 1887, il a \u00e9crit une lettre au r\u00e9dacteur en chef de la revue \u201cLumi\u00e8re\u201d, un tr\u00e8s prestigieux \u00e0 l&#039;\u00e9poque, en expliquant les raisons de sa conversion \u00e0 la Spiritualit\u00e9. Il a \u00e9t\u00e9 lib\u00e9r\u00e9 le 2 juillet de cette ann\u00e9e et a jou\u00e9 plusieurs fois. Il est \u00e9vident, qu&#039;il \u00e9tait tr\u00e8s fort dans sa d\u00e9claration de culpabilit\u00e9 et rien \u00e0 craindre, m\u00eame en sachant que cette attitude pourrait porter pr\u00e9judice \u00e0 sa carri\u00e8re d&#039;\u00e9crivain.<\/p>\n\n\n\n<p class=\"has-black-color has-text-color has-link-color has-small-font-size wp-elements-8bd82a196be21c8c21fd5bde8d47101a\">Depuis pr\u00e8s de 30 ans, il a poursuivi ses \u00e9tudes et de la recherche. Enfin, \u00e0 l&#039;apog\u00e9e de sa carri\u00e8re litt\u00e9raire, \u00e0 l&#039;\u00e2ge de 58 ans, a pris la d\u00e9cision finale et a \u00e9crit des livres fortement associ\u00e9e avec le Spiritisme:<\/p>\n\n\n\n<div class=\"wp-block-group is-layout-constrained wp-block-group-is-layout-constrained\">\n<p class=\"has-black-color has-text-color has-link-color has-small-font-size wp-elements-4fdfbaaf5a5696cc04e94aee008156b0\">\u201cLa Nouvelle R\u00e9v\u00e9lation\u201d (1918)<\/p>\n\n\n\n<p class=\"has-black-color has-text-color has-link-color has-small-font-size wp-elements-4a46b5cd34e39414301e14ea4cd33f87\">\u201cLa Religion Psychique\u201d<\/p>\n\n\n\n<p class=\"has-black-color has-text-color has-link-color has-small-font-size wp-elements-adc0e138d32bfa49e6a64b614fa968ea\">\u201cHistoire du Spiritisme\u201d (1926)<\/p>\n\n\n\n<p class=\"has-black-color has-text-color has-link-color has-small-font-size wp-elements-bc81cee50f629dc38f302fef45aac58f\">\u201cLe cas des photographies d&#039;Esprits\u201d<\/p>\n<\/div>\n\n\n\n<p class=\"has-black-color has-text-color has-link-color has-small-font-size wp-elements-660c964456ecdb148bc97a8abfafc6bc\">Dans ce dernier raconte l&#039;exp\u00e9rience qu&#039;il a lui-m\u00eame photographi\u00e9, r\u00e9v\u00e9lant des images d&#039;Esprits d\u00e9sincarn\u00e9s.<\/p>\n\n\n\n<p class=\"has-black-color has-text-color has-link-color has-small-font-size wp-elements-b512b9ee725f4ee4fde9b8c971b93ada\">L&#039;ouvrage \u201cHistoire du Spiritisme\u201d il est tr\u00e8s important non seulement pour \u00eatre le seul de leur sexe, mais par la prise en charge dans le compte de tous les faits, depuis les temps lointains, en montrant avec une approche scientifique, le d\u00e9veloppement de la doctrine dans les pays de langue anglaise. S\u00e9par\u00e9s culturellement de la France, o\u00f9 Kardec d\u00e9velopp\u00e9 la Codification Spirite.<\/p>\n\n\n\n<p class=\"has-black-color has-text-color has-link-color has-small-font-size wp-elements-fd2e28eacdff3edcde1f0a0e293c37ac\">Pour Conan Doyle, le Spiritisme commence le 31 mai 1848, avec les exp\u00e9riences des s\u0153urs Fox, \u00e0 Hydesville, etats-unis et les bruits \u00e9tranges de sa maison, qui a donn\u00e9 lieu \u00e0 la premi\u00e8re communication avec les esprits, inscrit dans l&#039;histoire moderna.<\/p>\n\n\n\n<p class=\"has-black-color has-text-color has-link-color has-small-font-size wp-elements-7a5d92a7d70f3bd5828202ae108a6d79\">Il est int\u00e9ressant de constater que la esp\u00edritas anglo-saxons ne croient pas en la r\u00e9incarnation, les principaux points de la doctrine kardeciana. Conan Doyle lui-m\u00eame croyait en lui et en a fait la promotion d\u00e8s qu&#039;il le pourrait.<\/p>\n\n\n\n<p class=\"has-black-color has-text-color has-link-color has-small-font-size wp-elements-485638af53c6c28ac578431803299bfa\">Il a \u00e9t\u00e9 Pr\u00e9sident d&#039;Honneur de la F\u00e9d\u00e9ration Spirite International (1925-1930), de l&#039;Alliance Spirite de Londres et le British School de la Science Spirite.<\/p>\n\n\n\n<p class=\"has-black-color has-text-color has-link-color has-small-font-size wp-elements-75f682ad46c227b5a006630810078aaa\">Nous transcrire quelques pens\u00e9es de Conan Doyle:<\/p>\n\n\n\n<p class=\"has-black-color has-text-color has-link-color has-small-font-size wp-elements-bc7039fc61a223358a3659eaf36303b0\"><em>\u201cVous pouvez marcher confortablement dans cette vie par la suite, sans vous soucier de quoi que ce soit, une procession conduite par un chef v\u00e9n\u00e9r\u00e9, mais il ne meurt pas dans une cour: va mourir seul, et vous devriez \u00eatre ok juste, par cons\u00e9quent, la gamme qui a gagn\u00e9 pour le travail accompli dans la vie.\u201d<\/em><\/p>\n\n\n\n<p class=\"has-black-color has-text-color has-link-color has-small-font-size wp-elements-f9ffd090a8844afb3a5ce327888f592f\"><em>\u201cLe mouvement spirite \u2013 raill\u00e9 et ridiculis\u00e9 depuis si longtemps \u2013 c&#039;est le plus important qui a fait de la race humaine dans toute son histoire, \u00e0 la fin que si je pouvais concevoir qu&#039;un seul homme en dehors de son promoteur, cet homme aventajar\u00eda Colomb, d\u00e9couvreur de nouveaux mondes, \u00e0 Saint-Paul-en tant qu&#039;enseignant de nouvelles v\u00e9rit\u00e9s religieuses et \u00e0 Isaac Newton en tant qu&#039;observateur des lois de l&#039;Univers\u201d.<\/em><\/p>\n\n\n\n<p class=\"has-black-color has-text-color has-link-color has-small-font-size wp-elements-5f9903ce0e6475c523e133d526af5a64\"><em>\u201cJe pourrais en nommer cinquante enseignants qui occupent des postes dans l&#039;\u00e9ducation et qui ont \u00e9t\u00e9 v\u00e9rifi\u00e9s, apr\u00e8s examen pr\u00e9alable, la r\u00e9alit\u00e9 des faits psychologiques, et dans cette liste devrait inclure plusieurs des plus grands esprits qui a produit le monde de notre temps: Flammarion et Lombroso, Charles Richet et Russel Wallace, Willie Reichel, Myers, Zllner, James, Lodge et de Crookes. Par cons\u00e9quent, les faits en question ont \u00e9t\u00e9 obtenus par la seule science qui a le droit d&#039;exprimer une opinion \u00e0 ce sujet. En 30 ans d&#039;exp\u00e9riences, je n&#039;ai pas rencontr\u00e9 un seul homme sage qui, apr\u00e8s avoir \u00e9tudi\u00e9 le probl\u00e8me en profondeur, n&#039;est pas conclu par l&#039;acceptation de la solution spirite\u201d.<\/em><\/p>\n\n\n\n<p class=\"has-black-color has-text-color has-link-color has-small-font-size wp-elements-e7a0b411cf342ac241812371f6fae7f7\"><em>\u201cLes personnes intol\u00e9rantes, d\u00e9sagr\u00e9able et satisfaits d&#039;eux-m\u00eames enternecen, parfait, \u00e0 r\u00e9aliser la beaut\u00e9 de la nature et de la charit\u00e9 de l&#039;esprit, quand ils ont \u00e9t\u00e9 assez chaud pour les douleurs de la vie\u201d.<\/em><\/p>\n<\/div><\/div>","protected":false},"excerpt":{"rendered":"<p>Conan Doyle M\u00e9dico y escritor ingl\u00e9s, famoso por la serie policial de Sherlock Holmes. Naci\u00f3 en Edimburgo, Inglaterra, el 22 de mayo de 1859 y desencarn\u00f3 el 7 de julio de 1930. Era hijo de un conocido poeta y su madre era una mujer de gran sensibilidad. As\u00ed&nbsp;creci\u00f3 entre el arte, la poes\u00eda, la literatura [&hellip;]<\/p>","protected":false},"author":1,"featured_media":0,"parent":0,"menu_order":0,"comment_status":"closed","ping_status":"closed","template":"","meta":{"_uag_custom_page_level_css":"","site-sidebar-layout":"default","site-content-layout":"","ast-site-content-layout":"default","site-content-style":"default","site-sidebar-style":"default","ast-global-header-display":"","ast-banner-title-visibility":"","ast-main-header-display":"","ast-hfb-above-header-display":"","ast-hfb-below-header-display":"","ast-hfb-mobile-header-display":"","site-post-title":"disabled","ast-breadcrumbs-content":"","ast-featured-img":"","footer-sml-layout":"","theme-transparent-header-meta":"","adv-header-id-meta":"","stick-header-meta":"","header-above-stick-meta":"","header-main-stick-meta":"","header-below-stick-meta":"","astra-migrate-meta-layouts":"set","ast-page-background-enabled":"default","ast-page-background-meta":{"desktop":{"background-color":"var(--ast-global-color-4)","background-image":"","background-repeat":"repeat","background-position":"center center","background-size":"auto","background-attachment":"scroll","background-type":"","background-media":"","overlay-type":"","overlay-color":"","overlay-opacity":"","overlay-gradient":""},"tablet":{"background-color":"","background-image":"","background-repeat":"repeat","background-position":"center center","background-size":"auto","background-attachment":"scroll","background-type":"","background-media":"","overlay-type":"","overlay-color":"","overlay-opacity":"","overlay-gradient":""},"mobile":{"background-color":"","background-image":"","background-repeat":"repeat","background-position":"center center","background-size":"auto","background-attachment":"scroll","background-type":"","background-media":"","overlay-type":"","overlay-color":"","overlay-opacity":"","overlay-gradient":""}},"ast-content-background-meta":{"desktop":{"background-color":"var(--ast-global-color-5)","background-image":"","background-repeat":"repeat","background-position":"center center","background-size":"auto","background-attachment":"scroll","background-type":"","background-media":"","overlay-type":"","overlay-color":"","overlay-opacity":"","overlay-gradient":""},"tablet":{"background-color":"var(--ast-global-color-5)","background-image":"","background-repeat":"repeat","background-position":"center center","background-size":"auto","background-attachment":"scroll","background-type":"","background-media":"","overlay-type":"","overlay-color":"","overlay-opacity":"","overlay-gradient":""},"mobile":{"background-color":"var(--ast-global-color-5)","background-image":"","background-repeat":"repeat","background-position":"center center","background-size":"auto","background-attachment":"scroll","background-type":"","background-media":"","overlay-type":"","overlay-color":"","overlay-opacity":"","overlay-gradient":""}},"footnotes":""},"class_list":["post-3424","page","type-page","status-publish","hentry"],"yoast_head":"<!-- This site is optimized with the Yoast SEO Premium plugin v24.2 (Yoast SEO v24.6) - https:\/\/yoast.com\/wordpress\/plugins\/seo\/ -->\n<title>Conan Doyle - Uni\u00f3n Esp\u00edrita<\/title>\n<meta name=\"robots\" content=\"index, follow, max-snippet:-1, max-image-preview:large, max-video-preview:-1\" \/>\n<link rel=\"canonical\" href=\"https:\/\/nuevo-renacer.com\/fr\/conan-doyle\/\" \/>\n<meta property=\"og:locale\" content=\"fr_FR\" \/>\n<meta property=\"og:type\" content=\"article\" \/>\n<meta property=\"og:title\" content=\"Conan Doyle\" \/>\n<meta property=\"og:description\" content=\"Conan Doyle M\u00e9dico y escritor ingl\u00e9s, famoso por la serie policial de Sherlock Holmes. Naci\u00f3 en Edimburgo, Inglaterra, el 22 de mayo de 1859 y desencarn\u00f3 el 7 de julio de 1930. Era hijo de un conocido poeta y su madre era una mujer de gran sensibilidad. As\u00ed&nbsp;creci\u00f3 entre el arte, la poes\u00eda, la literatura [&hellip;]\" \/>\n<meta property=\"og:url\" content=\"https:\/\/nuevo-renacer.com\/fr\/conan-doyle\/\" \/>\n<meta property=\"og:site_name\" content=\"Uni\u00f3n Esp\u00edrita\" \/>\n<meta property=\"article:publisher\" content=\"https:\/\/www.facebook.com\/groups\/3431398063740829\" \/>\n<meta property=\"article:modified_time\" content=\"2024-07-09T07:04:41+00:00\" \/>\n<meta property=\"og:image\" content=\"https:\/\/ufec-mundial.com\/wp-content\/uploads\/2024\/07\/Arthur_Conan_Doyle_by_Walter_Benington_1914.png\" \/>\n<meta name=\"twitter:card\" content=\"summary_large_image\" \/>\n<meta name=\"twitter:label1\" content=\"Dur\u00e9e de lecture estim\u00e9e\" \/>\n\t<meta name=\"twitter:data1\" content=\"4 minutes\" \/>\n<script type=\"application\/ld+json\" class=\"yoast-schema-graph\">{\"@context\":\"https:\/\/schema.org\",\"@graph\":[{\"@type\":\"WebPage\",\"@id\":\"https:\/\/nuevo-renacer.com\/conan-doyle\/\",\"url\":\"https:\/\/nuevo-renacer.com\/conan-doyle\/\",\"name\":\"Conan Doyle - Uni\u00f3n Esp\u00edrita\",\"isPartOf\":{\"@id\":\"https:\/\/nuevo-renacer.com\/#website\"},\"primaryImageOfPage\":{\"@id\":\"https:\/\/nuevo-renacer.com\/conan-doyle\/#primaryimage\"},\"image\":{\"@id\":\"https:\/\/nuevo-renacer.com\/conan-doyle\/#primaryimage\"},\"thumbnailUrl\":\"https:\/\/ufec-mundial.com\/wp-content\/uploads\/2024\/07\/Arthur_Conan_Doyle_by_Walter_Benington_1914.png\",\"datePublished\":\"2024-07-09T06:35:04+00:00\",\"dateModified\":\"2024-07-09T07:04:41+00:00\",\"breadcrumb\":{\"@id\":\"https:\/\/nuevo-renacer.com\/conan-doyle\/#breadcrumb\"},\"inLanguage\":\"fr-FR\",\"potentialAction\":[{\"@type\":\"ReadAction\",\"target\":[\"https:\/\/nuevo-renacer.com\/conan-doyle\/\"]}]},{\"@type\":\"ImageObject\",\"inLanguage\":\"fr-FR\",\"@id\":\"https:\/\/nuevo-renacer.com\/conan-doyle\/#primaryimage\",\"url\":\"https:\/\/ufec-mundial.com\/wp-content\/uploads\/2024\/07\/Arthur_Conan_Doyle_by_Walter_Benington_1914.png\",\"contentUrl\":\"https:\/\/ufec-mundial.com\/wp-content\/uploads\/2024\/07\/Arthur_Conan_Doyle_by_Walter_Benington_1914.png\"},{\"@type\":\"BreadcrumbList\",\"@id\":\"https:\/\/nuevo-renacer.com\/conan-doyle\/#breadcrumb\",\"itemListElement\":[{\"@type\":\"ListItem\",\"position\":1,\"name\":\"Startseite\",\"item\":\"https:\/\/nuevo-renacer.com\/\"},{\"@type\":\"ListItem\",\"position\":2,\"name\":\"Conan Doyle\"}]},{\"@type\":\"WebSite\",\"@id\":\"https:\/\/nuevo-renacer.com\/#website\",\"url\":\"https:\/\/nuevo-renacer.com\/\",\"name\":\"Uni\u00f3n Esp\u00edrita\",\"description\":\"Nuevo Renacer\",\"publisher\":{\"@id\":\"https:\/\/nuevo-renacer.com\/#organization\"},\"potentialAction\":[{\"@type\":\"SearchAction\",\"target\":{\"@type\":\"EntryPoint\",\"urlTemplate\":\"https:\/\/nuevo-renacer.com\/?s={search_term_string}\"},\"query-input\":{\"@type\":\"PropertyValueSpecification\",\"valueRequired\":true,\"valueName\":\"search_term_string\"}}],\"inLanguage\":\"fr-FR\"},{\"@type\":\"Organization\",\"@id\":\"https:\/\/nuevo-renacer.com\/#organization\",\"name\":\"UFEC\",\"url\":\"https:\/\/nuevo-renacer.com\/\",\"logo\":{\"@type\":\"ImageObject\",\"inLanguage\":\"fr-FR\",\"@id\":\"https:\/\/nuevo-renacer.com\/#\/schema\/logo\/image\/\",\"url\":\"https:\/\/nuevo-renacer.com\/wp-content\/uploads\/2024\/05\/cropped-LOGO-TERMINADO1-3-3.png\",\"contentUrl\":\"https:\/\/nuevo-renacer.com\/wp-content\/uploads\/2024\/05\/cropped-LOGO-TERMINADO1-3-3.png\",\"width\":512,\"height\":512,\"caption\":\"UFEC\"},\"image\":{\"@id\":\"https:\/\/nuevo-renacer.com\/#\/schema\/logo\/image\/\"},\"sameAs\":[\"https:\/\/www.facebook.com\/groups\/3431398063740829\"]}]}<\/script>\n<!-- \/ Yoast SEO Premium plugin. -->","yoast_head_json":{"title":"Conan Doyle - Uni\u00f3n Esp\u00edrita","robots":{"index":"index","follow":"follow","max-snippet":"max-snippet:-1","max-image-preview":"max-image-preview:large","max-video-preview":"max-video-preview:-1"},"canonical":"https:\/\/nuevo-renacer.com\/fr\/conan-doyle\/","og_locale":"fr_FR","og_type":"article","og_title":"Conan Doyle","og_description":"Conan Doyle M\u00e9dico y escritor ingl\u00e9s, famoso por la serie policial de Sherlock Holmes. Naci\u00f3 en Edimburgo, Inglaterra, el 22 de mayo de 1859 y desencarn\u00f3 el 7 de julio de 1930. Era hijo de un conocido poeta y su madre era una mujer de gran sensibilidad. As\u00ed&nbsp;creci\u00f3 entre el arte, la poes\u00eda, la literatura [&hellip;]","og_url":"https:\/\/nuevo-renacer.com\/fr\/conan-doyle\/","og_site_name":"Uni\u00f3n Esp\u00edrita","article_publisher":"https:\/\/www.facebook.com\/groups\/3431398063740829","article_modified_time":"2024-07-09T07:04:41+00:00","og_image":[{"url":"https:\/\/ufec-mundial.com\/wp-content\/uploads\/2024\/07\/Arthur_Conan_Doyle_by_Walter_Benington_1914.png","type":"","width":"","height":""}],"twitter_card":"summary_large_image","twitter_misc":{"Dur\u00e9e de lecture estim\u00e9e":"4 minutes"},"schema":{"@context":"https:\/\/schema.org","@graph":[{"@type":"WebPage","@id":"https:\/\/nuevo-renacer.com\/conan-doyle\/","url":"https:\/\/nuevo-renacer.com\/conan-doyle\/","name":"Conan Doyle - Uni\u00f3n Esp\u00edrita","isPartOf":{"@id":"https:\/\/nuevo-renacer.com\/#website"},"primaryImageOfPage":{"@id":"https:\/\/nuevo-renacer.com\/conan-doyle\/#primaryimage"},"image":{"@id":"https:\/\/nuevo-renacer.com\/conan-doyle\/#primaryimage"},"thumbnailUrl":"https:\/\/ufec-mundial.com\/wp-content\/uploads\/2024\/07\/Arthur_Conan_Doyle_by_Walter_Benington_1914.png","datePublished":"2024-07-09T06:35:04+00:00","dateModified":"2024-07-09T07:04:41+00:00","breadcrumb":{"@id":"https:\/\/nuevo-renacer.com\/conan-doyle\/#breadcrumb"},"inLanguage":"fr-FR","potentialAction":[{"@type":"ReadAction","target":["https:\/\/nuevo-renacer.com\/conan-doyle\/"]}]},{"@type":"ImageObject","inLanguage":"fr-FR","@id":"https:\/\/nuevo-renacer.com\/conan-doyle\/#primaryimage","url":"https:\/\/ufec-mundial.com\/wp-content\/uploads\/2024\/07\/Arthur_Conan_Doyle_by_Walter_Benington_1914.png","contentUrl":"https:\/\/ufec-mundial.com\/wp-content\/uploads\/2024\/07\/Arthur_Conan_Doyle_by_Walter_Benington_1914.png"},{"@type":"BreadcrumbList","@id":"https:\/\/nuevo-renacer.com\/conan-doyle\/#breadcrumb","itemListElement":[{"@type":"ListItem","position":1,"name":"Startseite","item":"https:\/\/nuevo-renacer.com\/"},{"@type":"ListItem","position":2,"name":"Conan Doyle"}]},{"@type":"WebSite","@id":"https:\/\/nuevo-renacer.com\/#website","url":"https:\/\/nuevo-renacer.com\/","name":"Uni\u00f3n Esp\u00edrita","description":"Nuevo Renacer","publisher":{"@id":"https:\/\/nuevo-renacer.com\/#organization"},"potentialAction":[{"@type":"SearchAction","target":{"@type":"EntryPoint","urlTemplate":"https:\/\/nuevo-renacer.com\/?s={search_term_string}"},"query-input":{"@type":"PropertyValueSpecification","valueRequired":true,"valueName":"search_term_string"}}],"inLanguage":"fr-FR"},{"@type":"Organization","@id":"https:\/\/nuevo-renacer.com\/#organization","name":"UFEC","url":"https:\/\/nuevo-renacer.com\/","logo":{"@type":"ImageObject","inLanguage":"fr-FR","@id":"https:\/\/nuevo-renacer.com\/#\/schema\/logo\/image\/","url":"https:\/\/nuevo-renacer.com\/wp-content\/uploads\/2024\/05\/cropped-LOGO-TERMINADO1-3-3.png","contentUrl":"https:\/\/nuevo-renacer.com\/wp-content\/uploads\/2024\/05\/cropped-LOGO-TERMINADO1-3-3.png","width":512,"height":512,"caption":"UFEC"},"image":{"@id":"https:\/\/nuevo-renacer.com\/#\/schema\/logo\/image\/"},"sameAs":["https:\/\/www.facebook.com\/groups\/3431398063740829"]}]}},"uagb_featured_image_src":{"full":false,"thumbnail":false,"medium":false,"medium_large":false,"large":false,"1536x1536":false,"2048x2048":false,"trp-custom-language-flag":false},"uagb_author_info":{"display_name":"adbv0","author_link":"https:\/\/nuevo-renacer.com\/fr\/author\/adbv0\/"},"uagb_comment_info":0,"uagb_excerpt":"Conan Doyle M\u00e9dico y escritor ingl\u00e9s, famoso por la serie policial de Sherlock Holmes. Naci\u00f3 en Edimburgo, Inglaterra, el 22 de mayo de 1859 y desencarn\u00f3 el 7 de julio de 1930. Era hijo de un conocido poeta y su madre era una mujer de gran sensibilidad. As\u00ed&nbsp;creci\u00f3 entre el arte, la poes\u00eda, la literatura\u2026","jetpack_sharing_enabled":true,"_links":{"self":[{"href":"https:\/\/nuevo-renacer.com\/fr\/wp-json\/wp\/v2\/pages\/3424","targetHints":{"allow":["GET"]}}],"collection":[{"href":"https:\/\/nuevo-renacer.com\/fr\/wp-json\/wp\/v2\/pages"}],"about":[{"href":"https:\/\/nuevo-renacer.com\/fr\/wp-json\/wp\/v2\/types\/page"}],"author":[{"embeddable":true,"href":"https:\/\/nuevo-renacer.com\/fr\/wp-json\/wp\/v2\/users\/1"}],"replies":[{"embeddable":true,"href":"https:\/\/nuevo-renacer.com\/fr\/wp-json\/wp\/v2\/comments?post=3424"}],"version-history":[{"count":5,"href":"https:\/\/nuevo-renacer.com\/fr\/wp-json\/wp\/v2\/pages\/3424\/revisions"}],"predecessor-version":[{"id":3433,"href":"https:\/\/nuevo-renacer.com\/fr\/wp-json\/wp\/v2\/pages\/3424\/revisions\/3433"}],"wp:attachment":[{"href":"https:\/\/nuevo-renacer.com\/fr\/wp-json\/wp\/v2\/media?parent=3424"}],"curies":[{"name":"wp","href":"https:\/\/api.w.org\/{rel}","templated":true}]}}