{"id":3409,"date":"2024-07-08T12:44:09","date_gmt":"2024-07-08T12:44:09","guid":{"rendered":"https:\/\/ufec-mundial.com\/?page_id=3409"},"modified":"2024-07-17T09:12:31","modified_gmt":"2024-07-17T09:12:31","slug":"meimei","status":"publish","type":"page","link":"https:\/\/nuevo-renacer.com\/fr\/meimei\/","title":{"rendered":"Irma de Castro Rocha (MEIMEI)"},"content":{"rendered":"<div class=\"wp-block-uagb-container uagb-block-65207609 alignfull uagb-is-root-container\"><div class=\"uagb-container-inner-blocks-wrap\">\n<p class=\"has-black-color has-text-color has-link-color has-medium-font-size wp-elements-11fd72d2d2c523565598a9bde0983009\"><strong><strong>Irma de Castro Rocha (MEIMEI)<\/strong><\/strong><\/p>\n<\/div><\/div>\n\n\n\n<div class=\"wp-block-uagb-container uagb-block-2c8d54c0 alignfull uagb-is-root-container\"><div class=\"uagb-container-inner-blocks-wrap\">\n<figure class=\"wp-block-image size-full is-resized\"><img fetchpriority=\"high\" decoding=\"async\" width=\"640\" height=\"800\" src=\"https:\/\/ufec-mundial.com\/wp-content\/uploads\/2024\/07\/meimei.webp\" alt=\"\" class=\"wp-image-3410\" style=\"width:250px;height:auto\" srcset=\"https:\/\/nuevo-renacer.com\/wp-content\/uploads\/2024\/07\/meimei.webp 640w, https:\/\/nuevo-renacer.com\/wp-content\/uploads\/2024\/07\/meimei-240x300.webp 240w, https:\/\/nuevo-renacer.com\/wp-content\/uploads\/2024\/07\/meimei-10x12.webp 10w\" sizes=\"(max-width: 640px) 100vw, 640px\" \/><\/figure>\n<\/div><\/div>\n\n\n\n<div class=\"wp-block-uagb-container uagb-block-b3db2bfb alignfull uagb-is-root-container\"><div class=\"uagb-container-inner-blocks-wrap\">\n<p class=\"has-black-color has-text-color has-link-color has-small-font-size wp-elements-8da0cd55b964342aab7ee8f54d8f54bb\">Honor\u00e9 par de nombreuses maisons, esp\u00edritas, qui a adopt\u00e9 son nom; l&#039;auteur de plusieurs livres psicografiados par Chico Xavier, parmi eux: \u201cNotre P\u00e8re\u201d, \u201cAmiti\u00e9\u201d, \u201cle C\u0153ur des Mots\u201d, \u201cl&#039;Appr\u00eat de Bonne\u201d, \u201cl&#039;Evangile \u00e0 la Maison\u201d, \u201cDieu s&#039;Attend\u201d, \u201cM\u00e8re\u201d, etc... et pourtant, si peu connue par les t\u00e9moignages qu&#039;il avait \u00e0 donner \u00e0 la vie, Irma Castro \u2013 son nom de bapt\u00eame \u00e9tait un exemple de la r\u00e9signation face \u00e0 la douleur, J&#039;ai arrach\u00e9 tous les plaisirs de la vie pourrait permettre \u00e0 une jeune fille pleine de r\u00eaves et d&#039;espoirs. Meimei est n\u00e9 le 22 octobre 1922, dans la ville de Mateus Leme \u2013 MG et a d\u00e9m\u00e9nag\u00e9 \u00e0 Belo Horizonte, en 1934, o\u00f9 il a rencontr\u00e9 Arnaldo Rocha, qu&#039;il a \u00e9pous\u00e9e \u00e0 l&#039;\u00e2ge de 22 ans, de devenir l&#039;Irma de Castro Rocha. Le mariage a dur\u00e9 seulement deux ann\u00e9es, il mourut \u00e0 l&#039;\u00e2ge de 24 ans, le 1er octobre 1946, dans la ville de Belo Horizonte-MG, de complications g\u00e9n\u00e9ralis\u00e9e en raison d&#039;une n\u00e9phrite chronique.<\/p>\n\n\n\n<p class=\"has-black-color has-text-color has-link-color has-small-font-size wp-elements-362affe5123846908e6b2c2e4c60faad\">Pendant toute son enfance, Meimei eu des probl\u00e8mes avec les amygdales. Votre r\u00e9gion fessi\u00e8re a \u00e9t\u00e9 marqu\u00e9e par les injections. Peu de temps apr\u00e8s son mariage, il est retourn\u00e9 \u00e0 souffrir de la maladie et a d\u00fb subir une op\u00e9ration \u00e0 extirparan glandes. Malheureusement, apr\u00e8s l&#039;op\u00e9ration, une petite partie est rest\u00e9e dans son corps, donnant lieu \u00e0 tous les drames qui auraient \u00e0 traiter, \u00e9tant donn\u00e9 que la maladie a \u00e9t\u00e9 compliqu\u00e9 avec des probl\u00e8mes de reins, qui a culmin\u00e9 dans l&#039;hypertension et l&#039;hypertension art\u00e9rielle dans le cr\u00e2ne.<\/p>\n\n\n\n<p class=\"has-black-color has-text-color has-link-color has-small-font-size wp-elements-afb9f1f0fe8cb51a2e8df99cc99d621f\">En raison de l&#039;hypertension, a commenc\u00e9 \u00e0 souffrir de complications oculaires, en train de perdre la vue et d&#039;avoir \u00e0 rester dans une pi\u00e8ce sombre, le jour et la nuit, et dans les deux derniers jours de sa vie, il \u00e9tait compl\u00e8tement aveugle. Pendant les derniers jours de sa vie, sa souffrance \u00e9tait \u00e0 la hausse. Il eut \u00e0 subir le sang et l&#039;urine des tests hebdomadaires et des crevaisons et de la moelle osseuse. Selon Arnaldo Rocha, son mari, Meimei v\u00e9cu cette p\u00e9riode avec beaucoup de r\u00e9signation, de l&#039;humilit\u00e9 et de la patience.<\/p>\n\n\n\n<p class=\"has-black-color has-text-color has-link-color has-small-font-size wp-elements-f7bf06cdebb2b985b8cf264e6c5c6468\">Les derniers moments ont \u00e9t\u00e9 tr\u00e8s douloureux. Ses poumons n&#039;a pas r\u00e9sist\u00e9 et a souffert d&#039;un \u0153d\u00e8me aigu qui le fit saigner de la bouche. Ses trente derni\u00e8res minutes de sa vie a \u00e9t\u00e9 remplie de d\u00e9sespoir et d&#039;angoisse. Mais \u00e0 la fin de cette p\u00e9riode, \u00e0 la fin de sa vie physique, votre corps a r\u00e9cup\u00e9r\u00e9 l&#039;expression de calme qu&#039;il avait toujours caract\u00e9ris\u00e9. Meimei a \u00e9t\u00e9 enterr\u00e9 dans le cimeti\u00e8re de Bonfim, \u00e0 Belo Horizonte.<\/p>\n\n\n\n<p class=\"has-black-color has-text-color has-link-color has-small-font-size wp-elements-9862210a0b7827ef352d547005b3f5e5\">Sur cinquante jours apr\u00e8s la desencarnaci\u00f3n de sa femme, Arnaldo Rocha, profond\u00e9ment attrist\u00e9, accompagn\u00e9 par son fr\u00e8re Orlando, qui a \u00e9t\u00e9 un spiritualiste, \u00e9tait en train de marcher le long de l&#039;avenida Santos Dumont, \u00e0 Belo Horizonte, quand il a vu le m\u00e9dium Chico Xavier. Arnaldo n&#039;\u00e9tait pas un spiritualiste, et n&#039;avait jamais appr\u00e9ci\u00e9 la soci\u00e9t\u00e9 du moyen jusqu&#039;\u00e0 ce moment. Il avait d\u00e9j\u00e0 pr\u00e8s de dix ans, il avait \u00e9t\u00e9 pr\u00e9sent\u00e9 tr\u00e8s bri\u00e8vement. Je devrais avoir un peu plus de douze ans. Ce qui s&#039;est pass\u00e9 l\u00e0, dans ce moment, a compl\u00e8tement chang\u00e9 sa vie. Et il raconte ce qui s&#039;est pass\u00e9: \u201cGars m&#039;a regard\u00e9 et a dit: \u201ceh Bien les amis, il est de notre Arnaldo, est triste, mince, plein de nostalgie pour le bien-aim\u00e9 Meimei\u201d... Acarici\u00e1ndome, avec leur tendresse, et il a dit: \u201cLaissez-moi voir, mon fils, le portrait de notre Meimei pour garder dans votre porte-monnaie\u201d. Et donc, apr\u00e8s avoir regard\u00e9 le portrait que Arnaldo avait pr\u00e9sent\u00e9 \u00e0 lui, Gar\u00e7on, a d\u00e9clar\u00e9: \u201cNotre ch\u00e8re princesse Meimei a h\u00e2te de vous parler!\u201d.<\/p>\n\n\n\n<p class=\"has-black-color has-text-color has-link-color has-small-font-size wp-elements-72de240759c96222adab8b80f6f5b501\">Et cette nuit, lors d&#039;une r\u00e9union tenue \u00e0 la maison des amis de spiritualistes, \u00e0 Belo Horizonte, Meimei gauche de son premier message psicografiado. Et au fil des ans, le Gar\u00e7on a r\u00e9v\u00e9l\u00e9 ses amis les plus intimes que Meimei a \u00e9t\u00e9 la m\u00eame Blandina mentionn\u00e9 par Andr\u00e9 Luiz dans \u201cEntre la Terre et le Ciel\u201d (chapitres 9 et 10), qui a v\u00e9cu dans la ville spirituelle de \u201cNosso Lar\u201d; il a \u00e9galement dit que c&#039;\u00e9tait le m\u00eame Blandina, fille de Tatien et Helena, qu&#039;Emmanuel est d\u00e9crit dans le roman \u201cl&#039;Oiseau du Christ\u201d, et qu&#039;il a v\u00e9cu au troisi\u00e8me si\u00e8cle apr\u00e8s J\u00e9sus.<\/p>\n\n\n\n<p class=\"has-black-color has-text-color has-link-color has-small-font-size wp-elements-38992d5a302f17880c980bd19906e516\">Enfin, il ne reste plus qu&#039;\u00e0 dire que \u201cMeimei\u201d \u00e9tait un surnom affectueux que le couple Arnando-Irma a commenc\u00e9 \u00e0 utiliser apr\u00e8s la lecture d&#039;un court r\u00e9cit intitul\u00e9 \u201cUn moment \u00e0 P\u00e9kin\u201d, un auteur am\u00e9ricain. Les deux ont commenc\u00e9 \u00e0 \u00eatre appel\u00e9 \u201cMon Meimei\u201d. Et, selon Arnaldo, Gar\u00e7on ne pouvait pas le savoir.<\/p>\n\n\n\n<p class=\"has-black-color has-text-color has-link-color has-small-font-size wp-elements-f15c0b56aaff4b0945e25201b7a42f93\">(Meimei \u2013 chinois expression qui signifie \u201cpur amour\u201d)<\/p>\n\n\n\n<p class=\"has-black-color has-text-color has-link-color has-small-font-size wp-elements-8f43f9bf90d7b15986abe336999b9c96\">\u201cUne nuit, olimos une d\u00e9licieuse odeur. Intimement, je pensais que c&#039;\u00e9tait le m\u00eame qu&#039;il a utilis\u00e9 pour prendre Meimei. J&#039;ai \u00e9t\u00e9 surpris quand j&#039;ai r\u00e9alis\u00e9 que le couloir \u00e9tait \u00e9clair\u00e9 lentement, comme si quelqu&#039;un venait \u00e0 marcher en lui portant une lampe de poche. Soudain, la lumi\u00e8re s&#039;est \u00e9teinte. Quelques instants plus tard, la pi\u00e8ce fut \u00e9clair\u00e9e. Dans le centre de la pi\u00e8ce il y avait une statue luminescents. Un voile qui couvrait son visage. Lev\u00e9 les deux bras et, avec l&#039;\u00e9l\u00e9gance et \u00e9th\u00e9r\u00e9e, il s&#039;est envol\u00e9, passant les mains sur la t\u00eate, provoquant une cascade de beaux cheveux noirs tombaient \u00e0 sa taille. Il A \u00c9t\u00e9 Meimei. Il M&#039;a regard\u00e9, il m&#039;a salu\u00e9 et est venu \u00e0 l&#039;endroit o\u00f9 j&#039;\u00e9tais assis. Elle s&#039;habille avec un tissu l\u00e9ger et transparent. Elle \u00e9tait belle. Je me leva pour l&#039;embrasser et sentir le battement de son c\u0153ur spirituel. Nous nous embrassons dans un fraternel et elle caressait mon visage et a jou\u00e9 avec mes oreilles. Tout en vantant sa beaut\u00e9, le parfum que d\u00e9gageait, l&#039;\u00e9l\u00e9gance de leurs v\u00eatements, dans votre dim f\u00e9minit\u00e9, j&#039;ai dit: \u201ceh Bien, mon Meimei, ici, nous sommes \u00e9galement pr\u00e9occup\u00e9s par la pr\u00e9sentation personnelle! Aider nos concitoyens, la fraternelle de travail nous rend plus belle et, apr\u00e8s tout, je suis une femme! J&#039;ai pr\u00e9par\u00e9 pour vous, jeune homme! N&#039;aime pas un Meimei laid!\u201d<\/p>\n<\/div><\/div>","protected":false},"excerpt":{"rendered":"<p>Irma de Castro Rocha (MEIMEI) Honrada por tantas casas esp\u00edritas que adoptaron su nombre; autora de varios libros psicografiados por Chico Xavier, entre ellos: \u00abPadre Nuestro\u00bb, \u00abAmistad\u00bb, \u00abPalabras del Coraz\u00f3n\u00bb, \u00abCartilla del Bien\u00bb, \u00abEvangelio en Casa\u00bb, \u00abDios Espera\u00bb, \u00abMadre\u00bb, etc&#8230; y, sin embargo, tan poco conocida por los testimonios que tuvo que dar en vida, [&hellip;]<\/p>","protected":false},"author":1,"featured_media":3410,"parent":0,"menu_order":0,"comment_status":"closed","ping_status":"closed","template":"","meta":{"_uag_custom_page_level_css":"","site-sidebar-layout":"default","site-content-layout":"","ast-site-content-layout":"default","site-content-style":"default","site-sidebar-style":"default","ast-global-header-display":"","ast-banner-title-visibility":"","ast-main-header-display":"","ast-hfb-above-header-display":"","ast-hfb-below-header-display":"","ast-hfb-mobile-header-display":"","site-post-title":"disabled","ast-breadcrumbs-content":"","ast-featured-img":"","footer-sml-layout":"","theme-transparent-header-meta":"","adv-header-id-meta":"","stick-header-meta":"","header-above-stick-meta":"","header-main-stick-meta":"","header-below-stick-meta":"","astra-migrate-meta-layouts":"set","ast-page-background-enabled":"default","ast-page-background-meta":{"desktop":{"background-color":"var(--ast-global-color-4)","background-image":"","background-repeat":"repeat","background-position":"center center","background-size":"auto","background-attachment":"scroll","background-type":"","background-media":"","overlay-type":"","overlay-color":"","overlay-opacity":"","overlay-gradient":""},"tablet":{"background-color":"","background-image":"","background-repeat":"repeat","background-position":"center center","background-size":"auto","background-attachment":"scroll","background-type":"","background-media":"","overlay-type":"","overlay-color":"","overlay-opacity":"","overlay-gradient":""},"mobile":{"background-color":"","background-image":"","background-repeat":"repeat","background-position":"center center","background-size":"auto","background-attachment":"scroll","background-type":"","background-media":"","overlay-type":"","overlay-color":"","overlay-opacity":"","overlay-gradient":""}},"ast-content-background-meta":{"desktop":{"background-color":"var(--ast-global-color-5)","background-image":"","background-repeat":"repeat","background-position":"center center","background-size":"auto","background-attachment":"scroll","background-type":"","background-media":"","overlay-type":"","overlay-color":"","overlay-opacity":"","overlay-gradient":""},"tablet":{"background-color":"var(--ast-global-color-5)","background-image":"","background-repeat":"repeat","background-position":"center center","background-size":"auto","background-attachment":"scroll","background-type":"","background-media":"","overlay-type":"","overlay-color":"","overlay-opacity":"","overlay-gradient":""},"mobile":{"background-color":"var(--ast-global-color-5)","background-image":"","background-repeat":"repeat","background-position":"center center","background-size":"auto","background-attachment":"scroll","background-type":"","background-media":"","overlay-type":"","overlay-color":"","overlay-opacity":"","overlay-gradient":""}},"footnotes":""},"class_list":["post-3409","page","type-page","status-publish","has-post-thumbnail","hentry"],"yoast_head":"<!-- This site is optimized with the Yoast SEO Premium plugin v24.2 (Yoast SEO v24.6) - https:\/\/yoast.com\/wordpress\/plugins\/seo\/ -->\n<title>Irma de Castro Rocha (MEIMEI) - Uni\u00f3n Esp\u00edrita<\/title>\n<meta name=\"robots\" content=\"index, follow, max-snippet:-1, max-image-preview:large, max-video-preview:-1\" \/>\n<link rel=\"canonical\" href=\"https:\/\/nuevo-renacer.com\/fr\/meimei\/\" \/>\n<meta property=\"og:locale\" content=\"fr_FR\" \/>\n<meta property=\"og:type\" content=\"article\" \/>\n<meta property=\"og:title\" content=\"Irma de Castro Rocha (MEIMEI)\" \/>\n<meta property=\"og:description\" content=\"Irma de Castro Rocha (MEIMEI) Honrada por tantas casas esp\u00edritas que adoptaron su nombre; autora de varios libros psicografiados por Chico Xavier, entre ellos: \u00abPadre Nuestro\u00bb, \u00abAmistad\u00bb, \u00abPalabras del Coraz\u00f3n\u00bb, \u00abCartilla del Bien\u00bb, \u00abEvangelio en Casa\u00bb, \u00abDios Espera\u00bb, \u00abMadre\u00bb, etc&#8230; y, sin embargo, tan poco conocida por los testimonios que tuvo que dar en vida, [&hellip;]\" \/>\n<meta property=\"og:url\" content=\"https:\/\/nuevo-renacer.com\/fr\/meimei\/\" \/>\n<meta property=\"og:site_name\" content=\"Uni\u00f3n Esp\u00edrita\" \/>\n<meta property=\"article:publisher\" content=\"https:\/\/www.facebook.com\/groups\/3431398063740829\" \/>\n<meta property=\"article:modified_time\" content=\"2024-07-17T09:12:31+00:00\" \/>\n<meta property=\"og:image\" content=\"https:\/\/nuevo-renacer.com\/wp-content\/uploads\/2024\/07\/meimei.webp\" \/>\n\t<meta property=\"og:image:width\" content=\"640\" \/>\n\t<meta property=\"og:image:height\" content=\"800\" \/>\n\t<meta property=\"og:image:type\" content=\"image\/webp\" \/>\n<meta name=\"twitter:card\" content=\"summary_large_image\" \/>\n<meta name=\"twitter:label1\" content=\"Dur\u00e9e de lecture estim\u00e9e\" \/>\n\t<meta name=\"twitter:data1\" content=\"5 minutes\" \/>\n<script type=\"application\/ld+json\" class=\"yoast-schema-graph\">{\"@context\":\"https:\/\/schema.org\",\"@graph\":[{\"@type\":\"WebPage\",\"@id\":\"https:\/\/nuevo-renacer.com\/meimei\/\",\"url\":\"https:\/\/nuevo-renacer.com\/meimei\/\",\"name\":\"Irma de Castro Rocha (MEIMEI) - Uni\u00f3n Esp\u00edrita\",\"isPartOf\":{\"@id\":\"https:\/\/nuevo-renacer.com\/#website\"},\"primaryImageOfPage\":{\"@id\":\"https:\/\/nuevo-renacer.com\/meimei\/#primaryimage\"},\"image\":{\"@id\":\"https:\/\/nuevo-renacer.com\/meimei\/#primaryimage\"},\"thumbnailUrl\":\"https:\/\/nuevo-renacer.com\/wp-content\/uploads\/2024\/07\/meimei.webp\",\"datePublished\":\"2024-07-08T12:44:09+00:00\",\"dateModified\":\"2024-07-17T09:12:31+00:00\",\"breadcrumb\":{\"@id\":\"https:\/\/nuevo-renacer.com\/meimei\/#breadcrumb\"},\"inLanguage\":\"fr-FR\",\"potentialAction\":[{\"@type\":\"ReadAction\",\"target\":[\"https:\/\/nuevo-renacer.com\/meimei\/\"]}]},{\"@type\":\"ImageObject\",\"inLanguage\":\"fr-FR\",\"@id\":\"https:\/\/nuevo-renacer.com\/meimei\/#primaryimage\",\"url\":\"https:\/\/nuevo-renacer.com\/wp-content\/uploads\/2024\/07\/meimei.webp\",\"contentUrl\":\"https:\/\/nuevo-renacer.com\/wp-content\/uploads\/2024\/07\/meimei.webp\",\"width\":640,\"height\":800},{\"@type\":\"BreadcrumbList\",\"@id\":\"https:\/\/nuevo-renacer.com\/meimei\/#breadcrumb\",\"itemListElement\":[{\"@type\":\"ListItem\",\"position\":1,\"name\":\"Startseite\",\"item\":\"https:\/\/nuevo-renacer.com\/\"},{\"@type\":\"ListItem\",\"position\":2,\"name\":\"Irma de Castro Rocha (MEIMEI)\"}]},{\"@type\":\"WebSite\",\"@id\":\"https:\/\/nuevo-renacer.com\/#website\",\"url\":\"https:\/\/nuevo-renacer.com\/\",\"name\":\"Uni\u00f3n Esp\u00edrita\",\"description\":\"Nuevo Renacer\",\"publisher\":{\"@id\":\"https:\/\/nuevo-renacer.com\/#organization\"},\"potentialAction\":[{\"@type\":\"SearchAction\",\"target\":{\"@type\":\"EntryPoint\",\"urlTemplate\":\"https:\/\/nuevo-renacer.com\/?s={search_term_string}\"},\"query-input\":{\"@type\":\"PropertyValueSpecification\",\"valueRequired\":true,\"valueName\":\"search_term_string\"}}],\"inLanguage\":\"fr-FR\"},{\"@type\":\"Organization\",\"@id\":\"https:\/\/nuevo-renacer.com\/#organization\",\"name\":\"UFEC\",\"url\":\"https:\/\/nuevo-renacer.com\/\",\"logo\":{\"@type\":\"ImageObject\",\"inLanguage\":\"fr-FR\",\"@id\":\"https:\/\/nuevo-renacer.com\/#\/schema\/logo\/image\/\",\"url\":\"https:\/\/nuevo-renacer.com\/wp-content\/uploads\/2024\/05\/cropped-LOGO-TERMINADO1-3-3.png\",\"contentUrl\":\"https:\/\/nuevo-renacer.com\/wp-content\/uploads\/2024\/05\/cropped-LOGO-TERMINADO1-3-3.png\",\"width\":512,\"height\":512,\"caption\":\"UFEC\"},\"image\":{\"@id\":\"https:\/\/nuevo-renacer.com\/#\/schema\/logo\/image\/\"},\"sameAs\":[\"https:\/\/www.facebook.com\/groups\/3431398063740829\"]}]}<\/script>\n<!-- \/ Yoast SEO Premium plugin. -->","yoast_head_json":{"title":"Irma de Castro Rocha (MEIMEI) - Uni\u00f3n Esp\u00edrita","robots":{"index":"index","follow":"follow","max-snippet":"max-snippet:-1","max-image-preview":"max-image-preview:large","max-video-preview":"max-video-preview:-1"},"canonical":"https:\/\/nuevo-renacer.com\/fr\/meimei\/","og_locale":"fr_FR","og_type":"article","og_title":"Irma de Castro Rocha (MEIMEI)","og_description":"Irma de Castro Rocha (MEIMEI) Honrada por tantas casas esp\u00edritas que adoptaron su nombre; autora de varios libros psicografiados por Chico Xavier, entre ellos: \u00abPadre Nuestro\u00bb, \u00abAmistad\u00bb, \u00abPalabras del Coraz\u00f3n\u00bb, \u00abCartilla del Bien\u00bb, \u00abEvangelio en Casa\u00bb, \u00abDios Espera\u00bb, \u00abMadre\u00bb, etc&#8230; y, sin embargo, tan poco conocida por los testimonios que tuvo que dar en vida, [&hellip;]","og_url":"https:\/\/nuevo-renacer.com\/fr\/meimei\/","og_site_name":"Uni\u00f3n Esp\u00edrita","article_publisher":"https:\/\/www.facebook.com\/groups\/3431398063740829","article_modified_time":"2024-07-17T09:12:31+00:00","og_image":[{"width":640,"height":800,"url":"https:\/\/nuevo-renacer.com\/wp-content\/uploads\/2024\/07\/meimei.webp","type":"image\/webp"}],"twitter_card":"summary_large_image","twitter_misc":{"Dur\u00e9e de lecture estim\u00e9e":"5 minutes"},"schema":{"@context":"https:\/\/schema.org","@graph":[{"@type":"WebPage","@id":"https:\/\/nuevo-renacer.com\/meimei\/","url":"https:\/\/nuevo-renacer.com\/meimei\/","name":"Irma de Castro Rocha (MEIMEI) - Uni\u00f3n Esp\u00edrita","isPartOf":{"@id":"https:\/\/nuevo-renacer.com\/#website"},"primaryImageOfPage":{"@id":"https:\/\/nuevo-renacer.com\/meimei\/#primaryimage"},"image":{"@id":"https:\/\/nuevo-renacer.com\/meimei\/#primaryimage"},"thumbnailUrl":"https:\/\/nuevo-renacer.com\/wp-content\/uploads\/2024\/07\/meimei.webp","datePublished":"2024-07-08T12:44:09+00:00","dateModified":"2024-07-17T09:12:31+00:00","breadcrumb":{"@id":"https:\/\/nuevo-renacer.com\/meimei\/#breadcrumb"},"inLanguage":"fr-FR","potentialAction":[{"@type":"ReadAction","target":["https:\/\/nuevo-renacer.com\/meimei\/"]}]},{"@type":"ImageObject","inLanguage":"fr-FR","@id":"https:\/\/nuevo-renacer.com\/meimei\/#primaryimage","url":"https:\/\/nuevo-renacer.com\/wp-content\/uploads\/2024\/07\/meimei.webp","contentUrl":"https:\/\/nuevo-renacer.com\/wp-content\/uploads\/2024\/07\/meimei.webp","width":640,"height":800},{"@type":"BreadcrumbList","@id":"https:\/\/nuevo-renacer.com\/meimei\/#breadcrumb","itemListElement":[{"@type":"ListItem","position":1,"name":"Startseite","item":"https:\/\/nuevo-renacer.com\/"},{"@type":"ListItem","position":2,"name":"Irma de Castro Rocha (MEIMEI)"}]},{"@type":"WebSite","@id":"https:\/\/nuevo-renacer.com\/#website","url":"https:\/\/nuevo-renacer.com\/","name":"Uni\u00f3n Esp\u00edrita","description":"Nuevo Renacer","publisher":{"@id":"https:\/\/nuevo-renacer.com\/#organization"},"potentialAction":[{"@type":"SearchAction","target":{"@type":"EntryPoint","urlTemplate":"https:\/\/nuevo-renacer.com\/?s={search_term_string}"},"query-input":{"@type":"PropertyValueSpecification","valueRequired":true,"valueName":"search_term_string"}}],"inLanguage":"fr-FR"},{"@type":"Organization","@id":"https:\/\/nuevo-renacer.com\/#organization","name":"UFEC","url":"https:\/\/nuevo-renacer.com\/","logo":{"@type":"ImageObject","inLanguage":"fr-FR","@id":"https:\/\/nuevo-renacer.com\/#\/schema\/logo\/image\/","url":"https:\/\/nuevo-renacer.com\/wp-content\/uploads\/2024\/05\/cropped-LOGO-TERMINADO1-3-3.png","contentUrl":"https:\/\/nuevo-renacer.com\/wp-content\/uploads\/2024\/05\/cropped-LOGO-TERMINADO1-3-3.png","width":512,"height":512,"caption":"UFEC"},"image":{"@id":"https:\/\/nuevo-renacer.com\/#\/schema\/logo\/image\/"},"sameAs":["https:\/\/www.facebook.com\/groups\/3431398063740829"]}]}},"uagb_featured_image_src":{"full":["https:\/\/nuevo-renacer.com\/wp-content\/uploads\/2024\/07\/meimei.webp",640,800,false],"thumbnail":["https:\/\/nuevo-renacer.com\/wp-content\/uploads\/2024\/07\/meimei-150x150.webp",150,150,true],"medium":["https:\/\/nuevo-renacer.com\/wp-content\/uploads\/2024\/07\/meimei-240x300.webp",240,300,true],"medium_large":["https:\/\/nuevo-renacer.com\/wp-content\/uploads\/2024\/07\/meimei.webp",640,800,false],"large":["https:\/\/nuevo-renacer.com\/wp-content\/uploads\/2024\/07\/meimei.webp",640,800,false],"1536x1536":["https:\/\/nuevo-renacer.com\/wp-content\/uploads\/2024\/07\/meimei.webp",640,800,false],"2048x2048":["https:\/\/nuevo-renacer.com\/wp-content\/uploads\/2024\/07\/meimei.webp",640,800,false],"trp-custom-language-flag":["https:\/\/nuevo-renacer.com\/wp-content\/uploads\/2024\/07\/meimei-10x12.webp",10,12,true]},"uagb_author_info":{"display_name":"adbv0","author_link":"https:\/\/nuevo-renacer.com\/fr\/author\/adbv0\/"},"uagb_comment_info":0,"uagb_excerpt":"Irma de Castro Rocha (MEIMEI) Honrada por tantas casas esp\u00edritas que adoptaron su nombre; autora de varios libros psicografiados por Chico Xavier, entre ellos: \u00abPadre Nuestro\u00bb, \u00abAmistad\u00bb, \u00abPalabras del Coraz\u00f3n\u00bb, \u00abCartilla del Bien\u00bb, \u00abEvangelio en Casa\u00bb, \u00abDios Espera\u00bb, \u00abMadre\u00bb, etc&#8230; y, sin embargo, tan poco conocida por los testimonios que tuvo que dar en vida,\u2026","jetpack_sharing_enabled":true,"_links":{"self":[{"href":"https:\/\/nuevo-renacer.com\/fr\/wp-json\/wp\/v2\/pages\/3409","targetHints":{"allow":["GET"]}}],"collection":[{"href":"https:\/\/nuevo-renacer.com\/fr\/wp-json\/wp\/v2\/pages"}],"about":[{"href":"https:\/\/nuevo-renacer.com\/fr\/wp-json\/wp\/v2\/types\/page"}],"author":[{"embeddable":true,"href":"https:\/\/nuevo-renacer.com\/fr\/wp-json\/wp\/v2\/users\/1"}],"replies":[{"embeddable":true,"href":"https:\/\/nuevo-renacer.com\/fr\/wp-json\/wp\/v2\/comments?post=3409"}],"version-history":[{"count":2,"href":"https:\/\/nuevo-renacer.com\/fr\/wp-json\/wp\/v2\/pages\/3409\/revisions"}],"predecessor-version":[{"id":3948,"href":"https:\/\/nuevo-renacer.com\/fr\/wp-json\/wp\/v2\/pages\/3409\/revisions\/3948"}],"wp:featuredmedia":[{"embeddable":true,"href":"https:\/\/nuevo-renacer.com\/fr\/wp-json\/wp\/v2\/media\/3410"}],"wp:attachment":[{"href":"https:\/\/nuevo-renacer.com\/fr\/wp-json\/wp\/v2\/media?parent=3409"}],"curies":[{"name":"wp","href":"https:\/\/api.w.org\/{rel}","templated":true}]}}