{"id":3392,"date":"2024-07-08T10:40:28","date_gmt":"2024-07-08T10:40:28","guid":{"rendered":"https:\/\/ufec-mundial.com\/?page_id=3392"},"modified":"2024-07-08T10:40:30","modified_gmt":"2024-07-08T10:40:30","slug":"analia-franco","status":"publish","type":"page","link":"https:\/\/nuevo-renacer.com\/fr\/analia-franco\/","title":{"rendered":"An\u00e1lia Franco"},"content":{"rendered":"<div class=\"wp-block-uagb-container uagb-block-a369d7b2 alignfull uagb-is-root-container\"><div class=\"uagb-container-inner-blocks-wrap\">\n<div class=\"wp-block-uagb-container uagb-block-91ef1f0b\">\n<p class=\"has-black-color has-text-color has-link-color has-medium-font-size wp-elements-b796ebe692064911ab26e08a668aeab1\"><strong>An\u00e1lia Franco<\/strong><\/p>\n<\/div>\n<\/div><\/div>\n\n\n\n<div class=\"wp-block-uagb-container uagb-block-9cdc9149 alignfull uagb-is-root-container\"><div class=\"uagb-container-inner-blocks-wrap\">\n<figure class=\"wp-block-image size-full is-resized\"><img fetchpriority=\"high\" decoding=\"async\" width=\"640\" height=\"800\" src=\"https:\/\/ufec-mundial.com\/wp-content\/uploads\/2024\/07\/analia-franco.webp\" alt=\"\" class=\"wp-image-3393\" style=\"width:226px;height:auto\" srcset=\"https:\/\/nuevo-renacer.com\/wp-content\/uploads\/2024\/07\/analia-franco.webp 640w, https:\/\/nuevo-renacer.com\/wp-content\/uploads\/2024\/07\/analia-franco-240x300.webp 240w, https:\/\/nuevo-renacer.com\/wp-content\/uploads\/2024\/07\/analia-franco-10x12.webp 10w\" sizes=\"(max-width: 640px) 100vw, 640px\" \/><\/figure>\n<\/div><\/div>\n\n\n\n<div class=\"wp-block-uagb-container uagb-block-3eeda19a alignfull uagb-is-root-container\"><div class=\"uagb-container-inner-blocks-wrap\">\n<p class=\"has-black-color has-text-color has-link-color has-small-font-size wp-elements-149830a29213e2bcb3545920f6534993\">An\u00e1lia H\u00e9l\u00e8ne Franco Bastos, plus commun\u00e9ment connu comme An\u00e1lia Franco, est n\u00e9 le 1er f\u00e9vrier 1853, dans la ville de Resende, dans l&#039;\u00e9tat de Rio de Janeiro, et est d\u00e9c\u00e9d\u00e9 le 20 janvier 1919, dans la ville de S\u00e3o Paulo. Il \u00e9tait un journaliste, \u00e9crivain, po\u00e8te et enseignant expert, il a laiss\u00e9 un h\u00e9ritage de l&#039;amour pour les autres et de travail acharn\u00e9 dans le bien, un exemple de d\u00e9sint\u00e9ressement et de la vraie charit\u00e9.<\/p>\n\n\n\n<p class=\"has-black-color has-text-color has-link-color has-small-font-size wp-elements-33d498a64137dcf326728220e66af6d4\">Il a commenc\u00e9 sa carri\u00e8re dans l&#039;enseignement \u00e0 l&#039;\u00e2ge de 15 ans, o\u00f9 il a assist\u00e9 le magist\u00e8re et a aid\u00e9 sa m\u00e8re, qui \u00e9tait aussi un enseignant. Il a v\u00e9cu en un temps o\u00f9 la soci\u00e9t\u00e9 a \u00e9t\u00e9 exploit\u00e9 par les noirs, et o\u00f9 les femmes n&#039;avaient pas de voix.<\/p>\n\n\n\n<p class=\"has-black-color has-text-color has-link-color has-small-font-size wp-elements-cf9001d20e7cf5aac7a43e26582f08d7\">En 1871, le gouvernement a approuv\u00e9 la Loi de l&#039;Ut\u00e9rus Libre, o\u00f9 j&#039;ai propos\u00e9 de la libert\u00e9 des enfants n\u00e9s de m\u00e8res esclaves, mais ce serait sous la tutelle de ma\u00eetres d&#039;esclaves jusqu&#039;\u00e0 l&#039;\u00e2ge de 8 ans, ce qui a entra\u00een\u00e9 des abus et de mauvais traitements, et puis les enfants \u00e9taient n\u00e9glig\u00e9s et abandonn\u00e9s \u00e0 leur sort. \u00c9mu par cette situation, An\u00e1lia Franco a commenc\u00e9 son travail social, en \u00e9crivant des lettres pour les femmes, \u00e9pouses d&#039;agriculteurs, de demander de l&#039;aide et le support. Et puis vous avez cr\u00e9\u00e9 un lieu pour accueillir ces enfants, appel\u00e9 la Maison Maternelle.<\/p>\n\n\n\n<p class=\"has-black-color has-text-color has-link-color has-small-font-size wp-elements-aeb59dbf508851e353a861907452947e\">Cette premi\u00e8re place a \u00e9t\u00e9 attribu\u00e9 gratuitement par l&#039;une des femmes qui An\u00e1lia eu de contact pour demander de l&#039;aide. Toutefois, la condition impos\u00e9e par l&#039;, c&#039;\u00e9tait que les noirs et les blancs ne se m\u00e9langent pas. Proposition An\u00e1lia rejet\u00e9e, et a continu\u00e9 \u00e0 payer un loyer pour le lieu de rencontre des enfants d\u00e9favoris\u00e9s, sans aucune distinction de race. Pas heureux avec la d\u00e9cision de An\u00e1lia, l&#039;\u00e9pouse de l&#039;agriculteur d&#039;utiliser les ressources qu&#039;il avait, et l&#039;influence de son mari \u00e0 expulser An\u00e1lia du site.<\/p>\n\n\n\n<p class=\"has-black-color has-text-color has-link-color has-small-font-size wp-elements-edfc46878c953c6bc1f5aa46607bb02f\">Dans cette situation, An\u00e1lia all\u00e9 \u00e0 la ville de S\u00e3o Paulo, o\u00f9 il a lou\u00e9 une maison avec son propre argent, ce qui correspondait \u00e0 la moiti\u00e9 de son salaire en tant que professeur. Et, lorsque vous ne disposez pas de suffisamment de ressources pour nourrir les enfants, est sorti dans les rues pour demander de l&#039;aide.<\/p>\n\n\n\n<p class=\"has-black-color has-text-color has-link-color has-small-font-size wp-elements-d57c64920328c6107fb7acc2e4214c35\">An\u00e1lia Franco pass\u00e9 une grande partie de sa vie \u00e0 des activit\u00e9s socio-\u00e9ducatives pour les enfants, principalement en noir, les enfants d&#039;esclaves. Toutefois, l&#039;\u00e9tendue de ses projets sociaux et ont \u00e9galement permis de travail des femmes, les pauvres, les marginalis\u00e9s, les orphelins et les n\u00e9cessiteux. Elle croyait en une \u00e9ducation lib\u00e9ratrice, dans laquelle elle a essay\u00e9 de responsabiliser les populations mal desservies, l&#039;offre de formation professionnelle et \u00e0 d\u00e9velopper, avec eux, l&#039;apprentissage, la croissance et la (re)construction de leur propre vie, o\u00f9 ils purent retourner \u00e0 participer activement \u00e0 la soci\u00e9t\u00e9.<\/p>\n\n\n\n<p class=\"has-black-color has-text-color has-link-color has-small-font-size wp-elements-7fe25f781e377bb1f3f8444b2af95804\">An\u00e1lia Franco a collabor\u00e9 avec plusieurs journaux et magazines \u00e0 partir de diff\u00e9rentes villes, ainsi qu&#039;au Portugal. Et le 30 avril, 1898, il a cr\u00e9\u00e9 son propre magazine intitul\u00e9 \u201cl&#039;Album des filles\u201d, publi\u00e9 tous les mois, et est destin\u00e9 \u00e0 des jeunes femmes br\u00e9siliennes, le caract\u00e8re litt\u00e9raire et p\u00e9dagogique, le contenu produit par les propres An\u00e1lia, qui a \u00e9galement re\u00e7u l&#039;aide d&#039;autres partenaires.<\/p>\n\n\n\n<p class=\"has-black-color has-text-color has-link-color has-small-font-size wp-elements-286fb4316099dbd5a5f0794cf7f2f204\">Le magazine a couru jusqu&#039;en 1901, et a \u00e9t\u00e9 un moyen d&#039;encourager l&#039;\u00e9ducation des filles, comme An\u00e1lia utilis\u00e9 ce moyen pour faire un appel aux parents et \u00e0 la soci\u00e9t\u00e9 pour l&#039;\u00e9ducation des femmes n&#039;est pas limit\u00e9 seulement par l&#039;apprentissage de la lecture et de l&#039;\u00e9criture, et aussi de solliciter l&#039;appui de l&#039;enseignement public.<\/p>\n\n\n\n<p class=\"has-black-color has-text-color has-link-color has-small-font-size wp-elements-ab4e0a2f066e7b6603791241b4010106\">Le 17 novembre 1901, An\u00e1lia Franco inaugur\u00e9 les \u201cFemmes de l&#039;Association de Bienfaisance et Instructif de l&#039;\u00c9tat de S\u00e3o Paulo\u201c, pour aider, pour instruire et d&#039;\u00e9duquer les enfants pauvres, en essayant d&#039;\u00e9radiquer l&#039;analphab\u00e9tisme, la pauvret\u00e9 et l&#039;ignorance des moins chanceux. Dans leurs propres mots, \u201cl&#039;Association n&#039;a pas un seul but de prot\u00e9ger et d&#039;\u00e9duquer les plus d\u00e9munis; il a un but plus \u00e9lev\u00e9, qui est de rassembler autour d&#039;un santa id\u00e9e pour toutes les dames de l&#039;intelligence et de bonne volont\u00e9, de travailler sur un commun accord dans le bien-\u00eatre social\u201d.<\/p>\n\n\n\n<p class=\"has-black-color has-text-color has-link-color has-small-font-size wp-elements-42a5265ac11ad630cf87ec35c2115f7c\">M\u00eame en \u00e9tant un spirite, An\u00e1lia jamais voulu montrer cette teinte dans votre travail et de vos projets, parce qu&#039;il a accueilli des enfants de diff\u00e9rentes religions, et il croyait que ce qui \u00e9tait le principal enseignement des v\u00e9rit\u00e9s fondamentales de la religion, comme l&#039;existence de Dieu et l&#039;amour pour les autres.<\/p>\n\n\n\n<p class=\"has-black-color has-text-color has-link-color has-small-font-size wp-elements-54e2ec9ef8cc2a4633cd45022b191fd2\">An\u00e1lia est un exemple de d\u00e9vouement et croyaient fermement en la puissance de l&#039;\u00e9ducation. Avec son discours, il a essay\u00e9 de convaincre d&#039;autres personnes, en particulier des femmes, de la nation br\u00e9silienne n&#039;ont qu&#039;un avenir d\u00e9cent \u00e0 travers l&#039;\u00e9ducation des enfants, et a d\u00e9clar\u00e9: \u201cnous \u00c9duquer et de soutenir les enfants pauvres qui ont besoin de notre aide: creuser entre eux hors des sentiers de la des d\u00e9fauts, ce qui les rend utiles citoyens, et digne de la grandeur de notre Patrie\u201d.<\/p>\n\n\n\n<p class=\"has-black-color has-text-color has-link-color has-small-font-size wp-elements-4ab988c242933afc12ce4d61d05eb875\">Il avait sous sa supervision, trente \u00c9coles \u00e0 S\u00e3o Paulo, les maisons de soins infirmiers, les \u00e9coles maternelles et d&#039;autres \u00e9coles dans les 24 autres villes, pour un total d&#039;environ 70 institutions, dans lequel An\u00e1lia a donn\u00e9 sa vie pour maintenir le mode de vie et la qualit\u00e9 de travail dans ces foyers d&#039;accueil, et de l&#039;amour.<\/p>\n\n\n\n<p class=\"has-black-color has-text-color has-link-color has-small-font-size wp-elements-79223ef6ecf16077f15d0ac1da21c0db\">Il a d\u00fb surmonter de nombreuses difficult\u00e9s lorsque les ressources sont rares, en raison de la seconde Guerre Mondiale, o\u00f9 il \u00e9tait difficile de savoir, avec l&#039;aide du Gouvernement. Il a organis\u00e9 plusieurs \u00e9v\u00e9nements et a \u00e9t\u00e9, un temps, avec l&#039;aide d&#039;amis et de collaborateurs. Ensuite, il fait une tourn\u00e9e des villes avec la Femelle de la Bande \u201cRegente Feij\u00f3,\u201d et le Groupe du drame Musical de la Colonie de R\u00e9g\u00e9n\u00e9ration \u201cDom Romualdo\u201d, \u00e0 la fois fond\u00e9e par elle, pour obtenir des dons \u00e0 l&#039;Association, \u00e0 condition, bien s\u00fbr, avec l&#039;aide et le soutien de son mari, Francisco Antonio Bastos.<\/p>\n\n\n\n<p class=\"has-black-color has-text-color has-link-color has-small-font-size wp-elements-f265bc7c0531baff9ed505ca4b9c10e0\">Malgr\u00e9 tous ces efforts, de g\u00e9n\u00e9rer une autre calamit\u00e9 et le Br\u00e9sil ne serait pas hors de votre port\u00e9e. Une pand\u00e9mie connue comme la \u201cgrippe espagnole\u201d a commenc\u00e9 en Europe, et, en 1918, il y avait un grand nombre de d\u00e9c\u00e8s dans l&#039;\u00e9tat de S\u00e3o Paulo.<\/p>\n\n\n\n<p class=\"has-black-color has-text-color has-link-color has-small-font-size wp-elements-e8919ad9a35cdd43abad5a1813d784ed\">D\u00e9j\u00e0 sans force \u00e0 aller de l&#039;avant, apr\u00e8s tous les efforts et les ennuis sont pris en charge pour des soins pour leurs enfants bien-aim\u00e9s, An\u00e1lia d\u00e9sincarne le 20 janvier 1919, \u00e0 S\u00e3o Paulo.<\/p>\n\n\n\n<p class=\"has-black-color has-text-color has-link-color has-small-font-size wp-elements-cdfe2bd9c31b92d51f11e48d7e5b06d7\">L&#039;\u00e2me d\u00e9licate, pur de c\u0153ur, d\u00e9vou\u00e9, humble, patient, plein d&#039;amour, il a \u00e9t\u00e9 un fid\u00e8le serviteur de J\u00e9sus et construit une grande famille spirituelle. Avait Pas d&#039;enfants biologiques, mais des centaines d&#039;enfants de c\u0153ur. Il a \u00e9t\u00e9 appel\u00e9 la m\u00e8re, et l&#039;ensemble de son travail a \u00e9t\u00e9 d\u00e9di\u00e9 au P\u00e8re de la Mis\u00e9ricorde Infinie.<\/p>\n\n\n\n<p class=\"has-black-color has-text-color has-link-color has-small-font-size wp-elements-932e834b6be8fcb43dd249e0b8b995bf\">Il a laiss\u00e9 derri\u00e8re lui un h\u00e9ritage de l&#039;amour et de l&#039;\u00e9ducateur de la copie. Il a \u00e9crit quelques romans, il a collabor\u00e9 avec plusieurs magazines et de journaux, et inspir\u00e9 des milliers d&#039;\u00e2mes, et reste, jusqu&#039;\u00e0 aujourd&#039;hui, une personnalit\u00e9 est inoubliable.<\/p>\n\n\n\n<p class=\"has-black-color has-text-color has-link-color has-small-font-size wp-elements-c90daae3c00486bafda669c7dc6fe62b\">Pour An\u00e1lia Franco, \u201capr\u00e8s la pens\u00e9e et de la parole de Dieu, rien n&#039;est plus belle et plus noble que la mission d&#039;un v\u00e9ritable \u00e9ducateur des enfants.\u201d<\/p>\n<\/div><\/div>","protected":false},"excerpt":{"rendered":"<p>An\u00e1lia Franco An\u00e1lia Em\u00edlia Franco Bastos, m\u00e1s conocida como An\u00e1lia Franco, naci\u00f3 el 1 de febrero de 1853, en la ciudad de Resende, en el estado de R\u00edo de Janeiro, y muri\u00f3 el 20 de enero de 1919, en la ciudad de S\u00e3o Paulo. Fue periodista, escritora, poeta y educadora experta, que dej\u00f3 un legado [&hellip;]<\/p>","protected":false},"author":1,"featured_media":0,"parent":0,"menu_order":0,"comment_status":"closed","ping_status":"closed","template":"","meta":{"_uag_custom_page_level_css":"","site-sidebar-layout":"default","site-content-layout":"","ast-site-content-layout":"default","site-content-style":"default","site-sidebar-style":"default","ast-global-header-display":"","ast-banner-title-visibility":"","ast-main-header-display":"","ast-hfb-above-header-display":"","ast-hfb-below-header-display":"","ast-hfb-mobile-header-display":"","site-post-title":"disabled","ast-breadcrumbs-content":"","ast-featured-img":"","footer-sml-layout":"","theme-transparent-header-meta":"","adv-header-id-meta":"","stick-header-meta":"","header-above-stick-meta":"","header-main-stick-meta":"","header-below-stick-meta":"","astra-migrate-meta-layouts":"set","ast-page-background-enabled":"default","ast-page-background-meta":{"desktop":{"background-color":"var(--ast-global-color-4)","background-image":"","background-repeat":"repeat","background-position":"center center","background-size":"auto","background-attachment":"scroll","background-type":"","background-media":"","overlay-type":"","overlay-color":"","overlay-opacity":"","overlay-gradient":""},"tablet":{"background-color":"","background-image":"","background-repeat":"repeat","background-position":"center center","background-size":"auto","background-attachment":"scroll","background-type":"","background-media":"","overlay-type":"","overlay-color":"","overlay-opacity":"","overlay-gradient":""},"mobile":{"background-color":"","background-image":"","background-repeat":"repeat","background-position":"center center","background-size":"auto","background-attachment":"scroll","background-type":"","background-media":"","overlay-type":"","overlay-color":"","overlay-opacity":"","overlay-gradient":""}},"ast-content-background-meta":{"desktop":{"background-color":"var(--ast-global-color-5)","background-image":"","background-repeat":"repeat","background-position":"center center","background-size":"auto","background-attachment":"scroll","background-type":"","background-media":"","overlay-type":"","overlay-color":"","overlay-opacity":"","overlay-gradient":""},"tablet":{"background-color":"var(--ast-global-color-5)","background-image":"","background-repeat":"repeat","background-position":"center center","background-size":"auto","background-attachment":"scroll","background-type":"","background-media":"","overlay-type":"","overlay-color":"","overlay-opacity":"","overlay-gradient":""},"mobile":{"background-color":"var(--ast-global-color-5)","background-image":"","background-repeat":"repeat","background-position":"center center","background-size":"auto","background-attachment":"scroll","background-type":"","background-media":"","overlay-type":"","overlay-color":"","overlay-opacity":"","overlay-gradient":""}},"footnotes":""},"class_list":["post-3392","page","type-page","status-publish","hentry"],"yoast_head":"<!-- This site is optimized with the Yoast SEO Premium plugin v24.2 (Yoast SEO v24.6) - https:\/\/yoast.com\/wordpress\/plugins\/seo\/ -->\n<title>An\u00e1lia Franco - Uni\u00f3n Esp\u00edrita<\/title>\n<meta name=\"robots\" content=\"index, follow, max-snippet:-1, max-image-preview:large, max-video-preview:-1\" \/>\n<link rel=\"canonical\" href=\"https:\/\/nuevo-renacer.com\/fr\/analia-franco\/\" \/>\n<meta property=\"og:locale\" content=\"fr_FR\" \/>\n<meta property=\"og:type\" content=\"article\" \/>\n<meta property=\"og:title\" content=\"An\u00e1lia Franco\" \/>\n<meta property=\"og:description\" content=\"An\u00e1lia Franco An\u00e1lia Em\u00edlia Franco Bastos, m\u00e1s conocida como An\u00e1lia Franco, naci\u00f3 el 1 de febrero de 1853, en la ciudad de Resende, en el estado de R\u00edo de Janeiro, y muri\u00f3 el 20 de enero de 1919, en la ciudad de S\u00e3o Paulo. Fue periodista, escritora, poeta y educadora experta, que dej\u00f3 un legado [&hellip;]\" \/>\n<meta property=\"og:url\" content=\"https:\/\/nuevo-renacer.com\/fr\/analia-franco\/\" \/>\n<meta property=\"og:site_name\" content=\"Uni\u00f3n Esp\u00edrita\" \/>\n<meta property=\"article:publisher\" content=\"https:\/\/www.facebook.com\/groups\/3431398063740829\" \/>\n<meta property=\"article:modified_time\" content=\"2024-07-08T10:40:30+00:00\" \/>\n<meta property=\"og:image\" content=\"https:\/\/ufec-mundial.com\/wp-content\/uploads\/2024\/07\/analia-franco.webp\" \/>\n<meta name=\"twitter:card\" content=\"summary_large_image\" \/>\n<meta name=\"twitter:label1\" content=\"Dur\u00e9e de lecture estim\u00e9e\" \/>\n\t<meta name=\"twitter:data1\" content=\"6 minutes\" \/>\n<script type=\"application\/ld+json\" class=\"yoast-schema-graph\">{\"@context\":\"https:\/\/schema.org\",\"@graph\":[{\"@type\":\"WebPage\",\"@id\":\"https:\/\/nuevo-renacer.com\/analia-franco\/\",\"url\":\"https:\/\/nuevo-renacer.com\/analia-franco\/\",\"name\":\"An\u00e1lia Franco - Uni\u00f3n Esp\u00edrita\",\"isPartOf\":{\"@id\":\"https:\/\/nuevo-renacer.com\/#website\"},\"primaryImageOfPage\":{\"@id\":\"https:\/\/nuevo-renacer.com\/analia-franco\/#primaryimage\"},\"image\":{\"@id\":\"https:\/\/nuevo-renacer.com\/analia-franco\/#primaryimage\"},\"thumbnailUrl\":\"https:\/\/ufec-mundial.com\/wp-content\/uploads\/2024\/07\/analia-franco.webp\",\"datePublished\":\"2024-07-08T10:40:28+00:00\",\"dateModified\":\"2024-07-08T10:40:30+00:00\",\"breadcrumb\":{\"@id\":\"https:\/\/nuevo-renacer.com\/analia-franco\/#breadcrumb\"},\"inLanguage\":\"fr-FR\",\"potentialAction\":[{\"@type\":\"ReadAction\",\"target\":[\"https:\/\/nuevo-renacer.com\/analia-franco\/\"]}]},{\"@type\":\"ImageObject\",\"inLanguage\":\"fr-FR\",\"@id\":\"https:\/\/nuevo-renacer.com\/analia-franco\/#primaryimage\",\"url\":\"https:\/\/ufec-mundial.com\/wp-content\/uploads\/2024\/07\/analia-franco.webp\",\"contentUrl\":\"https:\/\/ufec-mundial.com\/wp-content\/uploads\/2024\/07\/analia-franco.webp\"},{\"@type\":\"BreadcrumbList\",\"@id\":\"https:\/\/nuevo-renacer.com\/analia-franco\/#breadcrumb\",\"itemListElement\":[{\"@type\":\"ListItem\",\"position\":1,\"name\":\"Startseite\",\"item\":\"https:\/\/nuevo-renacer.com\/\"},{\"@type\":\"ListItem\",\"position\":2,\"name\":\"An\u00e1lia Franco\"}]},{\"@type\":\"WebSite\",\"@id\":\"https:\/\/nuevo-renacer.com\/#website\",\"url\":\"https:\/\/nuevo-renacer.com\/\",\"name\":\"Uni\u00f3n Esp\u00edrita\",\"description\":\"Nuevo Renacer\",\"publisher\":{\"@id\":\"https:\/\/nuevo-renacer.com\/#organization\"},\"potentialAction\":[{\"@type\":\"SearchAction\",\"target\":{\"@type\":\"EntryPoint\",\"urlTemplate\":\"https:\/\/nuevo-renacer.com\/?s={search_term_string}\"},\"query-input\":{\"@type\":\"PropertyValueSpecification\",\"valueRequired\":true,\"valueName\":\"search_term_string\"}}],\"inLanguage\":\"fr-FR\"},{\"@type\":\"Organization\",\"@id\":\"https:\/\/nuevo-renacer.com\/#organization\",\"name\":\"UFEC\",\"url\":\"https:\/\/nuevo-renacer.com\/\",\"logo\":{\"@type\":\"ImageObject\",\"inLanguage\":\"fr-FR\",\"@id\":\"https:\/\/nuevo-renacer.com\/#\/schema\/logo\/image\/\",\"url\":\"https:\/\/nuevo-renacer.com\/wp-content\/uploads\/2024\/05\/cropped-LOGO-TERMINADO1-3-3.png\",\"contentUrl\":\"https:\/\/nuevo-renacer.com\/wp-content\/uploads\/2024\/05\/cropped-LOGO-TERMINADO1-3-3.png\",\"width\":512,\"height\":512,\"caption\":\"UFEC\"},\"image\":{\"@id\":\"https:\/\/nuevo-renacer.com\/#\/schema\/logo\/image\/\"},\"sameAs\":[\"https:\/\/www.facebook.com\/groups\/3431398063740829\"]}]}<\/script>\n<!-- \/ Yoast SEO Premium plugin. -->","yoast_head_json":{"title":"An\u00e1lia Franco - Uni\u00f3n Esp\u00edrita","robots":{"index":"index","follow":"follow","max-snippet":"max-snippet:-1","max-image-preview":"max-image-preview:large","max-video-preview":"max-video-preview:-1"},"canonical":"https:\/\/nuevo-renacer.com\/fr\/analia-franco\/","og_locale":"fr_FR","og_type":"article","og_title":"An\u00e1lia Franco","og_description":"An\u00e1lia Franco An\u00e1lia Em\u00edlia Franco Bastos, m\u00e1s conocida como An\u00e1lia Franco, naci\u00f3 el 1 de febrero de 1853, en la ciudad de Resende, en el estado de R\u00edo de Janeiro, y muri\u00f3 el 20 de enero de 1919, en la ciudad de S\u00e3o Paulo. Fue periodista, escritora, poeta y educadora experta, que dej\u00f3 un legado [&hellip;]","og_url":"https:\/\/nuevo-renacer.com\/fr\/analia-franco\/","og_site_name":"Uni\u00f3n Esp\u00edrita","article_publisher":"https:\/\/www.facebook.com\/groups\/3431398063740829","article_modified_time":"2024-07-08T10:40:30+00:00","og_image":[{"url":"https:\/\/ufec-mundial.com\/wp-content\/uploads\/2024\/07\/analia-franco.webp","type":"","width":"","height":""}],"twitter_card":"summary_large_image","twitter_misc":{"Dur\u00e9e de lecture estim\u00e9e":"6 minutes"},"schema":{"@context":"https:\/\/schema.org","@graph":[{"@type":"WebPage","@id":"https:\/\/nuevo-renacer.com\/analia-franco\/","url":"https:\/\/nuevo-renacer.com\/analia-franco\/","name":"An\u00e1lia Franco - Uni\u00f3n Esp\u00edrita","isPartOf":{"@id":"https:\/\/nuevo-renacer.com\/#website"},"primaryImageOfPage":{"@id":"https:\/\/nuevo-renacer.com\/analia-franco\/#primaryimage"},"image":{"@id":"https:\/\/nuevo-renacer.com\/analia-franco\/#primaryimage"},"thumbnailUrl":"https:\/\/ufec-mundial.com\/wp-content\/uploads\/2024\/07\/analia-franco.webp","datePublished":"2024-07-08T10:40:28+00:00","dateModified":"2024-07-08T10:40:30+00:00","breadcrumb":{"@id":"https:\/\/nuevo-renacer.com\/analia-franco\/#breadcrumb"},"inLanguage":"fr-FR","potentialAction":[{"@type":"ReadAction","target":["https:\/\/nuevo-renacer.com\/analia-franco\/"]}]},{"@type":"ImageObject","inLanguage":"fr-FR","@id":"https:\/\/nuevo-renacer.com\/analia-franco\/#primaryimage","url":"https:\/\/ufec-mundial.com\/wp-content\/uploads\/2024\/07\/analia-franco.webp","contentUrl":"https:\/\/ufec-mundial.com\/wp-content\/uploads\/2024\/07\/analia-franco.webp"},{"@type":"BreadcrumbList","@id":"https:\/\/nuevo-renacer.com\/analia-franco\/#breadcrumb","itemListElement":[{"@type":"ListItem","position":1,"name":"Startseite","item":"https:\/\/nuevo-renacer.com\/"},{"@type":"ListItem","position":2,"name":"An\u00e1lia Franco"}]},{"@type":"WebSite","@id":"https:\/\/nuevo-renacer.com\/#website","url":"https:\/\/nuevo-renacer.com\/","name":"Uni\u00f3n Esp\u00edrita","description":"Nuevo Renacer","publisher":{"@id":"https:\/\/nuevo-renacer.com\/#organization"},"potentialAction":[{"@type":"SearchAction","target":{"@type":"EntryPoint","urlTemplate":"https:\/\/nuevo-renacer.com\/?s={search_term_string}"},"query-input":{"@type":"PropertyValueSpecification","valueRequired":true,"valueName":"search_term_string"}}],"inLanguage":"fr-FR"},{"@type":"Organization","@id":"https:\/\/nuevo-renacer.com\/#organization","name":"UFEC","url":"https:\/\/nuevo-renacer.com\/","logo":{"@type":"ImageObject","inLanguage":"fr-FR","@id":"https:\/\/nuevo-renacer.com\/#\/schema\/logo\/image\/","url":"https:\/\/nuevo-renacer.com\/wp-content\/uploads\/2024\/05\/cropped-LOGO-TERMINADO1-3-3.png","contentUrl":"https:\/\/nuevo-renacer.com\/wp-content\/uploads\/2024\/05\/cropped-LOGO-TERMINADO1-3-3.png","width":512,"height":512,"caption":"UFEC"},"image":{"@id":"https:\/\/nuevo-renacer.com\/#\/schema\/logo\/image\/"},"sameAs":["https:\/\/www.facebook.com\/groups\/3431398063740829"]}]}},"uagb_featured_image_src":{"full":false,"thumbnail":false,"medium":false,"medium_large":false,"large":false,"1536x1536":false,"2048x2048":false,"trp-custom-language-flag":false},"uagb_author_info":{"display_name":"adbv0","author_link":"https:\/\/nuevo-renacer.com\/fr\/author\/adbv0\/"},"uagb_comment_info":0,"uagb_excerpt":"An\u00e1lia Franco An\u00e1lia Em\u00edlia Franco Bastos, m\u00e1s conocida como An\u00e1lia Franco, naci\u00f3 el 1 de febrero de 1853, en la ciudad de Resende, en el estado de R\u00edo de Janeiro, y muri\u00f3 el 20 de enero de 1919, en la ciudad de S\u00e3o Paulo. Fue periodista, escritora, poeta y educadora experta, que dej\u00f3 un legado\u2026","jetpack_sharing_enabled":true,"_links":{"self":[{"href":"https:\/\/nuevo-renacer.com\/fr\/wp-json\/wp\/v2\/pages\/3392","targetHints":{"allow":["GET"]}}],"collection":[{"href":"https:\/\/nuevo-renacer.com\/fr\/wp-json\/wp\/v2\/pages"}],"about":[{"href":"https:\/\/nuevo-renacer.com\/fr\/wp-json\/wp\/v2\/types\/page"}],"author":[{"embeddable":true,"href":"https:\/\/nuevo-renacer.com\/fr\/wp-json\/wp\/v2\/users\/1"}],"replies":[{"embeddable":true,"href":"https:\/\/nuevo-renacer.com\/fr\/wp-json\/wp\/v2\/comments?post=3392"}],"version-history":[{"count":1,"href":"https:\/\/nuevo-renacer.com\/fr\/wp-json\/wp\/v2\/pages\/3392\/revisions"}],"predecessor-version":[{"id":3394,"href":"https:\/\/nuevo-renacer.com\/fr\/wp-json\/wp\/v2\/pages\/3392\/revisions\/3394"}],"wp:attachment":[{"href":"https:\/\/nuevo-renacer.com\/fr\/wp-json\/wp\/v2\/media?parent=3392"}],"curies":[{"name":"wp","href":"https:\/\/api.w.org\/{rel}","templated":true}]}}