{"id":3189,"date":"2024-07-07T09:28:15","date_gmt":"2024-07-07T09:28:15","guid":{"rendered":"https:\/\/ufec-mundial.com\/?page_id=3189"},"modified":"2026-04-20T18:34:09","modified_gmt":"2026-04-20T18:34:09","slug":"emma-hardinge-britten","status":"publish","type":"page","link":"https:\/\/nuevo-renacer.com\/fr\/emma-hardinge-britten\/","title":{"rendered":"Emma Hardinge Britten"},"content":{"rendered":"<div class=\"wp-block-uagb-container uagb-block-b02e4e1c alignfull uagb-is-root-container\"><div class=\"uagb-container-inner-blocks-wrap\">\n<p class=\"has-black-color has-text-color has-link-color has-medium-font-size wp-elements-05a142b0c114fb65ef90e9d250db6c48\"><strong>Emma Hardinge Britten<\/strong><\/p>\n<\/div><\/div>\n\n\n\n<div class=\"wp-block-uagb-container uagb-block-007bc79f alignfull uagb-is-root-container\"><div class=\"uagb-container-inner-blocks-wrap\">\n<div class=\"wp-block-uagb-image alignleft uagb-block-84a46c13 wp-block-uagb-image--layout-default wp-block-uagb-image--effect-static wp-block-uagb-image--align-left\"><figure class=\"wp-block-uagb-image__figure\"><img loading=\"lazy\" decoding=\"async\" srcset=\"https:\/\/nuevo-renacer.com\/wp-content\/uploads\/2026\/04\/Picture_from_Emma_Hardinge_Britten_1823\u20131899_in_the_mid_1860s.jpg ,https:\/\/nuevo-renacer.com\/wp-content\/uploads\/2026\/04\/Picture_from_Emma_Hardinge_Britten_1823\u20131899_in_the_mid_1860s.jpg 780w, https:\/\/nuevo-renacer.com\/wp-content\/uploads\/2026\/04\/Picture_from_Emma_Hardinge_Britten_1823\u20131899_in_the_mid_1860s.jpg 360w\" sizes=\"auto, (max-width: 480px) 150px\" src=\"https:\/\/nuevo-renacer.com\/wp-content\/uploads\/2026\/04\/Picture_from_Emma_Hardinge_Britten_1823\u20131899_in_the_mid_1860s.jpg\" alt=\"\" class=\"uag-image-8877\" width=\"220\" height=\"311\" title=\"Picture_from_Emma_Hardinge_Britten_(1823\u20131899)_in_the_mid_1860s\" role=\"img\"\/><\/figure><\/div>\n<\/div><\/div>\n\n\n\n<div class=\"wp-block-uagb-container uagb-block-a2d80e7d alignfull uagb-is-root-container\"><div class=\"uagb-container-inner-blocks-wrap\">\n<p class=\"has-black-color has-text-color has-link-color has-small-font-size wp-elements-aa324bd595ad6a68da605340f77aa666\">Pas d&#039;histoire du spiritisme serait compl\u00e8te sans faire r\u00e9f\u00e9rence \u00e0 ce remarquable \u00e9crivain, qui a \u00e9t\u00e9 appel\u00e9 l&#039;Ap\u00f4tre Paul f\u00e9minine du mouvement spirite.&nbsp;<\/p>\n\n\n\n<p class=\"has-black-color has-text-color has-link-color has-small-font-size wp-elements-3335924fc2f8cf36689d6ab0a021a21e\">Il est n\u00e9 \u00e0 Londres, en Angleterre, en 1823. C&#039;\u00e9tait une anglaise qui \u00e9tait all\u00e9 \u00e0 New York avec une compagnie de th\u00e9\u00e2tre et est rest\u00e9 aux \u00c9tats-unis, o\u00f9 il vivait avec sa m\u00e8re. \u00c9duqu\u00e9s dans le protestantisme, il a fermement rejet\u00e9 tout contact avec les spiritualistes, mais en 1856, il est retourn\u00e9 \u00e0 entrer en contact avec le Spiritisme, lorsque vous recevez la preuve irr\u00e9futable de la v\u00e9rit\u00e9 qu&#039;il annon\u00e7ait. Elle a vite d\u00e9couvert qu&#039;elle \u00e9tait \u00e9galement un moyen, et il peut \u00eatre dit que l&#039;un des mieux document\u00e9s, qui atteint remarquable sensationnalisme, c&#039;\u00e9tait son information que le bateau \u201cPacifique\u201d avait coul\u00e9 dans le plein oc\u00e9an Atlantique, causant la perte de tous les passagers. Apr\u00e8s cette r\u00e9v\u00e9lation, il a \u00e9t\u00e9 pers\u00e9cut\u00e9 par la soci\u00e9t\u00e9 propri\u00e9taire du bateau en r\u00e9p\u00e9tant ce qu&#039;il avait dit \u00e0 l&#039;esprit de l&#039;une des victimes de la catastrophe. Plus tard, il a \u00e9t\u00e9 d\u00e9montr\u00e9 que ses informations medi\u00famnica est vrai, depuis le bateau avait coul\u00e9, ne jamais appara\u00eetre \u00e0 nouveau.&nbsp;<\/p>\n\n\n\n<p class=\"has-black-color has-text-color has-link-color has-small-font-size wp-elements-8c5dcad23d6bb2dc73527bfbe78a9c5f\">En 1866, il retourna en Angleterre, o\u00f9 il a d\u00e9velopp\u00e9 une activit\u00e9 intense, la production de deux \u0153uvres majeures: \u201cl&#039;Am\u00e9ricain Moderne Spiritualisme\u201d (Spiritisme Moderne Am\u00e9ricaine) et les \u201cMiracles du Xixe Si\u00e8cle\u201d (Miracles du XIXE si\u00e8cle), des livres qui repr\u00e9sentent une int\u00e9ressante recherche, combin\u00e9 avec un raisonnement clair et logique. En 1870, il \u00e9pousa le Dr Britten, spiritualiste comme pieuse comme elle est. Tout indique que c&#039;\u00e9tait une union v\u00e9ritablement heureux.&nbsp;<\/p>\n\n\n\n<p class=\"has-black-color has-text-color has-link-color has-small-font-size wp-elements-3259c5c947f64fb9ab54ba348d8a6508\">En 1878, ils partent pour l&#039;Australie et la Nouvelle-Z\u00e9lande en tant que missionnaire de la Spiritisme, y aller de nombreuses ann\u00e9es et la cr\u00e9ation de nombreuses soci\u00e9t\u00e9s. Pendant votre s\u00e9jour en Australie, il \u00e9crit: \u201cla Foi, de faits, et de la fraude de l&#039;histoire religieuse\u201d, un livre qui, aujourd&#039;hui encore, exerce une influence relative.&nbsp;<\/p>\n\n\n\n<p class=\"has-black-color has-text-color has-link-color has-small-font-size wp-elements-bad2a8f4df590e180574f9be31c2f764\">Parmi d&#039;autres monuments, Emma Hardinge Britten fond\u00e9e \u00e0 Manchester, \u201cLes Deux Mondes\u201d (Les deux mondes), le corps qui, aujourd&#039;hui encore, jouit d&#039;une large diffusion, repr\u00e9sentant un v\u00e9hicule publicitaire de grande perspicacit\u00e9 dans le monde entier. Ernesto Bozzano, l&#039;un des plus grands \u00e9crivains esp\u00edritas, compl\u00e8te le chercheur, homme de science, pol\u00e9miste \u00e9m\u00e9rite, dont le travail honneurs et magnifie la Doctrine Spirite, dans un remarquable t\u00e9moignage \u00e9crit pour le magazine \u201cLa Lumi\u00e8re De l&#039;Avenir\u201d, elle a dit que le livre \u201cle Spiritisme Moderne de l&#039;Am\u00e9rique\u201d a \u00e9t\u00e9 tr\u00e8s utile au cours de la p\u00e9riode de sa conversion au Spiritisme.&nbsp;<\/p>\n\n\n\n<p class=\"has-black-color has-text-color has-link-color has-small-font-size wp-elements-797badb77e7f16009f4ca441ff67d6e3\">&nbsp;Le travail d&#039;Emma Harding Britten dans les premiers jours de Spiritisme a \u00e9t\u00e9 l&#039;un des plus importants, d&#039;\u00eatre responsable d&#039;un grand nombre de conversions, y compris des personnes tr\u00e8s en vue \u00e0 l&#039;\u00e9poque.&nbsp;<\/p>\n\n\n\n<p class=\"has-black-color has-text-color has-link-color has-small-font-size wp-elements-f22b17617cfb6a1962a3d02ff9e2df80\">Le mari de Britten, mort en 1894, et elle est d\u00e9c\u00e9d\u00e9e \u00e0 Manchester, en 1899, le 2 octobre, \u00e0 l&#039;\u00e2ge de 76 ans.<\/p>\n\n\n\n<div class=\"wp-block-uagb-image uagb-block-d669f25e wp-block-uagb-image--layout-default wp-block-uagb-image--effect-static wp-block-uagb-image--align-none\"><figure class=\"wp-block-uagb-image__figure\"><img loading=\"lazy\" decoding=\"async\" srcset=\"https:\/\/nuevo-renacer.com\/wp-content\/uploads\/2024\/07\/Dr.Britten.jpg ,https:\/\/ufec-mundial.com\/wp-content\/uploads\/2024\/07\/Dr.Britten.jpg 780w, https:\/\/ufec-mundial.com\/wp-content\/uploads\/2024\/07\/Dr.Britten.jpg 360w\" sizes=\"auto, (max-width: 480px) 150px\" src=\"https:\/\/nuevo-renacer.com\/wp-content\/uploads\/2024\/07\/Dr.Britten.jpg\" alt=\"\" class=\"uag-image-3197\" width=\"200\" height=\"252\" title=\"Le Dr William Britten\" role=\"img\"\/><figcaption class=\"uagb-image-caption\">Le Dr William Britten<\/figcaption><\/figure><\/div>\n<\/div><\/div>\n\n\n\n<div class=\"wp-block-uagb-container uagb-block-9f48368b alignfull uagb-is-root-container\"><div class=\"uagb-container-inner-blocks-wrap\"><\/div><\/div>\n\n\n\n<div class=\"wp-block-uagb-container uagb-block-f43e81b5 alignfull uagb-is-root-container\"><div class=\"uagb-container-inner-blocks-wrap\"><\/div><\/div>","protected":false},"excerpt":{"rendered":"<p>Emma Hardinge Britten Ninguna historia del espiritismo estar\u00eda completa sin referencias a esta notable escritora, a la que se ha llamado la Ap\u00f3stol Pablo femenina del movimiento esp\u00edrita.&nbsp; Naci\u00f3 en Londres, Inglaterra, en 1823.&nbsp;Era una inglesa que hab\u00eda ido a Nueva York con una compa\u00f1\u00eda de teatro y se qued\u00f3 en Estados Unidos, donde viv\u00eda [&hellip;]<\/p>","protected":false},"author":1,"featured_media":0,"parent":0,"menu_order":0,"comment_status":"closed","ping_status":"closed","template":"","meta":{"_uag_custom_page_level_css":"","site-sidebar-layout":"default","site-content-layout":"","ast-site-content-layout":"default","site-content-style":"default","site-sidebar-style":"default","ast-global-header-display":"","ast-banner-title-visibility":"","ast-main-header-display":"","ast-hfb-above-header-display":"","ast-hfb-below-header-display":"","ast-hfb-mobile-header-display":"","site-post-title":"disabled","ast-breadcrumbs-content":"","ast-featured-img":"","footer-sml-layout":"","theme-transparent-header-meta":"","adv-header-id-meta":"","stick-header-meta":"","header-above-stick-meta":"","header-main-stick-meta":"","header-below-stick-meta":"","astra-migrate-meta-layouts":"set","ast-page-background-enabled":"default","ast-page-background-meta":{"desktop":{"background-color":"var(--ast-global-color-4)","background-image":"","background-repeat":"repeat","background-position":"center center","background-size":"auto","background-attachment":"scroll","background-type":"","background-media":"","overlay-type":"","overlay-color":"","overlay-opacity":"","overlay-gradient":""},"tablet":{"background-color":"","background-image":"","background-repeat":"repeat","background-position":"center center","background-size":"auto","background-attachment":"scroll","background-type":"","background-media":"","overlay-type":"","overlay-color":"","overlay-opacity":"","overlay-gradient":""},"mobile":{"background-color":"","background-image":"","background-repeat":"repeat","background-position":"center center","background-size":"auto","background-attachment":"scroll","background-type":"","background-media":"","overlay-type":"","overlay-color":"","overlay-opacity":"","overlay-gradient":""}},"ast-content-background-meta":{"desktop":{"background-color":"var(--ast-global-color-5)","background-image":"","background-repeat":"repeat","background-position":"center center","background-size":"auto","background-attachment":"scroll","background-type":"","background-media":"","overlay-type":"","overlay-color":"","overlay-opacity":"","overlay-gradient":""},"tablet":{"background-color":"var(--ast-global-color-5)","background-image":"","background-repeat":"repeat","background-position":"center center","background-size":"auto","background-attachment":"scroll","background-type":"","background-media":"","overlay-type":"","overlay-color":"","overlay-opacity":"","overlay-gradient":""},"mobile":{"background-color":"var(--ast-global-color-5)","background-image":"","background-repeat":"repeat","background-position":"center center","background-size":"auto","background-attachment":"scroll","background-type":"","background-media":"","overlay-type":"","overlay-color":"","overlay-opacity":"","overlay-gradient":""}},"footnotes":""},"class_list":["post-3189","page","type-page","status-publish","hentry"],"yoast_head":"<!-- This site is optimized with the Yoast SEO Premium plugin v24.2 (Yoast SEO v24.6) - https:\/\/yoast.com\/wordpress\/plugins\/seo\/ -->\n<title>Emma Hardinge Britten - Uni\u00f3n Esp\u00edrita<\/title>\n<meta name=\"robots\" content=\"index, follow, max-snippet:-1, max-image-preview:large, max-video-preview:-1\" \/>\n<link rel=\"canonical\" href=\"https:\/\/nuevo-renacer.com\/fr\/emma-hardinge-britten\/\" \/>\n<meta property=\"og:locale\" content=\"fr_FR\" \/>\n<meta property=\"og:type\" content=\"article\" \/>\n<meta property=\"og:title\" content=\"Emma Hardinge Britten\" \/>\n<meta property=\"og:description\" content=\"Emma Hardinge Britten Ninguna historia del espiritismo estar\u00eda completa sin referencias a esta notable escritora, a la que se ha llamado la Ap\u00f3stol Pablo femenina del movimiento esp\u00edrita.&nbsp; Naci\u00f3 en Londres, Inglaterra, en 1823.&nbsp;Era una inglesa que hab\u00eda ido a Nueva York con una compa\u00f1\u00eda de teatro y se qued\u00f3 en Estados Unidos, donde viv\u00eda [&hellip;]\" \/>\n<meta property=\"og:url\" content=\"https:\/\/nuevo-renacer.com\/fr\/emma-hardinge-britten\/\" \/>\n<meta property=\"og:site_name\" content=\"Uni\u00f3n Esp\u00edrita\" \/>\n<meta property=\"article:publisher\" content=\"https:\/\/www.facebook.com\/groups\/3431398063740829\" \/>\n<meta property=\"article:modified_time\" content=\"2026-04-20T18:34:09+00:00\" \/>\n<meta property=\"og:image\" content=\"https:\/\/nuevo-renacer.com\/wp-content\/uploads\/2024\/07\/Dr.Britten.jpg\" \/>\n<meta name=\"twitter:card\" content=\"summary_large_image\" \/>\n<meta name=\"twitter:label1\" content=\"Dur\u00e9e de lecture estim\u00e9e\" \/>\n\t<meta name=\"twitter:data1\" content=\"3 minutes\" \/>\n<script type=\"application\/ld+json\" class=\"yoast-schema-graph\">{\"@context\":\"https:\/\/schema.org\",\"@graph\":[{\"@type\":\"WebPage\",\"@id\":\"https:\/\/nuevo-renacer.com\/emma-hardinge-britten\/\",\"url\":\"https:\/\/nuevo-renacer.com\/emma-hardinge-britten\/\",\"name\":\"Emma Hardinge Britten - Uni\u00f3n Esp\u00edrita\",\"isPartOf\":{\"@id\":\"https:\/\/nuevo-renacer.com\/#website\"},\"primaryImageOfPage\":{\"@id\":\"https:\/\/nuevo-renacer.com\/emma-hardinge-britten\/#primaryimage\"},\"image\":{\"@id\":\"https:\/\/nuevo-renacer.com\/emma-hardinge-britten\/#primaryimage\"},\"thumbnailUrl\":\"https:\/\/nuevo-renacer.com\/wp-content\/uploads\/2024\/07\/Dr.Britten.jpg\",\"datePublished\":\"2024-07-07T09:28:15+00:00\",\"dateModified\":\"2026-04-20T18:34:09+00:00\",\"breadcrumb\":{\"@id\":\"https:\/\/nuevo-renacer.com\/emma-hardinge-britten\/#breadcrumb\"},\"inLanguage\":\"fr-FR\",\"potentialAction\":[{\"@type\":\"ReadAction\",\"target\":[\"https:\/\/nuevo-renacer.com\/emma-hardinge-britten\/\"]}]},{\"@type\":\"ImageObject\",\"inLanguage\":\"fr-FR\",\"@id\":\"https:\/\/nuevo-renacer.com\/emma-hardinge-britten\/#primaryimage\",\"url\":\"https:\/\/nuevo-renacer.com\/wp-content\/uploads\/2024\/07\/Dr.Britten.jpg\",\"contentUrl\":\"https:\/\/nuevo-renacer.com\/wp-content\/uploads\/2024\/07\/Dr.Britten.jpg\"},{\"@type\":\"BreadcrumbList\",\"@id\":\"https:\/\/nuevo-renacer.com\/emma-hardinge-britten\/#breadcrumb\",\"itemListElement\":[{\"@type\":\"ListItem\",\"position\":1,\"name\":\"Startseite\",\"item\":\"https:\/\/nuevo-renacer.com\/\"},{\"@type\":\"ListItem\",\"position\":2,\"name\":\"Emma Hardinge Britten\"}]},{\"@type\":\"WebSite\",\"@id\":\"https:\/\/nuevo-renacer.com\/#website\",\"url\":\"https:\/\/nuevo-renacer.com\/\",\"name\":\"Uni\u00f3n Esp\u00edrita\",\"description\":\"Nuevo Renacer\",\"publisher\":{\"@id\":\"https:\/\/nuevo-renacer.com\/#organization\"},\"potentialAction\":[{\"@type\":\"SearchAction\",\"target\":{\"@type\":\"EntryPoint\",\"urlTemplate\":\"https:\/\/nuevo-renacer.com\/?s={search_term_string}\"},\"query-input\":{\"@type\":\"PropertyValueSpecification\",\"valueRequired\":true,\"valueName\":\"search_term_string\"}}],\"inLanguage\":\"fr-FR\"},{\"@type\":\"Organization\",\"@id\":\"https:\/\/nuevo-renacer.com\/#organization\",\"name\":\"UFEC\",\"url\":\"https:\/\/nuevo-renacer.com\/\",\"logo\":{\"@type\":\"ImageObject\",\"inLanguage\":\"fr-FR\",\"@id\":\"https:\/\/nuevo-renacer.com\/#\/schema\/logo\/image\/\",\"url\":\"https:\/\/nuevo-renacer.com\/wp-content\/uploads\/2024\/05\/cropped-LOGO-TERMINADO1-3-3.png\",\"contentUrl\":\"https:\/\/nuevo-renacer.com\/wp-content\/uploads\/2024\/05\/cropped-LOGO-TERMINADO1-3-3.png\",\"width\":512,\"height\":512,\"caption\":\"UFEC\"},\"image\":{\"@id\":\"https:\/\/nuevo-renacer.com\/#\/schema\/logo\/image\/\"},\"sameAs\":[\"https:\/\/www.facebook.com\/groups\/3431398063740829\"]}]}<\/script>\n<!-- \/ Yoast SEO Premium plugin. -->","yoast_head_json":{"title":"Emma Hardinge Britten - Uni\u00f3n Esp\u00edrita","robots":{"index":"index","follow":"follow","max-snippet":"max-snippet:-1","max-image-preview":"max-image-preview:large","max-video-preview":"max-video-preview:-1"},"canonical":"https:\/\/nuevo-renacer.com\/fr\/emma-hardinge-britten\/","og_locale":"fr_FR","og_type":"article","og_title":"Emma Hardinge Britten","og_description":"Emma Hardinge Britten Ninguna historia del espiritismo estar\u00eda completa sin referencias a esta notable escritora, a la que se ha llamado la Ap\u00f3stol Pablo femenina del movimiento esp\u00edrita.&nbsp; Naci\u00f3 en Londres, Inglaterra, en 1823.&nbsp;Era una inglesa que hab\u00eda ido a Nueva York con una compa\u00f1\u00eda de teatro y se qued\u00f3 en Estados Unidos, donde viv\u00eda [&hellip;]","og_url":"https:\/\/nuevo-renacer.com\/fr\/emma-hardinge-britten\/","og_site_name":"Uni\u00f3n Esp\u00edrita","article_publisher":"https:\/\/www.facebook.com\/groups\/3431398063740829","article_modified_time":"2026-04-20T18:34:09+00:00","og_image":[{"url":"https:\/\/nuevo-renacer.com\/wp-content\/uploads\/2024\/07\/Dr.Britten.jpg","type":"","width":"","height":""}],"twitter_card":"summary_large_image","twitter_misc":{"Dur\u00e9e de lecture estim\u00e9e":"3 minutes"},"schema":{"@context":"https:\/\/schema.org","@graph":[{"@type":"WebPage","@id":"https:\/\/nuevo-renacer.com\/emma-hardinge-britten\/","url":"https:\/\/nuevo-renacer.com\/emma-hardinge-britten\/","name":"Emma Hardinge Britten - Uni\u00f3n Esp\u00edrita","isPartOf":{"@id":"https:\/\/nuevo-renacer.com\/#website"},"primaryImageOfPage":{"@id":"https:\/\/nuevo-renacer.com\/emma-hardinge-britten\/#primaryimage"},"image":{"@id":"https:\/\/nuevo-renacer.com\/emma-hardinge-britten\/#primaryimage"},"thumbnailUrl":"https:\/\/nuevo-renacer.com\/wp-content\/uploads\/2024\/07\/Dr.Britten.jpg","datePublished":"2024-07-07T09:28:15+00:00","dateModified":"2026-04-20T18:34:09+00:00","breadcrumb":{"@id":"https:\/\/nuevo-renacer.com\/emma-hardinge-britten\/#breadcrumb"},"inLanguage":"fr-FR","potentialAction":[{"@type":"ReadAction","target":["https:\/\/nuevo-renacer.com\/emma-hardinge-britten\/"]}]},{"@type":"ImageObject","inLanguage":"fr-FR","@id":"https:\/\/nuevo-renacer.com\/emma-hardinge-britten\/#primaryimage","url":"https:\/\/nuevo-renacer.com\/wp-content\/uploads\/2024\/07\/Dr.Britten.jpg","contentUrl":"https:\/\/nuevo-renacer.com\/wp-content\/uploads\/2024\/07\/Dr.Britten.jpg"},{"@type":"BreadcrumbList","@id":"https:\/\/nuevo-renacer.com\/emma-hardinge-britten\/#breadcrumb","itemListElement":[{"@type":"ListItem","position":1,"name":"Startseite","item":"https:\/\/nuevo-renacer.com\/"},{"@type":"ListItem","position":2,"name":"Emma Hardinge Britten"}]},{"@type":"WebSite","@id":"https:\/\/nuevo-renacer.com\/#website","url":"https:\/\/nuevo-renacer.com\/","name":"Uni\u00f3n Esp\u00edrita","description":"Nuevo Renacer","publisher":{"@id":"https:\/\/nuevo-renacer.com\/#organization"},"potentialAction":[{"@type":"SearchAction","target":{"@type":"EntryPoint","urlTemplate":"https:\/\/nuevo-renacer.com\/?s={search_term_string}"},"query-input":{"@type":"PropertyValueSpecification","valueRequired":true,"valueName":"search_term_string"}}],"inLanguage":"fr-FR"},{"@type":"Organization","@id":"https:\/\/nuevo-renacer.com\/#organization","name":"UFEC","url":"https:\/\/nuevo-renacer.com\/","logo":{"@type":"ImageObject","inLanguage":"fr-FR","@id":"https:\/\/nuevo-renacer.com\/#\/schema\/logo\/image\/","url":"https:\/\/nuevo-renacer.com\/wp-content\/uploads\/2024\/05\/cropped-LOGO-TERMINADO1-3-3.png","contentUrl":"https:\/\/nuevo-renacer.com\/wp-content\/uploads\/2024\/05\/cropped-LOGO-TERMINADO1-3-3.png","width":512,"height":512,"caption":"UFEC"},"image":{"@id":"https:\/\/nuevo-renacer.com\/#\/schema\/logo\/image\/"},"sameAs":["https:\/\/www.facebook.com\/groups\/3431398063740829"]}]}},"uagb_featured_image_src":{"full":false,"thumbnail":false,"medium":false,"medium_large":false,"large":false,"1536x1536":false,"2048x2048":false,"trp-custom-language-flag":false},"uagb_author_info":{"display_name":"adbv0","author_link":"https:\/\/nuevo-renacer.com\/fr\/author\/adbv0\/"},"uagb_comment_info":0,"uagb_excerpt":"Emma Hardinge Britten Ninguna historia del espiritismo estar\u00eda completa sin referencias a esta notable escritora, a la que se ha llamado la Ap\u00f3stol Pablo femenina del movimiento esp\u00edrita.&nbsp; Naci\u00f3 en Londres, Inglaterra, en 1823.&nbsp;Era una inglesa que hab\u00eda ido a Nueva York con una compa\u00f1\u00eda de teatro y se qued\u00f3 en Estados Unidos, donde viv\u00eda\u2026","jetpack_sharing_enabled":true,"_links":{"self":[{"href":"https:\/\/nuevo-renacer.com\/fr\/wp-json\/wp\/v2\/pages\/3189","targetHints":{"allow":["GET"]}}],"collection":[{"href":"https:\/\/nuevo-renacer.com\/fr\/wp-json\/wp\/v2\/pages"}],"about":[{"href":"https:\/\/nuevo-renacer.com\/fr\/wp-json\/wp\/v2\/types\/page"}],"author":[{"embeddable":true,"href":"https:\/\/nuevo-renacer.com\/fr\/wp-json\/wp\/v2\/users\/1"}],"replies":[{"embeddable":true,"href":"https:\/\/nuevo-renacer.com\/fr\/wp-json\/wp\/v2\/comments?post=3189"}],"version-history":[{"count":7,"href":"https:\/\/nuevo-renacer.com\/fr\/wp-json\/wp\/v2\/pages\/3189\/revisions"}],"predecessor-version":[{"id":8878,"href":"https:\/\/nuevo-renacer.com\/fr\/wp-json\/wp\/v2\/pages\/3189\/revisions\/8878"}],"wp:attachment":[{"href":"https:\/\/nuevo-renacer.com\/fr\/wp-json\/wp\/v2\/media?parent=3189"}],"curies":[{"name":"wp","href":"https:\/\/api.w.org\/{rel}","templated":true}]}}