{"id":3094,"date":"2024-07-06T11:57:59","date_gmt":"2024-07-06T11:57:59","guid":{"rendered":"https:\/\/ufec-mundial.com\/?page_id=3094"},"modified":"2025-06-13T10:20:15","modified_gmt":"2025-06-13T10:20:15","slug":"jose-maria-fernandez","status":"publish","type":"page","link":"https:\/\/nuevo-renacer.com\/fr\/jose-maria-fernandez\/","title":{"rendered":"Jos\u00e9 Mar\u00eda Fern\u00e1ndez"},"content":{"rendered":"<div class=\"wp-block-uagb-container uagb-block-13921e7d alignfull uagb-is-root-container\"><div class=\"uagb-container-inner-blocks-wrap\">\n<p class=\"has-black-color has-text-color has-link-color has-medium-font-size wp-elements-fe4ac719de6adab4765514cf89cec702\"><strong>Jos\u00e9 Mar\u00eda Fern\u00e1ndez<\/strong>&nbsp;( 1819 \u2013 1888 )&nbsp;<\/p>\n<\/div><\/div>\n\n\n\n<div class=\"wp-block-uagb-container uagb-block-4637c4f8 alignfull uagb-is-root-container\"><div class=\"uagb-container-inner-blocks-wrap\">\n<div class=\"wp-block-uagb-image alignleft uagb-block-e13738cf wp-block-uagb-image--layout-default wp-block-uagb-image--effect-static wp-block-uagb-image--align-left\"><figure class=\"wp-block-uagb-image__figure\"><img loading=\"lazy\" decoding=\"async\" srcset=\"https:\/\/nuevo-renacer.com\/wp-content\/uploads\/2024\/07\/Jose-Maria-Fernandez-2.jpg ,https:\/\/ufec-mundial.com\/wp-content\/uploads\/2024\/07\/Jose-Maria-Fernandez-2.jpg 780w, https:\/\/nuevo-renacer.com\/wp-content\/uploads\/2024\/07\/Jose-Maria-Fernandez-2.jpg 360w\" sizes=\"auto, (max-width: 480px) 150px\" src=\"https:\/\/nuevo-renacer.com\/wp-content\/uploads\/2024\/07\/Jose-Maria-Fernandez-2.jpg\" alt=\"\" class=\"uag-image-3101\" width=\"745\" height=\"492\" title=\"Jose-Maria-Fernandez-2\" role=\"img\"\/><\/figure><\/div>\n<\/div><\/div>\n\n\n\n<div class=\"wp-block-uagb-container uagb-block-982b9fb8 alignfull uagb-is-root-container\"><div class=\"uagb-container-inner-blocks-wrap\">\n<p class=\"has-black-color has-text-color has-link-color has-small-font-size wp-elements-539d014232e924e3efa255b8946aca05\">Si nous voulons d\u00e9crire, en quelques mots, qui est Jos\u00e9 Mar\u00eda Fern\u00e1ndez Colavida, il faut dire, tout d&#039;abord, c&#039;est l&#039;exemple r\u00e9el et concret d&#039;un homme bon et du vrai spirite, il enseigne dans l&#039;\u00c9vangile selon Le Spiritisme.&nbsp;&nbsp;<\/p>\n\n\n\n<p class=\"has-black-color has-text-color has-link-color has-small-font-size wp-elements-d70f3891199012330ac556fb9ee48aba\">Connu, avec toute justice, que le &#034;Kardec espagnol&#034;, il a travaill\u00e9 et continue de travailler en permanence pour le progr\u00e8s de l&#039;humanit\u00e9, par la diffusion de la Doctrine Spirite, non seulement par sa parfaite connaissance de religiosit\u00e9, mais aussi par les fid\u00e8les exemple qui a toujours \u00e9t\u00e9 la pratique des enseignements esp\u00edritas, en particulier de la loi de l&#039;amour, de la justice et de la charit\u00e9. D&#039;abord un traducteur et \u00e9diteur de livres d&#039;Allan Kardec \u00e0 la langue espagnole, il n&#039;a jamais essay\u00e9 d&#039;avantages mat\u00e9riels dans les \u0153uvres qu&#039;ils publient, en donnant beaucoup d&#039;entre eux pour le b\u00e9n\u00e9fice de la divulgation de doctrine ou de les vendre \u00e0 des prix symboliques, qui ne couvre m\u00eame pas les co\u00fbts g\u00e9n\u00e9r\u00e9s par l&#039;impression.&nbsp;<\/p>\n\n\n\n<p class=\"has-black-color has-text-color has-link-color has-small-font-size wp-elements-5c3ea65b9252207c0381e2beab2bec2d\">C&#039;est gr\u00e2ce \u00e0 son travail d\u00e9sint\u00e9ress\u00e9 de la divulgation doctrinale Amalia Domingo Soler, parmi d&#039;innombrables autres b\u00e9n\u00e9ficiaires, pourrait avoir les ouvrages d&#039;Allan Kardec, comme ses Souvenirs: &nbsp;<\/p>\n\n\n\n<p class=\"has-black-color has-text-color has-link-color has-small-font-size wp-elements-412ebb0ead9809685e3c6e13f51c3c75\"><em>&#034;[...] Fern\u00e1ndez Colavida m&#039;a envoy\u00e9 la collection compl\u00e8te de son Magazine, les ouvrages d&#039;Allan Kardec, et une lettre cari\u00f1os\u00edsima. Quand j&#039;ai vu propri\u00e9taire des livres de Kardec \u00e0 travers lequel des deux avait soupir\u00e9, ma joie \u00e9tait immense&#034;.<\/em>&nbsp;<\/p>\n\n\n\n<p class=\"has-black-color has-text-color has-link-color has-small-font-size wp-elements-f5625ade499c47ad15cb0db6b2181d8f\">Fondateur, administrateur et \u00e9crivain, \u00e0 Barcelone, la Revue Spirite Journal d&#039;\u00c9tudes Psychologiques, qui deviendra plus tard le Journal d&#039;\u00c9tudes Psychologiques, \u00e9tait le plus grand vulgarisateur spirite pour les pays hispanophones. A fait un travail admirable de l&#039;orientation de la doctrine de esp\u00edritas de plusieurs endroits \u00e0 travers le monde, tels que l&#039;Argentine, la Colombie, de Cuba, de l&#039;Equateur, les Philippines, le Mexique, le P\u00e9rou, l&#039;Uruguay et l&#039;Espagne.&nbsp;&nbsp;<\/p>\n\n\n\n<p class=\"has-black-color has-text-color has-link-color has-small-font-size wp-elements-bb3b16971c46f9aa9921368690c690ae\">Dans la pi\u00e8ce, la lumi\u00e8re qui nous guide, le texte suivant, publi\u00e9 dans le journal \u00e0 barcelone, L&#039;Inondation, \u00e0 l&#039;occasion de la desencarnaci\u00f3n Fernandez Colavida:&nbsp;&nbsp;<\/p>\n\n\n\n<p class=\"has-black-color has-text-color has-link-color has-small-font-size wp-elements-7967d07d34db93746671f55df7608b48\"><em>&#034;Rien de plus vrai, Fern\u00e1ndez a \u00e9t\u00e9 un v\u00e9ritable ap\u00f4tre du Spiritisme; il aimait son id\u00e9al philosophique sur toutes les choses de la Terre, et bien test\u00e9 lors de la 9e jour du mois d&#039;octobre 1861, \u00e0 la place de Barcelone, dans le lieu o\u00f9 il s&#039;ex\u00e9cute les criminels condamn\u00e9s au ch\u00e2timent ultime, par ordre de l&#039;\u00c9v\u00eaque de la ville ont br\u00fbl\u00e9 trois cents volumes et brochures sur le Spiritisme, la propri\u00e9t\u00e9 de M. Fernandez. Il a continu\u00e9 sans sourciller son travail de propagande [...]&#034;.<\/em>&nbsp;<\/p>\n\n\n\n<p class=\"has-black-color has-text-color has-link-color has-small-font-size wp-elements-ecac9ca3e37420b72af8914f3ac9a61e\">Il fut le fondateur de la premi\u00e8re biblioth\u00e8que spirite dans la capitale de la Catalogne, ainsi que l&#039;Association des Amis des Pauvres, de la Soci\u00e9t\u00e9 Barcelone Propagadora de Spiritisme, et a \u00e9t\u00e9 le directeur du Groupe Spirite de la Paix, les institutions dans lesquelles il a travaill\u00e9 dur pour le bien du voisin. Pr\u00e9sident d&#039;honneur du Premier Congr\u00e8s de l&#039;Internationale Spirite, tenue \u00e0 Barcelone, en septembre 1888, quelques mois avant sa desencarnaci\u00f3n, a re\u00e7u l&#039;hommage avec la plus grande humilit\u00e9, car elle n&#039;a jamais cherch\u00e9 la reconnaissance, \u00e0 l&#039;exception de celle de leur propre conscience.&nbsp;&nbsp;<\/p>\n\n\n\n<p class=\"has-black-color has-text-color has-link-color has-small-font-size wp-elements-eafcf63730e970d751b60547d28ade7f\">Le grand soldat de la paix du Christ, n&#039;a cess\u00e9 de travailler pour l&#039;union pour la esp\u00edritas autour de l&#039;\u00e9tude et de la pratique de la morale de J\u00e9sus, ainsi que les enseignements codifi\u00e9e par Allan Kardec. Leur laborieux mains, des outils, brillant dans le service constant \u00e0 la cause spirite, a \u00e9crit dans sa derni\u00e8re incarnation, les textes, les doctrines, les lettres de l&#039;orientation \u00e0 esp\u00edritas de toutes les conditions sociales, et de diverses nationalit\u00e9s. Aussi, ils ont apport\u00e9 des secours aux n\u00e9cessiteux de toutes sortes, \u00e0 la fois le mat\u00e9riau de l&#039;aide pour les pauvres \u00e9conomiquement comme le fluide en bonne sant\u00e9 pour les malades du corps ou de l&#039;\u00e2me. Dans la vie spirituelle, ces m\u00eames mains, en plus de rester fid\u00e8le dans le travail de l&#039;\u00e9criture des paroles et de secours, nous sommes r\u00e9partis avec amour \u00e0 soutenir dans le rectum de l&#039;accomplissement de nos devoirs en tant que esp\u00edritas.&nbsp;<\/p>\n\n\n\n<p class=\"has-black-color has-text-color has-link-color has-small-font-size wp-elements-ee9b2f90936117d2b61b3e4ddd9d04b8\">Dans sa tombe, o\u00f9 se trouve le corps mortel, le esp\u00edritas de l&#039;Espagne et de l&#039;Am\u00e9rique, en gage de gratitude, ils voulaient construire un monument. Avec tout le respect que m\u00e9rite, permettez-nous de ne pas en payer un autre hommage \u00e0 l&#039;immortel exemple de ce noble Esprit bienfaiteur, de la construction, en nous-m\u00eames, le monument de la pratique des deux enseignements fondamentaux \u00e0 tous spirite: &nbsp;<\/p>\n\n\n\n<p class=\"has-black-color has-text-color has-link-color has-small-font-size wp-elements-04ce4d5d5531f428d2957b3fcee8a0fd\"><em>&#034;Fr\u00e8res, aimons-nous et instruy\u00e1monos&#034;.<\/em>&nbsp;<\/p>\n<\/div><\/div>\n\n\n\n<div class=\"wp-block-uagb-container uagb-block-1e8f8065 alignfull uagb-is-root-container\"><div class=\"uagb-container-inner-blocks-wrap\"><\/div><\/div>\n\n\n\n<div class=\"wp-block-uagb-container uagb-block-47cfc197 alignfull uagb-is-root-container\"><div class=\"uagb-container-inner-blocks-wrap\"><\/div><\/div>","protected":false},"excerpt":{"rendered":"<p>Jos\u00e9 Mar\u00eda Fern\u00e1ndez&nbsp;( 1819 \u2013 1888 )&nbsp; Si dese\u00e1ramos describir, en pocas palabras, qui\u00e9n es Jos\u00e9 Mar\u00eda Fern\u00e1ndez Colavida, deber\u00edamos afirmar, ante todo, que se trata del ejemplo real y concreto del hombre de bien y del verdadero esp\u00edrita, ense\u00f1ado en El Evangelio seg\u00fan el Espiritismo.&nbsp;&nbsp; Conocido, con toda justicia, como el \u200b\u00abKardec espa\u00f1ol\u200b\u200b\u00bb\u200b, trabaj\u00f3 [&hellip;]<\/p>","protected":false},"author":1,"featured_media":0,"parent":0,"menu_order":0,"comment_status":"closed","ping_status":"closed","template":"","meta":{"_uag_custom_page_level_css":"","site-sidebar-layout":"default","site-content-layout":"","ast-site-content-layout":"default","site-content-style":"default","site-sidebar-style":"default","ast-global-header-display":"","ast-banner-title-visibility":"","ast-main-header-display":"","ast-hfb-above-header-display":"","ast-hfb-below-header-display":"","ast-hfb-mobile-header-display":"","site-post-title":"disabled","ast-breadcrumbs-content":"","ast-featured-img":"","footer-sml-layout":"","theme-transparent-header-meta":"","adv-header-id-meta":"","stick-header-meta":"","header-above-stick-meta":"","header-main-stick-meta":"","header-below-stick-meta":"","astra-migrate-meta-layouts":"set","ast-page-background-enabled":"default","ast-page-background-meta":{"desktop":{"background-color":"var(--ast-global-color-4)","background-image":"","background-repeat":"repeat","background-position":"center center","background-size":"auto","background-attachment":"scroll","background-type":"","background-media":"","overlay-type":"","overlay-color":"","overlay-opacity":"","overlay-gradient":""},"tablet":{"background-color":"","background-image":"","background-repeat":"repeat","background-position":"center center","background-size":"auto","background-attachment":"scroll","background-type":"","background-media":"","overlay-type":"","overlay-color":"","overlay-opacity":"","overlay-gradient":""},"mobile":{"background-color":"","background-image":"","background-repeat":"repeat","background-position":"center center","background-size":"auto","background-attachment":"scroll","background-type":"","background-media":"","overlay-type":"","overlay-color":"","overlay-opacity":"","overlay-gradient":""}},"ast-content-background-meta":{"desktop":{"background-color":"var(--ast-global-color-5)","background-image":"","background-repeat":"repeat","background-position":"center center","background-size":"auto","background-attachment":"scroll","background-type":"","background-media":"","overlay-type":"","overlay-color":"","overlay-opacity":"","overlay-gradient":""},"tablet":{"background-color":"var(--ast-global-color-5)","background-image":"","background-repeat":"repeat","background-position":"center center","background-size":"auto","background-attachment":"scroll","background-type":"","background-media":"","overlay-type":"","overlay-color":"","overlay-opacity":"","overlay-gradient":""},"mobile":{"background-color":"var(--ast-global-color-5)","background-image":"","background-repeat":"repeat","background-position":"center center","background-size":"auto","background-attachment":"scroll","background-type":"","background-media":"","overlay-type":"","overlay-color":"","overlay-opacity":"","overlay-gradient":""}},"footnotes":""},"class_list":["post-3094","page","type-page","status-publish","hentry"],"yoast_head":"<!-- This site is optimized with the Yoast SEO Premium plugin v24.2 (Yoast SEO v24.6) - https:\/\/yoast.com\/wordpress\/plugins\/seo\/ -->\n<title>Jos\u00e9 Mar\u00eda Fern\u00e1ndez - Uni\u00f3n Esp\u00edrita<\/title>\n<meta name=\"robots\" content=\"index, follow, max-snippet:-1, max-image-preview:large, max-video-preview:-1\" \/>\n<link rel=\"canonical\" href=\"https:\/\/nuevo-renacer.com\/fr\/jose-maria-fernandez\/\" \/>\n<meta property=\"og:locale\" content=\"fr_FR\" \/>\n<meta property=\"og:type\" content=\"article\" \/>\n<meta property=\"og:title\" content=\"Jos\u00e9 Mar\u00eda Fern\u00e1ndez\" \/>\n<meta property=\"og:description\" content=\"Jos\u00e9 Mar\u00eda Fern\u00e1ndez&nbsp;( 1819 \u2013 1888 )&nbsp; Si dese\u00e1ramos describir, en pocas palabras, qui\u00e9n es Jos\u00e9 Mar\u00eda Fern\u00e1ndez Colavida, deber\u00edamos afirmar, ante todo, que se trata del ejemplo real y concreto del hombre de bien y del verdadero esp\u00edrita, ense\u00f1ado en El Evangelio seg\u00fan el Espiritismo.&nbsp;&nbsp; Conocido, con toda justicia, como el \u200b\u00abKardec espa\u00f1ol\u200b\u200b\u00bb\u200b, trabaj\u00f3 [&hellip;]\" \/>\n<meta property=\"og:url\" content=\"https:\/\/nuevo-renacer.com\/fr\/jose-maria-fernandez\/\" \/>\n<meta property=\"og:site_name\" content=\"Uni\u00f3n Esp\u00edrita\" \/>\n<meta property=\"article:publisher\" content=\"https:\/\/www.facebook.com\/groups\/3431398063740829\" \/>\n<meta property=\"article:modified_time\" content=\"2025-06-13T10:20:15+00:00\" \/>\n<meta property=\"og:image\" content=\"https:\/\/nuevo-renacer.com\/wp-content\/uploads\/2024\/07\/Jose-Maria-Fernandez-2.jpg\" \/>\n<meta name=\"twitter:card\" content=\"summary_large_image\" \/>\n<meta name=\"twitter:label1\" content=\"Dur\u00e9e de lecture estim\u00e9e\" \/>\n\t<meta name=\"twitter:data1\" content=\"5 minutes\" \/>\n<script type=\"application\/ld+json\" class=\"yoast-schema-graph\">{\"@context\":\"https:\/\/schema.org\",\"@graph\":[{\"@type\":\"WebPage\",\"@id\":\"https:\/\/nuevo-renacer.com\/jose-maria-fernandez\/\",\"url\":\"https:\/\/nuevo-renacer.com\/jose-maria-fernandez\/\",\"name\":\"Jos\u00e9 Mar\u00eda Fern\u00e1ndez - Uni\u00f3n Esp\u00edrita\",\"isPartOf\":{\"@id\":\"https:\/\/nuevo-renacer.com\/#website\"},\"primaryImageOfPage\":{\"@id\":\"https:\/\/nuevo-renacer.com\/jose-maria-fernandez\/#primaryimage\"},\"image\":{\"@id\":\"https:\/\/nuevo-renacer.com\/jose-maria-fernandez\/#primaryimage\"},\"thumbnailUrl\":\"https:\/\/nuevo-renacer.com\/wp-content\/uploads\/2024\/07\/Jose-Maria-Fernandez-2.jpg\",\"datePublished\":\"2024-07-06T11:57:59+00:00\",\"dateModified\":\"2025-06-13T10:20:15+00:00\",\"breadcrumb\":{\"@id\":\"https:\/\/nuevo-renacer.com\/jose-maria-fernandez\/#breadcrumb\"},\"inLanguage\":\"fr-FR\",\"potentialAction\":[{\"@type\":\"ReadAction\",\"target\":[\"https:\/\/nuevo-renacer.com\/jose-maria-fernandez\/\"]}]},{\"@type\":\"ImageObject\",\"inLanguage\":\"fr-FR\",\"@id\":\"https:\/\/nuevo-renacer.com\/jose-maria-fernandez\/#primaryimage\",\"url\":\"https:\/\/nuevo-renacer.com\/wp-content\/uploads\/2024\/07\/Jose-Maria-Fernandez-2.jpg\",\"contentUrl\":\"https:\/\/nuevo-renacer.com\/wp-content\/uploads\/2024\/07\/Jose-Maria-Fernandez-2.jpg\"},{\"@type\":\"BreadcrumbList\",\"@id\":\"https:\/\/nuevo-renacer.com\/jose-maria-fernandez\/#breadcrumb\",\"itemListElement\":[{\"@type\":\"ListItem\",\"position\":1,\"name\":\"Startseite\",\"item\":\"https:\/\/nuevo-renacer.com\/\"},{\"@type\":\"ListItem\",\"position\":2,\"name\":\"Jos\u00e9 Mar\u00eda Fern\u00e1ndez\"}]},{\"@type\":\"WebSite\",\"@id\":\"https:\/\/nuevo-renacer.com\/#website\",\"url\":\"https:\/\/nuevo-renacer.com\/\",\"name\":\"Uni\u00f3n Esp\u00edrita\",\"description\":\"Nuevo Renacer\",\"publisher\":{\"@id\":\"https:\/\/nuevo-renacer.com\/#organization\"},\"potentialAction\":[{\"@type\":\"SearchAction\",\"target\":{\"@type\":\"EntryPoint\",\"urlTemplate\":\"https:\/\/nuevo-renacer.com\/?s={search_term_string}\"},\"query-input\":{\"@type\":\"PropertyValueSpecification\",\"valueRequired\":true,\"valueName\":\"search_term_string\"}}],\"inLanguage\":\"fr-FR\"},{\"@type\":\"Organization\",\"@id\":\"https:\/\/nuevo-renacer.com\/#organization\",\"name\":\"UFEC\",\"url\":\"https:\/\/nuevo-renacer.com\/\",\"logo\":{\"@type\":\"ImageObject\",\"inLanguage\":\"fr-FR\",\"@id\":\"https:\/\/nuevo-renacer.com\/#\/schema\/logo\/image\/\",\"url\":\"https:\/\/nuevo-renacer.com\/wp-content\/uploads\/2024\/05\/cropped-LOGO-TERMINADO1-3-3.png\",\"contentUrl\":\"https:\/\/nuevo-renacer.com\/wp-content\/uploads\/2024\/05\/cropped-LOGO-TERMINADO1-3-3.png\",\"width\":512,\"height\":512,\"caption\":\"UFEC\"},\"image\":{\"@id\":\"https:\/\/nuevo-renacer.com\/#\/schema\/logo\/image\/\"},\"sameAs\":[\"https:\/\/www.facebook.com\/groups\/3431398063740829\"]}]}<\/script>\n<!-- \/ Yoast SEO Premium plugin. -->","yoast_head_json":{"title":"Jos\u00e9 Mar\u00eda Fern\u00e1ndez - Uni\u00f3n Esp\u00edrita","robots":{"index":"index","follow":"follow","max-snippet":"max-snippet:-1","max-image-preview":"max-image-preview:large","max-video-preview":"max-video-preview:-1"},"canonical":"https:\/\/nuevo-renacer.com\/fr\/jose-maria-fernandez\/","og_locale":"fr_FR","og_type":"article","og_title":"Jos\u00e9 Mar\u00eda Fern\u00e1ndez","og_description":"Jos\u00e9 Mar\u00eda Fern\u00e1ndez&nbsp;( 1819 \u2013 1888 )&nbsp; Si dese\u00e1ramos describir, en pocas palabras, qui\u00e9n es Jos\u00e9 Mar\u00eda Fern\u00e1ndez Colavida, deber\u00edamos afirmar, ante todo, que se trata del ejemplo real y concreto del hombre de bien y del verdadero esp\u00edrita, ense\u00f1ado en El Evangelio seg\u00fan el Espiritismo.&nbsp;&nbsp; Conocido, con toda justicia, como el \u200b\u00abKardec espa\u00f1ol\u200b\u200b\u00bb\u200b, trabaj\u00f3 [&hellip;]","og_url":"https:\/\/nuevo-renacer.com\/fr\/jose-maria-fernandez\/","og_site_name":"Uni\u00f3n Esp\u00edrita","article_publisher":"https:\/\/www.facebook.com\/groups\/3431398063740829","article_modified_time":"2025-06-13T10:20:15+00:00","og_image":[{"url":"https:\/\/nuevo-renacer.com\/wp-content\/uploads\/2024\/07\/Jose-Maria-Fernandez-2.jpg","type":"","width":"","height":""}],"twitter_card":"summary_large_image","twitter_misc":{"Dur\u00e9e de lecture estim\u00e9e":"5 minutes"},"schema":{"@context":"https:\/\/schema.org","@graph":[{"@type":"WebPage","@id":"https:\/\/nuevo-renacer.com\/jose-maria-fernandez\/","url":"https:\/\/nuevo-renacer.com\/jose-maria-fernandez\/","name":"Jos\u00e9 Mar\u00eda Fern\u00e1ndez - Uni\u00f3n Esp\u00edrita","isPartOf":{"@id":"https:\/\/nuevo-renacer.com\/#website"},"primaryImageOfPage":{"@id":"https:\/\/nuevo-renacer.com\/jose-maria-fernandez\/#primaryimage"},"image":{"@id":"https:\/\/nuevo-renacer.com\/jose-maria-fernandez\/#primaryimage"},"thumbnailUrl":"https:\/\/nuevo-renacer.com\/wp-content\/uploads\/2024\/07\/Jose-Maria-Fernandez-2.jpg","datePublished":"2024-07-06T11:57:59+00:00","dateModified":"2025-06-13T10:20:15+00:00","breadcrumb":{"@id":"https:\/\/nuevo-renacer.com\/jose-maria-fernandez\/#breadcrumb"},"inLanguage":"fr-FR","potentialAction":[{"@type":"ReadAction","target":["https:\/\/nuevo-renacer.com\/jose-maria-fernandez\/"]}]},{"@type":"ImageObject","inLanguage":"fr-FR","@id":"https:\/\/nuevo-renacer.com\/jose-maria-fernandez\/#primaryimage","url":"https:\/\/nuevo-renacer.com\/wp-content\/uploads\/2024\/07\/Jose-Maria-Fernandez-2.jpg","contentUrl":"https:\/\/nuevo-renacer.com\/wp-content\/uploads\/2024\/07\/Jose-Maria-Fernandez-2.jpg"},{"@type":"BreadcrumbList","@id":"https:\/\/nuevo-renacer.com\/jose-maria-fernandez\/#breadcrumb","itemListElement":[{"@type":"ListItem","position":1,"name":"Startseite","item":"https:\/\/nuevo-renacer.com\/"},{"@type":"ListItem","position":2,"name":"Jos\u00e9 Mar\u00eda Fern\u00e1ndez"}]},{"@type":"WebSite","@id":"https:\/\/nuevo-renacer.com\/#website","url":"https:\/\/nuevo-renacer.com\/","name":"Uni\u00f3n Esp\u00edrita","description":"Nuevo Renacer","publisher":{"@id":"https:\/\/nuevo-renacer.com\/#organization"},"potentialAction":[{"@type":"SearchAction","target":{"@type":"EntryPoint","urlTemplate":"https:\/\/nuevo-renacer.com\/?s={search_term_string}"},"query-input":{"@type":"PropertyValueSpecification","valueRequired":true,"valueName":"search_term_string"}}],"inLanguage":"fr-FR"},{"@type":"Organization","@id":"https:\/\/nuevo-renacer.com\/#organization","name":"UFEC","url":"https:\/\/nuevo-renacer.com\/","logo":{"@type":"ImageObject","inLanguage":"fr-FR","@id":"https:\/\/nuevo-renacer.com\/#\/schema\/logo\/image\/","url":"https:\/\/nuevo-renacer.com\/wp-content\/uploads\/2024\/05\/cropped-LOGO-TERMINADO1-3-3.png","contentUrl":"https:\/\/nuevo-renacer.com\/wp-content\/uploads\/2024\/05\/cropped-LOGO-TERMINADO1-3-3.png","width":512,"height":512,"caption":"UFEC"},"image":{"@id":"https:\/\/nuevo-renacer.com\/#\/schema\/logo\/image\/"},"sameAs":["https:\/\/www.facebook.com\/groups\/3431398063740829"]}]}},"uagb_featured_image_src":{"full":false,"thumbnail":false,"medium":false,"medium_large":false,"large":false,"1536x1536":false,"2048x2048":false,"trp-custom-language-flag":false},"uagb_author_info":{"display_name":"adbv0","author_link":"https:\/\/nuevo-renacer.com\/fr\/author\/adbv0\/"},"uagb_comment_info":0,"uagb_excerpt":"Jos\u00e9 Mar\u00eda Fern\u00e1ndez&nbsp;( 1819 \u2013 1888 )&nbsp; Si dese\u00e1ramos describir, en pocas palabras, qui\u00e9n es Jos\u00e9 Mar\u00eda Fern\u00e1ndez Colavida, deber\u00edamos afirmar, ante todo, que se trata del ejemplo real y concreto del hombre de bien y del verdadero esp\u00edrita, ense\u00f1ado en El Evangelio seg\u00fan el Espiritismo.&nbsp;&nbsp; Conocido, con toda justicia, como el \u200b\u00abKardec espa\u00f1ol\u200b\u200b\u00bb\u200b, trabaj\u00f3\u2026","jetpack_sharing_enabled":true,"_links":{"self":[{"href":"https:\/\/nuevo-renacer.com\/fr\/wp-json\/wp\/v2\/pages\/3094","targetHints":{"allow":["GET"]}}],"collection":[{"href":"https:\/\/nuevo-renacer.com\/fr\/wp-json\/wp\/v2\/pages"}],"about":[{"href":"https:\/\/nuevo-renacer.com\/fr\/wp-json\/wp\/v2\/types\/page"}],"author":[{"embeddable":true,"href":"https:\/\/nuevo-renacer.com\/fr\/wp-json\/wp\/v2\/users\/1"}],"replies":[{"embeddable":true,"href":"https:\/\/nuevo-renacer.com\/fr\/wp-json\/wp\/v2\/comments?post=3094"}],"version-history":[{"count":6,"href":"https:\/\/nuevo-renacer.com\/fr\/wp-json\/wp\/v2\/pages\/3094\/revisions"}],"predecessor-version":[{"id":8337,"href":"https:\/\/nuevo-renacer.com\/fr\/wp-json\/wp\/v2\/pages\/3094\/revisions\/8337"}],"wp:attachment":[{"href":"https:\/\/nuevo-renacer.com\/fr\/wp-json\/wp\/v2\/media?parent=3094"}],"curies":[{"name":"wp","href":"https:\/\/api.w.org\/{rel}","templated":true}]}}