{"id":3088,"date":"2024-07-06T11:51:16","date_gmt":"2024-07-06T11:51:16","guid":{"rendered":"https:\/\/ufec-mundial.com\/?page_id=3088"},"modified":"2025-06-13T10:16:27","modified_gmt":"2025-06-13T10:16:27","slug":"jaime-galte","status":"publish","type":"page","link":"https:\/\/nuevo-renacer.com\/fr\/jaime-galte\/","title":{"rendered":"Jaime Galt\u00e9"},"content":{"rendered":"<div class=\"wp-block-uagb-container uagb-block-395ecf87 alignfull uagb-is-root-container\"><div class=\"uagb-container-inner-blocks-wrap\">\n<p class=\"has-black-color has-text-color has-link-color has-medium-font-size wp-elements-5726bbcd3ee41b1344ef38e32fd5bcc7\"><strong>Jaime Galt\u00e9 \u2013 le m\u00e9dium le plus c\u00e9l\u00e8bre de Chili<\/strong>&nbsp;<\/p>\n<\/div><\/div>\n\n\n\n<div class=\"wp-block-uagb-container uagb-block-deb1d4ec alignfull uagb-is-root-container\"><div class=\"uagb-container-inner-blocks-wrap\">\n<div class=\"wp-block-uagb-image alignleft uagb-block-59e0a893 wp-block-uagb-image--layout-default wp-block-uagb-image--effect-static wp-block-uagb-image--align-left\"><figure class=\"wp-block-uagb-image__figure\"><img loading=\"lazy\" decoding=\"async\" srcset=\"https:\/\/nuevo-renacer.com\/wp-content\/uploads\/2024\/07\/Jaime-Galte-1.jpg ,https:\/\/ufec-mundial.com\/wp-content\/uploads\/2024\/07\/Jaime-Galte-1.jpg 780w, https:\/\/nuevo-renacer.com\/wp-content\/uploads\/2024\/07\/Jaime-Galte-1.jpg 360w\" sizes=\"auto, (max-width: 480px) 150px\" src=\"https:\/\/nuevo-renacer.com\/wp-content\/uploads\/2024\/07\/Jaime-Galte-1.jpg\" alt=\"\" class=\"uag-image-3091\" width=\"510\" height=\"383\" title=\"Jaime-Galte\" role=\"img\"\/><\/figure><\/div>\n<\/div><\/div>\n\n\n\n<div class=\"wp-block-uagb-container uagb-block-a9af9baf alignfull uagb-is-root-container\"><div class=\"uagb-container-inner-blocks-wrap\">\n<p class=\"has-black-color has-text-color has-link-color has-small-font-size wp-elements-4ac89399d59b3395e08e98a6bc73ac7b\">Jaime Galt\u00e9 est n\u00e9 le 24 mai 1903, \u00e0 Santiago du Chili et est d\u00e9c\u00e9d\u00e9 \u00e0 l&#039;\u00e2ge de 62 ans, en 1965. Il \u00e9tait un brillant avocat et un excellent parent. Il a occup\u00e9 des postes importants, parmi eux: le professeur de Droit de la Proc\u00e9dure, le Directeur de l&#039;\u00c9cole de Droit de Valparaiso, un avocat pour les nouvelles de la soci\u00e9t\u00e9, La Nation, le procureur et le bureau du Contr\u00f4leur G\u00e9n\u00e9ral de la R\u00e9publique du Chili.&nbsp;<\/p>\n\n\n\n<p class=\"has-black-color has-text-color has-link-color has-small-font-size wp-elements-df583e86182b8375cfa6892e68f1c154\">Son histoire en tant que moyen a commenc\u00e9 un jour, quand il \u00e9tait un jeune homme. Voyage en train \u00e0 Valparaiso, une ville qui \u00e9tait inconnu, pour r\u00e9soudre certains probl\u00e8mes de la famille. Son p\u00e8re avait d\u00e9sincarn\u00e9e, peu de temps avant, laissant la famille dans une situation financi\u00e8re tr\u00e8s appr\u00e9ci\u00e9. Galt\u00e9 s&#039;endort et r\u00eave qui vient \u00e0 Valparaiso, il croise un plaza, arrive dans un h\u00f4tel choisi et de parler avec son propri\u00e9taire. Question par son p\u00e8re et l&#039;informer qu&#039;il est log\u00e9 dans la partie nombre de vingt-six. Aller le chercher. Surpris, il se demande comment il est possible qu&#039;elle soit, si elle prend une longue enterr\u00e9. Le p\u00e8re dit que, dans le cercueil, il y a un seul corps et vous indique le nom d&#039;un avocat qui a certaines rubriques, et des instructions sur l&#039;h\u00e9ritage de la famille.&nbsp;<\/p>\n\n\n\n<p class=\"has-black-color has-text-color has-link-color has-small-font-size wp-elements-3fa7b433f5071e4747a3ed669dde2627\">Lors de la Galt\u00e9 est venu \u00e0 Valparaiso suivi de l&#039;information re\u00e7ue dans le r\u00eave et a \u00e9t\u00e9 en mesure de trouver l&#039;h\u00f4tel. La place et l&#039;avocat lui a remis les papiers de sa succession paternelle. A \u00e9t\u00e9 surpris, mais ne cherchez pas les r\u00e9ponses.&nbsp;<\/p>\n\n\n\n<p class=\"has-black-color has-text-color has-link-color has-small-font-size wp-elements-78c59b11885612141727245f52faae5e\">Apr\u00e8s un moment, son ami Ricardo Prat (fr\u00e8re du h\u00e9ros chilien), le convainc que c&#039;\u00e9tait un cadeau que je dois d\u00e9velopper et mettre au service des autres et vous invite \u00e0 une r\u00e9union medi\u00famnica. Lors de cette premi\u00e8re r\u00e9union de la Galt\u00e9 entre dans un \u00e9tat de transe et psychographics le message envoy\u00e9 par un \u201cclic\u201d de la cuisine du navire Itata, qui \u00e9tait en train de couler, lui demandant de donner de l&#039;argent \u00e0 la femme qu&#039;il aimait et de sa m\u00e8re. L&#039;ami Prat est assur\u00e9e par l&#039;Maritime gouvernement, mais a \u00e9t\u00e9 inform\u00e9 que le navire \u00e9tait en continuant \u00e0 naviguer normalement par chilien eaux. Fin de la r\u00e9union, les deux amis se sont retir\u00e9s, pr\u00e9occup\u00e9s par le message re\u00e7u, et l&#039;\u00e9chec apparent de moyenne activit\u00e9. Toutefois, lorsque, en passant devant le journal El Mercurio de Valparaiso, \u00e0 lire avec \u00e9tonnement les nouvelles suivantes: \u201cIl vient de couler le navire Itata\u201d.&nbsp;<\/p>\n\n\n\n<p class=\"has-black-color has-text-color has-link-color has-small-font-size wp-elements-4e395b62d156525f40abf221c21b8f05\">Peu de temps apr\u00e8s avoir prouv\u00e9 l&#039;existence du marin qui s&#039;\u00e9tait pass\u00e9 le message, ils ont trouv\u00e9 la maison indiqu\u00e9e par lui, et satisfait de votre commande, \u00e0 la r\u00e9partition de l&#039;argent entre les deux femmes. \u00c0 partir de ce jour Galt\u00e9 s&#039;est engag\u00e9 dans le Monde Spirituel, et se consacre \u00e0 la lecture, \u00e0 l&#039;\u00e9tude, et de participer \u00e0 des groupes de medi\u00famnicos. Il a rejoint la Soci\u00e9t\u00e9 Scientifique existant \u00e0 Santiago et a \u00e9t\u00e9 l&#039;un des fondateurs de la Soci\u00e9t\u00e9 Chilienne de la Parapsychologie. Dans les ann\u00e9es suivantes Galt\u00e9 re\u00e7u plusieurs esprits qui \u00e9taient belles et sages de pages que le bien-connu Monsieur Lowe, philosophe et conseiller. Malheureusement, ces \u00e9crits sont publi\u00e9s \u00e0 la fois, vous \u00eates \u00e9puis\u00e9 et sont tr\u00e8s difficiles \u00e0 trouver. Peut-\u00eatre, le plus c\u00e9l\u00e8bre des esprits qui Galt\u00e9 incorporated a \u00e9t\u00e9 le Dr Eric Halfanne, qui a effectu\u00e9 d&#039;innombrables gu\u00e9risons avec l&#039;aide d&#039;un m\u00e9dium.&nbsp;&nbsp;<\/p>\n\n\n\n<p class=\"has-black-color has-text-color has-link-color has-small-font-size wp-elements-82b3396909eafc98d5f508b070c0987c\">Eric Halfanne \u00e9tait dans la vie terrestre d&#039;un m\u00e9decin, le suisse allemand, qui a travaill\u00e9 en Am\u00e9rique et desencarn\u00f3 en Bolivie, en 1906. C&#039;est une curieuse mani\u00e8re de a \u00e9t\u00e9 pr\u00e9sent\u00e9e pour la premi\u00e8re fois, selon Sonia, la fille de la Galt\u00e9. Un jour, la fille du mariage Bachelet, les amis de la moyenne, j&#039;ai \u00e9t\u00e9 tr\u00e8s s\u00e9rieux et ses parents lui ont demand\u00e9 de Galt\u00e9 qui a appel\u00e9 l&#039;esprit de son p\u00e9diatre qui avait d\u00e9sincarn\u00e9e quelques mois avant. Quand le m\u00e9dium entre en transe qui dit que le m\u00e9decin ne peut pas venir parce qu&#039;ils sont occup\u00e9s dans d&#039;autres \u0153uvres dans le monde spirituel, mais qu&#039;un autre m\u00e9decin viendra \u00e0 votre aide. Puis il pr\u00e9sente la Dr Eric Halfanne. Leur gu\u00e9rit sont compt\u00e9s par dizaines. Diagnostiqu\u00e9 avec certitude et il m&#039;a prescrit des rem\u00e8des hom\u00e9opathiques compl\u00e9mentaires.&nbsp;<\/p>\n\n\n\n<p class=\"has-black-color has-text-color has-link-color has-small-font-size wp-elements-72d42022fdd33c979ef987c6910c36dc\">Galt\u00e9 suis all\u00e9 dans un \u00e9tat de transe, assis sur une chaise et se mit \u00e0 diagnostiquer les maladies et prescrire des rem\u00e8des. Sa famille a sauv\u00e9 beaucoup les \u00e9crits psicografiados de ces temps. Galt\u00e9 servi gratuitement \u00e0 toute personne qui demande des services, avec l&#039;amour et l&#039;altruisme comme un bon chr\u00e9tien. Jamais refus\u00e9 son aide, m\u00eame quand il \u00e9tait gravement malade, \u00e0 la fin de leurs jours. Il \u00e9tait un ap\u00f4tre du service d&#039;autrui.&nbsp;<\/p>\n\n\n\n<p class=\"has-black-color has-text-color has-link-color has-small-font-size wp-elements-463b207033328483ae868ac3b034a267\">Apr\u00e8s quelques ann\u00e9es, Galt\u00e9 pourrait travailler mediumnicamente distance. Il a re\u00e7u le nom de la personne malade et de ses sympt\u00f4mes. \u00catre compos\u00e9, et de son esprit, \u00e0 la maison du patient, accompagn\u00e9 par le Dr Eric, qui \u00e9tait de toute \u00e9vidence celui qui a fait les cures. Galt\u00e9 \u00e9tait m\u00e9dium, voyante, psic\u00f3grafo, la gu\u00e9rison et l&#039;incorporation. Pourrait aussi peindre de belles photos et de jouer du piano divinement quand j&#039;\u00e9tais dans un \u00e9tat de transe, comme personnellement, ignorants de ces arts. Avait une vision claire de l&#039;avenir et de son mot ami et consolateur est venu pour tout le monde.&nbsp;<\/p>\n\n\n\n<p class=\"has-black-color has-text-color has-link-color has-small-font-size wp-elements-c6fc632c80f96f0007e6f23a89ba1d0f\">Jaime Galt\u00e9 me suis r\u00e9veill\u00e9 le peuple chilien de la n\u00e9cessit\u00e9 de la connaissance spirituelle et de l&#039;approche du monde spirituel. Dieu veut que vous soyez beaucoup qui se souviennent de lui et de suivre son exemple de gentillesse et de service.&nbsp;<\/p>\n<\/div><\/div>\n\n\n\n<div class=\"wp-block-uagb-container uagb-block-a58ab44d alignfull uagb-is-root-container\"><div class=\"uagb-container-inner-blocks-wrap\"><\/div><\/div>\n\n\n\n<div class=\"wp-block-uagb-container uagb-block-212610c4 alignfull uagb-is-root-container\"><div class=\"uagb-container-inner-blocks-wrap\"><\/div><\/div>","protected":false},"excerpt":{"rendered":"<p>Jaime Galt\u00e9 \u2013 el medium m\u00e1s famoso de Chile&nbsp; Jaime Galt\u00e9 naci\u00f3 el 24 de mayo de 1903 en Santiago de Chile y falleci\u00f3 a los 62 a\u00f1os de edad, en 1965. Fue un brillante abogado y excelente padre de familia. Ocup\u00f3 cargos importantes, entre ellos: profesor de Derecho Procesal, Director de la Escuela de [&hellip;]<\/p>","protected":false},"author":1,"featured_media":0,"parent":0,"menu_order":0,"comment_status":"closed","ping_status":"closed","template":"","meta":{"_uag_custom_page_level_css":"","site-sidebar-layout":"default","site-content-layout":"","ast-site-content-layout":"default","site-content-style":"default","site-sidebar-style":"default","ast-global-header-display":"","ast-banner-title-visibility":"","ast-main-header-display":"","ast-hfb-above-header-display":"","ast-hfb-below-header-display":"","ast-hfb-mobile-header-display":"","site-post-title":"disabled","ast-breadcrumbs-content":"","ast-featured-img":"","footer-sml-layout":"","theme-transparent-header-meta":"","adv-header-id-meta":"","stick-header-meta":"","header-above-stick-meta":"","header-main-stick-meta":"","header-below-stick-meta":"","astra-migrate-meta-layouts":"set","ast-page-background-enabled":"default","ast-page-background-meta":{"desktop":{"background-color":"var(--ast-global-color-4)","background-image":"","background-repeat":"repeat","background-position":"center center","background-size":"auto","background-attachment":"scroll","background-type":"","background-media":"","overlay-type":"","overlay-color":"","overlay-opacity":"","overlay-gradient":""},"tablet":{"background-color":"","background-image":"","background-repeat":"repeat","background-position":"center center","background-size":"auto","background-attachment":"scroll","background-type":"","background-media":"","overlay-type":"","overlay-color":"","overlay-opacity":"","overlay-gradient":""},"mobile":{"background-color":"","background-image":"","background-repeat":"repeat","background-position":"center center","background-size":"auto","background-attachment":"scroll","background-type":"","background-media":"","overlay-type":"","overlay-color":"","overlay-opacity":"","overlay-gradient":""}},"ast-content-background-meta":{"desktop":{"background-color":"var(--ast-global-color-5)","background-image":"","background-repeat":"repeat","background-position":"center center","background-size":"auto","background-attachment":"scroll","background-type":"","background-media":"","overlay-type":"","overlay-color":"","overlay-opacity":"","overlay-gradient":""},"tablet":{"background-color":"var(--ast-global-color-5)","background-image":"","background-repeat":"repeat","background-position":"center center","background-size":"auto","background-attachment":"scroll","background-type":"","background-media":"","overlay-type":"","overlay-color":"","overlay-opacity":"","overlay-gradient":""},"mobile":{"background-color":"var(--ast-global-color-5)","background-image":"","background-repeat":"repeat","background-position":"center center","background-size":"auto","background-attachment":"scroll","background-type":"","background-media":"","overlay-type":"","overlay-color":"","overlay-opacity":"","overlay-gradient":""}},"footnotes":""},"class_list":["post-3088","page","type-page","status-publish","hentry"],"yoast_head":"<!-- This site is optimized with the Yoast SEO Premium plugin v24.2 (Yoast SEO v24.6) - https:\/\/yoast.com\/wordpress\/plugins\/seo\/ -->\n<title>Jaime Galt\u00e9 - Uni\u00f3n Esp\u00edrita<\/title>\n<meta name=\"robots\" content=\"index, follow, max-snippet:-1, max-image-preview:large, max-video-preview:-1\" \/>\n<link rel=\"canonical\" href=\"https:\/\/nuevo-renacer.com\/fr\/jaime-galte\/\" \/>\n<meta property=\"og:locale\" content=\"fr_FR\" \/>\n<meta property=\"og:type\" content=\"article\" \/>\n<meta property=\"og:title\" content=\"Jaime Galt\u00e9\" \/>\n<meta property=\"og:description\" content=\"Jaime Galt\u00e9 \u2013 el medium m\u00e1s famoso de Chile&nbsp; Jaime Galt\u00e9 naci\u00f3 el 24 de mayo de 1903 en Santiago de Chile y falleci\u00f3 a los 62 a\u00f1os de edad, en 1965. Fue un brillante abogado y excelente padre de familia. Ocup\u00f3 cargos importantes, entre ellos: profesor de Derecho Procesal, Director de la Escuela de [&hellip;]\" \/>\n<meta property=\"og:url\" content=\"https:\/\/nuevo-renacer.com\/fr\/jaime-galte\/\" \/>\n<meta property=\"og:site_name\" content=\"Uni\u00f3n Esp\u00edrita\" \/>\n<meta property=\"article:publisher\" content=\"https:\/\/www.facebook.com\/groups\/3431398063740829\" \/>\n<meta property=\"article:modified_time\" content=\"2025-06-13T10:16:27+00:00\" \/>\n<meta property=\"og:image\" content=\"https:\/\/nuevo-renacer.com\/wp-content\/uploads\/2024\/07\/Jaime-Galte-1.jpg\" \/>\n<meta name=\"twitter:card\" content=\"summary_large_image\" \/>\n<meta name=\"twitter:label1\" content=\"Dur\u00e9e de lecture estim\u00e9e\" \/>\n\t<meta name=\"twitter:data1\" content=\"5 minutes\" \/>\n<script type=\"application\/ld+json\" class=\"yoast-schema-graph\">{\"@context\":\"https:\/\/schema.org\",\"@graph\":[{\"@type\":\"WebPage\",\"@id\":\"https:\/\/nuevo-renacer.com\/jaime-galte\/\",\"url\":\"https:\/\/nuevo-renacer.com\/jaime-galte\/\",\"name\":\"Jaime Galt\u00e9 - Uni\u00f3n Esp\u00edrita\",\"isPartOf\":{\"@id\":\"https:\/\/nuevo-renacer.com\/#website\"},\"primaryImageOfPage\":{\"@id\":\"https:\/\/nuevo-renacer.com\/jaime-galte\/#primaryimage\"},\"image\":{\"@id\":\"https:\/\/nuevo-renacer.com\/jaime-galte\/#primaryimage\"},\"thumbnailUrl\":\"https:\/\/nuevo-renacer.com\/wp-content\/uploads\/2024\/07\/Jaime-Galte-1.jpg\",\"datePublished\":\"2024-07-06T11:51:16+00:00\",\"dateModified\":\"2025-06-13T10:16:27+00:00\",\"breadcrumb\":{\"@id\":\"https:\/\/nuevo-renacer.com\/jaime-galte\/#breadcrumb\"},\"inLanguage\":\"fr-FR\",\"potentialAction\":[{\"@type\":\"ReadAction\",\"target\":[\"https:\/\/nuevo-renacer.com\/jaime-galte\/\"]}]},{\"@type\":\"ImageObject\",\"inLanguage\":\"fr-FR\",\"@id\":\"https:\/\/nuevo-renacer.com\/jaime-galte\/#primaryimage\",\"url\":\"https:\/\/nuevo-renacer.com\/wp-content\/uploads\/2024\/07\/Jaime-Galte-1.jpg\",\"contentUrl\":\"https:\/\/nuevo-renacer.com\/wp-content\/uploads\/2024\/07\/Jaime-Galte-1.jpg\"},{\"@type\":\"BreadcrumbList\",\"@id\":\"https:\/\/nuevo-renacer.com\/jaime-galte\/#breadcrumb\",\"itemListElement\":[{\"@type\":\"ListItem\",\"position\":1,\"name\":\"Startseite\",\"item\":\"https:\/\/nuevo-renacer.com\/\"},{\"@type\":\"ListItem\",\"position\":2,\"name\":\"Jaime Galt\u00e9\"}]},{\"@type\":\"WebSite\",\"@id\":\"https:\/\/nuevo-renacer.com\/#website\",\"url\":\"https:\/\/nuevo-renacer.com\/\",\"name\":\"Uni\u00f3n Esp\u00edrita\",\"description\":\"Nuevo Renacer\",\"publisher\":{\"@id\":\"https:\/\/nuevo-renacer.com\/#organization\"},\"potentialAction\":[{\"@type\":\"SearchAction\",\"target\":{\"@type\":\"EntryPoint\",\"urlTemplate\":\"https:\/\/nuevo-renacer.com\/?s={search_term_string}\"},\"query-input\":{\"@type\":\"PropertyValueSpecification\",\"valueRequired\":true,\"valueName\":\"search_term_string\"}}],\"inLanguage\":\"fr-FR\"},{\"@type\":\"Organization\",\"@id\":\"https:\/\/nuevo-renacer.com\/#organization\",\"name\":\"UFEC\",\"url\":\"https:\/\/nuevo-renacer.com\/\",\"logo\":{\"@type\":\"ImageObject\",\"inLanguage\":\"fr-FR\",\"@id\":\"https:\/\/nuevo-renacer.com\/#\/schema\/logo\/image\/\",\"url\":\"https:\/\/nuevo-renacer.com\/wp-content\/uploads\/2024\/05\/cropped-LOGO-TERMINADO1-3-3.png\",\"contentUrl\":\"https:\/\/nuevo-renacer.com\/wp-content\/uploads\/2024\/05\/cropped-LOGO-TERMINADO1-3-3.png\",\"width\":512,\"height\":512,\"caption\":\"UFEC\"},\"image\":{\"@id\":\"https:\/\/nuevo-renacer.com\/#\/schema\/logo\/image\/\"},\"sameAs\":[\"https:\/\/www.facebook.com\/groups\/3431398063740829\"]}]}<\/script>\n<!-- \/ Yoast SEO Premium plugin. -->","yoast_head_json":{"title":"Jaime Galt\u00e9 - Uni\u00f3n Esp\u00edrita","robots":{"index":"index","follow":"follow","max-snippet":"max-snippet:-1","max-image-preview":"max-image-preview:large","max-video-preview":"max-video-preview:-1"},"canonical":"https:\/\/nuevo-renacer.com\/fr\/jaime-galte\/","og_locale":"fr_FR","og_type":"article","og_title":"Jaime Galt\u00e9","og_description":"Jaime Galt\u00e9 \u2013 el medium m\u00e1s famoso de Chile&nbsp; Jaime Galt\u00e9 naci\u00f3 el 24 de mayo de 1903 en Santiago de Chile y falleci\u00f3 a los 62 a\u00f1os de edad, en 1965. Fue un brillante abogado y excelente padre de familia. Ocup\u00f3 cargos importantes, entre ellos: profesor de Derecho Procesal, Director de la Escuela de [&hellip;]","og_url":"https:\/\/nuevo-renacer.com\/fr\/jaime-galte\/","og_site_name":"Uni\u00f3n Esp\u00edrita","article_publisher":"https:\/\/www.facebook.com\/groups\/3431398063740829","article_modified_time":"2025-06-13T10:16:27+00:00","og_image":[{"url":"https:\/\/nuevo-renacer.com\/wp-content\/uploads\/2024\/07\/Jaime-Galte-1.jpg","type":"","width":"","height":""}],"twitter_card":"summary_large_image","twitter_misc":{"Dur\u00e9e de lecture estim\u00e9e":"5 minutes"},"schema":{"@context":"https:\/\/schema.org","@graph":[{"@type":"WebPage","@id":"https:\/\/nuevo-renacer.com\/jaime-galte\/","url":"https:\/\/nuevo-renacer.com\/jaime-galte\/","name":"Jaime Galt\u00e9 - Uni\u00f3n Esp\u00edrita","isPartOf":{"@id":"https:\/\/nuevo-renacer.com\/#website"},"primaryImageOfPage":{"@id":"https:\/\/nuevo-renacer.com\/jaime-galte\/#primaryimage"},"image":{"@id":"https:\/\/nuevo-renacer.com\/jaime-galte\/#primaryimage"},"thumbnailUrl":"https:\/\/nuevo-renacer.com\/wp-content\/uploads\/2024\/07\/Jaime-Galte-1.jpg","datePublished":"2024-07-06T11:51:16+00:00","dateModified":"2025-06-13T10:16:27+00:00","breadcrumb":{"@id":"https:\/\/nuevo-renacer.com\/jaime-galte\/#breadcrumb"},"inLanguage":"fr-FR","potentialAction":[{"@type":"ReadAction","target":["https:\/\/nuevo-renacer.com\/jaime-galte\/"]}]},{"@type":"ImageObject","inLanguage":"fr-FR","@id":"https:\/\/nuevo-renacer.com\/jaime-galte\/#primaryimage","url":"https:\/\/nuevo-renacer.com\/wp-content\/uploads\/2024\/07\/Jaime-Galte-1.jpg","contentUrl":"https:\/\/nuevo-renacer.com\/wp-content\/uploads\/2024\/07\/Jaime-Galte-1.jpg"},{"@type":"BreadcrumbList","@id":"https:\/\/nuevo-renacer.com\/jaime-galte\/#breadcrumb","itemListElement":[{"@type":"ListItem","position":1,"name":"Startseite","item":"https:\/\/nuevo-renacer.com\/"},{"@type":"ListItem","position":2,"name":"Jaime Galt\u00e9"}]},{"@type":"WebSite","@id":"https:\/\/nuevo-renacer.com\/#website","url":"https:\/\/nuevo-renacer.com\/","name":"Uni\u00f3n Esp\u00edrita","description":"Nuevo Renacer","publisher":{"@id":"https:\/\/nuevo-renacer.com\/#organization"},"potentialAction":[{"@type":"SearchAction","target":{"@type":"EntryPoint","urlTemplate":"https:\/\/nuevo-renacer.com\/?s={search_term_string}"},"query-input":{"@type":"PropertyValueSpecification","valueRequired":true,"valueName":"search_term_string"}}],"inLanguage":"fr-FR"},{"@type":"Organization","@id":"https:\/\/nuevo-renacer.com\/#organization","name":"UFEC","url":"https:\/\/nuevo-renacer.com\/","logo":{"@type":"ImageObject","inLanguage":"fr-FR","@id":"https:\/\/nuevo-renacer.com\/#\/schema\/logo\/image\/","url":"https:\/\/nuevo-renacer.com\/wp-content\/uploads\/2024\/05\/cropped-LOGO-TERMINADO1-3-3.png","contentUrl":"https:\/\/nuevo-renacer.com\/wp-content\/uploads\/2024\/05\/cropped-LOGO-TERMINADO1-3-3.png","width":512,"height":512,"caption":"UFEC"},"image":{"@id":"https:\/\/nuevo-renacer.com\/#\/schema\/logo\/image\/"},"sameAs":["https:\/\/www.facebook.com\/groups\/3431398063740829"]}]}},"uagb_featured_image_src":{"full":false,"thumbnail":false,"medium":false,"medium_large":false,"large":false,"1536x1536":false,"2048x2048":false,"trp-custom-language-flag":false},"uagb_author_info":{"display_name":"adbv0","author_link":"https:\/\/nuevo-renacer.com\/fr\/author\/adbv0\/"},"uagb_comment_info":0,"uagb_excerpt":"Jaime Galt\u00e9 \u2013 el medium m\u00e1s famoso de Chile&nbsp; Jaime Galt\u00e9 naci\u00f3 el 24 de mayo de 1903 en Santiago de Chile y falleci\u00f3 a los 62 a\u00f1os de edad, en 1965. Fue un brillante abogado y excelente padre de familia. Ocup\u00f3 cargos importantes, entre ellos: profesor de Derecho Procesal, Director de la Escuela de\u2026","jetpack_sharing_enabled":true,"_links":{"self":[{"href":"https:\/\/nuevo-renacer.com\/fr\/wp-json\/wp\/v2\/pages\/3088","targetHints":{"allow":["GET"]}}],"collection":[{"href":"https:\/\/nuevo-renacer.com\/fr\/wp-json\/wp\/v2\/pages"}],"about":[{"href":"https:\/\/nuevo-renacer.com\/fr\/wp-json\/wp\/v2\/types\/page"}],"author":[{"embeddable":true,"href":"https:\/\/nuevo-renacer.com\/fr\/wp-json\/wp\/v2\/users\/1"}],"replies":[{"embeddable":true,"href":"https:\/\/nuevo-renacer.com\/fr\/wp-json\/wp\/v2\/comments?post=3088"}],"version-history":[{"count":3,"href":"https:\/\/nuevo-renacer.com\/fr\/wp-json\/wp\/v2\/pages\/3088\/revisions"}],"predecessor-version":[{"id":8335,"href":"https:\/\/nuevo-renacer.com\/fr\/wp-json\/wp\/v2\/pages\/3088\/revisions\/8335"}],"wp:attachment":[{"href":"https:\/\/nuevo-renacer.com\/fr\/wp-json\/wp\/v2\/media?parent=3088"}],"curies":[{"name":"wp","href":"https:\/\/api.w.org\/{rel}","templated":true}]}}