{"id":3070,"date":"2024-07-06T11:32:18","date_gmt":"2024-07-06T11:32:18","guid":{"rendered":"https:\/\/ufec-mundial.com\/?page_id=3070"},"modified":"2025-06-13T10:10:20","modified_gmt":"2025-06-13T10:10:20","slug":"francisco-peixoto-lins","status":"publish","type":"page","link":"https:\/\/nuevo-renacer.com\/fr\/francisco-peixoto-lins\/","title":{"rendered":"Francisco Peixoto Lins"},"content":{"rendered":"<div class=\"wp-block-uagb-container uagb-block-93c301d2 alignfull uagb-is-root-container\"><div class=\"uagb-container-inner-blocks-wrap\">\n<p class=\"has-black-color has-text-color has-link-color has-medium-font-size wp-elements-55c713e62e0a139389aa2ea37f972aa5\"><strong>Francisco Peixoto Lins<\/strong>&nbsp;<\/p>\n<\/div><\/div>\n\n\n\n<div class=\"wp-block-uagb-container uagb-block-69efe0f9 alignfull uagb-is-root-container\"><div class=\"uagb-container-inner-blocks-wrap\">\n<div class=\"wp-block-uagb-image alignleft uagb-block-9840d3e4 wp-block-uagb-image--layout-default wp-block-uagb-image--effect-static wp-block-uagb-image--align-left\"><figure class=\"wp-block-uagb-image__figure\"><img loading=\"lazy\" decoding=\"async\" srcset=\"https:\/\/nuevo-renacer.com\/wp-content\/uploads\/2024\/07\/peixotinho_1-1.jpg ,https:\/\/ufec-mundial.com\/wp-content\/uploads\/2024\/07\/peixotinho_1-1.jpg 780w, https:\/\/nuevo-renacer.com\/wp-content\/uploads\/2024\/07\/peixotinho_1-1.jpg 360w\" sizes=\"auto, (max-width: 480px) 150px\" src=\"https:\/\/nuevo-renacer.com\/wp-content\/uploads\/2024\/07\/peixotinho_1-1.jpg\" alt=\"\" class=\"uag-image-3073\" width=\"300\" height=\"360\" title=\"peixotinho_1-1\" role=\"img\"\/><\/figure><\/div>\n<\/div><\/div>\n\n\n\n<div class=\"wp-block-uagb-container uagb-block-5c923011 alignfull uagb-is-root-container\"><div class=\"uagb-container-inner-blocks-wrap\">\n<p class=\"has-black-color has-text-color has-link-color has-small-font-size wp-elements-74ffe7d6e56c869171d71325d554602a\">Peixotinho, comme on l&#039;appelle affectueusement, a \u00e9t\u00e9 l&#039;un des m\u00e9diums les plus c\u00e9l\u00e8bres du Br\u00e9sil, en particulier en tant que moyen d&#039;effets physiques. Son nom complet est Francisco Peixoto Lins. N\u00e9 dans la ville de Pacatuba, l&#039;\u00e9tat de Cear\u00e1 (la m\u00eame que celle de la bien-aim\u00e9e Bezerra de Menezes) le 1er f\u00e9vrier 1905 et desencarn\u00f3 le 16 juin 1966, dans les Champs, dans l&#039;\u00e9tat de Rio de Janeiro, au Br\u00e9sil.&nbsp;<\/p>\n\n\n\n<p class=\"has-black-color has-text-color has-link-color has-small-font-size wp-elements-4b553512f6c1981a624b07e77dda7938\">Sa vie, comme celle de tous les grands hommes, il \u00e9tait entour\u00e9 par les difficult\u00e9s. Rappelons que les inconv\u00e9nients de la vie sont tout simplement la preuve que le Monde de l&#039;esprit nous envoie pour affiner nos Esprits, de nous fortifier et \u00e0 l&#039;\u00e9preuve de notre foi. Il a pass\u00e9 son enfance dans la ville de Fortaleza, entour\u00e9e de l&#039;affection de ses oncles, comme sa m\u00e8re l&#039;avait d\u00e9sincarn\u00e9e, lorsqu&#039;il \u00e9tait enfant. \u00c0 l&#039;\u00e2ge de quatorze ans, il a d\u00e9m\u00e9nag\u00e9 \u00e0 l&#039;Amazonie, \u00e0 la recherche de travail, en tant que collecteur de caoutchouc dans les arbres. C&#039;\u00e9tait l&#039;\u00e9poque de l&#039;apog\u00e9e de ce mat\u00e9riau pour la construction de nouveaux \u00e9l\u00e9ments tels que les pneus et plastiques. Au cours de cette p\u00e9riode, la richesse est r\u00e9partie dans tout le Br\u00e9sil.&nbsp;<\/p>\n\n\n\n<p class=\"has-black-color has-text-color has-link-color has-small-font-size wp-elements-9acbf2290720e9a9535b7feab210128c\">L\u00e0, dans la jungle, comme elle a travaill\u00e9 dur, a subi les inconv\u00e9nients, \u00e0 la fois physiques et \u00e9motionnels qui ont marqu\u00e9 le caract\u00e8re. Apr\u00e8s quelques ann\u00e9es, il est retourn\u00e9 \u00e0 Cear\u00e1, sa province natale, et il vint de sa m\u00e9diumnit\u00e9, qui avait \u00e9t\u00e9 apparemment endormi. Au d\u00e9but, il avait peur, ne sachant pas ce qui lui arrivait. Il se sentait entour\u00e9 par des Esprits malades qui le poursuivaient. Les craintes de devenir fou. En plus de ces voix de la souffrance et de la vision de personnages en proie a subi une soudaine paralysie des membres inf\u00e9rieurs.&nbsp;<\/p>\n\n\n\n<p class=\"has-black-color has-text-color has-link-color has-small-font-size wp-elements-325c4c014ca03be98f556305da6c8ed1\">Sa famille, tr\u00e8s catholique, n&#039;a pas voulu recourir \u00e0 la Spiritisme pour r\u00e9soudre les probl\u00e8mes de sant\u00e9, chaque fois plus graves Peixotinho. Son \u00e9tat s&#039;est d\u00e9t\u00e9rior\u00e9 chaque jour \u00e0 d\u00e9sesp\u00e9rer de lui et de la famille. Un jour, cependant, est venu \u00e0 sa maison, un groupe de travailleurs esp\u00edritas qui savait de ses difficult\u00e9s. Ils appartenaient \u00e0 la \u201cF\u00e9d\u00e9ration Spirite de l&#039;\u00e9tat du Cear\u00e1\u201d. Avec des passes, des pri\u00e8res et de l&#039;eau fluidis\u00e9 ils ont lib\u00e9r\u00e9 des Esprits malades qui l&#039;ont tortur\u00e9. C&#039;est clairement un cas d&#039;obsession.&nbsp;<\/p>\n\n\n\n<p class=\"has-black-color has-text-color has-link-color has-small-font-size wp-elements-d2e7267186bb728a6e69348426131c9e\">\u00c0 l&#039;\u00e9poque Peixotinho connu le Spiritisme et commence \u00e0 \u00e9tudier la Doctrine de la Bonne nouvelle. Il apprend aussi de la m\u00e9diumnit\u00e9, qui apporte \u00e0 cette r\u00e9incarnation et obtient \u00e0 l&#039;\u00e9tude afin de l&#039;exercer avec la dignit\u00e9 qu&#039;il m\u00e9rite. En 1926, a d\u00e9m\u00e9nag\u00e9 \u00e0 Rio de Janeiro, capitale du pays, et enr\u00f4le dans l&#039;arm\u00e9e. Il a \u00e9t\u00e9 transf\u00e9r\u00e9 \u00e0 plusieurs reprises, vivant dans diff\u00e9rents endroits du Br\u00e9sil, en raison de votre nouvelle carri\u00e8re dans l&#039;arm\u00e9e.&nbsp;<\/p>\n\n\n\n<p class=\"has-black-color has-text-color has-link-color has-small-font-size wp-elements-af14c7861b81125fcb60f0b5820c2d08\">Il s&#039;est mari\u00e9 en 1933 avec Benedita (B\u00e9b\u00e9), Vieira et eu 9 enfants, constituant une belle famille chr\u00e9tienne. Dans chacune des villes par o\u00f9 il est all\u00e9, a ouvert les groupes d&#039;\u00e9tude de la Doctrine de Kardec, avec l&#039;aide du ma\u00eetre bien-aim\u00e9 J\u00e9sus.&nbsp;<\/p>\n\n\n\n<div class=\"wp-block-group is-layout-constrained wp-block-group-is-layout-constrained\">\n<p class=\"has-black-color has-text-color has-link-color has-small-font-size wp-elements-2c30194e143e6fb43e6e5a7add014fdf\">\u00c0 Macae, il a fond\u00e9 le \u201cGroupe Spirite de Pierre\u201d.&nbsp;<\/p>\n\n\n\n<p class=\"has-black-color has-text-color has-link-color has-small-font-size wp-elements-1beae96f65dfac805b293ce180c51b50\">Dans l&#039;\u00e9tat de Rio de Janeiro (S\u00e3o Jo\u00e3o) a fond\u00e9 le \u201cGroupe Spirite Andr\u00e9 Luiz\u201d, qui a rencontr\u00e9 dans sa maison tous les dimanches.&nbsp;<\/p>\n\n\n\n<p class=\"has-black-color has-text-color has-link-color has-small-font-size wp-elements-3149a7d8fb0a19a2e07804d592f3437d\">Dans la ville de Santos, il a fond\u00e9 le \u201cCentre Spirite Ismenia de J\u00e9sus\u201d.&nbsp;<\/p>\n\n\n\n<p class=\"has-black-color has-text-color has-link-color has-small-font-size wp-elements-b15a6b398bd799c28659b864476bb634\">Dans les Champs, il a fond\u00e9 le \u201cGroupe Spirite Aracy\u201d (le nom de leur guide spirituel) et a \u00e9galement travaill\u00e9 dans le \u201cGroupe Spirite de Jeanne d&#039;Arc\u201d.&nbsp;<\/p>\n<\/div>\n\n\n\n<p class=\"has-black-color has-text-color has-link-color has-small-font-size wp-elements-b130b4fb916e500603b478034ecc51f0\">En 1948, avait r\u00eav\u00e9 et attendu de la rencontre avec le bien-aim\u00e9 de Chico Xavier. Ensemble, ils ont particip\u00e9 \u00e0 de nombreuses r\u00e9unions des effets physiques, en particulier de la mat\u00e9rialisation. Peixotinho \u00e9tait un homme d&#039;apparence, petite, presque enfantine, mais avec une forte volont\u00e9 et l&#039;esprit clair et un grand sens de la responsabilit\u00e9, notamment au sujet de l&#039;exercice de la m\u00e9diumnit\u00e9. N&#039;a jamais cess\u00e9 de participer \u00e0 ceux qui demandent leurs services et n&#039;a jamais re\u00e7u de l&#039;argent pour elle, comme tout bon spirite.&nbsp;<\/p>\n\n\n\n<p class=\"has-black-color has-text-color has-link-color has-small-font-size wp-elements-69d99bea0ca7c9e55b640952c22157f9\">Dans tous les Centres qu&#039;il a fond\u00e9 ou particip\u00e9, sont toujours rest\u00e9es les bases de la Doctrine de Kardec et J\u00e9sus au-dessus de tous. Sa vie a \u00e9t\u00e9 un exemple d&#039;abn\u00e9gation, de d\u00e9vouement, de la responsabilit\u00e9 et de l&#039;amour du prochain. Il y a de c\u00e9l\u00e8bres cas, \u00e9tudi\u00e9 par les scientifiques, et les incr\u00e9dules, et dans lequel Peixotinho, pieds et les mains li\u00e9s, \u00e9tait haletante ectoplasme en telle quantit\u00e9 que l&#039;on concr\u00e9tise Esprits d\u00e9sincarn\u00e9s, qui a communiqu\u00e9 avec les personnes pr\u00e9sentes \u00e0 ces r\u00e9unions, et, parfois, de parler. Aussi mat\u00e9rialis\u00e9 de fleurs, de plantes et d&#039;autres \u00e9l\u00e9ments.&nbsp;<\/p>\n\n\n\n<p class=\"has-black-color has-text-color has-link-color has-small-font-size wp-elements-f579890bf0291395f7fa18a3b7d9dc89\">Nous appr\u00e9cions cet Esprit que son exemple d&#039;amour et de d\u00e9vouement \u00e0 l&#039;\u00c9vangile de la douce Rabbin de J\u00e9rusalem.&nbsp;<\/p>\n<\/div><\/div>\n\n\n\n<div class=\"wp-block-uagb-container uagb-block-f40e4d39 alignfull uagb-is-root-container\"><div class=\"uagb-container-inner-blocks-wrap\"><\/div><\/div>\n\n\n\n<div class=\"wp-block-uagb-container uagb-block-8b792c05 alignfull uagb-is-root-container\"><div class=\"uagb-container-inner-blocks-wrap\"><\/div><\/div>","protected":false},"excerpt":{"rendered":"<p>Francisco Peixoto Lins&nbsp; Peixotinho, como cari\u00f1osamente se lo llamaba, fue uno de los m\u00e9diums m\u00e1s famosos de Brasil, especialmente como m\u00e9dium de efectos f\u00edsicos. Su nombre completo es Francisco Peixoto Lins.&nbsp;Naci\u00f3 en la ciudad de Pacatuba, estado de Cear\u00e1 (el mismo del querido Bezerra de Menezes), el 1\u00ba de febrero de 1905 y desencarn\u00f3 el [&hellip;]<\/p>","protected":false},"author":1,"featured_media":0,"parent":0,"menu_order":0,"comment_status":"closed","ping_status":"closed","template":"","meta":{"_uag_custom_page_level_css":"","site-sidebar-layout":"default","site-content-layout":"","ast-site-content-layout":"default","site-content-style":"default","site-sidebar-style":"default","ast-global-header-display":"","ast-banner-title-visibility":"","ast-main-header-display":"","ast-hfb-above-header-display":"","ast-hfb-below-header-display":"","ast-hfb-mobile-header-display":"","site-post-title":"disabled","ast-breadcrumbs-content":"","ast-featured-img":"","footer-sml-layout":"","theme-transparent-header-meta":"","adv-header-id-meta":"","stick-header-meta":"","header-above-stick-meta":"","header-main-stick-meta":"","header-below-stick-meta":"","astra-migrate-meta-layouts":"set","ast-page-background-enabled":"default","ast-page-background-meta":{"desktop":{"background-color":"var(--ast-global-color-4)","background-image":"","background-repeat":"repeat","background-position":"center center","background-size":"auto","background-attachment":"scroll","background-type":"","background-media":"","overlay-type":"","overlay-color":"","overlay-opacity":"","overlay-gradient":""},"tablet":{"background-color":"","background-image":"","background-repeat":"repeat","background-position":"center center","background-size":"auto","background-attachment":"scroll","background-type":"","background-media":"","overlay-type":"","overlay-color":"","overlay-opacity":"","overlay-gradient":""},"mobile":{"background-color":"","background-image":"","background-repeat":"repeat","background-position":"center center","background-size":"auto","background-attachment":"scroll","background-type":"","background-media":"","overlay-type":"","overlay-color":"","overlay-opacity":"","overlay-gradient":""}},"ast-content-background-meta":{"desktop":{"background-color":"var(--ast-global-color-5)","background-image":"","background-repeat":"repeat","background-position":"center center","background-size":"auto","background-attachment":"scroll","background-type":"","background-media":"","overlay-type":"","overlay-color":"","overlay-opacity":"","overlay-gradient":""},"tablet":{"background-color":"var(--ast-global-color-5)","background-image":"","background-repeat":"repeat","background-position":"center center","background-size":"auto","background-attachment":"scroll","background-type":"","background-media":"","overlay-type":"","overlay-color":"","overlay-opacity":"","overlay-gradient":""},"mobile":{"background-color":"var(--ast-global-color-5)","background-image":"","background-repeat":"repeat","background-position":"center center","background-size":"auto","background-attachment":"scroll","background-type":"","background-media":"","overlay-type":"","overlay-color":"","overlay-opacity":"","overlay-gradient":""}},"footnotes":""},"class_list":["post-3070","page","type-page","status-publish","hentry"],"yoast_head":"<!-- This site is optimized with the Yoast SEO Premium plugin v24.2 (Yoast SEO v24.6) - https:\/\/yoast.com\/wordpress\/plugins\/seo\/ -->\n<title>Francisco Peixoto Lins - Uni\u00f3n Esp\u00edrita<\/title>\n<meta name=\"robots\" content=\"index, follow, max-snippet:-1, max-image-preview:large, max-video-preview:-1\" \/>\n<link rel=\"canonical\" href=\"https:\/\/nuevo-renacer.com\/fr\/francisco-peixoto-lins\/\" \/>\n<meta property=\"og:locale\" content=\"fr_FR\" \/>\n<meta property=\"og:type\" content=\"article\" \/>\n<meta property=\"og:title\" content=\"Francisco Peixoto Lins\" \/>\n<meta property=\"og:description\" content=\"Francisco Peixoto Lins&nbsp; Peixotinho, como cari\u00f1osamente se lo llamaba, fue uno de los m\u00e9diums m\u00e1s famosos de Brasil, especialmente como m\u00e9dium de efectos f\u00edsicos. Su nombre completo es Francisco Peixoto Lins.&nbsp;Naci\u00f3 en la ciudad de Pacatuba, estado de Cear\u00e1 (el mismo del querido Bezerra de Menezes), el 1\u00ba de febrero de 1905 y desencarn\u00f3 el [&hellip;]\" \/>\n<meta property=\"og:url\" content=\"https:\/\/nuevo-renacer.com\/fr\/francisco-peixoto-lins\/\" \/>\n<meta property=\"og:site_name\" content=\"Uni\u00f3n Esp\u00edrita\" \/>\n<meta property=\"article:publisher\" content=\"https:\/\/www.facebook.com\/groups\/3431398063740829\" \/>\n<meta property=\"article:modified_time\" content=\"2025-06-13T10:10:20+00:00\" \/>\n<meta property=\"og:image\" content=\"https:\/\/nuevo-renacer.com\/wp-content\/uploads\/2024\/07\/peixotinho_1-1.jpg\" \/>\n<meta name=\"twitter:card\" content=\"summary_large_image\" \/>\n<meta name=\"twitter:label1\" content=\"Dur\u00e9e de lecture estim\u00e9e\" \/>\n\t<meta name=\"twitter:data1\" content=\"5 minutes\" \/>\n<script type=\"application\/ld+json\" class=\"yoast-schema-graph\">{\"@context\":\"https:\/\/schema.org\",\"@graph\":[{\"@type\":\"WebPage\",\"@id\":\"https:\/\/nuevo-renacer.com\/francisco-peixoto-lins\/\",\"url\":\"https:\/\/nuevo-renacer.com\/francisco-peixoto-lins\/\",\"name\":\"Francisco Peixoto Lins - Uni\u00f3n Esp\u00edrita\",\"isPartOf\":{\"@id\":\"https:\/\/nuevo-renacer.com\/#website\"},\"primaryImageOfPage\":{\"@id\":\"https:\/\/nuevo-renacer.com\/francisco-peixoto-lins\/#primaryimage\"},\"image\":{\"@id\":\"https:\/\/nuevo-renacer.com\/francisco-peixoto-lins\/#primaryimage\"},\"thumbnailUrl\":\"https:\/\/nuevo-renacer.com\/wp-content\/uploads\/2024\/07\/peixotinho_1-1.jpg\",\"datePublished\":\"2024-07-06T11:32:18+00:00\",\"dateModified\":\"2025-06-13T10:10:20+00:00\",\"breadcrumb\":{\"@id\":\"https:\/\/nuevo-renacer.com\/francisco-peixoto-lins\/#breadcrumb\"},\"inLanguage\":\"fr-FR\",\"potentialAction\":[{\"@type\":\"ReadAction\",\"target\":[\"https:\/\/nuevo-renacer.com\/francisco-peixoto-lins\/\"]}]},{\"@type\":\"ImageObject\",\"inLanguage\":\"fr-FR\",\"@id\":\"https:\/\/nuevo-renacer.com\/francisco-peixoto-lins\/#primaryimage\",\"url\":\"https:\/\/nuevo-renacer.com\/wp-content\/uploads\/2024\/07\/peixotinho_1-1.jpg\",\"contentUrl\":\"https:\/\/nuevo-renacer.com\/wp-content\/uploads\/2024\/07\/peixotinho_1-1.jpg\"},{\"@type\":\"BreadcrumbList\",\"@id\":\"https:\/\/nuevo-renacer.com\/francisco-peixoto-lins\/#breadcrumb\",\"itemListElement\":[{\"@type\":\"ListItem\",\"position\":1,\"name\":\"Startseite\",\"item\":\"https:\/\/nuevo-renacer.com\/\"},{\"@type\":\"ListItem\",\"position\":2,\"name\":\"Francisco Peixoto Lins\"}]},{\"@type\":\"WebSite\",\"@id\":\"https:\/\/nuevo-renacer.com\/#website\",\"url\":\"https:\/\/nuevo-renacer.com\/\",\"name\":\"Uni\u00f3n Esp\u00edrita\",\"description\":\"Nuevo Renacer\",\"publisher\":{\"@id\":\"https:\/\/nuevo-renacer.com\/#organization\"},\"potentialAction\":[{\"@type\":\"SearchAction\",\"target\":{\"@type\":\"EntryPoint\",\"urlTemplate\":\"https:\/\/nuevo-renacer.com\/?s={search_term_string}\"},\"query-input\":{\"@type\":\"PropertyValueSpecification\",\"valueRequired\":true,\"valueName\":\"search_term_string\"}}],\"inLanguage\":\"fr-FR\"},{\"@type\":\"Organization\",\"@id\":\"https:\/\/nuevo-renacer.com\/#organization\",\"name\":\"UFEC\",\"url\":\"https:\/\/nuevo-renacer.com\/\",\"logo\":{\"@type\":\"ImageObject\",\"inLanguage\":\"fr-FR\",\"@id\":\"https:\/\/nuevo-renacer.com\/#\/schema\/logo\/image\/\",\"url\":\"https:\/\/nuevo-renacer.com\/wp-content\/uploads\/2024\/05\/cropped-LOGO-TERMINADO1-3-3.png\",\"contentUrl\":\"https:\/\/nuevo-renacer.com\/wp-content\/uploads\/2024\/05\/cropped-LOGO-TERMINADO1-3-3.png\",\"width\":512,\"height\":512,\"caption\":\"UFEC\"},\"image\":{\"@id\":\"https:\/\/nuevo-renacer.com\/#\/schema\/logo\/image\/\"},\"sameAs\":[\"https:\/\/www.facebook.com\/groups\/3431398063740829\"]}]}<\/script>\n<!-- \/ Yoast SEO Premium plugin. -->","yoast_head_json":{"title":"Francisco Peixoto Lins - Uni\u00f3n Esp\u00edrita","robots":{"index":"index","follow":"follow","max-snippet":"max-snippet:-1","max-image-preview":"max-image-preview:large","max-video-preview":"max-video-preview:-1"},"canonical":"https:\/\/nuevo-renacer.com\/fr\/francisco-peixoto-lins\/","og_locale":"fr_FR","og_type":"article","og_title":"Francisco Peixoto Lins","og_description":"Francisco Peixoto Lins&nbsp; Peixotinho, como cari\u00f1osamente se lo llamaba, fue uno de los m\u00e9diums m\u00e1s famosos de Brasil, especialmente como m\u00e9dium de efectos f\u00edsicos. Su nombre completo es Francisco Peixoto Lins.&nbsp;Naci\u00f3 en la ciudad de Pacatuba, estado de Cear\u00e1 (el mismo del querido Bezerra de Menezes), el 1\u00ba de febrero de 1905 y desencarn\u00f3 el [&hellip;]","og_url":"https:\/\/nuevo-renacer.com\/fr\/francisco-peixoto-lins\/","og_site_name":"Uni\u00f3n Esp\u00edrita","article_publisher":"https:\/\/www.facebook.com\/groups\/3431398063740829","article_modified_time":"2025-06-13T10:10:20+00:00","og_image":[{"url":"https:\/\/nuevo-renacer.com\/wp-content\/uploads\/2024\/07\/peixotinho_1-1.jpg","type":"","width":"","height":""}],"twitter_card":"summary_large_image","twitter_misc":{"Dur\u00e9e de lecture estim\u00e9e":"5 minutes"},"schema":{"@context":"https:\/\/schema.org","@graph":[{"@type":"WebPage","@id":"https:\/\/nuevo-renacer.com\/francisco-peixoto-lins\/","url":"https:\/\/nuevo-renacer.com\/francisco-peixoto-lins\/","name":"Francisco Peixoto Lins - Uni\u00f3n Esp\u00edrita","isPartOf":{"@id":"https:\/\/nuevo-renacer.com\/#website"},"primaryImageOfPage":{"@id":"https:\/\/nuevo-renacer.com\/francisco-peixoto-lins\/#primaryimage"},"image":{"@id":"https:\/\/nuevo-renacer.com\/francisco-peixoto-lins\/#primaryimage"},"thumbnailUrl":"https:\/\/nuevo-renacer.com\/wp-content\/uploads\/2024\/07\/peixotinho_1-1.jpg","datePublished":"2024-07-06T11:32:18+00:00","dateModified":"2025-06-13T10:10:20+00:00","breadcrumb":{"@id":"https:\/\/nuevo-renacer.com\/francisco-peixoto-lins\/#breadcrumb"},"inLanguage":"fr-FR","potentialAction":[{"@type":"ReadAction","target":["https:\/\/nuevo-renacer.com\/francisco-peixoto-lins\/"]}]},{"@type":"ImageObject","inLanguage":"fr-FR","@id":"https:\/\/nuevo-renacer.com\/francisco-peixoto-lins\/#primaryimage","url":"https:\/\/nuevo-renacer.com\/wp-content\/uploads\/2024\/07\/peixotinho_1-1.jpg","contentUrl":"https:\/\/nuevo-renacer.com\/wp-content\/uploads\/2024\/07\/peixotinho_1-1.jpg"},{"@type":"BreadcrumbList","@id":"https:\/\/nuevo-renacer.com\/francisco-peixoto-lins\/#breadcrumb","itemListElement":[{"@type":"ListItem","position":1,"name":"Startseite","item":"https:\/\/nuevo-renacer.com\/"},{"@type":"ListItem","position":2,"name":"Francisco Peixoto Lins"}]},{"@type":"WebSite","@id":"https:\/\/nuevo-renacer.com\/#website","url":"https:\/\/nuevo-renacer.com\/","name":"Uni\u00f3n Esp\u00edrita","description":"Nuevo Renacer","publisher":{"@id":"https:\/\/nuevo-renacer.com\/#organization"},"potentialAction":[{"@type":"SearchAction","target":{"@type":"EntryPoint","urlTemplate":"https:\/\/nuevo-renacer.com\/?s={search_term_string}"},"query-input":{"@type":"PropertyValueSpecification","valueRequired":true,"valueName":"search_term_string"}}],"inLanguage":"fr-FR"},{"@type":"Organization","@id":"https:\/\/nuevo-renacer.com\/#organization","name":"UFEC","url":"https:\/\/nuevo-renacer.com\/","logo":{"@type":"ImageObject","inLanguage":"fr-FR","@id":"https:\/\/nuevo-renacer.com\/#\/schema\/logo\/image\/","url":"https:\/\/nuevo-renacer.com\/wp-content\/uploads\/2024\/05\/cropped-LOGO-TERMINADO1-3-3.png","contentUrl":"https:\/\/nuevo-renacer.com\/wp-content\/uploads\/2024\/05\/cropped-LOGO-TERMINADO1-3-3.png","width":512,"height":512,"caption":"UFEC"},"image":{"@id":"https:\/\/nuevo-renacer.com\/#\/schema\/logo\/image\/"},"sameAs":["https:\/\/www.facebook.com\/groups\/3431398063740829"]}]}},"uagb_featured_image_src":{"full":false,"thumbnail":false,"medium":false,"medium_large":false,"large":false,"1536x1536":false,"2048x2048":false,"trp-custom-language-flag":false},"uagb_author_info":{"display_name":"adbv0","author_link":"https:\/\/nuevo-renacer.com\/fr\/author\/adbv0\/"},"uagb_comment_info":0,"uagb_excerpt":"Francisco Peixoto Lins&nbsp; Peixotinho, como cari\u00f1osamente se lo llamaba, fue uno de los m\u00e9diums m\u00e1s famosos de Brasil, especialmente como m\u00e9dium de efectos f\u00edsicos. Su nombre completo es Francisco Peixoto Lins.&nbsp;Naci\u00f3 en la ciudad de Pacatuba, estado de Cear\u00e1 (el mismo del querido Bezerra de Menezes), el 1\u00ba de febrero de 1905 y desencarn\u00f3 el\u2026","jetpack_sharing_enabled":true,"_links":{"self":[{"href":"https:\/\/nuevo-renacer.com\/fr\/wp-json\/wp\/v2\/pages\/3070","targetHints":{"allow":["GET"]}}],"collection":[{"href":"https:\/\/nuevo-renacer.com\/fr\/wp-json\/wp\/v2\/pages"}],"about":[{"href":"https:\/\/nuevo-renacer.com\/fr\/wp-json\/wp\/v2\/types\/page"}],"author":[{"embeddable":true,"href":"https:\/\/nuevo-renacer.com\/fr\/wp-json\/wp\/v2\/users\/1"}],"replies":[{"embeddable":true,"href":"https:\/\/nuevo-renacer.com\/fr\/wp-json\/wp\/v2\/comments?post=3070"}],"version-history":[{"count":3,"href":"https:\/\/nuevo-renacer.com\/fr\/wp-json\/wp\/v2\/pages\/3070\/revisions"}],"predecessor-version":[{"id":8331,"href":"https:\/\/nuevo-renacer.com\/fr\/wp-json\/wp\/v2\/pages\/3070\/revisions\/8331"}],"wp:attachment":[{"href":"https:\/\/nuevo-renacer.com\/fr\/wp-json\/wp\/v2\/media?parent=3070"}],"curies":[{"name":"wp","href":"https:\/\/api.w.org\/{rel}","templated":true}]}}