{"id":3058,"date":"2024-07-06T11:14:45","date_gmt":"2024-07-06T11:14:45","guid":{"rendered":"https:\/\/ufec-mundial.com\/?page_id=3058"},"modified":"2026-04-20T18:30:14","modified_gmt":"2026-04-20T18:30:14","slug":"daniel-dunglas-home","status":"publish","type":"page","link":"https:\/\/nuevo-renacer.com\/fr\/daniel-dunglas-home\/","title":{"rendered":"Daniel Dunglas Home"},"content":{"rendered":"<div class=\"wp-block-uagb-container uagb-block-dec469f2 alignfull uagb-is-root-container\"><div class=\"uagb-container-inner-blocks-wrap\">\n<p class=\"has-black-color has-text-color has-link-color has-medium-font-size wp-elements-5fc248ad9c53afb2acb877c4d7a9bba3\"><strong>Daniel Dunglas Home<\/strong><\/p>\n<\/div><\/div>\n\n\n\n<div class=\"wp-block-uagb-container uagb-block-d90083c8 alignfull uagb-is-root-container\"><div class=\"uagb-container-inner-blocks-wrap\">\n<div class=\"wp-block-uagb-image alignleft uagb-block-221e2a42 wp-block-uagb-image--layout-default wp-block-uagb-image--effect-static wp-block-uagb-image--align-left\"><figure class=\"wp-block-uagb-image__figure\"><img loading=\"lazy\" decoding=\"async\" srcset=\"https:\/\/nuevo-renacer.com\/wp-content\/uploads\/2026\/04\/Daniel_Dunglas_Home.jpg ,https:\/\/nuevo-renacer.com\/wp-content\/uploads\/2026\/04\/Daniel_Dunglas_Home.jpg 780w, https:\/\/nuevo-renacer.com\/wp-content\/uploads\/2026\/04\/Daniel_Dunglas_Home.jpg 360w\" sizes=\"auto, (max-width: 480px) 150px\" src=\"https:\/\/nuevo-renacer.com\/wp-content\/uploads\/2026\/04\/Daniel_Dunglas_Home.jpg\" alt=\"\" class=\"uag-image-8873\" width=\"319\" height=\"241\" title=\"Daniel_Dunglas_Home\" role=\"img\"\/><\/figure><\/div>\n<\/div><\/div>\n\n\n\n<div class=\"wp-block-uagb-container uagb-block-dc5c48dd alignfull uagb-is-root-container\"><div class=\"uagb-container-inner-blocks-wrap\">\n<p class=\"has-black-color has-text-color has-link-color has-small-font-size wp-elements-a44f8c5f3ef1b439dc7591e12f126e29\">Daniel Dunglas Home, le c\u00e9l\u00e8bre m\u00e9dium de la british. Il est n\u00e9 le 15 mars 1833, en \u00c9cosse, et desencarn\u00f3 21 juin 1886 en France. Ils se sont mari\u00e9s en Russie en l&#039;ann\u00e9e 1856 avec Alexandrina Kroll, s\u0153ur de la comtesse Kouchelew-Bezborodko.&nbsp;<\/p>\n\n\n\n<p class=\"has-black-color has-text-color has-link-color has-small-font-size wp-elements-31e93b39b5dc515cc1121e56210ca8fc\">\u00c0 treize ans, il a commenc\u00e9 \u00e0 montrer des signes de pouvoirs psychiques. N&#039;a jamais explos\u00e9 leurs pouvoirs pour faire de l&#039;argent. Jamais au cours des 30 ann\u00e9es de sa mission extraordinaire a \u00e9t\u00e9 faite \u00e0 payer par les manifestations de vos dons. Le Club Union de Paris, en 1857, il a offert deux mille livres sterling pour une seule session, il, les pauvres et les handicap\u00e9s, l&#039;a refus\u00e9 cat\u00e9goriquement. A \u00e9t\u00e9 contenu \u00e0 dire: &#034;j&#039;ai \u00e9t\u00e9 envoy\u00e9 pour accomplir une mission.&#034; La vie a \u00e9t\u00e9 irr\u00e9prochable.&nbsp;<\/p>\n\n\n\n<p class=\"has-black-color has-text-color has-link-color has-small-font-size wp-elements-8c8f3d8ee4619e6b6be35907338fc75f\">J&#039;ai eu des visions, de la l\u00e9vitation, spontan\u00e9e, manipulation de feu, le mouvement des objets lourds sans aucun contact, mat\u00e9rialisation des Esprits, la gu\u00e9rison extraordinaire et, en outre, de transmettre des messages des Esprits.&nbsp;<\/p>\n\n\n\n<p class=\"has-black-color has-text-color has-link-color has-small-font-size wp-elements-6124cce3e707b42d44d4cb59674343eb\">Le ph\u00e9nom\u00e8ne de la l\u00e9vitation a \u00e9t\u00e9 l&#039;un des tests de la remarquable pouvoir medi\u00famnicas la Maison. S&#039;assure que plusieurs fois s&#039;\u00e9leva dans l&#039;air, en pr\u00e9sence de t\u00e9moins de la plus haute r\u00e9putation. En 1857, d&#039;\u00eatre dans un ch\u00e2teau dans les environs de Bordeaux, a augment\u00e9 le plafond d&#039;une pi\u00e8ce assez \u00e9lev\u00e9. Maison \u00e0 quitter la preuve, faites une croix avec un crayon dans le plafond.&nbsp;<\/p>\n\n\n\n<p class=\"has-black-color has-text-color has-link-color has-small-font-size wp-elements-8850c51ad1403057a1908dd6b6a1761b\">En 1860, un article de Robert Bell &#034;Plus \u00e9trange que d&#039;un roman&#034;, publi\u00e9 dans le Cornhill, a d\u00e9clar\u00e9: &#034;il se leva de la chaise o\u00f9 il \u00e9tait assis jusqu&#039;\u00e0 environ quatre ou cinq pieds du sol... nous avons Vu sa t\u00eate aller d&#039;un c\u00f4t\u00e9 de la fen\u00eatre \u00e0 une autre, avec le pied arri\u00e8re, couch\u00e9 dans l&#039;air.&#034;&nbsp;&nbsp;<\/p>\n\n\n\n<p class=\"has-black-color has-text-color has-link-color has-small-font-size wp-elements-16f9dafd6629f6a14875fcd4ce3690bc\">En 1868, \u00e0 la moyenne dans l&#039;une des chambres au troisi\u00e8me \u00e9tage de l&#039;h\u00f4tel, Ashley Maison, en face de plusieurs personnes, levit\u00f3 dehors \u00e0 travers une fen\u00eatre et entrer dans un autre.&nbsp;<\/p>\n\n\n\n<p class=\"has-black-color has-text-color has-link-color has-small-font-size wp-elements-e0b92a5d066abe59610f44507b9337ef\">Si nombreux sont les cas de l\u00e9vitation de la Maison, qui pourrait \u00eatre \u00e9crit un long chapitre consacr\u00e9 uniquement \u00e0 cette phase de la m\u00e9diumnit\u00e9. En outre, ont \u00e9t\u00e9 observ\u00e9s par de si nombreux et de si c\u00e9l\u00e8bre observateurs et en des termes si clairs qu&#039;aucun homme raisonnable pourrait \u00eatre mise en doute, et il aurait suffi, pour cela, l&#039;men\u00e9e par le professeur Crookes, qui a \u00e9t\u00e9 t\u00e9moin \u00e0 plusieurs reprises de le ph\u00e9nom\u00e8ne, d&#039;en parler dans 50 diff\u00e9rentes occasions. Les secr\u00e9taires de la Soci\u00e9t\u00e9 Royale Britannique a refus\u00e9 d&#039;admettre les manifestations des ph\u00e9nom\u00e8nes physiques que Crookes avait offert, pr\u00e9f\u00e9rant parler fortement contre eux.&nbsp;<\/p>\n\n\n\n<p class=\"has-black-color has-text-color has-link-color has-small-font-size wp-elements-b88e82ebf3e03f747eda9cc8d6915f0f\">Il existe \u00e9galement d&#039;autres preuves claires que les nombreux t\u00e9moignages de personnes en Angleterre a fait des recherches \u00e0 l&#039;aide de la Maison et a re\u00e7u les r\u00e9sultats sous forme de tableaux ou de d\u00e9clarations publiques, ce qui d\u00e9montre que non seulement ont \u00e9t\u00e9 convaincus de la r\u00e9alit\u00e9 des ph\u00e9nom\u00e8nes, mais aussi de l&#039;origine spirituelle de tous. Entre eux m\u00e9ritent une mention particuli\u00e8re de la duchesse de Sutherland, dr. Robert Chambers, le Dr Gully (Malvern), Sir Charles Nicholson, entre autres.&nbsp;<\/p>\n\n\n\n<p class=\"has-black-color has-text-color has-link-color has-small-font-size wp-elements-a23f199567875ac4d50b1a90a2d0dbf0\">Allan Kardec a personnellement connaissance avec Daniel Maison \u00e0 Paris, en octobre 1855; louant le caract\u00e8re de la moyenne, sa modestie, ses nobles sentiments, et son \u00e9l\u00e9vation de l&#039;\u00e2me. L&#039;Encodeur de Spiritisme toujours d\u00e9fendu des critiques et malveillant par le moyen de la Revue Spirite, dans les diff\u00e9rentes \u00e9ditions au fil des ans.&nbsp;<\/p>\n\n\n\n<p class=\"has-black-color has-text-color has-link-color has-small-font-size wp-elements-7788b42d3dcb4daf4eeca8f093b649c1\">Compte Kardec pas seulement la Maison, mais aussi la table est lev\u00e9 dans l&#039;espace sans aucun contact, et que le ph\u00e9nom\u00e8ne \u00e9tait d\u00fb \u00e0 un acte de la volont\u00e9 du milieu. Kardec \u00e9crit que la propre Maison, a dit qu&#039;il n&#039;\u00e9tait pas au courant de ce qui se passait, et que la pens\u00e9e toujours \u00eatre sur le terrain, \u00e0 moins que vous regard\u00e9 vers le bas.&nbsp;<\/p>\n\n\n\n<p class=\"has-black-color has-text-color has-link-color has-small-font-size wp-elements-9093054f1bcfce5fc880c85774d91cba\">Dans la Revue Spirite (avril-1858), Allan Kardec consid\u00e8re que les productions d&#039;occurrences de la Maison, ont \u00e9t\u00e9 les plus extraordinaires. Raconte plusieurs cas de la formation de mains fluidiques, en tout semblable \u00e0 mains-vivants, solides et r\u00e9sistants; ils sont apparus et ont soudainement \u00e9vapor\u00e9 quand il a essay\u00e9 de l&#039;attraper. Il mentionne \u00e9galement les pianos et les accord\u00e9ons jouer seul.&nbsp;<\/p>\n\n\n\n<p class=\"has-black-color has-text-color has-link-color has-small-font-size wp-elements-3780b90be696cd6d15201576d86e7c82\">C&#039;est ce que dit le Codeur, est carteaba avec la Maison. En 1858, lorsque le milieu est en Italie, les insultes lanc\u00e9s contre lui pour diffamation de lui, pr\u00e9tendant qu&#039;il \u00e9tait dans la prison de Mazas. Kardec a affirm\u00e9 qu&#039;il avait de la correspondance de probation qui \u00e9tait tranquillement \u00e0 Naples pour des raisons de sant\u00e9.&nbsp;<\/p>\n\n\n\n<p class=\"has-black-color has-text-color has-link-color has-small-font-size wp-elements-8bbca8a69456ef22aa95f5bdfd2a61a9\">Dans la Revue Spirite (Sep-1863) le Codeur est vous dire au sujet de la Maison: &nbsp;<\/p>\n\n\n\n<p class=\"has-black-color has-text-color has-link-color has-small-font-size wp-elements-5abe693b92715823658b3ffb9b4f91cc\"><em>\u201c...Aucun moyen a produit un ensemble de ph\u00e9nom\u00e8nes les plus remarquables, ou le plus honn\u00eate, et pourtant c&#039;est un bon nombre de ceux qui l&#039;ont vu faire traiter comme un habile magicien.\u201d<\/em>&nbsp;<\/p>\n\n\n\n<p class=\"has-black-color has-text-color has-link-color has-small-font-size wp-elements-b83c216f53d0fc8a1acef945c03cf856\">Conan Doyle, dit de la Maison: &nbsp;<\/p>\n\n\n\n<p class=\"has-black-color has-text-color has-link-color has-small-font-size wp-elements-a403b9f1863281b49131e2e94a086357\"><em>\u201cEt lorsque que la vie aussi utile et aussi d\u00e9sint\u00e9ress\u00e9 est all\u00e9 \u00e0 un autre monde, il y a \u00e0 peine un journal, je dois dire, pour l&#039;\u00e9ternelle insulte de notre presse ne pas essayer \u00e0 la Maison imposteur et un charlatan. Mais sur le temps qui doit \u00eatre reconnu que l&#039;homme \u00e9tait l&#039;un des champions de la progression lente et laborieuse de l&#039;Humanit\u00e9 par l&#039;ignorance\u201d.<\/em>&nbsp;<\/p>\n<\/div><\/div>\n\n\n\n<div class=\"wp-block-uagb-container uagb-block-5c7ab7ba alignfull uagb-is-root-container\"><div class=\"uagb-container-inner-blocks-wrap\"><\/div><\/div>\n\n\n\n<div class=\"wp-block-uagb-container uagb-block-7e34ba38 alignfull uagb-is-root-container\"><div class=\"uagb-container-inner-blocks-wrap\"><\/div><\/div>","protected":false},"excerpt":{"rendered":"<p>Daniel Dunglas Home Daniel Dunglas Home, famoso m\u00e9dium brit\u00e1nico. Naci\u00f3 el 15 de marzo de 1833 en Escocia y desencarn\u00f3 el 21 de junio de 1886 en Francia. Se cas\u00f3 en Rusia en el a\u00f1o 1856 con Alexandrina Kroll, hermana de la condesa Kouchelew-Bezborodko.&nbsp; A los trece a\u00f1os comenz\u00f3 a dar se\u00f1ales de facultades ps\u00edquicas. [&hellip;]<\/p>","protected":false},"author":1,"featured_media":0,"parent":0,"menu_order":0,"comment_status":"closed","ping_status":"closed","template":"","meta":{"_uag_custom_page_level_css":"","site-sidebar-layout":"default","site-content-layout":"","ast-site-content-layout":"default","site-content-style":"default","site-sidebar-style":"default","ast-global-header-display":"","ast-banner-title-visibility":"","ast-main-header-display":"","ast-hfb-above-header-display":"","ast-hfb-below-header-display":"","ast-hfb-mobile-header-display":"","site-post-title":"disabled","ast-breadcrumbs-content":"","ast-featured-img":"","footer-sml-layout":"","theme-transparent-header-meta":"","adv-header-id-meta":"","stick-header-meta":"","header-above-stick-meta":"","header-main-stick-meta":"","header-below-stick-meta":"","astra-migrate-meta-layouts":"set","ast-page-background-enabled":"default","ast-page-background-meta":{"desktop":{"background-color":"var(--ast-global-color-4)","background-image":"","background-repeat":"repeat","background-position":"center center","background-size":"auto","background-attachment":"scroll","background-type":"","background-media":"","overlay-type":"","overlay-color":"","overlay-opacity":"","overlay-gradient":""},"tablet":{"background-color":"","background-image":"","background-repeat":"repeat","background-position":"center center","background-size":"auto","background-attachment":"scroll","background-type":"","background-media":"","overlay-type":"","overlay-color":"","overlay-opacity":"","overlay-gradient":""},"mobile":{"background-color":"","background-image":"","background-repeat":"repeat","background-position":"center center","background-size":"auto","background-attachment":"scroll","background-type":"","background-media":"","overlay-type":"","overlay-color":"","overlay-opacity":"","overlay-gradient":""}},"ast-content-background-meta":{"desktop":{"background-color":"var(--ast-global-color-5)","background-image":"","background-repeat":"repeat","background-position":"center center","background-size":"auto","background-attachment":"scroll","background-type":"","background-media":"","overlay-type":"","overlay-color":"","overlay-opacity":"","overlay-gradient":""},"tablet":{"background-color":"var(--ast-global-color-5)","background-image":"","background-repeat":"repeat","background-position":"center center","background-size":"auto","background-attachment":"scroll","background-type":"","background-media":"","overlay-type":"","overlay-color":"","overlay-opacity":"","overlay-gradient":""},"mobile":{"background-color":"var(--ast-global-color-5)","background-image":"","background-repeat":"repeat","background-position":"center center","background-size":"auto","background-attachment":"scroll","background-type":"","background-media":"","overlay-type":"","overlay-color":"","overlay-opacity":"","overlay-gradient":""}},"footnotes":""},"class_list":["post-3058","page","type-page","status-publish","hentry"],"yoast_head":"<!-- This site is optimized with the Yoast SEO Premium plugin v24.2 (Yoast SEO v24.6) - https:\/\/yoast.com\/wordpress\/plugins\/seo\/ -->\n<title>Daniel Dunglas Home - Uni\u00f3n Esp\u00edrita<\/title>\n<meta name=\"robots\" content=\"index, follow, max-snippet:-1, max-image-preview:large, max-video-preview:-1\" \/>\n<link rel=\"canonical\" href=\"https:\/\/nuevo-renacer.com\/fr\/daniel-dunglas-home\/\" \/>\n<meta property=\"og:locale\" content=\"fr_FR\" \/>\n<meta property=\"og:type\" content=\"article\" \/>\n<meta property=\"og:title\" content=\"Daniel Dunglas Home\" \/>\n<meta property=\"og:description\" content=\"Daniel Dunglas Home Daniel Dunglas Home, famoso m\u00e9dium brit\u00e1nico. Naci\u00f3 el 15 de marzo de 1833 en Escocia y desencarn\u00f3 el 21 de junio de 1886 en Francia. Se cas\u00f3 en Rusia en el a\u00f1o 1856 con Alexandrina Kroll, hermana de la condesa Kouchelew-Bezborodko.&nbsp; A los trece a\u00f1os comenz\u00f3 a dar se\u00f1ales de facultades ps\u00edquicas. [&hellip;]\" \/>\n<meta property=\"og:url\" content=\"https:\/\/nuevo-renacer.com\/fr\/daniel-dunglas-home\/\" \/>\n<meta property=\"og:site_name\" content=\"Uni\u00f3n Esp\u00edrita\" \/>\n<meta property=\"article:publisher\" content=\"https:\/\/www.facebook.com\/groups\/3431398063740829\" \/>\n<meta property=\"article:modified_time\" content=\"2026-04-20T18:30:14+00:00\" \/>\n<meta property=\"og:image\" content=\"https:\/\/nuevo-renacer.com\/wp-content\/uploads\/2026\/04\/Daniel_Dunglas_Home.jpg\" \/>\n<meta name=\"twitter:card\" content=\"summary_large_image\" \/>\n<meta name=\"twitter:label1\" content=\"Dur\u00e9e de lecture estim\u00e9e\" \/>\n\t<meta name=\"twitter:data1\" content=\"5 minutes\" \/>\n<script type=\"application\/ld+json\" class=\"yoast-schema-graph\">{\"@context\":\"https:\/\/schema.org\",\"@graph\":[{\"@type\":\"WebPage\",\"@id\":\"https:\/\/nuevo-renacer.com\/daniel-dunglas-home\/\",\"url\":\"https:\/\/nuevo-renacer.com\/daniel-dunglas-home\/\",\"name\":\"Daniel Dunglas Home - Uni\u00f3n Esp\u00edrita\",\"isPartOf\":{\"@id\":\"https:\/\/nuevo-renacer.com\/#website\"},\"primaryImageOfPage\":{\"@id\":\"https:\/\/nuevo-renacer.com\/daniel-dunglas-home\/#primaryimage\"},\"image\":{\"@id\":\"https:\/\/nuevo-renacer.com\/daniel-dunglas-home\/#primaryimage\"},\"thumbnailUrl\":\"https:\/\/nuevo-renacer.com\/wp-content\/uploads\/2026\/04\/Daniel_Dunglas_Home.jpg\",\"datePublished\":\"2024-07-06T11:14:45+00:00\",\"dateModified\":\"2026-04-20T18:30:14+00:00\",\"breadcrumb\":{\"@id\":\"https:\/\/nuevo-renacer.com\/daniel-dunglas-home\/#breadcrumb\"},\"inLanguage\":\"fr-FR\",\"potentialAction\":[{\"@type\":\"ReadAction\",\"target\":[\"https:\/\/nuevo-renacer.com\/daniel-dunglas-home\/\"]}]},{\"@type\":\"ImageObject\",\"inLanguage\":\"fr-FR\",\"@id\":\"https:\/\/nuevo-renacer.com\/daniel-dunglas-home\/#primaryimage\",\"url\":\"https:\/\/nuevo-renacer.com\/wp-content\/uploads\/2026\/04\/Daniel_Dunglas_Home.jpg\",\"contentUrl\":\"https:\/\/nuevo-renacer.com\/wp-content\/uploads\/2026\/04\/Daniel_Dunglas_Home.jpg\"},{\"@type\":\"BreadcrumbList\",\"@id\":\"https:\/\/nuevo-renacer.com\/daniel-dunglas-home\/#breadcrumb\",\"itemListElement\":[{\"@type\":\"ListItem\",\"position\":1,\"name\":\"Startseite\",\"item\":\"https:\/\/nuevo-renacer.com\/\"},{\"@type\":\"ListItem\",\"position\":2,\"name\":\"Daniel Dunglas Home\"}]},{\"@type\":\"WebSite\",\"@id\":\"https:\/\/nuevo-renacer.com\/#website\",\"url\":\"https:\/\/nuevo-renacer.com\/\",\"name\":\"Uni\u00f3n Esp\u00edrita\",\"description\":\"Nuevo Renacer\",\"publisher\":{\"@id\":\"https:\/\/nuevo-renacer.com\/#organization\"},\"potentialAction\":[{\"@type\":\"SearchAction\",\"target\":{\"@type\":\"EntryPoint\",\"urlTemplate\":\"https:\/\/nuevo-renacer.com\/?s={search_term_string}\"},\"query-input\":{\"@type\":\"PropertyValueSpecification\",\"valueRequired\":true,\"valueName\":\"search_term_string\"}}],\"inLanguage\":\"fr-FR\"},{\"@type\":\"Organization\",\"@id\":\"https:\/\/nuevo-renacer.com\/#organization\",\"name\":\"UFEC\",\"url\":\"https:\/\/nuevo-renacer.com\/\",\"logo\":{\"@type\":\"ImageObject\",\"inLanguage\":\"fr-FR\",\"@id\":\"https:\/\/nuevo-renacer.com\/#\/schema\/logo\/image\/\",\"url\":\"https:\/\/nuevo-renacer.com\/wp-content\/uploads\/2024\/05\/cropped-LOGO-TERMINADO1-3-3.png\",\"contentUrl\":\"https:\/\/nuevo-renacer.com\/wp-content\/uploads\/2024\/05\/cropped-LOGO-TERMINADO1-3-3.png\",\"width\":512,\"height\":512,\"caption\":\"UFEC\"},\"image\":{\"@id\":\"https:\/\/nuevo-renacer.com\/#\/schema\/logo\/image\/\"},\"sameAs\":[\"https:\/\/www.facebook.com\/groups\/3431398063740829\"]}]}<\/script>\n<!-- \/ Yoast SEO Premium plugin. -->","yoast_head_json":{"title":"Daniel Dunglas Home - Uni\u00f3n Esp\u00edrita","robots":{"index":"index","follow":"follow","max-snippet":"max-snippet:-1","max-image-preview":"max-image-preview:large","max-video-preview":"max-video-preview:-1"},"canonical":"https:\/\/nuevo-renacer.com\/fr\/daniel-dunglas-home\/","og_locale":"fr_FR","og_type":"article","og_title":"Daniel Dunglas Home","og_description":"Daniel Dunglas Home Daniel Dunglas Home, famoso m\u00e9dium brit\u00e1nico. Naci\u00f3 el 15 de marzo de 1833 en Escocia y desencarn\u00f3 el 21 de junio de 1886 en Francia. Se cas\u00f3 en Rusia en el a\u00f1o 1856 con Alexandrina Kroll, hermana de la condesa Kouchelew-Bezborodko.&nbsp; A los trece a\u00f1os comenz\u00f3 a dar se\u00f1ales de facultades ps\u00edquicas. [&hellip;]","og_url":"https:\/\/nuevo-renacer.com\/fr\/daniel-dunglas-home\/","og_site_name":"Uni\u00f3n Esp\u00edrita","article_publisher":"https:\/\/www.facebook.com\/groups\/3431398063740829","article_modified_time":"2026-04-20T18:30:14+00:00","og_image":[{"url":"https:\/\/nuevo-renacer.com\/wp-content\/uploads\/2026\/04\/Daniel_Dunglas_Home.jpg","type":"","width":"","height":""}],"twitter_card":"summary_large_image","twitter_misc":{"Dur\u00e9e de lecture estim\u00e9e":"5 minutes"},"schema":{"@context":"https:\/\/schema.org","@graph":[{"@type":"WebPage","@id":"https:\/\/nuevo-renacer.com\/daniel-dunglas-home\/","url":"https:\/\/nuevo-renacer.com\/daniel-dunglas-home\/","name":"Daniel Dunglas Home - Uni\u00f3n Esp\u00edrita","isPartOf":{"@id":"https:\/\/nuevo-renacer.com\/#website"},"primaryImageOfPage":{"@id":"https:\/\/nuevo-renacer.com\/daniel-dunglas-home\/#primaryimage"},"image":{"@id":"https:\/\/nuevo-renacer.com\/daniel-dunglas-home\/#primaryimage"},"thumbnailUrl":"https:\/\/nuevo-renacer.com\/wp-content\/uploads\/2026\/04\/Daniel_Dunglas_Home.jpg","datePublished":"2024-07-06T11:14:45+00:00","dateModified":"2026-04-20T18:30:14+00:00","breadcrumb":{"@id":"https:\/\/nuevo-renacer.com\/daniel-dunglas-home\/#breadcrumb"},"inLanguage":"fr-FR","potentialAction":[{"@type":"ReadAction","target":["https:\/\/nuevo-renacer.com\/daniel-dunglas-home\/"]}]},{"@type":"ImageObject","inLanguage":"fr-FR","@id":"https:\/\/nuevo-renacer.com\/daniel-dunglas-home\/#primaryimage","url":"https:\/\/nuevo-renacer.com\/wp-content\/uploads\/2026\/04\/Daniel_Dunglas_Home.jpg","contentUrl":"https:\/\/nuevo-renacer.com\/wp-content\/uploads\/2026\/04\/Daniel_Dunglas_Home.jpg"},{"@type":"BreadcrumbList","@id":"https:\/\/nuevo-renacer.com\/daniel-dunglas-home\/#breadcrumb","itemListElement":[{"@type":"ListItem","position":1,"name":"Startseite","item":"https:\/\/nuevo-renacer.com\/"},{"@type":"ListItem","position":2,"name":"Daniel Dunglas Home"}]},{"@type":"WebSite","@id":"https:\/\/nuevo-renacer.com\/#website","url":"https:\/\/nuevo-renacer.com\/","name":"Uni\u00f3n Esp\u00edrita","description":"Nuevo Renacer","publisher":{"@id":"https:\/\/nuevo-renacer.com\/#organization"},"potentialAction":[{"@type":"SearchAction","target":{"@type":"EntryPoint","urlTemplate":"https:\/\/nuevo-renacer.com\/?s={search_term_string}"},"query-input":{"@type":"PropertyValueSpecification","valueRequired":true,"valueName":"search_term_string"}}],"inLanguage":"fr-FR"},{"@type":"Organization","@id":"https:\/\/nuevo-renacer.com\/#organization","name":"UFEC","url":"https:\/\/nuevo-renacer.com\/","logo":{"@type":"ImageObject","inLanguage":"fr-FR","@id":"https:\/\/nuevo-renacer.com\/#\/schema\/logo\/image\/","url":"https:\/\/nuevo-renacer.com\/wp-content\/uploads\/2024\/05\/cropped-LOGO-TERMINADO1-3-3.png","contentUrl":"https:\/\/nuevo-renacer.com\/wp-content\/uploads\/2024\/05\/cropped-LOGO-TERMINADO1-3-3.png","width":512,"height":512,"caption":"UFEC"},"image":{"@id":"https:\/\/nuevo-renacer.com\/#\/schema\/logo\/image\/"},"sameAs":["https:\/\/www.facebook.com\/groups\/3431398063740829"]}]}},"uagb_featured_image_src":{"full":false,"thumbnail":false,"medium":false,"medium_large":false,"large":false,"1536x1536":false,"2048x2048":false,"trp-custom-language-flag":false},"uagb_author_info":{"display_name":"adbv0","author_link":"https:\/\/nuevo-renacer.com\/fr\/author\/adbv0\/"},"uagb_comment_info":0,"uagb_excerpt":"Daniel Dunglas Home Daniel Dunglas Home, famoso m\u00e9dium brit\u00e1nico. Naci\u00f3 el 15 de marzo de 1833 en Escocia y desencarn\u00f3 el 21 de junio de 1886 en Francia. Se cas\u00f3 en Rusia en el a\u00f1o 1856 con Alexandrina Kroll, hermana de la condesa Kouchelew-Bezborodko.&nbsp; A los trece a\u00f1os comenz\u00f3 a dar se\u00f1ales de facultades ps\u00edquicas.\u2026","jetpack_sharing_enabled":true,"_links":{"self":[{"href":"https:\/\/nuevo-renacer.com\/fr\/wp-json\/wp\/v2\/pages\/3058","targetHints":{"allow":["GET"]}}],"collection":[{"href":"https:\/\/nuevo-renacer.com\/fr\/wp-json\/wp\/v2\/pages"}],"about":[{"href":"https:\/\/nuevo-renacer.com\/fr\/wp-json\/wp\/v2\/types\/page"}],"author":[{"embeddable":true,"href":"https:\/\/nuevo-renacer.com\/fr\/wp-json\/wp\/v2\/users\/1"}],"replies":[{"embeddable":true,"href":"https:\/\/nuevo-renacer.com\/fr\/wp-json\/wp\/v2\/comments?post=3058"}],"version-history":[{"count":6,"href":"https:\/\/nuevo-renacer.com\/fr\/wp-json\/wp\/v2\/pages\/3058\/revisions"}],"predecessor-version":[{"id":8875,"href":"https:\/\/nuevo-renacer.com\/fr\/wp-json\/wp\/v2\/pages\/3058\/revisions\/8875"}],"wp:attachment":[{"href":"https:\/\/nuevo-renacer.com\/fr\/wp-json\/wp\/v2\/media?parent=3058"}],"curies":[{"name":"wp","href":"https:\/\/api.w.org\/{rel}","templated":true}]}}