{"id":8858,"date":"2026-04-17T11:17:46","date_gmt":"2026-04-17T11:17:46","guid":{"rendered":"https:\/\/nuevo-renacer.com\/?page_id=8858"},"modified":"2026-04-17T11:38:08","modified_gmt":"2026-04-17T11:38:08","slug":"inacio-ferreira-de-oliveira","status":"publish","type":"page","link":"https:\/\/nuevo-renacer.com\/en\/inacio-ferreira-de-oliveira\/","title":{"rendered":"In\u00e1cio Ferreira de Oliveira"},"content":{"rendered":"<p class=\"has-black-color has-text-color has-link-color has-medium-font-size wp-elements-b1816ef08e1a557bade2a4fc1ccd039f\"><strong>In\u00e1cio Ferreira de Oliveira<\/strong><\/p>\n\n\n\n<div class=\"wp-block-uagb-container uagb-block-06f2dfd1 alignfull uagb-is-root-container\"><div class=\"uagb-container-inner-blocks-wrap\">\n<figure class=\"wp-block-image size-full is-resized\"><img fetchpriority=\"high\" decoding=\"async\" width=\"191\" height=\"264\" src=\"https:\/\/nuevo-renacer.com\/wp-content\/uploads\/2026\/04\/Inacio-Ferreira-de-Oliveira.jpg\" alt=\"\" class=\"wp-image-8859\" style=\"width:234px;height:auto\" srcset=\"https:\/\/nuevo-renacer.com\/wp-content\/uploads\/2026\/04\/Inacio-Ferreira-de-Oliveira.jpg 191w, https:\/\/nuevo-renacer.com\/wp-content\/uploads\/2026\/04\/Inacio-Ferreira-de-Oliveira-9x12.jpg 9w\" sizes=\"(max-width: 191px) 100vw, 191px\" \/><\/figure>\n<\/div><\/div>\n\n\n\n<div class=\"wp-block-uagb-container uagb-block-8ca75e29 alignfull uagb-is-root-container\"><div class=\"uagb-container-inner-blocks-wrap\">\n<p class=\"has-black-color has-text-color has-link-color has-small-font-size wp-elements-2831ec992247cd17d97201409530e9aa\">In\u00e1cio Ferreira de Oliveira was born in Uberaba on 15 April 1904, the son of Jacinto Ferreira de Oliveira, a former cattle rancher, and Maria Lucas de Oliveira. He was married to Aparecida Valicenti Ferreira. He qualified as a psychiatrist at the Faculty of Medicine of the University of Brazil in Rio de Janeiro (now UFRJ) and served with dedication and selflessness as Clinical Director of the Esp\u00edrita Sanatorium of Uberaba from its inauguration in 1933.<\/p>\n\n\n\n<p class=\"has-black-color has-text-color has-link-color has-small-font-size wp-elements-c4fd26c5b659b07b87652ea47990c8ba\">Out of altruism, he accepted the invitation, although he stated that he was not a Spiritist but a materialist. During his first year working at the sanatorium, In\u00e1cio Ferreira relied solely on the resources offered by conventional medicine for the diagnosis and treatment of mental disorders. He limited himself to observing and investigating the mediumistic practices of \u201cdisobsession\u201d carried out by the sanatorium\u2019s principal medium and one of its founders, Maria Modesta Cravo, affectionately known as Dona Modesta.<\/p>\n\n\n\n<p class=\"has-black-color has-text-color has-link-color has-small-font-size wp-elements-3349d616d5b4fe2d1ea4c727fc8f4190\">After a year of observation and research into the mediumistic activities carried out at the hospital, Dr In\u00e1cio reported that he had become convinced of the Spiritist theory proposed for the explanation, diagnosis and treatment of mental disorders. He declared himself a follower of Spiritism and was probably the first physician to institutionalise the treatment concepts for mental illness proposed by the Spiritist doctor Dr Bezerra de Menezes (1831\u20131900).<\/p>\n\n\n\n<p class=\"has-black-color has-text-color has-link-color has-small-font-size wp-elements-a09a036b8ee5c0006c5f8e7161f78945\">Until his death on 27 September 1988, he sought to combine conventional psychiatric treatment with Spiritist therapy and disobsession meetings. Of the books he wrote, six deal directly with the relationship between medicine and Spiritism: You Are Right (1942), devoted exclusively to countering medical accusations that Spiritism is a trigger for insanity; New Directions for Medicine I and II (1945\u20131948), in which he discusses and illustrates, with numerous clinical case reports, the Spiritist approach to treating mental illness; Spiritism and Medicine (1941), Psychiatry in the Light of Reincarnation (1940), and Pilgrims of Life (1982). Although he praised the efforts of psychiatrists over the years, he emphasised the frustration in identifying causes and the ineffectiveness in a large proportion of treated cases.<\/p>\n\n\n\n<p class=\"has-black-color has-text-color has-link-color has-small-font-size wp-elements-029de2965ff9dca54a320db27cf88829\">Spiritism, alongside social and biological factors, would be an essential tool enabling psychiatry to make a qualitative leap, helping it to better understand and treat mental disorders. To those who responded with irony to this claim, Ferreira stated that his observations were based on nights and days of sacrifice, and long hours devoted to research and investigation. He reminded them that these conclusions came from a physician fully aware of his responsibilities and that he had only decided to publish them after thousands of trials with thousands of results. He argued that the high rate of recoveries achieved, despite very limited resources, was one of the pieces of evidence supporting Spiritist theory.<\/p>\n\n\n\n<p class=\"has-black-color has-text-color has-link-color has-small-font-size wp-elements-e04592999d70f90ac2afbc10460a4aa8\">However, the author did not deny material causes; on the contrary, he stated that more than half of the patients referred to the sanatorium as \u201cobsessed\u201d were in fact suffering from organic or functional medical conditions. The medical\u2013spiritual treatment carried out at the sanatorium by Dr In\u00e1cio Ferreira, as well as his publications, went beyond the boundaries of the Brazilian Spiritist movement, reaching the press, the general public, and researchers in various countries. Both Dr In\u00e1cio Ferreira and Dr Bezerra de Menezes reported numerous cases of remarkable cures achieved through Spiritist therapy.<\/p>\n\n\n\n<p class=\"has-black-color has-text-color has-link-color has-small-font-size wp-elements-15213162dea43a1577eee42544472281\">With the collaboration of Dona Modesta, the generous philanthropist Abdon Alonso y Alonso, and young members of the Spiritist Youth Union of Uberaba, Dr In\u00e1cio Ferreira realised, in just two years (1947\u20131949), his inspired idea of building the \u201cLar Esp\u00edrita\u201d \u2013 an institution to shelter and educate disadvantaged girls. The land was purchased and donated to the institution by Dr In\u00e1cio himself.<\/p>\n\n\n\n<p class=\"has-black-color has-text-color has-link-color has-small-font-size wp-elements-3c110dfda5284c9fb67dedded33dd6ce\">Towards the end of his life, he received several well-deserved honours. In 1979, the Medical Association of Minas Gerais awarded him a distinction for his 50 years of service in medicine. In 1987, the Society of Medicine and Surgery of Uberaba and the Faculty of Medicine of the Tri\u00e2ngulo Mineiro honoured him for his work in the city. In\u00e1cio made a significant contribution to the institutionalisation of the practices and concepts proposed by Spiritism for the diagnosis and treatment of mental disorders, and was also the principal disseminator of these ideas both in Brazil and abroad.<\/p>\n\n\n\n<p class=\"has-black-color has-text-color has-link-color has-small-font-size wp-elements-e578e0c2883a3fe6459cdd03c62aaefa\">Excerpt from an interview given to Elias Barbosa in 1970:<\/p>\n\n\n\n<p class=\"has-black-color has-text-color has-link-color has-small-font-size wp-elements-8a02cc4f9a3bf7f6d899d49e7d1832b9\">How did you become a Spiritist, Dr In\u00e1cio?<\/p>\n\n\n\n<p class=\"has-black-color has-text-color has-link-color has-small-font-size wp-elements-d77b62c4a53f85fe5da8843f507efc95\">As several doctors in the 1930s refused to take responsibility for running the Esp\u00edrita Sanatorium of Uberaba\u2014before the authorities and society\u2014due to the potential damage it might cause to their own practices, I accepted the invitation with determination and selflessness. I neither knew nor understood anything about Spiritism. On the eve of the sanatorium\u2019s inauguration, I received from Maria Modesta Cravo, then administrative director, two books bearing a dedication from Dr Bezerra de Menezes: the first, The Gospel According to Spiritism by Allan Kardec, and the second, the Brazilian Penal Code, to which I paid little attention.<\/p>\n\n\n\n<p class=\"has-black-color has-text-color has-link-color has-small-font-size wp-elements-7610dc863b017d0db9769418a3c23c80\">Only a year later, after countless observations of remarkable healing cases at the sanatorium\u2014without any contribution from my materialist science or therapeutic methods\u2014was my curiosity aroused about those two \u201ccodes\u201d, the divine and the human. Reading the first, I encountered knowledge that had been veiled by the materialist curtain and which emerged in my reasoning as though awakened by experiences from previous reincarnations. I explored the other Spiritist works as if recalling something already known. Awakened by reading and experience, I then sought to observe and feel more closely the healing and doctrinal practices, eventually surrendering to the wonder of the \u201cThird Revelation\u201d, dedicating myself body and soul to study, experimentation, and the resulting findings, which I later shared through articles, lectures, and books.<\/p>\n<\/div><\/div>\n\n\n\n<div class=\"wp-block-uagb-container uagb-block-4673fcc1 alignfull uagb-is-root-container\"><div class=\"uagb-container-inner-blocks-wrap\"><\/div><\/div>\n\n\n\n<div class=\"wp-block-uagb-container uagb-block-2b87fdbf alignfull uagb-is-root-container\"><div class=\"uagb-container-inner-blocks-wrap\"><\/div><\/div>","protected":false},"excerpt":{"rendered":"<p>In\u00e1cio Ferreira de Oliveira In\u00e1cio Ferreira de Oliveira naci\u00f3 en Uberaba el 15 de abril de 1904, hijo de Jacinto Ferreira de Oliveira, antiguo ganadero, y de Maria Lucas de Oliveira. Estuvo casado con Aparecida Valicenti Ferreira. Se gradu\u00f3 como m\u00e9dico psiquiatra en la Facultad de Medicina de la Universidad de Brasil, en R\u00edo de [&hellip;]<\/p>","protected":false},"author":1,"featured_media":0,"parent":0,"menu_order":0,"comment_status":"closed","ping_status":"closed","template":"","meta":{"_uag_custom_page_level_css":"","site-sidebar-layout":"default","site-content-layout":"","ast-site-content-layout":"default","site-content-style":"default","site-sidebar-style":"default","ast-global-header-display":"","ast-banner-title-visibility":"","ast-main-header-display":"","ast-hfb-above-header-display":"","ast-hfb-below-header-display":"","ast-hfb-mobile-header-display":"","site-post-title":"disabled","ast-breadcrumbs-content":"","ast-featured-img":"","footer-sml-layout":"","theme-transparent-header-meta":"","adv-header-id-meta":"","stick-header-meta":"","header-above-stick-meta":"","header-main-stick-meta":"","header-below-stick-meta":"","astra-migrate-meta-layouts":"set","ast-page-background-enabled":"default","ast-page-background-meta":{"desktop":{"background-color":"var(--ast-global-color-4)","background-image":"","background-repeat":"repeat","background-position":"center center","background-size":"auto","background-attachment":"scroll","background-type":"","background-media":"","overlay-type":"","overlay-color":"","overlay-opacity":"","overlay-gradient":""},"tablet":{"background-color":"","background-image":"","background-repeat":"repeat","background-position":"center center","background-size":"auto","background-attachment":"scroll","background-type":"","background-media":"","overlay-type":"","overlay-color":"","overlay-opacity":"","overlay-gradient":""},"mobile":{"background-color":"","background-image":"","background-repeat":"repeat","background-position":"center center","background-size":"auto","background-attachment":"scroll","background-type":"","background-media":"","overlay-type":"","overlay-color":"","overlay-opacity":"","overlay-gradient":""}},"ast-content-background-meta":{"desktop":{"background-color":"var(--ast-global-color-5)","background-image":"","background-repeat":"repeat","background-position":"center center","background-size":"auto","background-attachment":"scroll","background-type":"","background-media":"","overlay-type":"","overlay-color":"","overlay-opacity":"","overlay-gradient":""},"tablet":{"background-color":"var(--ast-global-color-5)","background-image":"","background-repeat":"repeat","background-position":"center center","background-size":"auto","background-attachment":"scroll","background-type":"","background-media":"","overlay-type":"","overlay-color":"","overlay-opacity":"","overlay-gradient":""},"mobile":{"background-color":"var(--ast-global-color-5)","background-image":"","background-repeat":"repeat","background-position":"center center","background-size":"auto","background-attachment":"scroll","background-type":"","background-media":"","overlay-type":"","overlay-color":"","overlay-opacity":"","overlay-gradient":""}},"footnotes":""},"class_list":["post-8858","page","type-page","status-publish","hentry"],"yoast_head":"<!-- This site is optimized with the Yoast SEO Premium plugin v24.2 (Yoast SEO v24.6) - https:\/\/yoast.com\/wordpress\/plugins\/seo\/ -->\n<title>In\u00e1cio Ferreira de Oliveira - Uni\u00f3n Esp\u00edrita<\/title>\n<meta name=\"robots\" content=\"index, follow, max-snippet:-1, max-image-preview:large, max-video-preview:-1\" \/>\n<link rel=\"canonical\" href=\"https:\/\/nuevo-renacer.com\/en\/inacio-ferreira-de-oliveira\/\" \/>\n<meta property=\"og:locale\" content=\"en_GB\" \/>\n<meta property=\"og:type\" content=\"article\" \/>\n<meta property=\"og:title\" content=\"In\u00e1cio Ferreira de Oliveira\" \/>\n<meta property=\"og:description\" content=\"In\u00e1cio Ferreira de Oliveira In\u00e1cio Ferreira de Oliveira naci\u00f3 en Uberaba el 15 de abril de 1904, hijo de Jacinto Ferreira de Oliveira, antiguo ganadero, y de Maria Lucas de Oliveira. Estuvo casado con Aparecida Valicenti Ferreira. Se gradu\u00f3 como m\u00e9dico psiquiatra en la Facultad de Medicina de la Universidad de Brasil, en R\u00edo de [&hellip;]\" \/>\n<meta property=\"og:url\" content=\"https:\/\/nuevo-renacer.com\/en\/inacio-ferreira-de-oliveira\/\" \/>\n<meta property=\"og:site_name\" content=\"Uni\u00f3n Esp\u00edrita\" \/>\n<meta property=\"article:publisher\" content=\"https:\/\/www.facebook.com\/groups\/3431398063740829\" \/>\n<meta property=\"article:modified_time\" content=\"2026-04-17T11:38:08+00:00\" \/>\n<meta property=\"og:image\" content=\"https:\/\/nuevo-renacer.com\/wp-content\/uploads\/2026\/04\/Inacio-Ferreira-de-Oliveira.jpg\" \/>\n\t<meta property=\"og:image:width\" content=\"191\" \/>\n\t<meta property=\"og:image:height\" content=\"264\" \/>\n\t<meta property=\"og:image:type\" content=\"image\/jpeg\" \/>\n<meta name=\"twitter:card\" content=\"summary_large_image\" \/>\n<meta name=\"twitter:label1\" content=\"Estimated reading time\" \/>\n\t<meta name=\"twitter:data1\" content=\"6 minutes\" \/>\n<script type=\"application\/ld+json\" class=\"yoast-schema-graph\">{\"@context\":\"https:\/\/schema.org\",\"@graph\":[{\"@type\":\"WebPage\",\"@id\":\"https:\/\/nuevo-renacer.com\/inacio-ferreira-de-oliveira\/\",\"url\":\"https:\/\/nuevo-renacer.com\/inacio-ferreira-de-oliveira\/\",\"name\":\"In\u00e1cio Ferreira de Oliveira - Uni\u00f3n Esp\u00edrita\",\"isPartOf\":{\"@id\":\"https:\/\/nuevo-renacer.com\/#website\"},\"primaryImageOfPage\":{\"@id\":\"https:\/\/nuevo-renacer.com\/inacio-ferreira-de-oliveira\/#primaryimage\"},\"image\":{\"@id\":\"https:\/\/nuevo-renacer.com\/inacio-ferreira-de-oliveira\/#primaryimage\"},\"thumbnailUrl\":\"https:\/\/nuevo-renacer.com\/wp-content\/uploads\/2026\/04\/Inacio-Ferreira-de-Oliveira.jpg\",\"datePublished\":\"2026-04-17T11:17:46+00:00\",\"dateModified\":\"2026-04-17T11:38:08+00:00\",\"breadcrumb\":{\"@id\":\"https:\/\/nuevo-renacer.com\/inacio-ferreira-de-oliveira\/#breadcrumb\"},\"inLanguage\":\"en-GB\",\"potentialAction\":[{\"@type\":\"ReadAction\",\"target\":[\"https:\/\/nuevo-renacer.com\/inacio-ferreira-de-oliveira\/\"]}]},{\"@type\":\"ImageObject\",\"inLanguage\":\"en-GB\",\"@id\":\"https:\/\/nuevo-renacer.com\/inacio-ferreira-de-oliveira\/#primaryimage\",\"url\":\"https:\/\/nuevo-renacer.com\/wp-content\/uploads\/2026\/04\/Inacio-Ferreira-de-Oliveira.jpg\",\"contentUrl\":\"https:\/\/nuevo-renacer.com\/wp-content\/uploads\/2026\/04\/Inacio-Ferreira-de-Oliveira.jpg\"},{\"@type\":\"BreadcrumbList\",\"@id\":\"https:\/\/nuevo-renacer.com\/inacio-ferreira-de-oliveira\/#breadcrumb\",\"itemListElement\":[{\"@type\":\"ListItem\",\"position\":1,\"name\":\"Startseite\",\"item\":\"https:\/\/nuevo-renacer.com\/\"},{\"@type\":\"ListItem\",\"position\":2,\"name\":\"In\u00e1cio Ferreira de Oliveira\"}]},{\"@type\":\"WebSite\",\"@id\":\"https:\/\/nuevo-renacer.com\/#website\",\"url\":\"https:\/\/nuevo-renacer.com\/\",\"name\":\"Uni\u00f3n Esp\u00edrita\",\"description\":\"Nuevo Renacer\",\"publisher\":{\"@id\":\"https:\/\/nuevo-renacer.com\/#organization\"},\"potentialAction\":[{\"@type\":\"SearchAction\",\"target\":{\"@type\":\"EntryPoint\",\"urlTemplate\":\"https:\/\/nuevo-renacer.com\/?s={search_term_string}\"},\"query-input\":{\"@type\":\"PropertyValueSpecification\",\"valueRequired\":true,\"valueName\":\"search_term_string\"}}],\"inLanguage\":\"en-GB\"},{\"@type\":\"Organization\",\"@id\":\"https:\/\/nuevo-renacer.com\/#organization\",\"name\":\"UFEC\",\"url\":\"https:\/\/nuevo-renacer.com\/\",\"logo\":{\"@type\":\"ImageObject\",\"inLanguage\":\"en-GB\",\"@id\":\"https:\/\/nuevo-renacer.com\/#\/schema\/logo\/image\/\",\"url\":\"https:\/\/nuevo-renacer.com\/wp-content\/uploads\/2024\/05\/cropped-LOGO-TERMINADO1-3-3.png\",\"contentUrl\":\"https:\/\/nuevo-renacer.com\/wp-content\/uploads\/2024\/05\/cropped-LOGO-TERMINADO1-3-3.png\",\"width\":512,\"height\":512,\"caption\":\"UFEC\"},\"image\":{\"@id\":\"https:\/\/nuevo-renacer.com\/#\/schema\/logo\/image\/\"},\"sameAs\":[\"https:\/\/www.facebook.com\/groups\/3431398063740829\"]}]}<\/script>\n<!-- \/ Yoast SEO Premium plugin. -->","yoast_head_json":{"title":"In\u00e1cio Ferreira de Oliveira - Uni\u00f3n Esp\u00edrita","robots":{"index":"index","follow":"follow","max-snippet":"max-snippet:-1","max-image-preview":"max-image-preview:large","max-video-preview":"max-video-preview:-1"},"canonical":"https:\/\/nuevo-renacer.com\/en\/inacio-ferreira-de-oliveira\/","og_locale":"en_GB","og_type":"article","og_title":"In\u00e1cio Ferreira de Oliveira","og_description":"In\u00e1cio Ferreira de Oliveira In\u00e1cio Ferreira de Oliveira naci\u00f3 en Uberaba el 15 de abril de 1904, hijo de Jacinto Ferreira de Oliveira, antiguo ganadero, y de Maria Lucas de Oliveira. Estuvo casado con Aparecida Valicenti Ferreira. Se gradu\u00f3 como m\u00e9dico psiquiatra en la Facultad de Medicina de la Universidad de Brasil, en R\u00edo de [&hellip;]","og_url":"https:\/\/nuevo-renacer.com\/en\/inacio-ferreira-de-oliveira\/","og_site_name":"Uni\u00f3n Esp\u00edrita","article_publisher":"https:\/\/www.facebook.com\/groups\/3431398063740829","article_modified_time":"2026-04-17T11:38:08+00:00","og_image":[{"width":191,"height":264,"url":"https:\/\/nuevo-renacer.com\/wp-content\/uploads\/2026\/04\/Inacio-Ferreira-de-Oliveira.jpg","type":"image\/jpeg"}],"twitter_card":"summary_large_image","twitter_misc":{"Estimated reading time":"6 minutes"},"schema":{"@context":"https:\/\/schema.org","@graph":[{"@type":"WebPage","@id":"https:\/\/nuevo-renacer.com\/inacio-ferreira-de-oliveira\/","url":"https:\/\/nuevo-renacer.com\/inacio-ferreira-de-oliveira\/","name":"In\u00e1cio Ferreira de Oliveira - Uni\u00f3n Esp\u00edrita","isPartOf":{"@id":"https:\/\/nuevo-renacer.com\/#website"},"primaryImageOfPage":{"@id":"https:\/\/nuevo-renacer.com\/inacio-ferreira-de-oliveira\/#primaryimage"},"image":{"@id":"https:\/\/nuevo-renacer.com\/inacio-ferreira-de-oliveira\/#primaryimage"},"thumbnailUrl":"https:\/\/nuevo-renacer.com\/wp-content\/uploads\/2026\/04\/Inacio-Ferreira-de-Oliveira.jpg","datePublished":"2026-04-17T11:17:46+00:00","dateModified":"2026-04-17T11:38:08+00:00","breadcrumb":{"@id":"https:\/\/nuevo-renacer.com\/inacio-ferreira-de-oliveira\/#breadcrumb"},"inLanguage":"en-GB","potentialAction":[{"@type":"ReadAction","target":["https:\/\/nuevo-renacer.com\/inacio-ferreira-de-oliveira\/"]}]},{"@type":"ImageObject","inLanguage":"en-GB","@id":"https:\/\/nuevo-renacer.com\/inacio-ferreira-de-oliveira\/#primaryimage","url":"https:\/\/nuevo-renacer.com\/wp-content\/uploads\/2026\/04\/Inacio-Ferreira-de-Oliveira.jpg","contentUrl":"https:\/\/nuevo-renacer.com\/wp-content\/uploads\/2026\/04\/Inacio-Ferreira-de-Oliveira.jpg"},{"@type":"BreadcrumbList","@id":"https:\/\/nuevo-renacer.com\/inacio-ferreira-de-oliveira\/#breadcrumb","itemListElement":[{"@type":"ListItem","position":1,"name":"Startseite","item":"https:\/\/nuevo-renacer.com\/"},{"@type":"ListItem","position":2,"name":"In\u00e1cio Ferreira de Oliveira"}]},{"@type":"WebSite","@id":"https:\/\/nuevo-renacer.com\/#website","url":"https:\/\/nuevo-renacer.com\/","name":"Uni\u00f3n Esp\u00edrita","description":"Nuevo Renacer","publisher":{"@id":"https:\/\/nuevo-renacer.com\/#organization"},"potentialAction":[{"@type":"SearchAction","target":{"@type":"EntryPoint","urlTemplate":"https:\/\/nuevo-renacer.com\/?s={search_term_string}"},"query-input":{"@type":"PropertyValueSpecification","valueRequired":true,"valueName":"search_term_string"}}],"inLanguage":"en-GB"},{"@type":"Organization","@id":"https:\/\/nuevo-renacer.com\/#organization","name":"UFEC","url":"https:\/\/nuevo-renacer.com\/","logo":{"@type":"ImageObject","inLanguage":"en-GB","@id":"https:\/\/nuevo-renacer.com\/#\/schema\/logo\/image\/","url":"https:\/\/nuevo-renacer.com\/wp-content\/uploads\/2024\/05\/cropped-LOGO-TERMINADO1-3-3.png","contentUrl":"https:\/\/nuevo-renacer.com\/wp-content\/uploads\/2024\/05\/cropped-LOGO-TERMINADO1-3-3.png","width":512,"height":512,"caption":"UFEC"},"image":{"@id":"https:\/\/nuevo-renacer.com\/#\/schema\/logo\/image\/"},"sameAs":["https:\/\/www.facebook.com\/groups\/3431398063740829"]}]}},"uagb_featured_image_src":{"full":false,"thumbnail":false,"medium":false,"medium_large":false,"large":false,"1536x1536":false,"2048x2048":false,"trp-custom-language-flag":false},"uagb_author_info":{"display_name":"adbv0","author_link":"https:\/\/nuevo-renacer.com\/en\/author\/adbv0\/"},"uagb_comment_info":0,"uagb_excerpt":"In\u00e1cio Ferreira de Oliveira In\u00e1cio Ferreira de Oliveira naci\u00f3 en Uberaba el 15 de abril de 1904, hijo de Jacinto Ferreira de Oliveira, antiguo ganadero, y de Maria Lucas de Oliveira. Estuvo casado con Aparecida Valicenti Ferreira. Se gradu\u00f3 como m\u00e9dico psiquiatra en la Facultad de Medicina de la Universidad de Brasil, en R\u00edo de&hellip;","jetpack_sharing_enabled":true,"_links":{"self":[{"href":"https:\/\/nuevo-renacer.com\/en\/wp-json\/wp\/v2\/pages\/8858","targetHints":{"allow":["GET"]}}],"collection":[{"href":"https:\/\/nuevo-renacer.com\/en\/wp-json\/wp\/v2\/pages"}],"about":[{"href":"https:\/\/nuevo-renacer.com\/en\/wp-json\/wp\/v2\/types\/page"}],"author":[{"embeddable":true,"href":"https:\/\/nuevo-renacer.com\/en\/wp-json\/wp\/v2\/users\/1"}],"replies":[{"embeddable":true,"href":"https:\/\/nuevo-renacer.com\/en\/wp-json\/wp\/v2\/comments?post=8858"}],"version-history":[{"count":3,"href":"https:\/\/nuevo-renacer.com\/en\/wp-json\/wp\/v2\/pages\/8858\/revisions"}],"predecessor-version":[{"id":8864,"href":"https:\/\/nuevo-renacer.com\/en\/wp-json\/wp\/v2\/pages\/8858\/revisions\/8864"}],"wp:attachment":[{"href":"https:\/\/nuevo-renacer.com\/en\/wp-json\/wp\/v2\/media?parent=8858"}],"curies":[{"name":"wp","href":"https:\/\/api.w.org\/{rel}","templated":true}]}}