{"id":8821,"date":"2026-03-24T09:03:50","date_gmt":"2026-03-24T09:03:50","guid":{"rendered":"https:\/\/nuevo-renacer.com\/?page_id=8821"},"modified":"2026-03-24T09:05:05","modified_gmt":"2026-03-24T09:05:05","slug":"frederica-hauffe","status":"publish","type":"page","link":"https:\/\/nuevo-renacer.com\/en\/frederica-hauffe\/","title":{"rendered":"Frederica Hauffe"},"content":{"rendered":"<div class=\"wp-block-uagb-container uagb-block-dbde4e89 alignfull uagb-is-root-container\"><div class=\"uagb-container-inner-blocks-wrap\">\n<p class=\"has-black-color has-text-color has-link-color has-medium-font-size wp-elements-0cdbe2bc5d55e5a49b5c561ec010a0e9\"><strong>Frederica Hauffe<\/strong><\/p>\n<\/div><\/div>\n\n\n\n<div class=\"wp-block-uagb-container uagb-block-5b38f87f alignfull uagb-is-root-container\"><div class=\"uagb-container-inner-blocks-wrap\">\n<figure class=\"wp-block-image size-large is-resized\"><img fetchpriority=\"high\" decoding=\"async\" width=\"826\" height=\"1024\" src=\"https:\/\/nuevo-renacer.com\/wp-content\/uploads\/2026\/03\/Frederica-Hauffe-826x1024.jpg\" alt=\"\" class=\"wp-image-8822\" style=\"aspect-ratio:0.8066467693796886;width:273px;height:auto\" srcset=\"https:\/\/nuevo-renacer.com\/wp-content\/uploads\/2026\/03\/Frederica-Hauffe-826x1024.jpg 826w, https:\/\/nuevo-renacer.com\/wp-content\/uploads\/2026\/03\/Frederica-Hauffe-242x300.jpg 242w, https:\/\/nuevo-renacer.com\/wp-content\/uploads\/2026\/03\/Frederica-Hauffe-768x952.jpg 768w, https:\/\/nuevo-renacer.com\/wp-content\/uploads\/2026\/03\/Frederica-Hauffe-10x12.jpg 10w, https:\/\/nuevo-renacer.com\/wp-content\/uploads\/2026\/03\/Frederica-Hauffe.jpg 960w\" sizes=\"(max-width: 826px) 100vw, 826px\" \/><\/figure>\n<\/div><\/div>\n\n\n\n<div class=\"wp-block-uagb-container uagb-block-5c6f57f5 alignfull uagb-is-root-container\"><div class=\"uagb-container-inner-blocks-wrap\">\n<p class=\"has-black-color has-text-color has-link-color has-small-font-size wp-elements-b9466b3f3afc40b28b1aae40d1138adc\">Near the town of L\u00f6wenstein in Baden-W\u00fcrttemberg, nestled among the mountains whose highest point reaches 1,879 feet above sea level, surrounded by hills and valleys, in a picturesque hollow, lies the small village of Prevorst. It has just over 400 inhabitants, most of whom live from forestry for coal production and the harvesting of local produce. In the year 1801, in these high mountains of Prevorst, a girl was born who displayed extraordinary inner abilities from an early age.<\/p>\n\n\n\n<p class=\"has-black-color has-text-color has-link-color has-small-font-size wp-elements-08c7b96bcedd4cacde86e12b35ee0a9c\">Frederica Hauffe, commonly known as the Seeress of Prevorst, whose father worked as a forest warden, was brought up in the greatest simplicity and innocence due to the isolation of the village. Mrs Hauffe received no formal schooling or certificates; she knew no languages, history, geography, or natural science, and possessed none of the usual accomplishments of her sex. For many years, the Bible and the Book of Psalms were her only studies. Her morals were indisputable; devout without hypocrisy, she regarded her long suffering and unusual circumstances as God\u2019s providence and expressed her feelings through poetry.<\/p>\n\n\n\n<p class=\"has-black-color has-text-color has-link-color has-small-font-size wp-elements-240a37d6f08d9067bb4412dcd1617521\">As a counterpart to this insensibility, an undeniable, supernatural or clairvoyant ability manifested in her already as a child, appearing especially in prophetic dreams. When she was scolded, angered, or hurt for any reason, or when her feelings were wounded, she was guided at night to these deep recesses, where instructive, foresightful, or prophetic visions would visit her.<\/p>\n\n\n\n<p class=\"has-black-color has-text-color has-link-color has-small-font-size wp-elements-45e3bfb6b3cbf9e80cc45bef12ee93d6\">It once happened that her father lost a valuable item and blamed her for it, although she was innocent. She was so distressed that in a dream she saw the place where the object was located. Even as a small child, she indicated with a hazel wand where water and metals could be found. Later, when the town had few cultural opportunities, her parents entrusted her to her grandfather, Johann Schmidgall, who lived in L\u00f6wenstein, only a few kilometres away. To the great regret of the family, this receptivity to spiritual influences, which others could not perceive, soon became evident. In her grandfather\u2019s house, a spirit appeared to the poor girl for the first time. At midnight, she saw in the corridor a large, dark figure that sighed as it passed by; it stopped at the end of the hallway and showed her a face she would never forget. This first apparition caused her no greater disturbance than later appearances in her life. Calmly, she went to her grandfather and said, \u201cThere is a stranger in the corridor; go and look at him.\u201d<\/p>\n\n\n\n<p class=\"has-black-color has-text-color has-link-color has-small-font-size wp-elements-0b3900597df5ff08165f3b2ea8414311\">Such important, yet regrettable, abilities brought no change in the girl. She was the happiest among her playmates, although due to her sensitivity she had to stay in her room for long periods; it was a preparation so that she could see with ordinary eyes what was invisible to others\u2014the unfolding of spiritual sight through the bodily senses.<\/p>\n\n\n\n<p class=\"has-black-color has-text-color has-link-color has-small-font-size wp-elements-f78f74f45a9be8f9417a527d54727d4b\">Later, she lived with her parents in Oberstenfeld, which was at times the family home. From the ages of seventeen to nineteen, in a period of pleasant and lively influences, she seemed to have lost this inner perceptive ability to some extent; only her particularly intellectual character shone through in her gaze, as well as a greater joy, without departing from her usual manners or those of the young women in her society. Despite false rumours, it is certain that she formed no attachments at this age and experienced no disappointments of the heart. She was extremely receptive to spiritual apparitions of all kinds: prophetic dreams, predictions, prophetic visions in glasses and mirrors. She once saw in a glass a person who would enter her room half an hour later, as well as a carriage which she could not identify from her position; she described the coach, the people travelling within it, and the horses\u2014and half an hour later they indeed arrived at her house.<\/p>\n\n\n\n<p class=\"has-black-color has-text-color has-link-color has-small-font-size wp-elements-8d0950c7359dd800066f544dba6e03d9\">During this time, she seemed to enjoy the \u201csecond sight.\u201d One morning, as she left her room during a doctor\u2019s visit, she saw in the corridor a coffin blocking her way, and within it the body of her grandfather. She returned to her room and asked the doctor and her parents to see it. Yet at first, none of them\u2014and not even she herself\u2014perceived anything further. The following day, however, the coffin and the body were beside her bed. Six weeks later, her grandfather died, having been in excellent health until the very last days.<\/p>\n\n\n\n<p class=\"has-black-color has-text-color has-link-color has-small-font-size wp-elements-0e40ac18655ee2ed89cadec2028fa7d0\">The ability to see spirits, which Mrs Hauffe had possessed since childhood, developed continuously. Between 25 November 1826 and 2 May 1829, Dr Justinus Kerner was able to examine her thoroughly and compile the basis for a book that attracted great attention in Germany, as five editions were sold out within a few years. The work was translated into English by Mrs Crowe and into French by Dr Dusart.<\/p>\n\n\n\n<p class=\"has-black-color has-text-color has-link-color has-small-font-size wp-elements-de0ce7c6e83acd48993c6f5a98bf74d0\">Eschenmayer writes of her in Die Geheimnisse: \u201cHer natural dispositions were sweet, amiable, serious. She was always drawn to contemplation and prayer. There was something intellectual in the expression of her eyes, always clear and luminous despite suffering; they were very lively in conversation, then suddenly fixed\u2014and one could see by this sign that she was confronted with one of her strange apparitions. Under such conditions she spoke rapidly.\u201d<\/p>\n\n\n\n<p class=\"has-black-color has-text-color has-link-color has-small-font-size wp-elements-abf04a029ee59cbef3c776e4223c544a\">On 5 August 1829, at ten o\u2019clock, the seeress observed a white figure entering her room; at that moment, the dying woman uttered a cry of joy, and her spirit seemed to depart at that instant. Shortly afterwards, her soul left the body, which remained entirely recognisable, as none of her features preserved its previous form. The remains of one who had suffered so much were interred in the picturesque cemetery of L\u00f6wenstein, where already lay the bodies of her grandfather, the esteemed Schmidgall, and his wife, whom she had recognised as her spiritual guardians.<\/p>\n<\/div><\/div>\n\n\n\n<div class=\"wp-block-uagb-container uagb-block-3259d955 alignfull uagb-is-root-container\"><div class=\"uagb-container-inner-blocks-wrap\"><\/div><\/div>\n\n\n\n<div class=\"wp-block-uagb-container uagb-block-1ab3b2d5 alignfull uagb-is-root-container\"><div class=\"uagb-container-inner-blocks-wrap\"><\/div><\/div>","protected":false},"excerpt":{"rendered":"<p>Frederica Hauffe Cerca de la ciudad de L\u00f6wenstein, en Baden-W\u00fcrttemberg, entre las monta\u00f1as cuyo punto m\u00e1s alto alcanza los 1879 pies sobre el nivel del mar, rodeada de colinas y valles, en un recodo pintoresco, se encuentra la peque\u00f1a aldea de Prevorst. Cuenta con poco m\u00e1s de 400 habitantes, que viven en su mayor parte [&hellip;]<\/p>","protected":false},"author":1,"featured_media":0,"parent":0,"menu_order":0,"comment_status":"closed","ping_status":"closed","template":"","meta":{"_uag_custom_page_level_css":"","site-sidebar-layout":"default","site-content-layout":"","ast-site-content-layout":"default","site-content-style":"default","site-sidebar-style":"default","ast-global-header-display":"","ast-banner-title-visibility":"","ast-main-header-display":"","ast-hfb-above-header-display":"","ast-hfb-below-header-display":"","ast-hfb-mobile-header-display":"","site-post-title":"disabled","ast-breadcrumbs-content":"","ast-featured-img":"","footer-sml-layout":"","theme-transparent-header-meta":"","adv-header-id-meta":"","stick-header-meta":"","header-above-stick-meta":"","header-main-stick-meta":"","header-below-stick-meta":"","astra-migrate-meta-layouts":"set","ast-page-background-enabled":"default","ast-page-background-meta":{"desktop":{"background-color":"var(--ast-global-color-4)","background-image":"","background-repeat":"repeat","background-position":"center center","background-size":"auto","background-attachment":"scroll","background-type":"","background-media":"","overlay-type":"","overlay-color":"","overlay-opacity":"","overlay-gradient":""},"tablet":{"background-color":"","background-image":"","background-repeat":"repeat","background-position":"center center","background-size":"auto","background-attachment":"scroll","background-type":"","background-media":"","overlay-type":"","overlay-color":"","overlay-opacity":"","overlay-gradient":""},"mobile":{"background-color":"","background-image":"","background-repeat":"repeat","background-position":"center center","background-size":"auto","background-attachment":"scroll","background-type":"","background-media":"","overlay-type":"","overlay-color":"","overlay-opacity":"","overlay-gradient":""}},"ast-content-background-meta":{"desktop":{"background-color":"var(--ast-global-color-5)","background-image":"","background-repeat":"repeat","background-position":"center center","background-size":"auto","background-attachment":"scroll","background-type":"","background-media":"","overlay-type":"","overlay-color":"","overlay-opacity":"","overlay-gradient":""},"tablet":{"background-color":"var(--ast-global-color-5)","background-image":"","background-repeat":"repeat","background-position":"center center","background-size":"auto","background-attachment":"scroll","background-type":"","background-media":"","overlay-type":"","overlay-color":"","overlay-opacity":"","overlay-gradient":""},"mobile":{"background-color":"var(--ast-global-color-5)","background-image":"","background-repeat":"repeat","background-position":"center center","background-size":"auto","background-attachment":"scroll","background-type":"","background-media":"","overlay-type":"","overlay-color":"","overlay-opacity":"","overlay-gradient":""}},"footnotes":""},"class_list":["post-8821","page","type-page","status-publish","hentry"],"yoast_head":"<!-- This site is optimized with the Yoast SEO Premium plugin v24.2 (Yoast SEO v24.6) - https:\/\/yoast.com\/wordpress\/plugins\/seo\/ -->\n<title>Frederica Hauffe - Uni\u00f3n Esp\u00edrita<\/title>\n<meta name=\"robots\" content=\"index, follow, max-snippet:-1, max-image-preview:large, max-video-preview:-1\" \/>\n<link rel=\"canonical\" href=\"https:\/\/nuevo-renacer.com\/en\/frederica-hauffe\/\" \/>\n<meta property=\"og:locale\" content=\"en_GB\" \/>\n<meta property=\"og:type\" content=\"article\" \/>\n<meta property=\"og:title\" content=\"Frederica Hauffe\" \/>\n<meta property=\"og:description\" content=\"Frederica Hauffe Cerca de la ciudad de L\u00f6wenstein, en Baden-W\u00fcrttemberg, entre las monta\u00f1as cuyo punto m\u00e1s alto alcanza los 1879 pies sobre el nivel del mar, rodeada de colinas y valles, en un recodo pintoresco, se encuentra la peque\u00f1a aldea de Prevorst. Cuenta con poco m\u00e1s de 400 habitantes, que viven en su mayor parte [&hellip;]\" \/>\n<meta property=\"og:url\" content=\"https:\/\/nuevo-renacer.com\/en\/frederica-hauffe\/\" \/>\n<meta property=\"og:site_name\" content=\"Uni\u00f3n Esp\u00edrita\" \/>\n<meta property=\"article:publisher\" content=\"https:\/\/www.facebook.com\/groups\/3431398063740829\" \/>\n<meta property=\"article:modified_time\" content=\"2026-03-24T09:05:05+00:00\" \/>\n<meta property=\"og:image\" content=\"https:\/\/nuevo-renacer.com\/wp-content\/uploads\/2026\/03\/Frederica-Hauffe.jpg\" \/>\n\t<meta property=\"og:image:width\" content=\"960\" \/>\n\t<meta property=\"og:image:height\" content=\"1190\" \/>\n\t<meta property=\"og:image:type\" content=\"image\/jpeg\" \/>\n<meta name=\"twitter:card\" content=\"summary_large_image\" \/>\n<meta name=\"twitter:label1\" content=\"Estimated reading time\" \/>\n\t<meta name=\"twitter:data1\" content=\"6 minutes\" \/>\n<script type=\"application\/ld+json\" class=\"yoast-schema-graph\">{\"@context\":\"https:\/\/schema.org\",\"@graph\":[{\"@type\":\"WebPage\",\"@id\":\"https:\/\/nuevo-renacer.com\/frederica-hauffe\/\",\"url\":\"https:\/\/nuevo-renacer.com\/frederica-hauffe\/\",\"name\":\"Frederica Hauffe - Uni\u00f3n Esp\u00edrita\",\"isPartOf\":{\"@id\":\"https:\/\/nuevo-renacer.com\/#website\"},\"primaryImageOfPage\":{\"@id\":\"https:\/\/nuevo-renacer.com\/frederica-hauffe\/#primaryimage\"},\"image\":{\"@id\":\"https:\/\/nuevo-renacer.com\/frederica-hauffe\/#primaryimage\"},\"thumbnailUrl\":\"https:\/\/nuevo-renacer.com\/wp-content\/uploads\/2026\/03\/Frederica-Hauffe-826x1024.jpg\",\"datePublished\":\"2026-03-24T09:03:50+00:00\",\"dateModified\":\"2026-03-24T09:05:05+00:00\",\"breadcrumb\":{\"@id\":\"https:\/\/nuevo-renacer.com\/frederica-hauffe\/#breadcrumb\"},\"inLanguage\":\"en-GB\",\"potentialAction\":[{\"@type\":\"ReadAction\",\"target\":[\"https:\/\/nuevo-renacer.com\/frederica-hauffe\/\"]}]},{\"@type\":\"ImageObject\",\"inLanguage\":\"en-GB\",\"@id\":\"https:\/\/nuevo-renacer.com\/frederica-hauffe\/#primaryimage\",\"url\":\"https:\/\/nuevo-renacer.com\/wp-content\/uploads\/2026\/03\/Frederica-Hauffe-826x1024.jpg\",\"contentUrl\":\"https:\/\/nuevo-renacer.com\/wp-content\/uploads\/2026\/03\/Frederica-Hauffe-826x1024.jpg\"},{\"@type\":\"BreadcrumbList\",\"@id\":\"https:\/\/nuevo-renacer.com\/frederica-hauffe\/#breadcrumb\",\"itemListElement\":[{\"@type\":\"ListItem\",\"position\":1,\"name\":\"Startseite\",\"item\":\"https:\/\/nuevo-renacer.com\/\"},{\"@type\":\"ListItem\",\"position\":2,\"name\":\"Frederica Hauffe\"}]},{\"@type\":\"WebSite\",\"@id\":\"https:\/\/nuevo-renacer.com\/#website\",\"url\":\"https:\/\/nuevo-renacer.com\/\",\"name\":\"Uni\u00f3n Esp\u00edrita\",\"description\":\"Nuevo Renacer\",\"publisher\":{\"@id\":\"https:\/\/nuevo-renacer.com\/#organization\"},\"potentialAction\":[{\"@type\":\"SearchAction\",\"target\":{\"@type\":\"EntryPoint\",\"urlTemplate\":\"https:\/\/nuevo-renacer.com\/?s={search_term_string}\"},\"query-input\":{\"@type\":\"PropertyValueSpecification\",\"valueRequired\":true,\"valueName\":\"search_term_string\"}}],\"inLanguage\":\"en-GB\"},{\"@type\":\"Organization\",\"@id\":\"https:\/\/nuevo-renacer.com\/#organization\",\"name\":\"UFEC\",\"url\":\"https:\/\/nuevo-renacer.com\/\",\"logo\":{\"@type\":\"ImageObject\",\"inLanguage\":\"en-GB\",\"@id\":\"https:\/\/nuevo-renacer.com\/#\/schema\/logo\/image\/\",\"url\":\"https:\/\/nuevo-renacer.com\/wp-content\/uploads\/2024\/05\/cropped-LOGO-TERMINADO1-3-3.png\",\"contentUrl\":\"https:\/\/nuevo-renacer.com\/wp-content\/uploads\/2024\/05\/cropped-LOGO-TERMINADO1-3-3.png\",\"width\":512,\"height\":512,\"caption\":\"UFEC\"},\"image\":{\"@id\":\"https:\/\/nuevo-renacer.com\/#\/schema\/logo\/image\/\"},\"sameAs\":[\"https:\/\/www.facebook.com\/groups\/3431398063740829\"]}]}<\/script>\n<!-- \/ Yoast SEO Premium plugin. -->","yoast_head_json":{"title":"Frederica Hauffe - Uni\u00f3n Esp\u00edrita","robots":{"index":"index","follow":"follow","max-snippet":"max-snippet:-1","max-image-preview":"max-image-preview:large","max-video-preview":"max-video-preview:-1"},"canonical":"https:\/\/nuevo-renacer.com\/en\/frederica-hauffe\/","og_locale":"en_GB","og_type":"article","og_title":"Frederica Hauffe","og_description":"Frederica Hauffe Cerca de la ciudad de L\u00f6wenstein, en Baden-W\u00fcrttemberg, entre las monta\u00f1as cuyo punto m\u00e1s alto alcanza los 1879 pies sobre el nivel del mar, rodeada de colinas y valles, en un recodo pintoresco, se encuentra la peque\u00f1a aldea de Prevorst. Cuenta con poco m\u00e1s de 400 habitantes, que viven en su mayor parte [&hellip;]","og_url":"https:\/\/nuevo-renacer.com\/en\/frederica-hauffe\/","og_site_name":"Uni\u00f3n Esp\u00edrita","article_publisher":"https:\/\/www.facebook.com\/groups\/3431398063740829","article_modified_time":"2026-03-24T09:05:05+00:00","og_image":[{"width":960,"height":1190,"url":"https:\/\/nuevo-renacer.com\/wp-content\/uploads\/2026\/03\/Frederica-Hauffe.jpg","type":"image\/jpeg"}],"twitter_card":"summary_large_image","twitter_misc":{"Estimated reading time":"6 minutes"},"schema":{"@context":"https:\/\/schema.org","@graph":[{"@type":"WebPage","@id":"https:\/\/nuevo-renacer.com\/frederica-hauffe\/","url":"https:\/\/nuevo-renacer.com\/frederica-hauffe\/","name":"Frederica Hauffe - Uni\u00f3n Esp\u00edrita","isPartOf":{"@id":"https:\/\/nuevo-renacer.com\/#website"},"primaryImageOfPage":{"@id":"https:\/\/nuevo-renacer.com\/frederica-hauffe\/#primaryimage"},"image":{"@id":"https:\/\/nuevo-renacer.com\/frederica-hauffe\/#primaryimage"},"thumbnailUrl":"https:\/\/nuevo-renacer.com\/wp-content\/uploads\/2026\/03\/Frederica-Hauffe-826x1024.jpg","datePublished":"2026-03-24T09:03:50+00:00","dateModified":"2026-03-24T09:05:05+00:00","breadcrumb":{"@id":"https:\/\/nuevo-renacer.com\/frederica-hauffe\/#breadcrumb"},"inLanguage":"en-GB","potentialAction":[{"@type":"ReadAction","target":["https:\/\/nuevo-renacer.com\/frederica-hauffe\/"]}]},{"@type":"ImageObject","inLanguage":"en-GB","@id":"https:\/\/nuevo-renacer.com\/frederica-hauffe\/#primaryimage","url":"https:\/\/nuevo-renacer.com\/wp-content\/uploads\/2026\/03\/Frederica-Hauffe-826x1024.jpg","contentUrl":"https:\/\/nuevo-renacer.com\/wp-content\/uploads\/2026\/03\/Frederica-Hauffe-826x1024.jpg"},{"@type":"BreadcrumbList","@id":"https:\/\/nuevo-renacer.com\/frederica-hauffe\/#breadcrumb","itemListElement":[{"@type":"ListItem","position":1,"name":"Startseite","item":"https:\/\/nuevo-renacer.com\/"},{"@type":"ListItem","position":2,"name":"Frederica Hauffe"}]},{"@type":"WebSite","@id":"https:\/\/nuevo-renacer.com\/#website","url":"https:\/\/nuevo-renacer.com\/","name":"Uni\u00f3n Esp\u00edrita","description":"Nuevo Renacer","publisher":{"@id":"https:\/\/nuevo-renacer.com\/#organization"},"potentialAction":[{"@type":"SearchAction","target":{"@type":"EntryPoint","urlTemplate":"https:\/\/nuevo-renacer.com\/?s={search_term_string}"},"query-input":{"@type":"PropertyValueSpecification","valueRequired":true,"valueName":"search_term_string"}}],"inLanguage":"en-GB"},{"@type":"Organization","@id":"https:\/\/nuevo-renacer.com\/#organization","name":"UFEC","url":"https:\/\/nuevo-renacer.com\/","logo":{"@type":"ImageObject","inLanguage":"en-GB","@id":"https:\/\/nuevo-renacer.com\/#\/schema\/logo\/image\/","url":"https:\/\/nuevo-renacer.com\/wp-content\/uploads\/2024\/05\/cropped-LOGO-TERMINADO1-3-3.png","contentUrl":"https:\/\/nuevo-renacer.com\/wp-content\/uploads\/2024\/05\/cropped-LOGO-TERMINADO1-3-3.png","width":512,"height":512,"caption":"UFEC"},"image":{"@id":"https:\/\/nuevo-renacer.com\/#\/schema\/logo\/image\/"},"sameAs":["https:\/\/www.facebook.com\/groups\/3431398063740829"]}]}},"uagb_featured_image_src":{"full":false,"thumbnail":false,"medium":false,"medium_large":false,"large":false,"1536x1536":false,"2048x2048":false,"trp-custom-language-flag":false},"uagb_author_info":{"display_name":"adbv0","author_link":"https:\/\/nuevo-renacer.com\/en\/author\/adbv0\/"},"uagb_comment_info":0,"uagb_excerpt":"Frederica Hauffe Cerca de la ciudad de L\u00f6wenstein, en Baden-W\u00fcrttemberg, entre las monta\u00f1as cuyo punto m\u00e1s alto alcanza los 1879 pies sobre el nivel del mar, rodeada de colinas y valles, en un recodo pintoresco, se encuentra la peque\u00f1a aldea de Prevorst. Cuenta con poco m\u00e1s de 400 habitantes, que viven en su mayor parte&hellip;","jetpack_sharing_enabled":true,"_links":{"self":[{"href":"https:\/\/nuevo-renacer.com\/en\/wp-json\/wp\/v2\/pages\/8821","targetHints":{"allow":["GET"]}}],"collection":[{"href":"https:\/\/nuevo-renacer.com\/en\/wp-json\/wp\/v2\/pages"}],"about":[{"href":"https:\/\/nuevo-renacer.com\/en\/wp-json\/wp\/v2\/types\/page"}],"author":[{"embeddable":true,"href":"https:\/\/nuevo-renacer.com\/en\/wp-json\/wp\/v2\/users\/1"}],"replies":[{"embeddable":true,"href":"https:\/\/nuevo-renacer.com\/en\/wp-json\/wp\/v2\/comments?post=8821"}],"version-history":[{"count":1,"href":"https:\/\/nuevo-renacer.com\/en\/wp-json\/wp\/v2\/pages\/8821\/revisions"}],"predecessor-version":[{"id":8823,"href":"https:\/\/nuevo-renacer.com\/en\/wp-json\/wp\/v2\/pages\/8821\/revisions\/8823"}],"wp:attachment":[{"href":"https:\/\/nuevo-renacer.com\/en\/wp-json\/wp\/v2\/media?parent=8821"}],"curies":[{"name":"wp","href":"https:\/\/api.w.org\/{rel}","templated":true}]}}