{"id":8814,"date":"2026-03-23T13:39:44","date_gmt":"2026-03-23T13:39:44","guid":{"rendered":"https:\/\/nuevo-renacer.com\/?page_id=8814"},"modified":"2026-03-23T13:51:11","modified_gmt":"2026-03-23T13:51:11","slug":"maria-da-conceicao-rocha-e-silva","status":"publish","type":"page","link":"https:\/\/nuevo-renacer.com\/en\/maria-da-conceicao-rocha-e-silva\/","title":{"rendered":"Maria da Concei\u00e7\u00e3o Rocha e Silva"},"content":{"rendered":"<div class=\"wp-block-uagb-container uagb-block-296b7f74 alignfull uagb-is-root-container\"><div class=\"uagb-container-inner-blocks-wrap\">\n<p class=\"has-black-color has-text-color has-link-color has-medium-font-size wp-elements-13d58a427b3c3064340fe6bd709f5f03\"><strong>Maria da Concei\u00e7\u00e3o Rocha e Silva<\/strong><\/p>\n<\/div><\/div>\n\n\n\n<div class=\"wp-block-uagb-container uagb-block-68a41642 alignfull uagb-is-root-container\"><div class=\"uagb-container-inner-blocks-wrap\">\n<figure class=\"wp-block-image size-full is-resized\"><img fetchpriority=\"high\" decoding=\"async\" width=\"249\" height=\"360\" src=\"https:\/\/nuevo-renacer.com\/wp-content\/uploads\/2026\/03\/2.jpg\" alt=\"\" class=\"wp-image-8815\" style=\"width:316px;height:auto\" srcset=\"https:\/\/nuevo-renacer.com\/wp-content\/uploads\/2026\/03\/2.jpg 249w, https:\/\/nuevo-renacer.com\/wp-content\/uploads\/2026\/03\/2-208x300.jpg 208w, https:\/\/nuevo-renacer.com\/wp-content\/uploads\/2026\/03\/2-8x12.jpg 8w\" sizes=\"(max-width: 249px) 100vw, 249px\" \/><\/figure>\n<\/div><\/div>\n\n\n\n<div class=\"wp-block-uagb-container uagb-block-d75d4fa0 alignfull uagb-is-root-container\"><div class=\"uagb-container-inner-blocks-wrap\">\n<p class=\"has-black-color has-text-color has-link-color has-small-font-size wp-elements-912802658f3be9ef74d05bc83df7ddee\">The new generations need to get to know Maria da Concei\u00e7\u00e3o Rocha e Silva, affectionately called \u201cNina\u201d. She adopted the pseudonym Nina Arueira, the latter being her father\u2019s surname. She was born in Campos dos Goytacazes on 7 January 1916 and passed away on 18 March 1935. A journalist, writer, trade union leader, and poet, her death at the age of 19 changed the life of her fianc\u00e9 Cl\u00f3vis Tavares forever.<\/p>\n\n\n\n<p class=\"has-black-color has-text-color has-link-color has-small-font-size wp-elements-58223512e91e3c5ccc64617d2cf1c1c4\">By the age of five, she is said to have already read a book by Victor Hugo. Nina would dictate small poems which her father recorded. Later, they were published in the newspaper Rindo under the pseudonym \u201cPrincess of Vera Cruz\u201d, daughter of Lino Arueira and his wife Maria Magdalena Rocha e Silva. From childhood, she showed herself to be precocious and gifted. Her grandmother called her \u201cPequenina\u201d, and her family simply \u201cNina\u201d, a pseudonym she would adopt in adolescence. On 15 July 1924, at the age of eight, she was chosen to receive, at a major municipal civic celebration, the first bishop of the city of Campos dos Goytacazes, D. Henrique C\u00e9sar Fernandes Mour\u00e3o. In 1928, when she was twelve, her father passed away, and Nina began helping her mother in the small family business. It was a very difficult period, a time of great maturation for the young girl, and the observations she made about society, labour relations, and prevailing hypocrisy would later be reflected in her texts and poems.<\/p>\n\n\n\n<p class=\"has-black-color has-text-color has-link-color has-small-font-size wp-elements-647266fb4c58e6d76b3889e824640add\"><strong>Nina as a young woman<\/strong><\/p>\n\n\n\n<p class=\"has-black-color has-text-color has-link-color has-small-font-size wp-elements-98ae48d78f223a923263325574f1e31f\">At the age of fifteen, Nina entered the Liceu de Humanidades in Campos. She gave lectures at the city theatre, where her reputation as a columnist and critic spread. She wrote the manifesto To the Youth of My Land. Because of her ideas, she faced criticism and persecution from other journalists and residents of the city. At the Liceu, she met Cl\u00f3vis Tavares and Ad\u00e3o Pereira. They founded a student newspaper. By the age of sixteen, she was already publishing articles defending the working class and prostitutes. At eighteen, she joined the Communist Party and founded the National Liberation Alliance in Campos, a leftist front composed of sectors from various anti-fascist and anti-integralist organisations. She left the Liceu due to dissatisfaction with the educational methodology.<\/p>\n\n\n\n<p class=\"has-black-color has-text-color has-link-color has-small-font-size wp-elements-d107f28d063b766f2438c9f9c5d116e0\">In the difficult years at the beginning of the 1930s in Brazil, and amidst family concerns, she joined the Communist Youth Union along with her two friends from the student newspaper. For the young woman, a period of struggle began: weary of written debates, she went to the gates of factories, where she organised rallies and founded unions. During this period, she also began attending the Theosophical Society, seeking the spirituality she found lacking in the labour movement, and she fell in love with Cl\u00f3vis Tavares, her constant companion.<\/p>\n\n\n\n<p class=\"has-black-color has-text-color has-link-color has-small-font-size wp-elements-9c2fb02efe062c54de85f34daa54154a\">By 1931, she was already publishing poems that demonstrated her intelligence and moral maturity. She wrote the following concept of God: \u201cGod is an endless ocean and we are each a Mediterranean in the inlets of the earth.\u201d Deeply spiritual, Nina was ahead of her time. She dreamed of a fraternal society and defended more liberal ideas for women, advocating equality of rights between men and women. On 1 May 1934, during a major rally at Pra\u00e7a do Sant\u00edssimo Salvador in Campos, the couple was invited to speak to the workers. During Cl\u00f3vis\u2019 speech, someone in the crowd set the national flag on fire, which the police present interpreted as an affront to the government. In the subsequent crackdown, Cl\u00f3vis was arrested, and Nina managed to escape. The history of Campos is full of remarkable women who left their mark on their time.<\/p>\n\n\n\n<p class=\"has-black-color has-text-color has-link-color has-small-font-size wp-elements-ea4d0aca0acef69555c8ee2101605c53\">Her friendship with Virg\u00edlio de Paula was fundamental, for when she contracted typhus, it was the beloved \u201cGrandpa Virg\u00edlio\u201d, as she called him, who cared for her until her death, which occurred before she could marry Cl\u00f3vis Tavares and before her twentieth birthday.<\/p>\n\n\n\n<p class=\"has-black-color has-text-color has-link-color has-small-font-size wp-elements-13d555894f2ffa76e611c7240cf9a09e\">Deeply affected by the death of his fianc\u00e9e, Cl\u00f3vis Tavares received news that Nina\u2019s spirit had communicated in a spiritist society. This event gave a new meaning to his life, and from then on he became an adherent of Spiritism. Shortly afterwards, in October 1935, he founded the Jesus Christ School for children, inspired by a school on the spiritual plane founded by the spirit of Nina Arueira. Nina was the great inspiration of his life and, in the spiritual homeland, continues her educational work supporting children and young people.<\/p>\n\n\n\n<p class=\"has-black-color has-text-color has-link-color has-small-font-size wp-elements-2a3b98213ff9ecfb63d329da45bb2c82\">Spiritist houses, charitable groups, spiritist youth organisations, and schools were created in the name of Nina Arueira, such as the CIEP Nina Arueira located in the Penha neighbourhood of Campos dos Goytacazes. Let us give thanks to God, for through the teachings of Spiritism and life examples such as Nina and Cl\u00f3vis, we prepare ourselves day by day for the experience of immortality and divine justice.<\/p>\n\n\n\n<p class=\"has-black-color has-text-color has-link-color has-small-font-size wp-elements-b426846bc8de7f5903eab005dd2308af\">What did Nina do to become immortalised? After her death on 18 March 1935, a historical process began in which two currents\u2014the Spiritists and the Communists\u2014contested her memory and attributed to her mystical characteristics of heroine and martyr. According to Juliana Carneiro, author of the book The Awakening of Nina Arueira: From the Struggle over Memory to the Construction of a Myth, for the Communists, she died as a combative activist, a reference for mobilising new activists. For the Spiritists, however, Nina did not die: she merely disincarnated. She ceased to struggle on the earthly plane and evolved to contribute to humanity from the spiritual realm. The following year, Cl\u00f3vis met Chico Xavier, and this friendship was very important for his life as a teacher and writer. Among the mediums who psychographed messages from Nina\u2019s spirit, Francisco C\u00e2ndido Xavier stands out.<\/p>\n\n\n\n<p class=\"has-black-color has-text-color has-link-color has-small-font-size wp-elements-680af58f3aa58f607846f404fcacfd04\">\u201cThe woman who recognises her quality as a human being; rational, sensitive, vibrant, with equal rights to life and liberty. She is the woman who considers herself capable of facing all struggles\u2026\u201d (psychographed message, Nina Arueira, 29\/04\/1942)<\/p>\n\n\n\n<p class=\"has-black-color has-text-color has-link-color has-small-font-size wp-elements-f3a9838db461eb2c9c6dd51fc09e12c9\">Below is an excerpt from one of the most beautiful poems by the young Nina Arueira:<\/p>\n\n\n\n<p class=\"has-black-color has-text-color has-link-color has-small-font-size wp-elements-3e7fc1a2f2bd419bd7091b2dab0d4791\">\u201cMy spirit vibrated in the silence of matter\u2026<\/p>\n\n\n\n<p class=\"has-black-color has-text-color has-link-color has-small-font-size wp-elements-a485f95648aa42816d4debaba65b43b2\">My soul exalted in the vibration of light\u2026<\/p>\n\n\n\n<p class=\"has-black-color has-text-color has-link-color has-small-font-size wp-elements-831de28d138a3fc3e3716ec5e73827e0\">I lived upon the earth in the sidereal aspiration<\/p>\n\n\n\n<p class=\"has-black-color has-text-color has-link-color has-small-font-size wp-elements-bd5a8104bd21031158245e7d4456b5dc\">to touch with my soul the lyre of Jesus\u2026<\/p>\n\n\n\n<p class=\"has-black-color has-text-color has-link-color has-small-font-size wp-elements-6277207c9cd8b6c22e7378711a6ef370\">Of life, I saw nothing but deceptive appearances,<\/p>\n\n\n\n<p class=\"has-black-color has-text-color has-link-color has-small-font-size wp-elements-d3483bdfb8c35cb0350d9ef26ed5579e\">fictitious riches that did not tempt me,<\/p>\n\n\n\n<p class=\"has-black-color has-text-color has-link-color has-small-font-size wp-elements-8aa3c855117b10efc0be8330bbd2e6b9\">for my heart was made of the essence<\/p>\n\n\n\n<p class=\"has-black-color has-text-color has-link-color has-small-font-size wp-elements-bd89468687912eae9d90cf722e6c8fb8\">that rises from heaven and ascended back to heaven.<\/p>\n\n\n\n<p class=\"has-black-color has-text-color has-link-color has-small-font-size wp-elements-f2adde1db0722c8c611affc5541c6630\">The world came to me full of flatteries\u2026<\/p>\n\n\n\n<p class=\"has-black-color has-text-color has-link-color has-small-font-size wp-elements-a3fa546ace0b294dbee7420b7b8cbcef\">And I rejected the world and its proud court\u2026<\/p>\n\n\n\n<p class=\"has-black-color has-text-color has-link-color has-small-font-size wp-elements-9a7bdae3040984e7d51852e48c9ea759\">I knew not the sad ambitions of life,<\/p>\n\n\n\n<p class=\"has-black-color has-text-color has-link-color has-small-font-size wp-elements-2a97d0dd6339bbf5a14ead2354fedd94\">but the happy ambition from up above\u2026\u201d<\/p>\n<\/div><\/div>\n\n\n\n<div class=\"wp-block-uagb-container uagb-block-820ff0cf alignfull uagb-is-root-container\"><div class=\"uagb-container-inner-blocks-wrap\"><\/div><\/div>\n\n\n\n<div class=\"wp-block-uagb-container uagb-block-d9cd1234 alignfull uagb-is-root-container\"><div class=\"uagb-container-inner-blocks-wrap\"><\/div><\/div>","protected":false},"excerpt":{"rendered":"<p>Maria da Concei\u00e7\u00e3o Rocha e Silva Las nuevas generaciones necesitan conocer a Maria da Concei\u00e7\u00e3o Rocha e Silva, cari\u00f1osamente llamada \u201cNina\u201d. Adopt\u00f3 el seud\u00f3nimo Nina Arueira, siendo este \u00faltimo el apellido de su padre. Naci\u00f3 en Campos dos Goytacazes el 7 de enero de 1916 y falleci\u00f3 el 18 de marzo de 1935. Periodista, escritora, [&hellip;]<\/p>","protected":false},"author":1,"featured_media":0,"parent":0,"menu_order":0,"comment_status":"closed","ping_status":"closed","template":"","meta":{"_uag_custom_page_level_css":"","site-sidebar-layout":"default","site-content-layout":"","ast-site-content-layout":"default","site-content-style":"default","site-sidebar-style":"default","ast-global-header-display":"","ast-banner-title-visibility":"","ast-main-header-display":"","ast-hfb-above-header-display":"","ast-hfb-below-header-display":"","ast-hfb-mobile-header-display":"","site-post-title":"disabled","ast-breadcrumbs-content":"","ast-featured-img":"","footer-sml-layout":"","theme-transparent-header-meta":"","adv-header-id-meta":"","stick-header-meta":"","header-above-stick-meta":"","header-main-stick-meta":"","header-below-stick-meta":"","astra-migrate-meta-layouts":"set","ast-page-background-enabled":"default","ast-page-background-meta":{"desktop":{"background-color":"var(--ast-global-color-4)","background-image":"","background-repeat":"repeat","background-position":"center center","background-size":"auto","background-attachment":"scroll","background-type":"","background-media":"","overlay-type":"","overlay-color":"","overlay-opacity":"","overlay-gradient":""},"tablet":{"background-color":"","background-image":"","background-repeat":"repeat","background-position":"center center","background-size":"auto","background-attachment":"scroll","background-type":"","background-media":"","overlay-type":"","overlay-color":"","overlay-opacity":"","overlay-gradient":""},"mobile":{"background-color":"","background-image":"","background-repeat":"repeat","background-position":"center center","background-size":"auto","background-attachment":"scroll","background-type":"","background-media":"","overlay-type":"","overlay-color":"","overlay-opacity":"","overlay-gradient":""}},"ast-content-background-meta":{"desktop":{"background-color":"var(--ast-global-color-5)","background-image":"","background-repeat":"repeat","background-position":"center center","background-size":"auto","background-attachment":"scroll","background-type":"","background-media":"","overlay-type":"","overlay-color":"","overlay-opacity":"","overlay-gradient":""},"tablet":{"background-color":"var(--ast-global-color-5)","background-image":"","background-repeat":"repeat","background-position":"center center","background-size":"auto","background-attachment":"scroll","background-type":"","background-media":"","overlay-type":"","overlay-color":"","overlay-opacity":"","overlay-gradient":""},"mobile":{"background-color":"var(--ast-global-color-5)","background-image":"","background-repeat":"repeat","background-position":"center center","background-size":"auto","background-attachment":"scroll","background-type":"","background-media":"","overlay-type":"","overlay-color":"","overlay-opacity":"","overlay-gradient":""}},"footnotes":""},"class_list":["post-8814","page","type-page","status-publish","hentry"],"yoast_head":"<!-- This site is optimized with the Yoast SEO Premium plugin v24.2 (Yoast SEO v24.6) - https:\/\/yoast.com\/wordpress\/plugins\/seo\/ -->\n<title>Maria da Concei\u00e7\u00e3o Rocha e Silva - Uni\u00f3n Esp\u00edrita<\/title>\n<meta name=\"robots\" content=\"index, follow, max-snippet:-1, max-image-preview:large, max-video-preview:-1\" \/>\n<link rel=\"canonical\" href=\"https:\/\/nuevo-renacer.com\/en\/maria-da-conceicao-rocha-e-silva\/\" \/>\n<meta property=\"og:locale\" content=\"en_GB\" \/>\n<meta property=\"og:type\" content=\"article\" \/>\n<meta property=\"og:title\" content=\"Maria da Concei\u00e7\u00e3o Rocha e Silva\" \/>\n<meta property=\"og:description\" content=\"Maria da Concei\u00e7\u00e3o Rocha e Silva Las nuevas generaciones necesitan conocer a Maria da Concei\u00e7\u00e3o Rocha e Silva, cari\u00f1osamente llamada \u201cNina\u201d. Adopt\u00f3 el seud\u00f3nimo Nina Arueira, siendo este \u00faltimo el apellido de su padre. Naci\u00f3 en Campos dos Goytacazes el 7 de enero de 1916 y falleci\u00f3 el 18 de marzo de 1935. Periodista, escritora, [&hellip;]\" \/>\n<meta property=\"og:url\" content=\"https:\/\/nuevo-renacer.com\/en\/maria-da-conceicao-rocha-e-silva\/\" \/>\n<meta property=\"og:site_name\" content=\"Uni\u00f3n Esp\u00edrita\" \/>\n<meta property=\"article:publisher\" content=\"https:\/\/www.facebook.com\/groups\/3431398063740829\" \/>\n<meta property=\"article:modified_time\" content=\"2026-03-23T13:51:11+00:00\" \/>\n<meta property=\"og:image\" content=\"https:\/\/nuevo-renacer.com\/wp-content\/uploads\/2026\/03\/2.jpg\" \/>\n\t<meta property=\"og:image:width\" content=\"249\" \/>\n\t<meta property=\"og:image:height\" content=\"360\" \/>\n\t<meta property=\"og:image:type\" content=\"image\/jpeg\" \/>\n<meta name=\"twitter:card\" content=\"summary_large_image\" \/>\n<meta name=\"twitter:label1\" content=\"Estimated reading time\" \/>\n\t<meta name=\"twitter:data1\" content=\"7 minutes\" \/>\n<script type=\"application\/ld+json\" class=\"yoast-schema-graph\">{\"@context\":\"https:\/\/schema.org\",\"@graph\":[{\"@type\":\"WebPage\",\"@id\":\"https:\/\/nuevo-renacer.com\/maria-da-conceicao-rocha-e-silva\/\",\"url\":\"https:\/\/nuevo-renacer.com\/maria-da-conceicao-rocha-e-silva\/\",\"name\":\"Maria da Concei\u00e7\u00e3o Rocha e Silva - Uni\u00f3n Esp\u00edrita\",\"isPartOf\":{\"@id\":\"https:\/\/nuevo-renacer.com\/#website\"},\"primaryImageOfPage\":{\"@id\":\"https:\/\/nuevo-renacer.com\/maria-da-conceicao-rocha-e-silva\/#primaryimage\"},\"image\":{\"@id\":\"https:\/\/nuevo-renacer.com\/maria-da-conceicao-rocha-e-silva\/#primaryimage\"},\"thumbnailUrl\":\"https:\/\/nuevo-renacer.com\/wp-content\/uploads\/2026\/03\/2.jpg\",\"datePublished\":\"2026-03-23T13:39:44+00:00\",\"dateModified\":\"2026-03-23T13:51:11+00:00\",\"breadcrumb\":{\"@id\":\"https:\/\/nuevo-renacer.com\/maria-da-conceicao-rocha-e-silva\/#breadcrumb\"},\"inLanguage\":\"en-GB\",\"potentialAction\":[{\"@type\":\"ReadAction\",\"target\":[\"https:\/\/nuevo-renacer.com\/maria-da-conceicao-rocha-e-silva\/\"]}]},{\"@type\":\"ImageObject\",\"inLanguage\":\"en-GB\",\"@id\":\"https:\/\/nuevo-renacer.com\/maria-da-conceicao-rocha-e-silva\/#primaryimage\",\"url\":\"https:\/\/nuevo-renacer.com\/wp-content\/uploads\/2026\/03\/2.jpg\",\"contentUrl\":\"https:\/\/nuevo-renacer.com\/wp-content\/uploads\/2026\/03\/2.jpg\"},{\"@type\":\"BreadcrumbList\",\"@id\":\"https:\/\/nuevo-renacer.com\/maria-da-conceicao-rocha-e-silva\/#breadcrumb\",\"itemListElement\":[{\"@type\":\"ListItem\",\"position\":1,\"name\":\"Startseite\",\"item\":\"https:\/\/nuevo-renacer.com\/\"},{\"@type\":\"ListItem\",\"position\":2,\"name\":\"Maria da Concei\u00e7\u00e3o Rocha e Silva\"}]},{\"@type\":\"WebSite\",\"@id\":\"https:\/\/nuevo-renacer.com\/#website\",\"url\":\"https:\/\/nuevo-renacer.com\/\",\"name\":\"Uni\u00f3n Esp\u00edrita\",\"description\":\"Nuevo Renacer\",\"publisher\":{\"@id\":\"https:\/\/nuevo-renacer.com\/#organization\"},\"potentialAction\":[{\"@type\":\"SearchAction\",\"target\":{\"@type\":\"EntryPoint\",\"urlTemplate\":\"https:\/\/nuevo-renacer.com\/?s={search_term_string}\"},\"query-input\":{\"@type\":\"PropertyValueSpecification\",\"valueRequired\":true,\"valueName\":\"search_term_string\"}}],\"inLanguage\":\"en-GB\"},{\"@type\":\"Organization\",\"@id\":\"https:\/\/nuevo-renacer.com\/#organization\",\"name\":\"UFEC\",\"url\":\"https:\/\/nuevo-renacer.com\/\",\"logo\":{\"@type\":\"ImageObject\",\"inLanguage\":\"en-GB\",\"@id\":\"https:\/\/nuevo-renacer.com\/#\/schema\/logo\/image\/\",\"url\":\"https:\/\/nuevo-renacer.com\/wp-content\/uploads\/2024\/05\/cropped-LOGO-TERMINADO1-3-3.png\",\"contentUrl\":\"https:\/\/nuevo-renacer.com\/wp-content\/uploads\/2024\/05\/cropped-LOGO-TERMINADO1-3-3.png\",\"width\":512,\"height\":512,\"caption\":\"UFEC\"},\"image\":{\"@id\":\"https:\/\/nuevo-renacer.com\/#\/schema\/logo\/image\/\"},\"sameAs\":[\"https:\/\/www.facebook.com\/groups\/3431398063740829\"]}]}<\/script>\n<!-- \/ Yoast SEO Premium plugin. -->","yoast_head_json":{"title":"Maria da Concei\u00e7\u00e3o Rocha e Silva - Uni\u00f3n Esp\u00edrita","robots":{"index":"index","follow":"follow","max-snippet":"max-snippet:-1","max-image-preview":"max-image-preview:large","max-video-preview":"max-video-preview:-1"},"canonical":"https:\/\/nuevo-renacer.com\/en\/maria-da-conceicao-rocha-e-silva\/","og_locale":"en_GB","og_type":"article","og_title":"Maria da Concei\u00e7\u00e3o Rocha e Silva","og_description":"Maria da Concei\u00e7\u00e3o Rocha e Silva Las nuevas generaciones necesitan conocer a Maria da Concei\u00e7\u00e3o Rocha e Silva, cari\u00f1osamente llamada \u201cNina\u201d. Adopt\u00f3 el seud\u00f3nimo Nina Arueira, siendo este \u00faltimo el apellido de su padre. Naci\u00f3 en Campos dos Goytacazes el 7 de enero de 1916 y falleci\u00f3 el 18 de marzo de 1935. Periodista, escritora, [&hellip;]","og_url":"https:\/\/nuevo-renacer.com\/en\/maria-da-conceicao-rocha-e-silva\/","og_site_name":"Uni\u00f3n Esp\u00edrita","article_publisher":"https:\/\/www.facebook.com\/groups\/3431398063740829","article_modified_time":"2026-03-23T13:51:11+00:00","og_image":[{"width":249,"height":360,"url":"https:\/\/nuevo-renacer.com\/wp-content\/uploads\/2026\/03\/2.jpg","type":"image\/jpeg"}],"twitter_card":"summary_large_image","twitter_misc":{"Estimated reading time":"7 minutes"},"schema":{"@context":"https:\/\/schema.org","@graph":[{"@type":"WebPage","@id":"https:\/\/nuevo-renacer.com\/maria-da-conceicao-rocha-e-silva\/","url":"https:\/\/nuevo-renacer.com\/maria-da-conceicao-rocha-e-silva\/","name":"Maria da Concei\u00e7\u00e3o Rocha e Silva - Uni\u00f3n Esp\u00edrita","isPartOf":{"@id":"https:\/\/nuevo-renacer.com\/#website"},"primaryImageOfPage":{"@id":"https:\/\/nuevo-renacer.com\/maria-da-conceicao-rocha-e-silva\/#primaryimage"},"image":{"@id":"https:\/\/nuevo-renacer.com\/maria-da-conceicao-rocha-e-silva\/#primaryimage"},"thumbnailUrl":"https:\/\/nuevo-renacer.com\/wp-content\/uploads\/2026\/03\/2.jpg","datePublished":"2026-03-23T13:39:44+00:00","dateModified":"2026-03-23T13:51:11+00:00","breadcrumb":{"@id":"https:\/\/nuevo-renacer.com\/maria-da-conceicao-rocha-e-silva\/#breadcrumb"},"inLanguage":"en-GB","potentialAction":[{"@type":"ReadAction","target":["https:\/\/nuevo-renacer.com\/maria-da-conceicao-rocha-e-silva\/"]}]},{"@type":"ImageObject","inLanguage":"en-GB","@id":"https:\/\/nuevo-renacer.com\/maria-da-conceicao-rocha-e-silva\/#primaryimage","url":"https:\/\/nuevo-renacer.com\/wp-content\/uploads\/2026\/03\/2.jpg","contentUrl":"https:\/\/nuevo-renacer.com\/wp-content\/uploads\/2026\/03\/2.jpg"},{"@type":"BreadcrumbList","@id":"https:\/\/nuevo-renacer.com\/maria-da-conceicao-rocha-e-silva\/#breadcrumb","itemListElement":[{"@type":"ListItem","position":1,"name":"Startseite","item":"https:\/\/nuevo-renacer.com\/"},{"@type":"ListItem","position":2,"name":"Maria da Concei\u00e7\u00e3o Rocha e Silva"}]},{"@type":"WebSite","@id":"https:\/\/nuevo-renacer.com\/#website","url":"https:\/\/nuevo-renacer.com\/","name":"Uni\u00f3n Esp\u00edrita","description":"Nuevo Renacer","publisher":{"@id":"https:\/\/nuevo-renacer.com\/#organization"},"potentialAction":[{"@type":"SearchAction","target":{"@type":"EntryPoint","urlTemplate":"https:\/\/nuevo-renacer.com\/?s={search_term_string}"},"query-input":{"@type":"PropertyValueSpecification","valueRequired":true,"valueName":"search_term_string"}}],"inLanguage":"en-GB"},{"@type":"Organization","@id":"https:\/\/nuevo-renacer.com\/#organization","name":"UFEC","url":"https:\/\/nuevo-renacer.com\/","logo":{"@type":"ImageObject","inLanguage":"en-GB","@id":"https:\/\/nuevo-renacer.com\/#\/schema\/logo\/image\/","url":"https:\/\/nuevo-renacer.com\/wp-content\/uploads\/2024\/05\/cropped-LOGO-TERMINADO1-3-3.png","contentUrl":"https:\/\/nuevo-renacer.com\/wp-content\/uploads\/2024\/05\/cropped-LOGO-TERMINADO1-3-3.png","width":512,"height":512,"caption":"UFEC"},"image":{"@id":"https:\/\/nuevo-renacer.com\/#\/schema\/logo\/image\/"},"sameAs":["https:\/\/www.facebook.com\/groups\/3431398063740829"]}]}},"uagb_featured_image_src":{"full":false,"thumbnail":false,"medium":false,"medium_large":false,"large":false,"1536x1536":false,"2048x2048":false,"trp-custom-language-flag":false},"uagb_author_info":{"display_name":"adbv0","author_link":"https:\/\/nuevo-renacer.com\/en\/author\/adbv0\/"},"uagb_comment_info":0,"uagb_excerpt":"Maria da Concei\u00e7\u00e3o Rocha e Silva Las nuevas generaciones necesitan conocer a Maria da Concei\u00e7\u00e3o Rocha e Silva, cari\u00f1osamente llamada \u201cNina\u201d. Adopt\u00f3 el seud\u00f3nimo Nina Arueira, siendo este \u00faltimo el apellido de su padre. Naci\u00f3 en Campos dos Goytacazes el 7 de enero de 1916 y falleci\u00f3 el 18 de marzo de 1935. Periodista, escritora,&hellip;","jetpack_sharing_enabled":true,"_links":{"self":[{"href":"https:\/\/nuevo-renacer.com\/en\/wp-json\/wp\/v2\/pages\/8814","targetHints":{"allow":["GET"]}}],"collection":[{"href":"https:\/\/nuevo-renacer.com\/en\/wp-json\/wp\/v2\/pages"}],"about":[{"href":"https:\/\/nuevo-renacer.com\/en\/wp-json\/wp\/v2\/types\/page"}],"author":[{"embeddable":true,"href":"https:\/\/nuevo-renacer.com\/en\/wp-json\/wp\/v2\/users\/1"}],"replies":[{"embeddable":true,"href":"https:\/\/nuevo-renacer.com\/en\/wp-json\/wp\/v2\/comments?post=8814"}],"version-history":[{"count":3,"href":"https:\/\/nuevo-renacer.com\/en\/wp-json\/wp\/v2\/pages\/8814\/revisions"}],"predecessor-version":[{"id":8820,"href":"https:\/\/nuevo-renacer.com\/en\/wp-json\/wp\/v2\/pages\/8814\/revisions\/8820"}],"wp:attachment":[{"href":"https:\/\/nuevo-renacer.com\/en\/wp-json\/wp\/v2\/media?parent=8814"}],"curies":[{"name":"wp","href":"https:\/\/api.w.org\/{rel}","templated":true}]}}