{"id":8797,"date":"2026-03-02T08:00:29","date_gmt":"2026-03-02T08:00:29","guid":{"rendered":"https:\/\/nuevo-renacer.com\/?page_id=8797"},"modified":"2026-03-02T08:00:32","modified_gmt":"2026-03-02T08:00:32","slug":"ivan-dutra","status":"publish","type":"page","link":"https:\/\/nuevo-renacer.com\/en\/ivan-dutra\/","title":{"rendered":"Ivan Dutra"},"content":{"rendered":"<div class=\"wp-block-uagb-container uagb-block-18bdc885 alignfull uagb-is-root-container\"><div class=\"uagb-container-inner-blocks-wrap\">\n<p class=\"has-black-color has-text-color has-link-color has-medium-font-size wp-elements-c9dd15d8ea4b7a6f2f2b393442938aa2\"><strong>Ivan Dutra<\/strong><\/p>\n<\/div><\/div>\n\n\n\n<div class=\"wp-block-uagb-container uagb-block-1f14181b alignfull uagb-is-root-container\"><div class=\"uagb-container-inner-blocks-wrap\">\n<figure class=\"wp-block-image size-full is-resized\"><img fetchpriority=\"high\" decoding=\"async\" width=\"594\" height=\"767\" src=\"https:\/\/nuevo-renacer.com\/wp-content\/uploads\/2026\/03\/Ivan-Dutra.jpg\" alt=\"\" class=\"wp-image-8798\" style=\"aspect-ratio:0.7744627581890257;width:293px;height:auto\" srcset=\"https:\/\/nuevo-renacer.com\/wp-content\/uploads\/2026\/03\/Ivan-Dutra.jpg 594w, https:\/\/nuevo-renacer.com\/wp-content\/uploads\/2026\/03\/Ivan-Dutra-232x300.jpg 232w, https:\/\/nuevo-renacer.com\/wp-content\/uploads\/2026\/03\/Ivan-Dutra-9x12.jpg 9w\" sizes=\"(max-width: 594px) 100vw, 594px\" \/><\/figure>\n<\/div><\/div>\n\n\n\n<div class=\"wp-block-uagb-container uagb-block-a8c039fb alignfull uagb-is-root-container\"><div class=\"uagb-container-inner-blocks-wrap\">\n<p class=\"has-black-color has-text-color has-link-color has-small-font-size wp-elements-334edd4d7bd360e3226e1a2bedc1cd48\">In the small town of Ub\u00e1 (MG), Ivan Dutra was born on 10 November 1934 into a humble family, as one of the eight children of Lindolfo and Odete Dutra. The family was devoted to Spiritism, so Ivan received the necessary spiritual guidance from an early age, as his parents placed great importance on the spiritual education of their children. From his earliest days at primary school, the boy demonstrated a remarkable ability to learn and retain knowledge, dates and numbers, standing out among the most diligent pupils. He memorised facts and dates with precision.<\/p>\n\n\n\n<p class=\"has-black-color has-text-color has-link-color has-small-font-size wp-elements-0390303adf8554e01612b4d14c5082d6\">Even at the age of 12, he was giving mathematics lessons to his classmates, and with the money he earned he could buy some of the things he needed. A studious boy already known to his teachers, he realised that he would not be able to continue his studies, and so, on the advice of friends of his parents, he applied to the best school in Juiz de Fora \u2013 Granbery, a private school, to take an entrance test and gain a scholarship. Ivan Dutra passed the test and began his studies at that institution, always needing to maintain top academic performance. At eighteen, he was transferred for work from S\u00e3o Paulo to Bauru, where he began to participate actively in the youth Spiritist movement in that state. He attended the Spiritist youth group, collaborating in campaigns, children\u2019s evangelisation work, and volunteering at the Night Shelter.<\/p>\n\n\n\n<p class=\"has-black-color has-text-color has-link-color has-small-font-size wp-elements-d102bfebf58f27583c2ab52149221459\">In the 1960s, his work within Spiritist Doctrine involved the youth department of the USE in S\u00e3o Paulo. According to his friend Milton Felipele, he acted as a moderating influence in meetings, contributing with a sense of reconciliation, without irritation or self-interest, always speaking kindly, with gentle gestures, a contagious smile, and, above all, with great calm. As Felipele said: \u201cHe had the qualities of a leader, possessed vast knowledge, and demonstrated this ability as a teacher; it was natural to him. He reincarnated to teach, or rather, to help those who wished to learn, and he knew how to pass on knowledge.\u201d He graduated in Law in 1960 and, to practise his profession, moved to Santo Anast\u00e1cio in the State of S\u00e3o Paulo. Already married, he began his legal work without abandoning participation in the Spiritist movement, working in the town\u2019s two Spiritist centres and making many friends. In one centre, he devoted himself to the evangelisation of 12- and 13-year-olds, while in the other, he worked with young people, founding with colleagues a nursery that catered for 70 children, thereby helping needy mothers.<\/p>\n\n\n\n<p class=\"has-black-color has-text-color has-link-color has-small-font-size wp-elements-382236d3d40e7586e00f8846d5b1188f\">He worked diligently in a Boys\u2019 Home, which was not a Spiritist institution but a charitable enterprise, and the young lawyer devoted himself wholeheartedly to the work of helping others. He lived ten years in Santo Anast\u00e1cio, earning him the title of Cidad\u00e3o Anastaciano in recognition of his community service. For professional reasons, he moved to Tup\u00e3, where he continued his work as a lawyer and also began teaching at the Faculty of Law, Economics and Administration. The town, which already had an established Spiritist presence thanks to the dedication of many Spiritist colleagues, welcomed him, and once again Ivan joined Spiritist workers in study, social assistance, and youth evangelisation activities.<\/p>\n\n\n\n<p class=\"has-black-color has-text-color has-link-color has-small-font-size wp-elements-ef6a7ba5e7be357aef2dba071df7bb4b\">At that time, he taught at the Faculty of Law in Presidente Prudente, with classes now also taking place in Tup\u00e3, Mar\u00edlia and Luc\u00e9lia. Extremely dedicated and efficient, he also graduated in Economics, Pedagogy and Administration, completing a master\u2019s and doctorate in the latter at the University of S\u00e3o Paulo, thereby fulfilling the trust placed in him, which was returned through the recognition, thanks, and honours he received over the years for his expertise and dedication. From Tup\u00e3, he moved to Rol\u00e2ndia, where he worked in the Spiritist movement as a collaborator of the Emmanuel Spiritist Centre and the Andr\u00e9 Luiz Spiritist Home, helping the boys there and establishing the habit of conducting the Gospel Service in Spiritist households.<\/p>\n\n\n\n<p class=\"has-black-color has-text-color has-link-color has-small-font-size wp-elements-a5992b7ceb9063026497cafb9f9e6816\">Shortly thereafter, due to work commitments, he moved to Apucarana, where he resumed his role as youth Spiritist guide, collaborated in study sessions and meetings at the Spiritist house, and participated in care for disadvantaged minors assisted by the institution known as Recanto da Crian\u00e7a Allan Kardec. There, young shoeshiners, paper collectors, and others received meals, health guidance, and moral instruction. Still in Rol\u00e2ndia, he was one of the founders of AREC \u2013 Associa\u00e7\u00e3o Rolandense de Ensino e Cultura, established in 1974, which later became the governing body of the Faculty of Accounting and Administrative Sciences of Rol\u00e2ndia, FACCAR, with Ivan serving as president that year.<\/p>\n\n\n\n<p class=\"has-black-color has-text-color has-link-color has-small-font-size wp-elements-4e3efdd8223a6a02a8927fa38789bbcb\">For health reasons, he moved to Londrina seeking better medical resources and continued his work as a lecturer at UEL while serving as a \u201cworker\u201d at the Spiritist house, also becoming a volunteer at the Irm\u00e3 Scheilla Dispensary, part of SEPS, which he eventually presided over. In Londrina, together with other partners, he founded INBRAPE \u2013 the Brazilian Institute for Socioeconomic Studies and Research \u2013 in 1986, an institution dedicated to the generation and dissemination of knowledge, and he always remained active in the local Spiritist movement as a speaker, participant in mediumship groups, and in study circles. He was a council member and vice-president of the Nosso Lar Spiritist Centre, among many other roles.<\/p>\n\n\n\n<p class=\"has-black-color has-text-color has-link-color has-small-font-size wp-elements-b712528e35084d9be383961703edbe29\">With other colleagues, he separated the Irm\u00e3 Scheilla Dispensary from SEPS, establishing it as an independent entity called N\u00facleo Esp\u00edrita Irm\u00e3 Scheilla. For nearly three decades, this organisation has undertaken significant social work, running programmes for youth from marginalised communities, vocational training, and family support. He charmed everyone with his smile and calm demeanour, always ready to listen and make the most of ideas that were not always perfect but could be subtly improved. Humble and kind, he became a friend and companion to all, treating everyone\u2014from the needy to prominent businesspeople\u2014with serenity, patience, and friendly words.<\/p>\n\n\n\n<p class=\"has-black-color has-text-color has-link-color has-small-font-size wp-elements-60f3a341045c4e12a64f895c3504c3e9\">Ivan was, above all, a teacher, a title he accepted with joy and humility; yet his teaching was not confined to the classroom, as he also taught through daily interactions with family, friends, and fellow Spiritist practitioners. Within his family, he showed deep love for his wife, his three sons, and his daughter, doing everything to make them happy and an integral part of his life, work, and studies. His family grew, and he also met his 13 grandchildren and two great-granddaughters. His dedication as a teacher was total, making his projects the reason for work done with love and selflessness. He never lacked friendly advice or a sincere smile, opening doors to trust and better relations with the young pupils of the N\u00facleo. In this way, many young people were integrated into society through the dignified work promoted by the N\u00facleo.<\/p>\n\n\n\n<p class=\"has-black-color has-text-color has-link-color has-small-font-size wp-elements-9ba9c73d6cdf52380dfec3ecf77f033a\">Throughout his productive life, he wrote professional books such as Contemporary Economics and Elements of Economics, adopted in universities. He wrote three books aimed at youth education: in February 2000, Seeds for a Better World, real accounts of work with families in marginalised communities and the results achieved, demonstrating the value of sowing Christian principles; in 2002, Tales of Youth, a book addressing young people, their concerns and problems; and finally, in 2003, New Tales of Youth, stories created by volunteers of the N\u00facleo Esp\u00edrita Irm\u00e3 Scheilla in Londrina, highly useful for both young people and parents wishing to give their children secure guidance grounded in the teachings of Jesus.<\/p>\n\n\n\n<p class=\"has-black-color has-text-color has-link-color has-small-font-size wp-elements-658c48286c9c8bde24315cc42be2d718\">His books, lectures, and, above all, his actions were aimed at teaching and encouraging the practice of good. As an educator in the broadest sense, he always devoted himself to young people, particularly those in the outskirts of Londrina. His influence left a mark on the city\u2019s social welfare history, combining his benevolent presence with competence, felt across all corners of the city, in volunteer groups working in the S\u00e3o Jorge, Jo\u00e3o Turquino, Maracan\u00e3, Pacaembu, Campos and Leonor districts. He passed away on 4 January 2004, moving to another dimension, that is, to spiritual life, leaving us great examples, wonderful life lessons, and profound nostalgia.<\/p>\n<\/div><\/div>\n\n\n\n<div class=\"wp-block-uagb-container uagb-block-4b0651d6 alignfull uagb-is-root-container\"><div class=\"uagb-container-inner-blocks-wrap\"><\/div><\/div>\n\n\n\n<div class=\"wp-block-uagb-container uagb-block-e0b82e11 alignfull uagb-is-root-container\"><div class=\"uagb-container-inner-blocks-wrap\"><\/div><\/div>","protected":false},"excerpt":{"rendered":"<p>Ivan Dutra En la peque\u00f1a ciudad de Ub\u00e1 (MG), Ivan Dutra naci\u00f3 el 10 de noviembre de 1934 en una familia humilde, como uno de los ocho hijos de Lindolfo y Odete Dutra. La familia estaba vinculada al espiritismo, por lo que Ivan recibi\u00f3 desde temprana edad la orientaci\u00f3n espiritual necesaria, ya que sus padres [&hellip;]<\/p>","protected":false},"author":1,"featured_media":0,"parent":0,"menu_order":0,"comment_status":"closed","ping_status":"closed","template":"","meta":{"_uag_custom_page_level_css":"","site-sidebar-layout":"default","site-content-layout":"","ast-site-content-layout":"default","site-content-style":"default","site-sidebar-style":"default","ast-global-header-display":"","ast-banner-title-visibility":"","ast-main-header-display":"","ast-hfb-above-header-display":"","ast-hfb-below-header-display":"","ast-hfb-mobile-header-display":"","site-post-title":"disabled","ast-breadcrumbs-content":"","ast-featured-img":"","footer-sml-layout":"","theme-transparent-header-meta":"","adv-header-id-meta":"","stick-header-meta":"","header-above-stick-meta":"","header-main-stick-meta":"","header-below-stick-meta":"","astra-migrate-meta-layouts":"set","ast-page-background-enabled":"default","ast-page-background-meta":{"desktop":{"background-color":"var(--ast-global-color-4)","background-image":"","background-repeat":"repeat","background-position":"center center","background-size":"auto","background-attachment":"scroll","background-type":"","background-media":"","overlay-type":"","overlay-color":"","overlay-opacity":"","overlay-gradient":""},"tablet":{"background-color":"","background-image":"","background-repeat":"repeat","background-position":"center center","background-size":"auto","background-attachment":"scroll","background-type":"","background-media":"","overlay-type":"","overlay-color":"","overlay-opacity":"","overlay-gradient":""},"mobile":{"background-color":"","background-image":"","background-repeat":"repeat","background-position":"center center","background-size":"auto","background-attachment":"scroll","background-type":"","background-media":"","overlay-type":"","overlay-color":"","overlay-opacity":"","overlay-gradient":""}},"ast-content-background-meta":{"desktop":{"background-color":"var(--ast-global-color-5)","background-image":"","background-repeat":"repeat","background-position":"center center","background-size":"auto","background-attachment":"scroll","background-type":"","background-media":"","overlay-type":"","overlay-color":"","overlay-opacity":"","overlay-gradient":""},"tablet":{"background-color":"var(--ast-global-color-5)","background-image":"","background-repeat":"repeat","background-position":"center center","background-size":"auto","background-attachment":"scroll","background-type":"","background-media":"","overlay-type":"","overlay-color":"","overlay-opacity":"","overlay-gradient":""},"mobile":{"background-color":"var(--ast-global-color-5)","background-image":"","background-repeat":"repeat","background-position":"center center","background-size":"auto","background-attachment":"scroll","background-type":"","background-media":"","overlay-type":"","overlay-color":"","overlay-opacity":"","overlay-gradient":""}},"footnotes":""},"class_list":["post-8797","page","type-page","status-publish","hentry"],"yoast_head":"<!-- This site is optimized with the Yoast SEO Premium plugin v24.2 (Yoast SEO v24.6) - https:\/\/yoast.com\/wordpress\/plugins\/seo\/ -->\n<title>Ivan Dutra - Uni\u00f3n Esp\u00edrita<\/title>\n<meta name=\"robots\" content=\"index, follow, max-snippet:-1, max-image-preview:large, max-video-preview:-1\" \/>\n<link rel=\"canonical\" href=\"https:\/\/nuevo-renacer.com\/en\/ivan-dutra\/\" \/>\n<meta property=\"og:locale\" content=\"en_GB\" \/>\n<meta property=\"og:type\" content=\"article\" \/>\n<meta property=\"og:title\" content=\"Ivan Dutra\" \/>\n<meta property=\"og:description\" content=\"Ivan Dutra En la peque\u00f1a ciudad de Ub\u00e1 (MG), Ivan Dutra naci\u00f3 el 10 de noviembre de 1934 en una familia humilde, como uno de los ocho hijos de Lindolfo y Odete Dutra. La familia estaba vinculada al espiritismo, por lo que Ivan recibi\u00f3 desde temprana edad la orientaci\u00f3n espiritual necesaria, ya que sus padres [&hellip;]\" \/>\n<meta property=\"og:url\" content=\"https:\/\/nuevo-renacer.com\/en\/ivan-dutra\/\" \/>\n<meta property=\"og:site_name\" content=\"Uni\u00f3n Esp\u00edrita\" \/>\n<meta property=\"article:publisher\" content=\"https:\/\/www.facebook.com\/groups\/3431398063740829\" \/>\n<meta property=\"article:modified_time\" content=\"2026-03-02T08:00:32+00:00\" \/>\n<meta property=\"og:image\" content=\"https:\/\/nuevo-renacer.com\/wp-content\/uploads\/2026\/03\/Ivan-Dutra.jpg\" \/>\n\t<meta property=\"og:image:width\" content=\"594\" \/>\n\t<meta property=\"og:image:height\" content=\"767\" \/>\n\t<meta property=\"og:image:type\" content=\"image\/jpeg\" \/>\n<meta name=\"twitter:card\" content=\"summary_large_image\" \/>\n<meta name=\"twitter:label1\" content=\"Estimated reading time\" \/>\n\t<meta name=\"twitter:data1\" content=\"9 minutes\" \/>\n<script type=\"application\/ld+json\" class=\"yoast-schema-graph\">{\"@context\":\"https:\/\/schema.org\",\"@graph\":[{\"@type\":\"WebPage\",\"@id\":\"https:\/\/nuevo-renacer.com\/ivan-dutra\/\",\"url\":\"https:\/\/nuevo-renacer.com\/ivan-dutra\/\",\"name\":\"Ivan Dutra - Uni\u00f3n Esp\u00edrita\",\"isPartOf\":{\"@id\":\"https:\/\/nuevo-renacer.com\/#website\"},\"primaryImageOfPage\":{\"@id\":\"https:\/\/nuevo-renacer.com\/ivan-dutra\/#primaryimage\"},\"image\":{\"@id\":\"https:\/\/nuevo-renacer.com\/ivan-dutra\/#primaryimage\"},\"thumbnailUrl\":\"https:\/\/nuevo-renacer.com\/wp-content\/uploads\/2026\/03\/Ivan-Dutra.jpg\",\"datePublished\":\"2026-03-02T08:00:29+00:00\",\"dateModified\":\"2026-03-02T08:00:32+00:00\",\"breadcrumb\":{\"@id\":\"https:\/\/nuevo-renacer.com\/ivan-dutra\/#breadcrumb\"},\"inLanguage\":\"en-GB\",\"potentialAction\":[{\"@type\":\"ReadAction\",\"target\":[\"https:\/\/nuevo-renacer.com\/ivan-dutra\/\"]}]},{\"@type\":\"ImageObject\",\"inLanguage\":\"en-GB\",\"@id\":\"https:\/\/nuevo-renacer.com\/ivan-dutra\/#primaryimage\",\"url\":\"https:\/\/nuevo-renacer.com\/wp-content\/uploads\/2026\/03\/Ivan-Dutra.jpg\",\"contentUrl\":\"https:\/\/nuevo-renacer.com\/wp-content\/uploads\/2026\/03\/Ivan-Dutra.jpg\"},{\"@type\":\"BreadcrumbList\",\"@id\":\"https:\/\/nuevo-renacer.com\/ivan-dutra\/#breadcrumb\",\"itemListElement\":[{\"@type\":\"ListItem\",\"position\":1,\"name\":\"Startseite\",\"item\":\"https:\/\/nuevo-renacer.com\/\"},{\"@type\":\"ListItem\",\"position\":2,\"name\":\"Ivan Dutra\"}]},{\"@type\":\"WebSite\",\"@id\":\"https:\/\/nuevo-renacer.com\/#website\",\"url\":\"https:\/\/nuevo-renacer.com\/\",\"name\":\"Uni\u00f3n Esp\u00edrita\",\"description\":\"Nuevo Renacer\",\"publisher\":{\"@id\":\"https:\/\/nuevo-renacer.com\/#organization\"},\"potentialAction\":[{\"@type\":\"SearchAction\",\"target\":{\"@type\":\"EntryPoint\",\"urlTemplate\":\"https:\/\/nuevo-renacer.com\/?s={search_term_string}\"},\"query-input\":{\"@type\":\"PropertyValueSpecification\",\"valueRequired\":true,\"valueName\":\"search_term_string\"}}],\"inLanguage\":\"en-GB\"},{\"@type\":\"Organization\",\"@id\":\"https:\/\/nuevo-renacer.com\/#organization\",\"name\":\"UFEC\",\"url\":\"https:\/\/nuevo-renacer.com\/\",\"logo\":{\"@type\":\"ImageObject\",\"inLanguage\":\"en-GB\",\"@id\":\"https:\/\/nuevo-renacer.com\/#\/schema\/logo\/image\/\",\"url\":\"https:\/\/nuevo-renacer.com\/wp-content\/uploads\/2024\/05\/cropped-LOGO-TERMINADO1-3-3.png\",\"contentUrl\":\"https:\/\/nuevo-renacer.com\/wp-content\/uploads\/2024\/05\/cropped-LOGO-TERMINADO1-3-3.png\",\"width\":512,\"height\":512,\"caption\":\"UFEC\"},\"image\":{\"@id\":\"https:\/\/nuevo-renacer.com\/#\/schema\/logo\/image\/\"},\"sameAs\":[\"https:\/\/www.facebook.com\/groups\/3431398063740829\"]}]}<\/script>\n<!-- \/ Yoast SEO Premium plugin. -->","yoast_head_json":{"title":"Ivan Dutra - Uni\u00f3n Esp\u00edrita","robots":{"index":"index","follow":"follow","max-snippet":"max-snippet:-1","max-image-preview":"max-image-preview:large","max-video-preview":"max-video-preview:-1"},"canonical":"https:\/\/nuevo-renacer.com\/en\/ivan-dutra\/","og_locale":"en_GB","og_type":"article","og_title":"Ivan Dutra","og_description":"Ivan Dutra En la peque\u00f1a ciudad de Ub\u00e1 (MG), Ivan Dutra naci\u00f3 el 10 de noviembre de 1934 en una familia humilde, como uno de los ocho hijos de Lindolfo y Odete Dutra. La familia estaba vinculada al espiritismo, por lo que Ivan recibi\u00f3 desde temprana edad la orientaci\u00f3n espiritual necesaria, ya que sus padres [&hellip;]","og_url":"https:\/\/nuevo-renacer.com\/en\/ivan-dutra\/","og_site_name":"Uni\u00f3n Esp\u00edrita","article_publisher":"https:\/\/www.facebook.com\/groups\/3431398063740829","article_modified_time":"2026-03-02T08:00:32+00:00","og_image":[{"width":594,"height":767,"url":"https:\/\/nuevo-renacer.com\/wp-content\/uploads\/2026\/03\/Ivan-Dutra.jpg","type":"image\/jpeg"}],"twitter_card":"summary_large_image","twitter_misc":{"Estimated reading time":"9 minutes"},"schema":{"@context":"https:\/\/schema.org","@graph":[{"@type":"WebPage","@id":"https:\/\/nuevo-renacer.com\/ivan-dutra\/","url":"https:\/\/nuevo-renacer.com\/ivan-dutra\/","name":"Ivan Dutra - Uni\u00f3n Esp\u00edrita","isPartOf":{"@id":"https:\/\/nuevo-renacer.com\/#website"},"primaryImageOfPage":{"@id":"https:\/\/nuevo-renacer.com\/ivan-dutra\/#primaryimage"},"image":{"@id":"https:\/\/nuevo-renacer.com\/ivan-dutra\/#primaryimage"},"thumbnailUrl":"https:\/\/nuevo-renacer.com\/wp-content\/uploads\/2026\/03\/Ivan-Dutra.jpg","datePublished":"2026-03-02T08:00:29+00:00","dateModified":"2026-03-02T08:00:32+00:00","breadcrumb":{"@id":"https:\/\/nuevo-renacer.com\/ivan-dutra\/#breadcrumb"},"inLanguage":"en-GB","potentialAction":[{"@type":"ReadAction","target":["https:\/\/nuevo-renacer.com\/ivan-dutra\/"]}]},{"@type":"ImageObject","inLanguage":"en-GB","@id":"https:\/\/nuevo-renacer.com\/ivan-dutra\/#primaryimage","url":"https:\/\/nuevo-renacer.com\/wp-content\/uploads\/2026\/03\/Ivan-Dutra.jpg","contentUrl":"https:\/\/nuevo-renacer.com\/wp-content\/uploads\/2026\/03\/Ivan-Dutra.jpg"},{"@type":"BreadcrumbList","@id":"https:\/\/nuevo-renacer.com\/ivan-dutra\/#breadcrumb","itemListElement":[{"@type":"ListItem","position":1,"name":"Startseite","item":"https:\/\/nuevo-renacer.com\/"},{"@type":"ListItem","position":2,"name":"Ivan Dutra"}]},{"@type":"WebSite","@id":"https:\/\/nuevo-renacer.com\/#website","url":"https:\/\/nuevo-renacer.com\/","name":"Uni\u00f3n Esp\u00edrita","description":"Nuevo Renacer","publisher":{"@id":"https:\/\/nuevo-renacer.com\/#organization"},"potentialAction":[{"@type":"SearchAction","target":{"@type":"EntryPoint","urlTemplate":"https:\/\/nuevo-renacer.com\/?s={search_term_string}"},"query-input":{"@type":"PropertyValueSpecification","valueRequired":true,"valueName":"search_term_string"}}],"inLanguage":"en-GB"},{"@type":"Organization","@id":"https:\/\/nuevo-renacer.com\/#organization","name":"UFEC","url":"https:\/\/nuevo-renacer.com\/","logo":{"@type":"ImageObject","inLanguage":"en-GB","@id":"https:\/\/nuevo-renacer.com\/#\/schema\/logo\/image\/","url":"https:\/\/nuevo-renacer.com\/wp-content\/uploads\/2024\/05\/cropped-LOGO-TERMINADO1-3-3.png","contentUrl":"https:\/\/nuevo-renacer.com\/wp-content\/uploads\/2024\/05\/cropped-LOGO-TERMINADO1-3-3.png","width":512,"height":512,"caption":"UFEC"},"image":{"@id":"https:\/\/nuevo-renacer.com\/#\/schema\/logo\/image\/"},"sameAs":["https:\/\/www.facebook.com\/groups\/3431398063740829"]}]}},"uagb_featured_image_src":{"full":false,"thumbnail":false,"medium":false,"medium_large":false,"large":false,"1536x1536":false,"2048x2048":false,"trp-custom-language-flag":false},"uagb_author_info":{"display_name":"adbv0","author_link":"https:\/\/nuevo-renacer.com\/en\/author\/adbv0\/"},"uagb_comment_info":0,"uagb_excerpt":"Ivan Dutra En la peque\u00f1a ciudad de Ub\u00e1 (MG), Ivan Dutra naci\u00f3 el 10 de noviembre de 1934 en una familia humilde, como uno de los ocho hijos de Lindolfo y Odete Dutra. La familia estaba vinculada al espiritismo, por lo que Ivan recibi\u00f3 desde temprana edad la orientaci\u00f3n espiritual necesaria, ya que sus padres&hellip;","jetpack_sharing_enabled":true,"_links":{"self":[{"href":"https:\/\/nuevo-renacer.com\/en\/wp-json\/wp\/v2\/pages\/8797","targetHints":{"allow":["GET"]}}],"collection":[{"href":"https:\/\/nuevo-renacer.com\/en\/wp-json\/wp\/v2\/pages"}],"about":[{"href":"https:\/\/nuevo-renacer.com\/en\/wp-json\/wp\/v2\/types\/page"}],"author":[{"embeddable":true,"href":"https:\/\/nuevo-renacer.com\/en\/wp-json\/wp\/v2\/users\/1"}],"replies":[{"embeddable":true,"href":"https:\/\/nuevo-renacer.com\/en\/wp-json\/wp\/v2\/comments?post=8797"}],"version-history":[{"count":1,"href":"https:\/\/nuevo-renacer.com\/en\/wp-json\/wp\/v2\/pages\/8797\/revisions"}],"predecessor-version":[{"id":8799,"href":"https:\/\/nuevo-renacer.com\/en\/wp-json\/wp\/v2\/pages\/8797\/revisions\/8799"}],"wp:attachment":[{"href":"https:\/\/nuevo-renacer.com\/en\/wp-json\/wp\/v2\/media?parent=8797"}],"curies":[{"name":"wp","href":"https:\/\/api.w.org\/{rel}","templated":true}]}}