{"id":8790,"date":"2026-02-19T13:58:03","date_gmt":"2026-02-19T13:58:03","guid":{"rendered":"https:\/\/nuevo-renacer.com\/?page_id=8790"},"modified":"2026-02-19T14:02:33","modified_gmt":"2026-02-19T14:02:33","slug":"raymond-auguste-quinsac-monvoisin","status":"publish","type":"page","link":"https:\/\/nuevo-renacer.com\/en\/raymond-auguste-quinsac-monvoisin\/","title":{"rendered":"Raymond Auguste Quinsac Monvoisin"},"content":{"rendered":"<div class=\"wp-block-uagb-container uagb-block-8ccacd85 alignfull uagb-is-root-container\"><div class=\"uagb-container-inner-blocks-wrap\">\n<p class=\"has-black-color has-text-color has-link-color has-medium-font-size wp-elements-cd0bd16a4652a70e5a78a090f21efbb3\"><strong>Raymond Auguste Quinsac Monvoisin<\/strong><\/p>\n<\/div><\/div>\n\n\n\n<div class=\"wp-block-uagb-container uagb-block-03785b68 alignfull uagb-is-root-container\"><div class=\"uagb-container-inner-blocks-wrap\">\n<figure class=\"wp-block-image size-full is-resized\"><img fetchpriority=\"high\" decoding=\"async\" width=\"469\" height=\"535\" src=\"https:\/\/nuevo-renacer.com\/wp-content\/uploads\/2026\/02\/Raymond-Quinsac-Monvoisin.jpg\" alt=\"\" class=\"wp-image-8791\" style=\"aspect-ratio:0.8766416888244299;width:352px;height:auto\" srcset=\"https:\/\/nuevo-renacer.com\/wp-content\/uploads\/2026\/02\/Raymond-Quinsac-Monvoisin.jpg 469w, https:\/\/nuevo-renacer.com\/wp-content\/uploads\/2026\/02\/Raymond-Quinsac-Monvoisin-263x300.jpg 263w, https:\/\/nuevo-renacer.com\/wp-content\/uploads\/2026\/02\/Raymond-Quinsac-Monvoisin-11x12.jpg 11w\" sizes=\"(max-width: 469px) 100vw, 469px\" \/><\/figure>\n<\/div><\/div>\n\n\n\n<div class=\"wp-block-uagb-container uagb-block-118be211 alignfull uagb-is-root-container\"><div class=\"uagb-container-inner-blocks-wrap\">\n<p class=\"has-black-color has-text-color has-link-color has-small-font-size wp-elements-8f8db06decfb284728eef3f58878e5f6\">Raymond Auguste Quinsac Monvoisin was born on 31 May 1790 in Bordeaux, France. A painter of genre scenes, landscapes, history and portraiture, he was one of the most distinguished pupils of Baron Gu\u00e9rin at the \u00c9cole des Beaux-Arts in Paris. Awarded multiple times, at the age of 27 he became a royal pensioner in Rome under the King of France. On returning to France, he gained distinction at the Salons and was twice awarded first prize. From this period, which lasted until 1842, come his series of portraits of the kings of France and the marshals of the Renaissance, commissioned by the government for the historic galleries of the Palace of Versailles.<\/p>\n\n\n\n<p class=\"has-black-color has-text-color has-link-color has-small-font-size wp-elements-e48844140a012d14e03dc506480bdf11\">In 1836, Monvoisin \u2013 who had a strong temperament \u2013 fell out with the director of the French royal museums, Mr de Cailleux. Shaken by this incident and by other personal difficulties, he left France in May 1842. He travelled to South America. Monvoisin and Rugendas were the two most important artists to visit the American continent at that time. After a brief stay in Buenos Aires, he arrived in Chile in January 1843, bringing just over ten panels, which were exhibited in March of that year at the University of San Felipe. This exhibition, which became a landmark in the history of art in Chile, attracted the attention of numerous prominent figures and elicited admiration for the skill and beauty of the works. Monvoisin received at least a hundred portrait commissions, painting practically the entire Chilean aristocracy of the time. The government promised him the direction of the future Academy of Drawing and Painting in Chile, but ultimately chose the Italian Alexandre Cicarelli.<\/p>\n\n\n\n<p class=\"has-black-color has-text-color has-link-color has-small-font-size wp-elements-68118bc9107dcf271a6639faf71e7b85\">After some time, Monvoisin visited Peru and Brazil. He arrived in Rio de Janeiro on 19 October 1847. In a letter to his brother, he complained about the heat and stated that he would paint a portrait of Emperor Pedro II, who received him warmly. The painting \u2013 showing Pedro standing in imperial attire \u2013 is considered the most faithful portrait of the Brazilian Emperor. In recognition, Pedro II awarded the artist the insignia of Knight of the Order of the Cruzeiro and a bronze pendulum. The painting \u2013 which can be seen at the Imperial Museum in Petr\u00f3polis \u2013 belongs to Prince Jo\u00e3o of Orl\u00e9ans and Braganza, great-grandson of Pedro II. The Emperor also had another painting by Monvoisin in his collection at the Pa\u00e7o de S\u00e3o Crist\u00f3v\u00e3o: Young Peruvian (or Young Araucanian). Monvoisin returned to France in 1858, at the height of Spiritism. He became a Spiritist and a practitioner of homeopathy. The first reference to him appears in the Revue Spirite of May 1866. The section \u201cConversations from Beyond the Grave\u201d contains the transcription of an evocation of the spirit of Abb\u00e9 Laverdet, one of the pastors of the French Church, which took place on 5 January 1866. There, Kardec reports that \u201cone of the Abbot\u2019s closest friends, Mr Monvoisin, the eminent history painter and fervent Spiritist, having wished to receive some words from him from beyond the grave, asked us to evoke him.\u201d<\/p>\n\n\n\n<p class=\"has-black-color has-text-color has-link-color has-small-font-size wp-elements-1aa081c9fe0182287bd15d3f16ba67f1\">A member of the Parisian Society for Spiritist Studies, Monvoisin was also the author of a portrait of the Codifier of Spiritism. A donation of eight paintings by this renowned artist inspired Kardec\u2019s desire to create a Spiritist Museum: Allegorical portrait of Allan Kardec; Portrait of the author (Monvoisin); three Spiritist scenes from the life of Joan of Arc (Joan at the fountain, Joan wounded, and Joan on the pyre); the Auto-da-f\u00e9 of John Huss; a symbolic painting of the Three Revelations; and the Appearance of Jesus among the apostles after His corporeal death. The painter died in Boulogne-sur-Seine (Paris) on 26 March 1870. In the May edition of that year, the Revue Spirite reported his passing with an extensive article, detailing his life and dedication to Spiritism. The text includes several of his own statements, among them: \u201cI shall be the precursor and father of Spiritist painting.\u201d At the time of his death, he was working on a series of portraits of the precursors of Spiritism.<\/p>\n<\/div><\/div>\n\n\n\n<div class=\"wp-block-uagb-container uagb-block-97a80b6a alignfull uagb-is-root-container\"><div class=\"uagb-container-inner-blocks-wrap\"><\/div><\/div>\n\n\n\n<div class=\"wp-block-uagb-container uagb-block-dcd492b0 alignfull uagb-is-root-container\"><div class=\"uagb-container-inner-blocks-wrap\"><\/div><\/div>","protected":false},"excerpt":{"rendered":"<p>Raymond Auguste Quinsac Monvoisin Raymond Auguste Quinsac Monvoisin naci\u00f3 el 31 de mayo de 1790 en Burdeos, Francia. Pintor de escenas de g\u00e9nero, paisajes, historia y retratos, fue uno de los disc\u00edpulos m\u00e1s destacados del Bar\u00f3n Gu\u00e9rin en la Escuela de Bellas Artes de Par\u00eds. Premiado en varias ocasiones, a los 27 a\u00f1os se convirti\u00f3 [&hellip;]<\/p>","protected":false},"author":1,"featured_media":0,"parent":0,"menu_order":0,"comment_status":"closed","ping_status":"closed","template":"","meta":{"_uag_custom_page_level_css":"","site-sidebar-layout":"default","site-content-layout":"","ast-site-content-layout":"default","site-content-style":"default","site-sidebar-style":"default","ast-global-header-display":"","ast-banner-title-visibility":"","ast-main-header-display":"","ast-hfb-above-header-display":"","ast-hfb-below-header-display":"","ast-hfb-mobile-header-display":"","site-post-title":"disabled","ast-breadcrumbs-content":"","ast-featured-img":"","footer-sml-layout":"","theme-transparent-header-meta":"","adv-header-id-meta":"","stick-header-meta":"","header-above-stick-meta":"","header-main-stick-meta":"","header-below-stick-meta":"","astra-migrate-meta-layouts":"set","ast-page-background-enabled":"default","ast-page-background-meta":{"desktop":{"background-color":"var(--ast-global-color-4)","background-image":"","background-repeat":"repeat","background-position":"center center","background-size":"auto","background-attachment":"scroll","background-type":"","background-media":"","overlay-type":"","overlay-color":"","overlay-opacity":"","overlay-gradient":""},"tablet":{"background-color":"","background-image":"","background-repeat":"repeat","background-position":"center center","background-size":"auto","background-attachment":"scroll","background-type":"","background-media":"","overlay-type":"","overlay-color":"","overlay-opacity":"","overlay-gradient":""},"mobile":{"background-color":"","background-image":"","background-repeat":"repeat","background-position":"center center","background-size":"auto","background-attachment":"scroll","background-type":"","background-media":"","overlay-type":"","overlay-color":"","overlay-opacity":"","overlay-gradient":""}},"ast-content-background-meta":{"desktop":{"background-color":"var(--ast-global-color-5)","background-image":"","background-repeat":"repeat","background-position":"center center","background-size":"auto","background-attachment":"scroll","background-type":"","background-media":"","overlay-type":"","overlay-color":"","overlay-opacity":"","overlay-gradient":""},"tablet":{"background-color":"var(--ast-global-color-5)","background-image":"","background-repeat":"repeat","background-position":"center center","background-size":"auto","background-attachment":"scroll","background-type":"","background-media":"","overlay-type":"","overlay-color":"","overlay-opacity":"","overlay-gradient":""},"mobile":{"background-color":"var(--ast-global-color-5)","background-image":"","background-repeat":"repeat","background-position":"center center","background-size":"auto","background-attachment":"scroll","background-type":"","background-media":"","overlay-type":"","overlay-color":"","overlay-opacity":"","overlay-gradient":""}},"footnotes":""},"class_list":["post-8790","page","type-page","status-publish","hentry"],"yoast_head":"<!-- This site is optimized with the Yoast SEO Premium plugin v24.2 (Yoast SEO v24.6) - https:\/\/yoast.com\/wordpress\/plugins\/seo\/ -->\n<title>Raymond Auguste Quinsac Monvoisin - Uni\u00f3n Esp\u00edrita<\/title>\n<meta name=\"robots\" content=\"index, follow, max-snippet:-1, max-image-preview:large, max-video-preview:-1\" \/>\n<link rel=\"canonical\" href=\"https:\/\/nuevo-renacer.com\/en\/raymond-auguste-quinsac-monvoisin\/\" \/>\n<meta property=\"og:locale\" content=\"en_GB\" \/>\n<meta property=\"og:type\" content=\"article\" \/>\n<meta property=\"og:title\" content=\"Raymond Auguste Quinsac Monvoisin\" \/>\n<meta property=\"og:description\" content=\"Raymond Auguste Quinsac Monvoisin Raymond Auguste Quinsac Monvoisin naci\u00f3 el 31 de mayo de 1790 en Burdeos, Francia. Pintor de escenas de g\u00e9nero, paisajes, historia y retratos, fue uno de los disc\u00edpulos m\u00e1s destacados del Bar\u00f3n Gu\u00e9rin en la Escuela de Bellas Artes de Par\u00eds. Premiado en varias ocasiones, a los 27 a\u00f1os se convirti\u00f3 [&hellip;]\" \/>\n<meta property=\"og:url\" content=\"https:\/\/nuevo-renacer.com\/en\/raymond-auguste-quinsac-monvoisin\/\" \/>\n<meta property=\"og:site_name\" content=\"Uni\u00f3n Esp\u00edrita\" \/>\n<meta property=\"article:publisher\" content=\"https:\/\/www.facebook.com\/groups\/3431398063740829\" \/>\n<meta property=\"article:modified_time\" content=\"2026-02-19T14:02:33+00:00\" \/>\n<meta property=\"og:image\" content=\"https:\/\/nuevo-renacer.com\/wp-content\/uploads\/2026\/02\/Raymond-Quinsac-Monvoisin.jpg\" \/>\n\t<meta property=\"og:image:width\" content=\"469\" \/>\n\t<meta property=\"og:image:height\" content=\"535\" \/>\n\t<meta property=\"og:image:type\" content=\"image\/jpeg\" \/>\n<meta name=\"twitter:card\" content=\"summary_large_image\" \/>\n<meta name=\"twitter:label1\" content=\"Estimated reading time\" \/>\n\t<meta name=\"twitter:data1\" content=\"5 minutes\" \/>\n<script type=\"application\/ld+json\" class=\"yoast-schema-graph\">{\"@context\":\"https:\/\/schema.org\",\"@graph\":[{\"@type\":\"WebPage\",\"@id\":\"https:\/\/nuevo-renacer.com\/raymond-auguste-quinsac-monvoisin\/\",\"url\":\"https:\/\/nuevo-renacer.com\/raymond-auguste-quinsac-monvoisin\/\",\"name\":\"Raymond Auguste Quinsac Monvoisin - Uni\u00f3n Esp\u00edrita\",\"isPartOf\":{\"@id\":\"https:\/\/nuevo-renacer.com\/#website\"},\"primaryImageOfPage\":{\"@id\":\"https:\/\/nuevo-renacer.com\/raymond-auguste-quinsac-monvoisin\/#primaryimage\"},\"image\":{\"@id\":\"https:\/\/nuevo-renacer.com\/raymond-auguste-quinsac-monvoisin\/#primaryimage\"},\"thumbnailUrl\":\"https:\/\/nuevo-renacer.com\/wp-content\/uploads\/2026\/02\/Raymond-Quinsac-Monvoisin.jpg\",\"datePublished\":\"2026-02-19T13:58:03+00:00\",\"dateModified\":\"2026-02-19T14:02:33+00:00\",\"breadcrumb\":{\"@id\":\"https:\/\/nuevo-renacer.com\/raymond-auguste-quinsac-monvoisin\/#breadcrumb\"},\"inLanguage\":\"en-GB\",\"potentialAction\":[{\"@type\":\"ReadAction\",\"target\":[\"https:\/\/nuevo-renacer.com\/raymond-auguste-quinsac-monvoisin\/\"]}]},{\"@type\":\"ImageObject\",\"inLanguage\":\"en-GB\",\"@id\":\"https:\/\/nuevo-renacer.com\/raymond-auguste-quinsac-monvoisin\/#primaryimage\",\"url\":\"https:\/\/nuevo-renacer.com\/wp-content\/uploads\/2026\/02\/Raymond-Quinsac-Monvoisin.jpg\",\"contentUrl\":\"https:\/\/nuevo-renacer.com\/wp-content\/uploads\/2026\/02\/Raymond-Quinsac-Monvoisin.jpg\"},{\"@type\":\"BreadcrumbList\",\"@id\":\"https:\/\/nuevo-renacer.com\/raymond-auguste-quinsac-monvoisin\/#breadcrumb\",\"itemListElement\":[{\"@type\":\"ListItem\",\"position\":1,\"name\":\"Startseite\",\"item\":\"https:\/\/nuevo-renacer.com\/\"},{\"@type\":\"ListItem\",\"position\":2,\"name\":\"Raymond Auguste Quinsac Monvoisin\"}]},{\"@type\":\"WebSite\",\"@id\":\"https:\/\/nuevo-renacer.com\/#website\",\"url\":\"https:\/\/nuevo-renacer.com\/\",\"name\":\"Uni\u00f3n Esp\u00edrita\",\"description\":\"Nuevo Renacer\",\"publisher\":{\"@id\":\"https:\/\/nuevo-renacer.com\/#organization\"},\"potentialAction\":[{\"@type\":\"SearchAction\",\"target\":{\"@type\":\"EntryPoint\",\"urlTemplate\":\"https:\/\/nuevo-renacer.com\/?s={search_term_string}\"},\"query-input\":{\"@type\":\"PropertyValueSpecification\",\"valueRequired\":true,\"valueName\":\"search_term_string\"}}],\"inLanguage\":\"en-GB\"},{\"@type\":\"Organization\",\"@id\":\"https:\/\/nuevo-renacer.com\/#organization\",\"name\":\"UFEC\",\"url\":\"https:\/\/nuevo-renacer.com\/\",\"logo\":{\"@type\":\"ImageObject\",\"inLanguage\":\"en-GB\",\"@id\":\"https:\/\/nuevo-renacer.com\/#\/schema\/logo\/image\/\",\"url\":\"https:\/\/nuevo-renacer.com\/wp-content\/uploads\/2024\/05\/cropped-LOGO-TERMINADO1-3-3.png\",\"contentUrl\":\"https:\/\/nuevo-renacer.com\/wp-content\/uploads\/2024\/05\/cropped-LOGO-TERMINADO1-3-3.png\",\"width\":512,\"height\":512,\"caption\":\"UFEC\"},\"image\":{\"@id\":\"https:\/\/nuevo-renacer.com\/#\/schema\/logo\/image\/\"},\"sameAs\":[\"https:\/\/www.facebook.com\/groups\/3431398063740829\"]}]}<\/script>\n<!-- \/ Yoast SEO Premium plugin. -->","yoast_head_json":{"title":"Raymond Auguste Quinsac Monvoisin - Uni\u00f3n Esp\u00edrita","robots":{"index":"index","follow":"follow","max-snippet":"max-snippet:-1","max-image-preview":"max-image-preview:large","max-video-preview":"max-video-preview:-1"},"canonical":"https:\/\/nuevo-renacer.com\/en\/raymond-auguste-quinsac-monvoisin\/","og_locale":"en_GB","og_type":"article","og_title":"Raymond Auguste Quinsac Monvoisin","og_description":"Raymond Auguste Quinsac Monvoisin Raymond Auguste Quinsac Monvoisin naci\u00f3 el 31 de mayo de 1790 en Burdeos, Francia. Pintor de escenas de g\u00e9nero, paisajes, historia y retratos, fue uno de los disc\u00edpulos m\u00e1s destacados del Bar\u00f3n Gu\u00e9rin en la Escuela de Bellas Artes de Par\u00eds. Premiado en varias ocasiones, a los 27 a\u00f1os se convirti\u00f3 [&hellip;]","og_url":"https:\/\/nuevo-renacer.com\/en\/raymond-auguste-quinsac-monvoisin\/","og_site_name":"Uni\u00f3n Esp\u00edrita","article_publisher":"https:\/\/www.facebook.com\/groups\/3431398063740829","article_modified_time":"2026-02-19T14:02:33+00:00","og_image":[{"width":469,"height":535,"url":"https:\/\/nuevo-renacer.com\/wp-content\/uploads\/2026\/02\/Raymond-Quinsac-Monvoisin.jpg","type":"image\/jpeg"}],"twitter_card":"summary_large_image","twitter_misc":{"Estimated reading time":"5 minutes"},"schema":{"@context":"https:\/\/schema.org","@graph":[{"@type":"WebPage","@id":"https:\/\/nuevo-renacer.com\/raymond-auguste-quinsac-monvoisin\/","url":"https:\/\/nuevo-renacer.com\/raymond-auguste-quinsac-monvoisin\/","name":"Raymond Auguste Quinsac Monvoisin - Uni\u00f3n Esp\u00edrita","isPartOf":{"@id":"https:\/\/nuevo-renacer.com\/#website"},"primaryImageOfPage":{"@id":"https:\/\/nuevo-renacer.com\/raymond-auguste-quinsac-monvoisin\/#primaryimage"},"image":{"@id":"https:\/\/nuevo-renacer.com\/raymond-auguste-quinsac-monvoisin\/#primaryimage"},"thumbnailUrl":"https:\/\/nuevo-renacer.com\/wp-content\/uploads\/2026\/02\/Raymond-Quinsac-Monvoisin.jpg","datePublished":"2026-02-19T13:58:03+00:00","dateModified":"2026-02-19T14:02:33+00:00","breadcrumb":{"@id":"https:\/\/nuevo-renacer.com\/raymond-auguste-quinsac-monvoisin\/#breadcrumb"},"inLanguage":"en-GB","potentialAction":[{"@type":"ReadAction","target":["https:\/\/nuevo-renacer.com\/raymond-auguste-quinsac-monvoisin\/"]}]},{"@type":"ImageObject","inLanguage":"en-GB","@id":"https:\/\/nuevo-renacer.com\/raymond-auguste-quinsac-monvoisin\/#primaryimage","url":"https:\/\/nuevo-renacer.com\/wp-content\/uploads\/2026\/02\/Raymond-Quinsac-Monvoisin.jpg","contentUrl":"https:\/\/nuevo-renacer.com\/wp-content\/uploads\/2026\/02\/Raymond-Quinsac-Monvoisin.jpg"},{"@type":"BreadcrumbList","@id":"https:\/\/nuevo-renacer.com\/raymond-auguste-quinsac-monvoisin\/#breadcrumb","itemListElement":[{"@type":"ListItem","position":1,"name":"Startseite","item":"https:\/\/nuevo-renacer.com\/"},{"@type":"ListItem","position":2,"name":"Raymond Auguste Quinsac Monvoisin"}]},{"@type":"WebSite","@id":"https:\/\/nuevo-renacer.com\/#website","url":"https:\/\/nuevo-renacer.com\/","name":"Uni\u00f3n Esp\u00edrita","description":"Nuevo Renacer","publisher":{"@id":"https:\/\/nuevo-renacer.com\/#organization"},"potentialAction":[{"@type":"SearchAction","target":{"@type":"EntryPoint","urlTemplate":"https:\/\/nuevo-renacer.com\/?s={search_term_string}"},"query-input":{"@type":"PropertyValueSpecification","valueRequired":true,"valueName":"search_term_string"}}],"inLanguage":"en-GB"},{"@type":"Organization","@id":"https:\/\/nuevo-renacer.com\/#organization","name":"UFEC","url":"https:\/\/nuevo-renacer.com\/","logo":{"@type":"ImageObject","inLanguage":"en-GB","@id":"https:\/\/nuevo-renacer.com\/#\/schema\/logo\/image\/","url":"https:\/\/nuevo-renacer.com\/wp-content\/uploads\/2024\/05\/cropped-LOGO-TERMINADO1-3-3.png","contentUrl":"https:\/\/nuevo-renacer.com\/wp-content\/uploads\/2024\/05\/cropped-LOGO-TERMINADO1-3-3.png","width":512,"height":512,"caption":"UFEC"},"image":{"@id":"https:\/\/nuevo-renacer.com\/#\/schema\/logo\/image\/"},"sameAs":["https:\/\/www.facebook.com\/groups\/3431398063740829"]}]}},"uagb_featured_image_src":{"full":false,"thumbnail":false,"medium":false,"medium_large":false,"large":false,"1536x1536":false,"2048x2048":false,"trp-custom-language-flag":false},"uagb_author_info":{"display_name":"adbv0","author_link":"https:\/\/nuevo-renacer.com\/en\/author\/adbv0\/"},"uagb_comment_info":0,"uagb_excerpt":"Raymond Auguste Quinsac Monvoisin Raymond Auguste Quinsac Monvoisin naci\u00f3 el 31 de mayo de 1790 en Burdeos, Francia. Pintor de escenas de g\u00e9nero, paisajes, historia y retratos, fue uno de los disc\u00edpulos m\u00e1s destacados del Bar\u00f3n Gu\u00e9rin en la Escuela de Bellas Artes de Par\u00eds. Premiado en varias ocasiones, a los 27 a\u00f1os se convirti\u00f3&hellip;","jetpack_sharing_enabled":true,"_links":{"self":[{"href":"https:\/\/nuevo-renacer.com\/en\/wp-json\/wp\/v2\/pages\/8790","targetHints":{"allow":["GET"]}}],"collection":[{"href":"https:\/\/nuevo-renacer.com\/en\/wp-json\/wp\/v2\/pages"}],"about":[{"href":"https:\/\/nuevo-renacer.com\/en\/wp-json\/wp\/v2\/types\/page"}],"author":[{"embeddable":true,"href":"https:\/\/nuevo-renacer.com\/en\/wp-json\/wp\/v2\/users\/1"}],"replies":[{"embeddable":true,"href":"https:\/\/nuevo-renacer.com\/en\/wp-json\/wp\/v2\/comments?post=8790"}],"version-history":[{"count":2,"href":"https:\/\/nuevo-renacer.com\/en\/wp-json\/wp\/v2\/pages\/8790\/revisions"}],"predecessor-version":[{"id":8794,"href":"https:\/\/nuevo-renacer.com\/en\/wp-json\/wp\/v2\/pages\/8790\/revisions\/8794"}],"wp:attachment":[{"href":"https:\/\/nuevo-renacer.com\/en\/wp-json\/wp\/v2\/media?parent=8790"}],"curies":[{"name":"wp","href":"https:\/\/api.w.org\/{rel}","templated":true}]}}