{"id":8751,"date":"2025-12-22T12:56:17","date_gmt":"2025-12-22T12:56:17","guid":{"rendered":"https:\/\/nuevo-renacer.com\/?page_id=8751"},"modified":"2025-12-22T12:56:21","modified_gmt":"2025-12-22T12:56:21","slug":"albert-von-schrenck-notzing","status":"publish","type":"page","link":"https:\/\/nuevo-renacer.com\/en\/albert-von-schrenck-notzing\/","title":{"rendered":"Albert von Schrenck-Notzing"},"content":{"rendered":"<div class=\"wp-block-uagb-container uagb-block-466c7387 alignfull uagb-is-root-container\"><div class=\"uagb-container-inner-blocks-wrap\">\n<p class=\"has-black-color has-text-color has-link-color has-medium-font-size wp-elements-91d3a4235b1b44e7bf00e21437096b56\"><strong>Albert von Schrenck-Notzing<\/strong><\/p>\n<\/div><\/div>\n\n\n\n<div class=\"wp-block-uagb-container uagb-block-98c1c09b alignfull uagb-is-root-container\"><div class=\"uagb-container-inner-blocks-wrap\">\n<figure class=\"wp-block-image size-full is-resized\"><img fetchpriority=\"high\" decoding=\"async\" width=\"531\" height=\"758\" src=\"https:\/\/nuevo-renacer.com\/wp-content\/uploads\/2025\/12\/Albert-von-Schrenck-Notzing.jpg\" alt=\"\" class=\"wp-image-8752\" style=\"aspect-ratio:0.7005439830171155;width:256px;height:auto\" srcset=\"https:\/\/nuevo-renacer.com\/wp-content\/uploads\/2025\/12\/Albert-von-Schrenck-Notzing.jpg 531w, https:\/\/nuevo-renacer.com\/wp-content\/uploads\/2025\/12\/Albert-von-Schrenck-Notzing-210x300.jpg 210w, https:\/\/nuevo-renacer.com\/wp-content\/uploads\/2025\/12\/Albert-von-Schrenck-Notzing-8x12.jpg 8w\" sizes=\"(max-width: 531px) 100vw, 531px\" \/><\/figure>\n<\/div><\/div>\n\n\n\n<div class=\"wp-block-uagb-container uagb-block-5e5b9ce5 alignfull uagb-is-root-container\"><div class=\"uagb-container-inner-blocks-wrap\">\n<p class=\"has-black-color has-text-color has-link-color has-small-font-size wp-elements-89a1eb9490f8e1e661ebeccd531536af\">Baron Albert von Schrenck-Notzing was born on 18 May 1862 in Oldenburg, Germany, and studied at the University of Munich. He was a forensic psychiatrist and member of the German aristocracy who became interested in psychic research in 1889. He collaborated with Charles Richet, Cesar Lombroso, Oliver Lodge, and many others in investigations for 40 years. While he was reluctant, apparently out of scientific conservatism, to accept mediumship with survival, he was nevertheless fully convinced of the reality of mediumship. He began working with the medium Eusapia Palladino, whose sessions in Rome he attended as early as 1894. He followed her throughout Europe and invited her twice to Munich as his guest. But he did not declare his belief in the reality of her phenomena until 1914 and only published his records from Rome and Munich in Physikalische des Mediumismus in 1920. For many years he studied the materialisation phenomena of Eva C. (Marthe B\u00e9raud) in Munich and at the home of Juliette Bisson in Paris. His book, Phenomena of Materialisation, published in Germany in 1914, at the same time as Bisson's work in France, is extensively illustrated with photographs. He also investigated other classic mediums such as Willi Schneider, Rudi Schneider, Stanislawa and Valentine Dencausse. He was one of the greatest researchers of physical effects phenomena in Germany. He obtained hair from the materialised spirit, comparing it microscopically with that of the medium, and found that it could not be from the same person. He also carried out chemical tests on a certain portion of the ectoplasm, which was reduced to ashes. Among its elements, he found sodium chloride (table salt) and calcium phosphate. He managed to film the ectoplasm coming out of the medium's mouth. Baron Albert von Schrenck-Notzing passed away on 12 February 1929, in Munich, Germany.<\/p>\n<\/div><\/div>\n\n\n\n<div class=\"wp-block-uagb-container uagb-block-343c4df7 alignfull uagb-is-root-container\"><div class=\"uagb-container-inner-blocks-wrap\"><\/div><\/div>\n\n\n\n<div class=\"wp-block-uagb-container uagb-block-e3533405 alignfull uagb-is-root-container\"><div class=\"uagb-container-inner-blocks-wrap\"><\/div><\/div>","protected":false},"excerpt":{"rendered":"<p>Albert von Schrenck-Notzing El bar\u00f3n Albert von Schrenck-Notzing naci\u00f3 el 18 de mayo de 1862 en Oldenburg, Alemania, y estudi\u00f3 en la Universidad de M\u00fanich. Fue psiquiatra forense y miembro de la aristocracia alemana, y se interes\u00f3 por la investigaci\u00f3n ps\u00edquica en 1889. Colabor\u00f3 con Charles Richet, C\u00e9sar Lombroso, Oliver Lodge y muchos otros en [&hellip;]<\/p>","protected":false},"author":1,"featured_media":0,"parent":0,"menu_order":0,"comment_status":"closed","ping_status":"closed","template":"","meta":{"_uag_custom_page_level_css":"","site-sidebar-layout":"default","site-content-layout":"","ast-site-content-layout":"default","site-content-style":"default","site-sidebar-style":"default","ast-global-header-display":"","ast-banner-title-visibility":"","ast-main-header-display":"","ast-hfb-above-header-display":"","ast-hfb-below-header-display":"","ast-hfb-mobile-header-display":"","site-post-title":"disabled","ast-breadcrumbs-content":"","ast-featured-img":"","footer-sml-layout":"","theme-transparent-header-meta":"","adv-header-id-meta":"","stick-header-meta":"","header-above-stick-meta":"","header-main-stick-meta":"","header-below-stick-meta":"","astra-migrate-meta-layouts":"set","ast-page-background-enabled":"default","ast-page-background-meta":{"desktop":{"background-color":"var(--ast-global-color-4)","background-image":"","background-repeat":"repeat","background-position":"center center","background-size":"auto","background-attachment":"scroll","background-type":"","background-media":"","overlay-type":"","overlay-color":"","overlay-opacity":"","overlay-gradient":""},"tablet":{"background-color":"","background-image":"","background-repeat":"repeat","background-position":"center center","background-size":"auto","background-attachment":"scroll","background-type":"","background-media":"","overlay-type":"","overlay-color":"","overlay-opacity":"","overlay-gradient":""},"mobile":{"background-color":"","background-image":"","background-repeat":"repeat","background-position":"center center","background-size":"auto","background-attachment":"scroll","background-type":"","background-media":"","overlay-type":"","overlay-color":"","overlay-opacity":"","overlay-gradient":""}},"ast-content-background-meta":{"desktop":{"background-color":"var(--ast-global-color-5)","background-image":"","background-repeat":"repeat","background-position":"center center","background-size":"auto","background-attachment":"scroll","background-type":"","background-media":"","overlay-type":"","overlay-color":"","overlay-opacity":"","overlay-gradient":""},"tablet":{"background-color":"var(--ast-global-color-5)","background-image":"","background-repeat":"repeat","background-position":"center center","background-size":"auto","background-attachment":"scroll","background-type":"","background-media":"","overlay-type":"","overlay-color":"","overlay-opacity":"","overlay-gradient":""},"mobile":{"background-color":"var(--ast-global-color-5)","background-image":"","background-repeat":"repeat","background-position":"center center","background-size":"auto","background-attachment":"scroll","background-type":"","background-media":"","overlay-type":"","overlay-color":"","overlay-opacity":"","overlay-gradient":""}},"footnotes":""},"class_list":["post-8751","page","type-page","status-publish","hentry"],"yoast_head":"<!-- This site is optimized with the Yoast SEO Premium plugin v24.2 (Yoast SEO v24.6) - https:\/\/yoast.com\/wordpress\/plugins\/seo\/ -->\n<title>Albert von Schrenck-Notzing - Uni\u00f3n Esp\u00edrita<\/title>\n<meta name=\"robots\" content=\"index, follow, max-snippet:-1, max-image-preview:large, max-video-preview:-1\" \/>\n<link rel=\"canonical\" href=\"https:\/\/nuevo-renacer.com\/en\/albert-von-schrenck-notzing\/\" \/>\n<meta property=\"og:locale\" content=\"en_GB\" \/>\n<meta property=\"og:type\" content=\"article\" \/>\n<meta property=\"og:title\" content=\"Albert von Schrenck-Notzing\" \/>\n<meta property=\"og:description\" content=\"Albert von Schrenck-Notzing El bar\u00f3n Albert von Schrenck-Notzing naci\u00f3 el 18 de mayo de 1862 en Oldenburg, Alemania, y estudi\u00f3 en la Universidad de M\u00fanich. Fue psiquiatra forense y miembro de la aristocracia alemana, y se interes\u00f3 por la investigaci\u00f3n ps\u00edquica en 1889. Colabor\u00f3 con Charles Richet, C\u00e9sar Lombroso, Oliver Lodge y muchos otros en [&hellip;]\" \/>\n<meta property=\"og:url\" content=\"https:\/\/nuevo-renacer.com\/en\/albert-von-schrenck-notzing\/\" \/>\n<meta property=\"og:site_name\" content=\"Uni\u00f3n Esp\u00edrita\" \/>\n<meta property=\"article:publisher\" content=\"https:\/\/www.facebook.com\/groups\/3431398063740829\" \/>\n<meta property=\"article:modified_time\" content=\"2025-12-22T12:56:21+00:00\" \/>\n<meta property=\"og:image\" content=\"https:\/\/nuevo-renacer.com\/wp-content\/uploads\/2025\/12\/Albert-von-Schrenck-Notzing.jpg\" \/>\n\t<meta property=\"og:image:width\" content=\"531\" \/>\n\t<meta property=\"og:image:height\" content=\"758\" \/>\n\t<meta property=\"og:image:type\" content=\"image\/jpeg\" \/>\n<meta name=\"twitter:card\" content=\"summary_large_image\" \/>\n<meta name=\"twitter:label1\" content=\"Estimated reading time\" \/>\n\t<meta name=\"twitter:data1\" content=\"2 minutes\" \/>\n<script type=\"application\/ld+json\" class=\"yoast-schema-graph\">{\"@context\":\"https:\/\/schema.org\",\"@graph\":[{\"@type\":\"WebPage\",\"@id\":\"https:\/\/nuevo-renacer.com\/albert-von-schrenck-notzing\/\",\"url\":\"https:\/\/nuevo-renacer.com\/albert-von-schrenck-notzing\/\",\"name\":\"Albert von Schrenck-Notzing - Uni\u00f3n Esp\u00edrita\",\"isPartOf\":{\"@id\":\"https:\/\/nuevo-renacer.com\/#website\"},\"primaryImageOfPage\":{\"@id\":\"https:\/\/nuevo-renacer.com\/albert-von-schrenck-notzing\/#primaryimage\"},\"image\":{\"@id\":\"https:\/\/nuevo-renacer.com\/albert-von-schrenck-notzing\/#primaryimage\"},\"thumbnailUrl\":\"https:\/\/nuevo-renacer.com\/wp-content\/uploads\/2025\/12\/Albert-von-Schrenck-Notzing.jpg\",\"datePublished\":\"2025-12-22T12:56:17+00:00\",\"dateModified\":\"2025-12-22T12:56:21+00:00\",\"breadcrumb\":{\"@id\":\"https:\/\/nuevo-renacer.com\/albert-von-schrenck-notzing\/#breadcrumb\"},\"inLanguage\":\"en-GB\",\"potentialAction\":[{\"@type\":\"ReadAction\",\"target\":[\"https:\/\/nuevo-renacer.com\/albert-von-schrenck-notzing\/\"]}]},{\"@type\":\"ImageObject\",\"inLanguage\":\"en-GB\",\"@id\":\"https:\/\/nuevo-renacer.com\/albert-von-schrenck-notzing\/#primaryimage\",\"url\":\"https:\/\/nuevo-renacer.com\/wp-content\/uploads\/2025\/12\/Albert-von-Schrenck-Notzing.jpg\",\"contentUrl\":\"https:\/\/nuevo-renacer.com\/wp-content\/uploads\/2025\/12\/Albert-von-Schrenck-Notzing.jpg\"},{\"@type\":\"BreadcrumbList\",\"@id\":\"https:\/\/nuevo-renacer.com\/albert-von-schrenck-notzing\/#breadcrumb\",\"itemListElement\":[{\"@type\":\"ListItem\",\"position\":1,\"name\":\"Startseite\",\"item\":\"https:\/\/nuevo-renacer.com\/\"},{\"@type\":\"ListItem\",\"position\":2,\"name\":\"Albert von Schrenck-Notzing\"}]},{\"@type\":\"WebSite\",\"@id\":\"https:\/\/nuevo-renacer.com\/#website\",\"url\":\"https:\/\/nuevo-renacer.com\/\",\"name\":\"Uni\u00f3n Esp\u00edrita\",\"description\":\"Nuevo Renacer\",\"publisher\":{\"@id\":\"https:\/\/nuevo-renacer.com\/#organization\"},\"potentialAction\":[{\"@type\":\"SearchAction\",\"target\":{\"@type\":\"EntryPoint\",\"urlTemplate\":\"https:\/\/nuevo-renacer.com\/?s={search_term_string}\"},\"query-input\":{\"@type\":\"PropertyValueSpecification\",\"valueRequired\":true,\"valueName\":\"search_term_string\"}}],\"inLanguage\":\"en-GB\"},{\"@type\":\"Organization\",\"@id\":\"https:\/\/nuevo-renacer.com\/#organization\",\"name\":\"UFEC\",\"url\":\"https:\/\/nuevo-renacer.com\/\",\"logo\":{\"@type\":\"ImageObject\",\"inLanguage\":\"en-GB\",\"@id\":\"https:\/\/nuevo-renacer.com\/#\/schema\/logo\/image\/\",\"url\":\"https:\/\/nuevo-renacer.com\/wp-content\/uploads\/2024\/05\/cropped-LOGO-TERMINADO1-3-3.png\",\"contentUrl\":\"https:\/\/nuevo-renacer.com\/wp-content\/uploads\/2024\/05\/cropped-LOGO-TERMINADO1-3-3.png\",\"width\":512,\"height\":512,\"caption\":\"UFEC\"},\"image\":{\"@id\":\"https:\/\/nuevo-renacer.com\/#\/schema\/logo\/image\/\"},\"sameAs\":[\"https:\/\/www.facebook.com\/groups\/3431398063740829\"]}]}<\/script>\n<!-- \/ Yoast SEO Premium plugin. -->","yoast_head_json":{"title":"Albert von Schrenck-Notzing - Uni\u00f3n Esp\u00edrita","robots":{"index":"index","follow":"follow","max-snippet":"max-snippet:-1","max-image-preview":"max-image-preview:large","max-video-preview":"max-video-preview:-1"},"canonical":"https:\/\/nuevo-renacer.com\/en\/albert-von-schrenck-notzing\/","og_locale":"en_GB","og_type":"article","og_title":"Albert von Schrenck-Notzing","og_description":"Albert von Schrenck-Notzing El bar\u00f3n Albert von Schrenck-Notzing naci\u00f3 el 18 de mayo de 1862 en Oldenburg, Alemania, y estudi\u00f3 en la Universidad de M\u00fanich. Fue psiquiatra forense y miembro de la aristocracia alemana, y se interes\u00f3 por la investigaci\u00f3n ps\u00edquica en 1889. Colabor\u00f3 con Charles Richet, C\u00e9sar Lombroso, Oliver Lodge y muchos otros en [&hellip;]","og_url":"https:\/\/nuevo-renacer.com\/en\/albert-von-schrenck-notzing\/","og_site_name":"Uni\u00f3n Esp\u00edrita","article_publisher":"https:\/\/www.facebook.com\/groups\/3431398063740829","article_modified_time":"2025-12-22T12:56:21+00:00","og_image":[{"width":531,"height":758,"url":"https:\/\/nuevo-renacer.com\/wp-content\/uploads\/2025\/12\/Albert-von-Schrenck-Notzing.jpg","type":"image\/jpeg"}],"twitter_card":"summary_large_image","twitter_misc":{"Estimated reading time":"2 minutes"},"schema":{"@context":"https:\/\/schema.org","@graph":[{"@type":"WebPage","@id":"https:\/\/nuevo-renacer.com\/albert-von-schrenck-notzing\/","url":"https:\/\/nuevo-renacer.com\/albert-von-schrenck-notzing\/","name":"Albert von Schrenck-Notzing - Uni\u00f3n Esp\u00edrita","isPartOf":{"@id":"https:\/\/nuevo-renacer.com\/#website"},"primaryImageOfPage":{"@id":"https:\/\/nuevo-renacer.com\/albert-von-schrenck-notzing\/#primaryimage"},"image":{"@id":"https:\/\/nuevo-renacer.com\/albert-von-schrenck-notzing\/#primaryimage"},"thumbnailUrl":"https:\/\/nuevo-renacer.com\/wp-content\/uploads\/2025\/12\/Albert-von-Schrenck-Notzing.jpg","datePublished":"2025-12-22T12:56:17+00:00","dateModified":"2025-12-22T12:56:21+00:00","breadcrumb":{"@id":"https:\/\/nuevo-renacer.com\/albert-von-schrenck-notzing\/#breadcrumb"},"inLanguage":"en-GB","potentialAction":[{"@type":"ReadAction","target":["https:\/\/nuevo-renacer.com\/albert-von-schrenck-notzing\/"]}]},{"@type":"ImageObject","inLanguage":"en-GB","@id":"https:\/\/nuevo-renacer.com\/albert-von-schrenck-notzing\/#primaryimage","url":"https:\/\/nuevo-renacer.com\/wp-content\/uploads\/2025\/12\/Albert-von-Schrenck-Notzing.jpg","contentUrl":"https:\/\/nuevo-renacer.com\/wp-content\/uploads\/2025\/12\/Albert-von-Schrenck-Notzing.jpg"},{"@type":"BreadcrumbList","@id":"https:\/\/nuevo-renacer.com\/albert-von-schrenck-notzing\/#breadcrumb","itemListElement":[{"@type":"ListItem","position":1,"name":"Startseite","item":"https:\/\/nuevo-renacer.com\/"},{"@type":"ListItem","position":2,"name":"Albert von Schrenck-Notzing"}]},{"@type":"WebSite","@id":"https:\/\/nuevo-renacer.com\/#website","url":"https:\/\/nuevo-renacer.com\/","name":"Uni\u00f3n Esp\u00edrita","description":"Nuevo Renacer","publisher":{"@id":"https:\/\/nuevo-renacer.com\/#organization"},"potentialAction":[{"@type":"SearchAction","target":{"@type":"EntryPoint","urlTemplate":"https:\/\/nuevo-renacer.com\/?s={search_term_string}"},"query-input":{"@type":"PropertyValueSpecification","valueRequired":true,"valueName":"search_term_string"}}],"inLanguage":"en-GB"},{"@type":"Organization","@id":"https:\/\/nuevo-renacer.com\/#organization","name":"UFEC","url":"https:\/\/nuevo-renacer.com\/","logo":{"@type":"ImageObject","inLanguage":"en-GB","@id":"https:\/\/nuevo-renacer.com\/#\/schema\/logo\/image\/","url":"https:\/\/nuevo-renacer.com\/wp-content\/uploads\/2024\/05\/cropped-LOGO-TERMINADO1-3-3.png","contentUrl":"https:\/\/nuevo-renacer.com\/wp-content\/uploads\/2024\/05\/cropped-LOGO-TERMINADO1-3-3.png","width":512,"height":512,"caption":"UFEC"},"image":{"@id":"https:\/\/nuevo-renacer.com\/#\/schema\/logo\/image\/"},"sameAs":["https:\/\/www.facebook.com\/groups\/3431398063740829"]}]}},"uagb_featured_image_src":{"full":false,"thumbnail":false,"medium":false,"medium_large":false,"large":false,"1536x1536":false,"2048x2048":false,"trp-custom-language-flag":false},"uagb_author_info":{"display_name":"adbv0","author_link":"https:\/\/nuevo-renacer.com\/en\/author\/adbv0\/"},"uagb_comment_info":0,"uagb_excerpt":"Albert von Schrenck-Notzing El bar\u00f3n Albert von Schrenck-Notzing naci\u00f3 el 18 de mayo de 1862 en Oldenburg, Alemania, y estudi\u00f3 en la Universidad de M\u00fanich. Fue psiquiatra forense y miembro de la aristocracia alemana, y se interes\u00f3 por la investigaci\u00f3n ps\u00edquica en 1889. Colabor\u00f3 con Charles Richet, C\u00e9sar Lombroso, Oliver Lodge y muchos otros en&hellip;","jetpack_sharing_enabled":true,"_links":{"self":[{"href":"https:\/\/nuevo-renacer.com\/en\/wp-json\/wp\/v2\/pages\/8751","targetHints":{"allow":["GET"]}}],"collection":[{"href":"https:\/\/nuevo-renacer.com\/en\/wp-json\/wp\/v2\/pages"}],"about":[{"href":"https:\/\/nuevo-renacer.com\/en\/wp-json\/wp\/v2\/types\/page"}],"author":[{"embeddable":true,"href":"https:\/\/nuevo-renacer.com\/en\/wp-json\/wp\/v2\/users\/1"}],"replies":[{"embeddable":true,"href":"https:\/\/nuevo-renacer.com\/en\/wp-json\/wp\/v2\/comments?post=8751"}],"version-history":[{"count":1,"href":"https:\/\/nuevo-renacer.com\/en\/wp-json\/wp\/v2\/pages\/8751\/revisions"}],"predecessor-version":[{"id":8753,"href":"https:\/\/nuevo-renacer.com\/en\/wp-json\/wp\/v2\/pages\/8751\/revisions\/8753"}],"wp:attachment":[{"href":"https:\/\/nuevo-renacer.com\/en\/wp-json\/wp\/v2\/media?parent=8751"}],"curies":[{"name":"wp","href":"https:\/\/api.w.org\/{rel}","templated":true}]}}