{"id":8639,"date":"2025-11-14T12:58:20","date_gmt":"2025-11-14T12:58:20","guid":{"rendered":"https:\/\/nuevo-renacer.com\/?page_id=8639"},"modified":"2025-11-14T12:58:24","modified_gmt":"2025-11-14T12:58:24","slug":"hermanas-fox","status":"publish","type":"page","link":"https:\/\/nuevo-renacer.com\/en\/hermanas-fox\/","title":{"rendered":"Fox sisters"},"content":{"rendered":"<div class=\"wp-block-uagb-container uagb-block-4d3e3870 alignfull uagb-is-root-container\"><div class=\"uagb-container-inner-blocks-wrap\">\n<p class=\"has-black-color has-text-color has-link-color has-medium-font-size wp-elements-7de634c842186b4c8baf26d5de142518\"><strong>Fox sisters<\/strong><\/p>\n<\/div><\/div>\n\n\n\n<div class=\"wp-block-uagb-container uagb-block-204025d1 alignfull uagb-is-root-container\"><div class=\"uagb-container-inner-blocks-wrap\">\n<figure class=\"wp-block-image size-full\"><img fetchpriority=\"high\" decoding=\"async\" width=\"780\" height=\"350\" src=\"https:\/\/nuevo-renacer.com\/wp-content\/uploads\/2025\/11\/hydesville-house.jpg\" alt=\"\" class=\"wp-image-8641\" srcset=\"https:\/\/nuevo-renacer.com\/wp-content\/uploads\/2025\/11\/hydesville-house.jpg 780w, https:\/\/nuevo-renacer.com\/wp-content\/uploads\/2025\/11\/hydesville-house-300x135.jpg 300w, https:\/\/nuevo-renacer.com\/wp-content\/uploads\/2025\/11\/hydesville-house-768x345.jpg 768w, https:\/\/nuevo-renacer.com\/wp-content\/uploads\/2025\/11\/hydesville-house-18x8.jpg 18w\" sizes=\"(max-width: 780px) 100vw, 780px\" \/><\/figure>\n<\/div><\/div>\n\n\n\n<div class=\"wp-block-uagb-container uagb-block-c387d495 alignfull uagb-is-root-container\"><div class=\"uagb-container-inner-blocks-wrap\">\n<p class=\"has-black-color has-text-color has-link-color has-small-font-size wp-elements-a8c63397ae435ad1b369f86daf9bc5f1\">In March 1848, in the small town of Hydesville, in the United States of America, the first spiritualist phenomena of the modern era took place, which was the prelude to the advent of the Spiritist Doctrine, consummated with Allan Kardec's Codification. On 11 December 1847, the Fox family moved into a modest house in Hydesville, New York State, about 30 km from the city of Rochester. The group consisted of the head of the family, John Fox, his wife Margareth Fox and their two daughters, Kate and Margareth, who were teenagers at the time. The couple had other children. Among them, Leah stands out, who lived in Rochester, where she taught music. Leah wrote a book, The Missing Link, in 1885, in which she refers to the paranormal abilities of her ancestors.<\/p>\n\n\n\n<p class=\"has-black-color has-text-color has-link-color has-small-font-size wp-elements-1d9956d7c6b37a1904fb8a50cfd8543d\">At first, the Foxes experienced no disturbances in their new residence. However, some time later, more precisely in the first two months of 1848, the same unusual noises that had disturbed the previous tenants began to reappear. Shortly after moving in, the occupants began to hear scratching, unusual noises and banging on the living room ceiling, floor, walls and furniture, which became a real concern for this humble family.<\/p>\n\n\n\n<p class=\"has-black-color has-text-color has-link-color has-small-font-size wp-elements-f66bb86dddeba4ef29fa391498fcfb71\">These noises increased in intensity from mid-March 1848 onwards. Clearer banging and sounds similar to furniture being dragged began to be heard, which frightened the girls to such an extent that they refused to sleep alone in their room and wanted to sleep in their parents' room. At first, the inhabitants of the house, incredulous at the possible supernatural origin of the noises, got up and tried to locate the natural cause of the phenomenon. Lucretia Pulver, a young woman who had served as a lady's companion to the Bells when they lived in the house until 1846, told a curious story about a travelling salesman who had stayed with the Bells. One night when the salesman stayed with the couple, Lucretia was sent to sleep at her parents' house. Three days later, they came back for her.<\/p>\n\n\n\n<p class=\"has-black-color has-text-color has-link-color has-small-font-size wp-elements-cb494511dafb1e2282d296c3275b6ddb\">Then they told her that the pedlar had left. She never saw that man again. Mrs Ann Pulver, who was acquainted with the Bell family, recounts that in 1844, when she visited Mrs Bell to knit in her company, she heard a complaint. The lady told her that she felt very ill and could hardly sleep at night. When asked the cause, Mrs Bell stated that it was unexplained noises; she had thought she heard someone walking from room to room, so she woke her husband and made him get up and lock the windows. At first, she explained to Mrs Pulver that it was probably rats. Later, she confessed that she did not know the reason for these noises, which were inexplicable to her. The Bells ended up moving house.<\/p>\n\n\n\n<p class=\"has-black-color has-text-color has-link-color has-small-font-size wp-elements-4e31c6a16c7705fd4816efeb498c1db4\">On the night of 31 March 1848, a way was discovered to make contact with the spiritual entity that was producing the phenomena. The couple's youngest daughter, Kate, said, clapping her hands: Mr P\u00e9 Rachado, do what I do. Immediately, the clapping was repeated. When she stopped, the sound also stopped. In response, Margaret said jokingly, \u2018Now do exactly what I do. Count one, two, three, four,\u2019 and clapped her hands. What she had asked for was repeated with incredible precision. Kate, jumping in, said with childlike simplicity, \u2018Oh, Mummy! I know what it is.\u2019 Tomorrow is the first of April, and someone wants to play a joke on us.\u2018 The mother later recounted, \u2019Then I thought of a test that no one would be able to answer. I asked them to state the ages of my children, one after the other. Instantly, the exact age of each one was given, with a pause between each one to separate them up to the seventh, after which there was a longer pause and three louder knocks, corresponding to the age of the youngest child, who had died. Then I asked, 'Is it a human being who is answering me so correctly? There was no answer.<\/p>\n\n\n\n<p class=\"has-black-color has-text-color has-link-color has-small-font-size wp-elements-2713a459a40136eddcf804d103482066\">I asked, \u2018Is it a spirit?\u2019 If so, knock twice. Two knocks were heard as soon as I made the request. Then I said, \u2018If it is a murdered spirit, knock twice.\u2019 These were given instantly, causing the house to shake. I asked, \u2018Was he murdered in this house?\u2019 The answer was the same as before. Does the person who murdered him still live? Identical answer, two knocks. Using the same process, I verified that it was a man who had murdered him in this house and that his remains were buried in the basement; that the family consisted of his wife and five children, two boys and three girls, all alive at the time of his death, but that the wife had since passed away. Then I asked, \u2018Will you continue knocking if we call the neighbours so they can hear too?\u2019 The affirmative answer was resounding.<\/p>\n\n\n\n<p class=\"has-black-color has-text-color has-link-color has-small-font-size wp-elements-aa21a6c71ec798644f4e4958e5d66fbd\">Everyone was shocked by the events. Within a week, Mrs Fox had turned grey. And as everything suggested that the phenomena were related to the two girls, Margareth and Kate, they were sent away from the house. But in the house of their brother David Fox, where Margareth went, and in the house of their sister Leah, where Kate stayed, the same noises were heard. Leah, the older sister, had to interrupt her music lessons, as she also became involved in the phenomena. It was discovered that the communicating spirit was a former pedlar named Charles Rosma, who was seeking to reveal his presence and make contact with the people in the house. The individual bearing that name had been murdered years earlier in the Hydesville house. The murdered man revealed that he had been killed with a butcher's knife five years earlier; that the body had been taken to the cellar; that it had only been buried the following night; that he had passed through the pantry, gone down the stairs and been buried about three metres below ground.<\/p>\n\n\n\n<p class=\"has-black-color has-text-color has-link-color has-small-font-size wp-elements-2f9fda7c33c88b66a517fb777e5c1a8a\">He also added that the motive for the crime was the money he had, about five hundred dollars. Those most interested in solving the case decided to excavate the cellar in order to find the remains of the alleged murder victim. It should be noted that they arrived at the identity and history of the Spirit through an alphabetical combination in which each letter was indicated by a certain number of knocks. Charles Rosma had been a street vendor and was 31 years old when he was murdered in that house. The murderer was a former tenant. It could only have been Mr Bell. But where was the evidence, the victim's body? The solution would be to look for it in the cellar, where it would be buried. However, the excavations did not yield any definitive results, as no clues were found. For this reason, they were suspended.<\/p>\n\n\n\n<p class=\"has-black-color has-text-color has-link-color has-small-font-size wp-elements-402d4fcc49ecffe414f1c66be96ca6dd\">In the summer of 1848, Mr David Fox himself, with the help of some interested parties, resumed the venture. At a depth of one and a half metres, they found a plank. As they dug deeper, they found coal, lime, hair and some bone fragments that were recognised by a doctor as belonging to a human skeleton; nothing else. The evidence of the crime was precarious and insufficient, which is perhaps why Mr Bell was not reported. On 23 November 1904, the Boston Journal reported the discovery, in the old Fox cottage, of the skeleton of a man with all the trinkets of a travelling salesman. Some schoolchildren were playing in the basement of the house where the Foxes lived, which was then abandoned because it was reputed to be haunted. Among the rubble of a wall\u2014perhaps a false wall\u2014in the basement, the children found parts of a human skeleton. Next to the skeleton was a tin can of the type used by travelling salesmen. This tin can is now in Lilydale, the headquarters of American spiritualists, where the old Hydesville house was moved. As the reader can see, 56 years after the Hydesville phenomena, on 22 November 1904, the story of Charles Rosma, told to the family of Kate and Margaret Fox in 1848, was confirmed.<\/p>\n\n\n\n<p class=\"has-black-color has-text-color has-link-color has-small-font-size wp-elements-a6effc6759b68c4fc04309239871e276\">Upon moving to Rochester, John Fox's family encountered their first obstacle: the pastor of the Methodist church they belonged to ordered the girls, under penalty of expulsion, to renounce such practices. The Fox sisters rejected this imposition and were therefore expelled from that religious community. In Rochester, the girls had to undergo three public investigations, conducted at Corinthian Hall, and suffered at the hands of the investigators. During the investigations, they were stripped naked and, when they dressed, their dresses were tied tightly against their bodies and they were placed on insulated flooring, in addition to other precautions to prevent the possibility of fraud. In the end, the various commissions formed for this purpose declared that distinct knocks were heard on the walls, floor, and other objects while the sisters were tied up. And that their questions, some of which were asked mentally, had been answered correctly.<\/p>\n<\/div><\/div>\n\n\n\n<div class=\"wp-block-uagb-container uagb-block-180ac2bb alignfull uagb-is-root-container\"><div class=\"uagb-container-inner-blocks-wrap\"><\/div><\/div>\n\n\n\n<div class=\"wp-block-uagb-container uagb-block-29430fb8 alignfull uagb-is-root-container\"><div class=\"uagb-container-inner-blocks-wrap\"><\/div><\/div>","protected":false},"excerpt":{"rendered":"<p>Hermanas Fox En marzo de 1848, en el peque\u00f1o pueblo de Hydesville, en los Estados Unidos de Am\u00e9rica del Norte, tuvieron lugar los primeros fen\u00f3menos espiritistas de la era moderna, lo que supuso el preludio del advenimiento de la Doctrina Esp\u00edrita, consumada con la Codificaci\u00f3n de Allan Kardec. El 11 de diciembre de 1847, la [&hellip;]<\/p>","protected":false},"author":1,"featured_media":0,"parent":0,"menu_order":0,"comment_status":"closed","ping_status":"closed","template":"","meta":{"_uag_custom_page_level_css":"","site-sidebar-layout":"default","site-content-layout":"","ast-site-content-layout":"default","site-content-style":"default","site-sidebar-style":"default","ast-global-header-display":"","ast-banner-title-visibility":"","ast-main-header-display":"","ast-hfb-above-header-display":"","ast-hfb-below-header-display":"","ast-hfb-mobile-header-display":"","site-post-title":"disabled","ast-breadcrumbs-content":"","ast-featured-img":"","footer-sml-layout":"","theme-transparent-header-meta":"","adv-header-id-meta":"","stick-header-meta":"","header-above-stick-meta":"","header-main-stick-meta":"","header-below-stick-meta":"","astra-migrate-meta-layouts":"set","ast-page-background-enabled":"default","ast-page-background-meta":{"desktop":{"background-color":"var(--ast-global-color-4)","background-image":"","background-repeat":"repeat","background-position":"center center","background-size":"auto","background-attachment":"scroll","background-type":"","background-media":"","overlay-type":"","overlay-color":"","overlay-opacity":"","overlay-gradient":""},"tablet":{"background-color":"","background-image":"","background-repeat":"repeat","background-position":"center center","background-size":"auto","background-attachment":"scroll","background-type":"","background-media":"","overlay-type":"","overlay-color":"","overlay-opacity":"","overlay-gradient":""},"mobile":{"background-color":"","background-image":"","background-repeat":"repeat","background-position":"center center","background-size":"auto","background-attachment":"scroll","background-type":"","background-media":"","overlay-type":"","overlay-color":"","overlay-opacity":"","overlay-gradient":""}},"ast-content-background-meta":{"desktop":{"background-color":"var(--ast-global-color-5)","background-image":"","background-repeat":"repeat","background-position":"center center","background-size":"auto","background-attachment":"scroll","background-type":"","background-media":"","overlay-type":"","overlay-color":"","overlay-opacity":"","overlay-gradient":""},"tablet":{"background-color":"var(--ast-global-color-5)","background-image":"","background-repeat":"repeat","background-position":"center center","background-size":"auto","background-attachment":"scroll","background-type":"","background-media":"","overlay-type":"","overlay-color":"","overlay-opacity":"","overlay-gradient":""},"mobile":{"background-color":"var(--ast-global-color-5)","background-image":"","background-repeat":"repeat","background-position":"center center","background-size":"auto","background-attachment":"scroll","background-type":"","background-media":"","overlay-type":"","overlay-color":"","overlay-opacity":"","overlay-gradient":""}},"footnotes":""},"class_list":["post-8639","page","type-page","status-publish","hentry"],"yoast_head":"<!-- This site is optimized with the Yoast SEO Premium plugin v24.2 (Yoast SEO v24.6) - https:\/\/yoast.com\/wordpress\/plugins\/seo\/ -->\n<title>Hermanas Fox - Uni\u00f3n Esp\u00edrita<\/title>\n<meta name=\"robots\" content=\"index, follow, max-snippet:-1, max-image-preview:large, max-video-preview:-1\" \/>\n<link rel=\"canonical\" href=\"https:\/\/nuevo-renacer.com\/en\/hermanas-fox\/\" \/>\n<meta property=\"og:locale\" content=\"en_GB\" \/>\n<meta property=\"og:type\" content=\"article\" \/>\n<meta property=\"og:title\" content=\"Hermanas Fox\" \/>\n<meta property=\"og:description\" content=\"Hermanas Fox En marzo de 1848, en el peque\u00f1o pueblo de Hydesville, en los Estados Unidos de Am\u00e9rica del Norte, tuvieron lugar los primeros fen\u00f3menos espiritistas de la era moderna, lo que supuso el preludio del advenimiento de la Doctrina Esp\u00edrita, consumada con la Codificaci\u00f3n de Allan Kardec. El 11 de diciembre de 1847, la [&hellip;]\" \/>\n<meta property=\"og:url\" content=\"https:\/\/nuevo-renacer.com\/en\/hermanas-fox\/\" \/>\n<meta property=\"og:site_name\" content=\"Uni\u00f3n Esp\u00edrita\" \/>\n<meta property=\"article:publisher\" content=\"https:\/\/www.facebook.com\/groups\/3431398063740829\" \/>\n<meta property=\"article:modified_time\" content=\"2025-11-14T12:58:24+00:00\" \/>\n<meta property=\"og:image\" content=\"https:\/\/nuevo-renacer.com\/wp-content\/uploads\/2025\/11\/hydesville-house.jpg\" \/>\n\t<meta property=\"og:image:width\" content=\"780\" \/>\n\t<meta property=\"og:image:height\" content=\"350\" \/>\n\t<meta property=\"og:image:type\" content=\"image\/jpeg\" \/>\n<meta name=\"twitter:card\" content=\"summary_large_image\" \/>\n<meta name=\"twitter:label1\" content=\"Estimated reading time\" \/>\n\t<meta name=\"twitter:data1\" content=\"9 minutes\" \/>\n<script type=\"application\/ld+json\" class=\"yoast-schema-graph\">{\"@context\":\"https:\/\/schema.org\",\"@graph\":[{\"@type\":\"WebPage\",\"@id\":\"https:\/\/nuevo-renacer.com\/hermanas-fox\/\",\"url\":\"https:\/\/nuevo-renacer.com\/hermanas-fox\/\",\"name\":\"Hermanas Fox - Uni\u00f3n Esp\u00edrita\",\"isPartOf\":{\"@id\":\"https:\/\/nuevo-renacer.com\/#website\"},\"primaryImageOfPage\":{\"@id\":\"https:\/\/nuevo-renacer.com\/hermanas-fox\/#primaryimage\"},\"image\":{\"@id\":\"https:\/\/nuevo-renacer.com\/hermanas-fox\/#primaryimage\"},\"thumbnailUrl\":\"https:\/\/nuevo-renacer.com\/wp-content\/uploads\/2025\/11\/hydesville-house.jpg\",\"datePublished\":\"2025-11-14T12:58:20+00:00\",\"dateModified\":\"2025-11-14T12:58:24+00:00\",\"breadcrumb\":{\"@id\":\"https:\/\/nuevo-renacer.com\/hermanas-fox\/#breadcrumb\"},\"inLanguage\":\"en-GB\",\"potentialAction\":[{\"@type\":\"ReadAction\",\"target\":[\"https:\/\/nuevo-renacer.com\/hermanas-fox\/\"]}]},{\"@type\":\"ImageObject\",\"inLanguage\":\"en-GB\",\"@id\":\"https:\/\/nuevo-renacer.com\/hermanas-fox\/#primaryimage\",\"url\":\"https:\/\/nuevo-renacer.com\/wp-content\/uploads\/2025\/11\/hydesville-house.jpg\",\"contentUrl\":\"https:\/\/nuevo-renacer.com\/wp-content\/uploads\/2025\/11\/hydesville-house.jpg\"},{\"@type\":\"BreadcrumbList\",\"@id\":\"https:\/\/nuevo-renacer.com\/hermanas-fox\/#breadcrumb\",\"itemListElement\":[{\"@type\":\"ListItem\",\"position\":1,\"name\":\"Startseite\",\"item\":\"https:\/\/nuevo-renacer.com\/\"},{\"@type\":\"ListItem\",\"position\":2,\"name\":\"Hermanas Fox\"}]},{\"@type\":\"WebSite\",\"@id\":\"https:\/\/nuevo-renacer.com\/#website\",\"url\":\"https:\/\/nuevo-renacer.com\/\",\"name\":\"Uni\u00f3n Esp\u00edrita\",\"description\":\"Nuevo Renacer\",\"publisher\":{\"@id\":\"https:\/\/nuevo-renacer.com\/#organization\"},\"potentialAction\":[{\"@type\":\"SearchAction\",\"target\":{\"@type\":\"EntryPoint\",\"urlTemplate\":\"https:\/\/nuevo-renacer.com\/?s={search_term_string}\"},\"query-input\":{\"@type\":\"PropertyValueSpecification\",\"valueRequired\":true,\"valueName\":\"search_term_string\"}}],\"inLanguage\":\"en-GB\"},{\"@type\":\"Organization\",\"@id\":\"https:\/\/nuevo-renacer.com\/#organization\",\"name\":\"UFEC\",\"url\":\"https:\/\/nuevo-renacer.com\/\",\"logo\":{\"@type\":\"ImageObject\",\"inLanguage\":\"en-GB\",\"@id\":\"https:\/\/nuevo-renacer.com\/#\/schema\/logo\/image\/\",\"url\":\"https:\/\/nuevo-renacer.com\/wp-content\/uploads\/2024\/05\/cropped-LOGO-TERMINADO1-3-3.png\",\"contentUrl\":\"https:\/\/nuevo-renacer.com\/wp-content\/uploads\/2024\/05\/cropped-LOGO-TERMINADO1-3-3.png\",\"width\":512,\"height\":512,\"caption\":\"UFEC\"},\"image\":{\"@id\":\"https:\/\/nuevo-renacer.com\/#\/schema\/logo\/image\/\"},\"sameAs\":[\"https:\/\/www.facebook.com\/groups\/3431398063740829\"]}]}<\/script>\n<!-- \/ Yoast SEO Premium plugin. -->","yoast_head_json":{"title":"Hermanas Fox - Uni\u00f3n Esp\u00edrita","robots":{"index":"index","follow":"follow","max-snippet":"max-snippet:-1","max-image-preview":"max-image-preview:large","max-video-preview":"max-video-preview:-1"},"canonical":"https:\/\/nuevo-renacer.com\/en\/hermanas-fox\/","og_locale":"en_GB","og_type":"article","og_title":"Hermanas Fox","og_description":"Hermanas Fox En marzo de 1848, en el peque\u00f1o pueblo de Hydesville, en los Estados Unidos de Am\u00e9rica del Norte, tuvieron lugar los primeros fen\u00f3menos espiritistas de la era moderna, lo que supuso el preludio del advenimiento de la Doctrina Esp\u00edrita, consumada con la Codificaci\u00f3n de Allan Kardec. El 11 de diciembre de 1847, la [&hellip;]","og_url":"https:\/\/nuevo-renacer.com\/en\/hermanas-fox\/","og_site_name":"Uni\u00f3n Esp\u00edrita","article_publisher":"https:\/\/www.facebook.com\/groups\/3431398063740829","article_modified_time":"2025-11-14T12:58:24+00:00","og_image":[{"width":780,"height":350,"url":"https:\/\/nuevo-renacer.com\/wp-content\/uploads\/2025\/11\/hydesville-house.jpg","type":"image\/jpeg"}],"twitter_card":"summary_large_image","twitter_misc":{"Estimated reading time":"9 minutes"},"schema":{"@context":"https:\/\/schema.org","@graph":[{"@type":"WebPage","@id":"https:\/\/nuevo-renacer.com\/hermanas-fox\/","url":"https:\/\/nuevo-renacer.com\/hermanas-fox\/","name":"Hermanas Fox - Uni\u00f3n Esp\u00edrita","isPartOf":{"@id":"https:\/\/nuevo-renacer.com\/#website"},"primaryImageOfPage":{"@id":"https:\/\/nuevo-renacer.com\/hermanas-fox\/#primaryimage"},"image":{"@id":"https:\/\/nuevo-renacer.com\/hermanas-fox\/#primaryimage"},"thumbnailUrl":"https:\/\/nuevo-renacer.com\/wp-content\/uploads\/2025\/11\/hydesville-house.jpg","datePublished":"2025-11-14T12:58:20+00:00","dateModified":"2025-11-14T12:58:24+00:00","breadcrumb":{"@id":"https:\/\/nuevo-renacer.com\/hermanas-fox\/#breadcrumb"},"inLanguage":"en-GB","potentialAction":[{"@type":"ReadAction","target":["https:\/\/nuevo-renacer.com\/hermanas-fox\/"]}]},{"@type":"ImageObject","inLanguage":"en-GB","@id":"https:\/\/nuevo-renacer.com\/hermanas-fox\/#primaryimage","url":"https:\/\/nuevo-renacer.com\/wp-content\/uploads\/2025\/11\/hydesville-house.jpg","contentUrl":"https:\/\/nuevo-renacer.com\/wp-content\/uploads\/2025\/11\/hydesville-house.jpg"},{"@type":"BreadcrumbList","@id":"https:\/\/nuevo-renacer.com\/hermanas-fox\/#breadcrumb","itemListElement":[{"@type":"ListItem","position":1,"name":"Startseite","item":"https:\/\/nuevo-renacer.com\/"},{"@type":"ListItem","position":2,"name":"Hermanas Fox"}]},{"@type":"WebSite","@id":"https:\/\/nuevo-renacer.com\/#website","url":"https:\/\/nuevo-renacer.com\/","name":"Uni\u00f3n Esp\u00edrita","description":"Nuevo Renacer","publisher":{"@id":"https:\/\/nuevo-renacer.com\/#organization"},"potentialAction":[{"@type":"SearchAction","target":{"@type":"EntryPoint","urlTemplate":"https:\/\/nuevo-renacer.com\/?s={search_term_string}"},"query-input":{"@type":"PropertyValueSpecification","valueRequired":true,"valueName":"search_term_string"}}],"inLanguage":"en-GB"},{"@type":"Organization","@id":"https:\/\/nuevo-renacer.com\/#organization","name":"UFEC","url":"https:\/\/nuevo-renacer.com\/","logo":{"@type":"ImageObject","inLanguage":"en-GB","@id":"https:\/\/nuevo-renacer.com\/#\/schema\/logo\/image\/","url":"https:\/\/nuevo-renacer.com\/wp-content\/uploads\/2024\/05\/cropped-LOGO-TERMINADO1-3-3.png","contentUrl":"https:\/\/nuevo-renacer.com\/wp-content\/uploads\/2024\/05\/cropped-LOGO-TERMINADO1-3-3.png","width":512,"height":512,"caption":"UFEC"},"image":{"@id":"https:\/\/nuevo-renacer.com\/#\/schema\/logo\/image\/"},"sameAs":["https:\/\/www.facebook.com\/groups\/3431398063740829"]}]}},"uagb_featured_image_src":{"full":false,"thumbnail":false,"medium":false,"medium_large":false,"large":false,"1536x1536":false,"2048x2048":false,"trp-custom-language-flag":false},"uagb_author_info":{"display_name":"adbv0","author_link":"https:\/\/nuevo-renacer.com\/en\/author\/adbv0\/"},"uagb_comment_info":0,"uagb_excerpt":"Hermanas Fox En marzo de 1848, en el peque\u00f1o pueblo de Hydesville, en los Estados Unidos de Am\u00e9rica del Norte, tuvieron lugar los primeros fen\u00f3menos espiritistas de la era moderna, lo que supuso el preludio del advenimiento de la Doctrina Esp\u00edrita, consumada con la Codificaci\u00f3n de Allan Kardec. El 11 de diciembre de 1847, la&hellip;","jetpack_sharing_enabled":true,"_links":{"self":[{"href":"https:\/\/nuevo-renacer.com\/en\/wp-json\/wp\/v2\/pages\/8639","targetHints":{"allow":["GET"]}}],"collection":[{"href":"https:\/\/nuevo-renacer.com\/en\/wp-json\/wp\/v2\/pages"}],"about":[{"href":"https:\/\/nuevo-renacer.com\/en\/wp-json\/wp\/v2\/types\/page"}],"author":[{"embeddable":true,"href":"https:\/\/nuevo-renacer.com\/en\/wp-json\/wp\/v2\/users\/1"}],"replies":[{"embeddable":true,"href":"https:\/\/nuevo-renacer.com\/en\/wp-json\/wp\/v2\/comments?post=8639"}],"version-history":[{"count":1,"href":"https:\/\/nuevo-renacer.com\/en\/wp-json\/wp\/v2\/pages\/8639\/revisions"}],"predecessor-version":[{"id":8642,"href":"https:\/\/nuevo-renacer.com\/en\/wp-json\/wp\/v2\/pages\/8639\/revisions\/8642"}],"wp:attachment":[{"href":"https:\/\/nuevo-renacer.com\/en\/wp-json\/wp\/v2\/media?parent=8639"}],"curies":[{"name":"wp","href":"https:\/\/api.w.org\/{rel}","templated":true}]}}