{"id":8633,"date":"2025-11-06T17:59:29","date_gmt":"2025-11-06T17:59:29","guid":{"rendered":"https:\/\/nuevo-renacer.com\/?page_id=8633"},"modified":"2025-11-06T17:59:32","modified_gmt":"2025-11-06T17:59:32","slug":"ernestina-ferreira-dos-santos","status":"publish","type":"page","link":"https:\/\/nuevo-renacer.com\/en\/ernestina-ferreira-dos-santos\/","title":{"rendered":"Ernestina Ferreira dos Santos"},"content":{"rendered":"<div class=\"wp-block-uagb-container uagb-block-e8c7a7f2 alignfull uagb-is-root-container\"><div class=\"uagb-container-inner-blocks-wrap\">\n<p class=\"has-black-color has-text-color has-link-color has-medium-font-size wp-elements-76ad31f37335e8219fe730facb493819\"><strong>Ernestina Ferreira dos Santos<\/strong><\/p>\n<\/div><\/div>\n\n\n\n<div class=\"wp-block-uagb-container uagb-block-910e5d20 alignfull uagb-is-root-container\"><div class=\"uagb-container-inner-blocks-wrap\">\n<figure class=\"wp-block-image size-full is-resized\"><img fetchpriority=\"high\" decoding=\"async\" width=\"572\" height=\"542\" src=\"https:\/\/nuevo-renacer.com\/wp-content\/uploads\/2025\/11\/WhatsApp-Image-2025-11-06-at-18.57.38.jpeg\" alt=\"\" class=\"wp-image-8634\" style=\"width:364px;height:auto\" srcset=\"https:\/\/nuevo-renacer.com\/wp-content\/uploads\/2025\/11\/WhatsApp-Image-2025-11-06-at-18.57.38.jpeg 572w, https:\/\/nuevo-renacer.com\/wp-content\/uploads\/2025\/11\/WhatsApp-Image-2025-11-06-at-18.57.38-300x284.jpeg 300w, https:\/\/nuevo-renacer.com\/wp-content\/uploads\/2025\/11\/WhatsApp-Image-2025-11-06-at-18.57.38-13x12.jpeg 13w\" sizes=\"(max-width: 572px) 100vw, 572px\" \/><\/figure>\n<\/div><\/div>\n\n\n\n<div class=\"wp-block-uagb-container uagb-block-60d5e8b8 alignfull uagb-is-root-container\"><div class=\"uagb-container-inner-blocks-wrap\">\n<p class=\"has-black-color has-text-color has-link-color has-small-font-size wp-elements-0734009c99defdb14ccb11b8e7aee153\">She was born on 1 January 1879 in Rio de Janeiro and died on 16 November 1953 in the same city. She was the daughter of Aristides Gon\u00e7alves Ferreira and D. Augusta Dias Ferreira. She lost her father at an early age and was raised by her kind and devoted mother, who gave her a careful education. Very thin and in delicate health, at the age of five she suffered severe pain in her left leg; it was the beginning of bone porosis, which dislocated her hip. After a series of very painful operations, the head of her femur had to be amputated, leaving her with one leg shorter than the other, which caused her years of intense suffering; her pain was so severe that people could only enter her room on tiptoe so as not to disturb her.<\/p>\n\n\n\n<p class=\"has-black-color has-text-color has-link-color has-small-font-size wp-elements-674fb24450819c0f6d121a6c49c8b902\">Thus, she reached adolescence in constant torment. She rebelled against her parents' religion, Catholicism, which was professed by the whole family. She argued, \u2018I feel that God exists, but not as they present him. Why do I, who have never hurt anyone, suffer so much, while so many wicked people are healthy and live happily?\u2019 Her grandfather, who loved her dearly, was horrified by this thought and said: \u2018Let us pray, people, that our Nen\u00ea is being tempted by the devil.\u2019 Her mother, a teacher, widow, poor and with many children, was transferred to Jacarepagu\u00e1. There she met a couple of farmers, parents of nine children, and one of them married her eldest daughter, whereupon a romance blossomed between another of the couple's sons and Ernestina, with no hope of the marriage taking place due to the precariousness of her health.<\/p>\n\n\n\n<p class=\"has-black-color has-text-color has-link-color has-small-font-size wp-elements-d57f1d565a04e6b80e963096eb312efd\">Ign\u00e1cio Barbosa dos Santos, two years older than Ernestina, fell in love with her innocence. He was good-natured and loving and became her constant companion, accompanying her without discouragement, despite her illness and weakness. At the age of 17, after undergoing seven operations on her leg, she walked with difficulty and in excruciating pain. Even so, the two felt themselves growing more and more in love. They were undoubtedly soul mates who had found each other again.<\/p>\n\n\n\n<p class=\"has-black-color has-text-color has-link-color has-small-font-size wp-elements-92b0a23bda1697edb630b03b0c9b1615\">Due to her illness, she was forced to seek out a healer named Eduardo Silva in S\u00e3o Paulo, who, although not a Spiritist, was gifted with mediumistic abilities. At that time, a cousin of hers gave her a copy of The Gospel According to Spiritism. During the trip, she read the book and felt that a new horizon was opening up before her eyes. At that time, when Eduardo Silva laid his hands on her, she felt a great improvement in her physical condition; at the hotel, she noticed that her clothes were wet with a secretion. With further applications of passes, her pains disappeared completely.<\/p>\n\n\n\n<p class=\"has-black-color has-text-color has-link-color has-small-font-size wp-elements-d1774cea76db806c0d4d38e624aadfe6\">Feeling cured, two years later she agreed to marry, becoming a wife and mother. Her husband became a devoted carer, with a deep sense of protection towards her physical defect. Years after they were married, the illness returned. The doctor advised her to have surgery, but she met a citizen who practised spiritualism, who suggested the application of passes, a recommendation she received with great joy. At that time, she had the opportunity to develop her mediumship, giving passivity to a spirit named Ester who, going back to past lives, revealed the causes of her suffering. Shortly afterwards, the doctor confirmed that she was completely cured.<\/p>\n\n\n\n<p class=\"has-black-color has-text-color has-link-color has-small-font-size wp-elements-b6c69adc7ff5de46ae913281798dee8b\">Upon becoming involved in Spiritism, she and her husband founded the Cultivadores da Verdade Spiritist Group in their own home, which operated for some time under the direction of Mr. Serr\u00e3o, a friend of the family, and was later taken over by the famous medium In\u00e1cio Bittencourt. Then the \u2018P\u00e3o dos Pobres\u2019 (Bread of the Poor) was created, a way to help the needy, and Ernestina often climbed the hills, with the help of a child, to carry out her charitable work. At that time, her husband suffered a financial setback and had to liquidate his business. Ernestina entered a competition at the Normal School, graduated as a teacher and began to help her husband until the couple's life returned to normal. Her main aspiration was to found a home for homeless children, but she saw no possibility of doing so, as resources were scarce; the people who frequented the Group were quite modest and poor. Teresa of Jesus, who communicated through her, announced that, from that small association of Bread for the Needy, a great House of Charity would develop in the very near future.<\/p>\n\n\n\n<p class=\"has-black-color has-text-color has-link-color has-small-font-size wp-elements-96fd7e41969f500a9f06c1c2474bc599\">On 31 December 1918, everything was ready for distribution the following day: food parcels, fabrics, clothing, toys and even money in envelopes, when someone knocked on the door and handed over a list with the sum of 930.000 r\u00e9is, a fortune at that time. What to do with all that money? Ernestina thought about it and put it aside to deliberate later. The next day, 1 January 1919, the usual distribution took place. It was Wednesday, and that night the meeting was held. At the end, as usual, a message arrived from Teresa of Jesus, saying: \u2018The money that has arrived at the last minute is the seed for the House of Charity that I have been announcing to you. It will be for the poorest children you can find. Work, and I will help you.\u2019<\/p>\n\n\n\n<p class=\"has-black-color has-text-color has-link-color has-small-font-size wp-elements-d5c500445b95ac134515c35a598dbcb5\">There was widespread joy. At that very moment, the founding charter was drafted and those present registered as founding members. The first board of directors of the Teresa de Jesus Shelter was constituted as follows: President, Ign\u00e1cio Bittencourt; Vice-President, Raul Salgado Zenha; Director, Ernestina F. dos Santos; Deputy Director, Manoel Santos; Treasurer, Ant\u00f4nio Batista Coelho; Deputy Treasurer, Samuel Caldas; Secretary, Oct\u00e1vio Pereira Legey; Vice-Secretary, Alexandre Dyott Fontenelle; and Attorney, Jo\u00e3o Esberard. His selflessness and spirit of hard work, alongside children and those in need, his charitable soul and personified kindness earned him, in 1951, the Diploma and Medal of \u2018Honour of Merit,\u2019 awarded by Radio Nacional, in a programme directed by Dr. Paulo Roberto, intended to reward those who stood out for their contributions to humanitarian causes.<\/p>\n\n\n\n<p class=\"has-black-color has-text-color has-link-color has-small-font-size wp-elements-5bf95c24c206c544f3e12d0125ea00bf\">We do not wish to sanctify anyone; that is not our goal in revealing these great lives, but rather to show them as examples of self-sacrifice to future generations, telling them that even in this age, in which evil and corruption reign, all is not lost, for great souls stand out for the sweetness of their feelings and their moral strength, as true disciples of Christ. Her passing left behind a trail of light, followed by a handful of companions who, to this day, support and will continue to support the Casa de Teresa de Jes\u00fas, a model institution in the state of Rio de Janeiro.<\/p>\n<\/div><\/div>\n\n\n\n<div class=\"wp-block-uagb-container uagb-block-e77d46d5 alignfull uagb-is-root-container\"><div class=\"uagb-container-inner-blocks-wrap\"><\/div><\/div>\n\n\n\n<div class=\"wp-block-uagb-container uagb-block-8c9ca943 alignfull uagb-is-root-container\"><div class=\"uagb-container-inner-blocks-wrap\"><\/div><\/div>","protected":false},"excerpt":{"rendered":"<p>Ernestina Ferreira dos Santos Naci\u00f3 el 1 de enero de 1879 en R\u00edo de Janeiro y falleci\u00f3 el 16 de noviembre de 1953 en la misma ciudad. Era hija de Aristides Gon\u00e7alves Ferreira y D. Augusta Dias Ferreira. De peque\u00f1a perdi\u00f3 a su padre, quedando al cuidado de su buena y dedicada madre, quien le [&hellip;]<\/p>","protected":false},"author":1,"featured_media":0,"parent":0,"menu_order":0,"comment_status":"closed","ping_status":"closed","template":"","meta":{"_uag_custom_page_level_css":"","site-sidebar-layout":"default","site-content-layout":"","ast-site-content-layout":"default","site-content-style":"default","site-sidebar-style":"default","ast-global-header-display":"","ast-banner-title-visibility":"","ast-main-header-display":"","ast-hfb-above-header-display":"","ast-hfb-below-header-display":"","ast-hfb-mobile-header-display":"","site-post-title":"disabled","ast-breadcrumbs-content":"","ast-featured-img":"","footer-sml-layout":"","theme-transparent-header-meta":"","adv-header-id-meta":"","stick-header-meta":"","header-above-stick-meta":"","header-main-stick-meta":"","header-below-stick-meta":"","astra-migrate-meta-layouts":"set","ast-page-background-enabled":"default","ast-page-background-meta":{"desktop":{"background-color":"var(--ast-global-color-4)","background-image":"","background-repeat":"repeat","background-position":"center center","background-size":"auto","background-attachment":"scroll","background-type":"","background-media":"","overlay-type":"","overlay-color":"","overlay-opacity":"","overlay-gradient":""},"tablet":{"background-color":"","background-image":"","background-repeat":"repeat","background-position":"center center","background-size":"auto","background-attachment":"scroll","background-type":"","background-media":"","overlay-type":"","overlay-color":"","overlay-opacity":"","overlay-gradient":""},"mobile":{"background-color":"","background-image":"","background-repeat":"repeat","background-position":"center center","background-size":"auto","background-attachment":"scroll","background-type":"","background-media":"","overlay-type":"","overlay-color":"","overlay-opacity":"","overlay-gradient":""}},"ast-content-background-meta":{"desktop":{"background-color":"var(--ast-global-color-5)","background-image":"","background-repeat":"repeat","background-position":"center center","background-size":"auto","background-attachment":"scroll","background-type":"","background-media":"","overlay-type":"","overlay-color":"","overlay-opacity":"","overlay-gradient":""},"tablet":{"background-color":"var(--ast-global-color-5)","background-image":"","background-repeat":"repeat","background-position":"center center","background-size":"auto","background-attachment":"scroll","background-type":"","background-media":"","overlay-type":"","overlay-color":"","overlay-opacity":"","overlay-gradient":""},"mobile":{"background-color":"var(--ast-global-color-5)","background-image":"","background-repeat":"repeat","background-position":"center center","background-size":"auto","background-attachment":"scroll","background-type":"","background-media":"","overlay-type":"","overlay-color":"","overlay-opacity":"","overlay-gradient":""}},"footnotes":""},"class_list":["post-8633","page","type-page","status-publish","hentry"],"yoast_head":"<!-- This site is optimized with the Yoast SEO Premium plugin v24.2 (Yoast SEO v24.6) - https:\/\/yoast.com\/wordpress\/plugins\/seo\/ -->\n<title>Ernestina Ferreira dos Santos - Uni\u00f3n Esp\u00edrita<\/title>\n<meta name=\"robots\" content=\"index, follow, max-snippet:-1, max-image-preview:large, max-video-preview:-1\" \/>\n<link rel=\"canonical\" href=\"https:\/\/nuevo-renacer.com\/en\/ernestina-ferreira-dos-santos\/\" \/>\n<meta property=\"og:locale\" content=\"en_GB\" \/>\n<meta property=\"og:type\" content=\"article\" \/>\n<meta property=\"og:title\" content=\"Ernestina Ferreira dos Santos\" \/>\n<meta property=\"og:description\" content=\"Ernestina Ferreira dos Santos Naci\u00f3 el 1 de enero de 1879 en R\u00edo de Janeiro y falleci\u00f3 el 16 de noviembre de 1953 en la misma ciudad. Era hija de Aristides Gon\u00e7alves Ferreira y D. Augusta Dias Ferreira. De peque\u00f1a perdi\u00f3 a su padre, quedando al cuidado de su buena y dedicada madre, quien le [&hellip;]\" \/>\n<meta property=\"og:url\" content=\"https:\/\/nuevo-renacer.com\/en\/ernestina-ferreira-dos-santos\/\" \/>\n<meta property=\"og:site_name\" content=\"Uni\u00f3n Esp\u00edrita\" \/>\n<meta property=\"article:publisher\" content=\"https:\/\/www.facebook.com\/groups\/3431398063740829\" \/>\n<meta property=\"article:modified_time\" content=\"2025-11-06T17:59:32+00:00\" \/>\n<meta property=\"og:image\" content=\"https:\/\/nuevo-renacer.com\/wp-content\/uploads\/2025\/11\/WhatsApp-Image-2025-11-06-at-18.57.38.jpeg\" \/>\n\t<meta property=\"og:image:width\" content=\"572\" \/>\n\t<meta property=\"og:image:height\" content=\"542\" \/>\n\t<meta property=\"og:image:type\" content=\"image\/jpeg\" \/>\n<meta name=\"twitter:card\" content=\"summary_large_image\" \/>\n<meta name=\"twitter:label1\" content=\"Estimated reading time\" \/>\n\t<meta name=\"twitter:data1\" content=\"7 minutes\" \/>\n<script type=\"application\/ld+json\" class=\"yoast-schema-graph\">{\"@context\":\"https:\/\/schema.org\",\"@graph\":[{\"@type\":\"WebPage\",\"@id\":\"https:\/\/nuevo-renacer.com\/ernestina-ferreira-dos-santos\/\",\"url\":\"https:\/\/nuevo-renacer.com\/ernestina-ferreira-dos-santos\/\",\"name\":\"Ernestina Ferreira dos Santos - Uni\u00f3n Esp\u00edrita\",\"isPartOf\":{\"@id\":\"https:\/\/nuevo-renacer.com\/#website\"},\"primaryImageOfPage\":{\"@id\":\"https:\/\/nuevo-renacer.com\/ernestina-ferreira-dos-santos\/#primaryimage\"},\"image\":{\"@id\":\"https:\/\/nuevo-renacer.com\/ernestina-ferreira-dos-santos\/#primaryimage\"},\"thumbnailUrl\":\"https:\/\/nuevo-renacer.com\/wp-content\/uploads\/2025\/11\/WhatsApp-Image-2025-11-06-at-18.57.38.jpeg\",\"datePublished\":\"2025-11-06T17:59:29+00:00\",\"dateModified\":\"2025-11-06T17:59:32+00:00\",\"breadcrumb\":{\"@id\":\"https:\/\/nuevo-renacer.com\/ernestina-ferreira-dos-santos\/#breadcrumb\"},\"inLanguage\":\"en-GB\",\"potentialAction\":[{\"@type\":\"ReadAction\",\"target\":[\"https:\/\/nuevo-renacer.com\/ernestina-ferreira-dos-santos\/\"]}]},{\"@type\":\"ImageObject\",\"inLanguage\":\"en-GB\",\"@id\":\"https:\/\/nuevo-renacer.com\/ernestina-ferreira-dos-santos\/#primaryimage\",\"url\":\"https:\/\/nuevo-renacer.com\/wp-content\/uploads\/2025\/11\/WhatsApp-Image-2025-11-06-at-18.57.38.jpeg\",\"contentUrl\":\"https:\/\/nuevo-renacer.com\/wp-content\/uploads\/2025\/11\/WhatsApp-Image-2025-11-06-at-18.57.38.jpeg\"},{\"@type\":\"BreadcrumbList\",\"@id\":\"https:\/\/nuevo-renacer.com\/ernestina-ferreira-dos-santos\/#breadcrumb\",\"itemListElement\":[{\"@type\":\"ListItem\",\"position\":1,\"name\":\"Startseite\",\"item\":\"https:\/\/nuevo-renacer.com\/\"},{\"@type\":\"ListItem\",\"position\":2,\"name\":\"Ernestina Ferreira dos Santos\"}]},{\"@type\":\"WebSite\",\"@id\":\"https:\/\/nuevo-renacer.com\/#website\",\"url\":\"https:\/\/nuevo-renacer.com\/\",\"name\":\"Uni\u00f3n Esp\u00edrita\",\"description\":\"Nuevo Renacer\",\"publisher\":{\"@id\":\"https:\/\/nuevo-renacer.com\/#organization\"},\"potentialAction\":[{\"@type\":\"SearchAction\",\"target\":{\"@type\":\"EntryPoint\",\"urlTemplate\":\"https:\/\/nuevo-renacer.com\/?s={search_term_string}\"},\"query-input\":{\"@type\":\"PropertyValueSpecification\",\"valueRequired\":true,\"valueName\":\"search_term_string\"}}],\"inLanguage\":\"en-GB\"},{\"@type\":\"Organization\",\"@id\":\"https:\/\/nuevo-renacer.com\/#organization\",\"name\":\"UFEC\",\"url\":\"https:\/\/nuevo-renacer.com\/\",\"logo\":{\"@type\":\"ImageObject\",\"inLanguage\":\"en-GB\",\"@id\":\"https:\/\/nuevo-renacer.com\/#\/schema\/logo\/image\/\",\"url\":\"https:\/\/nuevo-renacer.com\/wp-content\/uploads\/2024\/05\/cropped-LOGO-TERMINADO1-3-3.png\",\"contentUrl\":\"https:\/\/nuevo-renacer.com\/wp-content\/uploads\/2024\/05\/cropped-LOGO-TERMINADO1-3-3.png\",\"width\":512,\"height\":512,\"caption\":\"UFEC\"},\"image\":{\"@id\":\"https:\/\/nuevo-renacer.com\/#\/schema\/logo\/image\/\"},\"sameAs\":[\"https:\/\/www.facebook.com\/groups\/3431398063740829\"]}]}<\/script>\n<!-- \/ Yoast SEO Premium plugin. -->","yoast_head_json":{"title":"Ernestina Ferreira dos Santos - Uni\u00f3n Esp\u00edrita","robots":{"index":"index","follow":"follow","max-snippet":"max-snippet:-1","max-image-preview":"max-image-preview:large","max-video-preview":"max-video-preview:-1"},"canonical":"https:\/\/nuevo-renacer.com\/en\/ernestina-ferreira-dos-santos\/","og_locale":"en_GB","og_type":"article","og_title":"Ernestina Ferreira dos Santos","og_description":"Ernestina Ferreira dos Santos Naci\u00f3 el 1 de enero de 1879 en R\u00edo de Janeiro y falleci\u00f3 el 16 de noviembre de 1953 en la misma ciudad. Era hija de Aristides Gon\u00e7alves Ferreira y D. Augusta Dias Ferreira. De peque\u00f1a perdi\u00f3 a su padre, quedando al cuidado de su buena y dedicada madre, quien le [&hellip;]","og_url":"https:\/\/nuevo-renacer.com\/en\/ernestina-ferreira-dos-santos\/","og_site_name":"Uni\u00f3n Esp\u00edrita","article_publisher":"https:\/\/www.facebook.com\/groups\/3431398063740829","article_modified_time":"2025-11-06T17:59:32+00:00","og_image":[{"width":572,"height":542,"url":"https:\/\/nuevo-renacer.com\/wp-content\/uploads\/2025\/11\/WhatsApp-Image-2025-11-06-at-18.57.38.jpeg","type":"image\/jpeg"}],"twitter_card":"summary_large_image","twitter_misc":{"Estimated reading time":"7 minutes"},"schema":{"@context":"https:\/\/schema.org","@graph":[{"@type":"WebPage","@id":"https:\/\/nuevo-renacer.com\/ernestina-ferreira-dos-santos\/","url":"https:\/\/nuevo-renacer.com\/ernestina-ferreira-dos-santos\/","name":"Ernestina Ferreira dos Santos - Uni\u00f3n Esp\u00edrita","isPartOf":{"@id":"https:\/\/nuevo-renacer.com\/#website"},"primaryImageOfPage":{"@id":"https:\/\/nuevo-renacer.com\/ernestina-ferreira-dos-santos\/#primaryimage"},"image":{"@id":"https:\/\/nuevo-renacer.com\/ernestina-ferreira-dos-santos\/#primaryimage"},"thumbnailUrl":"https:\/\/nuevo-renacer.com\/wp-content\/uploads\/2025\/11\/WhatsApp-Image-2025-11-06-at-18.57.38.jpeg","datePublished":"2025-11-06T17:59:29+00:00","dateModified":"2025-11-06T17:59:32+00:00","breadcrumb":{"@id":"https:\/\/nuevo-renacer.com\/ernestina-ferreira-dos-santos\/#breadcrumb"},"inLanguage":"en-GB","potentialAction":[{"@type":"ReadAction","target":["https:\/\/nuevo-renacer.com\/ernestina-ferreira-dos-santos\/"]}]},{"@type":"ImageObject","inLanguage":"en-GB","@id":"https:\/\/nuevo-renacer.com\/ernestina-ferreira-dos-santos\/#primaryimage","url":"https:\/\/nuevo-renacer.com\/wp-content\/uploads\/2025\/11\/WhatsApp-Image-2025-11-06-at-18.57.38.jpeg","contentUrl":"https:\/\/nuevo-renacer.com\/wp-content\/uploads\/2025\/11\/WhatsApp-Image-2025-11-06-at-18.57.38.jpeg"},{"@type":"BreadcrumbList","@id":"https:\/\/nuevo-renacer.com\/ernestina-ferreira-dos-santos\/#breadcrumb","itemListElement":[{"@type":"ListItem","position":1,"name":"Startseite","item":"https:\/\/nuevo-renacer.com\/"},{"@type":"ListItem","position":2,"name":"Ernestina Ferreira dos Santos"}]},{"@type":"WebSite","@id":"https:\/\/nuevo-renacer.com\/#website","url":"https:\/\/nuevo-renacer.com\/","name":"Uni\u00f3n Esp\u00edrita","description":"Nuevo Renacer","publisher":{"@id":"https:\/\/nuevo-renacer.com\/#organization"},"potentialAction":[{"@type":"SearchAction","target":{"@type":"EntryPoint","urlTemplate":"https:\/\/nuevo-renacer.com\/?s={search_term_string}"},"query-input":{"@type":"PropertyValueSpecification","valueRequired":true,"valueName":"search_term_string"}}],"inLanguage":"en-GB"},{"@type":"Organization","@id":"https:\/\/nuevo-renacer.com\/#organization","name":"UFEC","url":"https:\/\/nuevo-renacer.com\/","logo":{"@type":"ImageObject","inLanguage":"en-GB","@id":"https:\/\/nuevo-renacer.com\/#\/schema\/logo\/image\/","url":"https:\/\/nuevo-renacer.com\/wp-content\/uploads\/2024\/05\/cropped-LOGO-TERMINADO1-3-3.png","contentUrl":"https:\/\/nuevo-renacer.com\/wp-content\/uploads\/2024\/05\/cropped-LOGO-TERMINADO1-3-3.png","width":512,"height":512,"caption":"UFEC"},"image":{"@id":"https:\/\/nuevo-renacer.com\/#\/schema\/logo\/image\/"},"sameAs":["https:\/\/www.facebook.com\/groups\/3431398063740829"]}]}},"uagb_featured_image_src":{"full":false,"thumbnail":false,"medium":false,"medium_large":false,"large":false,"1536x1536":false,"2048x2048":false,"trp-custom-language-flag":false},"uagb_author_info":{"display_name":"adbv0","author_link":"https:\/\/nuevo-renacer.com\/en\/author\/adbv0\/"},"uagb_comment_info":0,"uagb_excerpt":"Ernestina Ferreira dos Santos Naci\u00f3 el 1 de enero de 1879 en R\u00edo de Janeiro y falleci\u00f3 el 16 de noviembre de 1953 en la misma ciudad. Era hija de Aristides Gon\u00e7alves Ferreira y D. Augusta Dias Ferreira. De peque\u00f1a perdi\u00f3 a su padre, quedando al cuidado de su buena y dedicada madre, quien le&hellip;","jetpack_sharing_enabled":true,"_links":{"self":[{"href":"https:\/\/nuevo-renacer.com\/en\/wp-json\/wp\/v2\/pages\/8633","targetHints":{"allow":["GET"]}}],"collection":[{"href":"https:\/\/nuevo-renacer.com\/en\/wp-json\/wp\/v2\/pages"}],"about":[{"href":"https:\/\/nuevo-renacer.com\/en\/wp-json\/wp\/v2\/types\/page"}],"author":[{"embeddable":true,"href":"https:\/\/nuevo-renacer.com\/en\/wp-json\/wp\/v2\/users\/1"}],"replies":[{"embeddable":true,"href":"https:\/\/nuevo-renacer.com\/en\/wp-json\/wp\/v2\/comments?post=8633"}],"version-history":[{"count":1,"href":"https:\/\/nuevo-renacer.com\/en\/wp-json\/wp\/v2\/pages\/8633\/revisions"}],"predecessor-version":[{"id":8635,"href":"https:\/\/nuevo-renacer.com\/en\/wp-json\/wp\/v2\/pages\/8633\/revisions\/8635"}],"wp:attachment":[{"href":"https:\/\/nuevo-renacer.com\/en\/wp-json\/wp\/v2\/media?parent=8633"}],"curies":[{"name":"wp","href":"https:\/\/api.w.org\/{rel}","templated":true}]}}