{"id":8606,"date":"2025-11-03T11:42:32","date_gmt":"2025-11-03T11:42:32","guid":{"rendered":"https:\/\/nuevo-renacer.com\/?page_id=8606"},"modified":"2025-11-03T11:42:52","modified_gmt":"2025-11-03T11:42:52","slug":"clelia-soares-da-rocha","status":"publish","type":"page","link":"https:\/\/nuevo-renacer.com\/en\/clelia-soares-da-rocha\/","title":{"rendered":"Cl\u00e9lia Soares da Rocha"},"content":{"rendered":"<div class=\"wp-block-uagb-container uagb-block-2ef46de7 alignfull uagb-is-root-container\"><div class=\"uagb-container-inner-blocks-wrap\">\n<p class=\"has-black-color has-text-color has-link-color has-medium-font-size wp-elements-4505f72322894b05cdad17c022a1bd1b\"><strong>Cl\u00e9lia Soares da Rocha<\/strong><\/p>\n<\/div><\/div>\n\n\n\n<div class=\"wp-block-uagb-container uagb-block-656d411d alignfull uagb-is-root-container\"><div class=\"uagb-container-inner-blocks-wrap\">\n<figure class=\"wp-block-image size-full is-resized\"><img fetchpriority=\"high\" decoding=\"async\" width=\"1000\" height=\"779\" src=\"https:\/\/nuevo-renacer.com\/wp-content\/uploads\/2025\/11\/Clelia-Soares-da-Rocha.jpg\" alt=\"\" class=\"wp-image-8607\" style=\"width:275px;height:auto\" srcset=\"https:\/\/nuevo-renacer.com\/wp-content\/uploads\/2025\/11\/Clelia-Soares-da-Rocha.jpg 1000w, https:\/\/nuevo-renacer.com\/wp-content\/uploads\/2025\/11\/Clelia-Soares-da-Rocha-300x234.jpg 300w, https:\/\/nuevo-renacer.com\/wp-content\/uploads\/2025\/11\/Clelia-Soares-da-Rocha-768x598.jpg 768w, https:\/\/nuevo-renacer.com\/wp-content\/uploads\/2025\/11\/Clelia-Soares-da-Rocha-15x12.jpg 15w\" sizes=\"(max-width: 1000px) 100vw, 1000px\" \/><\/figure>\n<\/div><\/div>\n\n\n\n<div class=\"wp-block-uagb-container uagb-block-e149af88 alignfull uagb-is-root-container\"><div class=\"uagb-container-inner-blocks-wrap\">\n<p class=\"has-black-color has-text-color has-link-color has-small-font-size wp-elements-5fbb062c542ebeeebb658cd62c4818f2\">Cl\u00e9lia Soares da Rocha was born in the city of Barra Mansa, State of Rio de Janeiro, on 18 October 1886 and passed away at the age of 50 on 16 February 1936. She was educated as a boarder at Col\u00e9gio Bom Conselho, in the city of Taubat\u00e9, completing her education in the city of Piracicaba, where she received her primary school teaching diploma. She taught for several years at Col\u00e9gio das Freiras, in the city of S\u00e3o Carlos. Coming from a traditionally Catholic family, Cl\u00e9lia Rocha soon showed repugnance for the dogmas of her parents' religion, which happened early in her childhood, resulting in serious punishments at the boarding school, where she came to be considered a rebellious child.<\/p>\n\n\n\n<p class=\"has-black-color has-text-color has-link-color has-small-font-size wp-elements-4f6d62b28cde6099ea85bed3cb9ba124\">While still a student in Piracicaba, she met a young doctor, whom she agreed to marry. However, the young man died suddenly, shattering all her dreams as a young woman. She never thought about marriage again, dedicating her entire life to teaching and caring for orphaned and disadvantaged children. One day, she decided to open a school in the city of Dourados to teach adults who were unable to attend classes during the day. She ran it for some time and provided free teaching materials to all those who could not afford them.<\/p>\n\n\n\n<p class=\"has-black-color has-text-color has-link-color has-small-font-size wp-elements-b69d78b9429a5f7e2a58aec7764ccfe0\">At that time, the great missionary An\u00e1lia Franco visited the city and, seeing the unspeakable sacrifice that the young teacher was making, invited her to join her team, offering to help her in any way she could. From that time on, they became great friends and mutual collaborators. They founded a daycare centre for poor mothers in the neighbourhood and a shelter for orphans. An\u00e1lia Franco had complete confidence in Cl\u00e9lia Rocha's work. In one of her letters, she even stated: \u2018You are the director who has best assimilated our ideals and has achieved so much. If all the other co-workers did as you do, we would accomplish a great deal.\u2019<\/p>\n\n\n\n<p class=\"has-black-color has-text-color has-link-color has-small-font-size wp-elements-91e785da3a67ff7dc6502461f03d70c3\">At the end of 1918, An\u00e1lia Franco founded a nursing home in the city of Uberaba, in Minas Gerais, and invited Cl\u00e9lia Rocha to be its director. Shortly thereafter, on 13 January 1919, An\u00e1lia passed away in S\u00e3o Paulo, unable to complete her work. Cl\u00e9lia, faithful to her memory and respecting her last wishes, decided to move to Uberaba with all her pupils, later founding a school in that city with 18 boarders to accommodate her 72 boarding students. In view of her charitable work, she repeatedly applied for municipal, state and federal subsidies, but her petitions never received any response because, as a Spiritist, she was intensely persecuted by local priests. Like An\u00e1lia Franco, she organised a Literary, Artistic and Musical Ensemble with her own pupils and toured the cities of the interior of the states of S\u00e3o Paulo and Minas Gerais, obtaining the means to maintain her establishment, with some success. Faithful to the memory of An\u00e1lia Franco, she did everything to ensure that the ideals she espoused were maintained in their entirety, always conducting herself with a true spirit of self-denial and sacrifice, always attesting to her spiritual greatness.<\/p>\n\n\n\n<p class=\"has-black-color has-text-color has-link-color has-small-font-size wp-elements-e066e9619e5a2653fe3556f9aabd6d3f\">She founded the Liga Feminina Oper\u00e1rias do Bem (Women Workers' League of Good) with her pupils over the age of 16, with the aim of forming new teams of cooperators who could later continue her great charitable work. In 1924, she moved to the city of S\u00e3o Manoel, in the state of S\u00e3o Paulo, where she met Amando Sim\u00f5es, a wealthy farmer in the region with a well-educated mind and a generous heart who, knowing her great difficulties and stoic courage, decided to help her by donating a building and part of his land so that Cl\u00e9lia could set up her educational establishment there. Thanks to the prestige of this selfless confrere, she soon had the support of part of the population and the sympathy of the City Council, thus enabling her to expand her charitable work. She welcomed dozens of orphaned children into the \u2018Lar de An\u00e1lia Franco\u2019 and held numerous weddings for her former students there, entrusting them with the task of becoming housewives, reintegrated into society, to serve as wives and mothers.<\/p>\n\n\n\n<p class=\"has-black-color has-text-color has-link-color has-small-font-size wp-elements-4f0a2e96f33e8216a9f327f586456d67\">In 1930, at Christmas time, she founded the \u2018Creche Ber\u00e7o de Ouro\u2019 (Golden Cradle Nursery), intended to take in small children, maintaining it with all the love in her soul. She was a fervent Spiritist and was very interested in doctrinal matters. An\u00e1lia was a writer, journalist, poet, playwright, musician and language teacher. She wrote several plays for the theatre; her dramas, comedies and surveys were staged with great success by the Theatre Group. She also presented many poems and musical compositions. An accomplished teacher of manual arts, she taught classes in artificial flowers, painting, embroidery, culinary arts, and music, preparing her adopted daughters to become talented housewives of the future.<\/p>\n\n\n\n<p class=\"has-black-color has-text-color has-link-color has-small-font-size wp-elements-2531c1f202267ace5a5492c69ebec8ac\">In private, she was called \u2018Mother Lili\u2019 by all her adopted daughters. She gave her own name to many of them when they were abandoned at the \u2018Creche Ber\u00e7o de Ouro\u2019 (Golden Cradle Nursery) and their relatives did not show up. Having to regularise their civil records, she never hesitated to register them under her own name. She founded the literary journal \u2018L\u00edrio Branco\u2019 and \u2018Mensageiro do \u00d3rf\u00e3o\u2019 (now \u2018Mensageiro do Lar\u2019), a publication promoting Spiritism, which continues to be edited in the printing workshops of Lar An\u00e1lia Franco, in the city of S. Manoel. Cl\u00e9lia Rocha was, therefore, a missionary in the true sense of the word, belonging to the group of valiant Spiritist women of the same calibre as An\u00e1lia Franco, Ol\u00edmpia Bel\u00e9m, Aura Celeste, Eur\u00eddice Panar, Abigair Lima and so many others.<\/p>\n<\/div><\/div>\n\n\n\n<div class=\"wp-block-uagb-container uagb-block-2e183146 alignfull uagb-is-root-container\"><div class=\"uagb-container-inner-blocks-wrap\"><\/div><\/div>\n\n\n\n<div class=\"wp-block-uagb-container uagb-block-5535922e alignfull uagb-is-root-container\"><div class=\"uagb-container-inner-blocks-wrap\"><\/div><\/div>","protected":false},"excerpt":{"rendered":"<p>Cl\u00e9lia Soares da Rocha Cl\u00e9lia Rocha naci\u00f3 en la ciudad de Barra Mansa, estado de R\u00edo de Janeiro, el 18 de octubre de 1886 y falleci\u00f3, a los 50 a\u00f1os de edad, el 16 de febrero de 1936. Fue educada como interna en el Colegio Bom Conselho, en la ciudad de Taubat\u00e9, y complet\u00f3 su [&hellip;]<\/p>","protected":false},"author":1,"featured_media":0,"parent":0,"menu_order":0,"comment_status":"closed","ping_status":"closed","template":"","meta":{"_uag_custom_page_level_css":"","site-sidebar-layout":"default","site-content-layout":"","ast-site-content-layout":"default","site-content-style":"default","site-sidebar-style":"default","ast-global-header-display":"","ast-banner-title-visibility":"","ast-main-header-display":"","ast-hfb-above-header-display":"","ast-hfb-below-header-display":"","ast-hfb-mobile-header-display":"","site-post-title":"disabled","ast-breadcrumbs-content":"","ast-featured-img":"","footer-sml-layout":"","theme-transparent-header-meta":"","adv-header-id-meta":"","stick-header-meta":"","header-above-stick-meta":"","header-main-stick-meta":"","header-below-stick-meta":"","astra-migrate-meta-layouts":"set","ast-page-background-enabled":"default","ast-page-background-meta":{"desktop":{"background-color":"var(--ast-global-color-4)","background-image":"","background-repeat":"repeat","background-position":"center center","background-size":"auto","background-attachment":"scroll","background-type":"","background-media":"","overlay-type":"","overlay-color":"","overlay-opacity":"","overlay-gradient":""},"tablet":{"background-color":"","background-image":"","background-repeat":"repeat","background-position":"center center","background-size":"auto","background-attachment":"scroll","background-type":"","background-media":"","overlay-type":"","overlay-color":"","overlay-opacity":"","overlay-gradient":""},"mobile":{"background-color":"","background-image":"","background-repeat":"repeat","background-position":"center center","background-size":"auto","background-attachment":"scroll","background-type":"","background-media":"","overlay-type":"","overlay-color":"","overlay-opacity":"","overlay-gradient":""}},"ast-content-background-meta":{"desktop":{"background-color":"var(--ast-global-color-5)","background-image":"","background-repeat":"repeat","background-position":"center center","background-size":"auto","background-attachment":"scroll","background-type":"","background-media":"","overlay-type":"","overlay-color":"","overlay-opacity":"","overlay-gradient":""},"tablet":{"background-color":"var(--ast-global-color-5)","background-image":"","background-repeat":"repeat","background-position":"center center","background-size":"auto","background-attachment":"scroll","background-type":"","background-media":"","overlay-type":"","overlay-color":"","overlay-opacity":"","overlay-gradient":""},"mobile":{"background-color":"var(--ast-global-color-5)","background-image":"","background-repeat":"repeat","background-position":"center center","background-size":"auto","background-attachment":"scroll","background-type":"","background-media":"","overlay-type":"","overlay-color":"","overlay-opacity":"","overlay-gradient":""}},"footnotes":""},"class_list":["post-8606","page","type-page","status-publish","hentry"],"yoast_head":"<!-- This site is optimized with the Yoast SEO Premium plugin v24.2 (Yoast SEO v24.6) - https:\/\/yoast.com\/wordpress\/plugins\/seo\/ -->\n<title>Cl\u00e9lia Soares da Rocha - Uni\u00f3n Esp\u00edrita<\/title>\n<meta name=\"robots\" content=\"index, follow, max-snippet:-1, max-image-preview:large, max-video-preview:-1\" \/>\n<link rel=\"canonical\" href=\"https:\/\/nuevo-renacer.com\/en\/clelia-soares-da-rocha\/\" \/>\n<meta property=\"og:locale\" content=\"en_GB\" \/>\n<meta property=\"og:type\" content=\"article\" \/>\n<meta property=\"og:title\" content=\"Cl\u00e9lia Soares da Rocha\" \/>\n<meta property=\"og:description\" content=\"Cl\u00e9lia Soares da Rocha Cl\u00e9lia Rocha naci\u00f3 en la ciudad de Barra Mansa, estado de R\u00edo de Janeiro, el 18 de octubre de 1886 y falleci\u00f3, a los 50 a\u00f1os de edad, el 16 de febrero de 1936. Fue educada como interna en el Colegio Bom Conselho, en la ciudad de Taubat\u00e9, y complet\u00f3 su [&hellip;]\" \/>\n<meta property=\"og:url\" content=\"https:\/\/nuevo-renacer.com\/en\/clelia-soares-da-rocha\/\" \/>\n<meta property=\"og:site_name\" content=\"Uni\u00f3n Esp\u00edrita\" \/>\n<meta property=\"article:publisher\" content=\"https:\/\/www.facebook.com\/groups\/3431398063740829\" \/>\n<meta property=\"article:modified_time\" content=\"2025-11-03T11:42:52+00:00\" \/>\n<meta property=\"og:image\" content=\"https:\/\/nuevo-renacer.com\/wp-content\/uploads\/2025\/11\/Clelia-Soares-da-Rocha.jpg\" \/>\n\t<meta property=\"og:image:width\" content=\"1000\" \/>\n\t<meta property=\"og:image:height\" content=\"779\" \/>\n\t<meta property=\"og:image:type\" content=\"image\/jpeg\" \/>\n<meta name=\"twitter:card\" content=\"summary_large_image\" \/>\n<meta name=\"twitter:label1\" content=\"Estimated reading time\" \/>\n\t<meta name=\"twitter:data1\" content=\"6 minutes\" \/>\n<script type=\"application\/ld+json\" class=\"yoast-schema-graph\">{\"@context\":\"https:\/\/schema.org\",\"@graph\":[{\"@type\":\"WebPage\",\"@id\":\"https:\/\/nuevo-renacer.com\/clelia-soares-da-rocha\/\",\"url\":\"https:\/\/nuevo-renacer.com\/clelia-soares-da-rocha\/\",\"name\":\"Cl\u00e9lia Soares da Rocha - Uni\u00f3n Esp\u00edrita\",\"isPartOf\":{\"@id\":\"https:\/\/nuevo-renacer.com\/#website\"},\"primaryImageOfPage\":{\"@id\":\"https:\/\/nuevo-renacer.com\/clelia-soares-da-rocha\/#primaryimage\"},\"image\":{\"@id\":\"https:\/\/nuevo-renacer.com\/clelia-soares-da-rocha\/#primaryimage\"},\"thumbnailUrl\":\"https:\/\/nuevo-renacer.com\/wp-content\/uploads\/2025\/11\/Clelia-Soares-da-Rocha.jpg\",\"datePublished\":\"2025-11-03T11:42:32+00:00\",\"dateModified\":\"2025-11-03T11:42:52+00:00\",\"breadcrumb\":{\"@id\":\"https:\/\/nuevo-renacer.com\/clelia-soares-da-rocha\/#breadcrumb\"},\"inLanguage\":\"en-GB\",\"potentialAction\":[{\"@type\":\"ReadAction\",\"target\":[\"https:\/\/nuevo-renacer.com\/clelia-soares-da-rocha\/\"]}]},{\"@type\":\"ImageObject\",\"inLanguage\":\"en-GB\",\"@id\":\"https:\/\/nuevo-renacer.com\/clelia-soares-da-rocha\/#primaryimage\",\"url\":\"https:\/\/nuevo-renacer.com\/wp-content\/uploads\/2025\/11\/Clelia-Soares-da-Rocha.jpg\",\"contentUrl\":\"https:\/\/nuevo-renacer.com\/wp-content\/uploads\/2025\/11\/Clelia-Soares-da-Rocha.jpg\"},{\"@type\":\"BreadcrumbList\",\"@id\":\"https:\/\/nuevo-renacer.com\/clelia-soares-da-rocha\/#breadcrumb\",\"itemListElement\":[{\"@type\":\"ListItem\",\"position\":1,\"name\":\"Startseite\",\"item\":\"https:\/\/nuevo-renacer.com\/\"},{\"@type\":\"ListItem\",\"position\":2,\"name\":\"Cl\u00e9lia Soares da Rocha\"}]},{\"@type\":\"WebSite\",\"@id\":\"https:\/\/nuevo-renacer.com\/#website\",\"url\":\"https:\/\/nuevo-renacer.com\/\",\"name\":\"Uni\u00f3n Esp\u00edrita\",\"description\":\"Nuevo Renacer\",\"publisher\":{\"@id\":\"https:\/\/nuevo-renacer.com\/#organization\"},\"potentialAction\":[{\"@type\":\"SearchAction\",\"target\":{\"@type\":\"EntryPoint\",\"urlTemplate\":\"https:\/\/nuevo-renacer.com\/?s={search_term_string}\"},\"query-input\":{\"@type\":\"PropertyValueSpecification\",\"valueRequired\":true,\"valueName\":\"search_term_string\"}}],\"inLanguage\":\"en-GB\"},{\"@type\":\"Organization\",\"@id\":\"https:\/\/nuevo-renacer.com\/#organization\",\"name\":\"UFEC\",\"url\":\"https:\/\/nuevo-renacer.com\/\",\"logo\":{\"@type\":\"ImageObject\",\"inLanguage\":\"en-GB\",\"@id\":\"https:\/\/nuevo-renacer.com\/#\/schema\/logo\/image\/\",\"url\":\"https:\/\/nuevo-renacer.com\/wp-content\/uploads\/2024\/05\/cropped-LOGO-TERMINADO1-3-3.png\",\"contentUrl\":\"https:\/\/nuevo-renacer.com\/wp-content\/uploads\/2024\/05\/cropped-LOGO-TERMINADO1-3-3.png\",\"width\":512,\"height\":512,\"caption\":\"UFEC\"},\"image\":{\"@id\":\"https:\/\/nuevo-renacer.com\/#\/schema\/logo\/image\/\"},\"sameAs\":[\"https:\/\/www.facebook.com\/groups\/3431398063740829\"]}]}<\/script>\n<!-- \/ Yoast SEO Premium plugin. -->","yoast_head_json":{"title":"Cl\u00e9lia Soares da Rocha - Uni\u00f3n Esp\u00edrita","robots":{"index":"index","follow":"follow","max-snippet":"max-snippet:-1","max-image-preview":"max-image-preview:large","max-video-preview":"max-video-preview:-1"},"canonical":"https:\/\/nuevo-renacer.com\/en\/clelia-soares-da-rocha\/","og_locale":"en_GB","og_type":"article","og_title":"Cl\u00e9lia Soares da Rocha","og_description":"Cl\u00e9lia Soares da Rocha Cl\u00e9lia Rocha naci\u00f3 en la ciudad de Barra Mansa, estado de R\u00edo de Janeiro, el 18 de octubre de 1886 y falleci\u00f3, a los 50 a\u00f1os de edad, el 16 de febrero de 1936. Fue educada como interna en el Colegio Bom Conselho, en la ciudad de Taubat\u00e9, y complet\u00f3 su [&hellip;]","og_url":"https:\/\/nuevo-renacer.com\/en\/clelia-soares-da-rocha\/","og_site_name":"Uni\u00f3n Esp\u00edrita","article_publisher":"https:\/\/www.facebook.com\/groups\/3431398063740829","article_modified_time":"2025-11-03T11:42:52+00:00","og_image":[{"width":1000,"height":779,"url":"https:\/\/nuevo-renacer.com\/wp-content\/uploads\/2025\/11\/Clelia-Soares-da-Rocha.jpg","type":"image\/jpeg"}],"twitter_card":"summary_large_image","twitter_misc":{"Estimated reading time":"6 minutes"},"schema":{"@context":"https:\/\/schema.org","@graph":[{"@type":"WebPage","@id":"https:\/\/nuevo-renacer.com\/clelia-soares-da-rocha\/","url":"https:\/\/nuevo-renacer.com\/clelia-soares-da-rocha\/","name":"Cl\u00e9lia Soares da Rocha - Uni\u00f3n Esp\u00edrita","isPartOf":{"@id":"https:\/\/nuevo-renacer.com\/#website"},"primaryImageOfPage":{"@id":"https:\/\/nuevo-renacer.com\/clelia-soares-da-rocha\/#primaryimage"},"image":{"@id":"https:\/\/nuevo-renacer.com\/clelia-soares-da-rocha\/#primaryimage"},"thumbnailUrl":"https:\/\/nuevo-renacer.com\/wp-content\/uploads\/2025\/11\/Clelia-Soares-da-Rocha.jpg","datePublished":"2025-11-03T11:42:32+00:00","dateModified":"2025-11-03T11:42:52+00:00","breadcrumb":{"@id":"https:\/\/nuevo-renacer.com\/clelia-soares-da-rocha\/#breadcrumb"},"inLanguage":"en-GB","potentialAction":[{"@type":"ReadAction","target":["https:\/\/nuevo-renacer.com\/clelia-soares-da-rocha\/"]}]},{"@type":"ImageObject","inLanguage":"en-GB","@id":"https:\/\/nuevo-renacer.com\/clelia-soares-da-rocha\/#primaryimage","url":"https:\/\/nuevo-renacer.com\/wp-content\/uploads\/2025\/11\/Clelia-Soares-da-Rocha.jpg","contentUrl":"https:\/\/nuevo-renacer.com\/wp-content\/uploads\/2025\/11\/Clelia-Soares-da-Rocha.jpg"},{"@type":"BreadcrumbList","@id":"https:\/\/nuevo-renacer.com\/clelia-soares-da-rocha\/#breadcrumb","itemListElement":[{"@type":"ListItem","position":1,"name":"Startseite","item":"https:\/\/nuevo-renacer.com\/"},{"@type":"ListItem","position":2,"name":"Cl\u00e9lia Soares da Rocha"}]},{"@type":"WebSite","@id":"https:\/\/nuevo-renacer.com\/#website","url":"https:\/\/nuevo-renacer.com\/","name":"Uni\u00f3n Esp\u00edrita","description":"Nuevo Renacer","publisher":{"@id":"https:\/\/nuevo-renacer.com\/#organization"},"potentialAction":[{"@type":"SearchAction","target":{"@type":"EntryPoint","urlTemplate":"https:\/\/nuevo-renacer.com\/?s={search_term_string}"},"query-input":{"@type":"PropertyValueSpecification","valueRequired":true,"valueName":"search_term_string"}}],"inLanguage":"en-GB"},{"@type":"Organization","@id":"https:\/\/nuevo-renacer.com\/#organization","name":"UFEC","url":"https:\/\/nuevo-renacer.com\/","logo":{"@type":"ImageObject","inLanguage":"en-GB","@id":"https:\/\/nuevo-renacer.com\/#\/schema\/logo\/image\/","url":"https:\/\/nuevo-renacer.com\/wp-content\/uploads\/2024\/05\/cropped-LOGO-TERMINADO1-3-3.png","contentUrl":"https:\/\/nuevo-renacer.com\/wp-content\/uploads\/2024\/05\/cropped-LOGO-TERMINADO1-3-3.png","width":512,"height":512,"caption":"UFEC"},"image":{"@id":"https:\/\/nuevo-renacer.com\/#\/schema\/logo\/image\/"},"sameAs":["https:\/\/www.facebook.com\/groups\/3431398063740829"]}]}},"uagb_featured_image_src":{"full":false,"thumbnail":false,"medium":false,"medium_large":false,"large":false,"1536x1536":false,"2048x2048":false,"trp-custom-language-flag":false},"uagb_author_info":{"display_name":"adbv0","author_link":"https:\/\/nuevo-renacer.com\/en\/author\/adbv0\/"},"uagb_comment_info":0,"uagb_excerpt":"Cl\u00e9lia Soares da Rocha Cl\u00e9lia Rocha naci\u00f3 en la ciudad de Barra Mansa, estado de R\u00edo de Janeiro, el 18 de octubre de 1886 y falleci\u00f3, a los 50 a\u00f1os de edad, el 16 de febrero de 1936. Fue educada como interna en el Colegio Bom Conselho, en la ciudad de Taubat\u00e9, y complet\u00f3 su&hellip;","jetpack_sharing_enabled":true,"_links":{"self":[{"href":"https:\/\/nuevo-renacer.com\/en\/wp-json\/wp\/v2\/pages\/8606","targetHints":{"allow":["GET"]}}],"collection":[{"href":"https:\/\/nuevo-renacer.com\/en\/wp-json\/wp\/v2\/pages"}],"about":[{"href":"https:\/\/nuevo-renacer.com\/en\/wp-json\/wp\/v2\/types\/page"}],"author":[{"embeddable":true,"href":"https:\/\/nuevo-renacer.com\/en\/wp-json\/wp\/v2\/users\/1"}],"replies":[{"embeddable":true,"href":"https:\/\/nuevo-renacer.com\/en\/wp-json\/wp\/v2\/comments?post=8606"}],"version-history":[{"count":1,"href":"https:\/\/nuevo-renacer.com\/en\/wp-json\/wp\/v2\/pages\/8606\/revisions"}],"predecessor-version":[{"id":8608,"href":"https:\/\/nuevo-renacer.com\/en\/wp-json\/wp\/v2\/pages\/8606\/revisions\/8608"}],"wp:attachment":[{"href":"https:\/\/nuevo-renacer.com\/en\/wp-json\/wp\/v2\/media?parent=8606"}],"curies":[{"name":"wp","href":"https:\/\/api.w.org\/{rel}","templated":true}]}}