{"id":8600,"date":"2025-10-29T10:21:24","date_gmt":"2025-10-29T10:21:24","guid":{"rendered":"https:\/\/nuevo-renacer.com\/?page_id=8600"},"modified":"2025-10-29T10:21:27","modified_gmt":"2025-10-29T10:21:27","slug":"corina-novelino","status":"publish","type":"page","link":"https:\/\/nuevo-renacer.com\/en\/corina-novelino\/","title":{"rendered":"Corina Novelino"},"content":{"rendered":"<div class=\"wp-block-uagb-container uagb-block-0fc9ec67 alignfull uagb-is-root-container\"><div class=\"uagb-container-inner-blocks-wrap\">\n<p class=\"has-black-color has-text-color has-link-color has-medium-font-size wp-elements-9d555a19e90f52e6113f426dcc4e3fd6\"><strong>Corina Novelino<\/strong><\/p>\n<\/div><\/div>\n\n\n\n<div class=\"wp-block-uagb-container uagb-block-3cfcd0d7 alignfull uagb-is-root-container\"><div class=\"uagb-container-inner-blocks-wrap\">\n<figure class=\"wp-block-image size-full is-resized\"><img fetchpriority=\"high\" decoding=\"async\" width=\"557\" height=\"680\" src=\"https:\/\/nuevo-renacer.com\/wp-content\/uploads\/2025\/10\/corina-1.png\" alt=\"\" class=\"wp-image-8602\" style=\"width:292px;height:auto\" srcset=\"https:\/\/nuevo-renacer.com\/wp-content\/uploads\/2025\/10\/corina-1.png 557w, https:\/\/nuevo-renacer.com\/wp-content\/uploads\/2025\/10\/corina-1-246x300.png 246w, https:\/\/nuevo-renacer.com\/wp-content\/uploads\/2025\/10\/corina-1-10x12.png 10w\" sizes=\"(max-width: 557px) 100vw, 557px\" \/><\/figure>\n<\/div><\/div>\n\n\n\n<div class=\"wp-block-uagb-container uagb-block-7075d636 alignfull uagb-is-root-container\"><div class=\"uagb-container-inner-blocks-wrap\">\n<p class=\"has-black-color has-text-color has-link-color has-small-font-size wp-elements-5c638eba9084afc45cb129825e24b554\">Born in the city of Delfin\u00f3polis, State of Minas Gerais, on 12 August 1912, and passed away in Sacramento, in the same state, on 10 February 1980. Daughter of Jos\u00e9 Gon\u00e7alves Novelino and Josefina de Melo Novelino, she was born in the small town of Delfin\u00f3polis, where she spent very little of her childhood, as she was orphaned at a young age and went to live with a couple who gave her all their love and affection. The work carried out by Corina Novelino in the city of Sacramento was extremely important, making her one of the most esteemed figures in the city. From a very young age, she revealed herself to be a charitable spirit, with a profound sense of detachment, willing to give her all for the benefit of her fellow human beings.<\/p>\n\n\n\n<p class=\"has-black-color has-text-color has-link-color has-small-font-size wp-elements-a4159a1cf6f80da6190dd9ca23a961f3\">At only twenty years of age, she was invited by a determined woman named Maria Modesto Cravo to help her run a children's home in the city of Uberaba, in the state of Minas Gerais. Undecided about the invitation, she sought guidance from the medium Francisco C\u00e2ndido Xavier, then residing in Pedro Leopoldo. Due to the large number of people seeking the medium, she was unable to meet with him. However, she was greatly surprised when he called her and gave her a beautiful message signed by the Spirit of Eur\u00edpedes Barsanulfo, in which, among other things, he said: \u2018Corina, you are my last hope in Sacramento.\u2019<\/p>\n\n\n\n<p class=\"has-black-color has-text-color has-link-color has-small-font-size wp-elements-6bb4de1351fdcc3ff6a022e37dfdb98b\">Faced with the urgency of the message, she declined Mana Modesta's invitation and decided to stay in Sacramento, where she founded the Clube das Maezinhas (Mothers' Club), composed of charitable mothers who were willing to make clothes for needy children, which were distributed weekly. At the dawn of 1950, she decided to found a home for abandoned children. However, in addition to lacking the necessary means, she did not know where or how to establish this institution. The largest raffle held in Sacramento provided her with the necessary means to purchase a house and inaugurate the \u2018Lar de Eur\u00edpedes\u2019 (Eur\u00edpedes Home).<\/p>\n\n\n\n<p class=\"has-black-color has-text-color has-link-color has-small-font-size wp-elements-f48a2208dc67d452c1fbd2baaf392920\">She used her salary to maintain the home. However, the number of children increased and resources became increasingly scarce. The house had also become too small. Encouraged by her unwavering determination and counting on help from Above, she decided to build a new \u2018Lar de Eur\u00edpedes\u2019. The people of Sacramento and neighbouring regions cooperated in the venture and, before long, the new building was completed, where more than 100 children were cared for and where the selfless seamstress became \u2018Mother Corina\u2019. Due to insufficient resources for its maintenance, as the establishment was maintained almost entirely with Corina Novelino's salary, appeals were made and the Home was recognised as a public utility, thus changing from a boarding school to a semi-boarding school. There, the children spend the day, receiving food, clothing, and intellectual and religious education.<\/p>\n\n\n\n<p class=\"has-black-color has-text-color has-link-color has-small-font-size wp-elements-b74ac1fd168f017555adb0ef57f16aff\">A writer of great resources, Corina wrote the books \u2018Escuta, meu filho\u2019 (Listen, my son), the proceeds of which went entirely to the maintenance of the Home. More recently, in 1979, she wrote the work \u2018Eur\u00edpedes, o homem e a miss\u00e3o\u2019 (Eur\u00edpedes, the man and the mission), initiating the commemorative acts of the centenary of the birth of that great figure of Spiritism. A tireless creature, always willing to cooperate, she played a prominent role in the socio-economic, religious and cultural life of Sacramento. She contributed to all the city's newspapers, from \u2018Tribuna,\u2019 edited by Homilton Wilson, to the current newspapers: \u2018Estado do Tri\u00e2ngulo\u2019 and \u2018Jornal de Sacramento.\u2019<\/p>\n\n\n\n<p class=\"has-black-color has-text-color has-link-color has-small-font-size wp-elements-74b91032cdda8b251264da8a10036dad\">She contributed to other publications promoting Spiritism, notably the Anu\u00e1rio Esp\u00edrita, published in Araras, and a magazine published in Portugal. Her was truly a life well lived, filled with generosity, love and dedication to his fellow human beings. Her passing represented an irreparable loss for the Sacramento community, leaving a great void in the city, as great as the sadness of those who lost the warmth, tenderness and dedication of a friend.<\/p>\n\n\n\n<p class=\"has-black-color has-text-color has-link-color has-small-font-size wp-elements-bbba52aa85f605c04c11bf4d12cc84e5\">The following were the words of the Mayor of Sacramento at the burial of her physical body: \"May the flag of Sacramento cover her coffin in a demonstration of the greatest tribute that the Government pays to its great children. Here is the gratitude of an entire people who recognised in her humble and silent work the \u201cMother Corina\u201d of all. With the help of her hands, we witnessed her love many times, in her selflessness, taking on the responsibility of this enormous task of helping others. She was Mother Corina of the poor, the suffering, the orphans, the insane, the needy, the abandoned, the destitute... Mother Corina of us all, our eternal and undying Thank You Very Much.<\/p>\n<\/div><\/div>\n\n\n\n<div class=\"wp-block-uagb-container uagb-block-da6b2352 alignfull uagb-is-root-container\"><div class=\"uagb-container-inner-blocks-wrap\"><\/div><\/div>\n\n\n\n<div class=\"wp-block-uagb-container uagb-block-96484d7a alignfull uagb-is-root-container\"><div class=\"uagb-container-inner-blocks-wrap\"><\/div><\/div>","protected":false},"excerpt":{"rendered":"<p>Corina Novelino Nacida en la ciudad de Delfin\u00f3polis, estado de Minas Gerais, el 12 de agosto de 1912, y fallecida en Sacramento, en ese mismo estado, el 10 de febrero de 1980. Hija del matrimonio formado por Jos\u00e9 Gon\u00e7alves Novelino y Josefina de Melo Novelino, naci\u00f3 en la peque\u00f1a ciudad de Delfin\u00f3polis, donde pas\u00f3 muy [&hellip;]<\/p>","protected":false},"author":1,"featured_media":0,"parent":0,"menu_order":0,"comment_status":"closed","ping_status":"closed","template":"","meta":{"_uag_custom_page_level_css":"","site-sidebar-layout":"default","site-content-layout":"","ast-site-content-layout":"default","site-content-style":"default","site-sidebar-style":"default","ast-global-header-display":"","ast-banner-title-visibility":"","ast-main-header-display":"","ast-hfb-above-header-display":"","ast-hfb-below-header-display":"","ast-hfb-mobile-header-display":"","site-post-title":"disabled","ast-breadcrumbs-content":"","ast-featured-img":"","footer-sml-layout":"","theme-transparent-header-meta":"","adv-header-id-meta":"","stick-header-meta":"","header-above-stick-meta":"","header-main-stick-meta":"","header-below-stick-meta":"","astra-migrate-meta-layouts":"set","ast-page-background-enabled":"default","ast-page-background-meta":{"desktop":{"background-color":"var(--ast-global-color-4)","background-image":"","background-repeat":"repeat","background-position":"center center","background-size":"auto","background-attachment":"scroll","background-type":"","background-media":"","overlay-type":"","overlay-color":"","overlay-opacity":"","overlay-gradient":""},"tablet":{"background-color":"","background-image":"","background-repeat":"repeat","background-position":"center center","background-size":"auto","background-attachment":"scroll","background-type":"","background-media":"","overlay-type":"","overlay-color":"","overlay-opacity":"","overlay-gradient":""},"mobile":{"background-color":"","background-image":"","background-repeat":"repeat","background-position":"center center","background-size":"auto","background-attachment":"scroll","background-type":"","background-media":"","overlay-type":"","overlay-color":"","overlay-opacity":"","overlay-gradient":""}},"ast-content-background-meta":{"desktop":{"background-color":"var(--ast-global-color-5)","background-image":"","background-repeat":"repeat","background-position":"center center","background-size":"auto","background-attachment":"scroll","background-type":"","background-media":"","overlay-type":"","overlay-color":"","overlay-opacity":"","overlay-gradient":""},"tablet":{"background-color":"var(--ast-global-color-5)","background-image":"","background-repeat":"repeat","background-position":"center center","background-size":"auto","background-attachment":"scroll","background-type":"","background-media":"","overlay-type":"","overlay-color":"","overlay-opacity":"","overlay-gradient":""},"mobile":{"background-color":"var(--ast-global-color-5)","background-image":"","background-repeat":"repeat","background-position":"center center","background-size":"auto","background-attachment":"scroll","background-type":"","background-media":"","overlay-type":"","overlay-color":"","overlay-opacity":"","overlay-gradient":""}},"footnotes":""},"class_list":["post-8600","page","type-page","status-publish","hentry"],"yoast_head":"<!-- This site is optimized with the Yoast SEO Premium plugin v24.2 (Yoast SEO v24.6) - https:\/\/yoast.com\/wordpress\/plugins\/seo\/ -->\n<title>Corina Novelino - Uni\u00f3n Esp\u00edrita<\/title>\n<meta name=\"robots\" content=\"index, follow, max-snippet:-1, max-image-preview:large, max-video-preview:-1\" \/>\n<link rel=\"canonical\" href=\"https:\/\/nuevo-renacer.com\/en\/corina-novelino\/\" \/>\n<meta property=\"og:locale\" content=\"en_GB\" \/>\n<meta property=\"og:type\" content=\"article\" \/>\n<meta property=\"og:title\" content=\"Corina Novelino\" \/>\n<meta property=\"og:description\" content=\"Corina Novelino Nacida en la ciudad de Delfin\u00f3polis, estado de Minas Gerais, el 12 de agosto de 1912, y fallecida en Sacramento, en ese mismo estado, el 10 de febrero de 1980. Hija del matrimonio formado por Jos\u00e9 Gon\u00e7alves Novelino y Josefina de Melo Novelino, naci\u00f3 en la peque\u00f1a ciudad de Delfin\u00f3polis, donde pas\u00f3 muy [&hellip;]\" \/>\n<meta property=\"og:url\" content=\"https:\/\/nuevo-renacer.com\/en\/corina-novelino\/\" \/>\n<meta property=\"og:site_name\" content=\"Uni\u00f3n Esp\u00edrita\" \/>\n<meta property=\"article:publisher\" content=\"https:\/\/www.facebook.com\/groups\/3431398063740829\" \/>\n<meta property=\"article:modified_time\" content=\"2025-10-29T10:21:27+00:00\" \/>\n<meta property=\"og:image\" content=\"https:\/\/nuevo-renacer.com\/wp-content\/uploads\/2025\/10\/corina-1.png\" \/>\n\t<meta property=\"og:image:width\" content=\"557\" \/>\n\t<meta property=\"og:image:height\" content=\"680\" \/>\n\t<meta property=\"og:image:type\" content=\"image\/png\" \/>\n<meta name=\"twitter:card\" content=\"summary_large_image\" \/>\n<meta name=\"twitter:label1\" content=\"Estimated reading time\" \/>\n\t<meta name=\"twitter:data1\" content=\"5 minutes\" \/>\n<script type=\"application\/ld+json\" class=\"yoast-schema-graph\">{\"@context\":\"https:\/\/schema.org\",\"@graph\":[{\"@type\":\"WebPage\",\"@id\":\"https:\/\/nuevo-renacer.com\/corina-novelino\/\",\"url\":\"https:\/\/nuevo-renacer.com\/corina-novelino\/\",\"name\":\"Corina Novelino - Uni\u00f3n Esp\u00edrita\",\"isPartOf\":{\"@id\":\"https:\/\/nuevo-renacer.com\/#website\"},\"primaryImageOfPage\":{\"@id\":\"https:\/\/nuevo-renacer.com\/corina-novelino\/#primaryimage\"},\"image\":{\"@id\":\"https:\/\/nuevo-renacer.com\/corina-novelino\/#primaryimage\"},\"thumbnailUrl\":\"https:\/\/nuevo-renacer.com\/wp-content\/uploads\/2025\/10\/corina-1.png\",\"datePublished\":\"2025-10-29T10:21:24+00:00\",\"dateModified\":\"2025-10-29T10:21:27+00:00\",\"breadcrumb\":{\"@id\":\"https:\/\/nuevo-renacer.com\/corina-novelino\/#breadcrumb\"},\"inLanguage\":\"en-GB\",\"potentialAction\":[{\"@type\":\"ReadAction\",\"target\":[\"https:\/\/nuevo-renacer.com\/corina-novelino\/\"]}]},{\"@type\":\"ImageObject\",\"inLanguage\":\"en-GB\",\"@id\":\"https:\/\/nuevo-renacer.com\/corina-novelino\/#primaryimage\",\"url\":\"https:\/\/nuevo-renacer.com\/wp-content\/uploads\/2025\/10\/corina-1.png\",\"contentUrl\":\"https:\/\/nuevo-renacer.com\/wp-content\/uploads\/2025\/10\/corina-1.png\"},{\"@type\":\"BreadcrumbList\",\"@id\":\"https:\/\/nuevo-renacer.com\/corina-novelino\/#breadcrumb\",\"itemListElement\":[{\"@type\":\"ListItem\",\"position\":1,\"name\":\"Startseite\",\"item\":\"https:\/\/nuevo-renacer.com\/\"},{\"@type\":\"ListItem\",\"position\":2,\"name\":\"Corina Novelino\"}]},{\"@type\":\"WebSite\",\"@id\":\"https:\/\/nuevo-renacer.com\/#website\",\"url\":\"https:\/\/nuevo-renacer.com\/\",\"name\":\"Uni\u00f3n Esp\u00edrita\",\"description\":\"Nuevo Renacer\",\"publisher\":{\"@id\":\"https:\/\/nuevo-renacer.com\/#organization\"},\"potentialAction\":[{\"@type\":\"SearchAction\",\"target\":{\"@type\":\"EntryPoint\",\"urlTemplate\":\"https:\/\/nuevo-renacer.com\/?s={search_term_string}\"},\"query-input\":{\"@type\":\"PropertyValueSpecification\",\"valueRequired\":true,\"valueName\":\"search_term_string\"}}],\"inLanguage\":\"en-GB\"},{\"@type\":\"Organization\",\"@id\":\"https:\/\/nuevo-renacer.com\/#organization\",\"name\":\"UFEC\",\"url\":\"https:\/\/nuevo-renacer.com\/\",\"logo\":{\"@type\":\"ImageObject\",\"inLanguage\":\"en-GB\",\"@id\":\"https:\/\/nuevo-renacer.com\/#\/schema\/logo\/image\/\",\"url\":\"https:\/\/nuevo-renacer.com\/wp-content\/uploads\/2024\/05\/cropped-LOGO-TERMINADO1-3-3.png\",\"contentUrl\":\"https:\/\/nuevo-renacer.com\/wp-content\/uploads\/2024\/05\/cropped-LOGO-TERMINADO1-3-3.png\",\"width\":512,\"height\":512,\"caption\":\"UFEC\"},\"image\":{\"@id\":\"https:\/\/nuevo-renacer.com\/#\/schema\/logo\/image\/\"},\"sameAs\":[\"https:\/\/www.facebook.com\/groups\/3431398063740829\"]}]}<\/script>\n<!-- \/ Yoast SEO Premium plugin. -->","yoast_head_json":{"title":"Corina Novelino - Uni\u00f3n Esp\u00edrita","robots":{"index":"index","follow":"follow","max-snippet":"max-snippet:-1","max-image-preview":"max-image-preview:large","max-video-preview":"max-video-preview:-1"},"canonical":"https:\/\/nuevo-renacer.com\/en\/corina-novelino\/","og_locale":"en_GB","og_type":"article","og_title":"Corina Novelino","og_description":"Corina Novelino Nacida en la ciudad de Delfin\u00f3polis, estado de Minas Gerais, el 12 de agosto de 1912, y fallecida en Sacramento, en ese mismo estado, el 10 de febrero de 1980. Hija del matrimonio formado por Jos\u00e9 Gon\u00e7alves Novelino y Josefina de Melo Novelino, naci\u00f3 en la peque\u00f1a ciudad de Delfin\u00f3polis, donde pas\u00f3 muy [&hellip;]","og_url":"https:\/\/nuevo-renacer.com\/en\/corina-novelino\/","og_site_name":"Uni\u00f3n Esp\u00edrita","article_publisher":"https:\/\/www.facebook.com\/groups\/3431398063740829","article_modified_time":"2025-10-29T10:21:27+00:00","og_image":[{"width":557,"height":680,"url":"https:\/\/nuevo-renacer.com\/wp-content\/uploads\/2025\/10\/corina-1.png","type":"image\/png"}],"twitter_card":"summary_large_image","twitter_misc":{"Estimated reading time":"5 minutes"},"schema":{"@context":"https:\/\/schema.org","@graph":[{"@type":"WebPage","@id":"https:\/\/nuevo-renacer.com\/corina-novelino\/","url":"https:\/\/nuevo-renacer.com\/corina-novelino\/","name":"Corina Novelino - Uni\u00f3n Esp\u00edrita","isPartOf":{"@id":"https:\/\/nuevo-renacer.com\/#website"},"primaryImageOfPage":{"@id":"https:\/\/nuevo-renacer.com\/corina-novelino\/#primaryimage"},"image":{"@id":"https:\/\/nuevo-renacer.com\/corina-novelino\/#primaryimage"},"thumbnailUrl":"https:\/\/nuevo-renacer.com\/wp-content\/uploads\/2025\/10\/corina-1.png","datePublished":"2025-10-29T10:21:24+00:00","dateModified":"2025-10-29T10:21:27+00:00","breadcrumb":{"@id":"https:\/\/nuevo-renacer.com\/corina-novelino\/#breadcrumb"},"inLanguage":"en-GB","potentialAction":[{"@type":"ReadAction","target":["https:\/\/nuevo-renacer.com\/corina-novelino\/"]}]},{"@type":"ImageObject","inLanguage":"en-GB","@id":"https:\/\/nuevo-renacer.com\/corina-novelino\/#primaryimage","url":"https:\/\/nuevo-renacer.com\/wp-content\/uploads\/2025\/10\/corina-1.png","contentUrl":"https:\/\/nuevo-renacer.com\/wp-content\/uploads\/2025\/10\/corina-1.png"},{"@type":"BreadcrumbList","@id":"https:\/\/nuevo-renacer.com\/corina-novelino\/#breadcrumb","itemListElement":[{"@type":"ListItem","position":1,"name":"Startseite","item":"https:\/\/nuevo-renacer.com\/"},{"@type":"ListItem","position":2,"name":"Corina Novelino"}]},{"@type":"WebSite","@id":"https:\/\/nuevo-renacer.com\/#website","url":"https:\/\/nuevo-renacer.com\/","name":"Uni\u00f3n Esp\u00edrita","description":"Nuevo Renacer","publisher":{"@id":"https:\/\/nuevo-renacer.com\/#organization"},"potentialAction":[{"@type":"SearchAction","target":{"@type":"EntryPoint","urlTemplate":"https:\/\/nuevo-renacer.com\/?s={search_term_string}"},"query-input":{"@type":"PropertyValueSpecification","valueRequired":true,"valueName":"search_term_string"}}],"inLanguage":"en-GB"},{"@type":"Organization","@id":"https:\/\/nuevo-renacer.com\/#organization","name":"UFEC","url":"https:\/\/nuevo-renacer.com\/","logo":{"@type":"ImageObject","inLanguage":"en-GB","@id":"https:\/\/nuevo-renacer.com\/#\/schema\/logo\/image\/","url":"https:\/\/nuevo-renacer.com\/wp-content\/uploads\/2024\/05\/cropped-LOGO-TERMINADO1-3-3.png","contentUrl":"https:\/\/nuevo-renacer.com\/wp-content\/uploads\/2024\/05\/cropped-LOGO-TERMINADO1-3-3.png","width":512,"height":512,"caption":"UFEC"},"image":{"@id":"https:\/\/nuevo-renacer.com\/#\/schema\/logo\/image\/"},"sameAs":["https:\/\/www.facebook.com\/groups\/3431398063740829"]}]}},"uagb_featured_image_src":{"full":false,"thumbnail":false,"medium":false,"medium_large":false,"large":false,"1536x1536":false,"2048x2048":false,"trp-custom-language-flag":false},"uagb_author_info":{"display_name":"adbv0","author_link":"https:\/\/nuevo-renacer.com\/en\/author\/adbv0\/"},"uagb_comment_info":0,"uagb_excerpt":"Corina Novelino Nacida en la ciudad de Delfin\u00f3polis, estado de Minas Gerais, el 12 de agosto de 1912, y fallecida en Sacramento, en ese mismo estado, el 10 de febrero de 1980. Hija del matrimonio formado por Jos\u00e9 Gon\u00e7alves Novelino y Josefina de Melo Novelino, naci\u00f3 en la peque\u00f1a ciudad de Delfin\u00f3polis, donde pas\u00f3 muy&hellip;","jetpack_sharing_enabled":true,"_links":{"self":[{"href":"https:\/\/nuevo-renacer.com\/en\/wp-json\/wp\/v2\/pages\/8600","targetHints":{"allow":["GET"]}}],"collection":[{"href":"https:\/\/nuevo-renacer.com\/en\/wp-json\/wp\/v2\/pages"}],"about":[{"href":"https:\/\/nuevo-renacer.com\/en\/wp-json\/wp\/v2\/types\/page"}],"author":[{"embeddable":true,"href":"https:\/\/nuevo-renacer.com\/en\/wp-json\/wp\/v2\/users\/1"}],"replies":[{"embeddable":true,"href":"https:\/\/nuevo-renacer.com\/en\/wp-json\/wp\/v2\/comments?post=8600"}],"version-history":[{"count":1,"href":"https:\/\/nuevo-renacer.com\/en\/wp-json\/wp\/v2\/pages\/8600\/revisions"}],"predecessor-version":[{"id":8603,"href":"https:\/\/nuevo-renacer.com\/en\/wp-json\/wp\/v2\/pages\/8600\/revisions\/8603"}],"wp:attachment":[{"href":"https:\/\/nuevo-renacer.com\/en\/wp-json\/wp\/v2\/media?parent=8600"}],"curies":[{"name":"wp","href":"https:\/\/api.w.org\/{rel}","templated":true}]}}