{"id":8510,"date":"2025-09-10T10:44:34","date_gmt":"2025-09-10T10:44:34","guid":{"rendered":"https:\/\/nuevo-renacer.com\/?page_id=8510"},"modified":"2025-09-10T11:05:27","modified_gmt":"2025-09-10T11:05:27","slug":"osorio-de-moraes","status":"publish","type":"page","link":"https:\/\/nuevo-renacer.com\/en\/osorio-de-moraes\/","title":{"rendered":"Os\u00f3rio de Moraes"},"content":{"rendered":"<div class=\"wp-block-uagb-container uagb-block-ba7e5446 alignfull uagb-is-root-container\"><div class=\"uagb-container-inner-blocks-wrap\">\n<p class=\"has-black-color has-text-color has-link-color has-medium-font-size wp-elements-9938e467d7ff94a3f92fb72cde501295\"><strong>Os\u00f3rio de Moraes<\/strong><\/p>\n<\/div><\/div>\n\n\n\n<div class=\"wp-block-uagb-container uagb-block-920566c7 alignfull uagb-is-root-container\"><div class=\"uagb-container-inner-blocks-wrap\">\n<figure class=\"wp-block-image alignleft size-full is-resized\"><img fetchpriority=\"high\" decoding=\"async\" width=\"500\" height=\"474\" src=\"https:\/\/nuevo-renacer.com\/wp-content\/uploads\/2025\/09\/Osorio-de-Moraes-1.jpg\" alt=\"\" class=\"wp-image-8514\" style=\"width:273px;height:auto\" srcset=\"https:\/\/nuevo-renacer.com\/wp-content\/uploads\/2025\/09\/Osorio-de-Moraes-1.jpg 500w, https:\/\/nuevo-renacer.com\/wp-content\/uploads\/2025\/09\/Osorio-de-Moraes-1-300x284.jpg 300w, https:\/\/nuevo-renacer.com\/wp-content\/uploads\/2025\/09\/Osorio-de-Moraes-1-13x12.jpg 13w\" sizes=\"(max-width: 500px) 100vw, 500px\" \/><\/figure>\n<\/div><\/div>\n\n\n\n<div class=\"wp-block-uagb-container uagb-block-d0492018 alignfull uagb-is-root-container\"><div class=\"uagb-container-inner-blocks-wrap\">\n<p class=\"has-black-color has-text-color has-link-color has-small-font-size wp-elements-6dd212a2a14d561552e7c1761748f952\">Os\u00f3rio de Moraes was born in the small mining town of Bagagem (now Estrela do Sul) on 21 December 1886. The youngest son of Irineu Os\u00f3rio de Moraes and Ana Virg\u00ednia de Moraes, he was orphaned by his father when he was only one year old. The tragic death of his father, a travelling salesman, in the state of Mato Grosso left the family destitute. Help came from his maternal grandmother, who took in her widowed daughter and three grandchildren: Felisminda, Elias, and Os\u00f3rio. The children were cared for by their nanny Joana, born to a slave mother, who was extremely devoted and became their \u2018beloved black mother.\u2019 One morning, Os\u00f3rio reveals in his autobiographical pamphlet Fragmentos de uma Alma (Fragments of a Soul), Joana woke up saying: \u201cIrineu's soul appeared to me last night. I saw him as I see you\u201d. (...) He came up to me and said: \u201cJoana, help me raise my children...\u201d.<\/p>\n\n\n\n<p class=\"has-black-color has-text-color has-link-color has-small-font-size wp-elements-12342e17e9d09f564d35b1ed95103eb7\">Os\u00f3rio completed primary school at a public school. At the age of 15, after taking private lessons in Portuguese and mathematics, he became a teacher for the children of the most important landowner in the region, later practising the same profession on another estate. Some time later, Mr. Pl\u00e1cido de Paiva, who had to leave town for two weeks, insisted that he take over the management of his commercial enterprise. The task, which he performed with remarkable efficiency, lasted more than four months, leading the young Os\u00f3rio to discover his innate vocation for commerce.  He worked as a clerk and accountant in other commercial houses, becoming a partner in one of them at the age of 17. This was the company \u201cSantos &amp; Moraes\u201d, which was dissolved two years later with good profits distributed between the two partners.<\/p>\n\n\n\n<p class=\"has-black-color has-text-color has-link-color has-small-font-size wp-elements-f633b9fdb52f99411689234a815f9eac\">In 1908, at the age of 22, thanks to the prestige he had earned for his integrity, he was elected councillor in his homeland. When he married Maria Lu\u00edza de Santana on 5 June 1911, he asked Father Marcelo, vicar of Estrela do Sul, to dispense him from confession, and the priest agreed after hearing his arguments. That same year, he moved to Coromandel, where, in partnership with his father-in-law, he transformed part of his father-in-law's commercial house into a pharmacy, founding the company \u2018Os\u00f3rio &amp; Cia.\u2019, whose expansion led to the creation of five branches in the municipality and neighbouring cities.<\/p>\n\n\n\n<p class=\"has-black-color has-text-color has-link-color has-small-font-size wp-elements-9baeb6f0cc40dcc12bbcc1689d283bbf\">The political career he had begun in his hometown continued in Coromandel, then part of the district of Patroc\u00ednio, where he was elected councillor in 1920 and became president of the Municipal Chamber two years later. During his term, he succeeded in elevating Coromandel to the status of municipality. A born leader, dynamic and enterprising, he promoted the creation of schools and the construction of the public prison, the hydroelectric power station and the town hall of the newly emancipated municipality. It was also on his initiative that the road linking Coromandel to Monte Carmelo was built. The school he had built in Coromandel was named after him, in a fitting tribute of gratitude from the town's population. That same year, in 1922, he brought the first car to the region and, at the invitation of his compadre and friend Joaquim Henriques Cardoso, he set up the company \u201cCardoso &amp; Moraes\u201d, dedicated to pharmaceutical products, which in 1929, after the resignation of his partner, who had bought a coffee farm and wanted to study medicine, it passed entirely into his hands under the name \u2018Laborat\u00f3rio Os\u00f3rio de Moraes\u2019.<\/p>\n\n\n\n<p class=\"has-black-color has-text-color has-link-color has-small-font-size wp-elements-f79f1c59996eb48238dad735ee4680ba\">For having actively participated in the Revolution of 1930, Governor Oleg\u00e1rio Maciel convinced him to accept, albeit reluctantly, the appointment to the position of mayor of Coromandel. On 21 November 1932, concerned about his children's education and given the need to expand the business of the small and promising pharmaceutical industry, he decided to move to Belo Horizonte, abandoning political life for good. In the capital of Minas Gerais, he acquired the property at 92 Muria\u00e9 Street, where he set up his industrial activity and his own residence.<\/p>\n\n\n\n<p class=\"has-black-color has-text-color has-link-color has-medium-font-size wp-elements-c6b9ffe31b3748ead5b13a0f07990afc\"><strong>Contact with Spiritism<\/strong><\/p>\n\n\n\n<p class=\"has-black-color has-text-color has-link-color has-small-font-size wp-elements-2888b32af7e1e5385dfed2382d025c58\">On the afternoon of 4 April 1936, unusual mediumistic phenomena occurred at his residence.  Lumps of earth, bricks, and various objects were thrown inside the house, causing panic among his wife and ten children: Stela, M\u00e1rio, Irineu, P\u00e9rola, Walda, Vanda, Os\u00f3rio, Roberto, Helena, and Gl\u00e1ucia, as reported prominently in the then evening newspaper Di\u00e1rio da Tarde.<\/p>\n\n\n\n<p class=\"has-black-color has-text-color has-link-color has-small-font-size wp-elements-dab365ca98a0c69d30f4dbc314e386b4\">The following day, Sunday, at 1 o'clock, Os\u00f3rio, who was already a supporter of Spiritism, went to the Uni\u00e3o Esp\u00edrita Mineira (Minas Gerais Spiritist Union) in search of help. He was received by President Rodrigo Agnelo Antunes, who, accompanied by some friends, including the clairvoyant medium Geraldo Ben\u00edcio Rocha, held a meeting that same day at Os\u00f3rio's residence, where it was clarified that the phenomena were occurring through the intermediation of 10-year-old Cenira, a girl who was being cared for in that home. The transport phenomena ceased when Cenira was taken from the house to the home of Laudemiro Alves Ferreira and later to that of Geraldo Rocha, Oscar Coelho dos Santos and other spiritists, and was finally taken by Leopoldo Machado to Nova Igua\u00e7u, where she underwent a treatment for spirit possession.<\/p>\n\n\n\n<p class=\"has-black-color has-text-color has-link-color has-small-font-size wp-elements-36470552500b46a093dff09406a3a18d\">After this \u2018awakening,\u2019 Os\u00f3rio acquired all of Allan Kardec's books to study them. Attending the Uni\u00e3o Esp\u00edrita Mineira regularly, he began to dispel his doubts, gathering profound teachings about the Gospel of Jesus from the wisdom of Professor C\u00edcero Pereira. It was also at the Uni\u00e3o Esp\u00edrita Mineira, then located at 626 Curitiba Street, that he met Alencar Braga, Leonardo Baumgratz, Rubens Romanelli, Noraldino de Mello Castro, Oscar Coelho dos Santos, Francisco C\u00e2ndido Xavier, Luiz Ziviani, Salvador Schembri, and other friends. In early 1937, they sought to gather colleagues to create an institution to support disadvantaged children.<\/p>\n\n\n\n<p class=\"has-black-color has-text-color has-link-color has-small-font-size wp-elements-774b874e9122220228ad01896d63a54d\">It was the \u2018embryo\u2019 of Abrigo Jesus, which was officially created on 25 July 1937 and whose headquarters were inaugurated on 31 March 1946.  Os\u00f3rio de Moraes, who had been elected second treasurer at the founding assembly, was unanimously elected in the following term, thanks to his friendliness, skill, competence and leadership spirit, to the position of president, which he would hold for 30 years in successive re-elections. In order to devote himself \u2018body and soul\u2019 to Abrigo Jesus, \u2018Papa Os\u00f3rio,\u2019 as the children sheltered there called him, entrusted the management of the pharmaceutical laboratory to his sons M\u00e1rio and Irineu. He writes in the aforementioned pamphlet: \"In my life, there were two periods in which I devoted myself body and soul to matters of public interest: the first, as a politician in Coromandel, where I lived for 21 years, obsessed with the affairs of that land; in the second, with Abrigo Jesus, I was overcome by the same passion, devoting myself completely to the mysteries of the institution, (...) enveloped in a sweet ecstasy of charm and tenderness for the children.\"<\/p>\n\n\n\n<p class=\"has-black-color has-text-color has-link-color has-small-font-size wp-elements-281dc82a256978df925eb61a8b6d1495\">After 52 years of married life, during which he stood out for his virtues as a devoted husband and exemplary father, his partner Maria Lu\u00edza passed away on 3 September 1963. Unable to bear the loneliness, he remarried on 7 May 1966 to Leonides Urbano Conde, a wonderful person who cared for him until his death. At the age of 94, Os\u00f3rio de Morais passed away in Belo Horizonte on 24 January 1980, crowning the reincarnatory experience of this authentic Christian, marked by love for his family and devotion to his neighbours.<\/p>\n<\/div><\/div>\n\n\n\n<div class=\"wp-block-uagb-container uagb-block-82a5ab20 alignfull uagb-is-root-container\"><div class=\"uagb-container-inner-blocks-wrap\"><\/div><\/div>\n\n\n\n<div class=\"wp-block-uagb-container uagb-block-d6ecd658 alignfull uagb-is-root-container\"><div class=\"uagb-container-inner-blocks-wrap\"><\/div><\/div>","protected":false},"excerpt":{"rendered":"<p>Os\u00f3rio de Moraes Os\u00f3rio de Moraes naci\u00f3 en la peque\u00f1a ciudad minera de Bagagem (actualmente Estrela do Sul) el 21 de diciembre de 1886. Hijo menor de Irineu Os\u00f3rio de Moraes y Ana Virg\u00ednia de Moraes, qued\u00f3 hu\u00e9rfano de padre con solo un a\u00f1o de edad. La tr\u00e1gica muerte de su padre, un comerciante ambulante, [&hellip;]<\/p>","protected":false},"author":1,"featured_media":0,"parent":0,"menu_order":0,"comment_status":"closed","ping_status":"closed","template":"","meta":{"_uag_custom_page_level_css":"","site-sidebar-layout":"default","site-content-layout":"","ast-site-content-layout":"default","site-content-style":"default","site-sidebar-style":"default","ast-global-header-display":"","ast-banner-title-visibility":"","ast-main-header-display":"","ast-hfb-above-header-display":"","ast-hfb-below-header-display":"","ast-hfb-mobile-header-display":"","site-post-title":"disabled","ast-breadcrumbs-content":"","ast-featured-img":"","footer-sml-layout":"","theme-transparent-header-meta":"","adv-header-id-meta":"","stick-header-meta":"","header-above-stick-meta":"","header-main-stick-meta":"","header-below-stick-meta":"","astra-migrate-meta-layouts":"set","ast-page-background-enabled":"default","ast-page-background-meta":{"desktop":{"background-color":"var(--ast-global-color-4)","background-image":"","background-repeat":"repeat","background-position":"center center","background-size":"auto","background-attachment":"scroll","background-type":"","background-media":"","overlay-type":"","overlay-color":"","overlay-opacity":"","overlay-gradient":""},"tablet":{"background-color":"","background-image":"","background-repeat":"repeat","background-position":"center center","background-size":"auto","background-attachment":"scroll","background-type":"","background-media":"","overlay-type":"","overlay-color":"","overlay-opacity":"","overlay-gradient":""},"mobile":{"background-color":"","background-image":"","background-repeat":"repeat","background-position":"center center","background-size":"auto","background-attachment":"scroll","background-type":"","background-media":"","overlay-type":"","overlay-color":"","overlay-opacity":"","overlay-gradient":""}},"ast-content-background-meta":{"desktop":{"background-color":"var(--ast-global-color-5)","background-image":"","background-repeat":"repeat","background-position":"center center","background-size":"auto","background-attachment":"scroll","background-type":"","background-media":"","overlay-type":"","overlay-color":"","overlay-opacity":"","overlay-gradient":""},"tablet":{"background-color":"var(--ast-global-color-5)","background-image":"","background-repeat":"repeat","background-position":"center center","background-size":"auto","background-attachment":"scroll","background-type":"","background-media":"","overlay-type":"","overlay-color":"","overlay-opacity":"","overlay-gradient":""},"mobile":{"background-color":"var(--ast-global-color-5)","background-image":"","background-repeat":"repeat","background-position":"center center","background-size":"auto","background-attachment":"scroll","background-type":"","background-media":"","overlay-type":"","overlay-color":"","overlay-opacity":"","overlay-gradient":""}},"footnotes":""},"class_list":["post-8510","page","type-page","status-publish","hentry"],"yoast_head":"<!-- This site is optimized with the Yoast SEO Premium plugin v24.2 (Yoast SEO v24.6) - https:\/\/yoast.com\/wordpress\/plugins\/seo\/ -->\n<title>Os\u00f3rio de Moraes - Uni\u00f3n Esp\u00edrita<\/title>\n<meta name=\"robots\" content=\"index, follow, max-snippet:-1, max-image-preview:large, max-video-preview:-1\" \/>\n<link rel=\"canonical\" href=\"https:\/\/nuevo-renacer.com\/en\/osorio-de-moraes\/\" \/>\n<meta property=\"og:locale\" content=\"en_GB\" \/>\n<meta property=\"og:type\" content=\"article\" \/>\n<meta property=\"og:title\" content=\"Os\u00f3rio de Moraes\" \/>\n<meta property=\"og:description\" content=\"Os\u00f3rio de Moraes Os\u00f3rio de Moraes naci\u00f3 en la peque\u00f1a ciudad minera de Bagagem (actualmente Estrela do Sul) el 21 de diciembre de 1886. Hijo menor de Irineu Os\u00f3rio de Moraes y Ana Virg\u00ednia de Moraes, qued\u00f3 hu\u00e9rfano de padre con solo un a\u00f1o de edad. La tr\u00e1gica muerte de su padre, un comerciante ambulante, [&hellip;]\" \/>\n<meta property=\"og:url\" content=\"https:\/\/nuevo-renacer.com\/en\/osorio-de-moraes\/\" \/>\n<meta property=\"og:site_name\" content=\"Uni\u00f3n Esp\u00edrita\" \/>\n<meta property=\"article:publisher\" content=\"https:\/\/www.facebook.com\/groups\/3431398063740829\" \/>\n<meta property=\"article:modified_time\" content=\"2025-09-10T11:05:27+00:00\" \/>\n<meta property=\"og:image\" content=\"https:\/\/nuevo-renacer.com\/wp-content\/uploads\/2025\/09\/Osorio-de-Moraes-1.jpg\" \/>\n\t<meta property=\"og:image:width\" content=\"500\" \/>\n\t<meta property=\"og:image:height\" content=\"474\" \/>\n\t<meta property=\"og:image:type\" content=\"image\/jpeg\" \/>\n<meta name=\"twitter:card\" content=\"summary_large_image\" \/>\n<meta name=\"twitter:label1\" content=\"Estimated reading time\" \/>\n\t<meta name=\"twitter:data1\" content=\"8 minutes\" \/>\n<script type=\"application\/ld+json\" class=\"yoast-schema-graph\">{\"@context\":\"https:\/\/schema.org\",\"@graph\":[{\"@type\":\"WebPage\",\"@id\":\"https:\/\/nuevo-renacer.com\/osorio-de-moraes\/\",\"url\":\"https:\/\/nuevo-renacer.com\/osorio-de-moraes\/\",\"name\":\"Os\u00f3rio de Moraes - Uni\u00f3n Esp\u00edrita\",\"isPartOf\":{\"@id\":\"https:\/\/nuevo-renacer.com\/#website\"},\"primaryImageOfPage\":{\"@id\":\"https:\/\/nuevo-renacer.com\/osorio-de-moraes\/#primaryimage\"},\"image\":{\"@id\":\"https:\/\/nuevo-renacer.com\/osorio-de-moraes\/#primaryimage\"},\"thumbnailUrl\":\"https:\/\/nuevo-renacer.com\/wp-content\/uploads\/2025\/09\/Osorio-de-Moraes-1.jpg\",\"datePublished\":\"2025-09-10T10:44:34+00:00\",\"dateModified\":\"2025-09-10T11:05:27+00:00\",\"breadcrumb\":{\"@id\":\"https:\/\/nuevo-renacer.com\/osorio-de-moraes\/#breadcrumb\"},\"inLanguage\":\"en-GB\",\"potentialAction\":[{\"@type\":\"ReadAction\",\"target\":[\"https:\/\/nuevo-renacer.com\/osorio-de-moraes\/\"]}]},{\"@type\":\"ImageObject\",\"inLanguage\":\"en-GB\",\"@id\":\"https:\/\/nuevo-renacer.com\/osorio-de-moraes\/#primaryimage\",\"url\":\"https:\/\/nuevo-renacer.com\/wp-content\/uploads\/2025\/09\/Osorio-de-Moraes-1.jpg\",\"contentUrl\":\"https:\/\/nuevo-renacer.com\/wp-content\/uploads\/2025\/09\/Osorio-de-Moraes-1.jpg\"},{\"@type\":\"BreadcrumbList\",\"@id\":\"https:\/\/nuevo-renacer.com\/osorio-de-moraes\/#breadcrumb\",\"itemListElement\":[{\"@type\":\"ListItem\",\"position\":1,\"name\":\"Startseite\",\"item\":\"https:\/\/nuevo-renacer.com\/\"},{\"@type\":\"ListItem\",\"position\":2,\"name\":\"Os\u00f3rio de Moraes\"}]},{\"@type\":\"WebSite\",\"@id\":\"https:\/\/nuevo-renacer.com\/#website\",\"url\":\"https:\/\/nuevo-renacer.com\/\",\"name\":\"Uni\u00f3n Esp\u00edrita\",\"description\":\"Nuevo Renacer\",\"publisher\":{\"@id\":\"https:\/\/nuevo-renacer.com\/#organization\"},\"potentialAction\":[{\"@type\":\"SearchAction\",\"target\":{\"@type\":\"EntryPoint\",\"urlTemplate\":\"https:\/\/nuevo-renacer.com\/?s={search_term_string}\"},\"query-input\":{\"@type\":\"PropertyValueSpecification\",\"valueRequired\":true,\"valueName\":\"search_term_string\"}}],\"inLanguage\":\"en-GB\"},{\"@type\":\"Organization\",\"@id\":\"https:\/\/nuevo-renacer.com\/#organization\",\"name\":\"UFEC\",\"url\":\"https:\/\/nuevo-renacer.com\/\",\"logo\":{\"@type\":\"ImageObject\",\"inLanguage\":\"en-GB\",\"@id\":\"https:\/\/nuevo-renacer.com\/#\/schema\/logo\/image\/\",\"url\":\"https:\/\/nuevo-renacer.com\/wp-content\/uploads\/2024\/05\/cropped-LOGO-TERMINADO1-3-3.png\",\"contentUrl\":\"https:\/\/nuevo-renacer.com\/wp-content\/uploads\/2024\/05\/cropped-LOGO-TERMINADO1-3-3.png\",\"width\":512,\"height\":512,\"caption\":\"UFEC\"},\"image\":{\"@id\":\"https:\/\/nuevo-renacer.com\/#\/schema\/logo\/image\/\"},\"sameAs\":[\"https:\/\/www.facebook.com\/groups\/3431398063740829\"]}]}<\/script>\n<!-- \/ Yoast SEO Premium plugin. -->","yoast_head_json":{"title":"Os\u00f3rio de Moraes - Uni\u00f3n Esp\u00edrita","robots":{"index":"index","follow":"follow","max-snippet":"max-snippet:-1","max-image-preview":"max-image-preview:large","max-video-preview":"max-video-preview:-1"},"canonical":"https:\/\/nuevo-renacer.com\/en\/osorio-de-moraes\/","og_locale":"en_GB","og_type":"article","og_title":"Os\u00f3rio de Moraes","og_description":"Os\u00f3rio de Moraes Os\u00f3rio de Moraes naci\u00f3 en la peque\u00f1a ciudad minera de Bagagem (actualmente Estrela do Sul) el 21 de diciembre de 1886. Hijo menor de Irineu Os\u00f3rio de Moraes y Ana Virg\u00ednia de Moraes, qued\u00f3 hu\u00e9rfano de padre con solo un a\u00f1o de edad. La tr\u00e1gica muerte de su padre, un comerciante ambulante, [&hellip;]","og_url":"https:\/\/nuevo-renacer.com\/en\/osorio-de-moraes\/","og_site_name":"Uni\u00f3n Esp\u00edrita","article_publisher":"https:\/\/www.facebook.com\/groups\/3431398063740829","article_modified_time":"2025-09-10T11:05:27+00:00","og_image":[{"width":500,"height":474,"url":"https:\/\/nuevo-renacer.com\/wp-content\/uploads\/2025\/09\/Osorio-de-Moraes-1.jpg","type":"image\/jpeg"}],"twitter_card":"summary_large_image","twitter_misc":{"Estimated reading time":"8 minutes"},"schema":{"@context":"https:\/\/schema.org","@graph":[{"@type":"WebPage","@id":"https:\/\/nuevo-renacer.com\/osorio-de-moraes\/","url":"https:\/\/nuevo-renacer.com\/osorio-de-moraes\/","name":"Os\u00f3rio de Moraes - Uni\u00f3n Esp\u00edrita","isPartOf":{"@id":"https:\/\/nuevo-renacer.com\/#website"},"primaryImageOfPage":{"@id":"https:\/\/nuevo-renacer.com\/osorio-de-moraes\/#primaryimage"},"image":{"@id":"https:\/\/nuevo-renacer.com\/osorio-de-moraes\/#primaryimage"},"thumbnailUrl":"https:\/\/nuevo-renacer.com\/wp-content\/uploads\/2025\/09\/Osorio-de-Moraes-1.jpg","datePublished":"2025-09-10T10:44:34+00:00","dateModified":"2025-09-10T11:05:27+00:00","breadcrumb":{"@id":"https:\/\/nuevo-renacer.com\/osorio-de-moraes\/#breadcrumb"},"inLanguage":"en-GB","potentialAction":[{"@type":"ReadAction","target":["https:\/\/nuevo-renacer.com\/osorio-de-moraes\/"]}]},{"@type":"ImageObject","inLanguage":"en-GB","@id":"https:\/\/nuevo-renacer.com\/osorio-de-moraes\/#primaryimage","url":"https:\/\/nuevo-renacer.com\/wp-content\/uploads\/2025\/09\/Osorio-de-Moraes-1.jpg","contentUrl":"https:\/\/nuevo-renacer.com\/wp-content\/uploads\/2025\/09\/Osorio-de-Moraes-1.jpg"},{"@type":"BreadcrumbList","@id":"https:\/\/nuevo-renacer.com\/osorio-de-moraes\/#breadcrumb","itemListElement":[{"@type":"ListItem","position":1,"name":"Startseite","item":"https:\/\/nuevo-renacer.com\/"},{"@type":"ListItem","position":2,"name":"Os\u00f3rio de Moraes"}]},{"@type":"WebSite","@id":"https:\/\/nuevo-renacer.com\/#website","url":"https:\/\/nuevo-renacer.com\/","name":"Uni\u00f3n Esp\u00edrita","description":"Nuevo Renacer","publisher":{"@id":"https:\/\/nuevo-renacer.com\/#organization"},"potentialAction":[{"@type":"SearchAction","target":{"@type":"EntryPoint","urlTemplate":"https:\/\/nuevo-renacer.com\/?s={search_term_string}"},"query-input":{"@type":"PropertyValueSpecification","valueRequired":true,"valueName":"search_term_string"}}],"inLanguage":"en-GB"},{"@type":"Organization","@id":"https:\/\/nuevo-renacer.com\/#organization","name":"UFEC","url":"https:\/\/nuevo-renacer.com\/","logo":{"@type":"ImageObject","inLanguage":"en-GB","@id":"https:\/\/nuevo-renacer.com\/#\/schema\/logo\/image\/","url":"https:\/\/nuevo-renacer.com\/wp-content\/uploads\/2024\/05\/cropped-LOGO-TERMINADO1-3-3.png","contentUrl":"https:\/\/nuevo-renacer.com\/wp-content\/uploads\/2024\/05\/cropped-LOGO-TERMINADO1-3-3.png","width":512,"height":512,"caption":"UFEC"},"image":{"@id":"https:\/\/nuevo-renacer.com\/#\/schema\/logo\/image\/"},"sameAs":["https:\/\/www.facebook.com\/groups\/3431398063740829"]}]}},"uagb_featured_image_src":{"full":false,"thumbnail":false,"medium":false,"medium_large":false,"large":false,"1536x1536":false,"2048x2048":false,"trp-custom-language-flag":false},"uagb_author_info":{"display_name":"adbv0","author_link":"https:\/\/nuevo-renacer.com\/en\/author\/adbv0\/"},"uagb_comment_info":0,"uagb_excerpt":"Os\u00f3rio de Moraes Os\u00f3rio de Moraes naci\u00f3 en la peque\u00f1a ciudad minera de Bagagem (actualmente Estrela do Sul) el 21 de diciembre de 1886. Hijo menor de Irineu Os\u00f3rio de Moraes y Ana Virg\u00ednia de Moraes, qued\u00f3 hu\u00e9rfano de padre con solo un a\u00f1o de edad. La tr\u00e1gica muerte de su padre, un comerciante ambulante,&hellip;","jetpack_sharing_enabled":true,"_links":{"self":[{"href":"https:\/\/nuevo-renacer.com\/en\/wp-json\/wp\/v2\/pages\/8510","targetHints":{"allow":["GET"]}}],"collection":[{"href":"https:\/\/nuevo-renacer.com\/en\/wp-json\/wp\/v2\/pages"}],"about":[{"href":"https:\/\/nuevo-renacer.com\/en\/wp-json\/wp\/v2\/types\/page"}],"author":[{"embeddable":true,"href":"https:\/\/nuevo-renacer.com\/en\/wp-json\/wp\/v2\/users\/1"}],"replies":[{"embeddable":true,"href":"https:\/\/nuevo-renacer.com\/en\/wp-json\/wp\/v2\/comments?post=8510"}],"version-history":[{"count":2,"href":"https:\/\/nuevo-renacer.com\/en\/wp-json\/wp\/v2\/pages\/8510\/revisions"}],"predecessor-version":[{"id":8515,"href":"https:\/\/nuevo-renacer.com\/en\/wp-json\/wp\/v2\/pages\/8510\/revisions\/8515"}],"wp:attachment":[{"href":"https:\/\/nuevo-renacer.com\/en\/wp-json\/wp\/v2\/media?parent=8510"}],"curies":[{"name":"wp","href":"https:\/\/api.w.org\/{rel}","templated":true}]}}