{"id":8481,"date":"2025-09-03T06:17:55","date_gmt":"2025-09-03T06:17:55","guid":{"rendered":"https:\/\/nuevo-renacer.com\/?page_id=8481"},"modified":"2025-09-03T06:33:29","modified_gmt":"2025-09-03T06:33:29","slug":"novedades-comprometidos-con-la-doctrina-banes-estrena-su-consejo-espirita-y-escuela","status":"publish","type":"page","link":"https:\/\/nuevo-renacer.com\/en\/novedades-comprometidos-con-la-doctrina-banes-estrena-su-consejo-espirita-y-escuela\/","title":{"rendered":"Committed to the Doctrine: Banes launches its Spiritist Council and School"},"content":{"rendered":"<div class=\"wp-block-uagb-container uagb-block-aa3d7d40 alignfull uagb-is-root-container\"><div class=\"uagb-container-inner-blocks-wrap\">\n<p class=\"has-black-color has-text-color has-link-color has-medium-font-size wp-elements-9c3537872f1654a1c555a7c74f986327\"><strong>Committed to the Doctrine: Banes launches its Spiritist Council and School<\/strong><\/p>\n<\/div><\/div>\n\n\n\n<div class=\"wp-block-uagb-container uagb-block-244bd4a7 alignfull uagb-is-root-container\"><div class=\"uagb-container-inner-blocks-wrap\">\n<figure class=\"wp-block-image size-large is-resized\"><img fetchpriority=\"high\" decoding=\"async\" width=\"1024\" height=\"961\" src=\"https:\/\/nuevo-renacer.com\/wp-content\/uploads\/2025\/09\/consejo-banes-1024x961.jpg\" alt=\"\" class=\"wp-image-8482\" style=\"width:444px;height:auto\" srcset=\"https:\/\/nuevo-renacer.com\/wp-content\/uploads\/2025\/09\/consejo-banes-1024x961.jpg 1024w, https:\/\/nuevo-renacer.com\/wp-content\/uploads\/2025\/09\/consejo-banes-300x282.jpg 300w, https:\/\/nuevo-renacer.com\/wp-content\/uploads\/2025\/09\/consejo-banes-768x721.jpg 768w, https:\/\/nuevo-renacer.com\/wp-content\/uploads\/2025\/09\/consejo-banes-13x12.jpg 13w, https:\/\/nuevo-renacer.com\/wp-content\/uploads\/2025\/09\/consejo-banes.jpg 1080w\" sizes=\"(max-width: 1024px) 100vw, 1024px\" \/><\/figure>\n<\/div><\/div>\n\n\n\n<div class=\"wp-block-uagb-container uagb-block-fa864e50 alignfull uagb-is-root-container\"><div class=\"uagb-container-inner-blocks-wrap\">\n<p class=\"has-black-color has-text-color has-link-color has-small-font-size wp-elements-5a665dedf2de2fea5f196e23b628eb68\">On 30 August 2025, the Spiritist Council of Banes was founded, consisting of a president, a vice-president, a secretary, a treasurer, two assessors and a librarian (the librarian is missing from the photo). This team is responsible for coordinating all activities related to Spiritism in the municipality. We are confident that Banes will once again be an example of solidarity, brotherhood, and cooperation among all those who identify with our beloved teachings. The Spiritist Federation of Holgu\u00edn is delighted to count such valuable brothers and sisters among its members. Welcome, Spiritists of Banes! In addition, a Spiritist school has been opened for the Spiritists of Banes, offering in-person classes.<\/p>\n<\/div><\/div>\n\n\n\n<div class=\"wp-block-uagb-container uagb-block-7b3ac73f alignfull uagb-is-root-container\"><div class=\"uagb-container-inner-blocks-wrap\"><\/div><\/div>\n\n\n\n<div class=\"wp-block-uagb-container uagb-block-8dc7721c alignfull uagb-is-root-container\"><div class=\"uagb-container-inner-blocks-wrap\"><\/div><\/div>","protected":false},"excerpt":{"rendered":"<p>Comprometidos con la Doctrina: Banes estrena su Consejo Esp\u00edrita y Escuela El 30 de agosto de 2025 qued\u00f3 constituido el Consejo Esp\u00edrita de Banes, integrado por un presidente, un vicepresidente,\u00a0 un Secretario, un Tesorero, dos vocales y un bibliotecario ( en la foto falta el\u00a0 bibliotecario). Este equipo de trabajo tiene la responsabilidad de coordinar [&hellip;]<\/p>","protected":false},"author":1,"featured_media":0,"parent":0,"menu_order":0,"comment_status":"closed","ping_status":"closed","template":"","meta":{"_uag_custom_page_level_css":"","site-sidebar-layout":"default","site-content-layout":"","ast-site-content-layout":"default","site-content-style":"default","site-sidebar-style":"default","ast-global-header-display":"","ast-banner-title-visibility":"","ast-main-header-display":"","ast-hfb-above-header-display":"","ast-hfb-below-header-display":"","ast-hfb-mobile-header-display":"","site-post-title":"disabled","ast-breadcrumbs-content":"","ast-featured-img":"","footer-sml-layout":"","theme-transparent-header-meta":"","adv-header-id-meta":"","stick-header-meta":"","header-above-stick-meta":"","header-main-stick-meta":"","header-below-stick-meta":"","astra-migrate-meta-layouts":"set","ast-page-background-enabled":"default","ast-page-background-meta":{"desktop":{"background-color":"var(--ast-global-color-4)","background-image":"","background-repeat":"repeat","background-position":"center center","background-size":"auto","background-attachment":"scroll","background-type":"","background-media":"","overlay-type":"","overlay-color":"","overlay-opacity":"","overlay-gradient":""},"tablet":{"background-color":"","background-image":"","background-repeat":"repeat","background-position":"center center","background-size":"auto","background-attachment":"scroll","background-type":"","background-media":"","overlay-type":"","overlay-color":"","overlay-opacity":"","overlay-gradient":""},"mobile":{"background-color":"","background-image":"","background-repeat":"repeat","background-position":"center center","background-size":"auto","background-attachment":"scroll","background-type":"","background-media":"","overlay-type":"","overlay-color":"","overlay-opacity":"","overlay-gradient":""}},"ast-content-background-meta":{"desktop":{"background-color":"var(--ast-global-color-5)","background-image":"","background-repeat":"repeat","background-position":"center center","background-size":"auto","background-attachment":"scroll","background-type":"","background-media":"","overlay-type":"","overlay-color":"","overlay-opacity":"","overlay-gradient":""},"tablet":{"background-color":"var(--ast-global-color-5)","background-image":"","background-repeat":"repeat","background-position":"center center","background-size":"auto","background-attachment":"scroll","background-type":"","background-media":"","overlay-type":"","overlay-color":"","overlay-opacity":"","overlay-gradient":""},"mobile":{"background-color":"var(--ast-global-color-5)","background-image":"","background-repeat":"repeat","background-position":"center center","background-size":"auto","background-attachment":"scroll","background-type":"","background-media":"","overlay-type":"","overlay-color":"","overlay-opacity":"","overlay-gradient":""}},"footnotes":""},"class_list":["post-8481","page","type-page","status-publish","hentry"],"yoast_head":"<!-- This site is optimized with the Yoast SEO Premium plugin v24.2 (Yoast SEO v24.6) - https:\/\/yoast.com\/wordpress\/plugins\/seo\/ -->\n<title>Comprometidos con la Doctrina: Banes estrena su Consejo Esp\u00edrita y Escuela - Uni\u00f3n Esp\u00edrita<\/title>\n<meta name=\"description\" content=\"El 30 de agosto de 2025 se constituy\u00f3 el Consejo Esp\u00edrita de Banes, encargado de coordinar las actividades espiritistas del municipio.\" \/>\n<meta name=\"robots\" content=\"index, follow, max-snippet:-1, max-image-preview:large, max-video-preview:-1\" \/>\n<link rel=\"canonical\" href=\"https:\/\/nuevo-renacer.com\/en\/novedades-comprometidos-con-la-doctrina-banes-estrena-su-consejo-espirita-y-escuela\/\" \/>\n<meta property=\"og:locale\" content=\"en_GB\" \/>\n<meta property=\"og:type\" content=\"article\" \/>\n<meta property=\"og:title\" content=\"Comprometidos con la Doctrina: Banes estrena su Consejo Esp\u00edrita y Escuela\" \/>\n<meta property=\"og:description\" content=\"El 30 de agosto de 2025 se constituy\u00f3 el Consejo Esp\u00edrita de Banes, encargado de coordinar las actividades espiritistas del municipio.\" \/>\n<meta property=\"og:url\" content=\"https:\/\/nuevo-renacer.com\/en\/novedades-comprometidos-con-la-doctrina-banes-estrena-su-consejo-espirita-y-escuela\/\" \/>\n<meta property=\"og:site_name\" content=\"Uni\u00f3n Esp\u00edrita\" \/>\n<meta property=\"article:publisher\" content=\"https:\/\/www.facebook.com\/groups\/3431398063740829\" \/>\n<meta property=\"article:modified_time\" content=\"2025-09-03T06:33:29+00:00\" \/>\n<meta property=\"og:image\" content=\"https:\/\/nuevo-renacer.com\/wp-content\/uploads\/2025\/09\/consejo-banes.jpg\" \/>\n\t<meta property=\"og:image:width\" content=\"1080\" \/>\n\t<meta property=\"og:image:height\" content=\"1014\" \/>\n\t<meta property=\"og:image:type\" content=\"image\/jpeg\" \/>\n<meta name=\"twitter:card\" content=\"summary_large_image\" \/>\n<meta name=\"twitter:label1\" content=\"Estimated reading time\" \/>\n\t<meta name=\"twitter:data1\" content=\"1 minute\" \/>\n<script type=\"application\/ld+json\" class=\"yoast-schema-graph\">{\"@context\":\"https:\/\/schema.org\",\"@graph\":[{\"@type\":\"WebPage\",\"@id\":\"https:\/\/nuevo-renacer.com\/novedades-comprometidos-con-la-doctrina-banes-estrena-su-consejo-espirita-y-escuela\/\",\"url\":\"https:\/\/nuevo-renacer.com\/novedades-comprometidos-con-la-doctrina-banes-estrena-su-consejo-espirita-y-escuela\/\",\"name\":\"Comprometidos con la Doctrina: Banes estrena su Consejo Esp\u00edrita y Escuela - Uni\u00f3n Esp\u00edrita\",\"isPartOf\":{\"@id\":\"https:\/\/nuevo-renacer.com\/#website\"},\"primaryImageOfPage\":{\"@id\":\"https:\/\/nuevo-renacer.com\/novedades-comprometidos-con-la-doctrina-banes-estrena-su-consejo-espirita-y-escuela\/#primaryimage\"},\"image\":{\"@id\":\"https:\/\/nuevo-renacer.com\/novedades-comprometidos-con-la-doctrina-banes-estrena-su-consejo-espirita-y-escuela\/#primaryimage\"},\"thumbnailUrl\":\"https:\/\/nuevo-renacer.com\/wp-content\/uploads\/2025\/09\/consejo-banes-1024x961.jpg\",\"datePublished\":\"2025-09-03T06:17:55+00:00\",\"dateModified\":\"2025-09-03T06:33:29+00:00\",\"description\":\"El 30 de agosto de 2025 se constituy\u00f3 el Consejo Esp\u00edrita de Banes, encargado de coordinar las actividades espiritistas del municipio.\",\"breadcrumb\":{\"@id\":\"https:\/\/nuevo-renacer.com\/novedades-comprometidos-con-la-doctrina-banes-estrena-su-consejo-espirita-y-escuela\/#breadcrumb\"},\"inLanguage\":\"en-GB\",\"potentialAction\":[{\"@type\":\"ReadAction\",\"target\":[\"https:\/\/nuevo-renacer.com\/novedades-comprometidos-con-la-doctrina-banes-estrena-su-consejo-espirita-y-escuela\/\"]}]},{\"@type\":\"ImageObject\",\"inLanguage\":\"en-GB\",\"@id\":\"https:\/\/nuevo-renacer.com\/novedades-comprometidos-con-la-doctrina-banes-estrena-su-consejo-espirita-y-escuela\/#primaryimage\",\"url\":\"https:\/\/nuevo-renacer.com\/wp-content\/uploads\/2025\/09\/consejo-banes-1024x961.jpg\",\"contentUrl\":\"https:\/\/nuevo-renacer.com\/wp-content\/uploads\/2025\/09\/consejo-banes-1024x961.jpg\"},{\"@type\":\"BreadcrumbList\",\"@id\":\"https:\/\/nuevo-renacer.com\/novedades-comprometidos-con-la-doctrina-banes-estrena-su-consejo-espirita-y-escuela\/#breadcrumb\",\"itemListElement\":[{\"@type\":\"ListItem\",\"position\":1,\"name\":\"Startseite\",\"item\":\"https:\/\/nuevo-renacer.com\/\"},{\"@type\":\"ListItem\",\"position\":2,\"name\":\"Comprometidos con la Doctrina: Banes estrena su Consejo Esp\u00edrita y Escuela\"}]},{\"@type\":\"WebSite\",\"@id\":\"https:\/\/nuevo-renacer.com\/#website\",\"url\":\"https:\/\/nuevo-renacer.com\/\",\"name\":\"Uni\u00f3n Esp\u00edrita\",\"description\":\"Nuevo Renacer\",\"publisher\":{\"@id\":\"https:\/\/nuevo-renacer.com\/#organization\"},\"potentialAction\":[{\"@type\":\"SearchAction\",\"target\":{\"@type\":\"EntryPoint\",\"urlTemplate\":\"https:\/\/nuevo-renacer.com\/?s={search_term_string}\"},\"query-input\":{\"@type\":\"PropertyValueSpecification\",\"valueRequired\":true,\"valueName\":\"search_term_string\"}}],\"inLanguage\":\"en-GB\"},{\"@type\":\"Organization\",\"@id\":\"https:\/\/nuevo-renacer.com\/#organization\",\"name\":\"UFEC\",\"url\":\"https:\/\/nuevo-renacer.com\/\",\"logo\":{\"@type\":\"ImageObject\",\"inLanguage\":\"en-GB\",\"@id\":\"https:\/\/nuevo-renacer.com\/#\/schema\/logo\/image\/\",\"url\":\"https:\/\/nuevo-renacer.com\/wp-content\/uploads\/2024\/05\/cropped-LOGO-TERMINADO1-3-3.png\",\"contentUrl\":\"https:\/\/nuevo-renacer.com\/wp-content\/uploads\/2024\/05\/cropped-LOGO-TERMINADO1-3-3.png\",\"width\":512,\"height\":512,\"caption\":\"UFEC\"},\"image\":{\"@id\":\"https:\/\/nuevo-renacer.com\/#\/schema\/logo\/image\/\"},\"sameAs\":[\"https:\/\/www.facebook.com\/groups\/3431398063740829\"]}]}<\/script>\n<!-- \/ Yoast SEO Premium plugin. -->","yoast_head_json":{"title":"Comprometidos con la Doctrina: Banes estrena su Consejo Esp\u00edrita y Escuela - Uni\u00f3n Esp\u00edrita","description":"El 30 de agosto de 2025 se constituy\u00f3 el Consejo Esp\u00edrita de Banes, encargado de coordinar las actividades espiritistas del municipio.","robots":{"index":"index","follow":"follow","max-snippet":"max-snippet:-1","max-image-preview":"max-image-preview:large","max-video-preview":"max-video-preview:-1"},"canonical":"https:\/\/nuevo-renacer.com\/en\/novedades-comprometidos-con-la-doctrina-banes-estrena-su-consejo-espirita-y-escuela\/","og_locale":"en_GB","og_type":"article","og_title":"Comprometidos con la Doctrina: Banes estrena su Consejo Esp\u00edrita y Escuela","og_description":"El 30 de agosto de 2025 se constituy\u00f3 el Consejo Esp\u00edrita de Banes, encargado de coordinar las actividades espiritistas del municipio.","og_url":"https:\/\/nuevo-renacer.com\/en\/novedades-comprometidos-con-la-doctrina-banes-estrena-su-consejo-espirita-y-escuela\/","og_site_name":"Uni\u00f3n Esp\u00edrita","article_publisher":"https:\/\/www.facebook.com\/groups\/3431398063740829","article_modified_time":"2025-09-03T06:33:29+00:00","og_image":[{"width":1080,"height":1014,"url":"https:\/\/nuevo-renacer.com\/wp-content\/uploads\/2025\/09\/consejo-banes.jpg","type":"image\/jpeg"}],"twitter_card":"summary_large_image","twitter_misc":{"Estimated reading time":"1 minute"},"schema":{"@context":"https:\/\/schema.org","@graph":[{"@type":"WebPage","@id":"https:\/\/nuevo-renacer.com\/novedades-comprometidos-con-la-doctrina-banes-estrena-su-consejo-espirita-y-escuela\/","url":"https:\/\/nuevo-renacer.com\/novedades-comprometidos-con-la-doctrina-banes-estrena-su-consejo-espirita-y-escuela\/","name":"Comprometidos con la Doctrina: Banes estrena su Consejo Esp\u00edrita y Escuela - Uni\u00f3n Esp\u00edrita","isPartOf":{"@id":"https:\/\/nuevo-renacer.com\/#website"},"primaryImageOfPage":{"@id":"https:\/\/nuevo-renacer.com\/novedades-comprometidos-con-la-doctrina-banes-estrena-su-consejo-espirita-y-escuela\/#primaryimage"},"image":{"@id":"https:\/\/nuevo-renacer.com\/novedades-comprometidos-con-la-doctrina-banes-estrena-su-consejo-espirita-y-escuela\/#primaryimage"},"thumbnailUrl":"https:\/\/nuevo-renacer.com\/wp-content\/uploads\/2025\/09\/consejo-banes-1024x961.jpg","datePublished":"2025-09-03T06:17:55+00:00","dateModified":"2025-09-03T06:33:29+00:00","description":"El 30 de agosto de 2025 se constituy\u00f3 el Consejo Esp\u00edrita de Banes, encargado de coordinar las actividades espiritistas del municipio.","breadcrumb":{"@id":"https:\/\/nuevo-renacer.com\/novedades-comprometidos-con-la-doctrina-banes-estrena-su-consejo-espirita-y-escuela\/#breadcrumb"},"inLanguage":"en-GB","potentialAction":[{"@type":"ReadAction","target":["https:\/\/nuevo-renacer.com\/novedades-comprometidos-con-la-doctrina-banes-estrena-su-consejo-espirita-y-escuela\/"]}]},{"@type":"ImageObject","inLanguage":"en-GB","@id":"https:\/\/nuevo-renacer.com\/novedades-comprometidos-con-la-doctrina-banes-estrena-su-consejo-espirita-y-escuela\/#primaryimage","url":"https:\/\/nuevo-renacer.com\/wp-content\/uploads\/2025\/09\/consejo-banes-1024x961.jpg","contentUrl":"https:\/\/nuevo-renacer.com\/wp-content\/uploads\/2025\/09\/consejo-banes-1024x961.jpg"},{"@type":"BreadcrumbList","@id":"https:\/\/nuevo-renacer.com\/novedades-comprometidos-con-la-doctrina-banes-estrena-su-consejo-espirita-y-escuela\/#breadcrumb","itemListElement":[{"@type":"ListItem","position":1,"name":"Startseite","item":"https:\/\/nuevo-renacer.com\/"},{"@type":"ListItem","position":2,"name":"Comprometidos con la Doctrina: Banes estrena su Consejo Esp\u00edrita y Escuela"}]},{"@type":"WebSite","@id":"https:\/\/nuevo-renacer.com\/#website","url":"https:\/\/nuevo-renacer.com\/","name":"Uni\u00f3n Esp\u00edrita","description":"Nuevo Renacer","publisher":{"@id":"https:\/\/nuevo-renacer.com\/#organization"},"potentialAction":[{"@type":"SearchAction","target":{"@type":"EntryPoint","urlTemplate":"https:\/\/nuevo-renacer.com\/?s={search_term_string}"},"query-input":{"@type":"PropertyValueSpecification","valueRequired":true,"valueName":"search_term_string"}}],"inLanguage":"en-GB"},{"@type":"Organization","@id":"https:\/\/nuevo-renacer.com\/#organization","name":"UFEC","url":"https:\/\/nuevo-renacer.com\/","logo":{"@type":"ImageObject","inLanguage":"en-GB","@id":"https:\/\/nuevo-renacer.com\/#\/schema\/logo\/image\/","url":"https:\/\/nuevo-renacer.com\/wp-content\/uploads\/2024\/05\/cropped-LOGO-TERMINADO1-3-3.png","contentUrl":"https:\/\/nuevo-renacer.com\/wp-content\/uploads\/2024\/05\/cropped-LOGO-TERMINADO1-3-3.png","width":512,"height":512,"caption":"UFEC"},"image":{"@id":"https:\/\/nuevo-renacer.com\/#\/schema\/logo\/image\/"},"sameAs":["https:\/\/www.facebook.com\/groups\/3431398063740829"]}]}},"uagb_featured_image_src":{"full":false,"thumbnail":false,"medium":false,"medium_large":false,"large":false,"1536x1536":false,"2048x2048":false,"trp-custom-language-flag":false},"uagb_author_info":{"display_name":"adbv0","author_link":"https:\/\/nuevo-renacer.com\/en\/author\/adbv0\/"},"uagb_comment_info":0,"uagb_excerpt":"Comprometidos con la Doctrina: Banes estrena su Consejo Esp\u00edrita y Escuela El 30 de agosto de 2025 qued\u00f3 constituido el Consejo Esp\u00edrita de Banes, integrado por un presidente, un vicepresidente,\u00a0 un Secretario, un Tesorero, dos vocales y un bibliotecario ( en la foto falta el\u00a0 bibliotecario). Este equipo de trabajo tiene la responsabilidad de coordinar&hellip;","jetpack_sharing_enabled":true,"_links":{"self":[{"href":"https:\/\/nuevo-renacer.com\/en\/wp-json\/wp\/v2\/pages\/8481","targetHints":{"allow":["GET"]}}],"collection":[{"href":"https:\/\/nuevo-renacer.com\/en\/wp-json\/wp\/v2\/pages"}],"about":[{"href":"https:\/\/nuevo-renacer.com\/en\/wp-json\/wp\/v2\/types\/page"}],"author":[{"embeddable":true,"href":"https:\/\/nuevo-renacer.com\/en\/wp-json\/wp\/v2\/users\/1"}],"replies":[{"embeddable":true,"href":"https:\/\/nuevo-renacer.com\/en\/wp-json\/wp\/v2\/comments?post=8481"}],"version-history":[{"count":3,"href":"https:\/\/nuevo-renacer.com\/en\/wp-json\/wp\/v2\/pages\/8481\/revisions"}],"predecessor-version":[{"id":8485,"href":"https:\/\/nuevo-renacer.com\/en\/wp-json\/wp\/v2\/pages\/8481\/revisions\/8485"}],"wp:attachment":[{"href":"https:\/\/nuevo-renacer.com\/en\/wp-json\/wp\/v2\/media?parent=8481"}],"curies":[{"name":"wp","href":"https:\/\/api.w.org\/{rel}","templated":true}]}}