{"id":8421,"date":"2025-07-18T12:59:12","date_gmt":"2025-07-18T12:59:12","guid":{"rendered":"https:\/\/nuevo-renacer.com\/?page_id=8421"},"modified":"2025-07-18T12:59:16","modified_gmt":"2025-07-18T12:59:16","slug":"jean-meyer","status":"publish","type":"page","link":"https:\/\/nuevo-renacer.com\/en\/jean-meyer\/","title":{"rendered":"Jean Meyer"},"content":{"rendered":"<div class=\"wp-block-uagb-container uagb-block-c6b8849f alignfull uagb-is-root-container\"><div class=\"uagb-container-inner-blocks-wrap\">\n<p class=\"has-black-color has-text-color has-link-color has-medium-font-size wp-elements-3e3f041f6d5563d9f24fd4504ce64006\"><strong>Jean Meyer<\/strong><\/p>\n<\/div><\/div>\n\n\n\n<div class=\"wp-block-uagb-container uagb-block-9a523b8d alignfull uagb-is-root-container\"><div class=\"uagb-container-inner-blocks-wrap\">\n<figure class=\"wp-block-image size-full is-resized\"><img fetchpriority=\"high\" decoding=\"async\" width=\"1000\" height=\"779\" src=\"https:\/\/nuevo-renacer.com\/wp-content\/uploads\/2025\/07\/Jean-Meyer.jpg\" alt=\"\" class=\"wp-image-8422\" style=\"width:309px;height:auto\" srcset=\"https:\/\/nuevo-renacer.com\/wp-content\/uploads\/2025\/07\/Jean-Meyer.jpg 1000w, https:\/\/nuevo-renacer.com\/wp-content\/uploads\/2025\/07\/Jean-Meyer-300x234.jpg 300w, https:\/\/nuevo-renacer.com\/wp-content\/uploads\/2025\/07\/Jean-Meyer-768x598.jpg 768w, https:\/\/nuevo-renacer.com\/wp-content\/uploads\/2025\/07\/Jean-Meyer-15x12.jpg 15w\" sizes=\"(max-width: 1000px) 100vw, 1000px\" \/><\/figure>\n<\/div><\/div>\n\n\n\n<div class=\"wp-block-uagb-container uagb-block-b68fa6cb alignfull uagb-is-root-container\"><div class=\"uagb-container-inner-blocks-wrap\">\n<p class=\"has-black-color has-text-color has-link-color has-small-font-size wp-elements-ac761262e09f7acf5d4c361a0739b047\">Born in Riken (Switzerland) on 8 July 1855 and died in B\u00e9ziers (France) on 13 April 1931. Jean Meyer, Swiss writer, scientist, philanthropist and philosopher, was one of the most prominent spiritualist figures of the early 20th century. Converted to spiritualism after reading the works of Allan Kardec and L\u00e9on Denis, he devoted himself body and soul to the great task of spreading the Doctrine of the Spirits. Possessing considerable material wealth, he put it at the service of spiritualism, dedicating himself with determination and true love to the task of spreading its fundamental principles.<\/p>\n\n\n\n<p class=\"has-black-color has-text-color has-link-color has-small-font-size wp-elements-b157fecb147eb319681eceda32c002be\">Thanks to his financial contribution and moral support, the \u2018International Institute of Metapsychics\u2019 was founded in Paris, where he had moved in his youth. Its first president was Dr. Roque Santol\u00edquido, a notable professor, deputy and minister of public health and government advisor in Italy. The vice-presidency of this new institution was held by the equally famous Dr Gustavo Geley. Due to its important work, this institute was considered to be of \u2018public utility\u2019 by the French government. At the time of his death, Jean Meyer was the director and owner of the Revue Spirite, founded by Allan Kardec, which he ran between 1916 and 1931. In 1917, in his own residence, Vila Valrose, in Paris, the \u2018French Spiritist Union\u2019 was founded, with Gabriel Delanne and L\u00e9on Denis as his main companions. He was also vice-president of the \u2018House of Spiritists\u2019 in the same city; a prominent member of the \u2018Society for Metapsychical Studies\u2019 and the \u2018International Institute of Metapsychics\u2019, vice-president of the \u2018International Spiritist Congress of The Hague\u2019, vice-president of the \u2018International Spiritist Federation\u2019 when it was based in Paris, as well as a member of numerous scientific bodies in France and other countries.<\/p>\n\n\n\n<p class=\"has-black-color has-text-color has-link-color has-small-font-size wp-elements-e86633fa96752bd0ed9291fe7e0eba6b\">Jean Meyer devoted himself wholeheartedly to the study of the philosophical and scientific aspects of the Spiritist Doctrine, without neglecting the philanthropic side, providing financial support to various charitable institutions, including a project built in Lyon by Mrs Stephen and Mrs Dayt. The great harvester spent a considerable part of his fortune on spreading Spiritism through \u2018Editions Meyer\u2019 and on supporting doctrinal institutions, among which the \u2018French Spiritist Union\u2019 stands out. He initiated numerous studies with Dr. Gustavo Geley* at the International Institute of Metapsychics, as he was a persistent researcher of spiritualist phenomena, to the point of earning the statement from L\u00e9on Chevreuil, one of the presidents of the French Spiritist Union, that \u2018without Meyer, metapsychics would not exist.\u2019<\/p>\n\n\n\n<p class=\"has-black-color has-text-color has-link-color has-small-font-size wp-elements-c8bf3913762f0661711e1cdb3d3b69f7\">As vice-president of the Executive Committee of the International Spiritist Congress, held in Paris from 6 to 13 September 1925, Meyer worked tirelessly, impressively demonstrating his scientific knowledge. At the London Spiritualist Congress in 1928, in which he participated alongside Sir Arthur Conan Doyle, who held him in high esteem, he uttered the following words: \u2018It is through the union of science with spiritualism, with that rational faith it gives us, helping one another, that we will arrive at an increasingly fair and ever higher understanding of God's work.\u2019 We can say without hesitation that Jean Meyer was one of the most legitimate continuators of Allan Kardec's work, not least because he maintained the publication of the Revue Spirite for some 15 years and carried out an intense dissemination of spiritualist postulates at a time when the new revealed doctrine was beginning to brighten the gloomy horizons of the world with the splendour of its light. Jean Meyer was not a man who buried his talent, according to the wise phrase from the Gospels. He was convinced that material fortune should be put at the service of noble causes, so he did not hesitate to put that transitory legacy, which he had received from Heaven, at the service of Spiritism and those less favoured by earthly goods, but he also put his intelligence, his unshakeable faith and all the forces at his disposal to ensure that this same cause would triumph.<\/p>\n<\/div><\/div>\n\n\n\n<div class=\"wp-block-uagb-container uagb-block-8f91b0af alignfull uagb-is-root-container\"><div class=\"uagb-container-inner-blocks-wrap\"><\/div><\/div>\n\n\n\n<div class=\"wp-block-uagb-container uagb-block-6f6fe01c alignfull uagb-is-root-container\"><div class=\"uagb-container-inner-blocks-wrap\"><\/div><\/div>","protected":false},"excerpt":{"rendered":"<p>Jean Meyer Nacido en Riken (Suiza) el 8 de julio de 1855 y fallecido en B\u00e9ziers (Francia) el 13 de abril de 1931. Jean Meyer, escritor, cient\u00edfico, fil\u00e1ntropo y fil\u00f3sofo suizo, fue una de las figuras espiritistas m\u00e1s destacadas de principios del siglo XX. Convertido al espiritismo tras leer las obras de Allan Kardec y [&hellip;]<\/p>","protected":false},"author":1,"featured_media":0,"parent":0,"menu_order":0,"comment_status":"closed","ping_status":"closed","template":"","meta":{"_uag_custom_page_level_css":"","site-sidebar-layout":"default","site-content-layout":"","ast-site-content-layout":"default","site-content-style":"default","site-sidebar-style":"default","ast-global-header-display":"","ast-banner-title-visibility":"","ast-main-header-display":"","ast-hfb-above-header-display":"","ast-hfb-below-header-display":"","ast-hfb-mobile-header-display":"","site-post-title":"disabled","ast-breadcrumbs-content":"","ast-featured-img":"","footer-sml-layout":"","theme-transparent-header-meta":"","adv-header-id-meta":"","stick-header-meta":"","header-above-stick-meta":"","header-main-stick-meta":"","header-below-stick-meta":"","astra-migrate-meta-layouts":"set","ast-page-background-enabled":"default","ast-page-background-meta":{"desktop":{"background-color":"var(--ast-global-color-4)","background-image":"","background-repeat":"repeat","background-position":"center center","background-size":"auto","background-attachment":"scroll","background-type":"","background-media":"","overlay-type":"","overlay-color":"","overlay-opacity":"","overlay-gradient":""},"tablet":{"background-color":"","background-image":"","background-repeat":"repeat","background-position":"center center","background-size":"auto","background-attachment":"scroll","background-type":"","background-media":"","overlay-type":"","overlay-color":"","overlay-opacity":"","overlay-gradient":""},"mobile":{"background-color":"","background-image":"","background-repeat":"repeat","background-position":"center center","background-size":"auto","background-attachment":"scroll","background-type":"","background-media":"","overlay-type":"","overlay-color":"","overlay-opacity":"","overlay-gradient":""}},"ast-content-background-meta":{"desktop":{"background-color":"var(--ast-global-color-5)","background-image":"","background-repeat":"repeat","background-position":"center center","background-size":"auto","background-attachment":"scroll","background-type":"","background-media":"","overlay-type":"","overlay-color":"","overlay-opacity":"","overlay-gradient":""},"tablet":{"background-color":"var(--ast-global-color-5)","background-image":"","background-repeat":"repeat","background-position":"center center","background-size":"auto","background-attachment":"scroll","background-type":"","background-media":"","overlay-type":"","overlay-color":"","overlay-opacity":"","overlay-gradient":""},"mobile":{"background-color":"var(--ast-global-color-5)","background-image":"","background-repeat":"repeat","background-position":"center center","background-size":"auto","background-attachment":"scroll","background-type":"","background-media":"","overlay-type":"","overlay-color":"","overlay-opacity":"","overlay-gradient":""}},"footnotes":""},"class_list":["post-8421","page","type-page","status-publish","hentry"],"yoast_head":"<!-- This site is optimized with the Yoast SEO Premium plugin v24.2 (Yoast SEO v24.6) - https:\/\/yoast.com\/wordpress\/plugins\/seo\/ -->\n<title>Jean Meyer - Uni\u00f3n Esp\u00edrita<\/title>\n<meta name=\"robots\" content=\"index, follow, max-snippet:-1, max-image-preview:large, max-video-preview:-1\" \/>\n<link rel=\"canonical\" href=\"https:\/\/nuevo-renacer.com\/en\/jean-meyer\/\" \/>\n<meta property=\"og:locale\" content=\"en_GB\" \/>\n<meta property=\"og:type\" content=\"article\" \/>\n<meta property=\"og:title\" content=\"Jean Meyer\" \/>\n<meta property=\"og:description\" content=\"Jean Meyer Nacido en Riken (Suiza) el 8 de julio de 1855 y fallecido en B\u00e9ziers (Francia) el 13 de abril de 1931. Jean Meyer, escritor, cient\u00edfico, fil\u00e1ntropo y fil\u00f3sofo suizo, fue una de las figuras espiritistas m\u00e1s destacadas de principios del siglo XX. Convertido al espiritismo tras leer las obras de Allan Kardec y [&hellip;]\" \/>\n<meta property=\"og:url\" content=\"https:\/\/nuevo-renacer.com\/en\/jean-meyer\/\" \/>\n<meta property=\"og:site_name\" content=\"Uni\u00f3n Esp\u00edrita\" \/>\n<meta property=\"article:publisher\" content=\"https:\/\/www.facebook.com\/groups\/3431398063740829\" \/>\n<meta property=\"article:modified_time\" content=\"2025-07-18T12:59:16+00:00\" \/>\n<meta property=\"og:image\" content=\"https:\/\/nuevo-renacer.com\/wp-content\/uploads\/2025\/07\/Jean-Meyer.jpg\" \/>\n\t<meta property=\"og:image:width\" content=\"1000\" \/>\n\t<meta property=\"og:image:height\" content=\"779\" \/>\n\t<meta property=\"og:image:type\" content=\"image\/jpeg\" \/>\n<meta name=\"twitter:card\" content=\"summary_large_image\" \/>\n<meta name=\"twitter:label1\" content=\"Estimated reading time\" \/>\n\t<meta name=\"twitter:data1\" content=\"4 minutes\" \/>\n<script type=\"application\/ld+json\" class=\"yoast-schema-graph\">{\"@context\":\"https:\/\/schema.org\",\"@graph\":[{\"@type\":\"WebPage\",\"@id\":\"https:\/\/nuevo-renacer.com\/jean-meyer\/\",\"url\":\"https:\/\/nuevo-renacer.com\/jean-meyer\/\",\"name\":\"Jean Meyer - Uni\u00f3n Esp\u00edrita\",\"isPartOf\":{\"@id\":\"https:\/\/nuevo-renacer.com\/#website\"},\"primaryImageOfPage\":{\"@id\":\"https:\/\/nuevo-renacer.com\/jean-meyer\/#primaryimage\"},\"image\":{\"@id\":\"https:\/\/nuevo-renacer.com\/jean-meyer\/#primaryimage\"},\"thumbnailUrl\":\"https:\/\/nuevo-renacer.com\/wp-content\/uploads\/2025\/07\/Jean-Meyer.jpg\",\"datePublished\":\"2025-07-18T12:59:12+00:00\",\"dateModified\":\"2025-07-18T12:59:16+00:00\",\"breadcrumb\":{\"@id\":\"https:\/\/nuevo-renacer.com\/jean-meyer\/#breadcrumb\"},\"inLanguage\":\"en-GB\",\"potentialAction\":[{\"@type\":\"ReadAction\",\"target\":[\"https:\/\/nuevo-renacer.com\/jean-meyer\/\"]}]},{\"@type\":\"ImageObject\",\"inLanguage\":\"en-GB\",\"@id\":\"https:\/\/nuevo-renacer.com\/jean-meyer\/#primaryimage\",\"url\":\"https:\/\/nuevo-renacer.com\/wp-content\/uploads\/2025\/07\/Jean-Meyer.jpg\",\"contentUrl\":\"https:\/\/nuevo-renacer.com\/wp-content\/uploads\/2025\/07\/Jean-Meyer.jpg\"},{\"@type\":\"BreadcrumbList\",\"@id\":\"https:\/\/nuevo-renacer.com\/jean-meyer\/#breadcrumb\",\"itemListElement\":[{\"@type\":\"ListItem\",\"position\":1,\"name\":\"Startseite\",\"item\":\"https:\/\/nuevo-renacer.com\/\"},{\"@type\":\"ListItem\",\"position\":2,\"name\":\"Jean Meyer\"}]},{\"@type\":\"WebSite\",\"@id\":\"https:\/\/nuevo-renacer.com\/#website\",\"url\":\"https:\/\/nuevo-renacer.com\/\",\"name\":\"Uni\u00f3n Esp\u00edrita\",\"description\":\"Nuevo Renacer\",\"publisher\":{\"@id\":\"https:\/\/nuevo-renacer.com\/#organization\"},\"potentialAction\":[{\"@type\":\"SearchAction\",\"target\":{\"@type\":\"EntryPoint\",\"urlTemplate\":\"https:\/\/nuevo-renacer.com\/?s={search_term_string}\"},\"query-input\":{\"@type\":\"PropertyValueSpecification\",\"valueRequired\":true,\"valueName\":\"search_term_string\"}}],\"inLanguage\":\"en-GB\"},{\"@type\":\"Organization\",\"@id\":\"https:\/\/nuevo-renacer.com\/#organization\",\"name\":\"UFEC\",\"url\":\"https:\/\/nuevo-renacer.com\/\",\"logo\":{\"@type\":\"ImageObject\",\"inLanguage\":\"en-GB\",\"@id\":\"https:\/\/nuevo-renacer.com\/#\/schema\/logo\/image\/\",\"url\":\"https:\/\/nuevo-renacer.com\/wp-content\/uploads\/2024\/05\/cropped-LOGO-TERMINADO1-3-3.png\",\"contentUrl\":\"https:\/\/nuevo-renacer.com\/wp-content\/uploads\/2024\/05\/cropped-LOGO-TERMINADO1-3-3.png\",\"width\":512,\"height\":512,\"caption\":\"UFEC\"},\"image\":{\"@id\":\"https:\/\/nuevo-renacer.com\/#\/schema\/logo\/image\/\"},\"sameAs\":[\"https:\/\/www.facebook.com\/groups\/3431398063740829\"]}]}<\/script>\n<!-- \/ Yoast SEO Premium plugin. -->","yoast_head_json":{"title":"Jean Meyer - Uni\u00f3n Esp\u00edrita","robots":{"index":"index","follow":"follow","max-snippet":"max-snippet:-1","max-image-preview":"max-image-preview:large","max-video-preview":"max-video-preview:-1"},"canonical":"https:\/\/nuevo-renacer.com\/en\/jean-meyer\/","og_locale":"en_GB","og_type":"article","og_title":"Jean Meyer","og_description":"Jean Meyer Nacido en Riken (Suiza) el 8 de julio de 1855 y fallecido en B\u00e9ziers (Francia) el 13 de abril de 1931. Jean Meyer, escritor, cient\u00edfico, fil\u00e1ntropo y fil\u00f3sofo suizo, fue una de las figuras espiritistas m\u00e1s destacadas de principios del siglo XX. Convertido al espiritismo tras leer las obras de Allan Kardec y [&hellip;]","og_url":"https:\/\/nuevo-renacer.com\/en\/jean-meyer\/","og_site_name":"Uni\u00f3n Esp\u00edrita","article_publisher":"https:\/\/www.facebook.com\/groups\/3431398063740829","article_modified_time":"2025-07-18T12:59:16+00:00","og_image":[{"width":1000,"height":779,"url":"https:\/\/nuevo-renacer.com\/wp-content\/uploads\/2025\/07\/Jean-Meyer.jpg","type":"image\/jpeg"}],"twitter_card":"summary_large_image","twitter_misc":{"Estimated reading time":"4 minutes"},"schema":{"@context":"https:\/\/schema.org","@graph":[{"@type":"WebPage","@id":"https:\/\/nuevo-renacer.com\/jean-meyer\/","url":"https:\/\/nuevo-renacer.com\/jean-meyer\/","name":"Jean Meyer - Uni\u00f3n Esp\u00edrita","isPartOf":{"@id":"https:\/\/nuevo-renacer.com\/#website"},"primaryImageOfPage":{"@id":"https:\/\/nuevo-renacer.com\/jean-meyer\/#primaryimage"},"image":{"@id":"https:\/\/nuevo-renacer.com\/jean-meyer\/#primaryimage"},"thumbnailUrl":"https:\/\/nuevo-renacer.com\/wp-content\/uploads\/2025\/07\/Jean-Meyer.jpg","datePublished":"2025-07-18T12:59:12+00:00","dateModified":"2025-07-18T12:59:16+00:00","breadcrumb":{"@id":"https:\/\/nuevo-renacer.com\/jean-meyer\/#breadcrumb"},"inLanguage":"en-GB","potentialAction":[{"@type":"ReadAction","target":["https:\/\/nuevo-renacer.com\/jean-meyer\/"]}]},{"@type":"ImageObject","inLanguage":"en-GB","@id":"https:\/\/nuevo-renacer.com\/jean-meyer\/#primaryimage","url":"https:\/\/nuevo-renacer.com\/wp-content\/uploads\/2025\/07\/Jean-Meyer.jpg","contentUrl":"https:\/\/nuevo-renacer.com\/wp-content\/uploads\/2025\/07\/Jean-Meyer.jpg"},{"@type":"BreadcrumbList","@id":"https:\/\/nuevo-renacer.com\/jean-meyer\/#breadcrumb","itemListElement":[{"@type":"ListItem","position":1,"name":"Startseite","item":"https:\/\/nuevo-renacer.com\/"},{"@type":"ListItem","position":2,"name":"Jean Meyer"}]},{"@type":"WebSite","@id":"https:\/\/nuevo-renacer.com\/#website","url":"https:\/\/nuevo-renacer.com\/","name":"Uni\u00f3n Esp\u00edrita","description":"Nuevo Renacer","publisher":{"@id":"https:\/\/nuevo-renacer.com\/#organization"},"potentialAction":[{"@type":"SearchAction","target":{"@type":"EntryPoint","urlTemplate":"https:\/\/nuevo-renacer.com\/?s={search_term_string}"},"query-input":{"@type":"PropertyValueSpecification","valueRequired":true,"valueName":"search_term_string"}}],"inLanguage":"en-GB"},{"@type":"Organization","@id":"https:\/\/nuevo-renacer.com\/#organization","name":"UFEC","url":"https:\/\/nuevo-renacer.com\/","logo":{"@type":"ImageObject","inLanguage":"en-GB","@id":"https:\/\/nuevo-renacer.com\/#\/schema\/logo\/image\/","url":"https:\/\/nuevo-renacer.com\/wp-content\/uploads\/2024\/05\/cropped-LOGO-TERMINADO1-3-3.png","contentUrl":"https:\/\/nuevo-renacer.com\/wp-content\/uploads\/2024\/05\/cropped-LOGO-TERMINADO1-3-3.png","width":512,"height":512,"caption":"UFEC"},"image":{"@id":"https:\/\/nuevo-renacer.com\/#\/schema\/logo\/image\/"},"sameAs":["https:\/\/www.facebook.com\/groups\/3431398063740829"]}]}},"uagb_featured_image_src":{"full":false,"thumbnail":false,"medium":false,"medium_large":false,"large":false,"1536x1536":false,"2048x2048":false,"trp-custom-language-flag":false},"uagb_author_info":{"display_name":"adbv0","author_link":"https:\/\/nuevo-renacer.com\/en\/author\/adbv0\/"},"uagb_comment_info":0,"uagb_excerpt":"Jean Meyer Nacido en Riken (Suiza) el 8 de julio de 1855 y fallecido en B\u00e9ziers (Francia) el 13 de abril de 1931. Jean Meyer, escritor, cient\u00edfico, fil\u00e1ntropo y fil\u00f3sofo suizo, fue una de las figuras espiritistas m\u00e1s destacadas de principios del siglo XX. Convertido al espiritismo tras leer las obras de Allan Kardec y&hellip;","jetpack_sharing_enabled":true,"_links":{"self":[{"href":"https:\/\/nuevo-renacer.com\/en\/wp-json\/wp\/v2\/pages\/8421","targetHints":{"allow":["GET"]}}],"collection":[{"href":"https:\/\/nuevo-renacer.com\/en\/wp-json\/wp\/v2\/pages"}],"about":[{"href":"https:\/\/nuevo-renacer.com\/en\/wp-json\/wp\/v2\/types\/page"}],"author":[{"embeddable":true,"href":"https:\/\/nuevo-renacer.com\/en\/wp-json\/wp\/v2\/users\/1"}],"replies":[{"embeddable":true,"href":"https:\/\/nuevo-renacer.com\/en\/wp-json\/wp\/v2\/comments?post=8421"}],"version-history":[{"count":1,"href":"https:\/\/nuevo-renacer.com\/en\/wp-json\/wp\/v2\/pages\/8421\/revisions"}],"predecessor-version":[{"id":8423,"href":"https:\/\/nuevo-renacer.com\/en\/wp-json\/wp\/v2\/pages\/8421\/revisions\/8423"}],"wp:attachment":[{"href":"https:\/\/nuevo-renacer.com\/en\/wp-json\/wp\/v2\/media?parent=8421"}],"curies":[{"name":"wp","href":"https:\/\/api.w.org\/{rel}","templated":true}]}}