{"id":8284,"date":"2025-06-10T09:11:00","date_gmt":"2025-06-10T09:11:00","guid":{"rendered":"https:\/\/nuevo-renacer.com\/?page_id=8284"},"modified":"2025-06-10T09:11:03","modified_gmt":"2025-06-10T09:11:03","slug":"oliver-joseph-lodge","status":"publish","type":"page","link":"https:\/\/nuevo-renacer.com\/en\/oliver-joseph-lodge\/","title":{"rendered":"Oliver Joseph Lodge"},"content":{"rendered":"<div class=\"wp-block-uagb-container uagb-block-f273dccd alignfull uagb-is-root-container\"><div class=\"uagb-container-inner-blocks-wrap\">\n<p class=\"has-black-color has-text-color has-link-color has-medium-font-size wp-elements-1eb1e15e1bf9ca80ee168554d6f2324f\"><strong>Oliver Joseph Lodge<\/strong><\/p>\n<\/div><\/div>\n\n\n\n<div class=\"wp-block-uagb-container uagb-block-a33adbfd alignfull uagb-is-root-container\"><div class=\"uagb-container-inner-blocks-wrap\">\n<figure class=\"wp-block-image size-large is-resized\"><img fetchpriority=\"high\" decoding=\"async\" width=\"752\" height=\"1024\" src=\"https:\/\/nuevo-renacer.com\/wp-content\/uploads\/2025\/06\/Oliver_Joseph_Lodge3-752x1024.jpg\" alt=\"\" class=\"wp-image-8285\" style=\"width:223px;height:auto\" srcset=\"https:\/\/nuevo-renacer.com\/wp-content\/uploads\/2025\/06\/Oliver_Joseph_Lodge3-752x1024.jpg 752w, https:\/\/nuevo-renacer.com\/wp-content\/uploads\/2025\/06\/Oliver_Joseph_Lodge3-220x300.jpg 220w, https:\/\/nuevo-renacer.com\/wp-content\/uploads\/2025\/06\/Oliver_Joseph_Lodge3-768x1046.jpg 768w, https:\/\/nuevo-renacer.com\/wp-content\/uploads\/2025\/06\/Oliver_Joseph_Lodge3-1128x1536.jpg 1128w, https:\/\/nuevo-renacer.com\/wp-content\/uploads\/2025\/06\/Oliver_Joseph_Lodge3-9x12.jpg 9w, https:\/\/nuevo-renacer.com\/wp-content\/uploads\/2025\/06\/Oliver_Joseph_Lodge3.jpg 1188w\" sizes=\"(max-width: 752px) 100vw, 752px\" \/><\/figure>\n<\/div><\/div>\n\n\n\n<div class=\"wp-block-uagb-container uagb-block-68addc5d alignfull uagb-is-root-container\"><div class=\"uagb-container-inner-blocks-wrap\">\n<p class=\"has-black-color has-text-color has-link-color has-small-font-size wp-elements-8c669dc8f98a5a23246e292239b63546\">He was born on 12 June 1851 in Penkhull, England. Educated at Newport Grammar School and University College London, he was one of the most renowned physicists of his time. He conducted important research on the source of electromotive force in the voltaic pile, electromagnetic waves and wireless telegraphy. He gained worldwide fame as an inventor, having contributed greatly to the development of electricity.<\/p>\n\n\n\n<p class=\"has-black-color has-text-color has-link-color has-small-font-size wp-elements-1aa7b8fec7e62cf657297dc03305e76d\">Only after reaching the age of fifty did Lodge turn his attention to psychic manifestations, having given invaluable testimony to the survival and communication of spirits. In his work \u2018Why I Believe in Personal Immortality,\u2019 he states:<\/p>\n\n\n\n<p class=\"has-black-color has-text-color has-link-color has-small-font-size wp-elements-cb33222a3431efd1feeab0587f0293a5\">\u2018The proof of personal identity is thus amply established, seriously and systematically, by the critical examination of researchers and, above all, by the special and intelligent efforts of communicators from the beyond. For me, the evidence is practically complete, and I have no doubt about the existence and survival of the personality, any more than I would have about the deduction from any ordinary and normal experience.\u2019<\/p>\n\n\n\n<p class=\"has-black-color has-text-color has-link-color has-small-font-size wp-elements-5fd380fdb917e0272f0c6d8f603f181a\">He left behind numerous works, among which we highlight the following: \u2018The Formation of Man,\u2019 \u2018Raimundo,\u2019 and \u2018Why I Believe in Personal Immortality.\u2019 The name of Sir Oliver Lodge is one of the highest honours of modern science. An English scientist born in Penkhull, Staffordshire, on 12 June 1851 and died in Amesbury on 22 August 1940. Professor of physics at Liverpool University College between 1881 and 1900; director of the University of Birmingham in 1900 and professor at Oxford in 1903. He made important contributions to the theories of contact electricity and electrolysis, oscillatory discharge in Leyden jars, the production of electromagnetic waves in the air, and introduced improvements to the wireless telegraph.<\/p>\n\n\n\n<p class=\"has-black-color has-text-color has-link-color has-small-font-size wp-elements-9b2aa64e15467e5f9dfb9838d5a5a383\">He conducted experiments on the reduction of fog through electrical dispersion. He was the author of several scientific treatises and works, including: \u2018Manual of Elementary Mechanics\u2019 in 1877; \u2018Pioneers of Science\u2019 in 1893; \u2018Life and Matter\u2019 in 1905; \" Electrons or the Nature and Properties of Negative Electricity\u2018 in 1907; \u2019Science and Mortality\u2018 in 1908; \u2019The Ether in Space\u2018 in 1909; and \u2019Beyond Physics or the Idealisation of Mechanism\" in 1930.<\/p>\n\n\n\n<p class=\"has-black-color has-text-color has-link-color has-small-font-size wp-elements-afa4d5cdd896820ee5665dbcec0ed455\">The importance that the world attached to his foray into the field of spiritualism and the rigorous controlled experiments with which he studied the post-mortem case of his son Raymond, who died in a trench in Flanders in the early months of the First World War, generated fierce controversy. His deviation from the path of academic science made him the target of vigorous attacks by his professional \u2018colleagues.\u2019 But he was fully aware of the risks he was taking. He marched toward the circus in the style of the Christian martyrs. But he was above all a martyr of science. He was accused of naivety for accepting his son's claims that there were drinks, cigarettes, trees and houses in the spiritual life. He was just a devastated father, giving in to the natural pain of loss, they said. However, all those who investigate the problems of the afterlife know that in the lower planes of the spiritual world, the similarity to the earthly plane is striking.<\/p>\n\n\n\n<p class=\"has-black-color has-text-color has-link-color has-small-font-size wp-elements-d7ce7263df1c4abdb42caa2f42206631\">Oliver was a living example of courage in bearing witness to his faith. But it was a conscious, rational and even demanding faith, as taught by Kardec. Not blind faith, arising from fearful and unconditional submission to dogmatic principles, but faith that serves as the foundation for both religion and science. This higher type of faith excludes superstition. It is not a grace that comes from above, but a conquest of man through evolution. For this very reason, it is not only divine, but has two sides: it is human and divine at the same time. Educated men in general, and men of science in particular, flee from religious faith, but they cannot escape the logical clutches of scientific faith. Sir Oliver Lodge offers us a decisive example of the combination of these two aspects of Faith, which, with a capital letter, is one, just as a face is composed of two sides. The person in question was not only a talented scientist and a loving father, but above all a man of great vision and sharp critical sense, who turned his attention to spiritual research, playing the difficult role of precursor of an era in which science and religion will walk together on the same path of life.<\/p>\n<\/div><\/div>\n\n\n\n<div class=\"wp-block-uagb-container uagb-block-419cdebc alignfull uagb-is-root-container\"><div class=\"uagb-container-inner-blocks-wrap\"><\/div><\/div>\n\n\n\n<div class=\"wp-block-uagb-container uagb-block-e2b04c91 alignfull uagb-is-root-container\"><div class=\"uagb-container-inner-blocks-wrap\"><\/div><\/div>","protected":false},"excerpt":{"rendered":"<p>Oliver Joseph Lodge Naci\u00f3 el 12 de junio de 1851 en Penkhull, Inglaterra. Educado en la Grammar School de Newport y en el University College de Londres, fue uno de los f\u00edsicos m\u00e1s reputados de la \u00e9poca. Realiz\u00f3 importantes investigaciones sobre la sede de la fuerza electromotriz en la pila voltaica, sobre las ondas electromagn\u00e9ticas [&hellip;]<\/p>","protected":false},"author":1,"featured_media":0,"parent":0,"menu_order":0,"comment_status":"closed","ping_status":"closed","template":"","meta":{"_uag_custom_page_level_css":"","site-sidebar-layout":"default","site-content-layout":"","ast-site-content-layout":"default","site-content-style":"default","site-sidebar-style":"default","ast-global-header-display":"","ast-banner-title-visibility":"","ast-main-header-display":"","ast-hfb-above-header-display":"","ast-hfb-below-header-display":"","ast-hfb-mobile-header-display":"","site-post-title":"disabled","ast-breadcrumbs-content":"","ast-featured-img":"","footer-sml-layout":"","theme-transparent-header-meta":"","adv-header-id-meta":"","stick-header-meta":"","header-above-stick-meta":"","header-main-stick-meta":"","header-below-stick-meta":"","astra-migrate-meta-layouts":"set","ast-page-background-enabled":"default","ast-page-background-meta":{"desktop":{"background-color":"var(--ast-global-color-4)","background-image":"","background-repeat":"repeat","background-position":"center center","background-size":"auto","background-attachment":"scroll","background-type":"","background-media":"","overlay-type":"","overlay-color":"","overlay-opacity":"","overlay-gradient":""},"tablet":{"background-color":"","background-image":"","background-repeat":"repeat","background-position":"center center","background-size":"auto","background-attachment":"scroll","background-type":"","background-media":"","overlay-type":"","overlay-color":"","overlay-opacity":"","overlay-gradient":""},"mobile":{"background-color":"","background-image":"","background-repeat":"repeat","background-position":"center center","background-size":"auto","background-attachment":"scroll","background-type":"","background-media":"","overlay-type":"","overlay-color":"","overlay-opacity":"","overlay-gradient":""}},"ast-content-background-meta":{"desktop":{"background-color":"var(--ast-global-color-5)","background-image":"","background-repeat":"repeat","background-position":"center center","background-size":"auto","background-attachment":"scroll","background-type":"","background-media":"","overlay-type":"","overlay-color":"","overlay-opacity":"","overlay-gradient":""},"tablet":{"background-color":"var(--ast-global-color-5)","background-image":"","background-repeat":"repeat","background-position":"center center","background-size":"auto","background-attachment":"scroll","background-type":"","background-media":"","overlay-type":"","overlay-color":"","overlay-opacity":"","overlay-gradient":""},"mobile":{"background-color":"var(--ast-global-color-5)","background-image":"","background-repeat":"repeat","background-position":"center center","background-size":"auto","background-attachment":"scroll","background-type":"","background-media":"","overlay-type":"","overlay-color":"","overlay-opacity":"","overlay-gradient":""}},"footnotes":""},"class_list":["post-8284","page","type-page","status-publish","hentry"],"yoast_head":"<!-- This site is optimized with the Yoast SEO Premium plugin v24.2 (Yoast SEO v24.6) - https:\/\/yoast.com\/wordpress\/plugins\/seo\/ -->\n<title>Oliver Joseph Lodge - Uni\u00f3n Esp\u00edrita<\/title>\n<meta name=\"description\" content=\"Oliver Joseph Lodge (1851-1940) fue un f\u00edsico, escritor y fil\u00f3sofo brit\u00e1nico notable por sus contribuciones tanto a la ciencia como a la espiritualidad.\" \/>\n<meta name=\"robots\" content=\"index, follow, max-snippet:-1, max-image-preview:large, max-video-preview:-1\" \/>\n<link rel=\"canonical\" href=\"https:\/\/nuevo-renacer.com\/en\/oliver-joseph-lodge\/\" \/>\n<meta property=\"og:locale\" content=\"en_GB\" \/>\n<meta property=\"og:type\" content=\"article\" \/>\n<meta property=\"og:title\" content=\"Oliver Joseph Lodge\" \/>\n<meta property=\"og:description\" content=\"Oliver Joseph Lodge (1851-1940) fue un f\u00edsico, escritor y fil\u00f3sofo brit\u00e1nico notable por sus contribuciones tanto a la ciencia como a la espiritualidad.\" \/>\n<meta property=\"og:url\" content=\"https:\/\/nuevo-renacer.com\/en\/oliver-joseph-lodge\/\" \/>\n<meta property=\"og:site_name\" content=\"Uni\u00f3n Esp\u00edrita\" \/>\n<meta property=\"article:publisher\" content=\"https:\/\/www.facebook.com\/groups\/3431398063740829\" \/>\n<meta property=\"article:modified_time\" content=\"2025-06-10T09:11:03+00:00\" \/>\n<meta property=\"og:image\" content=\"https:\/\/nuevo-renacer.com\/wp-content\/uploads\/2025\/06\/Oliver_Joseph_Lodge3.jpg\" \/>\n\t<meta property=\"og:image:width\" content=\"1188\" \/>\n\t<meta property=\"og:image:height\" content=\"1618\" \/>\n\t<meta property=\"og:image:type\" content=\"image\/jpeg\" \/>\n<meta name=\"twitter:card\" content=\"summary_large_image\" \/>\n<meta name=\"twitter:label1\" content=\"Estimated reading time\" \/>\n\t<meta name=\"twitter:data1\" content=\"5 minutes\" \/>\n<script type=\"application\/ld+json\" class=\"yoast-schema-graph\">{\"@context\":\"https:\/\/schema.org\",\"@graph\":[{\"@type\":\"WebPage\",\"@id\":\"https:\/\/nuevo-renacer.com\/oliver-joseph-lodge\/\",\"url\":\"https:\/\/nuevo-renacer.com\/oliver-joseph-lodge\/\",\"name\":\"Oliver Joseph Lodge - Uni\u00f3n Esp\u00edrita\",\"isPartOf\":{\"@id\":\"https:\/\/nuevo-renacer.com\/#website\"},\"primaryImageOfPage\":{\"@id\":\"https:\/\/nuevo-renacer.com\/oliver-joseph-lodge\/#primaryimage\"},\"image\":{\"@id\":\"https:\/\/nuevo-renacer.com\/oliver-joseph-lodge\/#primaryimage\"},\"thumbnailUrl\":\"https:\/\/nuevo-renacer.com\/wp-content\/uploads\/2025\/06\/Oliver_Joseph_Lodge3-752x1024.jpg\",\"datePublished\":\"2025-06-10T09:11:00+00:00\",\"dateModified\":\"2025-06-10T09:11:03+00:00\",\"description\":\"Oliver Joseph Lodge (1851-1940) fue un f\u00edsico, escritor y fil\u00f3sofo brit\u00e1nico notable por sus contribuciones tanto a la ciencia como a la espiritualidad.\",\"breadcrumb\":{\"@id\":\"https:\/\/nuevo-renacer.com\/oliver-joseph-lodge\/#breadcrumb\"},\"inLanguage\":\"en-GB\",\"potentialAction\":[{\"@type\":\"ReadAction\",\"target\":[\"https:\/\/nuevo-renacer.com\/oliver-joseph-lodge\/\"]}]},{\"@type\":\"ImageObject\",\"inLanguage\":\"en-GB\",\"@id\":\"https:\/\/nuevo-renacer.com\/oliver-joseph-lodge\/#primaryimage\",\"url\":\"https:\/\/nuevo-renacer.com\/wp-content\/uploads\/2025\/06\/Oliver_Joseph_Lodge3-752x1024.jpg\",\"contentUrl\":\"https:\/\/nuevo-renacer.com\/wp-content\/uploads\/2025\/06\/Oliver_Joseph_Lodge3-752x1024.jpg\"},{\"@type\":\"BreadcrumbList\",\"@id\":\"https:\/\/nuevo-renacer.com\/oliver-joseph-lodge\/#breadcrumb\",\"itemListElement\":[{\"@type\":\"ListItem\",\"position\":1,\"name\":\"Startseite\",\"item\":\"https:\/\/nuevo-renacer.com\/\"},{\"@type\":\"ListItem\",\"position\":2,\"name\":\"Oliver Joseph Lodge\"}]},{\"@type\":\"WebSite\",\"@id\":\"https:\/\/nuevo-renacer.com\/#website\",\"url\":\"https:\/\/nuevo-renacer.com\/\",\"name\":\"Uni\u00f3n Esp\u00edrita\",\"description\":\"Nuevo Renacer\",\"publisher\":{\"@id\":\"https:\/\/nuevo-renacer.com\/#organization\"},\"potentialAction\":[{\"@type\":\"SearchAction\",\"target\":{\"@type\":\"EntryPoint\",\"urlTemplate\":\"https:\/\/nuevo-renacer.com\/?s={search_term_string}\"},\"query-input\":{\"@type\":\"PropertyValueSpecification\",\"valueRequired\":true,\"valueName\":\"search_term_string\"}}],\"inLanguage\":\"en-GB\"},{\"@type\":\"Organization\",\"@id\":\"https:\/\/nuevo-renacer.com\/#organization\",\"name\":\"UFEC\",\"url\":\"https:\/\/nuevo-renacer.com\/\",\"logo\":{\"@type\":\"ImageObject\",\"inLanguage\":\"en-GB\",\"@id\":\"https:\/\/nuevo-renacer.com\/#\/schema\/logo\/image\/\",\"url\":\"https:\/\/nuevo-renacer.com\/wp-content\/uploads\/2024\/05\/cropped-LOGO-TERMINADO1-3-3.png\",\"contentUrl\":\"https:\/\/nuevo-renacer.com\/wp-content\/uploads\/2024\/05\/cropped-LOGO-TERMINADO1-3-3.png\",\"width\":512,\"height\":512,\"caption\":\"UFEC\"},\"image\":{\"@id\":\"https:\/\/nuevo-renacer.com\/#\/schema\/logo\/image\/\"},\"sameAs\":[\"https:\/\/www.facebook.com\/groups\/3431398063740829\"]}]}<\/script>\n<!-- \/ Yoast SEO Premium plugin. -->","yoast_head_json":{"title":"Oliver Joseph Lodge - Uni\u00f3n Esp\u00edrita","description":"Oliver Joseph Lodge (1851-1940) fue un f\u00edsico, escritor y fil\u00f3sofo brit\u00e1nico notable por sus contribuciones tanto a la ciencia como a la espiritualidad.","robots":{"index":"index","follow":"follow","max-snippet":"max-snippet:-1","max-image-preview":"max-image-preview:large","max-video-preview":"max-video-preview:-1"},"canonical":"https:\/\/nuevo-renacer.com\/en\/oliver-joseph-lodge\/","og_locale":"en_GB","og_type":"article","og_title":"Oliver Joseph Lodge","og_description":"Oliver Joseph Lodge (1851-1940) fue un f\u00edsico, escritor y fil\u00f3sofo brit\u00e1nico notable por sus contribuciones tanto a la ciencia como a la espiritualidad.","og_url":"https:\/\/nuevo-renacer.com\/en\/oliver-joseph-lodge\/","og_site_name":"Uni\u00f3n Esp\u00edrita","article_publisher":"https:\/\/www.facebook.com\/groups\/3431398063740829","article_modified_time":"2025-06-10T09:11:03+00:00","og_image":[{"width":1188,"height":1618,"url":"https:\/\/nuevo-renacer.com\/wp-content\/uploads\/2025\/06\/Oliver_Joseph_Lodge3.jpg","type":"image\/jpeg"}],"twitter_card":"summary_large_image","twitter_misc":{"Estimated reading time":"5 minutes"},"schema":{"@context":"https:\/\/schema.org","@graph":[{"@type":"WebPage","@id":"https:\/\/nuevo-renacer.com\/oliver-joseph-lodge\/","url":"https:\/\/nuevo-renacer.com\/oliver-joseph-lodge\/","name":"Oliver Joseph Lodge - Uni\u00f3n Esp\u00edrita","isPartOf":{"@id":"https:\/\/nuevo-renacer.com\/#website"},"primaryImageOfPage":{"@id":"https:\/\/nuevo-renacer.com\/oliver-joseph-lodge\/#primaryimage"},"image":{"@id":"https:\/\/nuevo-renacer.com\/oliver-joseph-lodge\/#primaryimage"},"thumbnailUrl":"https:\/\/nuevo-renacer.com\/wp-content\/uploads\/2025\/06\/Oliver_Joseph_Lodge3-752x1024.jpg","datePublished":"2025-06-10T09:11:00+00:00","dateModified":"2025-06-10T09:11:03+00:00","description":"Oliver Joseph Lodge (1851-1940) fue un f\u00edsico, escritor y fil\u00f3sofo brit\u00e1nico notable por sus contribuciones tanto a la ciencia como a la espiritualidad.","breadcrumb":{"@id":"https:\/\/nuevo-renacer.com\/oliver-joseph-lodge\/#breadcrumb"},"inLanguage":"en-GB","potentialAction":[{"@type":"ReadAction","target":["https:\/\/nuevo-renacer.com\/oliver-joseph-lodge\/"]}]},{"@type":"ImageObject","inLanguage":"en-GB","@id":"https:\/\/nuevo-renacer.com\/oliver-joseph-lodge\/#primaryimage","url":"https:\/\/nuevo-renacer.com\/wp-content\/uploads\/2025\/06\/Oliver_Joseph_Lodge3-752x1024.jpg","contentUrl":"https:\/\/nuevo-renacer.com\/wp-content\/uploads\/2025\/06\/Oliver_Joseph_Lodge3-752x1024.jpg"},{"@type":"BreadcrumbList","@id":"https:\/\/nuevo-renacer.com\/oliver-joseph-lodge\/#breadcrumb","itemListElement":[{"@type":"ListItem","position":1,"name":"Startseite","item":"https:\/\/nuevo-renacer.com\/"},{"@type":"ListItem","position":2,"name":"Oliver Joseph Lodge"}]},{"@type":"WebSite","@id":"https:\/\/nuevo-renacer.com\/#website","url":"https:\/\/nuevo-renacer.com\/","name":"Uni\u00f3n Esp\u00edrita","description":"Nuevo Renacer","publisher":{"@id":"https:\/\/nuevo-renacer.com\/#organization"},"potentialAction":[{"@type":"SearchAction","target":{"@type":"EntryPoint","urlTemplate":"https:\/\/nuevo-renacer.com\/?s={search_term_string}"},"query-input":{"@type":"PropertyValueSpecification","valueRequired":true,"valueName":"search_term_string"}}],"inLanguage":"en-GB"},{"@type":"Organization","@id":"https:\/\/nuevo-renacer.com\/#organization","name":"UFEC","url":"https:\/\/nuevo-renacer.com\/","logo":{"@type":"ImageObject","inLanguage":"en-GB","@id":"https:\/\/nuevo-renacer.com\/#\/schema\/logo\/image\/","url":"https:\/\/nuevo-renacer.com\/wp-content\/uploads\/2024\/05\/cropped-LOGO-TERMINADO1-3-3.png","contentUrl":"https:\/\/nuevo-renacer.com\/wp-content\/uploads\/2024\/05\/cropped-LOGO-TERMINADO1-3-3.png","width":512,"height":512,"caption":"UFEC"},"image":{"@id":"https:\/\/nuevo-renacer.com\/#\/schema\/logo\/image\/"},"sameAs":["https:\/\/www.facebook.com\/groups\/3431398063740829"]}]}},"uagb_featured_image_src":{"full":false,"thumbnail":false,"medium":false,"medium_large":false,"large":false,"1536x1536":false,"2048x2048":false,"trp-custom-language-flag":false},"uagb_author_info":{"display_name":"adbv0","author_link":"https:\/\/nuevo-renacer.com\/en\/author\/adbv0\/"},"uagb_comment_info":0,"uagb_excerpt":"Oliver Joseph Lodge Naci\u00f3 el 12 de junio de 1851 en Penkhull, Inglaterra. Educado en la Grammar School de Newport y en el University College de Londres, fue uno de los f\u00edsicos m\u00e1s reputados de la \u00e9poca. Realiz\u00f3 importantes investigaciones sobre la sede de la fuerza electromotriz en la pila voltaica, sobre las ondas electromagn\u00e9ticas&hellip;","jetpack_sharing_enabled":true,"_links":{"self":[{"href":"https:\/\/nuevo-renacer.com\/en\/wp-json\/wp\/v2\/pages\/8284","targetHints":{"allow":["GET"]}}],"collection":[{"href":"https:\/\/nuevo-renacer.com\/en\/wp-json\/wp\/v2\/pages"}],"about":[{"href":"https:\/\/nuevo-renacer.com\/en\/wp-json\/wp\/v2\/types\/page"}],"author":[{"embeddable":true,"href":"https:\/\/nuevo-renacer.com\/en\/wp-json\/wp\/v2\/users\/1"}],"replies":[{"embeddable":true,"href":"https:\/\/nuevo-renacer.com\/en\/wp-json\/wp\/v2\/comments?post=8284"}],"version-history":[{"count":1,"href":"https:\/\/nuevo-renacer.com\/en\/wp-json\/wp\/v2\/pages\/8284\/revisions"}],"predecessor-version":[{"id":8286,"href":"https:\/\/nuevo-renacer.com\/en\/wp-json\/wp\/v2\/pages\/8284\/revisions\/8286"}],"wp:attachment":[{"href":"https:\/\/nuevo-renacer.com\/en\/wp-json\/wp\/v2\/media?parent=8284"}],"curies":[{"name":"wp","href":"https:\/\/api.w.org\/{rel}","templated":true}]}}