{"id":8253,"date":"2025-06-03T12:03:38","date_gmt":"2025-06-03T12:03:38","guid":{"rendered":"https:\/\/nuevo-renacer.com\/?page_id=8253"},"modified":"2025-06-03T12:03:41","modified_gmt":"2025-06-03T12:03:41","slug":"enrico-morselli","status":"publish","type":"page","link":"https:\/\/nuevo-renacer.com\/en\/enrico-morselli\/","title":{"rendered":"Enrico Morselli"},"content":{"rendered":"<div class=\"wp-block-uagb-container uagb-block-1e1d5d13 alignfull uagb-is-root-container\"><div class=\"uagb-container-inner-blocks-wrap\">\n<p class=\"has-black-color has-text-color has-link-color has-medium-font-size wp-elements-2534e5cc2e6b5f71295836be7faaab70\"><strong>Enrico Morselli<\/strong><\/p>\n<\/div><\/div>\n\n\n\n<div class=\"wp-block-uagb-container uagb-block-142285bc alignfull uagb-is-root-container\"><div class=\"uagb-container-inner-blocks-wrap\">\n<figure class=\"wp-block-image size-full is-resized\"><img fetchpriority=\"high\" decoding=\"async\" width=\"300\" height=\"396\" src=\"https:\/\/nuevo-renacer.com\/wp-content\/uploads\/2025\/06\/12345.jpg\" alt=\"\" class=\"wp-image-8254\" style=\"width:241px;height:auto\" srcset=\"https:\/\/nuevo-renacer.com\/wp-content\/uploads\/2025\/06\/12345.jpg 300w, https:\/\/nuevo-renacer.com\/wp-content\/uploads\/2025\/06\/12345-227x300.jpg 227w, https:\/\/nuevo-renacer.com\/wp-content\/uploads\/2025\/06\/12345-9x12.jpg 9w\" sizes=\"(max-width: 300px) 100vw, 300px\" \/><\/figure>\n<\/div><\/div>\n\n\n\n<div class=\"wp-block-uagb-container uagb-block-c663a713 alignfull uagb-is-root-container\"><div class=\"uagb-container-inner-blocks-wrap\">\n<p class=\"has-black-color has-text-color has-link-color has-small-font-size wp-elements-8464154afe227ac905c186f2460c0721\">He was born in Modena, Italy, on 17 July 1852, and died in Genoa on 18 February 1929. He was a brilliant Italian psychiatrist, academic and active promoter of the Italian positivist school of neuropsychiatry. A specialist in nervous and mental illnesses, he was a professor at the University of Genoa.<\/p>\n\n\n\n<p class=\"has-black-color has-text-color has-link-color has-small-font-size wp-elements-2b6fc7472edd36b0297ca4b754a056bb\">He had been a staunch sceptic of mediumistic phenomena. However, his encounter with the great medium Eusapia Paladino and the conduct of 30 spirit materialisation sessions in 1901-2 and 1906-7. Enrico Morselli became completely convinced of the reality of spiritualist phenomena and announced his change of opinion in 1907 in the journal Annals of Psychic Science: \"The question of spiritism has been debated for more than fifty years, and although no one can predict at this time when it will be resolved, everyone agrees that it is of great importance among the problems left as a legacy by the 19th century to the 20th.<\/p>\n\n\n\n<p class=\"has-black-color has-text-color has-link-color has-small-font-size wp-elements-aa99661dab88bb77ce4e58122cee3d43\">If, for many years, academic science has disregarded the entire category of facts that spiritism has contributed to form the elements of its doctrinal system, so much the worse for science. And even worse for the scientists who have remained deaf and blind to all the claims, not of credulous sectarians, but of serious and worthy observers such as Crookes, Lodge, and Richet. I am not ashamed to say that I myself, to the extent of my modest power, had contributed to that stubborn scepticism, until the day I was able to break the chains in which my absolutist prejudices had bound my judgement.<\/p>\n\n\n\n<p class=\"has-black-color has-text-color has-link-color has-small-font-size wp-elements-a72182d88f376d2fb399ee5186ea683d\">Enrico Morselli wrote a work entitled Psychology and Spiritism, published in two volumes in Turin in 1908. In it, he recounts the events he observed with the remarkable medium Eusapia Paladino. He also published Spiritualist Hypothesis and Scientific Theory. It was based on Eusapia Paladino's physical mediumship that Dr Enrico Morselli affirmed his conviction that the spirits of the dead\u2014in whose existence he did not believe\u2014did not intervene in the production of the phenomena.<\/p>\n\n\n\n<p class=\"has-black-color has-text-color has-link-color has-small-font-size wp-elements-c0719a3860d14d60ab19945292020e44\">However, it is worth noting Professor MorseIli's firm conviction in the reality of the objective or physical phenomena achieved through Eusapia's mediumship, including those of partial or total materialisation, phenomena considered fraudulent by the new \u201cprophets\u201d of hypnotism and lethargy.<\/p>\n\n\n\n<p class=\"has-black-color has-text-color has-link-color has-small-font-size wp-elements-53f913493f9035d2e8110501ad88750b\">Here, then, is what the wise neurologist wrote in the columns of the Italian newspaper Corriere della Sera in 1907, shortly before his book Psychology and Spiritism was published:<\/p>\n\n\n\n<p class=\"has-black-color has-text-color has-link-color has-small-font-size wp-elements-340b36ccbc677ee276c0f78c1770499d\">\"To those who ask me, and there are many who have questioned me on this matter, what I think of the physical phenomena attributed to Eusapia, and whether I believe them to be real, authentic, true, I reply: Yes! Such phenomena, whose acceptance I initially thought was based on error or naivety, on fraud or sensory illusion, on good faith or on \u201cparti-pris\u201d, are, for the most part, true and real; and as for those that form the \u201csmall number\u201d, which I have not certified, they in no way invalidate the existence of an extraordinary or ultra-normal category of facts that depend on special organisms and a particular activity.\"<\/p>\n\n\n\n<p class=\"has-black-color has-text-color has-link-color has-small-font-size wp-elements-0448507068c996832e0f5c77ccb8b141\">I confess, however, that in my opinion there is something else that is much more remarkable, much more astonishing: it is to affirm with full awareness that these events are true... and not to believe in spiritism.<\/p>\n<\/div><\/div>\n\n\n\n<div class=\"wp-block-uagb-container uagb-block-a2a72b91 alignfull uagb-is-root-container\"><div class=\"uagb-container-inner-blocks-wrap\"><\/div><\/div>\n\n\n\n<div class=\"wp-block-uagb-container uagb-block-590dfc8f alignfull uagb-is-root-container\"><div class=\"uagb-container-inner-blocks-wrap\"><\/div><\/div>","protected":false},"excerpt":{"rendered":"<p>Enrico Morselli Naci\u00f3 en M\u00f3dena, Italia, el 17 de julio de 1852, y muri\u00f3 en G\u00e9nova el 18 de febrero de 1929. Fue un brillante psiquiatra italiano, acad\u00e9mico y activo promotor de la escuela positivista italiana de neuropsiquiatr\u00eda. Especialista en enfermedades nerviosas y mentales, fue profesor de la Universidad de G\u00e9nova. Hab\u00eda sido un esc\u00e9ptico [&hellip;]<\/p>","protected":false},"author":1,"featured_media":0,"parent":0,"menu_order":0,"comment_status":"closed","ping_status":"closed","template":"","meta":{"_uag_custom_page_level_css":"","site-sidebar-layout":"default","site-content-layout":"","ast-site-content-layout":"default","site-content-style":"default","site-sidebar-style":"default","ast-global-header-display":"","ast-banner-title-visibility":"","ast-main-header-display":"","ast-hfb-above-header-display":"","ast-hfb-below-header-display":"","ast-hfb-mobile-header-display":"","site-post-title":"disabled","ast-breadcrumbs-content":"","ast-featured-img":"","footer-sml-layout":"","theme-transparent-header-meta":"","adv-header-id-meta":"","stick-header-meta":"","header-above-stick-meta":"","header-main-stick-meta":"","header-below-stick-meta":"","astra-migrate-meta-layouts":"set","ast-page-background-enabled":"default","ast-page-background-meta":{"desktop":{"background-color":"var(--ast-global-color-4)","background-image":"","background-repeat":"repeat","background-position":"center center","background-size":"auto","background-attachment":"scroll","background-type":"","background-media":"","overlay-type":"","overlay-color":"","overlay-opacity":"","overlay-gradient":""},"tablet":{"background-color":"","background-image":"","background-repeat":"repeat","background-position":"center center","background-size":"auto","background-attachment":"scroll","background-type":"","background-media":"","overlay-type":"","overlay-color":"","overlay-opacity":"","overlay-gradient":""},"mobile":{"background-color":"","background-image":"","background-repeat":"repeat","background-position":"center center","background-size":"auto","background-attachment":"scroll","background-type":"","background-media":"","overlay-type":"","overlay-color":"","overlay-opacity":"","overlay-gradient":""}},"ast-content-background-meta":{"desktop":{"background-color":"var(--ast-global-color-5)","background-image":"","background-repeat":"repeat","background-position":"center center","background-size":"auto","background-attachment":"scroll","background-type":"","background-media":"","overlay-type":"","overlay-color":"","overlay-opacity":"","overlay-gradient":""},"tablet":{"background-color":"var(--ast-global-color-5)","background-image":"","background-repeat":"repeat","background-position":"center center","background-size":"auto","background-attachment":"scroll","background-type":"","background-media":"","overlay-type":"","overlay-color":"","overlay-opacity":"","overlay-gradient":""},"mobile":{"background-color":"var(--ast-global-color-5)","background-image":"","background-repeat":"repeat","background-position":"center center","background-size":"auto","background-attachment":"scroll","background-type":"","background-media":"","overlay-type":"","overlay-color":"","overlay-opacity":"","overlay-gradient":""}},"footnotes":""},"class_list":["post-8253","page","type-page","status-publish","hentry"],"yoast_head":"<!-- This site is optimized with the Yoast SEO Premium plugin v24.2 (Yoast SEO v24.6) - https:\/\/yoast.com\/wordpress\/plugins\/seo\/ -->\n<title>Enrico Morselli - Uni\u00f3n Esp\u00edrita<\/title>\n<meta name=\"robots\" content=\"index, follow, max-snippet:-1, max-image-preview:large, max-video-preview:-1\" \/>\n<link rel=\"canonical\" href=\"https:\/\/nuevo-renacer.com\/en\/enrico-morselli\/\" \/>\n<meta property=\"og:locale\" content=\"en_GB\" \/>\n<meta property=\"og:type\" content=\"article\" \/>\n<meta property=\"og:title\" content=\"Enrico Morselli\" \/>\n<meta property=\"og:description\" content=\"Enrico Morselli Naci\u00f3 en M\u00f3dena, Italia, el 17 de julio de 1852, y muri\u00f3 en G\u00e9nova el 18 de febrero de 1929. Fue un brillante psiquiatra italiano, acad\u00e9mico y activo promotor de la escuela positivista italiana de neuropsiquiatr\u00eda. Especialista en enfermedades nerviosas y mentales, fue profesor de la Universidad de G\u00e9nova. Hab\u00eda sido un esc\u00e9ptico [&hellip;]\" \/>\n<meta property=\"og:url\" content=\"https:\/\/nuevo-renacer.com\/en\/enrico-morselli\/\" \/>\n<meta property=\"og:site_name\" content=\"Uni\u00f3n Esp\u00edrita\" \/>\n<meta property=\"article:publisher\" content=\"https:\/\/www.facebook.com\/groups\/3431398063740829\" \/>\n<meta property=\"article:modified_time\" content=\"2025-06-03T12:03:41+00:00\" \/>\n<meta property=\"og:image\" content=\"https:\/\/nuevo-renacer.com\/wp-content\/uploads\/2025\/06\/12345.jpg\" \/>\n\t<meta property=\"og:image:width\" content=\"300\" \/>\n\t<meta property=\"og:image:height\" content=\"396\" \/>\n\t<meta property=\"og:image:type\" content=\"image\/jpeg\" \/>\n<meta name=\"twitter:card\" content=\"summary_large_image\" \/>\n<meta name=\"twitter:label1\" content=\"Estimated reading time\" \/>\n\t<meta name=\"twitter:data1\" content=\"4 minutes\" \/>\n<script type=\"application\/ld+json\" class=\"yoast-schema-graph\">{\"@context\":\"https:\/\/schema.org\",\"@graph\":[{\"@type\":\"WebPage\",\"@id\":\"https:\/\/nuevo-renacer.com\/enrico-morselli\/\",\"url\":\"https:\/\/nuevo-renacer.com\/enrico-morselli\/\",\"name\":\"Enrico Morselli - Uni\u00f3n Esp\u00edrita\",\"isPartOf\":{\"@id\":\"https:\/\/nuevo-renacer.com\/#website\"},\"primaryImageOfPage\":{\"@id\":\"https:\/\/nuevo-renacer.com\/enrico-morselli\/#primaryimage\"},\"image\":{\"@id\":\"https:\/\/nuevo-renacer.com\/enrico-morselli\/#primaryimage\"},\"thumbnailUrl\":\"https:\/\/nuevo-renacer.com\/wp-content\/uploads\/2025\/06\/12345.jpg\",\"datePublished\":\"2025-06-03T12:03:38+00:00\",\"dateModified\":\"2025-06-03T12:03:41+00:00\",\"breadcrumb\":{\"@id\":\"https:\/\/nuevo-renacer.com\/enrico-morselli\/#breadcrumb\"},\"inLanguage\":\"en-GB\",\"potentialAction\":[{\"@type\":\"ReadAction\",\"target\":[\"https:\/\/nuevo-renacer.com\/enrico-morselli\/\"]}]},{\"@type\":\"ImageObject\",\"inLanguage\":\"en-GB\",\"@id\":\"https:\/\/nuevo-renacer.com\/enrico-morselli\/#primaryimage\",\"url\":\"https:\/\/nuevo-renacer.com\/wp-content\/uploads\/2025\/06\/12345.jpg\",\"contentUrl\":\"https:\/\/nuevo-renacer.com\/wp-content\/uploads\/2025\/06\/12345.jpg\"},{\"@type\":\"BreadcrumbList\",\"@id\":\"https:\/\/nuevo-renacer.com\/enrico-morselli\/#breadcrumb\",\"itemListElement\":[{\"@type\":\"ListItem\",\"position\":1,\"name\":\"Startseite\",\"item\":\"https:\/\/nuevo-renacer.com\/\"},{\"@type\":\"ListItem\",\"position\":2,\"name\":\"Enrico Morselli\"}]},{\"@type\":\"WebSite\",\"@id\":\"https:\/\/nuevo-renacer.com\/#website\",\"url\":\"https:\/\/nuevo-renacer.com\/\",\"name\":\"Uni\u00f3n Esp\u00edrita\",\"description\":\"Nuevo Renacer\",\"publisher\":{\"@id\":\"https:\/\/nuevo-renacer.com\/#organization\"},\"potentialAction\":[{\"@type\":\"SearchAction\",\"target\":{\"@type\":\"EntryPoint\",\"urlTemplate\":\"https:\/\/nuevo-renacer.com\/?s={search_term_string}\"},\"query-input\":{\"@type\":\"PropertyValueSpecification\",\"valueRequired\":true,\"valueName\":\"search_term_string\"}}],\"inLanguage\":\"en-GB\"},{\"@type\":\"Organization\",\"@id\":\"https:\/\/nuevo-renacer.com\/#organization\",\"name\":\"UFEC\",\"url\":\"https:\/\/nuevo-renacer.com\/\",\"logo\":{\"@type\":\"ImageObject\",\"inLanguage\":\"en-GB\",\"@id\":\"https:\/\/nuevo-renacer.com\/#\/schema\/logo\/image\/\",\"url\":\"https:\/\/nuevo-renacer.com\/wp-content\/uploads\/2024\/05\/cropped-LOGO-TERMINADO1-3-3.png\",\"contentUrl\":\"https:\/\/nuevo-renacer.com\/wp-content\/uploads\/2024\/05\/cropped-LOGO-TERMINADO1-3-3.png\",\"width\":512,\"height\":512,\"caption\":\"UFEC\"},\"image\":{\"@id\":\"https:\/\/nuevo-renacer.com\/#\/schema\/logo\/image\/\"},\"sameAs\":[\"https:\/\/www.facebook.com\/groups\/3431398063740829\"]}]}<\/script>\n<!-- \/ Yoast SEO Premium plugin. -->","yoast_head_json":{"title":"Enrico Morselli - Uni\u00f3n Esp\u00edrita","robots":{"index":"index","follow":"follow","max-snippet":"max-snippet:-1","max-image-preview":"max-image-preview:large","max-video-preview":"max-video-preview:-1"},"canonical":"https:\/\/nuevo-renacer.com\/en\/enrico-morselli\/","og_locale":"en_GB","og_type":"article","og_title":"Enrico Morselli","og_description":"Enrico Morselli Naci\u00f3 en M\u00f3dena, Italia, el 17 de julio de 1852, y muri\u00f3 en G\u00e9nova el 18 de febrero de 1929. Fue un brillante psiquiatra italiano, acad\u00e9mico y activo promotor de la escuela positivista italiana de neuropsiquiatr\u00eda. Especialista en enfermedades nerviosas y mentales, fue profesor de la Universidad de G\u00e9nova. Hab\u00eda sido un esc\u00e9ptico [&hellip;]","og_url":"https:\/\/nuevo-renacer.com\/en\/enrico-morselli\/","og_site_name":"Uni\u00f3n Esp\u00edrita","article_publisher":"https:\/\/www.facebook.com\/groups\/3431398063740829","article_modified_time":"2025-06-03T12:03:41+00:00","og_image":[{"width":300,"height":396,"url":"https:\/\/nuevo-renacer.com\/wp-content\/uploads\/2025\/06\/12345.jpg","type":"image\/jpeg"}],"twitter_card":"summary_large_image","twitter_misc":{"Estimated reading time":"4 minutes"},"schema":{"@context":"https:\/\/schema.org","@graph":[{"@type":"WebPage","@id":"https:\/\/nuevo-renacer.com\/enrico-morselli\/","url":"https:\/\/nuevo-renacer.com\/enrico-morselli\/","name":"Enrico Morselli - Uni\u00f3n Esp\u00edrita","isPartOf":{"@id":"https:\/\/nuevo-renacer.com\/#website"},"primaryImageOfPage":{"@id":"https:\/\/nuevo-renacer.com\/enrico-morselli\/#primaryimage"},"image":{"@id":"https:\/\/nuevo-renacer.com\/enrico-morselli\/#primaryimage"},"thumbnailUrl":"https:\/\/nuevo-renacer.com\/wp-content\/uploads\/2025\/06\/12345.jpg","datePublished":"2025-06-03T12:03:38+00:00","dateModified":"2025-06-03T12:03:41+00:00","breadcrumb":{"@id":"https:\/\/nuevo-renacer.com\/enrico-morselli\/#breadcrumb"},"inLanguage":"en-GB","potentialAction":[{"@type":"ReadAction","target":["https:\/\/nuevo-renacer.com\/enrico-morselli\/"]}]},{"@type":"ImageObject","inLanguage":"en-GB","@id":"https:\/\/nuevo-renacer.com\/enrico-morselli\/#primaryimage","url":"https:\/\/nuevo-renacer.com\/wp-content\/uploads\/2025\/06\/12345.jpg","contentUrl":"https:\/\/nuevo-renacer.com\/wp-content\/uploads\/2025\/06\/12345.jpg"},{"@type":"BreadcrumbList","@id":"https:\/\/nuevo-renacer.com\/enrico-morselli\/#breadcrumb","itemListElement":[{"@type":"ListItem","position":1,"name":"Startseite","item":"https:\/\/nuevo-renacer.com\/"},{"@type":"ListItem","position":2,"name":"Enrico Morselli"}]},{"@type":"WebSite","@id":"https:\/\/nuevo-renacer.com\/#website","url":"https:\/\/nuevo-renacer.com\/","name":"Uni\u00f3n Esp\u00edrita","description":"Nuevo Renacer","publisher":{"@id":"https:\/\/nuevo-renacer.com\/#organization"},"potentialAction":[{"@type":"SearchAction","target":{"@type":"EntryPoint","urlTemplate":"https:\/\/nuevo-renacer.com\/?s={search_term_string}"},"query-input":{"@type":"PropertyValueSpecification","valueRequired":true,"valueName":"search_term_string"}}],"inLanguage":"en-GB"},{"@type":"Organization","@id":"https:\/\/nuevo-renacer.com\/#organization","name":"UFEC","url":"https:\/\/nuevo-renacer.com\/","logo":{"@type":"ImageObject","inLanguage":"en-GB","@id":"https:\/\/nuevo-renacer.com\/#\/schema\/logo\/image\/","url":"https:\/\/nuevo-renacer.com\/wp-content\/uploads\/2024\/05\/cropped-LOGO-TERMINADO1-3-3.png","contentUrl":"https:\/\/nuevo-renacer.com\/wp-content\/uploads\/2024\/05\/cropped-LOGO-TERMINADO1-3-3.png","width":512,"height":512,"caption":"UFEC"},"image":{"@id":"https:\/\/nuevo-renacer.com\/#\/schema\/logo\/image\/"},"sameAs":["https:\/\/www.facebook.com\/groups\/3431398063740829"]}]}},"uagb_featured_image_src":{"full":false,"thumbnail":false,"medium":false,"medium_large":false,"large":false,"1536x1536":false,"2048x2048":false,"trp-custom-language-flag":false},"uagb_author_info":{"display_name":"adbv0","author_link":"https:\/\/nuevo-renacer.com\/en\/author\/adbv0\/"},"uagb_comment_info":0,"uagb_excerpt":"Enrico Morselli Naci\u00f3 en M\u00f3dena, Italia, el 17 de julio de 1852, y muri\u00f3 en G\u00e9nova el 18 de febrero de 1929. Fue un brillante psiquiatra italiano, acad\u00e9mico y activo promotor de la escuela positivista italiana de neuropsiquiatr\u00eda. Especialista en enfermedades nerviosas y mentales, fue profesor de la Universidad de G\u00e9nova. Hab\u00eda sido un esc\u00e9ptico&hellip;","jetpack_sharing_enabled":true,"_links":{"self":[{"href":"https:\/\/nuevo-renacer.com\/en\/wp-json\/wp\/v2\/pages\/8253","targetHints":{"allow":["GET"]}}],"collection":[{"href":"https:\/\/nuevo-renacer.com\/en\/wp-json\/wp\/v2\/pages"}],"about":[{"href":"https:\/\/nuevo-renacer.com\/en\/wp-json\/wp\/v2\/types\/page"}],"author":[{"embeddable":true,"href":"https:\/\/nuevo-renacer.com\/en\/wp-json\/wp\/v2\/users\/1"}],"replies":[{"embeddable":true,"href":"https:\/\/nuevo-renacer.com\/en\/wp-json\/wp\/v2\/comments?post=8253"}],"version-history":[{"count":1,"href":"https:\/\/nuevo-renacer.com\/en\/wp-json\/wp\/v2\/pages\/8253\/revisions"}],"predecessor-version":[{"id":8255,"href":"https:\/\/nuevo-renacer.com\/en\/wp-json\/wp\/v2\/pages\/8253\/revisions\/8255"}],"wp:attachment":[{"href":"https:\/\/nuevo-renacer.com\/en\/wp-json\/wp\/v2\/media?parent=8253"}],"curies":[{"name":"wp","href":"https:\/\/api.w.org\/{rel}","templated":true}]}}