{"id":8207,"date":"2025-05-28T09:11:18","date_gmt":"2025-05-28T09:11:18","guid":{"rendered":"https:\/\/nuevo-renacer.com\/?page_id=8207"},"modified":"2025-05-28T09:48:27","modified_gmt":"2025-05-28T09:48:27","slug":"gemma-galgani","status":"publish","type":"page","link":"https:\/\/nuevo-renacer.com\/en\/gemma-galgani\/","title":{"rendered":"Gemma Galgani"},"content":{"rendered":"<div class=\"wp-block-uagb-container uagb-block-3f1adc55 alignfull uagb-is-root-container\"><div class=\"uagb-container-inner-blocks-wrap\">\n<p class=\"has-black-color has-text-color has-link-color has-medium-font-size wp-elements-032a8a162626e1e7ab0a2b16ea126a4a\"><strong>Gemma Galgani<\/strong><\/p>\n<\/div><\/div>\n\n\n\n<div class=\"wp-block-uagb-container uagb-block-91188692 alignfull uagb-is-root-container\"><div class=\"uagb-container-inner-blocks-wrap\">\n<figure class=\"wp-block-image alignleft size-full is-resized\"><img fetchpriority=\"high\" decoding=\"async\" width=\"379\" height=\"502\" src=\"https:\/\/nuevo-renacer.com\/wp-content\/uploads\/2025\/05\/Screenshot-605.png\" alt=\"\" class=\"wp-image-8219\" style=\"width:267px;height:auto\" srcset=\"https:\/\/nuevo-renacer.com\/wp-content\/uploads\/2025\/05\/Screenshot-605.png 379w, https:\/\/nuevo-renacer.com\/wp-content\/uploads\/2025\/05\/Screenshot-605-226x300.png 226w, https:\/\/nuevo-renacer.com\/wp-content\/uploads\/2025\/05\/Screenshot-605-9x12.png 9w\" sizes=\"(max-width: 379px) 100vw, 379px\" \/><\/figure>\n<\/div><\/div>\n\n\n\n<div class=\"wp-block-uagb-container uagb-block-705e2e70 alignfull uagb-is-root-container\"><div class=\"uagb-container-inner-blocks-wrap\">\n<p class=\"has-black-color has-text-color has-link-color has-small-font-size wp-elements-fb247879233895aa28efe86a6c2d9854\">Saint Gemma Galgani (1878-1903) was born in Lucca, an Italian village, and from an early age showed a great desire for prayer thanks to her mother. Her mother died early from tuberculosis and Gemma's father left her in the care of the boarding school run by the Sisters of St. Zita.<\/p>\n\n\n\n<p class=\"has-black-color has-text-color has-link-color has-small-font-size wp-elements-ec6d5337d4df3908f91f515bd2c1a880\">After much insistence, she received her First Holy Communion at the age of nine. She used to say: \"Give me Jesus... and you will see how good I will be. I'm going to change a lot.<\/p>\n\n\n\n<p class=\"has-black-color has-text-color has-link-color has-small-font-size wp-elements-ffd19434a1ef82e71da0d9a939640958\">Years later, when she was 19, her father died and, unfortunately, the managers of her company did not know how to manage the money, so they lost everything, leaving her and her siblings in poverty.<\/p>\n\n\n\n<p class=\"has-black-color has-text-color has-link-color has-small-font-size wp-elements-284ed8f94d839bef6c1039c6c222d873\">Suffering became part of his life. He developed a serious back disease and also contracted meningitis; soon his arms and legs began to become paralysed. It was then that he became attached to St. Gabriel Possenti of Our Lady of Sorrows (then Venerable) and began to see him every night at his bedside.<\/p>\n\n\n\n<p class=\"has-black-color has-text-color has-link-color has-small-font-size wp-elements-d1175ec01842a6440ccdfa859046dd78\">One night, when he thought his death was near, he heard the sound of a rosary beads moving; it was the saint. She asked him to make a novena in honour of the Sacred Heart of Jesus to obtain healing. At the end of nine days, Gemma stood up to the joy and amazement of all.<\/p>\n\n\n\n<p class=\"has-black-color has-text-color has-link-color has-small-font-size wp-elements-3d1b91cd1bc7af74b5d9429535226eb4\">Gemma harboured in her heart the idea of giving herself to religious life, but the Lord had other plans for her. One day, while she was thinking about this, she began to pray and suddenly went into an ecstasy, feeling a deep sorrow for her sins. It was then that the Virgin Mary appeared to her and said: \"My son Jesus loves you beyond measure and wishes to give you a grace. I will be a Mother to you. You will be a true daughter.<\/p>\n\n\n\n<p class=\"has-black-color has-text-color has-link-color has-small-font-size wp-elements-10042b8814d2b006cbd6f6ffb94d00a5\">It was then that he saw Jesus with all his wounds burning and the flames quickly reached his hands, his feet and his heart. \u2018I felt I was dying and would have fallen to the ground if my Mother had not held me while I remained under her mantle\u2019.<\/p>\n\n\n\n<p class=\"has-black-color has-text-color has-link-color has-small-font-size wp-elements-e9f82913149b719545a16e80d6a5eff6\">Gemma says that she remained in this position for several hours and when she finished, she fell to her knees, feeling severe pain in her hands, feet and heart.<\/p>\n\n\n\n<p class=\"has-black-color has-text-color has-link-color has-small-font-size wp-elements-3dc7097bc0acb3b47c9bc4264b1651a5\">Gemma had very enriching experiences with her Guardian Angel; most likely her purity attracted her faithful guardian and they had long conversations. Together they recited various prayers and psalms, as well as meditating on the Passion of Christ. It was then, in 1902, that Gemma offered herself to God as a victim for the salvation of souls. Her stomach would not accept any food, and after a while she began to cough up blood.<\/p>\n\n\n\n<p class=\"has-black-color has-text-color has-link-color has-small-font-size wp-elements-4b274e0ad3c5d364129526e4598f5ab4\">Along with this, there began an intense period of spiritual dryness in her soul, with attacks from the devil himself. He tried to convince her that God had abandoned her, and when he failed, he sometimes attacked her physically.<\/p>\n\n\n\n<p class=\"has-black-color has-text-color has-link-color has-small-font-size wp-elements-326b08fa19f99c4128cfd3baa56ed58a\">His body grew weaker and weaker until, on 11 April 1903, when he had no strength left, he asked for a viaticum:<\/p>\n\n\n\n<p class=\"has-black-color has-text-color has-link-color has-small-font-size wp-elements-2c25819d1ccbbab6e5d0d54c9d0b5377\">Her body grew weaker and weaker until, on 11 April 1903, when she had no strength left, she asked for a viaticum:<\/p>\n\n\n\n<p class=\"has-black-color has-text-color has-link-color has-small-font-size wp-elements-82b7b2ecec69b222f9d73ceacbec6a33\">Gemma smiled and turned her head to one side, taking her last breath. She was 25 years old.<\/p>\n<\/div><\/div>\n\n\n\n<div class=\"wp-block-uagb-container uagb-block-468a8b50 alignfull uagb-is-root-container\"><div class=\"uagb-container-inner-blocks-wrap\"><\/div><\/div>\n\n\n\n<div class=\"wp-block-uagb-container uagb-block-a41a1d33 alignfull uagb-is-root-container\"><div class=\"uagb-container-inner-blocks-wrap\">\n<figure class=\"wp-block-image alignleft size-full is-resized is-style-default\"><img decoding=\"async\" width=\"785\" height=\"545\" src=\"https:\/\/nuevo-renacer.com\/wp-content\/uploads\/2025\/05\/30571255_1587593651288001_2779042740447477760_n-2.jpg\" alt=\"\" class=\"wp-image-8214\" style=\"width:290px;height:auto\" srcset=\"https:\/\/nuevo-renacer.com\/wp-content\/uploads\/2025\/05\/30571255_1587593651288001_2779042740447477760_n-2.jpg 785w, https:\/\/nuevo-renacer.com\/wp-content\/uploads\/2025\/05\/30571255_1587593651288001_2779042740447477760_n-2-300x208.jpg 300w, https:\/\/nuevo-renacer.com\/wp-content\/uploads\/2025\/05\/30571255_1587593651288001_2779042740447477760_n-2-768x533.jpg 768w, https:\/\/nuevo-renacer.com\/wp-content\/uploads\/2025\/05\/30571255_1587593651288001_2779042740447477760_n-2-18x12.jpg 18w\" sizes=\"(max-width: 785px) 100vw, 785px\" \/><figcaption class=\"wp-element-caption\">The time of her death.<\/figcaption><\/figure>\n<\/div><\/div>\n\n\n\n<div class=\"wp-block-uagb-container uagb-block-b138e672 alignfull uagb-is-root-container\"><div class=\"uagb-container-inner-blocks-wrap\"><\/div><\/div>\n\n\n\n<div class=\"wp-block-uagb-container uagb-block-fcb42624 alignfull uagb-is-root-container\"><div class=\"uagb-container-inner-blocks-wrap\"><\/div><\/div>","protected":false},"excerpt":{"rendered":"<p>Gemma Galgani Santa Gemma Galgani (1878-1903) naci\u00f3 en Lucca, un pueblo italiano, y desde muy peque\u00f1a mostr\u00f3 un gran deseo de oraci\u00f3n gracias a su madre. Su madre muri\u00f3 muy pronto de tuberculosis y el padre de Gemma la dej\u00f3 al cuidado del internado de las Hermanas de Santa Zita. Despu\u00e9s de mucho insistir, recibi\u00f3 [&hellip;]<\/p>","protected":false},"author":1,"featured_media":0,"parent":0,"menu_order":0,"comment_status":"closed","ping_status":"closed","template":"","meta":{"_uag_custom_page_level_css":"","site-sidebar-layout":"default","site-content-layout":"","ast-site-content-layout":"default","site-content-style":"default","site-sidebar-style":"default","ast-global-header-display":"","ast-banner-title-visibility":"","ast-main-header-display":"","ast-hfb-above-header-display":"","ast-hfb-below-header-display":"","ast-hfb-mobile-header-display":"","site-post-title":"disabled","ast-breadcrumbs-content":"","ast-featured-img":"","footer-sml-layout":"","theme-transparent-header-meta":"","adv-header-id-meta":"","stick-header-meta":"","header-above-stick-meta":"","header-main-stick-meta":"","header-below-stick-meta":"","astra-migrate-meta-layouts":"set","ast-page-background-enabled":"default","ast-page-background-meta":{"desktop":{"background-color":"var(--ast-global-color-4)","background-image":"","background-repeat":"repeat","background-position":"center center","background-size":"auto","background-attachment":"scroll","background-type":"","background-media":"","overlay-type":"","overlay-color":"","overlay-opacity":"","overlay-gradient":""},"tablet":{"background-color":"","background-image":"","background-repeat":"repeat","background-position":"center center","background-size":"auto","background-attachment":"scroll","background-type":"","background-media":"","overlay-type":"","overlay-color":"","overlay-opacity":"","overlay-gradient":""},"mobile":{"background-color":"","background-image":"","background-repeat":"repeat","background-position":"center center","background-size":"auto","background-attachment":"scroll","background-type":"","background-media":"","overlay-type":"","overlay-color":"","overlay-opacity":"","overlay-gradient":""}},"ast-content-background-meta":{"desktop":{"background-color":"var(--ast-global-color-5)","background-image":"","background-repeat":"repeat","background-position":"center center","background-size":"auto","background-attachment":"scroll","background-type":"","background-media":"","overlay-type":"","overlay-color":"","overlay-opacity":"","overlay-gradient":""},"tablet":{"background-color":"var(--ast-global-color-5)","background-image":"","background-repeat":"repeat","background-position":"center center","background-size":"auto","background-attachment":"scroll","background-type":"","background-media":"","overlay-type":"","overlay-color":"","overlay-opacity":"","overlay-gradient":""},"mobile":{"background-color":"var(--ast-global-color-5)","background-image":"","background-repeat":"repeat","background-position":"center center","background-size":"auto","background-attachment":"scroll","background-type":"","background-media":"","overlay-type":"","overlay-color":"","overlay-opacity":"","overlay-gradient":""}},"footnotes":""},"class_list":["post-8207","page","type-page","status-publish","hentry"],"yoast_head":"<!-- This site is optimized with the Yoast SEO Premium plugin v24.2 (Yoast SEO v24.6) - https:\/\/yoast.com\/wordpress\/plugins\/seo\/ -->\n<title>Gemma Galgani - Uni\u00f3n Esp\u00edrita<\/title>\n<meta name=\"description\" content=\"Descubre la vida de Santa Gemma Galgani, la m\u00edstica italiana del siglo XIX conocida por sus visiones, estigmas y profunda devoci\u00f3n a Cristo.\" \/>\n<meta name=\"robots\" content=\"index, follow, max-snippet:-1, max-image-preview:large, max-video-preview:-1\" \/>\n<link rel=\"canonical\" href=\"https:\/\/nuevo-renacer.com\/en\/gemma-galgani\/\" \/>\n<meta property=\"og:locale\" content=\"en_GB\" \/>\n<meta property=\"og:type\" content=\"article\" \/>\n<meta property=\"og:title\" content=\"Gemma Galgani\" \/>\n<meta property=\"og:description\" content=\"Descubre la vida de Santa Gemma Galgani, la m\u00edstica italiana del siglo XIX conocida por sus visiones, estigmas y profunda devoci\u00f3n a Cristo.\" \/>\n<meta property=\"og:url\" content=\"https:\/\/nuevo-renacer.com\/en\/gemma-galgani\/\" \/>\n<meta property=\"og:site_name\" content=\"Uni\u00f3n Esp\u00edrita\" \/>\n<meta property=\"article:publisher\" content=\"https:\/\/www.facebook.com\/groups\/3431398063740829\" \/>\n<meta property=\"article:modified_time\" content=\"2025-05-28T09:48:27+00:00\" \/>\n<meta property=\"og:image\" content=\"https:\/\/nuevo-renacer.com\/wp-content\/uploads\/2025\/05\/Screenshot-605.png\" \/>\n\t<meta property=\"og:image:width\" content=\"379\" \/>\n\t<meta property=\"og:image:height\" content=\"502\" \/>\n\t<meta property=\"og:image:type\" content=\"image\/png\" \/>\n<meta name=\"twitter:card\" content=\"summary_large_image\" \/>\n<meta name=\"twitter:label1\" content=\"Estimated reading time\" \/>\n\t<meta name=\"twitter:data1\" content=\"4 minutes\" \/>\n<script type=\"application\/ld+json\" class=\"yoast-schema-graph\">{\"@context\":\"https:\/\/schema.org\",\"@graph\":[{\"@type\":\"WebPage\",\"@id\":\"https:\/\/nuevo-renacer.com\/gemma-galgani\/\",\"url\":\"https:\/\/nuevo-renacer.com\/gemma-galgani\/\",\"name\":\"Gemma Galgani - Uni\u00f3n Esp\u00edrita\",\"isPartOf\":{\"@id\":\"https:\/\/nuevo-renacer.com\/#website\"},\"primaryImageOfPage\":{\"@id\":\"https:\/\/nuevo-renacer.com\/gemma-galgani\/#primaryimage\"},\"image\":{\"@id\":\"https:\/\/nuevo-renacer.com\/gemma-galgani\/#primaryimage\"},\"thumbnailUrl\":\"https:\/\/nuevo-renacer.com\/wp-content\/uploads\/2025\/05\/Screenshot-605.png\",\"datePublished\":\"2025-05-28T09:11:18+00:00\",\"dateModified\":\"2025-05-28T09:48:27+00:00\",\"description\":\"Descubre la vida de Santa Gemma Galgani, la m\u00edstica italiana del siglo XIX conocida por sus visiones, estigmas y profunda devoci\u00f3n a Cristo.\",\"breadcrumb\":{\"@id\":\"https:\/\/nuevo-renacer.com\/gemma-galgani\/#breadcrumb\"},\"inLanguage\":\"en-GB\",\"potentialAction\":[{\"@type\":\"ReadAction\",\"target\":[\"https:\/\/nuevo-renacer.com\/gemma-galgani\/\"]}]},{\"@type\":\"ImageObject\",\"inLanguage\":\"en-GB\",\"@id\":\"https:\/\/nuevo-renacer.com\/gemma-galgani\/#primaryimage\",\"url\":\"https:\/\/nuevo-renacer.com\/wp-content\/uploads\/2025\/05\/Screenshot-605.png\",\"contentUrl\":\"https:\/\/nuevo-renacer.com\/wp-content\/uploads\/2025\/05\/Screenshot-605.png\"},{\"@type\":\"BreadcrumbList\",\"@id\":\"https:\/\/nuevo-renacer.com\/gemma-galgani\/#breadcrumb\",\"itemListElement\":[{\"@type\":\"ListItem\",\"position\":1,\"name\":\"Startseite\",\"item\":\"https:\/\/nuevo-renacer.com\/\"},{\"@type\":\"ListItem\",\"position\":2,\"name\":\"Gemma Galgani\"}]},{\"@type\":\"WebSite\",\"@id\":\"https:\/\/nuevo-renacer.com\/#website\",\"url\":\"https:\/\/nuevo-renacer.com\/\",\"name\":\"Uni\u00f3n Esp\u00edrita\",\"description\":\"Nuevo Renacer\",\"publisher\":{\"@id\":\"https:\/\/nuevo-renacer.com\/#organization\"},\"potentialAction\":[{\"@type\":\"SearchAction\",\"target\":{\"@type\":\"EntryPoint\",\"urlTemplate\":\"https:\/\/nuevo-renacer.com\/?s={search_term_string}\"},\"query-input\":{\"@type\":\"PropertyValueSpecification\",\"valueRequired\":true,\"valueName\":\"search_term_string\"}}],\"inLanguage\":\"en-GB\"},{\"@type\":\"Organization\",\"@id\":\"https:\/\/nuevo-renacer.com\/#organization\",\"name\":\"UFEC\",\"url\":\"https:\/\/nuevo-renacer.com\/\",\"logo\":{\"@type\":\"ImageObject\",\"inLanguage\":\"en-GB\",\"@id\":\"https:\/\/nuevo-renacer.com\/#\/schema\/logo\/image\/\",\"url\":\"https:\/\/nuevo-renacer.com\/wp-content\/uploads\/2024\/05\/cropped-LOGO-TERMINADO1-3-3.png\",\"contentUrl\":\"https:\/\/nuevo-renacer.com\/wp-content\/uploads\/2024\/05\/cropped-LOGO-TERMINADO1-3-3.png\",\"width\":512,\"height\":512,\"caption\":\"UFEC\"},\"image\":{\"@id\":\"https:\/\/nuevo-renacer.com\/#\/schema\/logo\/image\/\"},\"sameAs\":[\"https:\/\/www.facebook.com\/groups\/3431398063740829\"]}]}<\/script>\n<!-- \/ Yoast SEO Premium plugin. -->","yoast_head_json":{"title":"Gemma Galgani - Uni\u00f3n Esp\u00edrita","description":"Descubre la vida de Santa Gemma Galgani, la m\u00edstica italiana del siglo XIX conocida por sus visiones, estigmas y profunda devoci\u00f3n a Cristo.","robots":{"index":"index","follow":"follow","max-snippet":"max-snippet:-1","max-image-preview":"max-image-preview:large","max-video-preview":"max-video-preview:-1"},"canonical":"https:\/\/nuevo-renacer.com\/en\/gemma-galgani\/","og_locale":"en_GB","og_type":"article","og_title":"Gemma Galgani","og_description":"Descubre la vida de Santa Gemma Galgani, la m\u00edstica italiana del siglo XIX conocida por sus visiones, estigmas y profunda devoci\u00f3n a Cristo.","og_url":"https:\/\/nuevo-renacer.com\/en\/gemma-galgani\/","og_site_name":"Uni\u00f3n Esp\u00edrita","article_publisher":"https:\/\/www.facebook.com\/groups\/3431398063740829","article_modified_time":"2025-05-28T09:48:27+00:00","og_image":[{"width":379,"height":502,"url":"https:\/\/nuevo-renacer.com\/wp-content\/uploads\/2025\/05\/Screenshot-605.png","type":"image\/png"}],"twitter_card":"summary_large_image","twitter_misc":{"Estimated reading time":"4 minutes"},"schema":{"@context":"https:\/\/schema.org","@graph":[{"@type":"WebPage","@id":"https:\/\/nuevo-renacer.com\/gemma-galgani\/","url":"https:\/\/nuevo-renacer.com\/gemma-galgani\/","name":"Gemma Galgani - Uni\u00f3n Esp\u00edrita","isPartOf":{"@id":"https:\/\/nuevo-renacer.com\/#website"},"primaryImageOfPage":{"@id":"https:\/\/nuevo-renacer.com\/gemma-galgani\/#primaryimage"},"image":{"@id":"https:\/\/nuevo-renacer.com\/gemma-galgani\/#primaryimage"},"thumbnailUrl":"https:\/\/nuevo-renacer.com\/wp-content\/uploads\/2025\/05\/Screenshot-605.png","datePublished":"2025-05-28T09:11:18+00:00","dateModified":"2025-05-28T09:48:27+00:00","description":"Descubre la vida de Santa Gemma Galgani, la m\u00edstica italiana del siglo XIX conocida por sus visiones, estigmas y profunda devoci\u00f3n a Cristo.","breadcrumb":{"@id":"https:\/\/nuevo-renacer.com\/gemma-galgani\/#breadcrumb"},"inLanguage":"en-GB","potentialAction":[{"@type":"ReadAction","target":["https:\/\/nuevo-renacer.com\/gemma-galgani\/"]}]},{"@type":"ImageObject","inLanguage":"en-GB","@id":"https:\/\/nuevo-renacer.com\/gemma-galgani\/#primaryimage","url":"https:\/\/nuevo-renacer.com\/wp-content\/uploads\/2025\/05\/Screenshot-605.png","contentUrl":"https:\/\/nuevo-renacer.com\/wp-content\/uploads\/2025\/05\/Screenshot-605.png"},{"@type":"BreadcrumbList","@id":"https:\/\/nuevo-renacer.com\/gemma-galgani\/#breadcrumb","itemListElement":[{"@type":"ListItem","position":1,"name":"Startseite","item":"https:\/\/nuevo-renacer.com\/"},{"@type":"ListItem","position":2,"name":"Gemma Galgani"}]},{"@type":"WebSite","@id":"https:\/\/nuevo-renacer.com\/#website","url":"https:\/\/nuevo-renacer.com\/","name":"Uni\u00f3n Esp\u00edrita","description":"Nuevo Renacer","publisher":{"@id":"https:\/\/nuevo-renacer.com\/#organization"},"potentialAction":[{"@type":"SearchAction","target":{"@type":"EntryPoint","urlTemplate":"https:\/\/nuevo-renacer.com\/?s={search_term_string}"},"query-input":{"@type":"PropertyValueSpecification","valueRequired":true,"valueName":"search_term_string"}}],"inLanguage":"en-GB"},{"@type":"Organization","@id":"https:\/\/nuevo-renacer.com\/#organization","name":"UFEC","url":"https:\/\/nuevo-renacer.com\/","logo":{"@type":"ImageObject","inLanguage":"en-GB","@id":"https:\/\/nuevo-renacer.com\/#\/schema\/logo\/image\/","url":"https:\/\/nuevo-renacer.com\/wp-content\/uploads\/2024\/05\/cropped-LOGO-TERMINADO1-3-3.png","contentUrl":"https:\/\/nuevo-renacer.com\/wp-content\/uploads\/2024\/05\/cropped-LOGO-TERMINADO1-3-3.png","width":512,"height":512,"caption":"UFEC"},"image":{"@id":"https:\/\/nuevo-renacer.com\/#\/schema\/logo\/image\/"},"sameAs":["https:\/\/www.facebook.com\/groups\/3431398063740829"]}]}},"uagb_featured_image_src":{"full":false,"thumbnail":false,"medium":false,"medium_large":false,"large":false,"1536x1536":false,"2048x2048":false,"trp-custom-language-flag":false},"uagb_author_info":{"display_name":"adbv0","author_link":"https:\/\/nuevo-renacer.com\/en\/author\/adbv0\/"},"uagb_comment_info":0,"uagb_excerpt":"Gemma Galgani Santa Gemma Galgani (1878-1903) naci\u00f3 en Lucca, un pueblo italiano, y desde muy peque\u00f1a mostr\u00f3 un gran deseo de oraci\u00f3n gracias a su madre. Su madre muri\u00f3 muy pronto de tuberculosis y el padre de Gemma la dej\u00f3 al cuidado del internado de las Hermanas de Santa Zita. Despu\u00e9s de mucho insistir, recibi\u00f3&hellip;","jetpack_sharing_enabled":true,"_links":{"self":[{"href":"https:\/\/nuevo-renacer.com\/en\/wp-json\/wp\/v2\/pages\/8207","targetHints":{"allow":["GET"]}}],"collection":[{"href":"https:\/\/nuevo-renacer.com\/en\/wp-json\/wp\/v2\/pages"}],"about":[{"href":"https:\/\/nuevo-renacer.com\/en\/wp-json\/wp\/v2\/types\/page"}],"author":[{"embeddable":true,"href":"https:\/\/nuevo-renacer.com\/en\/wp-json\/wp\/v2\/users\/1"}],"replies":[{"embeddable":true,"href":"https:\/\/nuevo-renacer.com\/en\/wp-json\/wp\/v2\/comments?post=8207"}],"version-history":[{"count":5,"href":"https:\/\/nuevo-renacer.com\/en\/wp-json\/wp\/v2\/pages\/8207\/revisions"}],"predecessor-version":[{"id":8220,"href":"https:\/\/nuevo-renacer.com\/en\/wp-json\/wp\/v2\/pages\/8207\/revisions\/8220"}],"wp:attachment":[{"href":"https:\/\/nuevo-renacer.com\/en\/wp-json\/wp\/v2\/media?parent=8207"}],"curies":[{"name":"wp","href":"https:\/\/api.w.org\/{rel}","templated":true}]}}