{"id":8202,"date":"2025-05-27T08:16:11","date_gmt":"2025-05-27T08:16:11","guid":{"rendered":"https:\/\/nuevo-renacer.com\/?page_id=8202"},"modified":"2025-05-27T09:00:59","modified_gmt":"2025-05-27T09:00:59","slug":"platon","status":"publish","type":"page","link":"https:\/\/nuevo-renacer.com\/en\/platon\/","title":{"rendered":"Plato"},"content":{"rendered":"<p class=\"has-text-align-left has-black-color has-text-color has-link-color has-medium-font-size wp-elements-45a515142106b98507cde77246e5d3af\"><strong>Plato<\/strong><\/p>\n\n\n\n<div class=\"wp-block-uagb-container uagb-block-326258c7 alignfull uagb-is-root-container\"><div class=\"uagb-container-inner-blocks-wrap\">\n<figure class=\"wp-block-image alignleft size-large is-resized\"><img fetchpriority=\"high\" decoding=\"async\" width=\"653\" height=\"1024\" src=\"https:\/\/nuevo-renacer.com\/wp-content\/uploads\/2025\/05\/English_School_-_Portrait_of_Plato_Athenian_philosopher_-_Plato_-_-_From_series_Leaders_of_Men_-_-_MeisterDrucke-1061278-653x1024.jpg\" alt=\"\" class=\"wp-image-8203\" style=\"width:219px;height:auto\" srcset=\"https:\/\/nuevo-renacer.com\/wp-content\/uploads\/2025\/05\/English_School_-_Portrait_of_Plato_Athenian_philosopher_-_Plato_-_-_From_series_Leaders_of_Men_-_-_MeisterDrucke-1061278-653x1024.jpg 653w, https:\/\/nuevo-renacer.com\/wp-content\/uploads\/2025\/05\/English_School_-_Portrait_of_Plato_Athenian_philosopher_-_Plato_-_-_From_series_Leaders_of_Men_-_-_MeisterDrucke-1061278-191x300.jpg 191w, https:\/\/nuevo-renacer.com\/wp-content\/uploads\/2025\/05\/English_School_-_Portrait_of_Plato_Athenian_philosopher_-_Plato_-_-_From_series_Leaders_of_Men_-_-_MeisterDrucke-1061278-8x12.jpg 8w, https:\/\/nuevo-renacer.com\/wp-content\/uploads\/2025\/05\/English_School_-_Portrait_of_Plato_Athenian_philosopher_-_Plato_-_-_From_series_Leaders_of_Men_-_-_MeisterDrucke-1061278.jpg 685w\" sizes=\"(max-width: 653px) 100vw, 653px\" \/><\/figure>\n<\/div><\/div>\n\n\n\n<div class=\"wp-block-uagb-container uagb-block-84bee83b alignfull uagb-is-root-container\"><div class=\"uagb-container-inner-blocks-wrap\">\n<p class=\"has-black-color has-text-color has-link-color has-small-font-size wp-elements-8bc84e774432e668359a0cda572264e0\">The tree is known by its fruits. All action should be characterized by what it produces: it must be called bad if it produces the wrong, and good when it produces the well. These words can sound like the words of the Lord Jesus to anyone who has read the Gospel.<\/p>\n\n\n\n<p class=\"has-black-color has-text-color has-link-color has-small-font-size wp-elements-8dfe61cf8892fd291cb615317d47de4a\">However, they were written and given to the world centuries before Jesus by Plato, Greek philosopher, disciple of Socrates. He was born in the year 428 or 427.C., in the city of Athens, Greece. Belonging to the high aristocracy, to the 20 years he met and befriended the philosopher Socrates, who accompanied him to his last days, and of whom he wrote his teachings, which have reached our days.<\/p>\n\n\n\n<p class=\"has-black-color has-text-color has-link-color has-small-font-size wp-elements-cc535b903a4ed5ae5d08f1b02e923ae8\">He traveled to Egypt and to the south of Italy. In Sicily, he attended the court of a tyrant of Syracuse called Dionysius. Eager to influence on the policy of the city, ended up being incompatible with Dionysus, that caused him to sell as a slave on the island of Aegina, which was at war with Athens. Rescued, he returned to his hometown where, at the age of forty, he founded the Academy, where he taught until the end of his days on earth.<\/p>\n\n\n\n<p class=\"has-black-color has-text-color has-link-color has-small-font-size wp-elements-bf1d8e750822ab4c107ef3fb5cf4d925\">It is easy to understand why he and Socrates are considered to be precursors of the christian idea, and of Spiritualism, with only read some of his writings. The works of Kardec-The Gospel according to Spiritism presents short passages that relate to the design of the two Greek philosophers about the soul, its progress, the reincarnation, the spirit world and its inhabitants, as well as the virtues most exalted, drawing a parallel between those ideas, those of Christ and, as a result, the fundamental principles of Spiritism.<\/p>\n\n\n\n<p class=\"has-black-color has-text-color has-link-color has-small-font-size wp-elements-10f4139bbfb3b394a0d5871f61723b46\">Considered one of the most influential philosophers of all time, as his thought dominated the christian philosophy ancient and medieval writings bequeathed to us the thinking socratic, as well as moving accounts of the last days of his teacher. He was also the personal creator of the philosophical dialogue, a kind of drama of ideas.<\/p>\n\n\n\n<p class=\"has-black-color has-text-color has-link-color has-small-font-size wp-elements-109ed00e46e4368cfbfb3cc3d1e334cf\">His work The Banquet is considered one of the greatest of the ancient literature. As a poet, his style is the highest point of the prose Greek and it shows in his prose poems about the myth of the cave, Atlantis, and Eros.<\/p>\n\n\n\n<p class=\"has-black-color has-text-color has-link-color has-small-font-size wp-elements-efa0010937f72bcc59575a88708ba527\">Wrote: love is everywhere in Nature, which invites us to exercise our intelligence; even the movement of the stars we found it. It is love that adorns nature with its rich carpets; it adorns itself and is installed where there is flowers and perfumes. It is also the love that gives peace to the men, the calm of the sea, the silence, the winds and the dream of the pain.<\/p>\n\n\n\n<p class=\"has-black-color has-text-color has-link-color has-small-font-size wp-elements-481789b8fc386461f1cb4a636f3d3fc1\">The works of Plato treated the lie, the nature of man, piety, duty, beauty, wisdom, justice, courage, friendship, and virtue. In the book VII of The Republic, presents the famous myth of the cave: chained in the interior of an underground prison and back to the entrance by penetrating the light, there they are trapped can only see the shadows cast by the men, the animals and everything that is outside of the cavern.<\/p>\n\n\n\n<p class=\"has-black-color has-text-color has-link-color has-small-font-size wp-elements-3c34e7078c2865e225352a6745ad7166\">A man that gets released is dazzled by the light of the sun outside, and he discovers that everything I had seen up until then it was unreality. There was the real world. However, if you return to the interior and you want to transmit what he has seen to others, who are still prisoners, he feels that it runs the risk of being mistreated and even murdered. This is it exactly, according to Plato, the mission of the philosopher.<\/p>\n\n\n\n<p class=\"has-black-color has-text-color has-link-color has-small-font-size wp-elements-d4e8bdc31f30341090e0ecca3fda28a7\">Disincarnate, full of clarity and creative force, at the age of 80, Spirituality, joining many other Spirits-caliber intellectual and moral, Plato continues his mission, revealing the nuances of the spiritual world, the world of the blinding sun, the real world, true.<\/p>\n\n\n\n<p class=\"has-black-color has-text-color has-link-color has-small-font-size wp-elements-bd954d6f32460776e6d66c7c8cb534f2\">His name is mentioned in the introductory sections of The Book of the Spirits; signing one of the passages of the answer to the question 1009 of the same work, where, speaking of the absence of penalties eternal, remember the exhortations of Socrates, when, in his time, he presented the soul migrating through multiple existences, followed by a longer or shorter period of erraticidad.<\/p>\n\n\n\n<p class=\"has-black-color has-text-color has-link-color has-small-font-size wp-elements-f195865efe958bf4b52c100921283001\">And he concludes: Humanity, not hundas your sad eyes in the depths of the earth, looking for there punishment. Crying, waiting, atones for and take refuge in the idea of a God is inherently good, absolutely powerful and essentially fair.<\/p>\n<\/div><\/div>\n\n\n\n<div class=\"wp-block-uagb-container uagb-block-3d936a81 alignfull uagb-is-root-container\"><div class=\"uagb-container-inner-blocks-wrap\"><\/div><\/div>\n\n\n\n<div class=\"wp-block-uagb-container uagb-block-2f4782a0 alignfull uagb-is-root-container\"><div class=\"uagb-container-inner-blocks-wrap\"><\/div><\/div>","protected":false},"excerpt":{"rendered":"<p>Plat\u00f3n El \u00e1rbol se conoce por sus frutos. Toda acci\u00f3n debe caracterizarse por lo que produce: debe llamarse mala cuando produce el mal, y buena cuando produce el bien. Estas palabras pueden sonar a palabras del Se\u00f1or Jes\u00fas a cualquiera que haya le\u00eddo el Evangelio. Sin embargo, fueron escritas y dadas al mundo siglos antes [&hellip;]<\/p>","protected":false},"author":1,"featured_media":0,"parent":0,"menu_order":0,"comment_status":"closed","ping_status":"closed","template":"","meta":{"_uag_custom_page_level_css":"","site-sidebar-layout":"default","site-content-layout":"","ast-site-content-layout":"default","site-content-style":"default","site-sidebar-style":"default","ast-global-header-display":"","ast-banner-title-visibility":"","ast-main-header-display":"","ast-hfb-above-header-display":"","ast-hfb-below-header-display":"","ast-hfb-mobile-header-display":"","site-post-title":"disabled","ast-breadcrumbs-content":"","ast-featured-img":"","footer-sml-layout":"","theme-transparent-header-meta":"","adv-header-id-meta":"","stick-header-meta":"","header-above-stick-meta":"","header-main-stick-meta":"","header-below-stick-meta":"","astra-migrate-meta-layouts":"set","ast-page-background-enabled":"default","ast-page-background-meta":{"desktop":{"background-color":"var(--ast-global-color-4)","background-image":"","background-repeat":"repeat","background-position":"center center","background-size":"auto","background-attachment":"scroll","background-type":"","background-media":"","overlay-type":"","overlay-color":"","overlay-opacity":"","overlay-gradient":""},"tablet":{"background-color":"","background-image":"","background-repeat":"repeat","background-position":"center center","background-size":"auto","background-attachment":"scroll","background-type":"","background-media":"","overlay-type":"","overlay-color":"","overlay-opacity":"","overlay-gradient":""},"mobile":{"background-color":"","background-image":"","background-repeat":"repeat","background-position":"center center","background-size":"auto","background-attachment":"scroll","background-type":"","background-media":"","overlay-type":"","overlay-color":"","overlay-opacity":"","overlay-gradient":""}},"ast-content-background-meta":{"desktop":{"background-color":"var(--ast-global-color-5)","background-image":"","background-repeat":"repeat","background-position":"center center","background-size":"auto","background-attachment":"scroll","background-type":"","background-media":"","overlay-type":"","overlay-color":"","overlay-opacity":"","overlay-gradient":""},"tablet":{"background-color":"var(--ast-global-color-5)","background-image":"","background-repeat":"repeat","background-position":"center center","background-size":"auto","background-attachment":"scroll","background-type":"","background-media":"","overlay-type":"","overlay-color":"","overlay-opacity":"","overlay-gradient":""},"mobile":{"background-color":"var(--ast-global-color-5)","background-image":"","background-repeat":"repeat","background-position":"center center","background-size":"auto","background-attachment":"scroll","background-type":"","background-media":"","overlay-type":"","overlay-color":"","overlay-opacity":"","overlay-gradient":""}},"footnotes":""},"class_list":["post-8202","page","type-page","status-publish","hentry"],"yoast_head":"<!-- This site is optimized with the Yoast SEO Premium plugin v24.2 (Yoast SEO v24.6) - https:\/\/yoast.com\/wordpress\/plugins\/seo\/ -->\n<title>Plat\u00f3n - Uni\u00f3n Esp\u00edrita<\/title>\n<meta name=\"description\" content=\"Explora el pensamiento de Plat\u00f3n desde la visi\u00f3n esp\u00edrita: su creencia en la inmortalidad del alma, la reencarnaci\u00f3n.\" \/>\n<meta name=\"robots\" content=\"index, follow, max-snippet:-1, max-image-preview:large, max-video-preview:-1\" \/>\n<link rel=\"canonical\" href=\"https:\/\/nuevo-renacer.com\/en\/platon\/\" \/>\n<meta property=\"og:locale\" content=\"en_GB\" \/>\n<meta property=\"og:type\" content=\"article\" \/>\n<meta property=\"og:title\" content=\"Plat\u00f3n\" \/>\n<meta property=\"og:description\" content=\"Explora el pensamiento de Plat\u00f3n desde la visi\u00f3n esp\u00edrita: su creencia en la inmortalidad del alma, la reencarnaci\u00f3n.\" \/>\n<meta property=\"og:url\" content=\"https:\/\/nuevo-renacer.com\/en\/platon\/\" \/>\n<meta property=\"og:site_name\" content=\"Uni\u00f3n Esp\u00edrita\" \/>\n<meta property=\"article:publisher\" content=\"https:\/\/www.facebook.com\/groups\/3431398063740829\" \/>\n<meta property=\"article:modified_time\" content=\"2025-05-27T09:00:59+00:00\" \/>\n<meta property=\"og:image\" content=\"https:\/\/nuevo-renacer.com\/wp-content\/uploads\/2025\/05\/English_School_-_Portrait_of_Plato_Athenian_philosopher_-_Plato_-_-_From_series_Leaders_of_Men_-_-_MeisterDrucke-1061278.jpg\" \/>\n\t<meta property=\"og:image:width\" content=\"685\" \/>\n\t<meta property=\"og:image:height\" content=\"1074\" \/>\n\t<meta property=\"og:image:type\" content=\"image\/jpeg\" \/>\n<meta name=\"twitter:card\" content=\"summary_large_image\" \/>\n<meta name=\"twitter:label1\" content=\"Estimated reading time\" \/>\n\t<meta name=\"twitter:data1\" content=\"5 minutes\" \/>\n<script type=\"application\/ld+json\" class=\"yoast-schema-graph\">{\"@context\":\"https:\/\/schema.org\",\"@graph\":[{\"@type\":\"WebPage\",\"@id\":\"https:\/\/nuevo-renacer.com\/platon\/\",\"url\":\"https:\/\/nuevo-renacer.com\/platon\/\",\"name\":\"Plat\u00f3n - Uni\u00f3n Esp\u00edrita\",\"isPartOf\":{\"@id\":\"https:\/\/nuevo-renacer.com\/#website\"},\"primaryImageOfPage\":{\"@id\":\"https:\/\/nuevo-renacer.com\/platon\/#primaryimage\"},\"image\":{\"@id\":\"https:\/\/nuevo-renacer.com\/platon\/#primaryimage\"},\"thumbnailUrl\":\"https:\/\/nuevo-renacer.com\/wp-content\/uploads\/2025\/05\/English_School_-_Portrait_of_Plato_Athenian_philosopher_-_Plato_-_-_From_series_Leaders_of_Men_-_-_MeisterDrucke-1061278-653x1024.jpg\",\"datePublished\":\"2025-05-27T08:16:11+00:00\",\"dateModified\":\"2025-05-27T09:00:59+00:00\",\"description\":\"Explora el pensamiento de Plat\u00f3n desde la visi\u00f3n esp\u00edrita: su creencia en la inmortalidad del alma, la reencarnaci\u00f3n.\",\"breadcrumb\":{\"@id\":\"https:\/\/nuevo-renacer.com\/platon\/#breadcrumb\"},\"inLanguage\":\"en-GB\",\"potentialAction\":[{\"@type\":\"ReadAction\",\"target\":[\"https:\/\/nuevo-renacer.com\/platon\/\"]}]},{\"@type\":\"ImageObject\",\"inLanguage\":\"en-GB\",\"@id\":\"https:\/\/nuevo-renacer.com\/platon\/#primaryimage\",\"url\":\"https:\/\/nuevo-renacer.com\/wp-content\/uploads\/2025\/05\/English_School_-_Portrait_of_Plato_Athenian_philosopher_-_Plato_-_-_From_series_Leaders_of_Men_-_-_MeisterDrucke-1061278-653x1024.jpg\",\"contentUrl\":\"https:\/\/nuevo-renacer.com\/wp-content\/uploads\/2025\/05\/English_School_-_Portrait_of_Plato_Athenian_philosopher_-_Plato_-_-_From_series_Leaders_of_Men_-_-_MeisterDrucke-1061278-653x1024.jpg\"},{\"@type\":\"BreadcrumbList\",\"@id\":\"https:\/\/nuevo-renacer.com\/platon\/#breadcrumb\",\"itemListElement\":[{\"@type\":\"ListItem\",\"position\":1,\"name\":\"Startseite\",\"item\":\"https:\/\/nuevo-renacer.com\/\"},{\"@type\":\"ListItem\",\"position\":2,\"name\":\"Plat\u00f3n\"}]},{\"@type\":\"WebSite\",\"@id\":\"https:\/\/nuevo-renacer.com\/#website\",\"url\":\"https:\/\/nuevo-renacer.com\/\",\"name\":\"Uni\u00f3n Esp\u00edrita\",\"description\":\"Nuevo Renacer\",\"publisher\":{\"@id\":\"https:\/\/nuevo-renacer.com\/#organization\"},\"potentialAction\":[{\"@type\":\"SearchAction\",\"target\":{\"@type\":\"EntryPoint\",\"urlTemplate\":\"https:\/\/nuevo-renacer.com\/?s={search_term_string}\"},\"query-input\":{\"@type\":\"PropertyValueSpecification\",\"valueRequired\":true,\"valueName\":\"search_term_string\"}}],\"inLanguage\":\"en-GB\"},{\"@type\":\"Organization\",\"@id\":\"https:\/\/nuevo-renacer.com\/#organization\",\"name\":\"UFEC\",\"url\":\"https:\/\/nuevo-renacer.com\/\",\"logo\":{\"@type\":\"ImageObject\",\"inLanguage\":\"en-GB\",\"@id\":\"https:\/\/nuevo-renacer.com\/#\/schema\/logo\/image\/\",\"url\":\"https:\/\/nuevo-renacer.com\/wp-content\/uploads\/2024\/05\/cropped-LOGO-TERMINADO1-3-3.png\",\"contentUrl\":\"https:\/\/nuevo-renacer.com\/wp-content\/uploads\/2024\/05\/cropped-LOGO-TERMINADO1-3-3.png\",\"width\":512,\"height\":512,\"caption\":\"UFEC\"},\"image\":{\"@id\":\"https:\/\/nuevo-renacer.com\/#\/schema\/logo\/image\/\"},\"sameAs\":[\"https:\/\/www.facebook.com\/groups\/3431398063740829\"]}]}<\/script>\n<!-- \/ Yoast SEO Premium plugin. -->","yoast_head_json":{"title":"Plat\u00f3n - Uni\u00f3n Esp\u00edrita","description":"Explora el pensamiento de Plat\u00f3n desde la visi\u00f3n esp\u00edrita: su creencia en la inmortalidad del alma, la reencarnaci\u00f3n.","robots":{"index":"index","follow":"follow","max-snippet":"max-snippet:-1","max-image-preview":"max-image-preview:large","max-video-preview":"max-video-preview:-1"},"canonical":"https:\/\/nuevo-renacer.com\/en\/platon\/","og_locale":"en_GB","og_type":"article","og_title":"Plat\u00f3n","og_description":"Explora el pensamiento de Plat\u00f3n desde la visi\u00f3n esp\u00edrita: su creencia en la inmortalidad del alma, la reencarnaci\u00f3n.","og_url":"https:\/\/nuevo-renacer.com\/en\/platon\/","og_site_name":"Uni\u00f3n Esp\u00edrita","article_publisher":"https:\/\/www.facebook.com\/groups\/3431398063740829","article_modified_time":"2025-05-27T09:00:59+00:00","og_image":[{"width":685,"height":1074,"url":"https:\/\/nuevo-renacer.com\/wp-content\/uploads\/2025\/05\/English_School_-_Portrait_of_Plato_Athenian_philosopher_-_Plato_-_-_From_series_Leaders_of_Men_-_-_MeisterDrucke-1061278.jpg","type":"image\/jpeg"}],"twitter_card":"summary_large_image","twitter_misc":{"Estimated reading time":"5 minutes"},"schema":{"@context":"https:\/\/schema.org","@graph":[{"@type":"WebPage","@id":"https:\/\/nuevo-renacer.com\/platon\/","url":"https:\/\/nuevo-renacer.com\/platon\/","name":"Plat\u00f3n - Uni\u00f3n Esp\u00edrita","isPartOf":{"@id":"https:\/\/nuevo-renacer.com\/#website"},"primaryImageOfPage":{"@id":"https:\/\/nuevo-renacer.com\/platon\/#primaryimage"},"image":{"@id":"https:\/\/nuevo-renacer.com\/platon\/#primaryimage"},"thumbnailUrl":"https:\/\/nuevo-renacer.com\/wp-content\/uploads\/2025\/05\/English_School_-_Portrait_of_Plato_Athenian_philosopher_-_Plato_-_-_From_series_Leaders_of_Men_-_-_MeisterDrucke-1061278-653x1024.jpg","datePublished":"2025-05-27T08:16:11+00:00","dateModified":"2025-05-27T09:00:59+00:00","description":"Explora el pensamiento de Plat\u00f3n desde la visi\u00f3n esp\u00edrita: su creencia en la inmortalidad del alma, la reencarnaci\u00f3n.","breadcrumb":{"@id":"https:\/\/nuevo-renacer.com\/platon\/#breadcrumb"},"inLanguage":"en-GB","potentialAction":[{"@type":"ReadAction","target":["https:\/\/nuevo-renacer.com\/platon\/"]}]},{"@type":"ImageObject","inLanguage":"en-GB","@id":"https:\/\/nuevo-renacer.com\/platon\/#primaryimage","url":"https:\/\/nuevo-renacer.com\/wp-content\/uploads\/2025\/05\/English_School_-_Portrait_of_Plato_Athenian_philosopher_-_Plato_-_-_From_series_Leaders_of_Men_-_-_MeisterDrucke-1061278-653x1024.jpg","contentUrl":"https:\/\/nuevo-renacer.com\/wp-content\/uploads\/2025\/05\/English_School_-_Portrait_of_Plato_Athenian_philosopher_-_Plato_-_-_From_series_Leaders_of_Men_-_-_MeisterDrucke-1061278-653x1024.jpg"},{"@type":"BreadcrumbList","@id":"https:\/\/nuevo-renacer.com\/platon\/#breadcrumb","itemListElement":[{"@type":"ListItem","position":1,"name":"Startseite","item":"https:\/\/nuevo-renacer.com\/"},{"@type":"ListItem","position":2,"name":"Plat\u00f3n"}]},{"@type":"WebSite","@id":"https:\/\/nuevo-renacer.com\/#website","url":"https:\/\/nuevo-renacer.com\/","name":"Uni\u00f3n Esp\u00edrita","description":"Nuevo Renacer","publisher":{"@id":"https:\/\/nuevo-renacer.com\/#organization"},"potentialAction":[{"@type":"SearchAction","target":{"@type":"EntryPoint","urlTemplate":"https:\/\/nuevo-renacer.com\/?s={search_term_string}"},"query-input":{"@type":"PropertyValueSpecification","valueRequired":true,"valueName":"search_term_string"}}],"inLanguage":"en-GB"},{"@type":"Organization","@id":"https:\/\/nuevo-renacer.com\/#organization","name":"UFEC","url":"https:\/\/nuevo-renacer.com\/","logo":{"@type":"ImageObject","inLanguage":"en-GB","@id":"https:\/\/nuevo-renacer.com\/#\/schema\/logo\/image\/","url":"https:\/\/nuevo-renacer.com\/wp-content\/uploads\/2024\/05\/cropped-LOGO-TERMINADO1-3-3.png","contentUrl":"https:\/\/nuevo-renacer.com\/wp-content\/uploads\/2024\/05\/cropped-LOGO-TERMINADO1-3-3.png","width":512,"height":512,"caption":"UFEC"},"image":{"@id":"https:\/\/nuevo-renacer.com\/#\/schema\/logo\/image\/"},"sameAs":["https:\/\/www.facebook.com\/groups\/3431398063740829"]}]}},"uagb_featured_image_src":{"full":false,"thumbnail":false,"medium":false,"medium_large":false,"large":false,"1536x1536":false,"2048x2048":false,"trp-custom-language-flag":false},"uagb_author_info":{"display_name":"adbv0","author_link":"https:\/\/nuevo-renacer.com\/en\/author\/adbv0\/"},"uagb_comment_info":0,"uagb_excerpt":"Plat\u00f3n El \u00e1rbol se conoce por sus frutos. Toda acci\u00f3n debe caracterizarse por lo que produce: debe llamarse mala cuando produce el mal, y buena cuando produce el bien. Estas palabras pueden sonar a palabras del Se\u00f1or Jes\u00fas a cualquiera que haya le\u00eddo el Evangelio. Sin embargo, fueron escritas y dadas al mundo siglos antes&hellip;","jetpack_sharing_enabled":true,"_links":{"self":[{"href":"https:\/\/nuevo-renacer.com\/en\/wp-json\/wp\/v2\/pages\/8202","targetHints":{"allow":["GET"]}}],"collection":[{"href":"https:\/\/nuevo-renacer.com\/en\/wp-json\/wp\/v2\/pages"}],"about":[{"href":"https:\/\/nuevo-renacer.com\/en\/wp-json\/wp\/v2\/types\/page"}],"author":[{"embeddable":true,"href":"https:\/\/nuevo-renacer.com\/en\/wp-json\/wp\/v2\/users\/1"}],"replies":[{"embeddable":true,"href":"https:\/\/nuevo-renacer.com\/en\/wp-json\/wp\/v2\/comments?post=8202"}],"version-history":[{"count":2,"href":"https:\/\/nuevo-renacer.com\/en\/wp-json\/wp\/v2\/pages\/8202\/revisions"}],"predecessor-version":[{"id":8205,"href":"https:\/\/nuevo-renacer.com\/en\/wp-json\/wp\/v2\/pages\/8202\/revisions\/8205"}],"wp:attachment":[{"href":"https:\/\/nuevo-renacer.com\/en\/wp-json\/wp\/v2\/media?parent=8202"}],"curies":[{"name":"wp","href":"https:\/\/api.w.org\/{rel}","templated":true}]}}