{"id":8148,"date":"2025-05-23T07:39:38","date_gmt":"2025-05-23T07:39:38","guid":{"rendered":"https:\/\/nuevo-renacer.com\/?page_id=8148"},"modified":"2025-05-23T07:39:41","modified_gmt":"2025-05-23T07:39:41","slug":"galileo-galilei","status":"publish","type":"page","link":"https:\/\/nuevo-renacer.com\/en\/galileo-galilei\/","title":{"rendered":"Galileo Galilei"},"content":{"rendered":"<div class=\"wp-block-uagb-container uagb-block-569cb892 alignfull uagb-is-root-container\"><div class=\"uagb-container-inner-blocks-wrap\">\n<p class=\"has-black-color has-text-color has-link-color has-medium-font-size wp-elements-a28a1ca7710521eee3231fe7d94a9eaf\"><strong>Galileo Galilei<\/strong><\/p>\n<\/div><\/div>\n\n\n\n<div class=\"wp-block-uagb-container uagb-block-502ad18e alignfull uagb-is-root-container\"><div class=\"uagb-container-inner-blocks-wrap\">\n<figure class=\"wp-block-image size-full is-resized\"><img fetchpriority=\"high\" decoding=\"async\" width=\"450\" height=\"450\" src=\"https:\/\/nuevo-renacer.com\/wp-content\/uploads\/2025\/05\/galileo.jpg\" alt=\"\" class=\"wp-image-8149\" style=\"width:269px;height:auto\" srcset=\"https:\/\/nuevo-renacer.com\/wp-content\/uploads\/2025\/05\/galileo.jpg 450w, https:\/\/nuevo-renacer.com\/wp-content\/uploads\/2025\/05\/galileo-300x300.jpg 300w, https:\/\/nuevo-renacer.com\/wp-content\/uploads\/2025\/05\/galileo-150x150.jpg 150w, https:\/\/nuevo-renacer.com\/wp-content\/uploads\/2025\/05\/galileo-12x12.jpg 12w\" sizes=\"(max-width: 450px) 100vw, 450px\" \/><\/figure>\n<\/div><\/div>\n\n\n\n<div class=\"wp-block-uagb-container uagb-block-39f6629f alignfull uagb-is-root-container\"><div class=\"uagb-container-inner-blocks-wrap\">\n<p class=\"has-black-color has-text-color has-link-color has-small-font-size wp-elements-1168655e3231bd7013cf72d9c451d545\">On beautiful starry and moonless nights, all have beheld that whitish band which crosses the sky from one end to the other, and which the ancients called the Milky Way, because of its milky appearance. (...) Thus begins poetically point 32 of Chapter VI of Genesis. ) Thus poetically begins point 32 of Chapter VI of The Genesis, which, according to a footnote, states that it was taken verbatim from a series of communications dictated to the Paris Spiritualist Society in 1862 and 1863, under the title - Uranographic Studies, and signed GALILEO, with Camille Flammarion as medium.<\/p>\n\n\n\n<p class=\"has-black-color has-text-color has-link-color has-small-font-size wp-elements-80ff631cc648177e9436e47ab5f1cc2d\">In that chapter we find the same enthusiasm of the scholar Galileo who one day took the telescope which he had built and which shortened thirty-three times the distance of the object, which he called the Old Discoverer, and turning it towards the sky, saw before his eyes the greatest spectacle accessible to human sight: the extraordinary panorama of the Infinite, with its paths illuminated by innumerable suns. On that memorable night, Galileo, enraptured, realised that what appeared to the naked eye to be a misty veil was in reality a band of stars, with countless others peering curiously through them. Modern astronomy was born.<\/p>\n\n\n\n<p class=\"has-black-color has-text-color has-link-color has-small-font-size wp-elements-218affe1f0dc3b9a2903cd7fd0cfa53e\">At the age of 17, Galileo Galilei, born on 18 February 1564 in Pisa (Italy), noticed the lamp in the vault of the cathedral of his hometown. Someone had pulled it to one side to turn it on, and when he released it, the lamp swung silently over the heads of the faithful, describing arcs that gradually became shorter and shorter. Galileo forgot to pray, forgot the purposes that had brought him to the church and, in a spirit of observation, measured the time of each oscillation with his own pulse.<\/p>\n\n\n\n<p class=\"has-black-color has-text-color has-link-color has-small-font-size wp-elements-4b6ed7653070d256ac0eeeed1492023e\">His family lost patience with the young man, as he experimented with pendulums, suspending them from ceiling beams and tree branches. The result was the invention of a pendulum that could be synchronised with the human pulse and which doctors began to use to measure patients' heartbeats. At his father's urging, he studied medicine at the University of Pisa, having failed as an assistant in the family shop. It was also his music-loving father who taught him to play the lute and organ. Galileo excelled as a painter.<\/p>\n\n\n\n<p class=\"has-black-color has-text-color has-link-color has-small-font-size wp-elements-014560f1a7270e8826d8401ba4a5f696\">Studying on his own, he discovered Archimedes, the greatest of Greek mathematicians and philosophers, and from this he invented a hydrostatic balance. He had the courage to refute Aristotle by demonstrating not only that bodies, regardless of their weight, fall with an accelerating velocity, but also that the acceleration of the fall is uniform. He brought to physics a new concept, that of inertia, i.e., the tendency of bodies to remain at rest or, when in motion, to continue moving in a straight line at the same speed unless an external force exerts some action on them.<\/p>\n\n\n\n<p class=\"has-black-color has-text-color has-link-color has-small-font-size wp-elements-43d99e0ffb68d862201989123c45998a\">At the age of 24 he was a professor of mathematics at the University of Pisa, a post he lost for defending his ideas. He suffered persecution, had his salary reduced and eventually resigned. In 1592, the Republic of Venice invited him to teach at the University of Padua. For 18 years, with a salary that could be considered good, and in an atmosphere of intellectual freedom, Galileo invented a slide rule, a protractor, designed fortifications and machines for the siege of cities and bridges.<\/p>\n\n\n\n<p class=\"has-black-color has-text-color has-link-color has-small-font-size wp-elements-8eea8a861971fd8b3d4b2b5123721d13\">There were so many pupils that he was forced to teach in the open air. Finally, the Inquisition extended its ignorant arm and forbade Galileo to teach his theories, because the celestial movements revealed by the lenses of his telescope and his intelligence were contrary to the Scriptures. For 16 years he submitted. Then he decided to give birth to his Dialogues on the Major Systems, a debate between the theories of Ptolemy and Copernicus.<\/p>\n\n\n\n<p class=\"has-black-color has-text-color has-link-color has-small-font-size wp-elements-340d36993bca64e7a0d906e9203abf6c\">Pope Urban VIII saw his own caricature in one of the characters and Galileo was ordered to suspend the sale of the book, which, however, had already spread throughout Europe. At the age of 70, suffering from a double hernia and palpitations, Galileo appeared before the examination tribunal of cardinals in Rome. He was threatened with the most severe torture and, after four months, was forced to kneel and read aloud his refutation of Copernicus' ideas.<\/p>\n\n\n\n<p class=\"has-black-color has-text-color has-link-color has-small-font-size wp-elements-4712cc5c9f693665f123e4055b118db5\">His book was included in the Index and he was sentenced to life imprisonment. Thanks to the intercession of the Duke of Tuscany, he was released from the dungeon where he rotted and remained in seclusion until his death, eight years later, in his house, always spied on. Even so, wise men from all over the world flocked to his house. With the light in his eyes waning and at the risk of his own life, the great genius allowed himself to write and submit for publication in countries where freedom of thought reigned, fragments of the book Dialogues on Two New Sciences, a work that made him the founder of experimental physics.<\/p>\n\n\n\n<p class=\"has-black-color has-text-color has-link-color has-small-font-size wp-elements-47ac8cb6e0f5e887864ef2015fc17d1a\">In the year Isaac Newton was born, 1642, Galileo expired, blind and imprisoned. The piercing blue eyes of that chained eagle were closed to the physical world, so that his spiritual eyes could scrutinise the majesty of natural laws in complete freedom, liberated from the superstitions of his time. This is undoubtedly why he makes such a marvellous contribution to the fifth work of the Codification, closing the chapter by speaking of the diversity of the worlds, presenting them as ... the variegated stones of an immense mosaic, the diverse flowers of an admirable park.<\/p>\n\n\n\n<p class=\"has-black-color has-text-color has-link-color has-small-font-size wp-elements-d3fbbeeabe6b153c34244f3fb1be92db\">A park where, he said, God reveals himself at every moment and where human creatures can see through the telescope of science, which cannot stop progressing.<\/p>\n<\/div><\/div>\n\n\n\n<div class=\"wp-block-uagb-container uagb-block-6187e9e3 alignfull uagb-is-root-container\"><div class=\"uagb-container-inner-blocks-wrap\"><\/div><\/div>\n\n\n\n<div class=\"wp-block-uagb-container uagb-block-709598ec alignfull uagb-is-root-container\"><div class=\"uagb-container-inner-blocks-wrap\"><\/div><\/div>","protected":false},"excerpt":{"rendered":"<p>Galileo Galilei En hermosas noches estrelladas y sin luna, todos han contemplado esa banda blanquecina que cruza el cielo de un extremo a otro y que los antiguos llamaban la V\u00eda L\u00e1ctea, por su aspecto lechoso. (&#8230;) As\u00ed comienza po\u00e9ticamente el punto 32 del cap\u00edtulo VI de El G\u00e9nesis. ) De esta manera po\u00e9tica comienza [&hellip;]<\/p>","protected":false},"author":1,"featured_media":0,"parent":0,"menu_order":0,"comment_status":"closed","ping_status":"closed","template":"","meta":{"_uag_custom_page_level_css":"","site-sidebar-layout":"default","site-content-layout":"","ast-site-content-layout":"default","site-content-style":"default","site-sidebar-style":"default","ast-global-header-display":"","ast-banner-title-visibility":"","ast-main-header-display":"","ast-hfb-above-header-display":"","ast-hfb-below-header-display":"","ast-hfb-mobile-header-display":"","site-post-title":"disabled","ast-breadcrumbs-content":"","ast-featured-img":"","footer-sml-layout":"","theme-transparent-header-meta":"","adv-header-id-meta":"","stick-header-meta":"","header-above-stick-meta":"","header-main-stick-meta":"","header-below-stick-meta":"","astra-migrate-meta-layouts":"set","ast-page-background-enabled":"default","ast-page-background-meta":{"desktop":{"background-color":"var(--ast-global-color-4)","background-image":"","background-repeat":"repeat","background-position":"center center","background-size":"auto","background-attachment":"scroll","background-type":"","background-media":"","overlay-type":"","overlay-color":"","overlay-opacity":"","overlay-gradient":""},"tablet":{"background-color":"","background-image":"","background-repeat":"repeat","background-position":"center center","background-size":"auto","background-attachment":"scroll","background-type":"","background-media":"","overlay-type":"","overlay-color":"","overlay-opacity":"","overlay-gradient":""},"mobile":{"background-color":"","background-image":"","background-repeat":"repeat","background-position":"center center","background-size":"auto","background-attachment":"scroll","background-type":"","background-media":"","overlay-type":"","overlay-color":"","overlay-opacity":"","overlay-gradient":""}},"ast-content-background-meta":{"desktop":{"background-color":"var(--ast-global-color-5)","background-image":"","background-repeat":"repeat","background-position":"center center","background-size":"auto","background-attachment":"scroll","background-type":"","background-media":"","overlay-type":"","overlay-color":"","overlay-opacity":"","overlay-gradient":""},"tablet":{"background-color":"var(--ast-global-color-5)","background-image":"","background-repeat":"repeat","background-position":"center center","background-size":"auto","background-attachment":"scroll","background-type":"","background-media":"","overlay-type":"","overlay-color":"","overlay-opacity":"","overlay-gradient":""},"mobile":{"background-color":"var(--ast-global-color-5)","background-image":"","background-repeat":"repeat","background-position":"center center","background-size":"auto","background-attachment":"scroll","background-type":"","background-media":"","overlay-type":"","overlay-color":"","overlay-opacity":"","overlay-gradient":""}},"footnotes":""},"class_list":["post-8148","page","type-page","status-publish","hentry"],"yoast_head":"<!-- This site is optimized with the Yoast SEO Premium plugin v24.2 (Yoast SEO v24.6) - https:\/\/yoast.com\/wordpress\/plugins\/seo\/ -->\n<title>Galileo Galilei - Uni\u00f3n Esp\u00edrita<\/title>\n<meta name=\"robots\" content=\"index, follow, max-snippet:-1, max-image-preview:large, max-video-preview:-1\" \/>\n<link rel=\"canonical\" href=\"https:\/\/nuevo-renacer.com\/en\/galileo-galilei\/\" \/>\n<meta property=\"og:locale\" content=\"en_GB\" \/>\n<meta property=\"og:type\" content=\"article\" \/>\n<meta property=\"og:title\" content=\"Galileo Galilei\" \/>\n<meta property=\"og:description\" content=\"Galileo Galilei En hermosas noches estrelladas y sin luna, todos han contemplado esa banda blanquecina que cruza el cielo de un extremo a otro y que los antiguos llamaban la V\u00eda L\u00e1ctea, por su aspecto lechoso. (&#8230;) As\u00ed comienza po\u00e9ticamente el punto 32 del cap\u00edtulo VI de El G\u00e9nesis. ) De esta manera po\u00e9tica comienza [&hellip;]\" \/>\n<meta property=\"og:url\" content=\"https:\/\/nuevo-renacer.com\/en\/galileo-galilei\/\" \/>\n<meta property=\"og:site_name\" content=\"Uni\u00f3n Esp\u00edrita\" \/>\n<meta property=\"article:publisher\" content=\"https:\/\/www.facebook.com\/groups\/3431398063740829\" \/>\n<meta property=\"article:modified_time\" content=\"2025-05-23T07:39:41+00:00\" \/>\n<meta property=\"og:image\" content=\"https:\/\/nuevo-renacer.com\/wp-content\/uploads\/2025\/05\/galileo.jpg\" \/>\n\t<meta property=\"og:image:width\" content=\"450\" \/>\n\t<meta property=\"og:image:height\" content=\"450\" \/>\n\t<meta property=\"og:image:type\" content=\"image\/jpeg\" \/>\n<meta name=\"twitter:card\" content=\"summary_large_image\" \/>\n<meta name=\"twitter:label1\" content=\"Estimated reading time\" \/>\n\t<meta name=\"twitter:data1\" content=\"6 minutes\" \/>\n<script type=\"application\/ld+json\" class=\"yoast-schema-graph\">{\"@context\":\"https:\/\/schema.org\",\"@graph\":[{\"@type\":\"WebPage\",\"@id\":\"https:\/\/nuevo-renacer.com\/galileo-galilei\/\",\"url\":\"https:\/\/nuevo-renacer.com\/galileo-galilei\/\",\"name\":\"Galileo Galilei - Uni\u00f3n Esp\u00edrita\",\"isPartOf\":{\"@id\":\"https:\/\/nuevo-renacer.com\/#website\"},\"primaryImageOfPage\":{\"@id\":\"https:\/\/nuevo-renacer.com\/galileo-galilei\/#primaryimage\"},\"image\":{\"@id\":\"https:\/\/nuevo-renacer.com\/galileo-galilei\/#primaryimage\"},\"thumbnailUrl\":\"https:\/\/nuevo-renacer.com\/wp-content\/uploads\/2025\/05\/galileo.jpg\",\"datePublished\":\"2025-05-23T07:39:38+00:00\",\"dateModified\":\"2025-05-23T07:39:41+00:00\",\"breadcrumb\":{\"@id\":\"https:\/\/nuevo-renacer.com\/galileo-galilei\/#breadcrumb\"},\"inLanguage\":\"en-GB\",\"potentialAction\":[{\"@type\":\"ReadAction\",\"target\":[\"https:\/\/nuevo-renacer.com\/galileo-galilei\/\"]}]},{\"@type\":\"ImageObject\",\"inLanguage\":\"en-GB\",\"@id\":\"https:\/\/nuevo-renacer.com\/galileo-galilei\/#primaryimage\",\"url\":\"https:\/\/nuevo-renacer.com\/wp-content\/uploads\/2025\/05\/galileo.jpg\",\"contentUrl\":\"https:\/\/nuevo-renacer.com\/wp-content\/uploads\/2025\/05\/galileo.jpg\"},{\"@type\":\"BreadcrumbList\",\"@id\":\"https:\/\/nuevo-renacer.com\/galileo-galilei\/#breadcrumb\",\"itemListElement\":[{\"@type\":\"ListItem\",\"position\":1,\"name\":\"Startseite\",\"item\":\"https:\/\/nuevo-renacer.com\/\"},{\"@type\":\"ListItem\",\"position\":2,\"name\":\"Galileo Galilei\"}]},{\"@type\":\"WebSite\",\"@id\":\"https:\/\/nuevo-renacer.com\/#website\",\"url\":\"https:\/\/nuevo-renacer.com\/\",\"name\":\"Uni\u00f3n Esp\u00edrita\",\"description\":\"Nuevo Renacer\",\"publisher\":{\"@id\":\"https:\/\/nuevo-renacer.com\/#organization\"},\"potentialAction\":[{\"@type\":\"SearchAction\",\"target\":{\"@type\":\"EntryPoint\",\"urlTemplate\":\"https:\/\/nuevo-renacer.com\/?s={search_term_string}\"},\"query-input\":{\"@type\":\"PropertyValueSpecification\",\"valueRequired\":true,\"valueName\":\"search_term_string\"}}],\"inLanguage\":\"en-GB\"},{\"@type\":\"Organization\",\"@id\":\"https:\/\/nuevo-renacer.com\/#organization\",\"name\":\"UFEC\",\"url\":\"https:\/\/nuevo-renacer.com\/\",\"logo\":{\"@type\":\"ImageObject\",\"inLanguage\":\"en-GB\",\"@id\":\"https:\/\/nuevo-renacer.com\/#\/schema\/logo\/image\/\",\"url\":\"https:\/\/nuevo-renacer.com\/wp-content\/uploads\/2024\/05\/cropped-LOGO-TERMINADO1-3-3.png\",\"contentUrl\":\"https:\/\/nuevo-renacer.com\/wp-content\/uploads\/2024\/05\/cropped-LOGO-TERMINADO1-3-3.png\",\"width\":512,\"height\":512,\"caption\":\"UFEC\"},\"image\":{\"@id\":\"https:\/\/nuevo-renacer.com\/#\/schema\/logo\/image\/\"},\"sameAs\":[\"https:\/\/www.facebook.com\/groups\/3431398063740829\"]}]}<\/script>\n<!-- \/ Yoast SEO Premium plugin. -->","yoast_head_json":{"title":"Galileo Galilei - Uni\u00f3n Esp\u00edrita","robots":{"index":"index","follow":"follow","max-snippet":"max-snippet:-1","max-image-preview":"max-image-preview:large","max-video-preview":"max-video-preview:-1"},"canonical":"https:\/\/nuevo-renacer.com\/en\/galileo-galilei\/","og_locale":"en_GB","og_type":"article","og_title":"Galileo Galilei","og_description":"Galileo Galilei En hermosas noches estrelladas y sin luna, todos han contemplado esa banda blanquecina que cruza el cielo de un extremo a otro y que los antiguos llamaban la V\u00eda L\u00e1ctea, por su aspecto lechoso. (&#8230;) As\u00ed comienza po\u00e9ticamente el punto 32 del cap\u00edtulo VI de El G\u00e9nesis. ) De esta manera po\u00e9tica comienza [&hellip;]","og_url":"https:\/\/nuevo-renacer.com\/en\/galileo-galilei\/","og_site_name":"Uni\u00f3n Esp\u00edrita","article_publisher":"https:\/\/www.facebook.com\/groups\/3431398063740829","article_modified_time":"2025-05-23T07:39:41+00:00","og_image":[{"width":450,"height":450,"url":"https:\/\/nuevo-renacer.com\/wp-content\/uploads\/2025\/05\/galileo.jpg","type":"image\/jpeg"}],"twitter_card":"summary_large_image","twitter_misc":{"Estimated reading time":"6 minutes"},"schema":{"@context":"https:\/\/schema.org","@graph":[{"@type":"WebPage","@id":"https:\/\/nuevo-renacer.com\/galileo-galilei\/","url":"https:\/\/nuevo-renacer.com\/galileo-galilei\/","name":"Galileo Galilei - Uni\u00f3n Esp\u00edrita","isPartOf":{"@id":"https:\/\/nuevo-renacer.com\/#website"},"primaryImageOfPage":{"@id":"https:\/\/nuevo-renacer.com\/galileo-galilei\/#primaryimage"},"image":{"@id":"https:\/\/nuevo-renacer.com\/galileo-galilei\/#primaryimage"},"thumbnailUrl":"https:\/\/nuevo-renacer.com\/wp-content\/uploads\/2025\/05\/galileo.jpg","datePublished":"2025-05-23T07:39:38+00:00","dateModified":"2025-05-23T07:39:41+00:00","breadcrumb":{"@id":"https:\/\/nuevo-renacer.com\/galileo-galilei\/#breadcrumb"},"inLanguage":"en-GB","potentialAction":[{"@type":"ReadAction","target":["https:\/\/nuevo-renacer.com\/galileo-galilei\/"]}]},{"@type":"ImageObject","inLanguage":"en-GB","@id":"https:\/\/nuevo-renacer.com\/galileo-galilei\/#primaryimage","url":"https:\/\/nuevo-renacer.com\/wp-content\/uploads\/2025\/05\/galileo.jpg","contentUrl":"https:\/\/nuevo-renacer.com\/wp-content\/uploads\/2025\/05\/galileo.jpg"},{"@type":"BreadcrumbList","@id":"https:\/\/nuevo-renacer.com\/galileo-galilei\/#breadcrumb","itemListElement":[{"@type":"ListItem","position":1,"name":"Startseite","item":"https:\/\/nuevo-renacer.com\/"},{"@type":"ListItem","position":2,"name":"Galileo Galilei"}]},{"@type":"WebSite","@id":"https:\/\/nuevo-renacer.com\/#website","url":"https:\/\/nuevo-renacer.com\/","name":"Uni\u00f3n Esp\u00edrita","description":"Nuevo Renacer","publisher":{"@id":"https:\/\/nuevo-renacer.com\/#organization"},"potentialAction":[{"@type":"SearchAction","target":{"@type":"EntryPoint","urlTemplate":"https:\/\/nuevo-renacer.com\/?s={search_term_string}"},"query-input":{"@type":"PropertyValueSpecification","valueRequired":true,"valueName":"search_term_string"}}],"inLanguage":"en-GB"},{"@type":"Organization","@id":"https:\/\/nuevo-renacer.com\/#organization","name":"UFEC","url":"https:\/\/nuevo-renacer.com\/","logo":{"@type":"ImageObject","inLanguage":"en-GB","@id":"https:\/\/nuevo-renacer.com\/#\/schema\/logo\/image\/","url":"https:\/\/nuevo-renacer.com\/wp-content\/uploads\/2024\/05\/cropped-LOGO-TERMINADO1-3-3.png","contentUrl":"https:\/\/nuevo-renacer.com\/wp-content\/uploads\/2024\/05\/cropped-LOGO-TERMINADO1-3-3.png","width":512,"height":512,"caption":"UFEC"},"image":{"@id":"https:\/\/nuevo-renacer.com\/#\/schema\/logo\/image\/"},"sameAs":["https:\/\/www.facebook.com\/groups\/3431398063740829"]}]}},"uagb_featured_image_src":{"full":false,"thumbnail":false,"medium":false,"medium_large":false,"large":false,"1536x1536":false,"2048x2048":false,"trp-custom-language-flag":false},"uagb_author_info":{"display_name":"adbv0","author_link":"https:\/\/nuevo-renacer.com\/en\/author\/adbv0\/"},"uagb_comment_info":0,"uagb_excerpt":"Galileo Galilei En hermosas noches estrelladas y sin luna, todos han contemplado esa banda blanquecina que cruza el cielo de un extremo a otro y que los antiguos llamaban la V\u00eda L\u00e1ctea, por su aspecto lechoso. (&#8230;) As\u00ed comienza po\u00e9ticamente el punto 32 del cap\u00edtulo VI de El G\u00e9nesis. ) De esta manera po\u00e9tica comienza&hellip;","jetpack_sharing_enabled":true,"_links":{"self":[{"href":"https:\/\/nuevo-renacer.com\/en\/wp-json\/wp\/v2\/pages\/8148","targetHints":{"allow":["GET"]}}],"collection":[{"href":"https:\/\/nuevo-renacer.com\/en\/wp-json\/wp\/v2\/pages"}],"about":[{"href":"https:\/\/nuevo-renacer.com\/en\/wp-json\/wp\/v2\/types\/page"}],"author":[{"embeddable":true,"href":"https:\/\/nuevo-renacer.com\/en\/wp-json\/wp\/v2\/users\/1"}],"replies":[{"embeddable":true,"href":"https:\/\/nuevo-renacer.com\/en\/wp-json\/wp\/v2\/comments?post=8148"}],"version-history":[{"count":1,"href":"https:\/\/nuevo-renacer.com\/en\/wp-json\/wp\/v2\/pages\/8148\/revisions"}],"predecessor-version":[{"id":8150,"href":"https:\/\/nuevo-renacer.com\/en\/wp-json\/wp\/v2\/pages\/8148\/revisions\/8150"}],"wp:attachment":[{"href":"https:\/\/nuevo-renacer.com\/en\/wp-json\/wp\/v2\/media?parent=8148"}],"curies":[{"name":"wp","href":"https:\/\/api.w.org\/{rel}","templated":true}]}}