{"id":8138,"date":"2025-05-20T10:46:34","date_gmt":"2025-05-20T10:46:34","guid":{"rendered":"https:\/\/nuevo-renacer.com\/?page_id=8138"},"modified":"2025-05-20T10:46:37","modified_gmt":"2025-05-20T10:46:37","slug":"dominique-francois-jean-arago","status":"publish","type":"page","link":"https:\/\/nuevo-renacer.com\/en\/dominique-francois-jean-arago\/","title":{"rendered":"Dominique Fran\u00e7ois Jean Arago"},"content":{"rendered":"<div class=\"wp-block-uagb-container uagb-block-df50bf9e alignfull uagb-is-root-container\"><div class=\"uagb-container-inner-blocks-wrap\">\n<p class=\"has-black-color has-text-color has-link-color has-medium-font-size wp-elements-bca444d890b7670f2036a7cd71c9a34d\"><strong>Dominique Fran\u00e7ois Jean Arago<\/strong><\/p>\n<\/div><\/div>\n\n\n\n<div class=\"wp-block-uagb-container uagb-block-53a49a0d alignfull uagb-is-root-container\"><div class=\"uagb-container-inner-blocks-wrap\">\n<figure class=\"wp-block-image size-full is-resized\"><img fetchpriority=\"high\" decoding=\"async\" width=\"776\" height=\"985\" src=\"https:\/\/nuevo-renacer.com\/wp-content\/uploads\/2025\/05\/Francois_Arago_par_Ary_Scheffer.jpg\" alt=\"\" class=\"wp-image-8139\" style=\"width:274px;height:auto\" srcset=\"https:\/\/nuevo-renacer.com\/wp-content\/uploads\/2025\/05\/Francois_Arago_par_Ary_Scheffer.jpg 776w, https:\/\/nuevo-renacer.com\/wp-content\/uploads\/2025\/05\/Francois_Arago_par_Ary_Scheffer-236x300.jpg 236w, https:\/\/nuevo-renacer.com\/wp-content\/uploads\/2025\/05\/Francois_Arago_par_Ary_Scheffer-768x975.jpg 768w, https:\/\/nuevo-renacer.com\/wp-content\/uploads\/2025\/05\/Francois_Arago_par_Ary_Scheffer-9x12.jpg 9w\" sizes=\"(max-width: 776px) 100vw, 776px\" \/><\/figure>\n<\/div><\/div>\n\n\n\n<div class=\"wp-block-uagb-container uagb-block-81b275b2 alignfull uagb-is-root-container\"><div class=\"uagb-container-inner-blocks-wrap\">\n<p class=\"has-black-color has-text-color has-link-color has-small-font-size wp-elements-d0bad8e87ffc1a6faee6f16fae376a73\">His message appears under point 8 of chapter XVIII of the fifth work of the Codification under the heading \u2018Signs of the Times\u2019. It honours the physicist and astronomer Dominique Fran\u00e7ois Jean Arago, who was also a mathematician. He was born on 26 February 1786 in Estagel (France), near Perpignan, where he began his studies. His brilliant mind soon continued at the Ecole Polytechnique in Paris.<\/p>\n\n\n\n<p class=\"has-black-color has-text-color has-link-color has-small-font-size wp-elements-6c02fd11dbbe94659cd387ea83fceac7\">At the age of 19, he was appointed secretary of the Paris Observatory (built in 1667 by the architect Claude Perrault and considered to be the oldest functioning observatory in the world) and later its director. At the age of 23, he became professor of analytical geometry at the Ecole Polytechnique in Paris and devoted himself exclusively to science until the age of 44. Together with Biot (Jean-Baptiste, French physicist and astronomer, born in Paris), he completed the measurement of an arc of the Earth's meridian. He experimentally confirmed the wave theory of light. He discovered (1820) the phenomenon of rotational magnetism and proved the connection between the northern lights and magnetic fluctuations.<\/p>\n\n\n\n<p class=\"has-black-color has-text-color has-link-color has-small-font-size wp-elements-4e9c9500468238c58ed5786b35c7a24d\">Together with Fresnel (Augustin-Jean, French physicist and engineer, born in Broglie), he discovered the chromatic polarisation of light, rotational polarisation and the laws of interference of polarised light. His complete works, comprising 13 volumes, were published after his death between 1854 and 1862. He is considered a great promoter of science among young people and an advocate of educational reform, freedom of the press and applied science.<\/p>\n\n\n\n<p class=\"has-black-color has-text-color has-link-color has-small-font-size wp-elements-b375199e0cda24f0332974056b1a77a5\">In 1825, the Royal Society of London is said to have awarded him the Copley Medal (Monsieur Geoffrey Copley), the Society's highest honour for scientific discoveries or work of great importance or for contributions to science. He married at the age of 25 and became a father three times.<\/p>\n\n\n\n<p class=\"has-black-color has-text-color has-link-color has-small-font-size wp-elements-f540d5dfc42d6708fd71ae0750a40610\">Politically, he was committed to the republican cause and held political offices in the government. As early as 1830, he was elected deputy for the department of Pyr\u00e9n\u00e9es-Orientales and later for Paris. In the provisional government that took power after the revolution of 1848, he was first Minister of the Navy and then Minister of War and introduced numerous reforms. As minister, he promulgated the decree abolishing slavery in the French colonies. France dedicated a stamp to him bearing the name of the physicist and politician. He died in Paris on 2 October 1853 and his body rests in the P\u00e8re-Lachaise cemetery in the French capital.<\/p>\n\n\n\n<p class=\"has-black-color has-text-color has-link-color has-small-font-size wp-elements-60a6d6632393b92b2bb93bc1459b2296\">That he fought for science and for a better social order is clear from the words that the codifier Allan Kardec inserted into Genesis: \u2018The effervescence that sometimes manifests itself in a whole population, among people of the same ethnic group, is neither something accidental nor the result of a whim; it has its cause in the laws of nature. This effervescence, which is at first unconscious, nothing more than a vague desire, an indefinite aspiration for something better, a certain need for change, leads to a dull restlessness, then to actions that lead to social revolutions, which, believe me, also have their periodicity, like physical revolutions, because everything is connected.\u2019<\/p>\n\n\n\n<p class=\"has-black-color has-text-color has-link-color has-small-font-size wp-elements-afad58b9c14316ddea42ef96c90a1543\">In Spirituality, with another vision, he concludes: \u2018When you are told that humanity has reached a period of transformation and that the Earth must ascend in the hierarchy of worlds, there is nothing mystical in these words; on the contrary, you see the execution of one of the great fateful laws of the universe, against which all human unwillingness breaks.\u2019<\/p>\n<\/div><\/div>\n\n\n\n<div class=\"wp-block-uagb-container uagb-block-fdea4dc0 alignfull uagb-is-root-container\"><div class=\"uagb-container-inner-blocks-wrap\"><\/div><\/div>\n\n\n\n<div class=\"wp-block-uagb-container uagb-block-29a24797 alignfull uagb-is-root-container\"><div class=\"uagb-container-inner-blocks-wrap\"><\/div><\/div>","protected":false},"excerpt":{"rendered":"<p>Dominique Fran\u00e7ois Jean Arago Su mensaje figura en el punto 8 del cap\u00edtulo XVIII de la quinta obra de la Codificaci\u00f3n, bajo el ep\u00edgrafe Signos de los tiempos. Reconoce al f\u00edsico y astr\u00f3nomo que fue Dominique Fran\u00e7ois Jean Arago, tambi\u00e9n matem\u00e1tico. De familia de profundas convicciones republicanas, naci\u00f3 el 26 de febrero de 1786 en [&hellip;]<\/p>","protected":false},"author":1,"featured_media":0,"parent":0,"menu_order":0,"comment_status":"closed","ping_status":"closed","template":"","meta":{"_uag_custom_page_level_css":"","site-sidebar-layout":"default","site-content-layout":"","ast-site-content-layout":"default","site-content-style":"default","site-sidebar-style":"default","ast-global-header-display":"","ast-banner-title-visibility":"","ast-main-header-display":"","ast-hfb-above-header-display":"","ast-hfb-below-header-display":"","ast-hfb-mobile-header-display":"","site-post-title":"disabled","ast-breadcrumbs-content":"","ast-featured-img":"","footer-sml-layout":"","theme-transparent-header-meta":"","adv-header-id-meta":"","stick-header-meta":"","header-above-stick-meta":"","header-main-stick-meta":"","header-below-stick-meta":"","astra-migrate-meta-layouts":"set","ast-page-background-enabled":"default","ast-page-background-meta":{"desktop":{"background-color":"var(--ast-global-color-4)","background-image":"","background-repeat":"repeat","background-position":"center center","background-size":"auto","background-attachment":"scroll","background-type":"","background-media":"","overlay-type":"","overlay-color":"","overlay-opacity":"","overlay-gradient":""},"tablet":{"background-color":"","background-image":"","background-repeat":"repeat","background-position":"center center","background-size":"auto","background-attachment":"scroll","background-type":"","background-media":"","overlay-type":"","overlay-color":"","overlay-opacity":"","overlay-gradient":""},"mobile":{"background-color":"","background-image":"","background-repeat":"repeat","background-position":"center center","background-size":"auto","background-attachment":"scroll","background-type":"","background-media":"","overlay-type":"","overlay-color":"","overlay-opacity":"","overlay-gradient":""}},"ast-content-background-meta":{"desktop":{"background-color":"var(--ast-global-color-5)","background-image":"","background-repeat":"repeat","background-position":"center center","background-size":"auto","background-attachment":"scroll","background-type":"","background-media":"","overlay-type":"","overlay-color":"","overlay-opacity":"","overlay-gradient":""},"tablet":{"background-color":"var(--ast-global-color-5)","background-image":"","background-repeat":"repeat","background-position":"center center","background-size":"auto","background-attachment":"scroll","background-type":"","background-media":"","overlay-type":"","overlay-color":"","overlay-opacity":"","overlay-gradient":""},"mobile":{"background-color":"var(--ast-global-color-5)","background-image":"","background-repeat":"repeat","background-position":"center center","background-size":"auto","background-attachment":"scroll","background-type":"","background-media":"","overlay-type":"","overlay-color":"","overlay-opacity":"","overlay-gradient":""}},"footnotes":""},"class_list":["post-8138","page","type-page","status-publish","hentry"],"yoast_head":"<!-- This site is optimized with the Yoast SEO Premium plugin v24.2 (Yoast SEO v24.6) - https:\/\/yoast.com\/wordpress\/plugins\/seo\/ -->\n<title>Dominique Fran\u00e7ois Jean Arago - Uni\u00f3n Esp\u00edrita<\/title>\n<meta name=\"robots\" content=\"index, follow, max-snippet:-1, max-image-preview:large, max-video-preview:-1\" \/>\n<link rel=\"canonical\" href=\"https:\/\/nuevo-renacer.com\/en\/dominique-francois-jean-arago\/\" \/>\n<meta property=\"og:locale\" content=\"en_GB\" \/>\n<meta property=\"og:type\" content=\"article\" \/>\n<meta property=\"og:title\" content=\"Dominique Fran\u00e7ois Jean Arago\" \/>\n<meta property=\"og:description\" content=\"Dominique Fran\u00e7ois Jean Arago Su mensaje figura en el punto 8 del cap\u00edtulo XVIII de la quinta obra de la Codificaci\u00f3n, bajo el ep\u00edgrafe Signos de los tiempos. Reconoce al f\u00edsico y astr\u00f3nomo que fue Dominique Fran\u00e7ois Jean Arago, tambi\u00e9n matem\u00e1tico. De familia de profundas convicciones republicanas, naci\u00f3 el 26 de febrero de 1786 en [&hellip;]\" \/>\n<meta property=\"og:url\" content=\"https:\/\/nuevo-renacer.com\/en\/dominique-francois-jean-arago\/\" \/>\n<meta property=\"og:site_name\" content=\"Uni\u00f3n Esp\u00edrita\" \/>\n<meta property=\"article:publisher\" content=\"https:\/\/www.facebook.com\/groups\/3431398063740829\" \/>\n<meta property=\"article:modified_time\" content=\"2025-05-20T10:46:37+00:00\" \/>\n<meta property=\"og:image\" content=\"https:\/\/nuevo-renacer.com\/wp-content\/uploads\/2025\/05\/Francois_Arago_par_Ary_Scheffer.jpg\" \/>\n\t<meta property=\"og:image:width\" content=\"776\" \/>\n\t<meta property=\"og:image:height\" content=\"985\" \/>\n\t<meta property=\"og:image:type\" content=\"image\/jpeg\" \/>\n<meta name=\"twitter:card\" content=\"summary_large_image\" \/>\n<meta name=\"twitter:label1\" content=\"Estimated reading time\" \/>\n\t<meta name=\"twitter:data1\" content=\"4 minutes\" \/>\n<script type=\"application\/ld+json\" class=\"yoast-schema-graph\">{\"@context\":\"https:\/\/schema.org\",\"@graph\":[{\"@type\":\"WebPage\",\"@id\":\"https:\/\/nuevo-renacer.com\/dominique-francois-jean-arago\/\",\"url\":\"https:\/\/nuevo-renacer.com\/dominique-francois-jean-arago\/\",\"name\":\"Dominique Fran\u00e7ois Jean Arago - Uni\u00f3n Esp\u00edrita\",\"isPartOf\":{\"@id\":\"https:\/\/nuevo-renacer.com\/#website\"},\"primaryImageOfPage\":{\"@id\":\"https:\/\/nuevo-renacer.com\/dominique-francois-jean-arago\/#primaryimage\"},\"image\":{\"@id\":\"https:\/\/nuevo-renacer.com\/dominique-francois-jean-arago\/#primaryimage\"},\"thumbnailUrl\":\"https:\/\/nuevo-renacer.com\/wp-content\/uploads\/2025\/05\/Francois_Arago_par_Ary_Scheffer.jpg\",\"datePublished\":\"2025-05-20T10:46:34+00:00\",\"dateModified\":\"2025-05-20T10:46:37+00:00\",\"breadcrumb\":{\"@id\":\"https:\/\/nuevo-renacer.com\/dominique-francois-jean-arago\/#breadcrumb\"},\"inLanguage\":\"en-GB\",\"potentialAction\":[{\"@type\":\"ReadAction\",\"target\":[\"https:\/\/nuevo-renacer.com\/dominique-francois-jean-arago\/\"]}]},{\"@type\":\"ImageObject\",\"inLanguage\":\"en-GB\",\"@id\":\"https:\/\/nuevo-renacer.com\/dominique-francois-jean-arago\/#primaryimage\",\"url\":\"https:\/\/nuevo-renacer.com\/wp-content\/uploads\/2025\/05\/Francois_Arago_par_Ary_Scheffer.jpg\",\"contentUrl\":\"https:\/\/nuevo-renacer.com\/wp-content\/uploads\/2025\/05\/Francois_Arago_par_Ary_Scheffer.jpg\"},{\"@type\":\"BreadcrumbList\",\"@id\":\"https:\/\/nuevo-renacer.com\/dominique-francois-jean-arago\/#breadcrumb\",\"itemListElement\":[{\"@type\":\"ListItem\",\"position\":1,\"name\":\"Startseite\",\"item\":\"https:\/\/nuevo-renacer.com\/\"},{\"@type\":\"ListItem\",\"position\":2,\"name\":\"Dominique Fran\u00e7ois Jean Arago\"}]},{\"@type\":\"WebSite\",\"@id\":\"https:\/\/nuevo-renacer.com\/#website\",\"url\":\"https:\/\/nuevo-renacer.com\/\",\"name\":\"Uni\u00f3n Esp\u00edrita\",\"description\":\"Nuevo Renacer\",\"publisher\":{\"@id\":\"https:\/\/nuevo-renacer.com\/#organization\"},\"potentialAction\":[{\"@type\":\"SearchAction\",\"target\":{\"@type\":\"EntryPoint\",\"urlTemplate\":\"https:\/\/nuevo-renacer.com\/?s={search_term_string}\"},\"query-input\":{\"@type\":\"PropertyValueSpecification\",\"valueRequired\":true,\"valueName\":\"search_term_string\"}}],\"inLanguage\":\"en-GB\"},{\"@type\":\"Organization\",\"@id\":\"https:\/\/nuevo-renacer.com\/#organization\",\"name\":\"UFEC\",\"url\":\"https:\/\/nuevo-renacer.com\/\",\"logo\":{\"@type\":\"ImageObject\",\"inLanguage\":\"en-GB\",\"@id\":\"https:\/\/nuevo-renacer.com\/#\/schema\/logo\/image\/\",\"url\":\"https:\/\/nuevo-renacer.com\/wp-content\/uploads\/2024\/05\/cropped-LOGO-TERMINADO1-3-3.png\",\"contentUrl\":\"https:\/\/nuevo-renacer.com\/wp-content\/uploads\/2024\/05\/cropped-LOGO-TERMINADO1-3-3.png\",\"width\":512,\"height\":512,\"caption\":\"UFEC\"},\"image\":{\"@id\":\"https:\/\/nuevo-renacer.com\/#\/schema\/logo\/image\/\"},\"sameAs\":[\"https:\/\/www.facebook.com\/groups\/3431398063740829\"]}]}<\/script>\n<!-- \/ Yoast SEO Premium plugin. -->","yoast_head_json":{"title":"Dominique Fran\u00e7ois Jean Arago - Uni\u00f3n Esp\u00edrita","robots":{"index":"index","follow":"follow","max-snippet":"max-snippet:-1","max-image-preview":"max-image-preview:large","max-video-preview":"max-video-preview:-1"},"canonical":"https:\/\/nuevo-renacer.com\/en\/dominique-francois-jean-arago\/","og_locale":"en_GB","og_type":"article","og_title":"Dominique Fran\u00e7ois Jean Arago","og_description":"Dominique Fran\u00e7ois Jean Arago Su mensaje figura en el punto 8 del cap\u00edtulo XVIII de la quinta obra de la Codificaci\u00f3n, bajo el ep\u00edgrafe Signos de los tiempos. Reconoce al f\u00edsico y astr\u00f3nomo que fue Dominique Fran\u00e7ois Jean Arago, tambi\u00e9n matem\u00e1tico. De familia de profundas convicciones republicanas, naci\u00f3 el 26 de febrero de 1786 en [&hellip;]","og_url":"https:\/\/nuevo-renacer.com\/en\/dominique-francois-jean-arago\/","og_site_name":"Uni\u00f3n Esp\u00edrita","article_publisher":"https:\/\/www.facebook.com\/groups\/3431398063740829","article_modified_time":"2025-05-20T10:46:37+00:00","og_image":[{"width":776,"height":985,"url":"https:\/\/nuevo-renacer.com\/wp-content\/uploads\/2025\/05\/Francois_Arago_par_Ary_Scheffer.jpg","type":"image\/jpeg"}],"twitter_card":"summary_large_image","twitter_misc":{"Estimated reading time":"4 minutes"},"schema":{"@context":"https:\/\/schema.org","@graph":[{"@type":"WebPage","@id":"https:\/\/nuevo-renacer.com\/dominique-francois-jean-arago\/","url":"https:\/\/nuevo-renacer.com\/dominique-francois-jean-arago\/","name":"Dominique Fran\u00e7ois Jean Arago - Uni\u00f3n Esp\u00edrita","isPartOf":{"@id":"https:\/\/nuevo-renacer.com\/#website"},"primaryImageOfPage":{"@id":"https:\/\/nuevo-renacer.com\/dominique-francois-jean-arago\/#primaryimage"},"image":{"@id":"https:\/\/nuevo-renacer.com\/dominique-francois-jean-arago\/#primaryimage"},"thumbnailUrl":"https:\/\/nuevo-renacer.com\/wp-content\/uploads\/2025\/05\/Francois_Arago_par_Ary_Scheffer.jpg","datePublished":"2025-05-20T10:46:34+00:00","dateModified":"2025-05-20T10:46:37+00:00","breadcrumb":{"@id":"https:\/\/nuevo-renacer.com\/dominique-francois-jean-arago\/#breadcrumb"},"inLanguage":"en-GB","potentialAction":[{"@type":"ReadAction","target":["https:\/\/nuevo-renacer.com\/dominique-francois-jean-arago\/"]}]},{"@type":"ImageObject","inLanguage":"en-GB","@id":"https:\/\/nuevo-renacer.com\/dominique-francois-jean-arago\/#primaryimage","url":"https:\/\/nuevo-renacer.com\/wp-content\/uploads\/2025\/05\/Francois_Arago_par_Ary_Scheffer.jpg","contentUrl":"https:\/\/nuevo-renacer.com\/wp-content\/uploads\/2025\/05\/Francois_Arago_par_Ary_Scheffer.jpg"},{"@type":"BreadcrumbList","@id":"https:\/\/nuevo-renacer.com\/dominique-francois-jean-arago\/#breadcrumb","itemListElement":[{"@type":"ListItem","position":1,"name":"Startseite","item":"https:\/\/nuevo-renacer.com\/"},{"@type":"ListItem","position":2,"name":"Dominique Fran\u00e7ois Jean Arago"}]},{"@type":"WebSite","@id":"https:\/\/nuevo-renacer.com\/#website","url":"https:\/\/nuevo-renacer.com\/","name":"Uni\u00f3n Esp\u00edrita","description":"Nuevo Renacer","publisher":{"@id":"https:\/\/nuevo-renacer.com\/#organization"},"potentialAction":[{"@type":"SearchAction","target":{"@type":"EntryPoint","urlTemplate":"https:\/\/nuevo-renacer.com\/?s={search_term_string}"},"query-input":{"@type":"PropertyValueSpecification","valueRequired":true,"valueName":"search_term_string"}}],"inLanguage":"en-GB"},{"@type":"Organization","@id":"https:\/\/nuevo-renacer.com\/#organization","name":"UFEC","url":"https:\/\/nuevo-renacer.com\/","logo":{"@type":"ImageObject","inLanguage":"en-GB","@id":"https:\/\/nuevo-renacer.com\/#\/schema\/logo\/image\/","url":"https:\/\/nuevo-renacer.com\/wp-content\/uploads\/2024\/05\/cropped-LOGO-TERMINADO1-3-3.png","contentUrl":"https:\/\/nuevo-renacer.com\/wp-content\/uploads\/2024\/05\/cropped-LOGO-TERMINADO1-3-3.png","width":512,"height":512,"caption":"UFEC"},"image":{"@id":"https:\/\/nuevo-renacer.com\/#\/schema\/logo\/image\/"},"sameAs":["https:\/\/www.facebook.com\/groups\/3431398063740829"]}]}},"uagb_featured_image_src":{"full":false,"thumbnail":false,"medium":false,"medium_large":false,"large":false,"1536x1536":false,"2048x2048":false,"trp-custom-language-flag":false},"uagb_author_info":{"display_name":"adbv0","author_link":"https:\/\/nuevo-renacer.com\/en\/author\/adbv0\/"},"uagb_comment_info":0,"uagb_excerpt":"Dominique Fran\u00e7ois Jean Arago Su mensaje figura en el punto 8 del cap\u00edtulo XVIII de la quinta obra de la Codificaci\u00f3n, bajo el ep\u00edgrafe Signos de los tiempos. Reconoce al f\u00edsico y astr\u00f3nomo que fue Dominique Fran\u00e7ois Jean Arago, tambi\u00e9n matem\u00e1tico. De familia de profundas convicciones republicanas, naci\u00f3 el 26 de febrero de 1786 en&hellip;","jetpack_sharing_enabled":true,"_links":{"self":[{"href":"https:\/\/nuevo-renacer.com\/en\/wp-json\/wp\/v2\/pages\/8138","targetHints":{"allow":["GET"]}}],"collection":[{"href":"https:\/\/nuevo-renacer.com\/en\/wp-json\/wp\/v2\/pages"}],"about":[{"href":"https:\/\/nuevo-renacer.com\/en\/wp-json\/wp\/v2\/types\/page"}],"author":[{"embeddable":true,"href":"https:\/\/nuevo-renacer.com\/en\/wp-json\/wp\/v2\/users\/1"}],"replies":[{"embeddable":true,"href":"https:\/\/nuevo-renacer.com\/en\/wp-json\/wp\/v2\/comments?post=8138"}],"version-history":[{"count":1,"href":"https:\/\/nuevo-renacer.com\/en\/wp-json\/wp\/v2\/pages\/8138\/revisions"}],"predecessor-version":[{"id":8140,"href":"https:\/\/nuevo-renacer.com\/en\/wp-json\/wp\/v2\/pages\/8138\/revisions\/8140"}],"wp:attachment":[{"href":"https:\/\/nuevo-renacer.com\/en\/wp-json\/wp\/v2\/media?parent=8138"}],"curies":[{"name":"wp","href":"https:\/\/api.w.org\/{rel}","templated":true}]}}