{"id":8104,"date":"2025-05-15T06:33:57","date_gmt":"2025-05-15T06:33:57","guid":{"rendered":"https:\/\/nuevo-renacer.com\/?page_id=8104"},"modified":"2025-05-15T06:34:00","modified_gmt":"2025-05-15T06:34:00","slug":"emanuel-von-swedenborg","status":"publish","type":"page","link":"https:\/\/nuevo-renacer.com\/en\/emanuel-von-swedenborg\/","title":{"rendered":"Emanuel von Swedenborg"},"content":{"rendered":"<p><a href=\"https:\/\/www.projekt-gutenberg.org\/autoren\/namen\/swedborg.html\"><\/a><\/p>\n\n\n\n<p><a href=\"https:\/\/www.projekt-gutenberg.org\/autoren\/namen\/swedborg.html\"><\/a><\/p>\n\n\n\n<div class=\"wp-block-uagb-container uagb-block-449f88e2 alignfull uagb-is-root-container\"><div class=\"uagb-container-inner-blocks-wrap\">\n<p class=\"has-black-color has-text-color has-link-color has-medium-font-size wp-elements-19ef7e0e4bef8d4b717d71c1add68522\"><strong>Emanuel von Swedenborg<\/strong><\/p>\n<\/div><\/div>\n\n\n\n<div class=\"wp-block-uagb-container uagb-block-e8995034 alignfull uagb-is-root-container\"><div class=\"uagb-container-inner-blocks-wrap\">\n<figure class=\"wp-block-image size-large is-resized\"><img fetchpriority=\"high\" decoding=\"async\" width=\"797\" height=\"1024\" src=\"https:\/\/nuevo-renacer.com\/wp-content\/uploads\/2025\/05\/Swedenborg-797x1024.webp\" alt=\"\" class=\"wp-image-8105\" style=\"width:249px;height:auto\" srcset=\"https:\/\/nuevo-renacer.com\/wp-content\/uploads\/2025\/05\/Swedenborg-797x1024.webp 797w, https:\/\/nuevo-renacer.com\/wp-content\/uploads\/2025\/05\/Swedenborg-233x300.webp 233w, https:\/\/nuevo-renacer.com\/wp-content\/uploads\/2025\/05\/Swedenborg-768x987.webp 768w, https:\/\/nuevo-renacer.com\/wp-content\/uploads\/2025\/05\/Swedenborg-1195x1536.webp 1195w, https:\/\/nuevo-renacer.com\/wp-content\/uploads\/2025\/05\/Swedenborg-9x12.webp 9w, https:\/\/nuevo-renacer.com\/wp-content\/uploads\/2025\/05\/Swedenborg.webp 1200w\" sizes=\"(max-width: 797px) 100vw, 797px\" \/><\/figure>\n<\/div><\/div>\n\n\n\n<div class=\"wp-block-uagb-container uagb-block-7ad3f6f1 alignfull uagb-is-root-container\"><div class=\"uagb-container-inner-blocks-wrap\">\n<p class=\"has-black-color has-text-color has-link-color has-small-font-size wp-elements-66a8e1e8b6c60f848b6340c0cf06b018\">Arthur Conan Doyle referred to him as the greatest and highest human intelligence. In fact, Emanuel von Swedenborg, born in Stockholm on 29 January 1688, the son of a bishop of the Swedish Lutheran Church, lived in an austere evangelical environment for some years of his life. He was a profound biblical scholar.<\/p>\n\n\n\n<p class=\"has-black-color has-text-color has-link-color has-small-font-size wp-elements-c50ed4679f9c6efeb23f092f5ea02371\">He studied in Uppsala and visited Germany, France, Holland and England to broaden his knowledge of mathematics, mechanics, astronomy, geology and mineralogy.<\/p>\n\n\n\n<p class=\"has-black-color has-text-color has-link-color has-small-font-size wp-elements-e15e2a4476ca1731a51a2d0de2516587\">At the age of 22 he published a volume of Latin verse and at 28 was appointed mining adviser to the Swedish government. As versatile as Leonardo da Vinci, he created mechanical devices for transporting ships over land, analysed the economics of currency, the production and cost of alcohol, the application of the decimal system, the relationship between imports and exports, and the national economy.<\/p>\n\n\n\n<p class=\"has-black-color has-text-color has-link-color has-small-font-size wp-elements-92ae5de49ef849440c49b44b1828e31b\">In his early 30s, he turned to palaeontology, geology, the study of fossils and even developed an advanced theory of nebular expansion to explain the origin of the solar system. He also devoted himself to the study of medicine and physiology. He was fluent in Latin, Greek and English, in addition to his mother tongue, and even studied Hebrew to undertake a reinterpretation of the Old and New Testaments.<\/p>\n\n\n\n<p class=\"has-black-color has-text-color has-link-color has-small-font-size wp-elements-0b9ad2c09b41f4a968e7fa416070bd55\">The first part of his life was focused on his intellect. However, although he continued to have visions as a child, it was in April 1744 that he began a new phase, that of research in search of knowledge of the human soul in relation to God and the Universe within the framework of the Christian idea.<\/p>\n\n\n\n<p class=\"has-black-color has-text-color has-link-color has-small-font-size wp-elements-cc660cb969ae22b31e76bd179943b9ac\">In his words, ...the world of spirits, of heaven and hell, was convincingly opened to me, and there I met with many acquaintances and people of every condition. From then on, the Lord opened the eyes of my Spirit every day to see, perfectly awake, what was happening in the other world and to converse, in full consciousness, with angels and spirits.<\/p>\n\n\n\n<p class=\"has-black-color has-text-color has-link-color has-small-font-size wp-elements-8bb83777b45b22fd73de45cb74347987\">Considered one of the forerunners of spiritualist ideas, in his works Heaven and Hell, The New Jerusalem and Arcana Caelestia he described the process of death and the world beyond, detailing its structure. He spoke of houses where families lived, temples where they worshipped, auditoriums where they met for social purposes. He described various spheres, representing the degrees of luminosity and happiness of the spirits. He asserted that there were no angels or demons, but simply human beings who had emerged from the flesh in a retarded or highly developed state. He dismissed the possibility of eternal punishment.<\/p>\n\n\n\n<p class=\"has-black-color has-text-color has-link-color has-small-font-size wp-elements-4da05823e73859780fe1e09f8a620589\">His claims of spirit contact and psychic experiences, including double vision, brought him friends and adversaries. His long-distance visions, such as the one that took place on 19 July 1759 in the city of Gothenburg, 300 miles from the Swedish capital, were investigated in detail. That night, Swedenborg dined with the family of William Castell, along with some fifteen other people, and described, pale and alarmed, the fire that had broken out at three in the afternoon and was brought under control at eight in the evening, three doors away from his own house. That day was Saturday and it was not until Tuesday that an actual message confirmed the facts, including the detail that it had been extinguished at 8pm.<\/p>\n\n\n\n<p class=\"has-black-color has-text-color has-link-color has-small-font-size wp-elements-5feb96a2d0f3052e1483e19e4d50dbee\">This extraordinary man, energetic as a child and affable in his old age, was kind and serene. Practical and hard-working, he was tall, slim, blue-eyed and always impeccable in his shoulder-length wig, dark clothes, short trousers, buckled shoes and walking stick.<\/p>\n\n\n\n<p class=\"has-black-color has-text-color has-link-color has-small-font-size wp-elements-772c6f9774fcfbd5fe49d8cea1feb63b\">He died on 29 March 1772 in London, the city where he lived for many years and where he began his mediumship. 72 years later, one afternoon in March 1844, he introduced himself to a young man named Andrew Jackson Davis as one of his mentors, along with the Spirit Galen, and began to advise him in his mediumistic journey.<\/p>\n\n\n\n<p class=\"has-black-color has-text-color has-link-color has-small-font-size wp-elements-4c4596468766296588f6094f9b8eefe5\">In the Spiritist Codification, his name appears in the Prolegomena, attesting his effective participation as a member of the Spirit of Truth team, contributing to the installation of the Third Revelation among men.<\/p>\n<\/div><\/div>\n\n\n\n<div class=\"wp-block-uagb-container uagb-block-575ebb36 alignfull uagb-is-root-container\"><div class=\"uagb-container-inner-blocks-wrap\"><\/div><\/div>\n\n\n\n<div class=\"wp-block-uagb-container uagb-block-34de665f alignfull uagb-is-root-container\"><div class=\"uagb-container-inner-blocks-wrap\"><\/div><\/div>","protected":false},"excerpt":{"rendered":"<p>Emanuel von Swedenborg Arthur Conan Doyle se refiri\u00f3 a \u00e9l como la mayor y m\u00e1s elevada inteligencia humana. De hecho, Emanuel von Swedenborg, nacido en Estocolmo el 29 de enero de 1688, hijo de un obispo de la Iglesia luterana sueca, vivi\u00f3 en un austero ambiente evang\u00e9lico durante algunos a\u00f1os de su vida. Fue un [&hellip;]<\/p>","protected":false},"author":1,"featured_media":0,"parent":0,"menu_order":0,"comment_status":"closed","ping_status":"closed","template":"","meta":{"_uag_custom_page_level_css":"","site-sidebar-layout":"default","site-content-layout":"","ast-site-content-layout":"default","site-content-style":"default","site-sidebar-style":"default","ast-global-header-display":"","ast-banner-title-visibility":"","ast-main-header-display":"","ast-hfb-above-header-display":"","ast-hfb-below-header-display":"","ast-hfb-mobile-header-display":"","site-post-title":"disabled","ast-breadcrumbs-content":"","ast-featured-img":"","footer-sml-layout":"","theme-transparent-header-meta":"","adv-header-id-meta":"","stick-header-meta":"","header-above-stick-meta":"","header-main-stick-meta":"","header-below-stick-meta":"","astra-migrate-meta-layouts":"set","ast-page-background-enabled":"default","ast-page-background-meta":{"desktop":{"background-color":"var(--ast-global-color-4)","background-image":"","background-repeat":"repeat","background-position":"center center","background-size":"auto","background-attachment":"scroll","background-type":"","background-media":"","overlay-type":"","overlay-color":"","overlay-opacity":"","overlay-gradient":""},"tablet":{"background-color":"","background-image":"","background-repeat":"repeat","background-position":"center center","background-size":"auto","background-attachment":"scroll","background-type":"","background-media":"","overlay-type":"","overlay-color":"","overlay-opacity":"","overlay-gradient":""},"mobile":{"background-color":"","background-image":"","background-repeat":"repeat","background-position":"center center","background-size":"auto","background-attachment":"scroll","background-type":"","background-media":"","overlay-type":"","overlay-color":"","overlay-opacity":"","overlay-gradient":""}},"ast-content-background-meta":{"desktop":{"background-color":"var(--ast-global-color-5)","background-image":"","background-repeat":"repeat","background-position":"center center","background-size":"auto","background-attachment":"scroll","background-type":"","background-media":"","overlay-type":"","overlay-color":"","overlay-opacity":"","overlay-gradient":""},"tablet":{"background-color":"var(--ast-global-color-5)","background-image":"","background-repeat":"repeat","background-position":"center center","background-size":"auto","background-attachment":"scroll","background-type":"","background-media":"","overlay-type":"","overlay-color":"","overlay-opacity":"","overlay-gradient":""},"mobile":{"background-color":"var(--ast-global-color-5)","background-image":"","background-repeat":"repeat","background-position":"center center","background-size":"auto","background-attachment":"scroll","background-type":"","background-media":"","overlay-type":"","overlay-color":"","overlay-opacity":"","overlay-gradient":""}},"footnotes":""},"class_list":["post-8104","page","type-page","status-publish","hentry"],"yoast_head":"<!-- This site is optimized with the Yoast SEO Premium plugin v24.2 (Yoast SEO v24.6) - https:\/\/yoast.com\/wordpress\/plugins\/seo\/ -->\n<title>Emanuel von Swedenborg - Uni\u00f3n Esp\u00edrita<\/title>\n<meta name=\"robots\" content=\"index, follow, max-snippet:-1, max-image-preview:large, max-video-preview:-1\" \/>\n<link rel=\"canonical\" href=\"https:\/\/nuevo-renacer.com\/en\/emanuel-von-swedenborg\/\" \/>\n<meta property=\"og:locale\" content=\"en_GB\" \/>\n<meta property=\"og:type\" content=\"article\" \/>\n<meta property=\"og:title\" content=\"Emanuel von Swedenborg\" \/>\n<meta property=\"og:description\" content=\"Emanuel von Swedenborg Arthur Conan Doyle se refiri\u00f3 a \u00e9l como la mayor y m\u00e1s elevada inteligencia humana. De hecho, Emanuel von Swedenborg, nacido en Estocolmo el 29 de enero de 1688, hijo de un obispo de la Iglesia luterana sueca, vivi\u00f3 en un austero ambiente evang\u00e9lico durante algunos a\u00f1os de su vida. Fue un [&hellip;]\" \/>\n<meta property=\"og:url\" content=\"https:\/\/nuevo-renacer.com\/en\/emanuel-von-swedenborg\/\" \/>\n<meta property=\"og:site_name\" content=\"Uni\u00f3n Esp\u00edrita\" \/>\n<meta property=\"article:publisher\" content=\"https:\/\/www.facebook.com\/groups\/3431398063740829\" \/>\n<meta property=\"article:modified_time\" content=\"2025-05-15T06:34:00+00:00\" \/>\n<meta property=\"og:image\" content=\"https:\/\/nuevo-renacer.com\/wp-content\/uploads\/2025\/05\/Swedenborg.webp\" \/>\n\t<meta property=\"og:image:width\" content=\"1200\" \/>\n\t<meta property=\"og:image:height\" content=\"1542\" \/>\n\t<meta property=\"og:image:type\" content=\"image\/webp\" \/>\n<meta name=\"twitter:card\" content=\"summary_large_image\" \/>\n<meta name=\"twitter:label1\" content=\"Estimated reading time\" \/>\n\t<meta name=\"twitter:data1\" content=\"5 minutes\" \/>\n<script type=\"application\/ld+json\" class=\"yoast-schema-graph\">{\"@context\":\"https:\/\/schema.org\",\"@graph\":[{\"@type\":\"WebPage\",\"@id\":\"https:\/\/nuevo-renacer.com\/emanuel-von-swedenborg\/\",\"url\":\"https:\/\/nuevo-renacer.com\/emanuel-von-swedenborg\/\",\"name\":\"Emanuel von Swedenborg - Uni\u00f3n Esp\u00edrita\",\"isPartOf\":{\"@id\":\"https:\/\/nuevo-renacer.com\/#website\"},\"primaryImageOfPage\":{\"@id\":\"https:\/\/nuevo-renacer.com\/emanuel-von-swedenborg\/#primaryimage\"},\"image\":{\"@id\":\"https:\/\/nuevo-renacer.com\/emanuel-von-swedenborg\/#primaryimage\"},\"thumbnailUrl\":\"https:\/\/nuevo-renacer.com\/wp-content\/uploads\/2025\/05\/Swedenborg-797x1024.webp\",\"datePublished\":\"2025-05-15T06:33:57+00:00\",\"dateModified\":\"2025-05-15T06:34:00+00:00\",\"breadcrumb\":{\"@id\":\"https:\/\/nuevo-renacer.com\/emanuel-von-swedenborg\/#breadcrumb\"},\"inLanguage\":\"en-GB\",\"potentialAction\":[{\"@type\":\"ReadAction\",\"target\":[\"https:\/\/nuevo-renacer.com\/emanuel-von-swedenborg\/\"]}]},{\"@type\":\"ImageObject\",\"inLanguage\":\"en-GB\",\"@id\":\"https:\/\/nuevo-renacer.com\/emanuel-von-swedenborg\/#primaryimage\",\"url\":\"https:\/\/nuevo-renacer.com\/wp-content\/uploads\/2025\/05\/Swedenborg-797x1024.webp\",\"contentUrl\":\"https:\/\/nuevo-renacer.com\/wp-content\/uploads\/2025\/05\/Swedenborg-797x1024.webp\"},{\"@type\":\"BreadcrumbList\",\"@id\":\"https:\/\/nuevo-renacer.com\/emanuel-von-swedenborg\/#breadcrumb\",\"itemListElement\":[{\"@type\":\"ListItem\",\"position\":1,\"name\":\"Startseite\",\"item\":\"https:\/\/nuevo-renacer.com\/\"},{\"@type\":\"ListItem\",\"position\":2,\"name\":\"Emanuel von Swedenborg\"}]},{\"@type\":\"WebSite\",\"@id\":\"https:\/\/nuevo-renacer.com\/#website\",\"url\":\"https:\/\/nuevo-renacer.com\/\",\"name\":\"Uni\u00f3n Esp\u00edrita\",\"description\":\"Nuevo Renacer\",\"publisher\":{\"@id\":\"https:\/\/nuevo-renacer.com\/#organization\"},\"potentialAction\":[{\"@type\":\"SearchAction\",\"target\":{\"@type\":\"EntryPoint\",\"urlTemplate\":\"https:\/\/nuevo-renacer.com\/?s={search_term_string}\"},\"query-input\":{\"@type\":\"PropertyValueSpecification\",\"valueRequired\":true,\"valueName\":\"search_term_string\"}}],\"inLanguage\":\"en-GB\"},{\"@type\":\"Organization\",\"@id\":\"https:\/\/nuevo-renacer.com\/#organization\",\"name\":\"UFEC\",\"url\":\"https:\/\/nuevo-renacer.com\/\",\"logo\":{\"@type\":\"ImageObject\",\"inLanguage\":\"en-GB\",\"@id\":\"https:\/\/nuevo-renacer.com\/#\/schema\/logo\/image\/\",\"url\":\"https:\/\/nuevo-renacer.com\/wp-content\/uploads\/2024\/05\/cropped-LOGO-TERMINADO1-3-3.png\",\"contentUrl\":\"https:\/\/nuevo-renacer.com\/wp-content\/uploads\/2024\/05\/cropped-LOGO-TERMINADO1-3-3.png\",\"width\":512,\"height\":512,\"caption\":\"UFEC\"},\"image\":{\"@id\":\"https:\/\/nuevo-renacer.com\/#\/schema\/logo\/image\/\"},\"sameAs\":[\"https:\/\/www.facebook.com\/groups\/3431398063740829\"]}]}<\/script>\n<!-- \/ Yoast SEO Premium plugin. -->","yoast_head_json":{"title":"Emanuel von Swedenborg - Uni\u00f3n Esp\u00edrita","robots":{"index":"index","follow":"follow","max-snippet":"max-snippet:-1","max-image-preview":"max-image-preview:large","max-video-preview":"max-video-preview:-1"},"canonical":"https:\/\/nuevo-renacer.com\/en\/emanuel-von-swedenborg\/","og_locale":"en_GB","og_type":"article","og_title":"Emanuel von Swedenborg","og_description":"Emanuel von Swedenborg Arthur Conan Doyle se refiri\u00f3 a \u00e9l como la mayor y m\u00e1s elevada inteligencia humana. De hecho, Emanuel von Swedenborg, nacido en Estocolmo el 29 de enero de 1688, hijo de un obispo de la Iglesia luterana sueca, vivi\u00f3 en un austero ambiente evang\u00e9lico durante algunos a\u00f1os de su vida. Fue un [&hellip;]","og_url":"https:\/\/nuevo-renacer.com\/en\/emanuel-von-swedenborg\/","og_site_name":"Uni\u00f3n Esp\u00edrita","article_publisher":"https:\/\/www.facebook.com\/groups\/3431398063740829","article_modified_time":"2025-05-15T06:34:00+00:00","og_image":[{"width":1200,"height":1542,"url":"https:\/\/nuevo-renacer.com\/wp-content\/uploads\/2025\/05\/Swedenborg.webp","type":"image\/webp"}],"twitter_card":"summary_large_image","twitter_misc":{"Estimated reading time":"5 minutes"},"schema":{"@context":"https:\/\/schema.org","@graph":[{"@type":"WebPage","@id":"https:\/\/nuevo-renacer.com\/emanuel-von-swedenborg\/","url":"https:\/\/nuevo-renacer.com\/emanuel-von-swedenborg\/","name":"Emanuel von Swedenborg - Uni\u00f3n Esp\u00edrita","isPartOf":{"@id":"https:\/\/nuevo-renacer.com\/#website"},"primaryImageOfPage":{"@id":"https:\/\/nuevo-renacer.com\/emanuel-von-swedenborg\/#primaryimage"},"image":{"@id":"https:\/\/nuevo-renacer.com\/emanuel-von-swedenborg\/#primaryimage"},"thumbnailUrl":"https:\/\/nuevo-renacer.com\/wp-content\/uploads\/2025\/05\/Swedenborg-797x1024.webp","datePublished":"2025-05-15T06:33:57+00:00","dateModified":"2025-05-15T06:34:00+00:00","breadcrumb":{"@id":"https:\/\/nuevo-renacer.com\/emanuel-von-swedenborg\/#breadcrumb"},"inLanguage":"en-GB","potentialAction":[{"@type":"ReadAction","target":["https:\/\/nuevo-renacer.com\/emanuel-von-swedenborg\/"]}]},{"@type":"ImageObject","inLanguage":"en-GB","@id":"https:\/\/nuevo-renacer.com\/emanuel-von-swedenborg\/#primaryimage","url":"https:\/\/nuevo-renacer.com\/wp-content\/uploads\/2025\/05\/Swedenborg-797x1024.webp","contentUrl":"https:\/\/nuevo-renacer.com\/wp-content\/uploads\/2025\/05\/Swedenborg-797x1024.webp"},{"@type":"BreadcrumbList","@id":"https:\/\/nuevo-renacer.com\/emanuel-von-swedenborg\/#breadcrumb","itemListElement":[{"@type":"ListItem","position":1,"name":"Startseite","item":"https:\/\/nuevo-renacer.com\/"},{"@type":"ListItem","position":2,"name":"Emanuel von Swedenborg"}]},{"@type":"WebSite","@id":"https:\/\/nuevo-renacer.com\/#website","url":"https:\/\/nuevo-renacer.com\/","name":"Uni\u00f3n Esp\u00edrita","description":"Nuevo Renacer","publisher":{"@id":"https:\/\/nuevo-renacer.com\/#organization"},"potentialAction":[{"@type":"SearchAction","target":{"@type":"EntryPoint","urlTemplate":"https:\/\/nuevo-renacer.com\/?s={search_term_string}"},"query-input":{"@type":"PropertyValueSpecification","valueRequired":true,"valueName":"search_term_string"}}],"inLanguage":"en-GB"},{"@type":"Organization","@id":"https:\/\/nuevo-renacer.com\/#organization","name":"UFEC","url":"https:\/\/nuevo-renacer.com\/","logo":{"@type":"ImageObject","inLanguage":"en-GB","@id":"https:\/\/nuevo-renacer.com\/#\/schema\/logo\/image\/","url":"https:\/\/nuevo-renacer.com\/wp-content\/uploads\/2024\/05\/cropped-LOGO-TERMINADO1-3-3.png","contentUrl":"https:\/\/nuevo-renacer.com\/wp-content\/uploads\/2024\/05\/cropped-LOGO-TERMINADO1-3-3.png","width":512,"height":512,"caption":"UFEC"},"image":{"@id":"https:\/\/nuevo-renacer.com\/#\/schema\/logo\/image\/"},"sameAs":["https:\/\/www.facebook.com\/groups\/3431398063740829"]}]}},"uagb_featured_image_src":{"full":false,"thumbnail":false,"medium":false,"medium_large":false,"large":false,"1536x1536":false,"2048x2048":false,"trp-custom-language-flag":false},"uagb_author_info":{"display_name":"adbv0","author_link":"https:\/\/nuevo-renacer.com\/en\/author\/adbv0\/"},"uagb_comment_info":0,"uagb_excerpt":"Emanuel von Swedenborg Arthur Conan Doyle se refiri\u00f3 a \u00e9l como la mayor y m\u00e1s elevada inteligencia humana. De hecho, Emanuel von Swedenborg, nacido en Estocolmo el 29 de enero de 1688, hijo de un obispo de la Iglesia luterana sueca, vivi\u00f3 en un austero ambiente evang\u00e9lico durante algunos a\u00f1os de su vida. Fue un&hellip;","jetpack_sharing_enabled":true,"_links":{"self":[{"href":"https:\/\/nuevo-renacer.com\/en\/wp-json\/wp\/v2\/pages\/8104","targetHints":{"allow":["GET"]}}],"collection":[{"href":"https:\/\/nuevo-renacer.com\/en\/wp-json\/wp\/v2\/pages"}],"about":[{"href":"https:\/\/nuevo-renacer.com\/en\/wp-json\/wp\/v2\/types\/page"}],"author":[{"embeddable":true,"href":"https:\/\/nuevo-renacer.com\/en\/wp-json\/wp\/v2\/users\/1"}],"replies":[{"embeddable":true,"href":"https:\/\/nuevo-renacer.com\/en\/wp-json\/wp\/v2\/comments?post=8104"}],"version-history":[{"count":1,"href":"https:\/\/nuevo-renacer.com\/en\/wp-json\/wp\/v2\/pages\/8104\/revisions"}],"predecessor-version":[{"id":8106,"href":"https:\/\/nuevo-renacer.com\/en\/wp-json\/wp\/v2\/pages\/8104\/revisions\/8106"}],"wp:attachment":[{"href":"https:\/\/nuevo-renacer.com\/en\/wp-json\/wp\/v2\/media?parent=8104"}],"curies":[{"name":"wp","href":"https:\/\/api.w.org\/{rel}","templated":true}]}}