{"id":8100,"date":"2025-05-14T13:08:24","date_gmt":"2025-05-14T13:08:24","guid":{"rendered":"https:\/\/nuevo-renacer.com\/?page_id=8100"},"modified":"2025-05-14T13:08:27","modified_gmt":"2025-05-14T13:08:27","slug":"djalma-montenegro-de-farias","status":"publish","type":"page","link":"https:\/\/nuevo-renacer.com\/en\/djalma-montenegro-de-farias\/","title":{"rendered":"Djalma Montenegro de Farias"},"content":{"rendered":"<div class=\"wp-block-uagb-container uagb-block-008ffc2d alignfull uagb-is-root-container\"><div class=\"uagb-container-inner-blocks-wrap\">\n<p class=\"has-black-color has-text-color has-link-color has-medium-font-size wp-elements-23ef2e1876af86ed859fad8faeebff2d\"><strong>Djalma Montenegro de Farias<\/strong><\/p>\n<\/div><\/div>\n\n\n\n<div class=\"wp-block-uagb-container uagb-block-f8a60896 alignfull uagb-is-root-container\"><div class=\"uagb-container-inner-blocks-wrap\">\n<figure class=\"wp-block-image size-full is-resized\"><img decoding=\"async\" width=\"134\" height=\"180\" src=\"https:\/\/nuevo-renacer.com\/wp-content\/uploads\/2025\/05\/DJALMA-FARIAS.jpg\" alt=\"\" class=\"wp-image-8101\" style=\"width:226px;height:auto\" srcset=\"https:\/\/nuevo-renacer.com\/wp-content\/uploads\/2025\/05\/DJALMA-FARIAS.jpg 134w, https:\/\/nuevo-renacer.com\/wp-content\/uploads\/2025\/05\/DJALMA-FARIAS-9x12.jpg 9w\" sizes=\"(max-width: 134px) 100vw, 134px\" \/><\/figure>\n<\/div><\/div>\n\n\n\n<div class=\"wp-block-uagb-container uagb-block-e0da8374 alignfull uagb-is-root-container\"><div class=\"uagb-container-inner-blocks-wrap\">\n<p class=\"has-black-color has-text-color has-link-color has-small-font-size wp-elements-c135e111b8e4462a5f504f6ec062129d\">He was president of the Spiritist Institute Jo\u00e3o Evangelista and of the Spiritist Federation of Pernambuco, founding the State Commission of Spiritism, CEE, on 23 October 1947, of which he was the first president.<\/p>\n\n\n\n<p class=\"has-black-color has-text-color has-link-color has-small-font-size wp-elements-1ba5fba8751f1ec10d06a45dc336fefe\">He was also one of the founders of the House of Spiritists of Pernambuco. He adhered to the famous \u2018Golden Pact\u2019 of 05\/10\/1949. A few days later, in a visit to the Spiritist League of Brazil, later Spiritist League of the State of Guanabara and today Spiritist Federation of Rio de Janeiro, he also gave a vibrant lecture, in the middle of which he lost his voice - it was the ghost of illness that warned him of his imprudence, but, in an extraordinary effort, he managed to give strength to the matter that could no longer follow the rhythm of the eloquence of his words. Nevertheless, he finished his speech, which was to be the last pronounced by this righteous apostle of Spiritism, amidst the applause of the audience.<\/p>\n\n\n\n<p class=\"has-black-color has-text-color has-link-color has-small-font-size wp-elements-5180098ffad98c2aea6fa3f01bc34d76\">A member of the \u2018Liga Estadual Prol Estado Leigo\u2019, he took part in the various movements for the maintenance of Free Thought, under the action of the National Coalition. In 1943, he published a precious booklet entitled \u2018Essay on Reincarnation\u2019, developing this complex and important subject with the power of a Master's clairvoyance.<\/p>\n\n\n\n<p class=\"has-black-color has-text-color has-link-color has-small-font-size wp-elements-020e0152ab3c78072b0fe2b752058a33\">In recognition of his merits as a citizen and Spiritist, there are two streets in Pernambuco (in the capital and in the city of Moreno) named after him, and two Spiritist Centres have him as their patron and spiritual guide, making express reference to him in their names (Grupo Esp\u00edrita Djalma Farias, in Recife, and Centro Esp\u00edrita Nove de Outubro, in Moreno).<\/p>\n\n\n\n<p class=\"has-black-color has-text-color has-link-color has-small-font-size wp-elements-c65be241bffc5ff6fb52c3eb70d64832\">Djalma Farias was a landmark of Spiritism in Pernambuco and his name and work transcend the limits of his state. On May 6, 1950, in Recife, the great worker of the Jesus Sect, devoted promoter of Spiritism - Professor Djalma Montenegro de Farias - died at the age of 49.<\/p>\n<\/div><\/div>\n\n\n\n<div class=\"wp-block-uagb-container uagb-block-82cf2ec8 alignfull uagb-is-root-container\"><div class=\"uagb-container-inner-blocks-wrap\"><\/div><\/div>\n\n\n\n<div class=\"wp-block-uagb-container uagb-block-bcea5b59 alignfull uagb-is-root-container\"><div class=\"uagb-container-inner-blocks-wrap\"><\/div><\/div>","protected":false},"excerpt":{"rendered":"<p>Djalma Montenegro de Farias Fue presidente del Instituto Esp\u00edrita Jo\u00e3o Evangelista y de la Federaci\u00f3n Esp\u00edrita de Pernambuco, fundando la Comisi\u00f3n Estatal de Espiritismo, CEE, el 23 de octubre de 1947, de la que fue su primer presidente. Fue tambi\u00e9n uno de los fundadores de la Casa de los Espiritistas de Pernambuco. Adhiri\u00f3 en todo [&hellip;]<\/p>","protected":false},"author":1,"featured_media":0,"parent":0,"menu_order":0,"comment_status":"closed","ping_status":"closed","template":"","meta":{"_uag_custom_page_level_css":"","site-sidebar-layout":"default","site-content-layout":"","ast-site-content-layout":"default","site-content-style":"default","site-sidebar-style":"default","ast-global-header-display":"","ast-banner-title-visibility":"","ast-main-header-display":"","ast-hfb-above-header-display":"","ast-hfb-below-header-display":"","ast-hfb-mobile-header-display":"","site-post-title":"disabled","ast-breadcrumbs-content":"","ast-featured-img":"","footer-sml-layout":"","theme-transparent-header-meta":"","adv-header-id-meta":"","stick-header-meta":"","header-above-stick-meta":"","header-main-stick-meta":"","header-below-stick-meta":"","astra-migrate-meta-layouts":"set","ast-page-background-enabled":"default","ast-page-background-meta":{"desktop":{"background-color":"var(--ast-global-color-4)","background-image":"","background-repeat":"repeat","background-position":"center center","background-size":"auto","background-attachment":"scroll","background-type":"","background-media":"","overlay-type":"","overlay-color":"","overlay-opacity":"","overlay-gradient":""},"tablet":{"background-color":"","background-image":"","background-repeat":"repeat","background-position":"center center","background-size":"auto","background-attachment":"scroll","background-type":"","background-media":"","overlay-type":"","overlay-color":"","overlay-opacity":"","overlay-gradient":""},"mobile":{"background-color":"","background-image":"","background-repeat":"repeat","background-position":"center center","background-size":"auto","background-attachment":"scroll","background-type":"","background-media":"","overlay-type":"","overlay-color":"","overlay-opacity":"","overlay-gradient":""}},"ast-content-background-meta":{"desktop":{"background-color":"var(--ast-global-color-5)","background-image":"","background-repeat":"repeat","background-position":"center center","background-size":"auto","background-attachment":"scroll","background-type":"","background-media":"","overlay-type":"","overlay-color":"","overlay-opacity":"","overlay-gradient":""},"tablet":{"background-color":"var(--ast-global-color-5)","background-image":"","background-repeat":"repeat","background-position":"center center","background-size":"auto","background-attachment":"scroll","background-type":"","background-media":"","overlay-type":"","overlay-color":"","overlay-opacity":"","overlay-gradient":""},"mobile":{"background-color":"var(--ast-global-color-5)","background-image":"","background-repeat":"repeat","background-position":"center center","background-size":"auto","background-attachment":"scroll","background-type":"","background-media":"","overlay-type":"","overlay-color":"","overlay-opacity":"","overlay-gradient":""}},"footnotes":""},"class_list":["post-8100","page","type-page","status-publish","hentry"],"yoast_head":"<!-- This site is optimized with the Yoast SEO Premium plugin v24.2 (Yoast SEO v24.6) - https:\/\/yoast.com\/wordpress\/plugins\/seo\/ -->\n<title>Djalma Montenegro de Farias - Uni\u00f3n Esp\u00edrita<\/title>\n<meta name=\"robots\" content=\"index, follow, max-snippet:-1, max-image-preview:large, max-video-preview:-1\" \/>\n<link rel=\"canonical\" href=\"https:\/\/nuevo-renacer.com\/en\/djalma-montenegro-de-farias\/\" \/>\n<meta property=\"og:locale\" content=\"en_GB\" \/>\n<meta property=\"og:type\" content=\"article\" \/>\n<meta property=\"og:title\" content=\"Djalma Montenegro de Farias\" \/>\n<meta property=\"og:description\" content=\"Djalma Montenegro de Farias Fue presidente del Instituto Esp\u00edrita Jo\u00e3o Evangelista y de la Federaci\u00f3n Esp\u00edrita de Pernambuco, fundando la Comisi\u00f3n Estatal de Espiritismo, CEE, el 23 de octubre de 1947, de la que fue su primer presidente. Fue tambi\u00e9n uno de los fundadores de la Casa de los Espiritistas de Pernambuco. Adhiri\u00f3 en todo [&hellip;]\" \/>\n<meta property=\"og:url\" content=\"https:\/\/nuevo-renacer.com\/en\/djalma-montenegro-de-farias\/\" \/>\n<meta property=\"og:site_name\" content=\"Uni\u00f3n Esp\u00edrita\" \/>\n<meta property=\"article:publisher\" content=\"https:\/\/www.facebook.com\/groups\/3431398063740829\" \/>\n<meta property=\"article:modified_time\" content=\"2025-05-14T13:08:27+00:00\" \/>\n<meta property=\"og:image\" content=\"https:\/\/nuevo-renacer.com\/wp-content\/uploads\/2025\/05\/DJALMA-FARIAS.jpg\" \/>\n\t<meta property=\"og:image:width\" content=\"134\" \/>\n\t<meta property=\"og:image:height\" content=\"180\" \/>\n\t<meta property=\"og:image:type\" content=\"image\/jpeg\" \/>\n<meta name=\"twitter:card\" content=\"summary_large_image\" \/>\n<meta name=\"twitter:label1\" content=\"Estimated reading time\" \/>\n\t<meta name=\"twitter:data1\" content=\"2 minutes\" \/>\n<script type=\"application\/ld+json\" class=\"yoast-schema-graph\">{\"@context\":\"https:\/\/schema.org\",\"@graph\":[{\"@type\":\"WebPage\",\"@id\":\"https:\/\/nuevo-renacer.com\/djalma-montenegro-de-farias\/\",\"url\":\"https:\/\/nuevo-renacer.com\/djalma-montenegro-de-farias\/\",\"name\":\"Djalma Montenegro de Farias - Uni\u00f3n Esp\u00edrita\",\"isPartOf\":{\"@id\":\"https:\/\/nuevo-renacer.com\/#website\"},\"primaryImageOfPage\":{\"@id\":\"https:\/\/nuevo-renacer.com\/djalma-montenegro-de-farias\/#primaryimage\"},\"image\":{\"@id\":\"https:\/\/nuevo-renacer.com\/djalma-montenegro-de-farias\/#primaryimage\"},\"thumbnailUrl\":\"https:\/\/nuevo-renacer.com\/wp-content\/uploads\/2025\/05\/DJALMA-FARIAS.jpg\",\"datePublished\":\"2025-05-14T13:08:24+00:00\",\"dateModified\":\"2025-05-14T13:08:27+00:00\",\"breadcrumb\":{\"@id\":\"https:\/\/nuevo-renacer.com\/djalma-montenegro-de-farias\/#breadcrumb\"},\"inLanguage\":\"en-GB\",\"potentialAction\":[{\"@type\":\"ReadAction\",\"target\":[\"https:\/\/nuevo-renacer.com\/djalma-montenegro-de-farias\/\"]}]},{\"@type\":\"ImageObject\",\"inLanguage\":\"en-GB\",\"@id\":\"https:\/\/nuevo-renacer.com\/djalma-montenegro-de-farias\/#primaryimage\",\"url\":\"https:\/\/nuevo-renacer.com\/wp-content\/uploads\/2025\/05\/DJALMA-FARIAS.jpg\",\"contentUrl\":\"https:\/\/nuevo-renacer.com\/wp-content\/uploads\/2025\/05\/DJALMA-FARIAS.jpg\"},{\"@type\":\"BreadcrumbList\",\"@id\":\"https:\/\/nuevo-renacer.com\/djalma-montenegro-de-farias\/#breadcrumb\",\"itemListElement\":[{\"@type\":\"ListItem\",\"position\":1,\"name\":\"Startseite\",\"item\":\"https:\/\/nuevo-renacer.com\/\"},{\"@type\":\"ListItem\",\"position\":2,\"name\":\"Djalma Montenegro de Farias\"}]},{\"@type\":\"WebSite\",\"@id\":\"https:\/\/nuevo-renacer.com\/#website\",\"url\":\"https:\/\/nuevo-renacer.com\/\",\"name\":\"Uni\u00f3n Esp\u00edrita\",\"description\":\"Nuevo Renacer\",\"publisher\":{\"@id\":\"https:\/\/nuevo-renacer.com\/#organization\"},\"potentialAction\":[{\"@type\":\"SearchAction\",\"target\":{\"@type\":\"EntryPoint\",\"urlTemplate\":\"https:\/\/nuevo-renacer.com\/?s={search_term_string}\"},\"query-input\":{\"@type\":\"PropertyValueSpecification\",\"valueRequired\":true,\"valueName\":\"search_term_string\"}}],\"inLanguage\":\"en-GB\"},{\"@type\":\"Organization\",\"@id\":\"https:\/\/nuevo-renacer.com\/#organization\",\"name\":\"UFEC\",\"url\":\"https:\/\/nuevo-renacer.com\/\",\"logo\":{\"@type\":\"ImageObject\",\"inLanguage\":\"en-GB\",\"@id\":\"https:\/\/nuevo-renacer.com\/#\/schema\/logo\/image\/\",\"url\":\"https:\/\/nuevo-renacer.com\/wp-content\/uploads\/2024\/05\/cropped-LOGO-TERMINADO1-3-3.png\",\"contentUrl\":\"https:\/\/nuevo-renacer.com\/wp-content\/uploads\/2024\/05\/cropped-LOGO-TERMINADO1-3-3.png\",\"width\":512,\"height\":512,\"caption\":\"UFEC\"},\"image\":{\"@id\":\"https:\/\/nuevo-renacer.com\/#\/schema\/logo\/image\/\"},\"sameAs\":[\"https:\/\/www.facebook.com\/groups\/3431398063740829\"]}]}<\/script>\n<!-- \/ Yoast SEO Premium plugin. -->","yoast_head_json":{"title":"Djalma Montenegro de Farias - Uni\u00f3n Esp\u00edrita","robots":{"index":"index","follow":"follow","max-snippet":"max-snippet:-1","max-image-preview":"max-image-preview:large","max-video-preview":"max-video-preview:-1"},"canonical":"https:\/\/nuevo-renacer.com\/en\/djalma-montenegro-de-farias\/","og_locale":"en_GB","og_type":"article","og_title":"Djalma Montenegro de Farias","og_description":"Djalma Montenegro de Farias Fue presidente del Instituto Esp\u00edrita Jo\u00e3o Evangelista y de la Federaci\u00f3n Esp\u00edrita de Pernambuco, fundando la Comisi\u00f3n Estatal de Espiritismo, CEE, el 23 de octubre de 1947, de la que fue su primer presidente. Fue tambi\u00e9n uno de los fundadores de la Casa de los Espiritistas de Pernambuco. Adhiri\u00f3 en todo [&hellip;]","og_url":"https:\/\/nuevo-renacer.com\/en\/djalma-montenegro-de-farias\/","og_site_name":"Uni\u00f3n Esp\u00edrita","article_publisher":"https:\/\/www.facebook.com\/groups\/3431398063740829","article_modified_time":"2025-05-14T13:08:27+00:00","og_image":[{"width":134,"height":180,"url":"https:\/\/nuevo-renacer.com\/wp-content\/uploads\/2025\/05\/DJALMA-FARIAS.jpg","type":"image\/jpeg"}],"twitter_card":"summary_large_image","twitter_misc":{"Estimated reading time":"2 minutes"},"schema":{"@context":"https:\/\/schema.org","@graph":[{"@type":"WebPage","@id":"https:\/\/nuevo-renacer.com\/djalma-montenegro-de-farias\/","url":"https:\/\/nuevo-renacer.com\/djalma-montenegro-de-farias\/","name":"Djalma Montenegro de Farias - Uni\u00f3n Esp\u00edrita","isPartOf":{"@id":"https:\/\/nuevo-renacer.com\/#website"},"primaryImageOfPage":{"@id":"https:\/\/nuevo-renacer.com\/djalma-montenegro-de-farias\/#primaryimage"},"image":{"@id":"https:\/\/nuevo-renacer.com\/djalma-montenegro-de-farias\/#primaryimage"},"thumbnailUrl":"https:\/\/nuevo-renacer.com\/wp-content\/uploads\/2025\/05\/DJALMA-FARIAS.jpg","datePublished":"2025-05-14T13:08:24+00:00","dateModified":"2025-05-14T13:08:27+00:00","breadcrumb":{"@id":"https:\/\/nuevo-renacer.com\/djalma-montenegro-de-farias\/#breadcrumb"},"inLanguage":"en-GB","potentialAction":[{"@type":"ReadAction","target":["https:\/\/nuevo-renacer.com\/djalma-montenegro-de-farias\/"]}]},{"@type":"ImageObject","inLanguage":"en-GB","@id":"https:\/\/nuevo-renacer.com\/djalma-montenegro-de-farias\/#primaryimage","url":"https:\/\/nuevo-renacer.com\/wp-content\/uploads\/2025\/05\/DJALMA-FARIAS.jpg","contentUrl":"https:\/\/nuevo-renacer.com\/wp-content\/uploads\/2025\/05\/DJALMA-FARIAS.jpg"},{"@type":"BreadcrumbList","@id":"https:\/\/nuevo-renacer.com\/djalma-montenegro-de-farias\/#breadcrumb","itemListElement":[{"@type":"ListItem","position":1,"name":"Startseite","item":"https:\/\/nuevo-renacer.com\/"},{"@type":"ListItem","position":2,"name":"Djalma Montenegro de Farias"}]},{"@type":"WebSite","@id":"https:\/\/nuevo-renacer.com\/#website","url":"https:\/\/nuevo-renacer.com\/","name":"Uni\u00f3n Esp\u00edrita","description":"Nuevo Renacer","publisher":{"@id":"https:\/\/nuevo-renacer.com\/#organization"},"potentialAction":[{"@type":"SearchAction","target":{"@type":"EntryPoint","urlTemplate":"https:\/\/nuevo-renacer.com\/?s={search_term_string}"},"query-input":{"@type":"PropertyValueSpecification","valueRequired":true,"valueName":"search_term_string"}}],"inLanguage":"en-GB"},{"@type":"Organization","@id":"https:\/\/nuevo-renacer.com\/#organization","name":"UFEC","url":"https:\/\/nuevo-renacer.com\/","logo":{"@type":"ImageObject","inLanguage":"en-GB","@id":"https:\/\/nuevo-renacer.com\/#\/schema\/logo\/image\/","url":"https:\/\/nuevo-renacer.com\/wp-content\/uploads\/2024\/05\/cropped-LOGO-TERMINADO1-3-3.png","contentUrl":"https:\/\/nuevo-renacer.com\/wp-content\/uploads\/2024\/05\/cropped-LOGO-TERMINADO1-3-3.png","width":512,"height":512,"caption":"UFEC"},"image":{"@id":"https:\/\/nuevo-renacer.com\/#\/schema\/logo\/image\/"},"sameAs":["https:\/\/www.facebook.com\/groups\/3431398063740829"]}]}},"uagb_featured_image_src":{"full":false,"thumbnail":false,"medium":false,"medium_large":false,"large":false,"1536x1536":false,"2048x2048":false,"trp-custom-language-flag":false},"uagb_author_info":{"display_name":"adbv0","author_link":"https:\/\/nuevo-renacer.com\/en\/author\/adbv0\/"},"uagb_comment_info":0,"uagb_excerpt":"Djalma Montenegro de Farias Fue presidente del Instituto Esp\u00edrita Jo\u00e3o Evangelista y de la Federaci\u00f3n Esp\u00edrita de Pernambuco, fundando la Comisi\u00f3n Estatal de Espiritismo, CEE, el 23 de octubre de 1947, de la que fue su primer presidente. Fue tambi\u00e9n uno de los fundadores de la Casa de los Espiritistas de Pernambuco. Adhiri\u00f3 en todo&hellip;","jetpack_sharing_enabled":true,"_links":{"self":[{"href":"https:\/\/nuevo-renacer.com\/en\/wp-json\/wp\/v2\/pages\/8100","targetHints":{"allow":["GET"]}}],"collection":[{"href":"https:\/\/nuevo-renacer.com\/en\/wp-json\/wp\/v2\/pages"}],"about":[{"href":"https:\/\/nuevo-renacer.com\/en\/wp-json\/wp\/v2\/types\/page"}],"author":[{"embeddable":true,"href":"https:\/\/nuevo-renacer.com\/en\/wp-json\/wp\/v2\/users\/1"}],"replies":[{"embeddable":true,"href":"https:\/\/nuevo-renacer.com\/en\/wp-json\/wp\/v2\/comments?post=8100"}],"version-history":[{"count":1,"href":"https:\/\/nuevo-renacer.com\/en\/wp-json\/wp\/v2\/pages\/8100\/revisions"}],"predecessor-version":[{"id":8102,"href":"https:\/\/nuevo-renacer.com\/en\/wp-json\/wp\/v2\/pages\/8100\/revisions\/8102"}],"wp:attachment":[{"href":"https:\/\/nuevo-renacer.com\/en\/wp-json\/wp\/v2\/media?parent=8100"}],"curies":[{"name":"wp","href":"https:\/\/api.w.org\/{rel}","templated":true}]}}