{"id":8027,"date":"2025-05-13T13:11:55","date_gmt":"2025-05-13T13:11:55","guid":{"rendered":"https:\/\/nuevo-renacer.com\/?page_id=8027"},"modified":"2025-05-13T13:11:58","modified_gmt":"2025-05-13T13:11:58","slug":"johannes-brahms","status":"publish","type":"page","link":"https:\/\/nuevo-renacer.com\/en\/johannes-brahms\/","title":{"rendered":"Johannes Brahms"},"content":{"rendered":"<div class=\"wp-block-uagb-container uagb-block-520d5dd2 alignfull uagb-is-root-container\"><div class=\"uagb-container-inner-blocks-wrap\">\n<p class=\"has-black-color has-text-color has-link-color has-medium-font-size wp-elements-f98095ad9b2519971dec5b797e4cc30d\"><strong>Johannes Brahms<\/strong><\/p>\n<\/div><\/div>\n\n\n\n<div class=\"wp-block-uagb-container uagb-block-5ade3a54 alignfull uagb-is-root-container\"><div class=\"uagb-container-inner-blocks-wrap\">\n<figure class=\"wp-block-image size-full is-resized\"><img fetchpriority=\"high\" decoding=\"async\" width=\"371\" height=\"480\" src=\"https:\/\/nuevo-renacer.com\/wp-content\/uploads\/2025\/05\/JohannesBrahms.jpg\" alt=\"\" class=\"wp-image-8028\" style=\"width:269px;height:auto\" srcset=\"https:\/\/nuevo-renacer.com\/wp-content\/uploads\/2025\/05\/JohannesBrahms.jpg 371w, https:\/\/nuevo-renacer.com\/wp-content\/uploads\/2025\/05\/JohannesBrahms-232x300.jpg 232w, https:\/\/nuevo-renacer.com\/wp-content\/uploads\/2025\/05\/JohannesBrahms-9x12.jpg 9w\" sizes=\"(max-width: 371px) 100vw, 371px\" \/><\/figure>\n<\/div><\/div>\n\n\n\n<div class=\"wp-block-uagb-container uagb-block-ddbc52d6 alignfull uagb-is-root-container\"><div class=\"uagb-container-inner-blocks-wrap\">\n<p class=\"has-black-color has-text-color has-link-color has-small-font-size wp-elements-3e109aa0b3fbc0ed21231c00aa2ff582\">Johannes Brahms was born in Hamburg on 7 May 1833, a lover of study who was always open to all that was noble and beautiful and who shared both the sorrows and the joys of others. The main characteristic of his music is elegiac resignation.<\/p>\n\n\n\n<p class=\"has-black-color has-text-color has-link-color has-small-font-size wp-elements-a5825e9fdb0299993e366c556bc86f30\">It should be emphasised that Brahms understood that music, despite its outer shell, is a matter of the spirit in its highest expression!<\/p>\n\n\n\n<p class=\"has-black-color has-text-color has-link-color has-small-font-size wp-elements-1c645d50399273921c41ba39ec910f18\">We fully agree with this, because the physical body is only a means of carrying out the commands and vibrations of the spirit, and especially when it comes to music, because music is a language par excellence.<\/p>\n\n\n\n<p class=\"has-black-color has-text-color has-link-color has-small-font-size wp-elements-8efeaa3e1afc9547c07a1960f56af8a7\">Brahms was a sentimental man, deeply sensitive to sweet harmonies, although his physicality did not match the delicacy of his spirit.<\/p>\n\n\n\n<p class=\"has-black-color has-text-color has-link-color has-small-font-size wp-elements-4b4ec4230784a676692bc83da7668695\">Music and temperament, according to one of his biographers, conceal a tender soul in a body of granite. It is even said that he jumped up from his chair in the middle of a rehearsal of one of his works, crossed the hall with clenched hands and shouted: \u2018Stop this terrible music\u2019. He turned his back on the musicians and tears streamed down his face. The emotions had overwhelmed him and this was the means he used to hide them.<\/p>\n\n\n\n<p class=\"has-black-color has-text-color has-link-color has-small-font-size wp-elements-8fbe40c7b9da6d3b9c8ecb80205bcebe\">In Schumann's opinion, the young Brahms had all the signs of being predestined at the time, and he went so far as to say: \u2018If this young man decides to deal with the choir and the orchestra, if these mighty masses lend him their strength, then he will give us even more dazzling insights into the secrets of the spiritual world\u2019.<\/p>\n\n\n\n<p class=\"has-black-color has-text-color has-link-color has-small-font-size wp-elements-020149a160cc327e8a15195a389f14ed\">Brahms' mediumship enabled him to offer us music of such sentimentality that our spirit seems to detach itself from the somatic body as we listen, in its irrepressible desire to reach ethereal regions of light, wisdom and love!<\/p>\n\n\n\n<p class=\"has-black-color has-text-color has-link-color has-small-font-size wp-elements-2ee6fbc9461f11f8ff6db1f24fc87296\">When he was about 64 years old, his ailing body, afflicted with liver cancer, slowly began to decline. On 2 April 1897, he lost consciousness and the next morning, at half past eight, his blue eyes closed.<\/p>\n\n\n\n<p class=\"has-black-color has-text-color has-link-color has-small-font-size wp-elements-3ff7886dd8cc34dfbc346d94bf92bae2\">His last word as the doctor administered a sedative was: \u2018Thank you\u2019.<\/p>\n<\/div><\/div>\n\n\n\n<div class=\"wp-block-uagb-container uagb-block-1516317f alignfull uagb-is-root-container\"><div class=\"uagb-container-inner-blocks-wrap\"><\/div><\/div>\n\n\n\n<div class=\"wp-block-uagb-container uagb-block-0c89dab3 alignfull uagb-is-root-container\"><div class=\"uagb-container-inner-blocks-wrap\"><\/div><\/div>","protected":false},"excerpt":{"rendered":"<p>Johannes Brahms Johannes Brahms naci\u00f3 en Hamburgo el 7 de mayo de 1833, amante del estudio, siempre abierto a todo lo que fuera noble y bello, y que compart\u00eda tanto las penas como las alegr\u00edas de los dem\u00e1s. La caracter\u00edstica fundamental de su m\u00fasica es la resignaci\u00f3n eleg\u00edaca. Hay que subrayar que Brahms entend\u00eda que [&hellip;]<\/p>","protected":false},"author":1,"featured_media":0,"parent":0,"menu_order":0,"comment_status":"closed","ping_status":"closed","template":"","meta":{"_uag_custom_page_level_css":"","site-sidebar-layout":"default","site-content-layout":"","ast-site-content-layout":"default","site-content-style":"default","site-sidebar-style":"default","ast-global-header-display":"","ast-banner-title-visibility":"","ast-main-header-display":"","ast-hfb-above-header-display":"","ast-hfb-below-header-display":"","ast-hfb-mobile-header-display":"","site-post-title":"disabled","ast-breadcrumbs-content":"","ast-featured-img":"","footer-sml-layout":"","theme-transparent-header-meta":"","adv-header-id-meta":"","stick-header-meta":"","header-above-stick-meta":"","header-main-stick-meta":"","header-below-stick-meta":"","astra-migrate-meta-layouts":"set","ast-page-background-enabled":"default","ast-page-background-meta":{"desktop":{"background-color":"var(--ast-global-color-4)","background-image":"","background-repeat":"repeat","background-position":"center center","background-size":"auto","background-attachment":"scroll","background-type":"","background-media":"","overlay-type":"","overlay-color":"","overlay-opacity":"","overlay-gradient":""},"tablet":{"background-color":"","background-image":"","background-repeat":"repeat","background-position":"center center","background-size":"auto","background-attachment":"scroll","background-type":"","background-media":"","overlay-type":"","overlay-color":"","overlay-opacity":"","overlay-gradient":""},"mobile":{"background-color":"","background-image":"","background-repeat":"repeat","background-position":"center center","background-size":"auto","background-attachment":"scroll","background-type":"","background-media":"","overlay-type":"","overlay-color":"","overlay-opacity":"","overlay-gradient":""}},"ast-content-background-meta":{"desktop":{"background-color":"var(--ast-global-color-5)","background-image":"","background-repeat":"repeat","background-position":"center center","background-size":"auto","background-attachment":"scroll","background-type":"","background-media":"","overlay-type":"","overlay-color":"","overlay-opacity":"","overlay-gradient":""},"tablet":{"background-color":"var(--ast-global-color-5)","background-image":"","background-repeat":"repeat","background-position":"center center","background-size":"auto","background-attachment":"scroll","background-type":"","background-media":"","overlay-type":"","overlay-color":"","overlay-opacity":"","overlay-gradient":""},"mobile":{"background-color":"var(--ast-global-color-5)","background-image":"","background-repeat":"repeat","background-position":"center center","background-size":"auto","background-attachment":"scroll","background-type":"","background-media":"","overlay-type":"","overlay-color":"","overlay-opacity":"","overlay-gradient":""}},"footnotes":""},"class_list":["post-8027","page","type-page","status-publish","hentry"],"yoast_head":"<!-- This site is optimized with the Yoast SEO Premium plugin v24.2 (Yoast SEO v24.6) - https:\/\/yoast.com\/wordpress\/plugins\/seo\/ -->\n<title>Johannes Brahms - Uni\u00f3n Esp\u00edrita<\/title>\n<meta name=\"robots\" content=\"index, follow, max-snippet:-1, max-image-preview:large, max-video-preview:-1\" \/>\n<link rel=\"canonical\" href=\"https:\/\/nuevo-renacer.com\/en\/johannes-brahms\/\" \/>\n<meta property=\"og:locale\" content=\"en_GB\" \/>\n<meta property=\"og:type\" content=\"article\" \/>\n<meta property=\"og:title\" content=\"Johannes Brahms\" \/>\n<meta property=\"og:description\" content=\"Johannes Brahms Johannes Brahms naci\u00f3 en Hamburgo el 7 de mayo de 1833, amante del estudio, siempre abierto a todo lo que fuera noble y bello, y que compart\u00eda tanto las penas como las alegr\u00edas de los dem\u00e1s. La caracter\u00edstica fundamental de su m\u00fasica es la resignaci\u00f3n eleg\u00edaca. Hay que subrayar que Brahms entend\u00eda que [&hellip;]\" \/>\n<meta property=\"og:url\" content=\"https:\/\/nuevo-renacer.com\/en\/johannes-brahms\/\" \/>\n<meta property=\"og:site_name\" content=\"Uni\u00f3n Esp\u00edrita\" \/>\n<meta property=\"article:publisher\" content=\"https:\/\/www.facebook.com\/groups\/3431398063740829\" \/>\n<meta property=\"article:modified_time\" content=\"2025-05-13T13:11:58+00:00\" \/>\n<meta property=\"og:image\" content=\"https:\/\/nuevo-renacer.com\/wp-content\/uploads\/2025\/05\/JohannesBrahms.jpg\" \/>\n\t<meta property=\"og:image:width\" content=\"371\" \/>\n\t<meta property=\"og:image:height\" content=\"480\" \/>\n\t<meta property=\"og:image:type\" content=\"image\/jpeg\" \/>\n<meta name=\"twitter:card\" content=\"summary_large_image\" \/>\n<meta name=\"twitter:label1\" content=\"Estimated reading time\" \/>\n\t<meta name=\"twitter:data1\" content=\"3 minutes\" \/>\n<script type=\"application\/ld+json\" class=\"yoast-schema-graph\">{\"@context\":\"https:\/\/schema.org\",\"@graph\":[{\"@type\":\"WebPage\",\"@id\":\"https:\/\/nuevo-renacer.com\/johannes-brahms\/\",\"url\":\"https:\/\/nuevo-renacer.com\/johannes-brahms\/\",\"name\":\"Johannes Brahms - Uni\u00f3n Esp\u00edrita\",\"isPartOf\":{\"@id\":\"https:\/\/nuevo-renacer.com\/#website\"},\"primaryImageOfPage\":{\"@id\":\"https:\/\/nuevo-renacer.com\/johannes-brahms\/#primaryimage\"},\"image\":{\"@id\":\"https:\/\/nuevo-renacer.com\/johannes-brahms\/#primaryimage\"},\"thumbnailUrl\":\"https:\/\/nuevo-renacer.com\/wp-content\/uploads\/2025\/05\/JohannesBrahms.jpg\",\"datePublished\":\"2025-05-13T13:11:55+00:00\",\"dateModified\":\"2025-05-13T13:11:58+00:00\",\"breadcrumb\":{\"@id\":\"https:\/\/nuevo-renacer.com\/johannes-brahms\/#breadcrumb\"},\"inLanguage\":\"en-GB\",\"potentialAction\":[{\"@type\":\"ReadAction\",\"target\":[\"https:\/\/nuevo-renacer.com\/johannes-brahms\/\"]}]},{\"@type\":\"ImageObject\",\"inLanguage\":\"en-GB\",\"@id\":\"https:\/\/nuevo-renacer.com\/johannes-brahms\/#primaryimage\",\"url\":\"https:\/\/nuevo-renacer.com\/wp-content\/uploads\/2025\/05\/JohannesBrahms.jpg\",\"contentUrl\":\"https:\/\/nuevo-renacer.com\/wp-content\/uploads\/2025\/05\/JohannesBrahms.jpg\"},{\"@type\":\"BreadcrumbList\",\"@id\":\"https:\/\/nuevo-renacer.com\/johannes-brahms\/#breadcrumb\",\"itemListElement\":[{\"@type\":\"ListItem\",\"position\":1,\"name\":\"Startseite\",\"item\":\"https:\/\/nuevo-renacer.com\/\"},{\"@type\":\"ListItem\",\"position\":2,\"name\":\"Johannes Brahms\"}]},{\"@type\":\"WebSite\",\"@id\":\"https:\/\/nuevo-renacer.com\/#website\",\"url\":\"https:\/\/nuevo-renacer.com\/\",\"name\":\"Uni\u00f3n Esp\u00edrita\",\"description\":\"Nuevo Renacer\",\"publisher\":{\"@id\":\"https:\/\/nuevo-renacer.com\/#organization\"},\"potentialAction\":[{\"@type\":\"SearchAction\",\"target\":{\"@type\":\"EntryPoint\",\"urlTemplate\":\"https:\/\/nuevo-renacer.com\/?s={search_term_string}\"},\"query-input\":{\"@type\":\"PropertyValueSpecification\",\"valueRequired\":true,\"valueName\":\"search_term_string\"}}],\"inLanguage\":\"en-GB\"},{\"@type\":\"Organization\",\"@id\":\"https:\/\/nuevo-renacer.com\/#organization\",\"name\":\"UFEC\",\"url\":\"https:\/\/nuevo-renacer.com\/\",\"logo\":{\"@type\":\"ImageObject\",\"inLanguage\":\"en-GB\",\"@id\":\"https:\/\/nuevo-renacer.com\/#\/schema\/logo\/image\/\",\"url\":\"https:\/\/nuevo-renacer.com\/wp-content\/uploads\/2024\/05\/cropped-LOGO-TERMINADO1-3-3.png\",\"contentUrl\":\"https:\/\/nuevo-renacer.com\/wp-content\/uploads\/2024\/05\/cropped-LOGO-TERMINADO1-3-3.png\",\"width\":512,\"height\":512,\"caption\":\"UFEC\"},\"image\":{\"@id\":\"https:\/\/nuevo-renacer.com\/#\/schema\/logo\/image\/\"},\"sameAs\":[\"https:\/\/www.facebook.com\/groups\/3431398063740829\"]}]}<\/script>\n<!-- \/ Yoast SEO Premium plugin. -->","yoast_head_json":{"title":"Johannes Brahms - Uni\u00f3n Esp\u00edrita","robots":{"index":"index","follow":"follow","max-snippet":"max-snippet:-1","max-image-preview":"max-image-preview:large","max-video-preview":"max-video-preview:-1"},"canonical":"https:\/\/nuevo-renacer.com\/en\/johannes-brahms\/","og_locale":"en_GB","og_type":"article","og_title":"Johannes Brahms","og_description":"Johannes Brahms Johannes Brahms naci\u00f3 en Hamburgo el 7 de mayo de 1833, amante del estudio, siempre abierto a todo lo que fuera noble y bello, y que compart\u00eda tanto las penas como las alegr\u00edas de los dem\u00e1s. La caracter\u00edstica fundamental de su m\u00fasica es la resignaci\u00f3n eleg\u00edaca. Hay que subrayar que Brahms entend\u00eda que [&hellip;]","og_url":"https:\/\/nuevo-renacer.com\/en\/johannes-brahms\/","og_site_name":"Uni\u00f3n Esp\u00edrita","article_publisher":"https:\/\/www.facebook.com\/groups\/3431398063740829","article_modified_time":"2025-05-13T13:11:58+00:00","og_image":[{"width":371,"height":480,"url":"https:\/\/nuevo-renacer.com\/wp-content\/uploads\/2025\/05\/JohannesBrahms.jpg","type":"image\/jpeg"}],"twitter_card":"summary_large_image","twitter_misc":{"Estimated reading time":"3 minutes"},"schema":{"@context":"https:\/\/schema.org","@graph":[{"@type":"WebPage","@id":"https:\/\/nuevo-renacer.com\/johannes-brahms\/","url":"https:\/\/nuevo-renacer.com\/johannes-brahms\/","name":"Johannes Brahms - Uni\u00f3n Esp\u00edrita","isPartOf":{"@id":"https:\/\/nuevo-renacer.com\/#website"},"primaryImageOfPage":{"@id":"https:\/\/nuevo-renacer.com\/johannes-brahms\/#primaryimage"},"image":{"@id":"https:\/\/nuevo-renacer.com\/johannes-brahms\/#primaryimage"},"thumbnailUrl":"https:\/\/nuevo-renacer.com\/wp-content\/uploads\/2025\/05\/JohannesBrahms.jpg","datePublished":"2025-05-13T13:11:55+00:00","dateModified":"2025-05-13T13:11:58+00:00","breadcrumb":{"@id":"https:\/\/nuevo-renacer.com\/johannes-brahms\/#breadcrumb"},"inLanguage":"en-GB","potentialAction":[{"@type":"ReadAction","target":["https:\/\/nuevo-renacer.com\/johannes-brahms\/"]}]},{"@type":"ImageObject","inLanguage":"en-GB","@id":"https:\/\/nuevo-renacer.com\/johannes-brahms\/#primaryimage","url":"https:\/\/nuevo-renacer.com\/wp-content\/uploads\/2025\/05\/JohannesBrahms.jpg","contentUrl":"https:\/\/nuevo-renacer.com\/wp-content\/uploads\/2025\/05\/JohannesBrahms.jpg"},{"@type":"BreadcrumbList","@id":"https:\/\/nuevo-renacer.com\/johannes-brahms\/#breadcrumb","itemListElement":[{"@type":"ListItem","position":1,"name":"Startseite","item":"https:\/\/nuevo-renacer.com\/"},{"@type":"ListItem","position":2,"name":"Johannes Brahms"}]},{"@type":"WebSite","@id":"https:\/\/nuevo-renacer.com\/#website","url":"https:\/\/nuevo-renacer.com\/","name":"Uni\u00f3n Esp\u00edrita","description":"Nuevo Renacer","publisher":{"@id":"https:\/\/nuevo-renacer.com\/#organization"},"potentialAction":[{"@type":"SearchAction","target":{"@type":"EntryPoint","urlTemplate":"https:\/\/nuevo-renacer.com\/?s={search_term_string}"},"query-input":{"@type":"PropertyValueSpecification","valueRequired":true,"valueName":"search_term_string"}}],"inLanguage":"en-GB"},{"@type":"Organization","@id":"https:\/\/nuevo-renacer.com\/#organization","name":"UFEC","url":"https:\/\/nuevo-renacer.com\/","logo":{"@type":"ImageObject","inLanguage":"en-GB","@id":"https:\/\/nuevo-renacer.com\/#\/schema\/logo\/image\/","url":"https:\/\/nuevo-renacer.com\/wp-content\/uploads\/2024\/05\/cropped-LOGO-TERMINADO1-3-3.png","contentUrl":"https:\/\/nuevo-renacer.com\/wp-content\/uploads\/2024\/05\/cropped-LOGO-TERMINADO1-3-3.png","width":512,"height":512,"caption":"UFEC"},"image":{"@id":"https:\/\/nuevo-renacer.com\/#\/schema\/logo\/image\/"},"sameAs":["https:\/\/www.facebook.com\/groups\/3431398063740829"]}]}},"uagb_featured_image_src":{"full":false,"thumbnail":false,"medium":false,"medium_large":false,"large":false,"1536x1536":false,"2048x2048":false,"trp-custom-language-flag":false},"uagb_author_info":{"display_name":"adbv0","author_link":"https:\/\/nuevo-renacer.com\/en\/author\/adbv0\/"},"uagb_comment_info":0,"uagb_excerpt":"Johannes Brahms Johannes Brahms naci\u00f3 en Hamburgo el 7 de mayo de 1833, amante del estudio, siempre abierto a todo lo que fuera noble y bello, y que compart\u00eda tanto las penas como las alegr\u00edas de los dem\u00e1s. La caracter\u00edstica fundamental de su m\u00fasica es la resignaci\u00f3n eleg\u00edaca. Hay que subrayar que Brahms entend\u00eda que&hellip;","jetpack_sharing_enabled":true,"_links":{"self":[{"href":"https:\/\/nuevo-renacer.com\/en\/wp-json\/wp\/v2\/pages\/8027","targetHints":{"allow":["GET"]}}],"collection":[{"href":"https:\/\/nuevo-renacer.com\/en\/wp-json\/wp\/v2\/pages"}],"about":[{"href":"https:\/\/nuevo-renacer.com\/en\/wp-json\/wp\/v2\/types\/page"}],"author":[{"embeddable":true,"href":"https:\/\/nuevo-renacer.com\/en\/wp-json\/wp\/v2\/users\/1"}],"replies":[{"embeddable":true,"href":"https:\/\/nuevo-renacer.com\/en\/wp-json\/wp\/v2\/comments?post=8027"}],"version-history":[{"count":1,"href":"https:\/\/nuevo-renacer.com\/en\/wp-json\/wp\/v2\/pages\/8027\/revisions"}],"predecessor-version":[{"id":8029,"href":"https:\/\/nuevo-renacer.com\/en\/wp-json\/wp\/v2\/pages\/8027\/revisions\/8029"}],"wp:attachment":[{"href":"https:\/\/nuevo-renacer.com\/en\/wp-json\/wp\/v2\/media?parent=8027"}],"curies":[{"name":"wp","href":"https:\/\/api.w.org\/{rel}","templated":true}]}}