{"id":6947,"date":"2025-02-04T08:23:49","date_gmt":"2025-02-04T08:23:49","guid":{"rendered":"https:\/\/nuevo-renacer.com\/?page_id=6947"},"modified":"2025-02-04T08:23:52","modified_gmt":"2025-02-04T08:23:52","slug":"quien-nos-esperara-al-otro-lado-de-la-vida","status":"publish","type":"page","link":"https:\/\/nuevo-renacer.com\/en\/quien-nos-esperara-al-otro-lado-de-la-vida\/","title":{"rendered":"Who will be waiting for us on the other side of life?"},"content":{"rendered":"<div class=\"wp-block-uagb-container uagb-block-9ada055d alignfull uagb-is-root-container\"><div class=\"uagb-container-inner-blocks-wrap\">\n<p class=\"has-black-color has-text-color has-link-color has-medium-font-size wp-elements-becb6a92b7b812c44b60ad58d30c24a7\"><strong>Who will be waiting for us on the other side of life?<\/strong><\/p>\n<\/div><\/div>\n\n\n\n<div class=\"wp-block-uagb-container uagb-block-1f92a383 alignfull uagb-is-root-container\"><div class=\"uagb-container-inner-blocks-wrap\">\n<figure class=\"wp-block-image size-large is-resized\"><img fetchpriority=\"high\" decoding=\"async\" width=\"1024\" height=\"607\" src=\"https:\/\/nuevo-renacer.com\/wp-content\/uploads\/2025\/02\/Nahtod-1024x607.jpeg\" alt=\"\" class=\"wp-image-6948\" style=\"width:484px;height:auto\" srcset=\"https:\/\/nuevo-renacer.com\/wp-content\/uploads\/2025\/02\/Nahtod-1024x607.jpeg 1024w, https:\/\/nuevo-renacer.com\/wp-content\/uploads\/2025\/02\/Nahtod-300x178.jpeg 300w, https:\/\/nuevo-renacer.com\/wp-content\/uploads\/2025\/02\/Nahtod-768x455.jpeg 768w, https:\/\/nuevo-renacer.com\/wp-content\/uploads\/2025\/02\/Nahtod-1536x911.jpeg 1536w, https:\/\/nuevo-renacer.com\/wp-content\/uploads\/2025\/02\/Nahtod-18x12.jpeg 18w, https:\/\/nuevo-renacer.com\/wp-content\/uploads\/2025\/02\/Nahtod.jpeg 1786w\" sizes=\"(max-width: 1024px) 100vw, 1024px\" \/><\/figure>\n<\/div><\/div>\n\n\n\n<div class=\"wp-block-uagb-container uagb-block-8b1ba782 alignfull uagb-is-root-container\"><div class=\"uagb-container-inner-blocks-wrap\">\n<p class=\"has-black-color has-text-color has-link-color has-small-font-size wp-elements-14080ffb892e38bf60303479417a712e\">This is a question that in many occasions, we can raise that to a large crowd of people is a great question, especially when you are unaware of that knowledge through the study of the Doctrine of the Spirits you can buy.<\/p>\n\n\n\n<p class=\"has-black-color has-text-color has-link-color has-small-font-size wp-elements-6e73250c75d65f9309a3a5bac453a4e8\">We must begin by saying that after death, the spirit emerges from his shell material gradually, has not escaped as a bird that has been returned to freedom. The two planes, the physical and the fluidic, touch confused. So this way the Spirit is disassociating itself little by little from his bonds, since they do not break.<\/p>\n\n\n\n<p class=\"has-black-color has-text-color has-link-color has-small-font-size wp-elements-d962ce013c1b1cfcb28836d8ac1bc035\">Desencarnar is a change of plane, such as the who goes to live to another city, not causing disruption to those that due to their good conscience, have lived on the Earth by practicing the right, in its various forms and within the most varied beliefs. However, death does not grant states miraculous to our consciousness, we are still keeping the sensations, feelings, love, flaws, addictions, resentment, hatred, etc, as well as the virtues that we have been able to conquer in this experience.<\/p>\n\n\n\n<p class=\"has-black-color has-text-color has-link-color has-small-font-size wp-elements-c5f09ed474829dd8a330346cbc026ada\">It is for this reason that if your earthly life has been work and love, the transition of the earth to the spiritual sphere will always be smooth and harmonious.<\/p>\n\n\n\n<p class=\"has-black-color has-text-color has-link-color has-small-font-size wp-elements-330c7061472a959e170c033540259d2d\">In these conditions, you will be able to rediscover immediately to those spirits who have been the object of his affection in the world, assuming that they are in the same level of evolution. It is as well that you can feel and find immediately the company of beings to those he loves and who have preceded them in the hereafter. Often flock to it to return to the Spiritual Homeland and help them to get rid of the wrappers of the matter.<\/p>\n\n\n\n<p class=\"has-black-color has-text-color has-link-color has-small-font-size wp-elements-f10d0be1e0b3a2069f0fe6c8b7f1dc6a\">It is as well as a pleasant bliss and a permanent joy takes hold of their hearts friends and warm-hearted, after the bitterness of the separation and the prolonged absence, rediscovering also immediately to those who met the Earth, and they died before him. In addition to back to find many that he had lost sight of during your last experience.<\/p>\n\n\n\n<p class=\"has-black-color has-text-color has-link-color has-small-font-size wp-elements-89eded1fc6bf2690e7d631aa50e246a4\">One of the encounters more remarkable that we will have is with our Spiritual Guide, who, as we well know it is of a higher-order, that is with us from our birth to our death, and that we often follows after her in the spiritual life, and even during many stock body, because such stocks are but phases are very short relative to the life of the Spirit. He admitted his involvement in the Larger World, like our parents, protect and ampararnos, to guide us on the path of good, through the intuition and inspiration, which throughout our experience has been working in us, in our intimate. If we have made progress, if we have progressed spiritually, he happily there will be advanced as well.<\/p>\n\n\n\n<p class=\"has-black-color has-text-color has-link-color has-small-font-size wp-elements-2000ad85fdf1e499deb0fc04c733658e\">However, in contrast, those that emerge from the Ground saturated obsessions by the transient goods of the world and overshadowed by rebellions, incomprehensible, not found as soon as the Loved ones desencarnaron before. Their perceptions, limited to the dark atmosphere of their thoughts and their values are negative, make it impossible to enjoy the sweet happiness of a reunion.<\/p>\n\n\n\n<p class=\"has-black-color has-text-color has-link-color has-small-font-size wp-elements-f453a58de774f4c7beae0ebdda8c3c78\">In the areas closest to the planet of the disembodied spirits retain the characteristics that were more pleasant in the activities of material existence, taking into account that some of them, who wander through the world with a garment organic imposed by the circumstances of the task that you have to perform next to the embodied, return to conditions before the reincarnation, though rich, if you have been able to fulfil his duties well in the plane of the pains and difficulties of a material.<\/p>\n\n\n\n<p class=\"has-black-color has-text-color has-link-color has-small-font-size wp-elements-41d6081347699da55731bdd909b88639\">That&#039;s why we see so many times to Spirits, long-suffering and disturbed that give the impression of being creatures of abandoned and forgotten, but in reality they are the authors of their helplessness, because of their persistence in evil, criminal intent, or in disobedience to the Divine Laws.<\/p>\n\n\n\n<p class=\"has-black-color has-text-color has-link-color has-small-font-size wp-elements-6595e37ad64054a5616e2ac0999505c2\">In the early days of his spiritual life, a soul disembodied looking naturally the activities that were preferred in the circles of the material life, in obedience to the ties of affinity, such as happens in the associations of the Earth. The Spirits gather in groups based on their harmony and their evolutionary state, preparing for a new stage, a future, earthly experience, allowing himself to guide conveniently by the Brothers superior designated for this type of task, where he planned actions and tests that are necessary for our improvement. The Planning of Reincarnations, is directly related to the activities of Clarification.<\/p>\n\n\n\n<p class=\"has-black-color has-text-color has-link-color has-small-font-size wp-elements-1cc3c20574541d5ff9ba630d383cd0ea\">It naturally takes into account the composite group by the spiritual family, because we will get together again, although changing logically our roles within the schedule, as lawmakers will influence your future to engage in the tasks that will lead to the development of the intellectual and moral, as they are perfectly trained to help and advise Spirits inferior to themselves, affecting the conditions of action of the generations present and to come.<\/p>\n<\/div><\/div>\n\n\n\n<div class=\"wp-block-uagb-container uagb-block-6452fb0e alignfull uagb-is-root-container\"><div class=\"uagb-container-inner-blocks-wrap\"><\/div><\/div>\n\n\n\n<div class=\"wp-block-uagb-container uagb-block-472113c9 alignfull uagb-is-root-container\"><div class=\"uagb-container-inner-blocks-wrap\">\n<p class=\"has-black-color has-text-color has-link-color has-small-font-size wp-elements-f1d45f20666c8dd475d1d41f4e494f48\"><em>Article written by Juan Miguel Fern\u00e1ndez Mu\u00f1oz<\/em><\/p>\n<\/div><\/div>\n\n\n\n<div class=\"wp-block-uagb-container uagb-block-a4ad6ccc alignfull uagb-is-root-container\"><div class=\"uagb-container-inner-blocks-wrap\"><\/div><\/div>\n\n\n\n<div class=\"wp-block-uagb-container uagb-block-237df41c alignfull uagb-is-root-container\"><div class=\"uagb-container-inner-blocks-wrap\"><\/div><\/div>","protected":false},"excerpt":{"rendered":"<p>\u00bfQui\u00e9n nos esperar\u00e1 al otro lado de la vida? Esta es una pregunta que en muchas ocasiones nos podemos plantear y que para una gran multitud de personas es una gran inc\u00f3gnita, sobre todo cuando se desconocen aquellos conocimientos que a trav\u00e9s del estudio de la Doctrina de los Esp\u00edritus se pueden adquirir. Debemos comenzar [&hellip;]<\/p>","protected":false},"author":1,"featured_media":0,"parent":0,"menu_order":0,"comment_status":"closed","ping_status":"closed","template":"","meta":{"_uag_custom_page_level_css":"","site-sidebar-layout":"default","site-content-layout":"","ast-site-content-layout":"default","site-content-style":"default","site-sidebar-style":"default","ast-global-header-display":"","ast-banner-title-visibility":"","ast-main-header-display":"","ast-hfb-above-header-display":"","ast-hfb-below-header-display":"","ast-hfb-mobile-header-display":"","site-post-title":"disabled","ast-breadcrumbs-content":"","ast-featured-img":"","footer-sml-layout":"","theme-transparent-header-meta":"","adv-header-id-meta":"","stick-header-meta":"","header-above-stick-meta":"","header-main-stick-meta":"","header-below-stick-meta":"","astra-migrate-meta-layouts":"set","ast-page-background-enabled":"default","ast-page-background-meta":{"desktop":{"background-color":"var(--ast-global-color-4)","background-image":"","background-repeat":"repeat","background-position":"center center","background-size":"auto","background-attachment":"scroll","background-type":"","background-media":"","overlay-type":"","overlay-color":"","overlay-opacity":"","overlay-gradient":""},"tablet":{"background-color":"","background-image":"","background-repeat":"repeat","background-position":"center center","background-size":"auto","background-attachment":"scroll","background-type":"","background-media":"","overlay-type":"","overlay-color":"","overlay-opacity":"","overlay-gradient":""},"mobile":{"background-color":"","background-image":"","background-repeat":"repeat","background-position":"center center","background-size":"auto","background-attachment":"scroll","background-type":"","background-media":"","overlay-type":"","overlay-color":"","overlay-opacity":"","overlay-gradient":""}},"ast-content-background-meta":{"desktop":{"background-color":"var(--ast-global-color-5)","background-image":"","background-repeat":"repeat","background-position":"center center","background-size":"auto","background-attachment":"scroll","background-type":"","background-media":"","overlay-type":"","overlay-color":"","overlay-opacity":"","overlay-gradient":""},"tablet":{"background-color":"var(--ast-global-color-5)","background-image":"","background-repeat":"repeat","background-position":"center center","background-size":"auto","background-attachment":"scroll","background-type":"","background-media":"","overlay-type":"","overlay-color":"","overlay-opacity":"","overlay-gradient":""},"mobile":{"background-color":"var(--ast-global-color-5)","background-image":"","background-repeat":"repeat","background-position":"center center","background-size":"auto","background-attachment":"scroll","background-type":"","background-media":"","overlay-type":"","overlay-color":"","overlay-opacity":"","overlay-gradient":""}},"footnotes":""},"class_list":["post-6947","page","type-page","status-publish","hentry"],"yoast_head":"<!-- This site is optimized with the Yoast SEO Premium plugin v24.2 (Yoast SEO v24.6) - https:\/\/yoast.com\/wordpress\/plugins\/seo\/ -->\n<title>\u00bfQui\u00e9n nos esperar\u00e1 al otro lado de la vida? - Uni\u00f3n Esp\u00edrita<\/title>\n<meta name=\"robots\" content=\"index, follow, max-snippet:-1, max-image-preview:large, max-video-preview:-1\" \/>\n<link rel=\"canonical\" href=\"https:\/\/nuevo-renacer.com\/en\/quien-nos-esperara-al-otro-lado-de-la-vida\/\" \/>\n<meta property=\"og:locale\" content=\"en_GB\" \/>\n<meta property=\"og:type\" content=\"article\" \/>\n<meta property=\"og:title\" content=\"\u00bfQui\u00e9n nos esperar\u00e1 al otro lado de la vida?\" \/>\n<meta property=\"og:description\" content=\"\u00bfQui\u00e9n nos esperar\u00e1 al otro lado de la vida? Esta es una pregunta que en muchas ocasiones nos podemos plantear y que para una gran multitud de personas es una gran inc\u00f3gnita, sobre todo cuando se desconocen aquellos conocimientos que a trav\u00e9s del estudio de la Doctrina de los Esp\u00edritus se pueden adquirir. Debemos comenzar [&hellip;]\" \/>\n<meta property=\"og:url\" content=\"https:\/\/nuevo-renacer.com\/en\/quien-nos-esperara-al-otro-lado-de-la-vida\/\" \/>\n<meta property=\"og:site_name\" content=\"Uni\u00f3n Esp\u00edrita\" \/>\n<meta property=\"article:publisher\" content=\"https:\/\/www.facebook.com\/groups\/3431398063740829\" \/>\n<meta property=\"article:modified_time\" content=\"2025-02-04T08:23:52+00:00\" \/>\n<meta property=\"og:image\" content=\"https:\/\/nuevo-renacer.com\/wp-content\/uploads\/2025\/02\/Nahtod.jpeg\" \/>\n\t<meta property=\"og:image:width\" content=\"1786\" \/>\n\t<meta property=\"og:image:height\" content=\"1059\" \/>\n\t<meta property=\"og:image:type\" content=\"image\/jpeg\" \/>\n<meta name=\"twitter:card\" content=\"summary_large_image\" \/>\n<meta name=\"twitter:label1\" content=\"Estimated reading time\" \/>\n\t<meta name=\"twitter:data1\" content=\"6 minutes\" \/>\n<script type=\"application\/ld+json\" class=\"yoast-schema-graph\">{\"@context\":\"https:\/\/schema.org\",\"@graph\":[{\"@type\":\"WebPage\",\"@id\":\"https:\/\/nuevo-renacer.com\/quien-nos-esperara-al-otro-lado-de-la-vida\/\",\"url\":\"https:\/\/nuevo-renacer.com\/quien-nos-esperara-al-otro-lado-de-la-vida\/\",\"name\":\"\u00bfQui\u00e9n nos esperar\u00e1 al otro lado de la vida? - Uni\u00f3n Esp\u00edrita\",\"isPartOf\":{\"@id\":\"https:\/\/nuevo-renacer.com\/#website\"},\"primaryImageOfPage\":{\"@id\":\"https:\/\/nuevo-renacer.com\/quien-nos-esperara-al-otro-lado-de-la-vida\/#primaryimage\"},\"image\":{\"@id\":\"https:\/\/nuevo-renacer.com\/quien-nos-esperara-al-otro-lado-de-la-vida\/#primaryimage\"},\"thumbnailUrl\":\"https:\/\/nuevo-renacer.com\/wp-content\/uploads\/2025\/02\/Nahtod-1024x607.jpeg\",\"datePublished\":\"2025-02-04T08:23:49+00:00\",\"dateModified\":\"2025-02-04T08:23:52+00:00\",\"breadcrumb\":{\"@id\":\"https:\/\/nuevo-renacer.com\/quien-nos-esperara-al-otro-lado-de-la-vida\/#breadcrumb\"},\"inLanguage\":\"en-GB\",\"potentialAction\":[{\"@type\":\"ReadAction\",\"target\":[\"https:\/\/nuevo-renacer.com\/quien-nos-esperara-al-otro-lado-de-la-vida\/\"]}]},{\"@type\":\"ImageObject\",\"inLanguage\":\"en-GB\",\"@id\":\"https:\/\/nuevo-renacer.com\/quien-nos-esperara-al-otro-lado-de-la-vida\/#primaryimage\",\"url\":\"https:\/\/nuevo-renacer.com\/wp-content\/uploads\/2025\/02\/Nahtod-1024x607.jpeg\",\"contentUrl\":\"https:\/\/nuevo-renacer.com\/wp-content\/uploads\/2025\/02\/Nahtod-1024x607.jpeg\"},{\"@type\":\"BreadcrumbList\",\"@id\":\"https:\/\/nuevo-renacer.com\/quien-nos-esperara-al-otro-lado-de-la-vida\/#breadcrumb\",\"itemListElement\":[{\"@type\":\"ListItem\",\"position\":1,\"name\":\"Startseite\",\"item\":\"https:\/\/nuevo-renacer.com\/\"},{\"@type\":\"ListItem\",\"position\":2,\"name\":\"\u00bfQui\u00e9n nos esperar\u00e1 al otro lado de la vida?\"}]},{\"@type\":\"WebSite\",\"@id\":\"https:\/\/nuevo-renacer.com\/#website\",\"url\":\"https:\/\/nuevo-renacer.com\/\",\"name\":\"Uni\u00f3n Esp\u00edrita\",\"description\":\"Nuevo Renacer\",\"publisher\":{\"@id\":\"https:\/\/nuevo-renacer.com\/#organization\"},\"potentialAction\":[{\"@type\":\"SearchAction\",\"target\":{\"@type\":\"EntryPoint\",\"urlTemplate\":\"https:\/\/nuevo-renacer.com\/?s={search_term_string}\"},\"query-input\":{\"@type\":\"PropertyValueSpecification\",\"valueRequired\":true,\"valueName\":\"search_term_string\"}}],\"inLanguage\":\"en-GB\"},{\"@type\":\"Organization\",\"@id\":\"https:\/\/nuevo-renacer.com\/#organization\",\"name\":\"UFEC\",\"url\":\"https:\/\/nuevo-renacer.com\/\",\"logo\":{\"@type\":\"ImageObject\",\"inLanguage\":\"en-GB\",\"@id\":\"https:\/\/nuevo-renacer.com\/#\/schema\/logo\/image\/\",\"url\":\"https:\/\/nuevo-renacer.com\/wp-content\/uploads\/2024\/05\/cropped-LOGO-TERMINADO1-3-3.png\",\"contentUrl\":\"https:\/\/nuevo-renacer.com\/wp-content\/uploads\/2024\/05\/cropped-LOGO-TERMINADO1-3-3.png\",\"width\":512,\"height\":512,\"caption\":\"UFEC\"},\"image\":{\"@id\":\"https:\/\/nuevo-renacer.com\/#\/schema\/logo\/image\/\"},\"sameAs\":[\"https:\/\/www.facebook.com\/groups\/3431398063740829\"]}]}<\/script>\n<!-- \/ Yoast SEO Premium plugin. -->","yoast_head_json":{"title":"\u00bfQui\u00e9n nos esperar\u00e1 al otro lado de la vida? - Uni\u00f3n Esp\u00edrita","robots":{"index":"index","follow":"follow","max-snippet":"max-snippet:-1","max-image-preview":"max-image-preview:large","max-video-preview":"max-video-preview:-1"},"canonical":"https:\/\/nuevo-renacer.com\/en\/quien-nos-esperara-al-otro-lado-de-la-vida\/","og_locale":"en_GB","og_type":"article","og_title":"\u00bfQui\u00e9n nos esperar\u00e1 al otro lado de la vida?","og_description":"\u00bfQui\u00e9n nos esperar\u00e1 al otro lado de la vida? Esta es una pregunta que en muchas ocasiones nos podemos plantear y que para una gran multitud de personas es una gran inc\u00f3gnita, sobre todo cuando se desconocen aquellos conocimientos que a trav\u00e9s del estudio de la Doctrina de los Esp\u00edritus se pueden adquirir. Debemos comenzar [&hellip;]","og_url":"https:\/\/nuevo-renacer.com\/en\/quien-nos-esperara-al-otro-lado-de-la-vida\/","og_site_name":"Uni\u00f3n Esp\u00edrita","article_publisher":"https:\/\/www.facebook.com\/groups\/3431398063740829","article_modified_time":"2025-02-04T08:23:52+00:00","og_image":[{"width":1786,"height":1059,"url":"https:\/\/nuevo-renacer.com\/wp-content\/uploads\/2025\/02\/Nahtod.jpeg","type":"image\/jpeg"}],"twitter_card":"summary_large_image","twitter_misc":{"Estimated reading time":"6 minutes"},"schema":{"@context":"https:\/\/schema.org","@graph":[{"@type":"WebPage","@id":"https:\/\/nuevo-renacer.com\/quien-nos-esperara-al-otro-lado-de-la-vida\/","url":"https:\/\/nuevo-renacer.com\/quien-nos-esperara-al-otro-lado-de-la-vida\/","name":"\u00bfQui\u00e9n nos esperar\u00e1 al otro lado de la vida? - Uni\u00f3n Esp\u00edrita","isPartOf":{"@id":"https:\/\/nuevo-renacer.com\/#website"},"primaryImageOfPage":{"@id":"https:\/\/nuevo-renacer.com\/quien-nos-esperara-al-otro-lado-de-la-vida\/#primaryimage"},"image":{"@id":"https:\/\/nuevo-renacer.com\/quien-nos-esperara-al-otro-lado-de-la-vida\/#primaryimage"},"thumbnailUrl":"https:\/\/nuevo-renacer.com\/wp-content\/uploads\/2025\/02\/Nahtod-1024x607.jpeg","datePublished":"2025-02-04T08:23:49+00:00","dateModified":"2025-02-04T08:23:52+00:00","breadcrumb":{"@id":"https:\/\/nuevo-renacer.com\/quien-nos-esperara-al-otro-lado-de-la-vida\/#breadcrumb"},"inLanguage":"en-GB","potentialAction":[{"@type":"ReadAction","target":["https:\/\/nuevo-renacer.com\/quien-nos-esperara-al-otro-lado-de-la-vida\/"]}]},{"@type":"ImageObject","inLanguage":"en-GB","@id":"https:\/\/nuevo-renacer.com\/quien-nos-esperara-al-otro-lado-de-la-vida\/#primaryimage","url":"https:\/\/nuevo-renacer.com\/wp-content\/uploads\/2025\/02\/Nahtod-1024x607.jpeg","contentUrl":"https:\/\/nuevo-renacer.com\/wp-content\/uploads\/2025\/02\/Nahtod-1024x607.jpeg"},{"@type":"BreadcrumbList","@id":"https:\/\/nuevo-renacer.com\/quien-nos-esperara-al-otro-lado-de-la-vida\/#breadcrumb","itemListElement":[{"@type":"ListItem","position":1,"name":"Startseite","item":"https:\/\/nuevo-renacer.com\/"},{"@type":"ListItem","position":2,"name":"\u00bfQui\u00e9n nos esperar\u00e1 al otro lado de la vida?"}]},{"@type":"WebSite","@id":"https:\/\/nuevo-renacer.com\/#website","url":"https:\/\/nuevo-renacer.com\/","name":"Uni\u00f3n Esp\u00edrita","description":"Nuevo Renacer","publisher":{"@id":"https:\/\/nuevo-renacer.com\/#organization"},"potentialAction":[{"@type":"SearchAction","target":{"@type":"EntryPoint","urlTemplate":"https:\/\/nuevo-renacer.com\/?s={search_term_string}"},"query-input":{"@type":"PropertyValueSpecification","valueRequired":true,"valueName":"search_term_string"}}],"inLanguage":"en-GB"},{"@type":"Organization","@id":"https:\/\/nuevo-renacer.com\/#organization","name":"UFEC","url":"https:\/\/nuevo-renacer.com\/","logo":{"@type":"ImageObject","inLanguage":"en-GB","@id":"https:\/\/nuevo-renacer.com\/#\/schema\/logo\/image\/","url":"https:\/\/nuevo-renacer.com\/wp-content\/uploads\/2024\/05\/cropped-LOGO-TERMINADO1-3-3.png","contentUrl":"https:\/\/nuevo-renacer.com\/wp-content\/uploads\/2024\/05\/cropped-LOGO-TERMINADO1-3-3.png","width":512,"height":512,"caption":"UFEC"},"image":{"@id":"https:\/\/nuevo-renacer.com\/#\/schema\/logo\/image\/"},"sameAs":["https:\/\/www.facebook.com\/groups\/3431398063740829"]}]}},"uagb_featured_image_src":{"full":false,"thumbnail":false,"medium":false,"medium_large":false,"large":false,"1536x1536":false,"2048x2048":false,"trp-custom-language-flag":false},"uagb_author_info":{"display_name":"adbv0","author_link":"https:\/\/nuevo-renacer.com\/en\/author\/adbv0\/"},"uagb_comment_info":0,"uagb_excerpt":"\u00bfQui\u00e9n nos esperar\u00e1 al otro lado de la vida? Esta es una pregunta que en muchas ocasiones nos podemos plantear y que para una gran multitud de personas es una gran inc\u00f3gnita, sobre todo cuando se desconocen aquellos conocimientos que a trav\u00e9s del estudio de la Doctrina de los Esp\u00edritus se pueden adquirir. Debemos comenzar&hellip;","jetpack_sharing_enabled":true,"_links":{"self":[{"href":"https:\/\/nuevo-renacer.com\/en\/wp-json\/wp\/v2\/pages\/6947","targetHints":{"allow":["GET"]}}],"collection":[{"href":"https:\/\/nuevo-renacer.com\/en\/wp-json\/wp\/v2\/pages"}],"about":[{"href":"https:\/\/nuevo-renacer.com\/en\/wp-json\/wp\/v2\/types\/page"}],"author":[{"embeddable":true,"href":"https:\/\/nuevo-renacer.com\/en\/wp-json\/wp\/v2\/users\/1"}],"replies":[{"embeddable":true,"href":"https:\/\/nuevo-renacer.com\/en\/wp-json\/wp\/v2\/comments?post=6947"}],"version-history":[{"count":1,"href":"https:\/\/nuevo-renacer.com\/en\/wp-json\/wp\/v2\/pages\/6947\/revisions"}],"predecessor-version":[{"id":6949,"href":"https:\/\/nuevo-renacer.com\/en\/wp-json\/wp\/v2\/pages\/6947\/revisions\/6949"}],"wp:attachment":[{"href":"https:\/\/nuevo-renacer.com\/en\/wp-json\/wp\/v2\/media?parent=6947"}],"curies":[{"name":"wp","href":"https:\/\/api.w.org\/{rel}","templated":true}]}}