{"id":6879,"date":"2025-01-27T09:00:44","date_gmt":"2025-01-27T09:00:44","guid":{"rendered":"https:\/\/nuevo-renacer.com\/?page_id=6879"},"modified":"2025-01-27T09:00:46","modified_gmt":"2025-01-27T09:00:46","slug":"agustin-de-hipona","status":"publish","type":"page","link":"https:\/\/nuevo-renacer.com\/en\/agustin-de-hipona\/","title":{"rendered":"Augustine of Hippo"},"content":{"rendered":"<div class=\"wp-block-uagb-container uagb-block-2154e374 alignfull uagb-is-root-container\"><div class=\"uagb-container-inner-blocks-wrap\">\n<p class=\"has-black-color has-text-color has-link-color has-medium-font-size wp-elements-3b007836c1221bdde765dc993b5d6551\"><strong>Augustine of Hippo<\/strong><\/p>\n<\/div><\/div>\n\n\n\n<div class=\"wp-block-uagb-container uagb-block-bb382803 alignfull uagb-is-root-container\"><div class=\"uagb-container-inner-blocks-wrap\">\n<figure class=\"wp-block-image size-large is-resized\"><img fetchpriority=\"high\" decoding=\"async\" width=\"2000\" height=\"2000\" src=\"https:\/\/nuevo-renacer.com\/wp-content\/uploads\/2025\/01\/il_fullxfull.5931822635_igdn-edited.png\" alt=\"\" class=\"wp-image-6881\" style=\"width:280px;height:auto\" srcset=\"https:\/\/nuevo-renacer.com\/wp-content\/uploads\/2025\/01\/il_fullxfull.5931822635_igdn-edited.png 2000w, https:\/\/nuevo-renacer.com\/wp-content\/uploads\/2025\/01\/il_fullxfull.5931822635_igdn-edited-300x300.png 300w, https:\/\/nuevo-renacer.com\/wp-content\/uploads\/2025\/01\/il_fullxfull.5931822635_igdn-edited-1024x1024.png 1024w, https:\/\/nuevo-renacer.com\/wp-content\/uploads\/2025\/01\/il_fullxfull.5931822635_igdn-edited-150x150.png 150w, https:\/\/nuevo-renacer.com\/wp-content\/uploads\/2025\/01\/il_fullxfull.5931822635_igdn-edited-768x768.png 768w, https:\/\/nuevo-renacer.com\/wp-content\/uploads\/2025\/01\/il_fullxfull.5931822635_igdn-edited-1536x1536.png 1536w, https:\/\/nuevo-renacer.com\/wp-content\/uploads\/2025\/01\/il_fullxfull.5931822635_igdn-edited-12x12.png 12w\" sizes=\"(max-width: 2000px) 100vw, 2000px\" \/><\/figure>\n<\/div><\/div>\n\n\n\n<div class=\"wp-block-uagb-container uagb-block-e92ed10d alignfull uagb-is-root-container\"><div class=\"uagb-container-inner-blocks-wrap\">\n<p class=\"has-black-color has-text-color has-link-color has-small-font-size wp-elements-aeca9760a40e4afb7f27e213eabe5c90\">Augustine was born on 13 November 354 in Tagaste, a small town in present-day Algeria. His childhood and youth were spent in his hometown, the limited environment of a village lost in the mountains. Gifted in oratory, he read and memorised passages from Latin poets and prose writers. He learned elements of music, physics and mathematics. In Carthage he pursued his higher studies and there he also came into contact with the joy and splendour of the ceremonies in honour of the patron gods of the Empire. Although he is described as a thoughtful young man, devoted to books, he confesses that \u2018to love and be loved was a delightful thing\u2019. He went to live with a woman to whom he was faithful and became a father in 373, aged just 19. His son, named Adeodatus, died when he was 17.<\/p>\n\n\n\n<p class=\"has-black-color has-text-color has-link-color has-small-font-size wp-elements-c40d8d8cd0780918813b5b2e133edb2d\">He wanted to excel in eloquence, he confesses, out of pride. He wanted to be the best. A book by Cicero warned him that \u2018true happiness lies in the pursuit of wisdom\u2019. He returned to his hometown and devoted himself to teaching for thirteen years, later teaching in Carthage and Rome. He devoted himself to the study of the Scriptures, but found their style so simple that he became disillusioned and abandoned it. In Milan he seemed a happy man: paid by the state, an almost official figure (he held the chair of eloquence), respected as a teacher. However, he was restless. He was looking for true joy and could not find it. He became fond of Manichaeism, the doctrine of the Persian prophet Mani. After 12 years, dissatisfied with the answers that the doctrine did not give him, he returned to reading the Gospels and to attending the sermons of Bishop Ambrose, who welcomed him as a father.<\/p>\n\n\n\n<p class=\"has-black-color has-text-color has-link-color has-small-font-size wp-elements-2a8e8e5e3aeac284e1ce75a3f30a8ee0\">A nursery rhyme, with the crystalline voice of a child insisting: \u2018Here, read\u2019, made him look for the book on St Paul and return definitively to Christianity. From then on, his life would be one of meditation, writing books and giving speeches. In 391 he was called to Hippo, a large commercial centre of some 30,000 inhabitants. Five years later he was consecrated auxiliary bishop of Hippo. At that time, the struggle against the so-called heresies was great. Augustine, always an official speaker in the synods and councils of Carthage, never forgot that \u2018more valuable than words is brotherly love... The eyes of the sick burn, that is why they are treated with delicacy... Doctors are delicate even with the most intolerant patients: they bear insult, they give medicine, they do not strike back\u2019.<\/p>\n\n\n\n<p class=\"has-black-color has-text-color has-link-color has-small-font-size wp-elements-4a71204b6a310e67347e8b99a8bc74c6\">The words that appear most frequently in his writings are love and charity. Sometimes, while developing an idea, he interrupts his reasoning to cry out in love to God: \u2018O Lord, I love Thee. Thou hast shaken my heart with the word and brought forth love for Thee. Late have I loved Thee, O Beauty so friendly and so new, late have I loved Thee... Thou hast touched me, and I burn with desire for Thy peace\u2019.<\/p>\n\n\n\n<p class=\"has-black-color has-text-color has-link-color has-small-font-size wp-elements-e5806a5f2d5e68d263c5e419385698ee\">Twice a week he spoke at the Church of Peace. On one occasion, speaking of St. John, he was so enthusiastic that he preached for five consecutive days, always to great applause. But he said: \u2018Your praises are the leaves of a tree; I would like to see the fruit\u2019. Such was their admiration for Augustine that they came to believe that he was able to produce cures and they brought patients to him. \u2018If I had the power to heal\u2019, he said, \u201cI would heal myself\u201d. The illness that befell him lasted only a few days. Realising that death was approaching, he asked to be left alone to pray. He died on the night of 28-29 August 430, aged 76. He left no will, as he had no assets. Medieval painters depict him with a book in his hand and his heart on fire. The book symbolises knowledge, the flaming heart, love. Wisdom and love were his inseparable gifts. It is interesting to note that, although he is always depicted with great pomp and luxury, even as a bishop he refused to wear the ring and mitre.<\/p>\n\n\n\n<p class=\"has-black-color has-text-color has-link-color has-small-font-size wp-elements-65955f344a3fb6f2674fb8cb16888c1c\">This spirit was invited to join the working group of the Spirit of Truth, and his reflections can be found in various parts of Kardec's works.<\/p>\n<\/div><\/div>\n\n\n\n<div class=\"wp-block-uagb-container uagb-block-9af4417c alignfull uagb-is-root-container\"><div class=\"uagb-container-inner-blocks-wrap\"><\/div><\/div>\n\n\n\n<div class=\"wp-block-uagb-container uagb-block-24168ba2 alignfull uagb-is-root-container\"><div class=\"uagb-container-inner-blocks-wrap\"><\/div><\/div>","protected":false},"excerpt":{"rendered":"<p>Agust\u00edn de Hipona Agust\u00edn naci\u00f3 el 13 de noviembre de 354 en Tagaste, una peque\u00f1a ciudad de la actual Argelia. Su infancia y juventud transcurrieron en su pueblo natal, el limitado entorno de una aldea perdida entre las monta\u00f1as. Dotado para la oratoria, le\u00eda y memorizaba pasajes de poetas y prosistas latinos. Aprendi\u00f3 elementos de [&hellip;]<\/p>","protected":false},"author":1,"featured_media":0,"parent":0,"menu_order":0,"comment_status":"closed","ping_status":"closed","template":"","meta":{"_uag_custom_page_level_css":"","site-sidebar-layout":"default","site-content-layout":"","ast-site-content-layout":"default","site-content-style":"default","site-sidebar-style":"default","ast-global-header-display":"","ast-banner-title-visibility":"","ast-main-header-display":"","ast-hfb-above-header-display":"","ast-hfb-below-header-display":"","ast-hfb-mobile-header-display":"","site-post-title":"disabled","ast-breadcrumbs-content":"","ast-featured-img":"","footer-sml-layout":"","theme-transparent-header-meta":"","adv-header-id-meta":"","stick-header-meta":"","header-above-stick-meta":"","header-main-stick-meta":"","header-below-stick-meta":"","astra-migrate-meta-layouts":"set","ast-page-background-enabled":"default","ast-page-background-meta":{"desktop":{"background-color":"var(--ast-global-color-4)","background-image":"","background-repeat":"repeat","background-position":"center center","background-size":"auto","background-attachment":"scroll","background-type":"","background-media":"","overlay-type":"","overlay-color":"","overlay-opacity":"","overlay-gradient":""},"tablet":{"background-color":"","background-image":"","background-repeat":"repeat","background-position":"center center","background-size":"auto","background-attachment":"scroll","background-type":"","background-media":"","overlay-type":"","overlay-color":"","overlay-opacity":"","overlay-gradient":""},"mobile":{"background-color":"","background-image":"","background-repeat":"repeat","background-position":"center center","background-size":"auto","background-attachment":"scroll","background-type":"","background-media":"","overlay-type":"","overlay-color":"","overlay-opacity":"","overlay-gradient":""}},"ast-content-background-meta":{"desktop":{"background-color":"var(--ast-global-color-5)","background-image":"","background-repeat":"repeat","background-position":"center center","background-size":"auto","background-attachment":"scroll","background-type":"","background-media":"","overlay-type":"","overlay-color":"","overlay-opacity":"","overlay-gradient":""},"tablet":{"background-color":"var(--ast-global-color-5)","background-image":"","background-repeat":"repeat","background-position":"center center","background-size":"auto","background-attachment":"scroll","background-type":"","background-media":"","overlay-type":"","overlay-color":"","overlay-opacity":"","overlay-gradient":""},"mobile":{"background-color":"var(--ast-global-color-5)","background-image":"","background-repeat":"repeat","background-position":"center center","background-size":"auto","background-attachment":"scroll","background-type":"","background-media":"","overlay-type":"","overlay-color":"","overlay-opacity":"","overlay-gradient":""}},"footnotes":""},"class_list":["post-6879","page","type-page","status-publish","hentry"],"yoast_head":"<!-- This site is optimized with the Yoast SEO Premium plugin v24.2 (Yoast SEO v24.6) - https:\/\/yoast.com\/wordpress\/plugins\/seo\/ -->\n<title>Agust\u00edn de Hipona - Uni\u00f3n Esp\u00edrita<\/title>\n<meta name=\"robots\" content=\"index, follow, max-snippet:-1, max-image-preview:large, max-video-preview:-1\" \/>\n<link rel=\"canonical\" href=\"https:\/\/nuevo-renacer.com\/en\/agustin-de-hipona\/\" \/>\n<meta property=\"og:locale\" content=\"en_GB\" \/>\n<meta property=\"og:type\" content=\"article\" \/>\n<meta property=\"og:title\" content=\"Agust\u00edn de Hipona\" \/>\n<meta property=\"og:description\" content=\"Agust\u00edn de Hipona Agust\u00edn naci\u00f3 el 13 de noviembre de 354 en Tagaste, una peque\u00f1a ciudad de la actual Argelia. Su infancia y juventud transcurrieron en su pueblo natal, el limitado entorno de una aldea perdida entre las monta\u00f1as. Dotado para la oratoria, le\u00eda y memorizaba pasajes de poetas y prosistas latinos. Aprendi\u00f3 elementos de [&hellip;]\" \/>\n<meta property=\"og:url\" content=\"https:\/\/nuevo-renacer.com\/en\/agustin-de-hipona\/\" \/>\n<meta property=\"og:site_name\" content=\"Uni\u00f3n Esp\u00edrita\" \/>\n<meta property=\"article:publisher\" content=\"https:\/\/www.facebook.com\/groups\/3431398063740829\" \/>\n<meta property=\"article:modified_time\" content=\"2025-01-27T09:00:46+00:00\" \/>\n<meta property=\"og:image\" content=\"https:\/\/nuevo-renacer.com\/wp-content\/uploads\/2025\/01\/il_fullxfull.5931822635_igdn-edited-1024x1024.png\" \/>\n\t<meta property=\"og:image:width\" content=\"1024\" \/>\n\t<meta property=\"og:image:height\" content=\"1024\" \/>\n\t<meta property=\"og:image:type\" content=\"image\/png\" \/>\n<meta name=\"twitter:card\" content=\"summary_large_image\" \/>\n<meta name=\"twitter:label1\" content=\"Estimated reading time\" \/>\n\t<meta name=\"twitter:data1\" content=\"5 minutes\" \/>\n<script type=\"application\/ld+json\" class=\"yoast-schema-graph\">{\"@context\":\"https:\/\/schema.org\",\"@graph\":[{\"@type\":\"WebPage\",\"@id\":\"https:\/\/nuevo-renacer.com\/agustin-de-hipona\/\",\"url\":\"https:\/\/nuevo-renacer.com\/agustin-de-hipona\/\",\"name\":\"Agust\u00edn de Hipona - Uni\u00f3n Esp\u00edrita\",\"isPartOf\":{\"@id\":\"https:\/\/nuevo-renacer.com\/#website\"},\"primaryImageOfPage\":{\"@id\":\"https:\/\/nuevo-renacer.com\/agustin-de-hipona\/#primaryimage\"},\"image\":{\"@id\":\"https:\/\/nuevo-renacer.com\/agustin-de-hipona\/#primaryimage\"},\"thumbnailUrl\":\"https:\/\/nuevo-renacer.com\/wp-content\/uploads\/2025\/01\/il_fullxfull.5931822635_igdn-edited.png\",\"datePublished\":\"2025-01-27T09:00:44+00:00\",\"dateModified\":\"2025-01-27T09:00:46+00:00\",\"breadcrumb\":{\"@id\":\"https:\/\/nuevo-renacer.com\/agustin-de-hipona\/#breadcrumb\"},\"inLanguage\":\"en-GB\",\"potentialAction\":[{\"@type\":\"ReadAction\",\"target\":[\"https:\/\/nuevo-renacer.com\/agustin-de-hipona\/\"]}]},{\"@type\":\"ImageObject\",\"inLanguage\":\"en-GB\",\"@id\":\"https:\/\/nuevo-renacer.com\/agustin-de-hipona\/#primaryimage\",\"url\":\"https:\/\/nuevo-renacer.com\/wp-content\/uploads\/2025\/01\/il_fullxfull.5931822635_igdn-edited.png\",\"contentUrl\":\"https:\/\/nuevo-renacer.com\/wp-content\/uploads\/2025\/01\/il_fullxfull.5931822635_igdn-edited.png\"},{\"@type\":\"BreadcrumbList\",\"@id\":\"https:\/\/nuevo-renacer.com\/agustin-de-hipona\/#breadcrumb\",\"itemListElement\":[{\"@type\":\"ListItem\",\"position\":1,\"name\":\"Startseite\",\"item\":\"https:\/\/nuevo-renacer.com\/\"},{\"@type\":\"ListItem\",\"position\":2,\"name\":\"Agust\u00edn de Hipona\"}]},{\"@type\":\"WebSite\",\"@id\":\"https:\/\/nuevo-renacer.com\/#website\",\"url\":\"https:\/\/nuevo-renacer.com\/\",\"name\":\"Uni\u00f3n Esp\u00edrita\",\"description\":\"Nuevo Renacer\",\"publisher\":{\"@id\":\"https:\/\/nuevo-renacer.com\/#organization\"},\"potentialAction\":[{\"@type\":\"SearchAction\",\"target\":{\"@type\":\"EntryPoint\",\"urlTemplate\":\"https:\/\/nuevo-renacer.com\/?s={search_term_string}\"},\"query-input\":{\"@type\":\"PropertyValueSpecification\",\"valueRequired\":true,\"valueName\":\"search_term_string\"}}],\"inLanguage\":\"en-GB\"},{\"@type\":\"Organization\",\"@id\":\"https:\/\/nuevo-renacer.com\/#organization\",\"name\":\"UFEC\",\"url\":\"https:\/\/nuevo-renacer.com\/\",\"logo\":{\"@type\":\"ImageObject\",\"inLanguage\":\"en-GB\",\"@id\":\"https:\/\/nuevo-renacer.com\/#\/schema\/logo\/image\/\",\"url\":\"https:\/\/nuevo-renacer.com\/wp-content\/uploads\/2024\/05\/cropped-LOGO-TERMINADO1-3-3.png\",\"contentUrl\":\"https:\/\/nuevo-renacer.com\/wp-content\/uploads\/2024\/05\/cropped-LOGO-TERMINADO1-3-3.png\",\"width\":512,\"height\":512,\"caption\":\"UFEC\"},\"image\":{\"@id\":\"https:\/\/nuevo-renacer.com\/#\/schema\/logo\/image\/\"},\"sameAs\":[\"https:\/\/www.facebook.com\/groups\/3431398063740829\"]}]}<\/script>\n<!-- \/ Yoast SEO Premium plugin. -->","yoast_head_json":{"title":"Agust\u00edn de Hipona - Uni\u00f3n Esp\u00edrita","robots":{"index":"index","follow":"follow","max-snippet":"max-snippet:-1","max-image-preview":"max-image-preview:large","max-video-preview":"max-video-preview:-1"},"canonical":"https:\/\/nuevo-renacer.com\/en\/agustin-de-hipona\/","og_locale":"en_GB","og_type":"article","og_title":"Agust\u00edn de Hipona","og_description":"Agust\u00edn de Hipona Agust\u00edn naci\u00f3 el 13 de noviembre de 354 en Tagaste, una peque\u00f1a ciudad de la actual Argelia. Su infancia y juventud transcurrieron en su pueblo natal, el limitado entorno de una aldea perdida entre las monta\u00f1as. Dotado para la oratoria, le\u00eda y memorizaba pasajes de poetas y prosistas latinos. Aprendi\u00f3 elementos de [&hellip;]","og_url":"https:\/\/nuevo-renacer.com\/en\/agustin-de-hipona\/","og_site_name":"Uni\u00f3n Esp\u00edrita","article_publisher":"https:\/\/www.facebook.com\/groups\/3431398063740829","article_modified_time":"2025-01-27T09:00:46+00:00","og_image":[{"width":1024,"height":1024,"url":"https:\/\/nuevo-renacer.com\/wp-content\/uploads\/2025\/01\/il_fullxfull.5931822635_igdn-edited-1024x1024.png","type":"image\/png"}],"twitter_card":"summary_large_image","twitter_misc":{"Estimated reading time":"5 minutes"},"schema":{"@context":"https:\/\/schema.org","@graph":[{"@type":"WebPage","@id":"https:\/\/nuevo-renacer.com\/agustin-de-hipona\/","url":"https:\/\/nuevo-renacer.com\/agustin-de-hipona\/","name":"Agust\u00edn de Hipona - Uni\u00f3n Esp\u00edrita","isPartOf":{"@id":"https:\/\/nuevo-renacer.com\/#website"},"primaryImageOfPage":{"@id":"https:\/\/nuevo-renacer.com\/agustin-de-hipona\/#primaryimage"},"image":{"@id":"https:\/\/nuevo-renacer.com\/agustin-de-hipona\/#primaryimage"},"thumbnailUrl":"https:\/\/nuevo-renacer.com\/wp-content\/uploads\/2025\/01\/il_fullxfull.5931822635_igdn-edited.png","datePublished":"2025-01-27T09:00:44+00:00","dateModified":"2025-01-27T09:00:46+00:00","breadcrumb":{"@id":"https:\/\/nuevo-renacer.com\/agustin-de-hipona\/#breadcrumb"},"inLanguage":"en-GB","potentialAction":[{"@type":"ReadAction","target":["https:\/\/nuevo-renacer.com\/agustin-de-hipona\/"]}]},{"@type":"ImageObject","inLanguage":"en-GB","@id":"https:\/\/nuevo-renacer.com\/agustin-de-hipona\/#primaryimage","url":"https:\/\/nuevo-renacer.com\/wp-content\/uploads\/2025\/01\/il_fullxfull.5931822635_igdn-edited.png","contentUrl":"https:\/\/nuevo-renacer.com\/wp-content\/uploads\/2025\/01\/il_fullxfull.5931822635_igdn-edited.png"},{"@type":"BreadcrumbList","@id":"https:\/\/nuevo-renacer.com\/agustin-de-hipona\/#breadcrumb","itemListElement":[{"@type":"ListItem","position":1,"name":"Startseite","item":"https:\/\/nuevo-renacer.com\/"},{"@type":"ListItem","position":2,"name":"Agust\u00edn de Hipona"}]},{"@type":"WebSite","@id":"https:\/\/nuevo-renacer.com\/#website","url":"https:\/\/nuevo-renacer.com\/","name":"Uni\u00f3n Esp\u00edrita","description":"Nuevo Renacer","publisher":{"@id":"https:\/\/nuevo-renacer.com\/#organization"},"potentialAction":[{"@type":"SearchAction","target":{"@type":"EntryPoint","urlTemplate":"https:\/\/nuevo-renacer.com\/?s={search_term_string}"},"query-input":{"@type":"PropertyValueSpecification","valueRequired":true,"valueName":"search_term_string"}}],"inLanguage":"en-GB"},{"@type":"Organization","@id":"https:\/\/nuevo-renacer.com\/#organization","name":"UFEC","url":"https:\/\/nuevo-renacer.com\/","logo":{"@type":"ImageObject","inLanguage":"en-GB","@id":"https:\/\/nuevo-renacer.com\/#\/schema\/logo\/image\/","url":"https:\/\/nuevo-renacer.com\/wp-content\/uploads\/2024\/05\/cropped-LOGO-TERMINADO1-3-3.png","contentUrl":"https:\/\/nuevo-renacer.com\/wp-content\/uploads\/2024\/05\/cropped-LOGO-TERMINADO1-3-3.png","width":512,"height":512,"caption":"UFEC"},"image":{"@id":"https:\/\/nuevo-renacer.com\/#\/schema\/logo\/image\/"},"sameAs":["https:\/\/www.facebook.com\/groups\/3431398063740829"]}]}},"uagb_featured_image_src":{"full":false,"thumbnail":false,"medium":false,"medium_large":false,"large":false,"1536x1536":false,"2048x2048":false,"trp-custom-language-flag":false},"uagb_author_info":{"display_name":"adbv0","author_link":"https:\/\/nuevo-renacer.com\/en\/author\/adbv0\/"},"uagb_comment_info":0,"uagb_excerpt":"Agust\u00edn de Hipona Agust\u00edn naci\u00f3 el 13 de noviembre de 354 en Tagaste, una peque\u00f1a ciudad de la actual Argelia. Su infancia y juventud transcurrieron en su pueblo natal, el limitado entorno de una aldea perdida entre las monta\u00f1as. Dotado para la oratoria, le\u00eda y memorizaba pasajes de poetas y prosistas latinos. Aprendi\u00f3 elementos de&hellip;","jetpack_sharing_enabled":true,"_links":{"self":[{"href":"https:\/\/nuevo-renacer.com\/en\/wp-json\/wp\/v2\/pages\/6879","targetHints":{"allow":["GET"]}}],"collection":[{"href":"https:\/\/nuevo-renacer.com\/en\/wp-json\/wp\/v2\/pages"}],"about":[{"href":"https:\/\/nuevo-renacer.com\/en\/wp-json\/wp\/v2\/types\/page"}],"author":[{"embeddable":true,"href":"https:\/\/nuevo-renacer.com\/en\/wp-json\/wp\/v2\/users\/1"}],"replies":[{"embeddable":true,"href":"https:\/\/nuevo-renacer.com\/en\/wp-json\/wp\/v2\/comments?post=6879"}],"version-history":[{"count":1,"href":"https:\/\/nuevo-renacer.com\/en\/wp-json\/wp\/v2\/pages\/6879\/revisions"}],"predecessor-version":[{"id":6882,"href":"https:\/\/nuevo-renacer.com\/en\/wp-json\/wp\/v2\/pages\/6879\/revisions\/6882"}],"wp:attachment":[{"href":"https:\/\/nuevo-renacer.com\/en\/wp-json\/wp\/v2\/media?parent=6879"}],"curies":[{"name":"wp","href":"https:\/\/api.w.org\/{rel}","templated":true}]}}