{"id":6848,"date":"2025-01-22T09:29:16","date_gmt":"2025-01-22T09:29:16","guid":{"rendered":"https:\/\/nuevo-renacer.com\/?page_id=6848"},"modified":"2025-01-22T10:26:09","modified_gmt":"2025-01-22T10:26:09","slug":"maria-oneill","status":"publish","type":"page","link":"https:\/\/nuevo-renacer.com\/en\/maria-oneill\/","title":{"rendered":"Maria O\u00b4Neill"},"content":{"rendered":"<div class=\"wp-block-uagb-container uagb-block-c3233075 alignfull uagb-is-root-container\"><div class=\"uagb-container-inner-blocks-wrap\">\n<p class=\"has-black-color has-text-color has-link-color has-medium-font-size wp-elements-1fd816dfa191dec6edef56988638b806\"><strong>Maria O\u00b4Neill<\/strong><\/p>\n<\/div><\/div>\n\n\n\n<div class=\"wp-block-uagb-container uagb-block-9b39e03b alignfull uagb-is-root-container\"><div class=\"uagb-container-inner-blocks-wrap\">\n<figure class=\"wp-block-image size-full is-resized\"><img decoding=\"async\" width=\"190\" height=\"217\" src=\"https:\/\/nuevo-renacer.com\/wp-content\/uploads\/2025\/01\/images-1.jpg\" alt=\"\" class=\"wp-image-6855\" style=\"width:233px;height:auto\" srcset=\"https:\/\/nuevo-renacer.com\/wp-content\/uploads\/2025\/01\/images-1.jpg 190w, https:\/\/nuevo-renacer.com\/wp-content\/uploads\/2025\/01\/images-1-11x12.jpg 11w\" sizes=\"(max-width: 190px) 100vw, 190px\" \/><\/figure>\n<\/div><\/div>\n\n\n\n<div class=\"wp-block-uagb-container uagb-block-13a92970 alignfull uagb-is-root-container\"><div class=\"uagb-container-inner-blocks-wrap\">\n<p class=\"has-black-color has-text-color has-link-color has-small-font-size wp-elements-00f8b78d71baa2efc438e560623660bb\">Mar\u00eda O'Neill, a writer, began her career in theosophy, and later became interested in spiritism, to which she devoted much of her life until the end of her days. He participated in the 1st Portuguese Spiritist Congress and gave FEP the most dedicated collaboration. He was part of the editorial staff of the magazine Espiritismo, in which he always collaborated.<\/p>\n\n\n\n<p class=\"has-black-color has-text-color has-link-color has-small-font-size wp-elements-158e6468cf41ef56dd6236b8076514c0\">Person \u00abopen to all the anxieties and worries of thought, his life was an apostolate of generous and beautiful ideas\u00bb. Her literary work, quite extensive, included a collection of children\u2019s stories, considered the best in Portuguese at that time, and which were translated into several languages. It began literarily with a book of poetry, \u00abNimbos\u00bb, prefaced by Bulh\u00e3o Pato, to which \"followed other works, some of remarkable value, such as \u00abThe Struggle of Feelings\u00bb, \u00abIllusion Undone\u00bb, \u00abA Drama of Jealousy\u00bb, \u00abLove is suffering\u00bb, \u00abA happy engagement\u00bb, \u00abLove Psalms\u00bb, \u00abReal Life\u00bb, \u00abFemale Souls\u00bb, \u00abThe Viper\u00bb, \u00abLoose Leaves\u00bb, \u00abThe Collar of Vera\u00bb, \u00abLove everything gets\u00bb, among others.<\/p>\n\n\n\n<p class=\"has-black-color has-text-color has-link-color has-small-font-size wp-elements-5c2f9648088b10c021560ddc9b3eda78\">Their philanthropic activity was no less fruitful, because they were made to be discreet by their moral greatness, to do good without concern, to distribute the savings and the performance of their literary works with motherly simplicity to those in need.<\/p>\n\n\n\n<p class=\"has-black-color has-text-color has-link-color has-small-font-size wp-elements-30eb9bac137f6b1ae9f82625dec460b0\">The companion and teacher, who was dedicated to the Portuguese Spiritist Federation like few others, had the ideal that she made visible through the demystification and purity she knew how to serve... Woman of great culture, member of the Academy of Literature, had always been a brilliant spirit and superior character... Within the FEP, it was a coordinating and harmonizing element between those who were sometimes in disagreement, which led them to reconsider their attitudes, which were sometimes considered as insoluble.<\/p>\n\n\n\n<p class=\"has-black-color has-text-color has-link-color has-small-font-size wp-elements-2e31a25b4d4cae7d36fd0b2c32d4d119\">Maria O'Neill surprised all who heard her with her easy words, clarity and clear reasoning. A true woman of arms is developing in conferences, giving special support to the Spiritists from the Algarve and Alentejo who often invited her to lectures. Several praising references to Maria O'Neill could be found in \"Com\u00e9rcio do Porto\" (17-11-1929), \"Gazeta de Coimbra\" (28-11-1929), \"O Primeiro de Janeiro\" (28-11-1929), among many other famous newspapers of the time.<\/p>\n\n\n\n<p class=\"has-black-color has-text-color has-link-color has-small-font-size wp-elements-45cf388f6f704720cfcea050e8d8aec0\">In 1930 she went to Brazil, where she gave a series of lectures on literary and spiritist topics. The success is great in the countries of Santa Cruz. She returned to Lisbon and went back to Brazil, this time in February 1932, where she was expected to attend many conferences on spiritism. Her health was quite serious when she landed in Bahia and decided to return urgently to Lisbon.<\/p>\n\n\n\n<p class=\"has-black-color has-text-color has-link-color has-small-font-size wp-elements-e95907222a0354e45cca5f7a49fcaf75\">She died on the open sea, two days after she had begun her return journey, on 23 March 1932. Her body was thrown into the sea, as preferred by the Hindu mystics with whom Maria O'Neill had a deep connection, as a student of Annie Besant and Blawatsky, while their immortal spirit, in search of new horizons, demanded further stations of spirituality.<\/p>\n<\/div><\/div>\n\n\n\n<div class=\"wp-block-uagb-container uagb-block-2ca14fd4 alignfull uagb-is-root-container\"><div class=\"uagb-container-inner-blocks-wrap\"><\/div><\/div>\n\n\n\n<div class=\"wp-block-uagb-container uagb-block-bead905b alignfull uagb-is-root-container\"><div class=\"uagb-container-inner-blocks-wrap\"><\/div><\/div>","protected":false},"excerpt":{"rendered":"<p>Maria O\u00b4Neill Mar\u00eda O&#8217;Neill, escritora, se inici\u00f3 en la teosof\u00eda, interes\u00e1ndose posteriormente por el espiritismo, al que dedic\u00f3 hasta el final de sus d\u00edas una gran parte de su existencia. Particip\u00f3 en el I Congreso Esp\u00edrita Portugu\u00e9s y dio a la FEP la m\u00e1s dedicada colaboraci\u00f3n. Fue parte del cuerpo redactor de la revista Espiritismo, [&hellip;]<\/p>","protected":false},"author":1,"featured_media":0,"parent":0,"menu_order":0,"comment_status":"closed","ping_status":"closed","template":"","meta":{"_uag_custom_page_level_css":"","site-sidebar-layout":"default","site-content-layout":"","ast-site-content-layout":"default","site-content-style":"default","site-sidebar-style":"default","ast-global-header-display":"","ast-banner-title-visibility":"","ast-main-header-display":"","ast-hfb-above-header-display":"","ast-hfb-below-header-display":"","ast-hfb-mobile-header-display":"","site-post-title":"disabled","ast-breadcrumbs-content":"","ast-featured-img":"","footer-sml-layout":"","theme-transparent-header-meta":"","adv-header-id-meta":"","stick-header-meta":"","header-above-stick-meta":"","header-main-stick-meta":"","header-below-stick-meta":"","astra-migrate-meta-layouts":"set","ast-page-background-enabled":"default","ast-page-background-meta":{"desktop":{"background-color":"var(--ast-global-color-4)","background-image":"","background-repeat":"repeat","background-position":"center center","background-size":"auto","background-attachment":"scroll","background-type":"","background-media":"","overlay-type":"","overlay-color":"","overlay-opacity":"","overlay-gradient":""},"tablet":{"background-color":"","background-image":"","background-repeat":"repeat","background-position":"center center","background-size":"auto","background-attachment":"scroll","background-type":"","background-media":"","overlay-type":"","overlay-color":"","overlay-opacity":"","overlay-gradient":""},"mobile":{"background-color":"","background-image":"","background-repeat":"repeat","background-position":"center center","background-size":"auto","background-attachment":"scroll","background-type":"","background-media":"","overlay-type":"","overlay-color":"","overlay-opacity":"","overlay-gradient":""}},"ast-content-background-meta":{"desktop":{"background-color":"var(--ast-global-color-5)","background-image":"","background-repeat":"repeat","background-position":"center center","background-size":"auto","background-attachment":"scroll","background-type":"","background-media":"","overlay-type":"","overlay-color":"","overlay-opacity":"","overlay-gradient":""},"tablet":{"background-color":"var(--ast-global-color-5)","background-image":"","background-repeat":"repeat","background-position":"center center","background-size":"auto","background-attachment":"scroll","background-type":"","background-media":"","overlay-type":"","overlay-color":"","overlay-opacity":"","overlay-gradient":""},"mobile":{"background-color":"var(--ast-global-color-5)","background-image":"","background-repeat":"repeat","background-position":"center center","background-size":"auto","background-attachment":"scroll","background-type":"","background-media":"","overlay-type":"","overlay-color":"","overlay-opacity":"","overlay-gradient":""}},"footnotes":""},"class_list":["post-6848","page","type-page","status-publish","hentry"],"yoast_head":"<!-- This site is optimized with the Yoast SEO Premium plugin v24.2 (Yoast SEO v24.6) - https:\/\/yoast.com\/wordpress\/plugins\/seo\/ -->\n<title>Maria O\u00b4Neill - Uni\u00f3n Esp\u00edrita<\/title>\n<meta name=\"robots\" content=\"index, follow, max-snippet:-1, max-image-preview:large, max-video-preview:-1\" \/>\n<link rel=\"canonical\" href=\"https:\/\/nuevo-renacer.com\/en\/maria-oneill\/\" \/>\n<meta property=\"og:locale\" content=\"en_GB\" \/>\n<meta property=\"og:type\" content=\"article\" \/>\n<meta property=\"og:title\" content=\"Maria O\u00b4Neill\" \/>\n<meta property=\"og:description\" content=\"Maria O\u00b4Neill Mar\u00eda O&#8217;Neill, escritora, se inici\u00f3 en la teosof\u00eda, interes\u00e1ndose posteriormente por el espiritismo, al que dedic\u00f3 hasta el final de sus d\u00edas una gran parte de su existencia. Particip\u00f3 en el I Congreso Esp\u00edrita Portugu\u00e9s y dio a la FEP la m\u00e1s dedicada colaboraci\u00f3n. Fue parte del cuerpo redactor de la revista Espiritismo, [&hellip;]\" \/>\n<meta property=\"og:url\" content=\"https:\/\/nuevo-renacer.com\/en\/maria-oneill\/\" \/>\n<meta property=\"og:site_name\" content=\"Uni\u00f3n Esp\u00edrita\" \/>\n<meta property=\"article:publisher\" content=\"https:\/\/www.facebook.com\/groups\/3431398063740829\" \/>\n<meta property=\"article:modified_time\" content=\"2025-01-22T10:26:09+00:00\" \/>\n<meta property=\"og:image\" content=\"https:\/\/nuevo-renacer.com\/wp-content\/uploads\/2025\/01\/images-1.jpg\" \/>\n\t<meta property=\"og:image:width\" content=\"190\" \/>\n\t<meta property=\"og:image:height\" content=\"217\" \/>\n\t<meta property=\"og:image:type\" content=\"image\/jpeg\" \/>\n<meta name=\"twitter:card\" content=\"summary_large_image\" \/>\n<meta name=\"twitter:label1\" content=\"Estimated reading time\" \/>\n\t<meta name=\"twitter:data1\" content=\"3 minutes\" \/>\n<script type=\"application\/ld+json\" class=\"yoast-schema-graph\">{\"@context\":\"https:\/\/schema.org\",\"@graph\":[{\"@type\":\"WebPage\",\"@id\":\"https:\/\/nuevo-renacer.com\/maria-oneill\/\",\"url\":\"https:\/\/nuevo-renacer.com\/maria-oneill\/\",\"name\":\"Maria O\u00b4Neill - Uni\u00f3n Esp\u00edrita\",\"isPartOf\":{\"@id\":\"https:\/\/nuevo-renacer.com\/#website\"},\"primaryImageOfPage\":{\"@id\":\"https:\/\/nuevo-renacer.com\/maria-oneill\/#primaryimage\"},\"image\":{\"@id\":\"https:\/\/nuevo-renacer.com\/maria-oneill\/#primaryimage\"},\"thumbnailUrl\":\"https:\/\/nuevo-renacer.com\/wp-content\/uploads\/2025\/01\/images-1.jpg\",\"datePublished\":\"2025-01-22T09:29:16+00:00\",\"dateModified\":\"2025-01-22T10:26:09+00:00\",\"breadcrumb\":{\"@id\":\"https:\/\/nuevo-renacer.com\/maria-oneill\/#breadcrumb\"},\"inLanguage\":\"en-GB\",\"potentialAction\":[{\"@type\":\"ReadAction\",\"target\":[\"https:\/\/nuevo-renacer.com\/maria-oneill\/\"]}]},{\"@type\":\"ImageObject\",\"inLanguage\":\"en-GB\",\"@id\":\"https:\/\/nuevo-renacer.com\/maria-oneill\/#primaryimage\",\"url\":\"https:\/\/nuevo-renacer.com\/wp-content\/uploads\/2025\/01\/images-1.jpg\",\"contentUrl\":\"https:\/\/nuevo-renacer.com\/wp-content\/uploads\/2025\/01\/images-1.jpg\"},{\"@type\":\"BreadcrumbList\",\"@id\":\"https:\/\/nuevo-renacer.com\/maria-oneill\/#breadcrumb\",\"itemListElement\":[{\"@type\":\"ListItem\",\"position\":1,\"name\":\"Startseite\",\"item\":\"https:\/\/nuevo-renacer.com\/\"},{\"@type\":\"ListItem\",\"position\":2,\"name\":\"Maria O\u00b4Neill\"}]},{\"@type\":\"WebSite\",\"@id\":\"https:\/\/nuevo-renacer.com\/#website\",\"url\":\"https:\/\/nuevo-renacer.com\/\",\"name\":\"Uni\u00f3n Esp\u00edrita\",\"description\":\"Nuevo Renacer\",\"publisher\":{\"@id\":\"https:\/\/nuevo-renacer.com\/#organization\"},\"potentialAction\":[{\"@type\":\"SearchAction\",\"target\":{\"@type\":\"EntryPoint\",\"urlTemplate\":\"https:\/\/nuevo-renacer.com\/?s={search_term_string}\"},\"query-input\":{\"@type\":\"PropertyValueSpecification\",\"valueRequired\":true,\"valueName\":\"search_term_string\"}}],\"inLanguage\":\"en-GB\"},{\"@type\":\"Organization\",\"@id\":\"https:\/\/nuevo-renacer.com\/#organization\",\"name\":\"UFEC\",\"url\":\"https:\/\/nuevo-renacer.com\/\",\"logo\":{\"@type\":\"ImageObject\",\"inLanguage\":\"en-GB\",\"@id\":\"https:\/\/nuevo-renacer.com\/#\/schema\/logo\/image\/\",\"url\":\"https:\/\/nuevo-renacer.com\/wp-content\/uploads\/2024\/05\/cropped-LOGO-TERMINADO1-3-3.png\",\"contentUrl\":\"https:\/\/nuevo-renacer.com\/wp-content\/uploads\/2024\/05\/cropped-LOGO-TERMINADO1-3-3.png\",\"width\":512,\"height\":512,\"caption\":\"UFEC\"},\"image\":{\"@id\":\"https:\/\/nuevo-renacer.com\/#\/schema\/logo\/image\/\"},\"sameAs\":[\"https:\/\/www.facebook.com\/groups\/3431398063740829\"]}]}<\/script>\n<!-- \/ Yoast SEO Premium plugin. -->","yoast_head_json":{"title":"Maria O\u00b4Neill - Uni\u00f3n Esp\u00edrita","robots":{"index":"index","follow":"follow","max-snippet":"max-snippet:-1","max-image-preview":"max-image-preview:large","max-video-preview":"max-video-preview:-1"},"canonical":"https:\/\/nuevo-renacer.com\/en\/maria-oneill\/","og_locale":"en_GB","og_type":"article","og_title":"Maria O\u00b4Neill","og_description":"Maria O\u00b4Neill Mar\u00eda O&#8217;Neill, escritora, se inici\u00f3 en la teosof\u00eda, interes\u00e1ndose posteriormente por el espiritismo, al que dedic\u00f3 hasta el final de sus d\u00edas una gran parte de su existencia. Particip\u00f3 en el I Congreso Esp\u00edrita Portugu\u00e9s y dio a la FEP la m\u00e1s dedicada colaboraci\u00f3n. Fue parte del cuerpo redactor de la revista Espiritismo, [&hellip;]","og_url":"https:\/\/nuevo-renacer.com\/en\/maria-oneill\/","og_site_name":"Uni\u00f3n Esp\u00edrita","article_publisher":"https:\/\/www.facebook.com\/groups\/3431398063740829","article_modified_time":"2025-01-22T10:26:09+00:00","og_image":[{"width":190,"height":217,"url":"https:\/\/nuevo-renacer.com\/wp-content\/uploads\/2025\/01\/images-1.jpg","type":"image\/jpeg"}],"twitter_card":"summary_large_image","twitter_misc":{"Estimated reading time":"3 minutes"},"schema":{"@context":"https:\/\/schema.org","@graph":[{"@type":"WebPage","@id":"https:\/\/nuevo-renacer.com\/maria-oneill\/","url":"https:\/\/nuevo-renacer.com\/maria-oneill\/","name":"Maria O\u00b4Neill - Uni\u00f3n Esp\u00edrita","isPartOf":{"@id":"https:\/\/nuevo-renacer.com\/#website"},"primaryImageOfPage":{"@id":"https:\/\/nuevo-renacer.com\/maria-oneill\/#primaryimage"},"image":{"@id":"https:\/\/nuevo-renacer.com\/maria-oneill\/#primaryimage"},"thumbnailUrl":"https:\/\/nuevo-renacer.com\/wp-content\/uploads\/2025\/01\/images-1.jpg","datePublished":"2025-01-22T09:29:16+00:00","dateModified":"2025-01-22T10:26:09+00:00","breadcrumb":{"@id":"https:\/\/nuevo-renacer.com\/maria-oneill\/#breadcrumb"},"inLanguage":"en-GB","potentialAction":[{"@type":"ReadAction","target":["https:\/\/nuevo-renacer.com\/maria-oneill\/"]}]},{"@type":"ImageObject","inLanguage":"en-GB","@id":"https:\/\/nuevo-renacer.com\/maria-oneill\/#primaryimage","url":"https:\/\/nuevo-renacer.com\/wp-content\/uploads\/2025\/01\/images-1.jpg","contentUrl":"https:\/\/nuevo-renacer.com\/wp-content\/uploads\/2025\/01\/images-1.jpg"},{"@type":"BreadcrumbList","@id":"https:\/\/nuevo-renacer.com\/maria-oneill\/#breadcrumb","itemListElement":[{"@type":"ListItem","position":1,"name":"Startseite","item":"https:\/\/nuevo-renacer.com\/"},{"@type":"ListItem","position":2,"name":"Maria O\u00b4Neill"}]},{"@type":"WebSite","@id":"https:\/\/nuevo-renacer.com\/#website","url":"https:\/\/nuevo-renacer.com\/","name":"Uni\u00f3n Esp\u00edrita","description":"Nuevo Renacer","publisher":{"@id":"https:\/\/nuevo-renacer.com\/#organization"},"potentialAction":[{"@type":"SearchAction","target":{"@type":"EntryPoint","urlTemplate":"https:\/\/nuevo-renacer.com\/?s={search_term_string}"},"query-input":{"@type":"PropertyValueSpecification","valueRequired":true,"valueName":"search_term_string"}}],"inLanguage":"en-GB"},{"@type":"Organization","@id":"https:\/\/nuevo-renacer.com\/#organization","name":"UFEC","url":"https:\/\/nuevo-renacer.com\/","logo":{"@type":"ImageObject","inLanguage":"en-GB","@id":"https:\/\/nuevo-renacer.com\/#\/schema\/logo\/image\/","url":"https:\/\/nuevo-renacer.com\/wp-content\/uploads\/2024\/05\/cropped-LOGO-TERMINADO1-3-3.png","contentUrl":"https:\/\/nuevo-renacer.com\/wp-content\/uploads\/2024\/05\/cropped-LOGO-TERMINADO1-3-3.png","width":512,"height":512,"caption":"UFEC"},"image":{"@id":"https:\/\/nuevo-renacer.com\/#\/schema\/logo\/image\/"},"sameAs":["https:\/\/www.facebook.com\/groups\/3431398063740829"]}]}},"uagb_featured_image_src":{"full":false,"thumbnail":false,"medium":false,"medium_large":false,"large":false,"1536x1536":false,"2048x2048":false,"trp-custom-language-flag":false},"uagb_author_info":{"display_name":"adbv0","author_link":"https:\/\/nuevo-renacer.com\/en\/author\/adbv0\/"},"uagb_comment_info":0,"uagb_excerpt":"Maria O\u00b4Neill Mar\u00eda O&#8217;Neill, escritora, se inici\u00f3 en la teosof\u00eda, interes\u00e1ndose posteriormente por el espiritismo, al que dedic\u00f3 hasta el final de sus d\u00edas una gran parte de su existencia. Particip\u00f3 en el I Congreso Esp\u00edrita Portugu\u00e9s y dio a la FEP la m\u00e1s dedicada colaboraci\u00f3n. Fue parte del cuerpo redactor de la revista Espiritismo,&hellip;","jetpack_sharing_enabled":true,"_links":{"self":[{"href":"https:\/\/nuevo-renacer.com\/en\/wp-json\/wp\/v2\/pages\/6848","targetHints":{"allow":["GET"]}}],"collection":[{"href":"https:\/\/nuevo-renacer.com\/en\/wp-json\/wp\/v2\/pages"}],"about":[{"href":"https:\/\/nuevo-renacer.com\/en\/wp-json\/wp\/v2\/types\/page"}],"author":[{"embeddable":true,"href":"https:\/\/nuevo-renacer.com\/en\/wp-json\/wp\/v2\/users\/1"}],"replies":[{"embeddable":true,"href":"https:\/\/nuevo-renacer.com\/en\/wp-json\/wp\/v2\/comments?post=6848"}],"version-history":[{"count":4,"href":"https:\/\/nuevo-renacer.com\/en\/wp-json\/wp\/v2\/pages\/6848\/revisions"}],"predecessor-version":[{"id":6856,"href":"https:\/\/nuevo-renacer.com\/en\/wp-json\/wp\/v2\/pages\/6848\/revisions\/6856"}],"wp:attachment":[{"href":"https:\/\/nuevo-renacer.com\/en\/wp-json\/wp\/v2\/media?parent=6848"}],"curies":[{"name":"wp","href":"https:\/\/api.w.org\/{rel}","templated":true}]}}