{"id":6835,"date":"2025-01-21T08:24:17","date_gmt":"2025-01-21T08:24:17","guid":{"rendered":"https:\/\/nuevo-renacer.com\/?page_id=6835"},"modified":"2025-01-21T10:39:43","modified_gmt":"2025-01-21T10:39:43","slug":"frederic-myers","status":"publish","type":"page","link":"https:\/\/nuevo-renacer.com\/en\/frederic-myers\/","title":{"rendered":"Frederic Myers"},"content":{"rendered":"<div class=\"wp-block-uagb-container uagb-block-6eb2eb81 alignfull uagb-is-root-container\"><div class=\"uagb-container-inner-blocks-wrap\">\n<p class=\"has-black-color has-text-color has-link-color has-medium-font-size wp-elements-d53ec2fd06ca8da62a6c46247952ab4b\"><strong>Frederic Myers<\/strong><\/p>\n<\/div><\/div>\n\n\n\n<div class=\"wp-block-uagb-container uagb-block-471fba8b alignfull uagb-is-root-container\"><div class=\"uagb-container-inner-blocks-wrap\">\n<figure class=\"wp-block-image size-large is-resized\"><img fetchpriority=\"high\" decoding=\"async\" width=\"829\" height=\"1024\" src=\"https:\/\/nuevo-renacer.com\/wp-content\/uploads\/2025\/01\/Frederic_William_Henry_Myers_by_William_Clarke_Wontner-829x1024.jpg\" alt=\"\" class=\"wp-image-6836\" style=\"width:286px;height:auto\" srcset=\"https:\/\/nuevo-renacer.com\/wp-content\/uploads\/2025\/01\/Frederic_William_Henry_Myers_by_William_Clarke_Wontner-829x1024.jpg 829w, https:\/\/nuevo-renacer.com\/wp-content\/uploads\/2025\/01\/Frederic_William_Henry_Myers_by_William_Clarke_Wontner-243x300.jpg 243w, https:\/\/nuevo-renacer.com\/wp-content\/uploads\/2025\/01\/Frederic_William_Henry_Myers_by_William_Clarke_Wontner-768x949.jpg 768w, https:\/\/nuevo-renacer.com\/wp-content\/uploads\/2025\/01\/Frederic_William_Henry_Myers_by_William_Clarke_Wontner-1243x1536.jpg 1243w, https:\/\/nuevo-renacer.com\/wp-content\/uploads\/2025\/01\/Frederic_William_Henry_Myers_by_William_Clarke_Wontner-1657x2048.jpg 1657w, https:\/\/nuevo-renacer.com\/wp-content\/uploads\/2025\/01\/Frederic_William_Henry_Myers_by_William_Clarke_Wontner-10x12.jpg 10w\" sizes=\"(max-width: 829px) 100vw, 829px\" \/><\/figure>\n<\/div><\/div>\n\n\n\n<div class=\"wp-block-uagb-container uagb-block-6ec3e696 alignfull uagb-is-root-container\"><div class=\"uagb-container-inner-blocks-wrap\">\n<p class=\"has-black-color has-text-color has-link-color has-small-font-size wp-elements-bf8b4689715d373811840da1f80564d1\">He was born in Keswick (Cumberland), England, on 6 February 1843, and died in Rome, Italy, on 17 January 1901.<\/p>\n\n\n\n<p class=\"has-black-color has-text-color has-link-color has-small-font-size wp-elements-78f6a35cd2fd15bf35c1a1a24b1e25ba\">Frederic William Henry Myers, better known as Frederic Myers, was an English literary scholar, famous for his remarkable writings and studies on spiritism.<\/p>\n\n\n\n<p class=\"has-black-color has-text-color has-link-color has-small-font-size wp-elements-684f57c9296ea7eac92d1599f1e18a98\">He was educated at Trinity College, Cambridge, and, after achieving a considerable number of successes, was appointed a teacher there and, in 1872, inspector of all the schools in the district. At that time he had already published a poem entitled \u2018S\u00e3o Paulo\u2019. In 1870 and 1872 he published two more volumes of poetry. In 1883 he published his \u2018Classical and Modern Essays\u2019, a work of considerable literary value.<\/p>\n\n\n\n<p class=\"has-black-color has-text-color has-link-color has-small-font-size wp-elements-e2e4d893caf949efd7980b1d364cb972\">In 1882, after several essays, studies and discussions, he was first on the list of founders of the \u2018London Society for Psychical Research\u2019 and became the society's spokesman, making a valuable contribution to the revision of the masterpiece \u2018Ghost of the Living\u2019 (1886), for which he wrote the introduction. He also wrote \u2018Science and the Afterlife\u2019.<\/p>\n\n\n\n<p class=\"has-black-color has-text-color has-link-color has-small-font-size wp-elements-9b7ec8e7da6717630c273ad601b0b1d7\">After his disincarnation, his book \u2018Human Personality and its Survival of Bodily Death\u2019 was published, translated into Portuguese under the title \"A Personalidade Humana\" (The Human Personality), a work which constituted, in fact and in law, a precious contribution to the field of psychical research and which was described by the learned William James as the first attempt to consider the phenomena of hallucination, hypnotism, automatism and split personality as parts of a single whole.<\/p>\n\n\n\n<p class=\"has-black-color has-text-color has-link-color has-small-font-size wp-elements-d4e8f2cfcd74dfe717fd53f7cba9aa29\">His work \"The Human Personality\" was dedicated to Henry Sidgwick and Edmond Gurney and is a repository of brilliant teachings. In it, Myers proclaims that \u2018as Socrates brought philosophy down from heaven to earth, so it was the medium Emmanuel Swedenborg who raised philosophy from earth to heaven.<\/p>\n\n\n\n<p class=\"has-black-color has-text-color has-link-color has-small-font-size wp-elements-20ec5d11d317a98f644be32863a5abad\">The Spiritism owes much to Frederic Myers for the interest he always showed in the investigation of psychic phenomena and for the idealism that guided him, seeking to convince many people through methodical work and the dissemination of spiritist truths, through works that had the merit of sensitising many notoriously influential people, among them \u2018Sir\u2019 Arthur Conan Doyle, the brilliant creator of \u2018Sherlock Holmes\u2019, who even said in one of his stories that Frederic Myers' work \u201cThe Human Personality\u201d was the one that impressed him the most, contributing decisively to his conversion to the Spiritism.<\/p>\n\n\n\n<p class=\"has-black-color has-text-color has-link-color has-small-font-size wp-elements-58a6b7dbe413ae4792810e2f830f0a6b\">In his work \u2018History of the the Spiritism\u2019, Conan Doyle testifies about Myers, saying: \u2018The faith which F. W. H. Myers had lost in Christianity was restored by the Spiritism\u2019. In his book \u2018The Final Faith\u2019, he says: \"I cannot in any profound sense contrast my present belief with Christianity. I regard it rather as a scientific development of the attitude and teaching of Christ\".<\/p>\n\n\n\n<p class=\"has-black-color has-text-color has-link-color has-small-font-size wp-elements-52b9b3ee7f4afd28c3b52bb92db3363a\">Consequently, Frederic Myers was one of the most erudite researchers of the last century, and his contribution to the dissemination of spiritism was one of the most appreciated.<\/p>\n<\/div><\/div>\n\n\n\n<div class=\"wp-block-uagb-container uagb-block-ec1b0aba alignfull uagb-is-root-container\"><div class=\"uagb-container-inner-blocks-wrap\"><\/div><\/div>\n\n\n\n<div class=\"wp-block-uagb-container uagb-block-714a0535 alignfull uagb-is-root-container\"><div class=\"uagb-container-inner-blocks-wrap\"><\/div><\/div>","protected":false},"excerpt":{"rendered":"<p>Frederic Myers Naci\u00f3 en Keswick (Cumberland), Inglaterra, el 6 de febrero de 1843, y muri\u00f3 en Roma, Italia, el 17 de enero de 1901. Frederic William Henry Myers, m\u00e1s conocido como Frederic Myers, fue un erudito literario ingl\u00e9s, famoso por sus notables escritos y estudios sobre los fen\u00f3menos esp\u00edritas. Se educ\u00f3 en el Trinity College [&hellip;]<\/p>","protected":false},"author":1,"featured_media":0,"parent":0,"menu_order":0,"comment_status":"closed","ping_status":"closed","template":"","meta":{"_uag_custom_page_level_css":"","site-sidebar-layout":"default","site-content-layout":"","ast-site-content-layout":"default","site-content-style":"default","site-sidebar-style":"default","ast-global-header-display":"","ast-banner-title-visibility":"","ast-main-header-display":"","ast-hfb-above-header-display":"","ast-hfb-below-header-display":"","ast-hfb-mobile-header-display":"","site-post-title":"disabled","ast-breadcrumbs-content":"","ast-featured-img":"","footer-sml-layout":"","theme-transparent-header-meta":"","adv-header-id-meta":"","stick-header-meta":"","header-above-stick-meta":"","header-main-stick-meta":"","header-below-stick-meta":"","astra-migrate-meta-layouts":"set","ast-page-background-enabled":"default","ast-page-background-meta":{"desktop":{"background-color":"var(--ast-global-color-4)","background-image":"","background-repeat":"repeat","background-position":"center center","background-size":"auto","background-attachment":"scroll","background-type":"","background-media":"","overlay-type":"","overlay-color":"","overlay-opacity":"","overlay-gradient":""},"tablet":{"background-color":"","background-image":"","background-repeat":"repeat","background-position":"center center","background-size":"auto","background-attachment":"scroll","background-type":"","background-media":"","overlay-type":"","overlay-color":"","overlay-opacity":"","overlay-gradient":""},"mobile":{"background-color":"","background-image":"","background-repeat":"repeat","background-position":"center center","background-size":"auto","background-attachment":"scroll","background-type":"","background-media":"","overlay-type":"","overlay-color":"","overlay-opacity":"","overlay-gradient":""}},"ast-content-background-meta":{"desktop":{"background-color":"var(--ast-global-color-5)","background-image":"","background-repeat":"repeat","background-position":"center center","background-size":"auto","background-attachment":"scroll","background-type":"","background-media":"","overlay-type":"","overlay-color":"","overlay-opacity":"","overlay-gradient":""},"tablet":{"background-color":"var(--ast-global-color-5)","background-image":"","background-repeat":"repeat","background-position":"center center","background-size":"auto","background-attachment":"scroll","background-type":"","background-media":"","overlay-type":"","overlay-color":"","overlay-opacity":"","overlay-gradient":""},"mobile":{"background-color":"var(--ast-global-color-5)","background-image":"","background-repeat":"repeat","background-position":"center center","background-size":"auto","background-attachment":"scroll","background-type":"","background-media":"","overlay-type":"","overlay-color":"","overlay-opacity":"","overlay-gradient":""}},"footnotes":""},"class_list":["post-6835","page","type-page","status-publish","hentry"],"yoast_head":"<!-- This site is optimized with the Yoast SEO Premium plugin v24.2 (Yoast SEO v24.6) - https:\/\/yoast.com\/wordpress\/plugins\/seo\/ -->\n<title>Frederic Myers - Uni\u00f3n Esp\u00edrita<\/title>\n<meta name=\"robots\" content=\"index, follow, max-snippet:-1, max-image-preview:large, max-video-preview:-1\" \/>\n<link rel=\"canonical\" href=\"https:\/\/nuevo-renacer.com\/en\/frederic-myers\/\" \/>\n<meta property=\"og:locale\" content=\"en_GB\" \/>\n<meta property=\"og:type\" content=\"article\" \/>\n<meta property=\"og:title\" content=\"Frederic Myers\" \/>\n<meta property=\"og:description\" content=\"Frederic Myers Naci\u00f3 en Keswick (Cumberland), Inglaterra, el 6 de febrero de 1843, y muri\u00f3 en Roma, Italia, el 17 de enero de 1901. Frederic William Henry Myers, m\u00e1s conocido como Frederic Myers, fue un erudito literario ingl\u00e9s, famoso por sus notables escritos y estudios sobre los fen\u00f3menos esp\u00edritas. Se educ\u00f3 en el Trinity College [&hellip;]\" \/>\n<meta property=\"og:url\" content=\"https:\/\/nuevo-renacer.com\/en\/frederic-myers\/\" \/>\n<meta property=\"og:site_name\" content=\"Uni\u00f3n Esp\u00edrita\" \/>\n<meta property=\"article:publisher\" content=\"https:\/\/www.facebook.com\/groups\/3431398063740829\" \/>\n<meta property=\"article:modified_time\" content=\"2025-01-21T10:39:43+00:00\" \/>\n<meta property=\"og:image\" content=\"https:\/\/nuevo-renacer.com\/wp-content\/uploads\/2025\/01\/Frederic_William_Henry_Myers_by_William_Clarke_Wontner-scaled.jpg\" \/>\n\t<meta property=\"og:image:width\" content=\"2071\" \/>\n\t<meta property=\"og:image:height\" content=\"2560\" \/>\n\t<meta property=\"og:image:type\" content=\"image\/jpeg\" \/>\n<meta name=\"twitter:card\" content=\"summary_large_image\" \/>\n<meta name=\"twitter:label1\" content=\"Estimated reading time\" \/>\n\t<meta name=\"twitter:data1\" content=\"4 minutes\" \/>\n<script type=\"application\/ld+json\" class=\"yoast-schema-graph\">{\"@context\":\"https:\/\/schema.org\",\"@graph\":[{\"@type\":\"WebPage\",\"@id\":\"https:\/\/nuevo-renacer.com\/frederic-myers\/\",\"url\":\"https:\/\/nuevo-renacer.com\/frederic-myers\/\",\"name\":\"Frederic Myers - Uni\u00f3n Esp\u00edrita\",\"isPartOf\":{\"@id\":\"https:\/\/nuevo-renacer.com\/#website\"},\"primaryImageOfPage\":{\"@id\":\"https:\/\/nuevo-renacer.com\/frederic-myers\/#primaryimage\"},\"image\":{\"@id\":\"https:\/\/nuevo-renacer.com\/frederic-myers\/#primaryimage\"},\"thumbnailUrl\":\"https:\/\/nuevo-renacer.com\/wp-content\/uploads\/2025\/01\/Frederic_William_Henry_Myers_by_William_Clarke_Wontner-829x1024.jpg\",\"datePublished\":\"2025-01-21T08:24:17+00:00\",\"dateModified\":\"2025-01-21T10:39:43+00:00\",\"breadcrumb\":{\"@id\":\"https:\/\/nuevo-renacer.com\/frederic-myers\/#breadcrumb\"},\"inLanguage\":\"en-GB\",\"potentialAction\":[{\"@type\":\"ReadAction\",\"target\":[\"https:\/\/nuevo-renacer.com\/frederic-myers\/\"]}]},{\"@type\":\"ImageObject\",\"inLanguage\":\"en-GB\",\"@id\":\"https:\/\/nuevo-renacer.com\/frederic-myers\/#primaryimage\",\"url\":\"https:\/\/nuevo-renacer.com\/wp-content\/uploads\/2025\/01\/Frederic_William_Henry_Myers_by_William_Clarke_Wontner-829x1024.jpg\",\"contentUrl\":\"https:\/\/nuevo-renacer.com\/wp-content\/uploads\/2025\/01\/Frederic_William_Henry_Myers_by_William_Clarke_Wontner-829x1024.jpg\"},{\"@type\":\"BreadcrumbList\",\"@id\":\"https:\/\/nuevo-renacer.com\/frederic-myers\/#breadcrumb\",\"itemListElement\":[{\"@type\":\"ListItem\",\"position\":1,\"name\":\"Startseite\",\"item\":\"https:\/\/nuevo-renacer.com\/\"},{\"@type\":\"ListItem\",\"position\":2,\"name\":\"Frederic Myers\"}]},{\"@type\":\"WebSite\",\"@id\":\"https:\/\/nuevo-renacer.com\/#website\",\"url\":\"https:\/\/nuevo-renacer.com\/\",\"name\":\"Uni\u00f3n Esp\u00edrita\",\"description\":\"Nuevo Renacer\",\"publisher\":{\"@id\":\"https:\/\/nuevo-renacer.com\/#organization\"},\"potentialAction\":[{\"@type\":\"SearchAction\",\"target\":{\"@type\":\"EntryPoint\",\"urlTemplate\":\"https:\/\/nuevo-renacer.com\/?s={search_term_string}\"},\"query-input\":{\"@type\":\"PropertyValueSpecification\",\"valueRequired\":true,\"valueName\":\"search_term_string\"}}],\"inLanguage\":\"en-GB\"},{\"@type\":\"Organization\",\"@id\":\"https:\/\/nuevo-renacer.com\/#organization\",\"name\":\"UFEC\",\"url\":\"https:\/\/nuevo-renacer.com\/\",\"logo\":{\"@type\":\"ImageObject\",\"inLanguage\":\"en-GB\",\"@id\":\"https:\/\/nuevo-renacer.com\/#\/schema\/logo\/image\/\",\"url\":\"https:\/\/nuevo-renacer.com\/wp-content\/uploads\/2024\/05\/cropped-LOGO-TERMINADO1-3-3.png\",\"contentUrl\":\"https:\/\/nuevo-renacer.com\/wp-content\/uploads\/2024\/05\/cropped-LOGO-TERMINADO1-3-3.png\",\"width\":512,\"height\":512,\"caption\":\"UFEC\"},\"image\":{\"@id\":\"https:\/\/nuevo-renacer.com\/#\/schema\/logo\/image\/\"},\"sameAs\":[\"https:\/\/www.facebook.com\/groups\/3431398063740829\"]}]}<\/script>\n<!-- \/ Yoast SEO Premium plugin. -->","yoast_head_json":{"title":"Frederic Myers - Uni\u00f3n Esp\u00edrita","robots":{"index":"index","follow":"follow","max-snippet":"max-snippet:-1","max-image-preview":"max-image-preview:large","max-video-preview":"max-video-preview:-1"},"canonical":"https:\/\/nuevo-renacer.com\/en\/frederic-myers\/","og_locale":"en_GB","og_type":"article","og_title":"Frederic Myers","og_description":"Frederic Myers Naci\u00f3 en Keswick (Cumberland), Inglaterra, el 6 de febrero de 1843, y muri\u00f3 en Roma, Italia, el 17 de enero de 1901. Frederic William Henry Myers, m\u00e1s conocido como Frederic Myers, fue un erudito literario ingl\u00e9s, famoso por sus notables escritos y estudios sobre los fen\u00f3menos esp\u00edritas. Se educ\u00f3 en el Trinity College [&hellip;]","og_url":"https:\/\/nuevo-renacer.com\/en\/frederic-myers\/","og_site_name":"Uni\u00f3n Esp\u00edrita","article_publisher":"https:\/\/www.facebook.com\/groups\/3431398063740829","article_modified_time":"2025-01-21T10:39:43+00:00","og_image":[{"width":2071,"height":2560,"url":"https:\/\/nuevo-renacer.com\/wp-content\/uploads\/2025\/01\/Frederic_William_Henry_Myers_by_William_Clarke_Wontner-scaled.jpg","type":"image\/jpeg"}],"twitter_card":"summary_large_image","twitter_misc":{"Estimated reading time":"4 minutes"},"schema":{"@context":"https:\/\/schema.org","@graph":[{"@type":"WebPage","@id":"https:\/\/nuevo-renacer.com\/frederic-myers\/","url":"https:\/\/nuevo-renacer.com\/frederic-myers\/","name":"Frederic Myers - Uni\u00f3n Esp\u00edrita","isPartOf":{"@id":"https:\/\/nuevo-renacer.com\/#website"},"primaryImageOfPage":{"@id":"https:\/\/nuevo-renacer.com\/frederic-myers\/#primaryimage"},"image":{"@id":"https:\/\/nuevo-renacer.com\/frederic-myers\/#primaryimage"},"thumbnailUrl":"https:\/\/nuevo-renacer.com\/wp-content\/uploads\/2025\/01\/Frederic_William_Henry_Myers_by_William_Clarke_Wontner-829x1024.jpg","datePublished":"2025-01-21T08:24:17+00:00","dateModified":"2025-01-21T10:39:43+00:00","breadcrumb":{"@id":"https:\/\/nuevo-renacer.com\/frederic-myers\/#breadcrumb"},"inLanguage":"en-GB","potentialAction":[{"@type":"ReadAction","target":["https:\/\/nuevo-renacer.com\/frederic-myers\/"]}]},{"@type":"ImageObject","inLanguage":"en-GB","@id":"https:\/\/nuevo-renacer.com\/frederic-myers\/#primaryimage","url":"https:\/\/nuevo-renacer.com\/wp-content\/uploads\/2025\/01\/Frederic_William_Henry_Myers_by_William_Clarke_Wontner-829x1024.jpg","contentUrl":"https:\/\/nuevo-renacer.com\/wp-content\/uploads\/2025\/01\/Frederic_William_Henry_Myers_by_William_Clarke_Wontner-829x1024.jpg"},{"@type":"BreadcrumbList","@id":"https:\/\/nuevo-renacer.com\/frederic-myers\/#breadcrumb","itemListElement":[{"@type":"ListItem","position":1,"name":"Startseite","item":"https:\/\/nuevo-renacer.com\/"},{"@type":"ListItem","position":2,"name":"Frederic Myers"}]},{"@type":"WebSite","@id":"https:\/\/nuevo-renacer.com\/#website","url":"https:\/\/nuevo-renacer.com\/","name":"Uni\u00f3n Esp\u00edrita","description":"Nuevo Renacer","publisher":{"@id":"https:\/\/nuevo-renacer.com\/#organization"},"potentialAction":[{"@type":"SearchAction","target":{"@type":"EntryPoint","urlTemplate":"https:\/\/nuevo-renacer.com\/?s={search_term_string}"},"query-input":{"@type":"PropertyValueSpecification","valueRequired":true,"valueName":"search_term_string"}}],"inLanguage":"en-GB"},{"@type":"Organization","@id":"https:\/\/nuevo-renacer.com\/#organization","name":"UFEC","url":"https:\/\/nuevo-renacer.com\/","logo":{"@type":"ImageObject","inLanguage":"en-GB","@id":"https:\/\/nuevo-renacer.com\/#\/schema\/logo\/image\/","url":"https:\/\/nuevo-renacer.com\/wp-content\/uploads\/2024\/05\/cropped-LOGO-TERMINADO1-3-3.png","contentUrl":"https:\/\/nuevo-renacer.com\/wp-content\/uploads\/2024\/05\/cropped-LOGO-TERMINADO1-3-3.png","width":512,"height":512,"caption":"UFEC"},"image":{"@id":"https:\/\/nuevo-renacer.com\/#\/schema\/logo\/image\/"},"sameAs":["https:\/\/www.facebook.com\/groups\/3431398063740829"]}]}},"uagb_featured_image_src":{"full":false,"thumbnail":false,"medium":false,"medium_large":false,"large":false,"1536x1536":false,"2048x2048":false,"trp-custom-language-flag":false},"uagb_author_info":{"display_name":"adbv0","author_link":"https:\/\/nuevo-renacer.com\/en\/author\/adbv0\/"},"uagb_comment_info":0,"uagb_excerpt":"Frederic Myers Naci\u00f3 en Keswick (Cumberland), Inglaterra, el 6 de febrero de 1843, y muri\u00f3 en Roma, Italia, el 17 de enero de 1901. Frederic William Henry Myers, m\u00e1s conocido como Frederic Myers, fue un erudito literario ingl\u00e9s, famoso por sus notables escritos y estudios sobre los fen\u00f3menos esp\u00edritas. Se educ\u00f3 en el Trinity College&hellip;","jetpack_sharing_enabled":true,"_links":{"self":[{"href":"https:\/\/nuevo-renacer.com\/en\/wp-json\/wp\/v2\/pages\/6835","targetHints":{"allow":["GET"]}}],"collection":[{"href":"https:\/\/nuevo-renacer.com\/en\/wp-json\/wp\/v2\/pages"}],"about":[{"href":"https:\/\/nuevo-renacer.com\/en\/wp-json\/wp\/v2\/types\/page"}],"author":[{"embeddable":true,"href":"https:\/\/nuevo-renacer.com\/en\/wp-json\/wp\/v2\/users\/1"}],"replies":[{"embeddable":true,"href":"https:\/\/nuevo-renacer.com\/en\/wp-json\/wp\/v2\/comments?post=6835"}],"version-history":[{"count":5,"href":"https:\/\/nuevo-renacer.com\/en\/wp-json\/wp\/v2\/pages\/6835\/revisions"}],"predecessor-version":[{"id":6844,"href":"https:\/\/nuevo-renacer.com\/en\/wp-json\/wp\/v2\/pages\/6835\/revisions\/6844"}],"wp:attachment":[{"href":"https:\/\/nuevo-renacer.com\/en\/wp-json\/wp\/v2\/media?parent=6835"}],"curies":[{"name":"wp","href":"https:\/\/api.w.org\/{rel}","templated":true}]}}